{"id":78669,"date":"2023-02-28T01:12:51","date_gmt":"2023-02-28T00:12:51","guid":{"rendered":"http:\/\/shop.bantam.ch\/produit\/dachfenster-heki-3-ohne-beleuchtung\/"},"modified":"2026-04-20T21:22:35","modified_gmt":"2026-04-20T19:22:35","slug":"dachfenster-heki-3-ohne-beleuchtung","status":"publish","type":"product","link":"https:\/\/shop.bantam.ch\/de\/produkt\/dachfenster-heki-3-ohne-beleuchtung\/","title":{"rendered":"Dachhaube Dometic Heki 3 Kurbel, Ausschnittma\u00df 96,0 x 65,5 cm ohne Zwangs- bel\u00fcftung, ohne Beleuchtung"},"content":{"rendered":"<p>Das Dometic Heki 3plus Dachfenster bietet Ihrem Wohnwagen oder Wohnmobil das gewisse Extra an Komfort. Das Fliegengitter aus schwarzem Gazestoff l\u00e4sst n\u00e4mlich frische Lust herein kann und h\u00e4lt Insekten drau\u00dfen. Der Rahmen besteht aus solidem, wetterfestem Kunststoff. Das doppelt plissierte Duette Wabenrollo wird an der Seite montiert, um Sie vor der Sonne zu sch\u00fctzen. Mit sicherem Verschlusssystem f\u00fcr absolute Sorgenfreiheit.<\/p>\n<p>Wenn Sie in Ihrem Wohnmobil oder Wohnwagen Wert auf viel Tageslicht und frische Luft legen, ist dieses stabile Kippdachfenster goldrichtig f\u00fcr Sie. Neben vielen weiteren Vorteilen sch\u00fctzt Sie das doppelt plissierte Duette Wabenrollo optimal vor der Sonne<\/p>\n<ul>\n<li>Ohne Beleuchtung<\/li>\n<li>Blende aus doppelt plissiertem Duette Wabenmaterial<\/li>\n<li>Fliegengitter aus plissierter, schwarzer Gaze<\/li>\n<li>Doppelte Acrylverglasung<\/li>\n<\/ul>\n<ul>\n<li>F\u00fcr Reisemobil und Wohnwagen<\/li>\n<li>Bedienung: Kurbel<\/li>\n<li>Raststellungen: stufenlos<\/li>\n<li>Max. \u00d6ffnungswinkel: 70\u00b0<\/li>\n<li>Doppelte Verglasung<\/li>\n<li>Verdunklung: Duette<\/li>\n<li>Insektenschutz: einfach plissiert<\/li>\n<li>Rahmenmaterial: ASA<\/li>\n<li>Ausschnittma\u00df: 96 x 65,5 cm<\/li>\n<li>Standard-Dachst\u00e4rke: 2,5- 3,2 cm<\/li>\n<li>M\u00f6gliche Dachst\u00e4rke: 3,3 &#8211; 6 cm<\/li>\n<li>Ohne Zwangsbel\u00fcftung<\/li>\n<\/ul>\n","protected":false},"excerpt":{"rendered":"<p>Das Dometic Heki 3plus Dachfenster bietet Ihrem Wohnwagen oder Wohnmobil das gewisse Extra an Komfort. Das Fliegengitter aus schwarzem Gazestoff l\u00e4sst n\u00e4mlich frische Lust herein kann und h\u00e4lt Insekten drau\u00dfen. Der Rahmen besteht aus solidem, wetterfestem Kunststoff. Das doppelt plissierte Duette Wabenrollo wird an der Seite montiert, um Sie vor der Sonne zu sch\u00fctzen. Mit [&hellip;]<\/p>\n","protected":false},"featured_media":78665,"template":"","meta":{"_acf_changed":false},"product_featured_cat":[],"product_brand":[3029],"product_cat":[4648],"product_tag":[],"class_list":{"0":"post-78669","1":"product","2":"type-product","3":"status-publish","4":"has-post-thumbnail","6":"product_brand-dometic-de","7":"product_cat-dachfenster","9":"first","10":"instock","11":"taxable","12":"shipping-taxable","13":"purchasable","14":"product-type-simple"},"acf":[],"yoast_head":"<!-- This site is optimized with the Yoast SEO plugin v27.4 - https:\/\/yoast.com\/product\/yoast-seo-wordpress\/ -->\n<title>Dachhaube Dometic Heki 3 Kurbel, Ausschnittma\u00df 96,0 x 65,5 cm ohne Zwangs- bel\u00fcftung, ohne Beleuchtung - Bantam Camping AG<\/title>\n<meta name=\"robots\" content=\"index, follow, max-snippet:-1, max-image-preview:large, max-video-preview:-1\" \/>\n<link rel=\"canonical\" href=\"https:\/\/shop.bantam.ch\/de\/produkt\/dachfenster-heki-3-ohne-beleuchtung\/\" \/>\n<meta property=\"og:locale\" content=\"de_DE\" \/>\n<meta property=\"og:type\" content=\"article\" \/>\n<meta property=\"og:title\" content=\"Dachhaube Dometic Heki 3 Kurbel, Ausschnittma\u00df 96,0 x 65,5 cm ohne Zwangs- bel\u00fcftung, ohne Beleuchtung - Bantam Camping AG\" \/>\n<meta property=\"og:description\" content=\"Das Dometic Heki 3plus Dachfenster bietet Ihrem Wohnwagen oder Wohnmobil das gewisse Extra an Komfort. Das Fliegengitter aus schwarzem Gazestoff l\u00e4sst n\u00e4mlich frische Lust herein kann und h\u00e4lt Insekten drau\u00dfen. Der Rahmen besteht aus solidem, wetterfestem Kunststoff. Das doppelt plissierte Duette Wabenrollo wird an der Seite montiert, um Sie vor der Sonne zu sch\u00fctzen. Mit [&hellip;]\" \/>\n<meta property=\"og:url\" content=\"https:\/\/shop.bantam.ch\/de\/produkt\/dachfenster-heki-3-ohne-beleuchtung\/\" \/>\n<meta property=\"og:site_name\" content=\"Bantam Camping AG\" \/>\n<meta property=\"article:modified_time\" content=\"2026-04-20T19:22:35+00:00\" \/>\n<meta property=\"og:image\" content=\"https:\/\/shop.bantam.ch\/wp-content\/uploads\/2023\/02\/9942642-100-1-3.jpg\" \/>\n\t<meta property=\"og:image:width\" content=\"500\" \/>\n\t<meta property=\"og:image:height\" content=\"500\" \/>\n\t<meta property=\"og:image:type\" content=\"image\/jpeg\" \/>\n<meta name=\"twitter:card\" content=\"summary_large_image\" \/>\n<meta name=\"twitter:label1\" content=\"Gesch\u00e4tzte Lesezeit\" \/>\n\t<meta name=\"twitter:data1\" content=\"1\u00a0Minute\" \/>\n<script type=\"application\/ld+json\" class=\"yoast-schema-graph\">{\"@context\":\"https:\\\/\\\/schema.org\",\"@graph\":[{\"@type\":\"WebPage\",\"@id\":\"https:\\\/\\\/shop.bantam.ch\\\/de\\\/produkt\\\/dachfenster-heki-3-ohne-beleuchtung\\\/\",\"url\":\"https:\\\/\\\/shop.bantam.ch\\\/de\\\/produkt\\\/dachfenster-heki-3-ohne-beleuchtung\\\/\",\"name\":\"Dachhaube Dometic Heki 3 Kurbel, Ausschnittma\u00df 96,0 x 65,5 cm ohne Zwangs- bel\u00fcftung, ohne Beleuchtung - Bantam Camping AG\",\"isPartOf\":{\"@id\":\"https:\\\/\\\/shop.bantam.ch\\\/de\\\/#website\"},\"primaryImageOfPage\":{\"@id\":\"https:\\\/\\\/shop.bantam.ch\\\/de\\\/produkt\\\/dachfenster-heki-3-ohne-beleuchtung\\\/#primaryimage\"},\"image\":{\"@id\":\"https:\\\/\\\/shop.bantam.ch\\\/de\\\/produkt\\\/dachfenster-heki-3-ohne-beleuchtung\\\/#primaryimage\"},\"thumbnailUrl\":\"https:\\\/\\\/shop.bantam.ch\\\/wp-content\\\/uploads\\\/2023\\\/02\\\/9942642-100-1-3.jpg\",\"datePublished\":\"2023-02-28T00:12:51+00:00\",\"dateModified\":\"2026-04-20T19:22:35+00:00\",\"breadcrumb\":{\"@id\":\"https:\\\/\\\/shop.bantam.ch\\\/de\\\/produkt\\\/dachfenster-heki-3-ohne-beleuchtung\\\/#breadcrumb\"},\"inLanguage\":\"de\",\"potentialAction\":[{\"@type\":\"ReadAction\",\"target\":[\"https:\\\/\\\/shop.bantam.ch\\\/de\\\/produkt\\\/dachfenster-heki-3-ohne-beleuchtung\\\/\"]}]},{\"@type\":\"ImageObject\",\"inLanguage\":\"de\",\"@id\":\"https:\\\/\\\/shop.bantam.ch\\\/de\\\/produkt\\\/dachfenster-heki-3-ohne-beleuchtung\\\/#primaryimage\",\"url\":\"https:\\\/\\\/shop.bantam.ch\\\/wp-content\\\/uploads\\\/2023\\\/02\\\/9942642-100-1-3.jpg\",\"contentUrl\":\"https:\\\/\\\/shop.bantam.ch\\\/wp-content\\\/uploads\\\/2023\\\/02\\\/9942642-100-1-3.jpg\",\"width\":500,\"height\":500},{\"@type\":\"BreadcrumbList\",\"@id\":\"https:\\\/\\\/shop.bantam.ch\\\/de\\\/produkt\\\/dachfenster-heki-3-ohne-beleuchtung\\\/#breadcrumb\",\"itemListElement\":[{\"@type\":\"ListItem\",\"position\":1,\"name\":\"Accueil\",\"item\":\"https:\\\/\\\/shop.bantam.ch\\\/de\\\/\"},{\"@type\":\"ListItem\",\"position\":2,\"name\":\"Shop\",\"item\":\"https:\\\/\\\/shop.bantam.ch\\\/de\\\/shop\\\/\"},{\"@type\":\"ListItem\",\"position\":3,\"name\":\"Dachhaube Dometic Heki 3 Kurbel, Ausschnittma\u00df 96,0 x 65,5 cm ohne Zwangs- bel\u00fcftung, ohne Beleuchtung\"}]},{\"@type\":\"WebSite\",\"@id\":\"https:\\\/\\\/shop.bantam.ch\\\/de\\\/#website\",\"url\":\"https:\\\/\\\/shop.bantam.ch\\\/de\\\/\",\"name\":\"Bantam Camping AG\",\"description\":\"\",\"publisher\":{\"@id\":\"https:\\\/\\\/shop.bantam.ch\\\/de\\\/#organization\"},\"inLanguage\":\"de\"},{\"@type\":\"Organization\",\"@id\":\"https:\\\/\\\/shop.bantam.ch\\\/de\\\/#organization\",\"name\":\"Bantam Camping AG\",\"url\":\"https:\\\/\\\/shop.bantam.ch\\\/de\\\/\",\"logo\":{\"@type\":\"ImageObject\",\"inLanguage\":\"de\",\"@id\":\"https:\\\/\\\/shop.bantam.ch\\\/de\\\/#\\\/schema\\\/logo\\\/image\\\/\",\"url\":\"https:\\\/\\\/shop.bantam.ch\\\/wp-content\\\/uploads\\\/2022\\\/12\\\/bantam-logo.png\",\"contentUrl\":\"https:\\\/\\\/shop.bantam.ch\\\/wp-content\\\/uploads\\\/2022\\\/12\\\/bantam-logo.png\",\"width\":320,\"height\":71,\"caption\":\"Bantam Camping AG\"},\"image\":{\"@id\":\"https:\\\/\\\/shop.bantam.ch\\\/de\\\/#\\\/schema\\\/logo\\\/image\\\/\"}}]}<\/script>\n<!-- \/ Yoast SEO plugin. -->","yoast_head_json":{"title":"Dachhaube Dometic Heki 3 Kurbel, Ausschnittma\u00df 96,0 x 65,5 cm ohne Zwangs- bel\u00fcftung, ohne Beleuchtung - Bantam Camping AG","robots":{"index":"index","follow":"follow","max-snippet":"max-snippet:-1","max-image-preview":"max-image-preview:large","max-video-preview":"max-video-preview:-1"},"canonical":"https:\/\/shop.bantam.ch\/de\/produkt\/dachfenster-heki-3-ohne-beleuchtung\/","og_locale":"de_DE","og_type":"article","og_title":"Dachhaube Dometic Heki 3 Kurbel, Ausschnittma\u00df 96,0 x 65,5 cm ohne Zwangs- bel\u00fcftung, ohne Beleuchtung - Bantam Camping AG","og_description":"Das Dometic Heki 3plus Dachfenster bietet Ihrem Wohnwagen oder Wohnmobil das gewisse Extra an Komfort. Das Fliegengitter aus schwarzem Gazestoff l\u00e4sst n\u00e4mlich frische Lust herein kann und h\u00e4lt Insekten drau\u00dfen. Der Rahmen besteht aus solidem, wetterfestem Kunststoff. Das doppelt plissierte Duette Wabenrollo wird an der Seite montiert, um Sie vor der Sonne zu sch\u00fctzen. Mit [&hellip;]","og_url":"https:\/\/shop.bantam.ch\/de\/produkt\/dachfenster-heki-3-ohne-beleuchtung\/","og_site_name":"Bantam Camping AG","article_modified_time":"2026-04-20T19:22:35+00:00","og_image":[{"width":500,"height":500,"url":"https:\/\/shop.bantam.ch\/wp-content\/uploads\/2023\/02\/9942642-100-1-3.jpg","type":"image\/jpeg"}],"twitter_card":"summary_large_image","twitter_misc":{"Gesch\u00e4tzte Lesezeit":"1\u00a0Minute"},"schema":{"@context":"https:\/\/schema.org","@graph":[{"@type":"WebPage","@id":"https:\/\/shop.bantam.ch\/de\/produkt\/dachfenster-heki-3-ohne-beleuchtung\/","url":"https:\/\/shop.bantam.ch\/de\/produkt\/dachfenster-heki-3-ohne-beleuchtung\/","name":"Dachhaube Dometic Heki 3 Kurbel, Ausschnittma\u00df 96,0 x 65,5 cm ohne Zwangs- bel\u00fcftung, ohne Beleuchtung - Bantam Camping AG","isPartOf":{"@id":"https:\/\/shop.bantam.ch\/de\/#website"},"primaryImageOfPage":{"@id":"https:\/\/shop.bantam.ch\/de\/produkt\/dachfenster-heki-3-ohne-beleuchtung\/#primaryimage"},"image":{"@id":"https:\/\/shop.bantam.ch\/de\/produkt\/dachfenster-heki-3-ohne-beleuchtung\/#primaryimage"},"thumbnailUrl":"https:\/\/shop.bantam.ch\/wp-content\/uploads\/2023\/02\/9942642-100-1-3.jpg","datePublished":"2023-02-28T00:12:51+00:00","dateModified":"2026-04-20T19:22:35+00:00","breadcrumb":{"@id":"https:\/\/shop.bantam.ch\/de\/produkt\/dachfenster-heki-3-ohne-beleuchtung\/#breadcrumb"},"inLanguage":"de","potentialAction":[{"@type":"ReadAction","target":["https:\/\/shop.bantam.ch\/de\/produkt\/dachfenster-heki-3-ohne-beleuchtung\/"]}]},{"@type":"ImageObject","inLanguage":"de","@id":"https:\/\/shop.bantam.ch\/de\/produkt\/dachfenster-heki-3-ohne-beleuchtung\/#primaryimage","url":"https:\/\/shop.bantam.ch\/wp-content\/uploads\/2023\/02\/9942642-100-1-3.jpg","contentUrl":"https:\/\/shop.bantam.ch\/wp-content\/uploads\/2023\/02\/9942642-100-1-3.jpg","width":500,"height":500},{"@type":"BreadcrumbList","@id":"https:\/\/shop.bantam.ch\/de\/produkt\/dachfenster-heki-3-ohne-beleuchtung\/#breadcrumb","itemListElement":[{"@type":"ListItem","position":1,"name":"Accueil","item":"https:\/\/shop.bantam.ch\/de\/"},{"@type":"ListItem","position":2,"name":"Shop","item":"https:\/\/shop.bantam.ch\/de\/shop\/"},{"@type":"ListItem","position":3,"name":"Dachhaube Dometic Heki 3 Kurbel, Ausschnittma\u00df 96,0 x 65,5 cm ohne Zwangs- bel\u00fcftung, ohne Beleuchtung"}]},{"@type":"WebSite","@id":"https:\/\/shop.bantam.ch\/de\/#website","url":"https:\/\/shop.bantam.ch\/de\/","name":"Bantam Camping AG","description":"","publisher":{"@id":"https:\/\/shop.bantam.ch\/de\/#organization"},"inLanguage":"de"},{"@type":"Organization","@id":"https:\/\/shop.bantam.ch\/de\/#organization","name":"Bantam Camping AG","url":"https:\/\/shop.bantam.ch\/de\/","logo":{"@type":"ImageObject","inLanguage":"de","@id":"https:\/\/shop.bantam.ch\/de\/#\/schema\/logo\/image\/","url":"https:\/\/shop.bantam.ch\/wp-content\/uploads\/2022\/12\/bantam-logo.png","contentUrl":"https:\/\/shop.bantam.ch\/wp-content\/uploads\/2022\/12\/bantam-logo.png","width":320,"height":71,"caption":"Bantam Camping AG"},"image":{"@id":"https:\/\/shop.bantam.ch\/de\/#\/schema\/logo\/image\/"}}]}},"_links":{"self":[{"href":"https:\/\/shop.bantam.ch\/de\/wp-json\/wp\/v2\/product\/78669","targetHints":{"allow":["GET"]}}],"collection":[{"href":"https:\/\/shop.bantam.ch\/de\/wp-json\/wp\/v2\/product"}],"about":[{"href":"https:\/\/shop.bantam.ch\/de\/wp-json\/wp\/v2\/types\/product"}],"wp:featuredmedia":[{"embeddable":true,"href":"https:\/\/shop.bantam.ch\/de\/wp-json\/wp\/v2\/media\/78665"}],"wp:attachment":[{"href":"https:\/\/shop.bantam.ch\/de\/wp-json\/wp\/v2\/media?parent=78669"}],"wp:term":[{"taxonomy":"product_featured_cat","embeddable":true,"href":"https:\/\/shop.bantam.ch\/de\/wp-json\/wp\/v2\/product_featured_cat?post=78669"},{"taxonomy":"product_brand","embeddable":true,"href":"https:\/\/shop.bantam.ch\/de\/wp-json\/wp\/v2\/product_brand?post=78669"},{"taxonomy":"product_cat","embeddable":true,"href":"https:\/\/shop.bantam.ch\/de\/wp-json\/wp\/v2\/product_cat?post=78669"},{"taxonomy":"product_tag","embeddable":true,"href":"https:\/\/shop.bantam.ch\/de\/wp-json\/wp\/v2\/product_tag?post=78669"}],"curies":[{"name":"wp","href":"https:\/\/api.w.org\/{rel}","templated":true}]}}