{"id":78655,"date":"2023-02-28T01:12:35","date_gmt":"2023-02-28T00:12:35","guid":{"rendered":"http:\/\/shop.bantam.ch\/produit\/deichselschutzhaube-movera-gr-12\/"},"modified":"2026-04-18T21:22:48","modified_gmt":"2026-04-18T19:22:48","slug":"deichselschutzhaube-movera-gr-12","status":"publish","type":"product","link":"https:\/\/shop.bantam.ch\/de\/produkt\/deichselschutzhaube-movera-gr-12\/","title":{"rendered":"Deichselschutzhaube Movera Gr. 12 Farbe hellgrau"},"content":{"rendered":"<p>Bei bestem Preis-Leistungsverh\u00e4ltnis bietet die Taschenform der Deichselhaube problemloses Aufziehen, bestm\u00f6glichen Sitz, und einen umfassenden Schmier- und Fettschutz. Gen\u00e4hte Ausf\u00fchrung, randverst\u00e4rkt mit dunkelblauem Einfassband und praktischem Gummispanner.<\/p>\n<p>Gr\u00f6\u00dfe 12 ist passend f\u00fcr alle g\u00e4ngigen Fahrzeugmodelle.<\/p>\n","protected":false},"excerpt":{"rendered":"<p>Bei bestem Preis-Leistungsverh\u00e4ltnis bietet die Taschenform der Deichselhaube problemloses Aufziehen, bestm\u00f6glichen Sitz, und einen umfassenden Schmier- und Fettschutz. Gen\u00e4hte Ausf\u00fchrung, randverst\u00e4rkt mit dunkelblauem Einfassband und praktischem Gummispanner. Gr\u00f6\u00dfe 12 ist passend f\u00fcr alle g\u00e4ngigen Fahrzeugmodelle.<\/p>\n","protected":false},"featured_media":78653,"template":"","meta":{"_acf_changed":false},"product_featured_cat":[],"product_brand":[3041],"product_cat":[4644],"product_tag":[],"class_list":{"0":"post-78655","1":"product","2":"type-product","3":"status-publish","4":"has-post-thumbnail","6":"product_brand-hindermann-de","7":"product_cat-schutzhuellen","9":"first","10":"instock","11":"taxable","12":"shipping-taxable","13":"purchasable","14":"product-type-simple"},"acf":[],"yoast_head":"<!-- This site is optimized with the Yoast SEO plugin v27.4 - https:\/\/yoast.com\/product\/yoast-seo-wordpress\/ -->\n<title>Deichselschutzhaube Movera Gr. 12 Farbe hellgrau - Bantam Camping AG<\/title>\n<meta name=\"robots\" content=\"index, follow, max-snippet:-1, max-image-preview:large, max-video-preview:-1\" \/>\n<link rel=\"canonical\" href=\"https:\/\/shop.bantam.ch\/de\/produkt\/deichselschutzhaube-movera-gr-12\/\" \/>\n<meta property=\"og:locale\" content=\"de_DE\" \/>\n<meta property=\"og:type\" content=\"article\" \/>\n<meta property=\"og:title\" content=\"Deichselschutzhaube Movera Gr. 12 Farbe hellgrau - Bantam Camping AG\" \/>\n<meta property=\"og:description\" content=\"Bei bestem Preis-Leistungsverh\u00e4ltnis bietet die Taschenform der Deichselhaube problemloses Aufziehen, bestm\u00f6glichen Sitz, und einen umfassenden Schmier- und Fettschutz. Gen\u00e4hte Ausf\u00fchrung, randverst\u00e4rkt mit dunkelblauem Einfassband und praktischem Gummispanner. Gr\u00f6\u00dfe 12 ist passend f\u00fcr alle g\u00e4ngigen Fahrzeugmodelle.\" \/>\n<meta property=\"og:url\" content=\"https:\/\/shop.bantam.ch\/de\/produkt\/deichselschutzhaube-movera-gr-12\/\" \/>\n<meta property=\"og:site_name\" content=\"Bantam Camping AG\" \/>\n<meta property=\"article:modified_time\" content=\"2026-04-18T19:22:48+00:00\" \/>\n<meta property=\"og:image\" content=\"https:\/\/shop.bantam.ch\/wp-content\/uploads\/2023\/02\/994262611.jpg\" \/>\n\t<meta property=\"og:image:width\" content=\"1000\" \/>\n\t<meta property=\"og:image:height\" content=\"715\" \/>\n\t<meta property=\"og:image:type\" content=\"image\/jpeg\" \/>\n<meta name=\"twitter:card\" content=\"summary_large_image\" \/>\n<script type=\"application\/ld+json\" class=\"yoast-schema-graph\">{\"@context\":\"https:\\\/\\\/schema.org\",\"@graph\":[{\"@type\":\"WebPage\",\"@id\":\"https:\\\/\\\/shop.bantam.ch\\\/de\\\/produkt\\\/deichselschutzhaube-movera-gr-12\\\/\",\"url\":\"https:\\\/\\\/shop.bantam.ch\\\/de\\\/produkt\\\/deichselschutzhaube-movera-gr-12\\\/\",\"name\":\"Deichselschutzhaube Movera Gr. 12 Farbe hellgrau - Bantam Camping AG\",\"isPartOf\":{\"@id\":\"https:\\\/\\\/shop.bantam.ch\\\/de\\\/#website\"},\"primaryImageOfPage\":{\"@id\":\"https:\\\/\\\/shop.bantam.ch\\\/de\\\/produkt\\\/deichselschutzhaube-movera-gr-12\\\/#primaryimage\"},\"image\":{\"@id\":\"https:\\\/\\\/shop.bantam.ch\\\/de\\\/produkt\\\/deichselschutzhaube-movera-gr-12\\\/#primaryimage\"},\"thumbnailUrl\":\"https:\\\/\\\/shop.bantam.ch\\\/wp-content\\\/uploads\\\/2023\\\/02\\\/994262611.jpg\",\"datePublished\":\"2023-02-28T00:12:35+00:00\",\"dateModified\":\"2026-04-18T19:22:48+00:00\",\"breadcrumb\":{\"@id\":\"https:\\\/\\\/shop.bantam.ch\\\/de\\\/produkt\\\/deichselschutzhaube-movera-gr-12\\\/#breadcrumb\"},\"inLanguage\":\"de\",\"potentialAction\":[{\"@type\":\"ReadAction\",\"target\":[\"https:\\\/\\\/shop.bantam.ch\\\/de\\\/produkt\\\/deichselschutzhaube-movera-gr-12\\\/\"]}]},{\"@type\":\"ImageObject\",\"inLanguage\":\"de\",\"@id\":\"https:\\\/\\\/shop.bantam.ch\\\/de\\\/produkt\\\/deichselschutzhaube-movera-gr-12\\\/#primaryimage\",\"url\":\"https:\\\/\\\/shop.bantam.ch\\\/wp-content\\\/uploads\\\/2023\\\/02\\\/994262611.jpg\",\"contentUrl\":\"https:\\\/\\\/shop.bantam.ch\\\/wp-content\\\/uploads\\\/2023\\\/02\\\/994262611.jpg\",\"width\":1000,\"height\":715},{\"@type\":\"BreadcrumbList\",\"@id\":\"https:\\\/\\\/shop.bantam.ch\\\/de\\\/produkt\\\/deichselschutzhaube-movera-gr-12\\\/#breadcrumb\",\"itemListElement\":[{\"@type\":\"ListItem\",\"position\":1,\"name\":\"Accueil\",\"item\":\"https:\\\/\\\/shop.bantam.ch\\\/de\\\/\"},{\"@type\":\"ListItem\",\"position\":2,\"name\":\"Shop\",\"item\":\"https:\\\/\\\/shop.bantam.ch\\\/de\\\/shop\\\/\"},{\"@type\":\"ListItem\",\"position\":3,\"name\":\"Deichselschutzhaube Movera Gr. 12 Farbe hellgrau\"}]},{\"@type\":\"WebSite\",\"@id\":\"https:\\\/\\\/shop.bantam.ch\\\/de\\\/#website\",\"url\":\"https:\\\/\\\/shop.bantam.ch\\\/de\\\/\",\"name\":\"Bantam Camping AG\",\"description\":\"\",\"publisher\":{\"@id\":\"https:\\\/\\\/shop.bantam.ch\\\/de\\\/#organization\"},\"inLanguage\":\"de\"},{\"@type\":\"Organization\",\"@id\":\"https:\\\/\\\/shop.bantam.ch\\\/de\\\/#organization\",\"name\":\"Bantam Camping AG\",\"url\":\"https:\\\/\\\/shop.bantam.ch\\\/de\\\/\",\"logo\":{\"@type\":\"ImageObject\",\"inLanguage\":\"de\",\"@id\":\"https:\\\/\\\/shop.bantam.ch\\\/de\\\/#\\\/schema\\\/logo\\\/image\\\/\",\"url\":\"https:\\\/\\\/shop.bantam.ch\\\/wp-content\\\/uploads\\\/2022\\\/12\\\/bantam-logo.png\",\"contentUrl\":\"https:\\\/\\\/shop.bantam.ch\\\/wp-content\\\/uploads\\\/2022\\\/12\\\/bantam-logo.png\",\"width\":320,\"height\":71,\"caption\":\"Bantam Camping AG\"},\"image\":{\"@id\":\"https:\\\/\\\/shop.bantam.ch\\\/de\\\/#\\\/schema\\\/logo\\\/image\\\/\"}}]}<\/script>\n<!-- \/ Yoast SEO plugin. -->","yoast_head_json":{"title":"Deichselschutzhaube Movera Gr. 12 Farbe hellgrau - Bantam Camping AG","robots":{"index":"index","follow":"follow","max-snippet":"max-snippet:-1","max-image-preview":"max-image-preview:large","max-video-preview":"max-video-preview:-1"},"canonical":"https:\/\/shop.bantam.ch\/de\/produkt\/deichselschutzhaube-movera-gr-12\/","og_locale":"de_DE","og_type":"article","og_title":"Deichselschutzhaube Movera Gr. 12 Farbe hellgrau - Bantam Camping AG","og_description":"Bei bestem Preis-Leistungsverh\u00e4ltnis bietet die Taschenform der Deichselhaube problemloses Aufziehen, bestm\u00f6glichen Sitz, und einen umfassenden Schmier- und Fettschutz. Gen\u00e4hte Ausf\u00fchrung, randverst\u00e4rkt mit dunkelblauem Einfassband und praktischem Gummispanner. Gr\u00f6\u00dfe 12 ist passend f\u00fcr alle g\u00e4ngigen Fahrzeugmodelle.","og_url":"https:\/\/shop.bantam.ch\/de\/produkt\/deichselschutzhaube-movera-gr-12\/","og_site_name":"Bantam Camping AG","article_modified_time":"2026-04-18T19:22:48+00:00","og_image":[{"width":1000,"height":715,"url":"https:\/\/shop.bantam.ch\/wp-content\/uploads\/2023\/02\/994262611.jpg","type":"image\/jpeg"}],"twitter_card":"summary_large_image","schema":{"@context":"https:\/\/schema.org","@graph":[{"@type":"WebPage","@id":"https:\/\/shop.bantam.ch\/de\/produkt\/deichselschutzhaube-movera-gr-12\/","url":"https:\/\/shop.bantam.ch\/de\/produkt\/deichselschutzhaube-movera-gr-12\/","name":"Deichselschutzhaube Movera Gr. 12 Farbe hellgrau - Bantam Camping AG","isPartOf":{"@id":"https:\/\/shop.bantam.ch\/de\/#website"},"primaryImageOfPage":{"@id":"https:\/\/shop.bantam.ch\/de\/produkt\/deichselschutzhaube-movera-gr-12\/#primaryimage"},"image":{"@id":"https:\/\/shop.bantam.ch\/de\/produkt\/deichselschutzhaube-movera-gr-12\/#primaryimage"},"thumbnailUrl":"https:\/\/shop.bantam.ch\/wp-content\/uploads\/2023\/02\/994262611.jpg","datePublished":"2023-02-28T00:12:35+00:00","dateModified":"2026-04-18T19:22:48+00:00","breadcrumb":{"@id":"https:\/\/shop.bantam.ch\/de\/produkt\/deichselschutzhaube-movera-gr-12\/#breadcrumb"},"inLanguage":"de","potentialAction":[{"@type":"ReadAction","target":["https:\/\/shop.bantam.ch\/de\/produkt\/deichselschutzhaube-movera-gr-12\/"]}]},{"@type":"ImageObject","inLanguage":"de","@id":"https:\/\/shop.bantam.ch\/de\/produkt\/deichselschutzhaube-movera-gr-12\/#primaryimage","url":"https:\/\/shop.bantam.ch\/wp-content\/uploads\/2023\/02\/994262611.jpg","contentUrl":"https:\/\/shop.bantam.ch\/wp-content\/uploads\/2023\/02\/994262611.jpg","width":1000,"height":715},{"@type":"BreadcrumbList","@id":"https:\/\/shop.bantam.ch\/de\/produkt\/deichselschutzhaube-movera-gr-12\/#breadcrumb","itemListElement":[{"@type":"ListItem","position":1,"name":"Accueil","item":"https:\/\/shop.bantam.ch\/de\/"},{"@type":"ListItem","position":2,"name":"Shop","item":"https:\/\/shop.bantam.ch\/de\/shop\/"},{"@type":"ListItem","position":3,"name":"Deichselschutzhaube Movera Gr. 12 Farbe hellgrau"}]},{"@type":"WebSite","@id":"https:\/\/shop.bantam.ch\/de\/#website","url":"https:\/\/shop.bantam.ch\/de\/","name":"Bantam Camping AG","description":"","publisher":{"@id":"https:\/\/shop.bantam.ch\/de\/#organization"},"inLanguage":"de"},{"@type":"Organization","@id":"https:\/\/shop.bantam.ch\/de\/#organization","name":"Bantam Camping AG","url":"https:\/\/shop.bantam.ch\/de\/","logo":{"@type":"ImageObject","inLanguage":"de","@id":"https:\/\/shop.bantam.ch\/de\/#\/schema\/logo\/image\/","url":"https:\/\/shop.bantam.ch\/wp-content\/uploads\/2022\/12\/bantam-logo.png","contentUrl":"https:\/\/shop.bantam.ch\/wp-content\/uploads\/2022\/12\/bantam-logo.png","width":320,"height":71,"caption":"Bantam Camping AG"},"image":{"@id":"https:\/\/shop.bantam.ch\/de\/#\/schema\/logo\/image\/"}}]}},"_links":{"self":[{"href":"https:\/\/shop.bantam.ch\/de\/wp-json\/wp\/v2\/product\/78655","targetHints":{"allow":["GET"]}}],"collection":[{"href":"https:\/\/shop.bantam.ch\/de\/wp-json\/wp\/v2\/product"}],"about":[{"href":"https:\/\/shop.bantam.ch\/de\/wp-json\/wp\/v2\/types\/product"}],"wp:featuredmedia":[{"embeddable":true,"href":"https:\/\/shop.bantam.ch\/de\/wp-json\/wp\/v2\/media\/78653"}],"wp:attachment":[{"href":"https:\/\/shop.bantam.ch\/de\/wp-json\/wp\/v2\/media?parent=78655"}],"wp:term":[{"taxonomy":"product_featured_cat","embeddable":true,"href":"https:\/\/shop.bantam.ch\/de\/wp-json\/wp\/v2\/product_featured_cat?post=78655"},{"taxonomy":"product_brand","embeddable":true,"href":"https:\/\/shop.bantam.ch\/de\/wp-json\/wp\/v2\/product_brand?post=78655"},{"taxonomy":"product_cat","embeddable":true,"href":"https:\/\/shop.bantam.ch\/de\/wp-json\/wp\/v2\/product_cat?post=78655"},{"taxonomy":"product_tag","embeddable":true,"href":"https:\/\/shop.bantam.ch\/de\/wp-json\/wp\/v2\/product_tag?post=78655"}],"curies":[{"name":"wp","href":"https:\/\/api.w.org\/{rel}","templated":true}]}}