{"id":78615,"date":"2023-02-28T01:11:51","date_gmt":"2023-02-28T00:11:51","guid":{"rendered":"http:\/\/shop.bantam.ch\/produit\/schutztasche-fuer-toilettencassette-c200-c250-hellgrau-anthrazit\/"},"modified":"2026-04-20T21:22:21","modified_gmt":"2026-04-20T19:22:21","slug":"schutztasche-fuer-toilettencassette-c200-c250-hellgrau-anthrazit","status":"publish","type":"product","link":"https:\/\/shop.bantam.ch\/de\/produkt\/schutztasche-fuer-toilettencassette-c200-c250-hellgrau-anthrazit\/","title":{"rendered":"Schutztasche Hindermann f\u00fcr Toilettencassette C200 + C250 Farbe hellgrau \/ anthrazit"},"content":{"rendered":"<p>Diese Tragetasche kann nicht nur f\u00fcr das diskrete Handling der Toilettenkassetten auf dem Campingplatz und f\u00fcr die Aufbewahrung und den Transport der Zweitkassetten genutzt werden. Aufgrund Ihrer neuen nahezu wasserdichten Ausf\u00fchrung kann die Tasche auch beispielweise als Strandtasche f\u00fcr nasse Gegenst\u00e4nde, wie z.B. Handt\u00fccher, genutzt werden.<br \/>\u00d6ffnung wird mit einem 2-Wege-Reissverschluss geschlossen.<\/p>\n<p>Lieferumfang:<br \/>Inklusive umlaufenden Trageriemen<\/p>\n<p>Material:<br \/>PVC-Leichtplane<\/p>\n","protected":false},"excerpt":{"rendered":"<p>Diese Tragetasche kann nicht nur f\u00fcr das diskrete Handling der Toilettenkassetten auf dem Campingplatz und f\u00fcr die Aufbewahrung und den Transport der Zweitkassetten genutzt werden. Aufgrund Ihrer neuen nahezu wasserdichten Ausf\u00fchrung kann die Tasche auch beispielweise als Strandtasche f\u00fcr nasse Gegenst\u00e4nde, wie z.B. Handt\u00fccher, genutzt werden.\u00d6ffnung wird mit einem 2-Wege-Reissverschluss geschlossen. Lieferumfang:Inklusive umlaufenden Trageriemen Material:PVC-Leichtplane<\/p>\n","protected":false},"featured_media":78609,"template":"","meta":{"_acf_changed":false},"product_featured_cat":[],"product_brand":[3041],"product_cat":[5156],"product_tag":[],"class_list":{"0":"post-78615","1":"product","2":"type-product","3":"status-publish","4":"has-post-thumbnail","6":"product_brand-hindermann-de","7":"product_cat-sonstiges-zubehoer-fuer-campingtoiletten","9":"first","10":"instock","11":"taxable","12":"shipping-taxable","13":"purchasable","14":"product-type-simple"},"acf":[],"yoast_head":"<!-- This site is optimized with the Yoast SEO plugin v27.4 - https:\/\/yoast.com\/product\/yoast-seo-wordpress\/ -->\n<title>Schutztasche Hindermann f\u00fcr Toilettencassette C200 + C250 Farbe hellgrau \/ anthrazit - Bantam Camping AG<\/title>\n<meta name=\"robots\" content=\"index, follow, max-snippet:-1, max-image-preview:large, max-video-preview:-1\" \/>\n<link rel=\"canonical\" href=\"https:\/\/shop.bantam.ch\/de\/produkt\/schutztasche-fuer-toilettencassette-c200-c250-hellgrau-anthrazit\/\" \/>\n<meta property=\"og:locale\" content=\"de_DE\" \/>\n<meta property=\"og:type\" content=\"article\" \/>\n<meta property=\"og:title\" content=\"Schutztasche Hindermann f\u00fcr Toilettencassette C200 + C250 Farbe hellgrau \/ anthrazit - Bantam Camping AG\" \/>\n<meta property=\"og:description\" content=\"Diese Tragetasche kann nicht nur f\u00fcr das diskrete Handling der Toilettenkassetten auf dem Campingplatz und f\u00fcr die Aufbewahrung und den Transport der Zweitkassetten genutzt werden. Aufgrund Ihrer neuen nahezu wasserdichten Ausf\u00fchrung kann die Tasche auch beispielweise als Strandtasche f\u00fcr nasse Gegenst\u00e4nde, wie z.B. Handt\u00fccher, genutzt werden.\u00d6ffnung wird mit einem 2-Wege-Reissverschluss geschlossen. Lieferumfang:Inklusive umlaufenden Trageriemen Material:PVC-Leichtplane\" \/>\n<meta property=\"og:url\" content=\"https:\/\/shop.bantam.ch\/de\/produkt\/schutztasche-fuer-toilettencassette-c200-c250-hellgrau-anthrazit\/\" \/>\n<meta property=\"og:site_name\" content=\"Bantam Camping AG\" \/>\n<meta property=\"article:modified_time\" content=\"2026-04-20T19:22:21+00:00\" \/>\n<meta property=\"og:image\" content=\"https:\/\/shop.bantam.ch\/wp-content\/uploads\/2023\/02\/993183911.jpg\" \/>\n\t<meta property=\"og:image:width\" content=\"1000\" \/>\n\t<meta property=\"og:image:height\" content=\"667\" \/>\n\t<meta property=\"og:image:type\" content=\"image\/jpeg\" \/>\n<meta name=\"twitter:card\" content=\"summary_large_image\" \/>\n<script type=\"application\/ld+json\" class=\"yoast-schema-graph\">{\"@context\":\"https:\\\/\\\/schema.org\",\"@graph\":[{\"@type\":\"WebPage\",\"@id\":\"https:\\\/\\\/shop.bantam.ch\\\/de\\\/produkt\\\/schutztasche-fuer-toilettencassette-c200-c250-hellgrau-anthrazit\\\/\",\"url\":\"https:\\\/\\\/shop.bantam.ch\\\/de\\\/produkt\\\/schutztasche-fuer-toilettencassette-c200-c250-hellgrau-anthrazit\\\/\",\"name\":\"Schutztasche Hindermann f\u00fcr Toilettencassette C200 + C250 Farbe hellgrau \\\/ anthrazit - Bantam Camping AG\",\"isPartOf\":{\"@id\":\"https:\\\/\\\/shop.bantam.ch\\\/de\\\/#website\"},\"primaryImageOfPage\":{\"@id\":\"https:\\\/\\\/shop.bantam.ch\\\/de\\\/produkt\\\/schutztasche-fuer-toilettencassette-c200-c250-hellgrau-anthrazit\\\/#primaryimage\"},\"image\":{\"@id\":\"https:\\\/\\\/shop.bantam.ch\\\/de\\\/produkt\\\/schutztasche-fuer-toilettencassette-c200-c250-hellgrau-anthrazit\\\/#primaryimage\"},\"thumbnailUrl\":\"https:\\\/\\\/shop.bantam.ch\\\/wp-content\\\/uploads\\\/2023\\\/02\\\/993183911.jpg\",\"datePublished\":\"2023-02-28T00:11:51+00:00\",\"dateModified\":\"2026-04-20T19:22:21+00:00\",\"breadcrumb\":{\"@id\":\"https:\\\/\\\/shop.bantam.ch\\\/de\\\/produkt\\\/schutztasche-fuer-toilettencassette-c200-c250-hellgrau-anthrazit\\\/#breadcrumb\"},\"inLanguage\":\"de\",\"potentialAction\":[{\"@type\":\"ReadAction\",\"target\":[\"https:\\\/\\\/shop.bantam.ch\\\/de\\\/produkt\\\/schutztasche-fuer-toilettencassette-c200-c250-hellgrau-anthrazit\\\/\"]}]},{\"@type\":\"ImageObject\",\"inLanguage\":\"de\",\"@id\":\"https:\\\/\\\/shop.bantam.ch\\\/de\\\/produkt\\\/schutztasche-fuer-toilettencassette-c200-c250-hellgrau-anthrazit\\\/#primaryimage\",\"url\":\"https:\\\/\\\/shop.bantam.ch\\\/wp-content\\\/uploads\\\/2023\\\/02\\\/993183911.jpg\",\"contentUrl\":\"https:\\\/\\\/shop.bantam.ch\\\/wp-content\\\/uploads\\\/2023\\\/02\\\/993183911.jpg\",\"width\":1000,\"height\":667},{\"@type\":\"BreadcrumbList\",\"@id\":\"https:\\\/\\\/shop.bantam.ch\\\/de\\\/produkt\\\/schutztasche-fuer-toilettencassette-c200-c250-hellgrau-anthrazit\\\/#breadcrumb\",\"itemListElement\":[{\"@type\":\"ListItem\",\"position\":1,\"name\":\"Accueil\",\"item\":\"https:\\\/\\\/shop.bantam.ch\\\/de\\\/\"},{\"@type\":\"ListItem\",\"position\":2,\"name\":\"Shop\",\"item\":\"https:\\\/\\\/shop.bantam.ch\\\/de\\\/shop\\\/\"},{\"@type\":\"ListItem\",\"position\":3,\"name\":\"Schutztasche Hindermann f\u00fcr Toilettencassette C200 + C250 Farbe hellgrau \\\/ anthrazit\"}]},{\"@type\":\"WebSite\",\"@id\":\"https:\\\/\\\/shop.bantam.ch\\\/de\\\/#website\",\"url\":\"https:\\\/\\\/shop.bantam.ch\\\/de\\\/\",\"name\":\"Bantam Camping AG\",\"description\":\"\",\"publisher\":{\"@id\":\"https:\\\/\\\/shop.bantam.ch\\\/de\\\/#organization\"},\"inLanguage\":\"de\"},{\"@type\":\"Organization\",\"@id\":\"https:\\\/\\\/shop.bantam.ch\\\/de\\\/#organization\",\"name\":\"Bantam Camping AG\",\"url\":\"https:\\\/\\\/shop.bantam.ch\\\/de\\\/\",\"logo\":{\"@type\":\"ImageObject\",\"inLanguage\":\"de\",\"@id\":\"https:\\\/\\\/shop.bantam.ch\\\/de\\\/#\\\/schema\\\/logo\\\/image\\\/\",\"url\":\"https:\\\/\\\/shop.bantam.ch\\\/wp-content\\\/uploads\\\/2022\\\/12\\\/bantam-logo.png\",\"contentUrl\":\"https:\\\/\\\/shop.bantam.ch\\\/wp-content\\\/uploads\\\/2022\\\/12\\\/bantam-logo.png\",\"width\":320,\"height\":71,\"caption\":\"Bantam Camping AG\"},\"image\":{\"@id\":\"https:\\\/\\\/shop.bantam.ch\\\/de\\\/#\\\/schema\\\/logo\\\/image\\\/\"}}]}<\/script>\n<!-- \/ Yoast SEO plugin. -->","yoast_head_json":{"title":"Schutztasche Hindermann f\u00fcr Toilettencassette C200 + C250 Farbe hellgrau \/ anthrazit - Bantam Camping AG","robots":{"index":"index","follow":"follow","max-snippet":"max-snippet:-1","max-image-preview":"max-image-preview:large","max-video-preview":"max-video-preview:-1"},"canonical":"https:\/\/shop.bantam.ch\/de\/produkt\/schutztasche-fuer-toilettencassette-c200-c250-hellgrau-anthrazit\/","og_locale":"de_DE","og_type":"article","og_title":"Schutztasche Hindermann f\u00fcr Toilettencassette C200 + C250 Farbe hellgrau \/ anthrazit - Bantam Camping AG","og_description":"Diese Tragetasche kann nicht nur f\u00fcr das diskrete Handling der Toilettenkassetten auf dem Campingplatz und f\u00fcr die Aufbewahrung und den Transport der Zweitkassetten genutzt werden. Aufgrund Ihrer neuen nahezu wasserdichten Ausf\u00fchrung kann die Tasche auch beispielweise als Strandtasche f\u00fcr nasse Gegenst\u00e4nde, wie z.B. Handt\u00fccher, genutzt werden.\u00d6ffnung wird mit einem 2-Wege-Reissverschluss geschlossen. Lieferumfang:Inklusive umlaufenden Trageriemen Material:PVC-Leichtplane","og_url":"https:\/\/shop.bantam.ch\/de\/produkt\/schutztasche-fuer-toilettencassette-c200-c250-hellgrau-anthrazit\/","og_site_name":"Bantam Camping AG","article_modified_time":"2026-04-20T19:22:21+00:00","og_image":[{"width":1000,"height":667,"url":"https:\/\/shop.bantam.ch\/wp-content\/uploads\/2023\/02\/993183911.jpg","type":"image\/jpeg"}],"twitter_card":"summary_large_image","schema":{"@context":"https:\/\/schema.org","@graph":[{"@type":"WebPage","@id":"https:\/\/shop.bantam.ch\/de\/produkt\/schutztasche-fuer-toilettencassette-c200-c250-hellgrau-anthrazit\/","url":"https:\/\/shop.bantam.ch\/de\/produkt\/schutztasche-fuer-toilettencassette-c200-c250-hellgrau-anthrazit\/","name":"Schutztasche Hindermann f\u00fcr Toilettencassette C200 + C250 Farbe hellgrau \/ anthrazit - Bantam Camping AG","isPartOf":{"@id":"https:\/\/shop.bantam.ch\/de\/#website"},"primaryImageOfPage":{"@id":"https:\/\/shop.bantam.ch\/de\/produkt\/schutztasche-fuer-toilettencassette-c200-c250-hellgrau-anthrazit\/#primaryimage"},"image":{"@id":"https:\/\/shop.bantam.ch\/de\/produkt\/schutztasche-fuer-toilettencassette-c200-c250-hellgrau-anthrazit\/#primaryimage"},"thumbnailUrl":"https:\/\/shop.bantam.ch\/wp-content\/uploads\/2023\/02\/993183911.jpg","datePublished":"2023-02-28T00:11:51+00:00","dateModified":"2026-04-20T19:22:21+00:00","breadcrumb":{"@id":"https:\/\/shop.bantam.ch\/de\/produkt\/schutztasche-fuer-toilettencassette-c200-c250-hellgrau-anthrazit\/#breadcrumb"},"inLanguage":"de","potentialAction":[{"@type":"ReadAction","target":["https:\/\/shop.bantam.ch\/de\/produkt\/schutztasche-fuer-toilettencassette-c200-c250-hellgrau-anthrazit\/"]}]},{"@type":"ImageObject","inLanguage":"de","@id":"https:\/\/shop.bantam.ch\/de\/produkt\/schutztasche-fuer-toilettencassette-c200-c250-hellgrau-anthrazit\/#primaryimage","url":"https:\/\/shop.bantam.ch\/wp-content\/uploads\/2023\/02\/993183911.jpg","contentUrl":"https:\/\/shop.bantam.ch\/wp-content\/uploads\/2023\/02\/993183911.jpg","width":1000,"height":667},{"@type":"BreadcrumbList","@id":"https:\/\/shop.bantam.ch\/de\/produkt\/schutztasche-fuer-toilettencassette-c200-c250-hellgrau-anthrazit\/#breadcrumb","itemListElement":[{"@type":"ListItem","position":1,"name":"Accueil","item":"https:\/\/shop.bantam.ch\/de\/"},{"@type":"ListItem","position":2,"name":"Shop","item":"https:\/\/shop.bantam.ch\/de\/shop\/"},{"@type":"ListItem","position":3,"name":"Schutztasche Hindermann f\u00fcr Toilettencassette C200 + C250 Farbe hellgrau \/ anthrazit"}]},{"@type":"WebSite","@id":"https:\/\/shop.bantam.ch\/de\/#website","url":"https:\/\/shop.bantam.ch\/de\/","name":"Bantam Camping AG","description":"","publisher":{"@id":"https:\/\/shop.bantam.ch\/de\/#organization"},"inLanguage":"de"},{"@type":"Organization","@id":"https:\/\/shop.bantam.ch\/de\/#organization","name":"Bantam Camping AG","url":"https:\/\/shop.bantam.ch\/de\/","logo":{"@type":"ImageObject","inLanguage":"de","@id":"https:\/\/shop.bantam.ch\/de\/#\/schema\/logo\/image\/","url":"https:\/\/shop.bantam.ch\/wp-content\/uploads\/2022\/12\/bantam-logo.png","contentUrl":"https:\/\/shop.bantam.ch\/wp-content\/uploads\/2022\/12\/bantam-logo.png","width":320,"height":71,"caption":"Bantam Camping AG"},"image":{"@id":"https:\/\/shop.bantam.ch\/de\/#\/schema\/logo\/image\/"}}]}},"_links":{"self":[{"href":"https:\/\/shop.bantam.ch\/de\/wp-json\/wp\/v2\/product\/78615","targetHints":{"allow":["GET"]}}],"collection":[{"href":"https:\/\/shop.bantam.ch\/de\/wp-json\/wp\/v2\/product"}],"about":[{"href":"https:\/\/shop.bantam.ch\/de\/wp-json\/wp\/v2\/types\/product"}],"wp:featuredmedia":[{"embeddable":true,"href":"https:\/\/shop.bantam.ch\/de\/wp-json\/wp\/v2\/media\/78609"}],"wp:attachment":[{"href":"https:\/\/shop.bantam.ch\/de\/wp-json\/wp\/v2\/media?parent=78615"}],"wp:term":[{"taxonomy":"product_featured_cat","embeddable":true,"href":"https:\/\/shop.bantam.ch\/de\/wp-json\/wp\/v2\/product_featured_cat?post=78615"},{"taxonomy":"product_brand","embeddable":true,"href":"https:\/\/shop.bantam.ch\/de\/wp-json\/wp\/v2\/product_brand?post=78615"},{"taxonomy":"product_cat","embeddable":true,"href":"https:\/\/shop.bantam.ch\/de\/wp-json\/wp\/v2\/product_cat?post=78615"},{"taxonomy":"product_tag","embeddable":true,"href":"https:\/\/shop.bantam.ch\/de\/wp-json\/wp\/v2\/product_tag?post=78615"}],"curies":[{"name":"wp","href":"https:\/\/api.w.org\/{rel}","templated":true}]}}