{"id":78227,"date":"2023-02-28T01:06:34","date_gmt":"2023-02-28T00:06:34","guid":{"rendered":"http:\/\/shop.bantam.ch\/produit\/satanlage-automatisch-campingman-portable-eco\/"},"modified":"2026-04-18T22:23:57","modified_gmt":"2026-04-18T20:23:57","slug":"satanlage-automatisch-campingman-portable-eco","status":"publish","type":"product","link":"https:\/\/shop.bantam.ch\/de\/produkt\/satanlage-automatisch-campingman-portable-eco\/","title":{"rendered":"Satanlage automatisch Campingman Portable ECO"},"content":{"rendered":"<p>Die Antenne ben\u00f6tigt kein separates Steuerger\u00e4t. Das Koaxialkabel wird direkt mit dem TV, bzw. Receiver verbunden. Von dort aus wird die Antenne auch mit Strom versorgt. Sie m\u00fcssen lediglich Ihren TV oder Receiver einschalten und anschlie\u00dfend sucht die Antenne selbstst\u00e4ndig nach dem Satelliten (vorprogrammiert f\u00fcr Astra 1). Durch die elegante Kunststoffhaube ist die Antenne bestm\u00f6glich gegen Witterungseinfl\u00fcsse und \u00e4u\u00dfere Besch\u00e4digung gesch\u00fctzt. Bei zuk\u00fcnftigen Transponder-\u00e0\u201enderungen auf dem Satelliten sind keine Updates bei der Antenne notwendig. Die Au\u00dfeneinheit kann an einem beliebigen Ort aufgestellt werden (z.B. Boden, Dach, Tisch, &#8230;). Die Antenne ist geeignet f\u00fcr 1 Teilnehmer.<\/p>\n<ul>\n<li>Azimuth: 360\u00b0<\/li>\n<li>Betriebstemperatur: -20\u00b0C bis +70\u00b0C<\/li>\n<li>Eingangsfrequenz: 10.7 GHz &#8211; 12.75 GHz<\/li>\n<li>Elevation: 23\u00b0 &#8211; 43\u00b0<\/li>\n<li>Polarisation: H\/V<\/li>\n<li>Spiegeldurchmesser: 38 cm<\/li>\n<li>Vorprogrammierte Satelliten: Astra 1<\/li>\n<\/ul>\n<p>\u00a0<\/p>\n","protected":false},"excerpt":{"rendered":"<p>Die Antenne ben\u00f6tigt kein separates Steuerger\u00e4t. Das Koaxialkabel wird direkt mit dem TV, bzw. Receiver verbunden. Von dort aus wird die Antenne auch mit Strom versorgt. Sie m\u00fcssen lediglich Ihren TV oder Receiver einschalten und anschlie\u00dfend sucht die Antenne selbstst\u00e4ndig nach dem Satelliten (vorprogrammiert f\u00fcr Astra 1). Durch die elegante Kunststoffhaube ist die Antenne bestm\u00f6glich [&hellip;]<\/p>\n","protected":false},"featured_media":78209,"template":"","meta":{"_acf_changed":false},"product_featured_cat":[],"product_brand":[3201],"product_cat":[4524],"product_tag":[],"class_list":{"0":"post-78227","1":"product","2":"type-product","3":"status-publish","4":"has-post-thumbnail","6":"product_brand-megasat-de","7":"product_cat-sat-anlagen","9":"first","10":"instock","11":"taxable","12":"shipping-taxable","13":"purchasable","14":"product-type-variable"},"acf":[],"yoast_head":"<!-- This site is optimized with the Yoast SEO plugin v27.4 - https:\/\/yoast.com\/product\/yoast-seo-wordpress\/ -->\n<title>Satanlage automatisch Campingman Portable ECO - Bantam Camping AG<\/title>\n<meta name=\"robots\" content=\"index, follow, max-snippet:-1, max-image-preview:large, max-video-preview:-1\" \/>\n<link rel=\"canonical\" href=\"https:\/\/shop.bantam.ch\/de\/produkt\/satanlage-automatisch-campingman-portable-eco\/\" \/>\n<meta property=\"og:locale\" content=\"de_DE\" \/>\n<meta property=\"og:type\" content=\"article\" \/>\n<meta property=\"og:title\" content=\"Satanlage automatisch Campingman Portable ECO - Bantam Camping AG\" \/>\n<meta property=\"og:description\" content=\"Die Antenne ben\u00f6tigt kein separates Steuerger\u00e4t. Das Koaxialkabel wird direkt mit dem TV, bzw. Receiver verbunden. Von dort aus wird die Antenne auch mit Strom versorgt. Sie m\u00fcssen lediglich Ihren TV oder Receiver einschalten und anschlie\u00dfend sucht die Antenne selbstst\u00e4ndig nach dem Satelliten (vorprogrammiert f\u00fcr Astra 1). Durch die elegante Kunststoffhaube ist die Antenne bestm\u00f6glich [&hellip;]\" \/>\n<meta property=\"og:url\" content=\"https:\/\/shop.bantam.ch\/de\/produkt\/satanlage-automatisch-campingman-portable-eco\/\" \/>\n<meta property=\"og:site_name\" content=\"Bantam Camping AG\" \/>\n<meta property=\"article:modified_time\" content=\"2026-04-18T20:23:57+00:00\" \/>\n<meta property=\"og:image\" content=\"https:\/\/shop.bantam.ch\/wp-content\/uploads\/2023\/02\/995443612.png\" \/>\n\t<meta property=\"og:image:width\" content=\"922\" \/>\n\t<meta property=\"og:image:height\" content=\"1024\" \/>\n\t<meta property=\"og:image:type\" content=\"image\/png\" \/>\n<meta name=\"twitter:card\" content=\"summary_large_image\" \/>\n<meta name=\"twitter:label1\" content=\"Gesch\u00e4tzte Lesezeit\" \/>\n\t<meta name=\"twitter:data1\" content=\"1\u00a0Minute\" \/>\n<script type=\"application\/ld+json\" class=\"yoast-schema-graph\">{\"@context\":\"https:\\\/\\\/schema.org\",\"@graph\":[{\"@type\":\"WebPage\",\"@id\":\"https:\\\/\\\/shop.bantam.ch\\\/de\\\/produkt\\\/satanlage-automatisch-campingman-portable-eco\\\/\",\"url\":\"https:\\\/\\\/shop.bantam.ch\\\/de\\\/produkt\\\/satanlage-automatisch-campingman-portable-eco\\\/\",\"name\":\"Satanlage automatisch Campingman Portable ECO - Bantam Camping AG\",\"isPartOf\":{\"@id\":\"https:\\\/\\\/shop.bantam.ch\\\/de\\\/#website\"},\"primaryImageOfPage\":{\"@id\":\"https:\\\/\\\/shop.bantam.ch\\\/de\\\/produkt\\\/satanlage-automatisch-campingman-portable-eco\\\/#primaryimage\"},\"image\":{\"@id\":\"https:\\\/\\\/shop.bantam.ch\\\/de\\\/produkt\\\/satanlage-automatisch-campingman-portable-eco\\\/#primaryimage\"},\"thumbnailUrl\":\"https:\\\/\\\/shop.bantam.ch\\\/wp-content\\\/uploads\\\/2023\\\/02\\\/995443612-scaled.png\",\"datePublished\":\"2023-02-28T00:06:34+00:00\",\"dateModified\":\"2026-04-18T20:23:57+00:00\",\"breadcrumb\":{\"@id\":\"https:\\\/\\\/shop.bantam.ch\\\/de\\\/produkt\\\/satanlage-automatisch-campingman-portable-eco\\\/#breadcrumb\"},\"inLanguage\":\"de\",\"potentialAction\":[{\"@type\":\"ReadAction\",\"target\":[\"https:\\\/\\\/shop.bantam.ch\\\/de\\\/produkt\\\/satanlage-automatisch-campingman-portable-eco\\\/\"]}]},{\"@type\":\"ImageObject\",\"inLanguage\":\"de\",\"@id\":\"https:\\\/\\\/shop.bantam.ch\\\/de\\\/produkt\\\/satanlage-automatisch-campingman-portable-eco\\\/#primaryimage\",\"url\":\"https:\\\/\\\/shop.bantam.ch\\\/wp-content\\\/uploads\\\/2023\\\/02\\\/995443612-scaled.png\",\"contentUrl\":\"https:\\\/\\\/shop.bantam.ch\\\/wp-content\\\/uploads\\\/2023\\\/02\\\/995443612-scaled.png\",\"width\":1845,\"height\":2048},{\"@type\":\"BreadcrumbList\",\"@id\":\"https:\\\/\\\/shop.bantam.ch\\\/de\\\/produkt\\\/satanlage-automatisch-campingman-portable-eco\\\/#breadcrumb\",\"itemListElement\":[{\"@type\":\"ListItem\",\"position\":1,\"name\":\"Accueil\",\"item\":\"https:\\\/\\\/shop.bantam.ch\\\/de\\\/\"},{\"@type\":\"ListItem\",\"position\":2,\"name\":\"Shop\",\"item\":\"https:\\\/\\\/shop.bantam.ch\\\/de\\\/shop\\\/\"},{\"@type\":\"ListItem\",\"position\":3,\"name\":\"Satanlage automatisch Campingman Portable ECO\"}]},{\"@type\":\"WebSite\",\"@id\":\"https:\\\/\\\/shop.bantam.ch\\\/de\\\/#website\",\"url\":\"https:\\\/\\\/shop.bantam.ch\\\/de\\\/\",\"name\":\"Bantam Camping AG\",\"description\":\"\",\"publisher\":{\"@id\":\"https:\\\/\\\/shop.bantam.ch\\\/de\\\/#organization\"},\"inLanguage\":\"de\"},{\"@type\":\"Organization\",\"@id\":\"https:\\\/\\\/shop.bantam.ch\\\/de\\\/#organization\",\"name\":\"Bantam Camping AG\",\"url\":\"https:\\\/\\\/shop.bantam.ch\\\/de\\\/\",\"logo\":{\"@type\":\"ImageObject\",\"inLanguage\":\"de\",\"@id\":\"https:\\\/\\\/shop.bantam.ch\\\/de\\\/#\\\/schema\\\/logo\\\/image\\\/\",\"url\":\"https:\\\/\\\/shop.bantam.ch\\\/wp-content\\\/uploads\\\/2022\\\/12\\\/bantam-logo.png\",\"contentUrl\":\"https:\\\/\\\/shop.bantam.ch\\\/wp-content\\\/uploads\\\/2022\\\/12\\\/bantam-logo.png\",\"width\":320,\"height\":71,\"caption\":\"Bantam Camping AG\"},\"image\":{\"@id\":\"https:\\\/\\\/shop.bantam.ch\\\/de\\\/#\\\/schema\\\/logo\\\/image\\\/\"}}]}<\/script>\n<!-- \/ Yoast SEO plugin. -->","yoast_head_json":{"title":"Satanlage automatisch Campingman Portable ECO - Bantam Camping AG","robots":{"index":"index","follow":"follow","max-snippet":"max-snippet:-1","max-image-preview":"max-image-preview:large","max-video-preview":"max-video-preview:-1"},"canonical":"https:\/\/shop.bantam.ch\/de\/produkt\/satanlage-automatisch-campingman-portable-eco\/","og_locale":"de_DE","og_type":"article","og_title":"Satanlage automatisch Campingman Portable ECO - Bantam Camping AG","og_description":"Die Antenne ben\u00f6tigt kein separates Steuerger\u00e4t. Das Koaxialkabel wird direkt mit dem TV, bzw. Receiver verbunden. Von dort aus wird die Antenne auch mit Strom versorgt. Sie m\u00fcssen lediglich Ihren TV oder Receiver einschalten und anschlie\u00dfend sucht die Antenne selbstst\u00e4ndig nach dem Satelliten (vorprogrammiert f\u00fcr Astra 1). Durch die elegante Kunststoffhaube ist die Antenne bestm\u00f6glich [&hellip;]","og_url":"https:\/\/shop.bantam.ch\/de\/produkt\/satanlage-automatisch-campingman-portable-eco\/","og_site_name":"Bantam Camping AG","article_modified_time":"2026-04-18T20:23:57+00:00","og_image":[{"url":"https:\/\/shop.bantam.ch\/wp-content\/uploads\/2023\/02\/995443612.png","width":922,"height":1024,"type":"image\/png"}],"twitter_card":"summary_large_image","twitter_misc":{"Gesch\u00e4tzte Lesezeit":"1\u00a0Minute"},"schema":{"@context":"https:\/\/schema.org","@graph":[{"@type":"WebPage","@id":"https:\/\/shop.bantam.ch\/de\/produkt\/satanlage-automatisch-campingman-portable-eco\/","url":"https:\/\/shop.bantam.ch\/de\/produkt\/satanlage-automatisch-campingman-portable-eco\/","name":"Satanlage automatisch Campingman Portable ECO - Bantam Camping AG","isPartOf":{"@id":"https:\/\/shop.bantam.ch\/de\/#website"},"primaryImageOfPage":{"@id":"https:\/\/shop.bantam.ch\/de\/produkt\/satanlage-automatisch-campingman-portable-eco\/#primaryimage"},"image":{"@id":"https:\/\/shop.bantam.ch\/de\/produkt\/satanlage-automatisch-campingman-portable-eco\/#primaryimage"},"thumbnailUrl":"https:\/\/shop.bantam.ch\/wp-content\/uploads\/2023\/02\/995443612-scaled.png","datePublished":"2023-02-28T00:06:34+00:00","dateModified":"2026-04-18T20:23:57+00:00","breadcrumb":{"@id":"https:\/\/shop.bantam.ch\/de\/produkt\/satanlage-automatisch-campingman-portable-eco\/#breadcrumb"},"inLanguage":"de","potentialAction":[{"@type":"ReadAction","target":["https:\/\/shop.bantam.ch\/de\/produkt\/satanlage-automatisch-campingman-portable-eco\/"]}]},{"@type":"ImageObject","inLanguage":"de","@id":"https:\/\/shop.bantam.ch\/de\/produkt\/satanlage-automatisch-campingman-portable-eco\/#primaryimage","url":"https:\/\/shop.bantam.ch\/wp-content\/uploads\/2023\/02\/995443612-scaled.png","contentUrl":"https:\/\/shop.bantam.ch\/wp-content\/uploads\/2023\/02\/995443612-scaled.png","width":1845,"height":2048},{"@type":"BreadcrumbList","@id":"https:\/\/shop.bantam.ch\/de\/produkt\/satanlage-automatisch-campingman-portable-eco\/#breadcrumb","itemListElement":[{"@type":"ListItem","position":1,"name":"Accueil","item":"https:\/\/shop.bantam.ch\/de\/"},{"@type":"ListItem","position":2,"name":"Shop","item":"https:\/\/shop.bantam.ch\/de\/shop\/"},{"@type":"ListItem","position":3,"name":"Satanlage automatisch Campingman Portable ECO"}]},{"@type":"WebSite","@id":"https:\/\/shop.bantam.ch\/de\/#website","url":"https:\/\/shop.bantam.ch\/de\/","name":"Bantam Camping AG","description":"","publisher":{"@id":"https:\/\/shop.bantam.ch\/de\/#organization"},"inLanguage":"de"},{"@type":"Organization","@id":"https:\/\/shop.bantam.ch\/de\/#organization","name":"Bantam Camping AG","url":"https:\/\/shop.bantam.ch\/de\/","logo":{"@type":"ImageObject","inLanguage":"de","@id":"https:\/\/shop.bantam.ch\/de\/#\/schema\/logo\/image\/","url":"https:\/\/shop.bantam.ch\/wp-content\/uploads\/2022\/12\/bantam-logo.png","contentUrl":"https:\/\/shop.bantam.ch\/wp-content\/uploads\/2022\/12\/bantam-logo.png","width":320,"height":71,"caption":"Bantam Camping AG"},"image":{"@id":"https:\/\/shop.bantam.ch\/de\/#\/schema\/logo\/image\/"}}]}},"_links":{"self":[{"href":"https:\/\/shop.bantam.ch\/de\/wp-json\/wp\/v2\/product\/78227","targetHints":{"allow":["GET"]}}],"collection":[{"href":"https:\/\/shop.bantam.ch\/de\/wp-json\/wp\/v2\/product"}],"about":[{"href":"https:\/\/shop.bantam.ch\/de\/wp-json\/wp\/v2\/types\/product"}],"wp:featuredmedia":[{"embeddable":true,"href":"https:\/\/shop.bantam.ch\/de\/wp-json\/wp\/v2\/media\/78209"}],"wp:attachment":[{"href":"https:\/\/shop.bantam.ch\/de\/wp-json\/wp\/v2\/media?parent=78227"}],"wp:term":[{"taxonomy":"product_featured_cat","embeddable":true,"href":"https:\/\/shop.bantam.ch\/de\/wp-json\/wp\/v2\/product_featured_cat?post=78227"},{"taxonomy":"product_brand","embeddable":true,"href":"https:\/\/shop.bantam.ch\/de\/wp-json\/wp\/v2\/product_brand?post=78227"},{"taxonomy":"product_cat","embeddable":true,"href":"https:\/\/shop.bantam.ch\/de\/wp-json\/wp\/v2\/product_cat?post=78227"},{"taxonomy":"product_tag","embeddable":true,"href":"https:\/\/shop.bantam.ch\/de\/wp-json\/wp\/v2\/product_tag?post=78227"}],"curies":[{"name":"wp","href":"https:\/\/api.w.org\/{rel}","templated":true}]}}