{"id":78117,"date":"2023-02-28T01:04:53","date_gmt":"2023-02-28T00:04:53","guid":{"rendered":"http:\/\/shop.bantam.ch\/produit\/fahrradtraeger-garage-slide-pro-bike\/"},"modified":"2026-04-17T21:21:24","modified_gmt":"2026-04-17T19:21:24","slug":"fahrradtraeger-garage-slide-pro-bike","status":"publish","type":"product","link":"https:\/\/shop.bantam.ch\/de\/produkt\/fahrradtraeger-garage-slide-pro-bike\/","title":{"rendered":"Fahrradtr\u00e4ger Fiamma Garage Slide Pro Bike 2 R\u00e4der Traglast 50 kg"},"content":{"rendered":"<p>Fahrradtr\u00e4ger f\u00fcr die Heckgarage mit herausziehbarer Schiene und Gleitsystem. Struktur aus eloxiertem Aluminium. Das untere Profil wird am Boden angeschraubt, das obere Profil wird auf leisen nylonummantelten Stahlrollen zwischen den Schienen gef\u00fchrt (Kugellagerung). Inkl. Sicherheitsbefestigungen, f\u00fcr eingefahrenen als auch ausgefahrenen Zustand.<\/p>\n<p>Lieferumfang:<br \/>Inklusive 2 Security Strip<br \/>Montagehalterungen<\/p>\n<p>F\u00fcr max. 2 Fahrr\u00e4der<\/p>\n","protected":false},"excerpt":{"rendered":"<p>Fahrradtr\u00e4ger f\u00fcr die Heckgarage mit herausziehbarer Schiene und Gleitsystem. Struktur aus eloxiertem Aluminium. Das untere Profil wird am Boden angeschraubt, das obere Profil wird auf leisen nylonummantelten Stahlrollen zwischen den Schienen gef\u00fchrt (Kugellagerung). Inkl. Sicherheitsbefestigungen, f\u00fcr eingefahrenen als auch ausgefahrenen Zustand. Lieferumfang:Inklusive 2 Security StripMontagehalterungen F\u00fcr max. 2 Fahrr\u00e4der<\/p>\n","protected":false},"featured_media":78115,"template":"","meta":{"_acf_changed":false},"product_featured_cat":[],"product_brand":[3035],"product_cat":[5138],"product_tag":[],"class_list":{"0":"post-78117","1":"product","2":"type-product","3":"status-publish","4":"has-post-thumbnail","6":"product_brand-fiamma-de","7":"product_cat-heck-fahrradtraeger","9":"first","10":"instock","11":"taxable","12":"shipping-taxable","13":"purchasable","14":"product-type-simple"},"acf":[],"yoast_head":"<!-- This site is optimized with the Yoast SEO plugin v27.4 - https:\/\/yoast.com\/product\/yoast-seo-wordpress\/ -->\n<title>Fahrradtr\u00e4ger Fiamma Garage Slide Pro Bike 2 R\u00e4der Traglast 50 kg - Bantam Camping AG<\/title>\n<meta name=\"robots\" content=\"index, follow, max-snippet:-1, max-image-preview:large, max-video-preview:-1\" \/>\n<link rel=\"canonical\" href=\"https:\/\/shop.bantam.ch\/de\/produkt\/fahrradtraeger-garage-slide-pro-bike\/\" \/>\n<meta property=\"og:locale\" content=\"de_DE\" \/>\n<meta property=\"og:type\" content=\"article\" \/>\n<meta property=\"og:title\" content=\"Fahrradtr\u00e4ger Fiamma Garage Slide Pro Bike 2 R\u00e4der Traglast 50 kg - Bantam Camping AG\" \/>\n<meta property=\"og:description\" content=\"Fahrradtr\u00e4ger f\u00fcr die Heckgarage mit herausziehbarer Schiene und Gleitsystem. Struktur aus eloxiertem Aluminium. Das untere Profil wird am Boden angeschraubt, das obere Profil wird auf leisen nylonummantelten Stahlrollen zwischen den Schienen gef\u00fchrt (Kugellagerung). Inkl. Sicherheitsbefestigungen, f\u00fcr eingefahrenen als auch ausgefahrenen Zustand. Lieferumfang:Inklusive 2 Security StripMontagehalterungen F\u00fcr max. 2 Fahrr\u00e4der\" \/>\n<meta property=\"og:url\" content=\"https:\/\/shop.bantam.ch\/de\/produkt\/fahrradtraeger-garage-slide-pro-bike\/\" \/>\n<meta property=\"og:site_name\" content=\"Bantam Camping AG\" \/>\n<meta property=\"article:modified_time\" content=\"2026-04-17T19:21:24+00:00\" \/>\n<meta property=\"og:image\" content=\"https:\/\/shop.bantam.ch\/wp-content\/uploads\/2023\/02\/994260411.jpg\" \/>\n\t<meta property=\"og:image:width\" content=\"1000\" \/>\n\t<meta property=\"og:image:height\" content=\"625\" \/>\n\t<meta property=\"og:image:type\" content=\"image\/jpeg\" \/>\n<meta name=\"twitter:card\" content=\"summary_large_image\" \/>\n<script type=\"application\/ld+json\" class=\"yoast-schema-graph\">{\"@context\":\"https:\\\/\\\/schema.org\",\"@graph\":[{\"@type\":\"WebPage\",\"@id\":\"https:\\\/\\\/shop.bantam.ch\\\/de\\\/produkt\\\/fahrradtraeger-garage-slide-pro-bike\\\/\",\"url\":\"https:\\\/\\\/shop.bantam.ch\\\/de\\\/produkt\\\/fahrradtraeger-garage-slide-pro-bike\\\/\",\"name\":\"Fahrradtr\u00e4ger Fiamma Garage Slide Pro Bike 2 R\u00e4der Traglast 50 kg - Bantam Camping AG\",\"isPartOf\":{\"@id\":\"https:\\\/\\\/shop.bantam.ch\\\/de\\\/#website\"},\"primaryImageOfPage\":{\"@id\":\"https:\\\/\\\/shop.bantam.ch\\\/de\\\/produkt\\\/fahrradtraeger-garage-slide-pro-bike\\\/#primaryimage\"},\"image\":{\"@id\":\"https:\\\/\\\/shop.bantam.ch\\\/de\\\/produkt\\\/fahrradtraeger-garage-slide-pro-bike\\\/#primaryimage\"},\"thumbnailUrl\":\"https:\\\/\\\/shop.bantam.ch\\\/wp-content\\\/uploads\\\/2023\\\/02\\\/994260411.jpg\",\"datePublished\":\"2023-02-28T00:04:53+00:00\",\"dateModified\":\"2026-04-17T19:21:24+00:00\",\"breadcrumb\":{\"@id\":\"https:\\\/\\\/shop.bantam.ch\\\/de\\\/produkt\\\/fahrradtraeger-garage-slide-pro-bike\\\/#breadcrumb\"},\"inLanguage\":\"de\",\"potentialAction\":[{\"@type\":\"ReadAction\",\"target\":[\"https:\\\/\\\/shop.bantam.ch\\\/de\\\/produkt\\\/fahrradtraeger-garage-slide-pro-bike\\\/\"]}]},{\"@type\":\"ImageObject\",\"inLanguage\":\"de\",\"@id\":\"https:\\\/\\\/shop.bantam.ch\\\/de\\\/produkt\\\/fahrradtraeger-garage-slide-pro-bike\\\/#primaryimage\",\"url\":\"https:\\\/\\\/shop.bantam.ch\\\/wp-content\\\/uploads\\\/2023\\\/02\\\/994260411.jpg\",\"contentUrl\":\"https:\\\/\\\/shop.bantam.ch\\\/wp-content\\\/uploads\\\/2023\\\/02\\\/994260411.jpg\",\"width\":1000,\"height\":625},{\"@type\":\"BreadcrumbList\",\"@id\":\"https:\\\/\\\/shop.bantam.ch\\\/de\\\/produkt\\\/fahrradtraeger-garage-slide-pro-bike\\\/#breadcrumb\",\"itemListElement\":[{\"@type\":\"ListItem\",\"position\":1,\"name\":\"Accueil\",\"item\":\"https:\\\/\\\/shop.bantam.ch\\\/de\\\/\"},{\"@type\":\"ListItem\",\"position\":2,\"name\":\"Shop\",\"item\":\"https:\\\/\\\/shop.bantam.ch\\\/de\\\/shop\\\/\"},{\"@type\":\"ListItem\",\"position\":3,\"name\":\"Fahrradtr\u00e4ger Fiamma Garage Slide Pro Bike 2 R\u00e4der Traglast 50 kg\"}]},{\"@type\":\"WebSite\",\"@id\":\"https:\\\/\\\/shop.bantam.ch\\\/de\\\/#website\",\"url\":\"https:\\\/\\\/shop.bantam.ch\\\/de\\\/\",\"name\":\"Bantam Camping AG\",\"description\":\"\",\"publisher\":{\"@id\":\"https:\\\/\\\/shop.bantam.ch\\\/de\\\/#organization\"},\"inLanguage\":\"de\"},{\"@type\":\"Organization\",\"@id\":\"https:\\\/\\\/shop.bantam.ch\\\/de\\\/#organization\",\"name\":\"Bantam Camping AG\",\"url\":\"https:\\\/\\\/shop.bantam.ch\\\/de\\\/\",\"logo\":{\"@type\":\"ImageObject\",\"inLanguage\":\"de\",\"@id\":\"https:\\\/\\\/shop.bantam.ch\\\/de\\\/#\\\/schema\\\/logo\\\/image\\\/\",\"url\":\"https:\\\/\\\/shop.bantam.ch\\\/wp-content\\\/uploads\\\/2022\\\/12\\\/bantam-logo.png\",\"contentUrl\":\"https:\\\/\\\/shop.bantam.ch\\\/wp-content\\\/uploads\\\/2022\\\/12\\\/bantam-logo.png\",\"width\":320,\"height\":71,\"caption\":\"Bantam Camping AG\"},\"image\":{\"@id\":\"https:\\\/\\\/shop.bantam.ch\\\/de\\\/#\\\/schema\\\/logo\\\/image\\\/\"}}]}<\/script>\n<!-- \/ Yoast SEO plugin. -->","yoast_head_json":{"title":"Fahrradtr\u00e4ger Fiamma Garage Slide Pro Bike 2 R\u00e4der Traglast 50 kg - Bantam Camping AG","robots":{"index":"index","follow":"follow","max-snippet":"max-snippet:-1","max-image-preview":"max-image-preview:large","max-video-preview":"max-video-preview:-1"},"canonical":"https:\/\/shop.bantam.ch\/de\/produkt\/fahrradtraeger-garage-slide-pro-bike\/","og_locale":"de_DE","og_type":"article","og_title":"Fahrradtr\u00e4ger Fiamma Garage Slide Pro Bike 2 R\u00e4der Traglast 50 kg - Bantam Camping AG","og_description":"Fahrradtr\u00e4ger f\u00fcr die Heckgarage mit herausziehbarer Schiene und Gleitsystem. Struktur aus eloxiertem Aluminium. Das untere Profil wird am Boden angeschraubt, das obere Profil wird auf leisen nylonummantelten Stahlrollen zwischen den Schienen gef\u00fchrt (Kugellagerung). Inkl. Sicherheitsbefestigungen, f\u00fcr eingefahrenen als auch ausgefahrenen Zustand. Lieferumfang:Inklusive 2 Security StripMontagehalterungen F\u00fcr max. 2 Fahrr\u00e4der","og_url":"https:\/\/shop.bantam.ch\/de\/produkt\/fahrradtraeger-garage-slide-pro-bike\/","og_site_name":"Bantam Camping AG","article_modified_time":"2026-04-17T19:21:24+00:00","og_image":[{"width":1000,"height":625,"url":"https:\/\/shop.bantam.ch\/wp-content\/uploads\/2023\/02\/994260411.jpg","type":"image\/jpeg"}],"twitter_card":"summary_large_image","schema":{"@context":"https:\/\/schema.org","@graph":[{"@type":"WebPage","@id":"https:\/\/shop.bantam.ch\/de\/produkt\/fahrradtraeger-garage-slide-pro-bike\/","url":"https:\/\/shop.bantam.ch\/de\/produkt\/fahrradtraeger-garage-slide-pro-bike\/","name":"Fahrradtr\u00e4ger Fiamma Garage Slide Pro Bike 2 R\u00e4der Traglast 50 kg - Bantam Camping AG","isPartOf":{"@id":"https:\/\/shop.bantam.ch\/de\/#website"},"primaryImageOfPage":{"@id":"https:\/\/shop.bantam.ch\/de\/produkt\/fahrradtraeger-garage-slide-pro-bike\/#primaryimage"},"image":{"@id":"https:\/\/shop.bantam.ch\/de\/produkt\/fahrradtraeger-garage-slide-pro-bike\/#primaryimage"},"thumbnailUrl":"https:\/\/shop.bantam.ch\/wp-content\/uploads\/2023\/02\/994260411.jpg","datePublished":"2023-02-28T00:04:53+00:00","dateModified":"2026-04-17T19:21:24+00:00","breadcrumb":{"@id":"https:\/\/shop.bantam.ch\/de\/produkt\/fahrradtraeger-garage-slide-pro-bike\/#breadcrumb"},"inLanguage":"de","potentialAction":[{"@type":"ReadAction","target":["https:\/\/shop.bantam.ch\/de\/produkt\/fahrradtraeger-garage-slide-pro-bike\/"]}]},{"@type":"ImageObject","inLanguage":"de","@id":"https:\/\/shop.bantam.ch\/de\/produkt\/fahrradtraeger-garage-slide-pro-bike\/#primaryimage","url":"https:\/\/shop.bantam.ch\/wp-content\/uploads\/2023\/02\/994260411.jpg","contentUrl":"https:\/\/shop.bantam.ch\/wp-content\/uploads\/2023\/02\/994260411.jpg","width":1000,"height":625},{"@type":"BreadcrumbList","@id":"https:\/\/shop.bantam.ch\/de\/produkt\/fahrradtraeger-garage-slide-pro-bike\/#breadcrumb","itemListElement":[{"@type":"ListItem","position":1,"name":"Accueil","item":"https:\/\/shop.bantam.ch\/de\/"},{"@type":"ListItem","position":2,"name":"Shop","item":"https:\/\/shop.bantam.ch\/de\/shop\/"},{"@type":"ListItem","position":3,"name":"Fahrradtr\u00e4ger Fiamma Garage Slide Pro Bike 2 R\u00e4der Traglast 50 kg"}]},{"@type":"WebSite","@id":"https:\/\/shop.bantam.ch\/de\/#website","url":"https:\/\/shop.bantam.ch\/de\/","name":"Bantam Camping AG","description":"","publisher":{"@id":"https:\/\/shop.bantam.ch\/de\/#organization"},"inLanguage":"de"},{"@type":"Organization","@id":"https:\/\/shop.bantam.ch\/de\/#organization","name":"Bantam Camping AG","url":"https:\/\/shop.bantam.ch\/de\/","logo":{"@type":"ImageObject","inLanguage":"de","@id":"https:\/\/shop.bantam.ch\/de\/#\/schema\/logo\/image\/","url":"https:\/\/shop.bantam.ch\/wp-content\/uploads\/2022\/12\/bantam-logo.png","contentUrl":"https:\/\/shop.bantam.ch\/wp-content\/uploads\/2022\/12\/bantam-logo.png","width":320,"height":71,"caption":"Bantam Camping AG"},"image":{"@id":"https:\/\/shop.bantam.ch\/de\/#\/schema\/logo\/image\/"}}]}},"_links":{"self":[{"href":"https:\/\/shop.bantam.ch\/de\/wp-json\/wp\/v2\/product\/78117","targetHints":{"allow":["GET"]}}],"collection":[{"href":"https:\/\/shop.bantam.ch\/de\/wp-json\/wp\/v2\/product"}],"about":[{"href":"https:\/\/shop.bantam.ch\/de\/wp-json\/wp\/v2\/types\/product"}],"wp:featuredmedia":[{"embeddable":true,"href":"https:\/\/shop.bantam.ch\/de\/wp-json\/wp\/v2\/media\/78115"}],"wp:attachment":[{"href":"https:\/\/shop.bantam.ch\/de\/wp-json\/wp\/v2\/media?parent=78117"}],"wp:term":[{"taxonomy":"product_featured_cat","embeddable":true,"href":"https:\/\/shop.bantam.ch\/de\/wp-json\/wp\/v2\/product_featured_cat?post=78117"},{"taxonomy":"product_brand","embeddable":true,"href":"https:\/\/shop.bantam.ch\/de\/wp-json\/wp\/v2\/product_brand?post=78117"},{"taxonomy":"product_cat","embeddable":true,"href":"https:\/\/shop.bantam.ch\/de\/wp-json\/wp\/v2\/product_cat?post=78117"},{"taxonomy":"product_tag","embeddable":true,"href":"https:\/\/shop.bantam.ch\/de\/wp-json\/wp\/v2\/product_tag?post=78117"}],"curies":[{"name":"wp","href":"https:\/\/api.w.org\/{rel}","templated":true}]}}