{"id":77911,"date":"2023-02-28T01:01:59","date_gmt":"2023-02-28T00:01:59","guid":{"rendered":"http:\/\/shop.bantam.ch\/produit\/auffahrkeil-level-up-premium-grau\/"},"modified":"2026-04-18T21:21:47","modified_gmt":"2026-04-18T19:21:47","slug":"auffahrkeil-level-up-premium-grau","status":"publish","type":"product","link":"https:\/\/shop.bantam.ch\/de\/produkt\/auffahrkeil-level-up-premium-grau\/","title":{"rendered":"Auffahrkeil Fiamma Level Up Premium Farbe grau Inhalt 2 St\u00fcck"},"content":{"rendered":"<p>Das neue Hochleistungs-Stufenkeilsystem f\u00fcr alle Reisemobiltypen<br \/>Der neue Stufenkeil mit drei Stufen auf 7, 13 und 17 cm H\u00f6he. Das Verh\u00e4ltnis der Kontaktfl\u00e4che mit dem Untergrund zu der mit dem Reifen garantiert optimale Leistung auf instabilem Gel\u00e4nde. Die gro\u00dfe Auflagefl\u00e4che und die speziell geformten Stufen sch\u00fctzen den Reifen vor Verformung. Die neue, \u00fcberarbeitete Struktur ist auf eine hohe Traglast und Anpassungsf\u00e4higkeit des Produkts an unebenes Gel\u00e4nde ausgelegt. Trotz seiner \u00fcppigeren Ma\u00dfe l\u00e4sst sich der Stufenkeil mit dem praktischen Handgriff auf der R\u00fcckseite bequem transportieren. Dieses Stufenkeilsystem ist im Gegensatz zu vergleichbaren Produkten besonders leicht und zeichnet sich durch seine hervorragende Leistung auf jedem Untergrund aus. Die serienm\u00e4\u00dfig enthaltene, praktische Tragetasche Level Bag Premium erm\u00f6glicht ein einfaches Verstauen und Aufbewahren des Produkts.<\/p>\n<ul>\n<li>Produktvorteile:<\/li>\n<li>Reifenschutz<\/li>\n<li>Versinkt nicht im Boden<\/li>\n<li>Aus Technopolymer, mit Stufen auf drei Ebenen<\/li>\n<li>Tragkraft pro St. 2.500 kg<\/li>\n<li>Bruchgetestet bei bis zu 8.000 kg<\/li>\n<\/ul>\n<p>Inhalt: <br \/>2 St\u00fcck<\/p>\n<p>Lieferumfang:<br \/>Inklusive Tragetasche Level Bag Premium<\/p>\n","protected":false},"excerpt":{"rendered":"<p>Das neue Hochleistungs-Stufenkeilsystem f\u00fcr alle ReisemobiltypenDer neue Stufenkeil mit drei Stufen auf 7, 13 und 17 cm H\u00f6he. Das Verh\u00e4ltnis der Kontaktfl\u00e4che mit dem Untergrund zu der mit dem Reifen garantiert optimale Leistung auf instabilem Gel\u00e4nde. Die gro\u00dfe Auflagefl\u00e4che und die speziell geformten Stufen sch\u00fctzen den Reifen vor Verformung. Die neue, \u00fcberarbeitete Struktur ist auf [&hellip;]<\/p>\n","protected":false},"featured_media":77903,"template":"","meta":{"_acf_changed":false},"product_featured_cat":[],"product_brand":[3035],"product_cat":[4770],"product_tag":[],"class_list":{"0":"post-77911","1":"product","2":"type-product","3":"status-publish","4":"has-post-thumbnail","6":"product_brand-fiamma-de","7":"product_cat-auffahrkeile","9":"first","10":"instock","11":"taxable","12":"shipping-taxable","13":"purchasable","14":"product-type-simple"},"acf":[],"yoast_head":"<!-- This site is optimized with the Yoast SEO plugin v27.4 - https:\/\/yoast.com\/product\/yoast-seo-wordpress\/ -->\n<title>Auffahrkeil Fiamma Level Up Premium Farbe grau Inhalt 2 St\u00fcck - Bantam Camping AG<\/title>\n<meta name=\"robots\" content=\"index, follow, max-snippet:-1, max-image-preview:large, max-video-preview:-1\" \/>\n<link rel=\"canonical\" href=\"https:\/\/shop.bantam.ch\/de\/produkt\/auffahrkeil-level-up-premium-grau\/\" \/>\n<meta property=\"og:locale\" content=\"de_DE\" \/>\n<meta property=\"og:type\" content=\"article\" \/>\n<meta property=\"og:title\" content=\"Auffahrkeil Fiamma Level Up Premium Farbe grau Inhalt 2 St\u00fcck - Bantam Camping AG\" \/>\n<meta property=\"og:description\" content=\"Das neue Hochleistungs-Stufenkeilsystem f\u00fcr alle ReisemobiltypenDer neue Stufenkeil mit drei Stufen auf 7, 13 und 17 cm H\u00f6he. Das Verh\u00e4ltnis der Kontaktfl\u00e4che mit dem Untergrund zu der mit dem Reifen garantiert optimale Leistung auf instabilem Gel\u00e4nde. Die gro\u00dfe Auflagefl\u00e4che und die speziell geformten Stufen sch\u00fctzen den Reifen vor Verformung. Die neue, \u00fcberarbeitete Struktur ist auf [&hellip;]\" \/>\n<meta property=\"og:url\" content=\"https:\/\/shop.bantam.ch\/de\/produkt\/auffahrkeil-level-up-premium-grau\/\" \/>\n<meta property=\"og:site_name\" content=\"Bantam Camping AG\" \/>\n<meta property=\"article:modified_time\" content=\"2026-04-18T19:21:47+00:00\" \/>\n<meta property=\"og:image\" content=\"https:\/\/shop.bantam.ch\/wp-content\/uploads\/2023\/02\/9942568-100-1-3.jpg\" \/>\n\t<meta property=\"og:image:width\" content=\"1000\" \/>\n\t<meta property=\"og:image:height\" content=\"773\" \/>\n\t<meta property=\"og:image:type\" content=\"image\/jpeg\" \/>\n<meta name=\"twitter:card\" content=\"summary_large_image\" \/>\n<meta name=\"twitter:label1\" content=\"Gesch\u00e4tzte Lesezeit\" \/>\n\t<meta name=\"twitter:data1\" content=\"1\u00a0Minute\" \/>\n<script type=\"application\/ld+json\" class=\"yoast-schema-graph\">{\"@context\":\"https:\\\/\\\/schema.org\",\"@graph\":[{\"@type\":\"WebPage\",\"@id\":\"https:\\\/\\\/shop.bantam.ch\\\/de\\\/produkt\\\/auffahrkeil-level-up-premium-grau\\\/\",\"url\":\"https:\\\/\\\/shop.bantam.ch\\\/de\\\/produkt\\\/auffahrkeil-level-up-premium-grau\\\/\",\"name\":\"Auffahrkeil Fiamma Level Up Premium Farbe grau Inhalt 2 St\u00fcck - Bantam Camping AG\",\"isPartOf\":{\"@id\":\"https:\\\/\\\/shop.bantam.ch\\\/de\\\/#website\"},\"primaryImageOfPage\":{\"@id\":\"https:\\\/\\\/shop.bantam.ch\\\/de\\\/produkt\\\/auffahrkeil-level-up-premium-grau\\\/#primaryimage\"},\"image\":{\"@id\":\"https:\\\/\\\/shop.bantam.ch\\\/de\\\/produkt\\\/auffahrkeil-level-up-premium-grau\\\/#primaryimage\"},\"thumbnailUrl\":\"https:\\\/\\\/shop.bantam.ch\\\/wp-content\\\/uploads\\\/2023\\\/02\\\/9942568-100-1-3.jpg\",\"datePublished\":\"2023-02-28T00:01:59+00:00\",\"dateModified\":\"2026-04-18T19:21:47+00:00\",\"breadcrumb\":{\"@id\":\"https:\\\/\\\/shop.bantam.ch\\\/de\\\/produkt\\\/auffahrkeil-level-up-premium-grau\\\/#breadcrumb\"},\"inLanguage\":\"de\",\"potentialAction\":[{\"@type\":\"ReadAction\",\"target\":[\"https:\\\/\\\/shop.bantam.ch\\\/de\\\/produkt\\\/auffahrkeil-level-up-premium-grau\\\/\"]}]},{\"@type\":\"ImageObject\",\"inLanguage\":\"de\",\"@id\":\"https:\\\/\\\/shop.bantam.ch\\\/de\\\/produkt\\\/auffahrkeil-level-up-premium-grau\\\/#primaryimage\",\"url\":\"https:\\\/\\\/shop.bantam.ch\\\/wp-content\\\/uploads\\\/2023\\\/02\\\/9942568-100-1-3.jpg\",\"contentUrl\":\"https:\\\/\\\/shop.bantam.ch\\\/wp-content\\\/uploads\\\/2023\\\/02\\\/9942568-100-1-3.jpg\",\"width\":1000,\"height\":773},{\"@type\":\"BreadcrumbList\",\"@id\":\"https:\\\/\\\/shop.bantam.ch\\\/de\\\/produkt\\\/auffahrkeil-level-up-premium-grau\\\/#breadcrumb\",\"itemListElement\":[{\"@type\":\"ListItem\",\"position\":1,\"name\":\"Accueil\",\"item\":\"https:\\\/\\\/shop.bantam.ch\\\/de\\\/\"},{\"@type\":\"ListItem\",\"position\":2,\"name\":\"Shop\",\"item\":\"https:\\\/\\\/shop.bantam.ch\\\/de\\\/shop\\\/\"},{\"@type\":\"ListItem\",\"position\":3,\"name\":\"Auffahrkeil Fiamma Level Up Premium Farbe grau Inhalt 2 St\u00fcck\"}]},{\"@type\":\"WebSite\",\"@id\":\"https:\\\/\\\/shop.bantam.ch\\\/de\\\/#website\",\"url\":\"https:\\\/\\\/shop.bantam.ch\\\/de\\\/\",\"name\":\"Bantam Camping AG\",\"description\":\"\",\"publisher\":{\"@id\":\"https:\\\/\\\/shop.bantam.ch\\\/de\\\/#organization\"},\"inLanguage\":\"de\"},{\"@type\":\"Organization\",\"@id\":\"https:\\\/\\\/shop.bantam.ch\\\/de\\\/#organization\",\"name\":\"Bantam Camping AG\",\"url\":\"https:\\\/\\\/shop.bantam.ch\\\/de\\\/\",\"logo\":{\"@type\":\"ImageObject\",\"inLanguage\":\"de\",\"@id\":\"https:\\\/\\\/shop.bantam.ch\\\/de\\\/#\\\/schema\\\/logo\\\/image\\\/\",\"url\":\"https:\\\/\\\/shop.bantam.ch\\\/wp-content\\\/uploads\\\/2022\\\/12\\\/bantam-logo.png\",\"contentUrl\":\"https:\\\/\\\/shop.bantam.ch\\\/wp-content\\\/uploads\\\/2022\\\/12\\\/bantam-logo.png\",\"width\":320,\"height\":71,\"caption\":\"Bantam Camping AG\"},\"image\":{\"@id\":\"https:\\\/\\\/shop.bantam.ch\\\/de\\\/#\\\/schema\\\/logo\\\/image\\\/\"}}]}<\/script>\n<!-- \/ Yoast SEO plugin. -->","yoast_head_json":{"title":"Auffahrkeil Fiamma Level Up Premium Farbe grau Inhalt 2 St\u00fcck - Bantam Camping AG","robots":{"index":"index","follow":"follow","max-snippet":"max-snippet:-1","max-image-preview":"max-image-preview:large","max-video-preview":"max-video-preview:-1"},"canonical":"https:\/\/shop.bantam.ch\/de\/produkt\/auffahrkeil-level-up-premium-grau\/","og_locale":"de_DE","og_type":"article","og_title":"Auffahrkeil Fiamma Level Up Premium Farbe grau Inhalt 2 St\u00fcck - Bantam Camping AG","og_description":"Das neue Hochleistungs-Stufenkeilsystem f\u00fcr alle ReisemobiltypenDer neue Stufenkeil mit drei Stufen auf 7, 13 und 17 cm H\u00f6he. Das Verh\u00e4ltnis der Kontaktfl\u00e4che mit dem Untergrund zu der mit dem Reifen garantiert optimale Leistung auf instabilem Gel\u00e4nde. Die gro\u00dfe Auflagefl\u00e4che und die speziell geformten Stufen sch\u00fctzen den Reifen vor Verformung. Die neue, \u00fcberarbeitete Struktur ist auf [&hellip;]","og_url":"https:\/\/shop.bantam.ch\/de\/produkt\/auffahrkeil-level-up-premium-grau\/","og_site_name":"Bantam Camping AG","article_modified_time":"2026-04-18T19:21:47+00:00","og_image":[{"width":1000,"height":773,"url":"https:\/\/shop.bantam.ch\/wp-content\/uploads\/2023\/02\/9942568-100-1-3.jpg","type":"image\/jpeg"}],"twitter_card":"summary_large_image","twitter_misc":{"Gesch\u00e4tzte Lesezeit":"1\u00a0Minute"},"schema":{"@context":"https:\/\/schema.org","@graph":[{"@type":"WebPage","@id":"https:\/\/shop.bantam.ch\/de\/produkt\/auffahrkeil-level-up-premium-grau\/","url":"https:\/\/shop.bantam.ch\/de\/produkt\/auffahrkeil-level-up-premium-grau\/","name":"Auffahrkeil Fiamma Level Up Premium Farbe grau Inhalt 2 St\u00fcck - Bantam Camping AG","isPartOf":{"@id":"https:\/\/shop.bantam.ch\/de\/#website"},"primaryImageOfPage":{"@id":"https:\/\/shop.bantam.ch\/de\/produkt\/auffahrkeil-level-up-premium-grau\/#primaryimage"},"image":{"@id":"https:\/\/shop.bantam.ch\/de\/produkt\/auffahrkeil-level-up-premium-grau\/#primaryimage"},"thumbnailUrl":"https:\/\/shop.bantam.ch\/wp-content\/uploads\/2023\/02\/9942568-100-1-3.jpg","datePublished":"2023-02-28T00:01:59+00:00","dateModified":"2026-04-18T19:21:47+00:00","breadcrumb":{"@id":"https:\/\/shop.bantam.ch\/de\/produkt\/auffahrkeil-level-up-premium-grau\/#breadcrumb"},"inLanguage":"de","potentialAction":[{"@type":"ReadAction","target":["https:\/\/shop.bantam.ch\/de\/produkt\/auffahrkeil-level-up-premium-grau\/"]}]},{"@type":"ImageObject","inLanguage":"de","@id":"https:\/\/shop.bantam.ch\/de\/produkt\/auffahrkeil-level-up-premium-grau\/#primaryimage","url":"https:\/\/shop.bantam.ch\/wp-content\/uploads\/2023\/02\/9942568-100-1-3.jpg","contentUrl":"https:\/\/shop.bantam.ch\/wp-content\/uploads\/2023\/02\/9942568-100-1-3.jpg","width":1000,"height":773},{"@type":"BreadcrumbList","@id":"https:\/\/shop.bantam.ch\/de\/produkt\/auffahrkeil-level-up-premium-grau\/#breadcrumb","itemListElement":[{"@type":"ListItem","position":1,"name":"Accueil","item":"https:\/\/shop.bantam.ch\/de\/"},{"@type":"ListItem","position":2,"name":"Shop","item":"https:\/\/shop.bantam.ch\/de\/shop\/"},{"@type":"ListItem","position":3,"name":"Auffahrkeil Fiamma Level Up Premium Farbe grau Inhalt 2 St\u00fcck"}]},{"@type":"WebSite","@id":"https:\/\/shop.bantam.ch\/de\/#website","url":"https:\/\/shop.bantam.ch\/de\/","name":"Bantam Camping AG","description":"","publisher":{"@id":"https:\/\/shop.bantam.ch\/de\/#organization"},"inLanguage":"de"},{"@type":"Organization","@id":"https:\/\/shop.bantam.ch\/de\/#organization","name":"Bantam Camping AG","url":"https:\/\/shop.bantam.ch\/de\/","logo":{"@type":"ImageObject","inLanguage":"de","@id":"https:\/\/shop.bantam.ch\/de\/#\/schema\/logo\/image\/","url":"https:\/\/shop.bantam.ch\/wp-content\/uploads\/2022\/12\/bantam-logo.png","contentUrl":"https:\/\/shop.bantam.ch\/wp-content\/uploads\/2022\/12\/bantam-logo.png","width":320,"height":71,"caption":"Bantam Camping AG"},"image":{"@id":"https:\/\/shop.bantam.ch\/de\/#\/schema\/logo\/image\/"}}]}},"_links":{"self":[{"href":"https:\/\/shop.bantam.ch\/de\/wp-json\/wp\/v2\/product\/77911","targetHints":{"allow":["GET"]}}],"collection":[{"href":"https:\/\/shop.bantam.ch\/de\/wp-json\/wp\/v2\/product"}],"about":[{"href":"https:\/\/shop.bantam.ch\/de\/wp-json\/wp\/v2\/types\/product"}],"wp:featuredmedia":[{"embeddable":true,"href":"https:\/\/shop.bantam.ch\/de\/wp-json\/wp\/v2\/media\/77903"}],"wp:attachment":[{"href":"https:\/\/shop.bantam.ch\/de\/wp-json\/wp\/v2\/media?parent=77911"}],"wp:term":[{"taxonomy":"product_featured_cat","embeddable":true,"href":"https:\/\/shop.bantam.ch\/de\/wp-json\/wp\/v2\/product_featured_cat?post=77911"},{"taxonomy":"product_brand","embeddable":true,"href":"https:\/\/shop.bantam.ch\/de\/wp-json\/wp\/v2\/product_brand?post=77911"},{"taxonomy":"product_cat","embeddable":true,"href":"https:\/\/shop.bantam.ch\/de\/wp-json\/wp\/v2\/product_cat?post=77911"},{"taxonomy":"product_tag","embeddable":true,"href":"https:\/\/shop.bantam.ch\/de\/wp-json\/wp\/v2\/product_tag?post=77911"}],"curies":[{"name":"wp","href":"https:\/\/api.w.org\/{rel}","templated":true}]}}