{"id":77885,"date":"2023-02-28T01:01:41","date_gmt":"2023-02-28T00:01:41","guid":{"rendered":"http:\/\/shop.bantam.ch\/produit\/bollerwagen-beach-car-sunny-grau\/"},"modified":"2026-05-11T21:20:44","modified_gmt":"2026-05-11T19:20:44","slug":"bollerwagen-beach-car-sunny-grau","status":"publish","type":"product","link":"https:\/\/shop.bantam.ch\/de\/produkt\/bollerwagen-beach-car-sunny-grau\/","title":{"rendered":"Bollerwagen Eurotrail Beach Car Sunny Farbe grau"},"content":{"rendered":"<p>Faltbare Gep\u00e4ckwagen, speziell f\u00fcr den Einsatz auf dem Strand eingestellt. Die gro\u00dfen R\u00e4der aus Gummi sorgen f\u00fcr leichten Transport und verhindern, dass der Wagen im Sand stecken bleibt. Leicht zu falten und braucht wenig Platz. Sekundenschnell bereit durch ein ganz neues Faltsystem. Zusammengeklappt ist er wie ein Trolley zu transportieren.<\/p>\n<p>Material:<br \/>Bezug: 100 % Polyester<br \/>Gestell: Stahl<\/p>\n","protected":false},"excerpt":{"rendered":"<p>Faltbare Gep\u00e4ckwagen, speziell f\u00fcr den Einsatz auf dem Strand eingestellt. Die gro\u00dfen R\u00e4der aus Gummi sorgen f\u00fcr leichten Transport und verhindern, dass der Wagen im Sand stecken bleibt. Leicht zu falten und braucht wenig Platz. Sekundenschnell bereit durch ein ganz neues Faltsystem. Zusammengeklappt ist er wie ein Trolley zu transportieren. Material:Bezug: 100 % PolyesterGestell: Stahl<\/p>\n","protected":false},"featured_media":77871,"template":"","meta":{"_acf_changed":false},"product_featured_cat":[1859],"product_brand":[3075],"product_cat":[4474],"product_tag":[],"class_list":{"0":"post-77885","1":"product","2":"type-product","3":"status-publish","4":"has-post-thumbnail","6":"product_featured_cat-erstausstattung-fuer-camper","7":"product_brand-eurotrail-de","8":"product_cat-transport-bollerwagen","10":"first","11":"instock","12":"taxable","13":"shipping-taxable","14":"purchasable","15":"product-type-simple"},"acf":[],"yoast_head":"<!-- This site is optimized with the Yoast SEO plugin v27.5 - https:\/\/yoast.com\/product\/yoast-seo-wordpress\/ -->\n<title>Bollerwagen Eurotrail Beach Car Sunny Farbe grau - Bantam<\/title>\n<meta name=\"robots\" content=\"index, follow, max-snippet:-1, max-image-preview:large, max-video-preview:-1\" \/>\n<link rel=\"canonical\" href=\"https:\/\/shop.bantam.ch\/de\/produkt\/bollerwagen-beach-car-sunny-grau\/\" \/>\n<meta property=\"og:locale\" content=\"de_DE\" \/>\n<meta property=\"og:type\" content=\"article\" \/>\n<meta property=\"og:title\" content=\"Bollerwagen Eurotrail Beach Car Sunny Farbe grau - Bantam\" \/>\n<meta property=\"og:description\" content=\"Faltbare Gep\u00e4ckwagen, speziell f\u00fcr den Einsatz auf dem Strand eingestellt. Die gro\u00dfen R\u00e4der aus Gummi sorgen f\u00fcr leichten Transport und verhindern, dass der Wagen im Sand stecken bleibt. Leicht zu falten und braucht wenig Platz. Sekundenschnell bereit durch ein ganz neues Faltsystem. Zusammengeklappt ist er wie ein Trolley zu transportieren. Material:Bezug: 100 % PolyesterGestell: Stahl\" \/>\n<meta property=\"og:url\" content=\"https:\/\/shop.bantam.ch\/de\/produkt\/bollerwagen-beach-car-sunny-grau\/\" \/>\n<meta property=\"og:site_name\" content=\"Bantam\" \/>\n<meta property=\"article:modified_time\" content=\"2026-05-11T19:20:44+00:00\" \/>\n<meta property=\"og:image\" content=\"https:\/\/shop.bantam.ch\/wp-content\/uploads\/2023\/02\/9931917-2.jpg\" \/>\n\t<meta property=\"og:image:width\" content=\"755\" \/>\n\t<meta property=\"og:image:height\" content=\"1000\" \/>\n\t<meta property=\"og:image:type\" content=\"image\/jpeg\" \/>\n<meta name=\"twitter:card\" content=\"summary_large_image\" \/>\n<script type=\"application\/ld+json\" class=\"yoast-schema-graph\">{\"@context\":\"https:\\\/\\\/schema.org\",\"@graph\":[{\"@type\":\"WebPage\",\"@id\":\"https:\\\/\\\/shop.bantam.ch\\\/de\\\/produkt\\\/bollerwagen-beach-car-sunny-grau\\\/\",\"url\":\"https:\\\/\\\/shop.bantam.ch\\\/de\\\/produkt\\\/bollerwagen-beach-car-sunny-grau\\\/\",\"name\":\"Bollerwagen Eurotrail Beach Car Sunny Farbe grau - Bantam\",\"isPartOf\":{\"@id\":\"https:\\\/\\\/shop.bantam.ch\\\/de\\\/#website\"},\"primaryImageOfPage\":{\"@id\":\"https:\\\/\\\/shop.bantam.ch\\\/de\\\/produkt\\\/bollerwagen-beach-car-sunny-grau\\\/#primaryimage\"},\"image\":{\"@id\":\"https:\\\/\\\/shop.bantam.ch\\\/de\\\/produkt\\\/bollerwagen-beach-car-sunny-grau\\\/#primaryimage\"},\"thumbnailUrl\":\"https:\\\/\\\/shop.bantam.ch\\\/wp-content\\\/uploads\\\/2023\\\/02\\\/9931917-2.jpg\",\"datePublished\":\"2023-02-28T00:01:41+00:00\",\"dateModified\":\"2026-05-11T19:20:44+00:00\",\"breadcrumb\":{\"@id\":\"https:\\\/\\\/shop.bantam.ch\\\/de\\\/produkt\\\/bollerwagen-beach-car-sunny-grau\\\/#breadcrumb\"},\"inLanguage\":\"de\",\"potentialAction\":[{\"@type\":\"ReadAction\",\"target\":[\"https:\\\/\\\/shop.bantam.ch\\\/de\\\/produkt\\\/bollerwagen-beach-car-sunny-grau\\\/\"]}]},{\"@type\":\"ImageObject\",\"inLanguage\":\"de\",\"@id\":\"https:\\\/\\\/shop.bantam.ch\\\/de\\\/produkt\\\/bollerwagen-beach-car-sunny-grau\\\/#primaryimage\",\"url\":\"https:\\\/\\\/shop.bantam.ch\\\/wp-content\\\/uploads\\\/2023\\\/02\\\/9931917-2.jpg\",\"contentUrl\":\"https:\\\/\\\/shop.bantam.ch\\\/wp-content\\\/uploads\\\/2023\\\/02\\\/9931917-2.jpg\",\"width\":755,\"height\":1000},{\"@type\":\"BreadcrumbList\",\"@id\":\"https:\\\/\\\/shop.bantam.ch\\\/de\\\/produkt\\\/bollerwagen-beach-car-sunny-grau\\\/#breadcrumb\",\"itemListElement\":[{\"@type\":\"ListItem\",\"position\":1,\"name\":\"Accueil\",\"item\":\"https:\\\/\\\/shop.bantam.ch\\\/de\\\/\"},{\"@type\":\"ListItem\",\"position\":2,\"name\":\"Shop\",\"item\":\"https:\\\/\\\/shop.bantam.ch\\\/de\\\/shop\\\/\"},{\"@type\":\"ListItem\",\"position\":3,\"name\":\"Bollerwagen Eurotrail Beach Car Sunny Farbe grau\"}]},{\"@type\":\"WebSite\",\"@id\":\"https:\\\/\\\/shop.bantam.ch\\\/de\\\/#website\",\"url\":\"https:\\\/\\\/shop.bantam.ch\\\/de\\\/\",\"name\":\"Bantam\",\"description\":\"\",\"publisher\":{\"@id\":\"https:\\\/\\\/shop.bantam.ch\\\/de\\\/#organization\"},\"inLanguage\":\"de\"},{\"@type\":\"Organization\",\"@id\":\"https:\\\/\\\/shop.bantam.ch\\\/de\\\/#organization\",\"name\":\"Bantam\",\"url\":\"https:\\\/\\\/shop.bantam.ch\\\/de\\\/\",\"logo\":{\"@type\":\"ImageObject\",\"inLanguage\":\"de\",\"@id\":\"https:\\\/\\\/shop.bantam.ch\\\/de\\\/#\\\/schema\\\/logo\\\/image\\\/\",\"url\":\"https:\\\/\\\/shop.bantam.ch\\\/wp-content\\\/uploads\\\/2022\\\/12\\\/bantam-logo.png\",\"contentUrl\":\"https:\\\/\\\/shop.bantam.ch\\\/wp-content\\\/uploads\\\/2022\\\/12\\\/bantam-logo.png\",\"width\":320,\"height\":71,\"caption\":\"Bantam\"},\"image\":{\"@id\":\"https:\\\/\\\/shop.bantam.ch\\\/de\\\/#\\\/schema\\\/logo\\\/image\\\/\"}}]}<\/script>\n<!-- \/ Yoast SEO plugin. -->","yoast_head_json":{"title":"Bollerwagen Eurotrail Beach Car Sunny Farbe grau - Bantam","robots":{"index":"index","follow":"follow","max-snippet":"max-snippet:-1","max-image-preview":"max-image-preview:large","max-video-preview":"max-video-preview:-1"},"canonical":"https:\/\/shop.bantam.ch\/de\/produkt\/bollerwagen-beach-car-sunny-grau\/","og_locale":"de_DE","og_type":"article","og_title":"Bollerwagen Eurotrail Beach Car Sunny Farbe grau - Bantam","og_description":"Faltbare Gep\u00e4ckwagen, speziell f\u00fcr den Einsatz auf dem Strand eingestellt. Die gro\u00dfen R\u00e4der aus Gummi sorgen f\u00fcr leichten Transport und verhindern, dass der Wagen im Sand stecken bleibt. Leicht zu falten und braucht wenig Platz. Sekundenschnell bereit durch ein ganz neues Faltsystem. Zusammengeklappt ist er wie ein Trolley zu transportieren. Material:Bezug: 100 % PolyesterGestell: Stahl","og_url":"https:\/\/shop.bantam.ch\/de\/produkt\/bollerwagen-beach-car-sunny-grau\/","og_site_name":"Bantam","article_modified_time":"2026-05-11T19:20:44+00:00","og_image":[{"width":755,"height":1000,"url":"https:\/\/shop.bantam.ch\/wp-content\/uploads\/2023\/02\/9931917-2.jpg","type":"image\/jpeg"}],"twitter_card":"summary_large_image","schema":{"@context":"https:\/\/schema.org","@graph":[{"@type":"WebPage","@id":"https:\/\/shop.bantam.ch\/de\/produkt\/bollerwagen-beach-car-sunny-grau\/","url":"https:\/\/shop.bantam.ch\/de\/produkt\/bollerwagen-beach-car-sunny-grau\/","name":"Bollerwagen Eurotrail Beach Car Sunny Farbe grau - Bantam","isPartOf":{"@id":"https:\/\/shop.bantam.ch\/de\/#website"},"primaryImageOfPage":{"@id":"https:\/\/shop.bantam.ch\/de\/produkt\/bollerwagen-beach-car-sunny-grau\/#primaryimage"},"image":{"@id":"https:\/\/shop.bantam.ch\/de\/produkt\/bollerwagen-beach-car-sunny-grau\/#primaryimage"},"thumbnailUrl":"https:\/\/shop.bantam.ch\/wp-content\/uploads\/2023\/02\/9931917-2.jpg","datePublished":"2023-02-28T00:01:41+00:00","dateModified":"2026-05-11T19:20:44+00:00","breadcrumb":{"@id":"https:\/\/shop.bantam.ch\/de\/produkt\/bollerwagen-beach-car-sunny-grau\/#breadcrumb"},"inLanguage":"de","potentialAction":[{"@type":"ReadAction","target":["https:\/\/shop.bantam.ch\/de\/produkt\/bollerwagen-beach-car-sunny-grau\/"]}]},{"@type":"ImageObject","inLanguage":"de","@id":"https:\/\/shop.bantam.ch\/de\/produkt\/bollerwagen-beach-car-sunny-grau\/#primaryimage","url":"https:\/\/shop.bantam.ch\/wp-content\/uploads\/2023\/02\/9931917-2.jpg","contentUrl":"https:\/\/shop.bantam.ch\/wp-content\/uploads\/2023\/02\/9931917-2.jpg","width":755,"height":1000},{"@type":"BreadcrumbList","@id":"https:\/\/shop.bantam.ch\/de\/produkt\/bollerwagen-beach-car-sunny-grau\/#breadcrumb","itemListElement":[{"@type":"ListItem","position":1,"name":"Accueil","item":"https:\/\/shop.bantam.ch\/de\/"},{"@type":"ListItem","position":2,"name":"Shop","item":"https:\/\/shop.bantam.ch\/de\/shop\/"},{"@type":"ListItem","position":3,"name":"Bollerwagen Eurotrail Beach Car Sunny Farbe grau"}]},{"@type":"WebSite","@id":"https:\/\/shop.bantam.ch\/de\/#website","url":"https:\/\/shop.bantam.ch\/de\/","name":"Bantam","description":"","publisher":{"@id":"https:\/\/shop.bantam.ch\/de\/#organization"},"inLanguage":"de"},{"@type":"Organization","@id":"https:\/\/shop.bantam.ch\/de\/#organization","name":"Bantam","url":"https:\/\/shop.bantam.ch\/de\/","logo":{"@type":"ImageObject","inLanguage":"de","@id":"https:\/\/shop.bantam.ch\/de\/#\/schema\/logo\/image\/","url":"https:\/\/shop.bantam.ch\/wp-content\/uploads\/2022\/12\/bantam-logo.png","contentUrl":"https:\/\/shop.bantam.ch\/wp-content\/uploads\/2022\/12\/bantam-logo.png","width":320,"height":71,"caption":"Bantam"},"image":{"@id":"https:\/\/shop.bantam.ch\/de\/#\/schema\/logo\/image\/"}}]}},"_links":{"self":[{"href":"https:\/\/shop.bantam.ch\/de\/wp-json\/wp\/v2\/product\/77885","targetHints":{"allow":["GET"]}}],"collection":[{"href":"https:\/\/shop.bantam.ch\/de\/wp-json\/wp\/v2\/product"}],"about":[{"href":"https:\/\/shop.bantam.ch\/de\/wp-json\/wp\/v2\/types\/product"}],"wp:featuredmedia":[{"embeddable":true,"href":"https:\/\/shop.bantam.ch\/de\/wp-json\/wp\/v2\/media\/77871"}],"wp:attachment":[{"href":"https:\/\/shop.bantam.ch\/de\/wp-json\/wp\/v2\/media?parent=77885"}],"wp:term":[{"taxonomy":"product_featured_cat","embeddable":true,"href":"https:\/\/shop.bantam.ch\/de\/wp-json\/wp\/v2\/product_featured_cat?post=77885"},{"taxonomy":"product_brand","embeddable":true,"href":"https:\/\/shop.bantam.ch\/de\/wp-json\/wp\/v2\/product_brand?post=77885"},{"taxonomy":"product_cat","embeddable":true,"href":"https:\/\/shop.bantam.ch\/de\/wp-json\/wp\/v2\/product_cat?post=77885"},{"taxonomy":"product_tag","embeddable":true,"href":"https:\/\/shop.bantam.ch\/de\/wp-json\/wp\/v2\/product_tag?post=77885"}],"curies":[{"name":"wp","href":"https:\/\/api.w.org\/{rel}","templated":true}]}}