{"id":77789,"date":"2023-02-28T01:00:21","date_gmt":"2023-02-28T00:00:21","guid":{"rendered":"http:\/\/shop.bantam.ch\/produit\/stuhl-avantgarde-noblesse-black-edition\/"},"modified":"2026-04-18T21:21:32","modified_gmt":"2026-04-18T19:21:32","slug":"stuhl-avantgarde-noblesse-black-edition","status":"publish","type":"product","link":"https:\/\/shop.bantam.ch\/de\/produkt\/stuhl-avantgarde-noblesse-black-edition\/","title":{"rendered":"Stuhl Avantgarde Noblesse Black Edition"},"content":{"rendered":"<p>Mit Abstand der leichteste Komfort Hochlehner Stuhl im Markt. Die Kombination von neuen Materialien gepaart mit unserer bew\u00e4hrten, f\u00fchrenden Produktionstechnik, machen diesen Stuhl zum Vorbild f\u00fcr die kommende Generation der Camping und Caravan M\u00f6bel. Ein Muss f\u00fcr jeden, der nach dem Besten sucht. Die neugestaltete 7-fach verstellbare LSS R\u00fcckenlehne mit verbesserter Kopfpolsterung sorgt f\u00fcr einen entspannten, Sitz-und Liegekomfort.\u00a0Das Gestell ist aus der Leichtmetallstruktur DuraLite-Aluminium.\u00a0Die neue L- f\u00f6rmige Struktur bietet die bestm\u00f6gliche Funktion f\u00fcr ein kompaktes Rahmen-Faltma\u00df. Er ist ultraleicht und unglaublich stark. Die Sitzauflage in DuraDore (3D- Faserstruktur) ist weich und das Material atmungsaktiv. Sie bietet bei allen Wetterbedingungen einen perfekten Sitzkomfort. Die &#8220; Aquarinse Technology&#8220; dieser neuen Faser l\u00e4sst das Regenwasser durch die Struktur laufen. Der Stoff ist sehr schnell wieder trocken. Die neue ergonomisch geformte Armlehne aus &#8222;Dura Protect\u20ac\u009d Fasern ist nahezu unzerbrechlich und bietet einen optimalen Schutz vor Abnutzung. Die Sitzposition ist sehr leicht zu verstellen.<\/p>\n<p>Material:<br \/>Bezug: 100 % Polyester<br \/>Gestell: 100 % Aluminium<\/p>\n","protected":false},"excerpt":{"rendered":"<p>Mit Abstand der leichteste Komfort Hochlehner Stuhl im Markt. Die Kombination von neuen Materialien gepaart mit unserer bew\u00e4hrten, f\u00fchrenden Produktionstechnik, machen diesen Stuhl zum Vorbild f\u00fcr die kommende Generation der Camping und Caravan M\u00f6bel. Ein Muss f\u00fcr jeden, der nach dem Besten sucht. Die neugestaltete 7-fach verstellbare LSS R\u00fcckenlehne mit verbesserter Kopfpolsterung sorgt f\u00fcr einen [&hellip;]<\/p>\n","protected":false},"featured_media":77787,"template":"","meta":{"_acf_changed":false},"product_featured_cat":[],"product_brand":[3093],"product_cat":[4972],"product_tag":[],"class_list":{"0":"post-77789","1":"product","2":"type-product","3":"status-publish","4":"has-post-thumbnail","6":"product_brand-westfield-outdoors-de","7":"product_cat-campingstuehle","9":"first","10":"instock","11":"taxable","12":"shipping-taxable","13":"purchasable","14":"product-type-simple"},"acf":[],"yoast_head":"<!-- This site is optimized with the Yoast SEO plugin v27.4 - https:\/\/yoast.com\/product\/yoast-seo-wordpress\/ -->\n<title>Stuhl Avantgarde Noblesse Black Edition - Bantam Camping AG<\/title>\n<meta name=\"robots\" content=\"index, follow, max-snippet:-1, max-image-preview:large, max-video-preview:-1\" \/>\n<link rel=\"canonical\" href=\"https:\/\/shop.bantam.ch\/de\/produkt\/stuhl-avantgarde-noblesse-black-edition\/\" \/>\n<meta property=\"og:locale\" content=\"de_DE\" \/>\n<meta property=\"og:type\" content=\"article\" \/>\n<meta property=\"og:title\" content=\"Stuhl Avantgarde Noblesse Black Edition - Bantam Camping AG\" \/>\n<meta property=\"og:description\" content=\"Mit Abstand der leichteste Komfort Hochlehner Stuhl im Markt. Die Kombination von neuen Materialien gepaart mit unserer bew\u00e4hrten, f\u00fchrenden Produktionstechnik, machen diesen Stuhl zum Vorbild f\u00fcr die kommende Generation der Camping und Caravan M\u00f6bel. Ein Muss f\u00fcr jeden, der nach dem Besten sucht. Die neugestaltete 7-fach verstellbare LSS R\u00fcckenlehne mit verbesserter Kopfpolsterung sorgt f\u00fcr einen [&hellip;]\" \/>\n<meta property=\"og:url\" content=\"https:\/\/shop.bantam.ch\/de\/produkt\/stuhl-avantgarde-noblesse-black-edition\/\" \/>\n<meta property=\"og:site_name\" content=\"Bantam Camping AG\" \/>\n<meta property=\"article:modified_time\" content=\"2026-04-18T19:21:32+00:00\" \/>\n<meta property=\"og:image\" content=\"https:\/\/shop.bantam.ch\/wp-content\/uploads\/2023\/02\/993191511.jpg\" \/>\n\t<meta property=\"og:image:width\" content=\"1000\" \/>\n\t<meta property=\"og:image:height\" content=\"628\" \/>\n\t<meta property=\"og:image:type\" content=\"image\/jpeg\" \/>\n<meta name=\"twitter:card\" content=\"summary_large_image\" \/>\n<meta name=\"twitter:label1\" content=\"Gesch\u00e4tzte Lesezeit\" \/>\n\t<meta name=\"twitter:data1\" content=\"1\u00a0Minute\" \/>\n<script type=\"application\/ld+json\" class=\"yoast-schema-graph\">{\"@context\":\"https:\\\/\\\/schema.org\",\"@graph\":[{\"@type\":\"WebPage\",\"@id\":\"https:\\\/\\\/shop.bantam.ch\\\/de\\\/produkt\\\/stuhl-avantgarde-noblesse-black-edition\\\/\",\"url\":\"https:\\\/\\\/shop.bantam.ch\\\/de\\\/produkt\\\/stuhl-avantgarde-noblesse-black-edition\\\/\",\"name\":\"Stuhl Avantgarde Noblesse Black Edition - Bantam Camping AG\",\"isPartOf\":{\"@id\":\"https:\\\/\\\/shop.bantam.ch\\\/de\\\/#website\"},\"primaryImageOfPage\":{\"@id\":\"https:\\\/\\\/shop.bantam.ch\\\/de\\\/produkt\\\/stuhl-avantgarde-noblesse-black-edition\\\/#primaryimage\"},\"image\":{\"@id\":\"https:\\\/\\\/shop.bantam.ch\\\/de\\\/produkt\\\/stuhl-avantgarde-noblesse-black-edition\\\/#primaryimage\"},\"thumbnailUrl\":\"https:\\\/\\\/shop.bantam.ch\\\/wp-content\\\/uploads\\\/2023\\\/02\\\/993191511.jpg\",\"datePublished\":\"2023-02-28T00:00:21+00:00\",\"dateModified\":\"2026-04-18T19:21:32+00:00\",\"breadcrumb\":{\"@id\":\"https:\\\/\\\/shop.bantam.ch\\\/de\\\/produkt\\\/stuhl-avantgarde-noblesse-black-edition\\\/#breadcrumb\"},\"inLanguage\":\"de\",\"potentialAction\":[{\"@type\":\"ReadAction\",\"target\":[\"https:\\\/\\\/shop.bantam.ch\\\/de\\\/produkt\\\/stuhl-avantgarde-noblesse-black-edition\\\/\"]}]},{\"@type\":\"ImageObject\",\"inLanguage\":\"de\",\"@id\":\"https:\\\/\\\/shop.bantam.ch\\\/de\\\/produkt\\\/stuhl-avantgarde-noblesse-black-edition\\\/#primaryimage\",\"url\":\"https:\\\/\\\/shop.bantam.ch\\\/wp-content\\\/uploads\\\/2023\\\/02\\\/993191511.jpg\",\"contentUrl\":\"https:\\\/\\\/shop.bantam.ch\\\/wp-content\\\/uploads\\\/2023\\\/02\\\/993191511.jpg\",\"width\":1000,\"height\":628},{\"@type\":\"BreadcrumbList\",\"@id\":\"https:\\\/\\\/shop.bantam.ch\\\/de\\\/produkt\\\/stuhl-avantgarde-noblesse-black-edition\\\/#breadcrumb\",\"itemListElement\":[{\"@type\":\"ListItem\",\"position\":1,\"name\":\"Accueil\",\"item\":\"https:\\\/\\\/shop.bantam.ch\\\/de\\\/\"},{\"@type\":\"ListItem\",\"position\":2,\"name\":\"Shop\",\"item\":\"https:\\\/\\\/shop.bantam.ch\\\/de\\\/shop\\\/\"},{\"@type\":\"ListItem\",\"position\":3,\"name\":\"Stuhl Avantgarde Noblesse Black Edition\"}]},{\"@type\":\"WebSite\",\"@id\":\"https:\\\/\\\/shop.bantam.ch\\\/de\\\/#website\",\"url\":\"https:\\\/\\\/shop.bantam.ch\\\/de\\\/\",\"name\":\"Bantam Camping AG\",\"description\":\"\",\"publisher\":{\"@id\":\"https:\\\/\\\/shop.bantam.ch\\\/de\\\/#organization\"},\"inLanguage\":\"de\"},{\"@type\":\"Organization\",\"@id\":\"https:\\\/\\\/shop.bantam.ch\\\/de\\\/#organization\",\"name\":\"Bantam Camping AG\",\"url\":\"https:\\\/\\\/shop.bantam.ch\\\/de\\\/\",\"logo\":{\"@type\":\"ImageObject\",\"inLanguage\":\"de\",\"@id\":\"https:\\\/\\\/shop.bantam.ch\\\/de\\\/#\\\/schema\\\/logo\\\/image\\\/\",\"url\":\"https:\\\/\\\/shop.bantam.ch\\\/wp-content\\\/uploads\\\/2022\\\/12\\\/bantam-logo.png\",\"contentUrl\":\"https:\\\/\\\/shop.bantam.ch\\\/wp-content\\\/uploads\\\/2022\\\/12\\\/bantam-logo.png\",\"width\":320,\"height\":71,\"caption\":\"Bantam Camping AG\"},\"image\":{\"@id\":\"https:\\\/\\\/shop.bantam.ch\\\/de\\\/#\\\/schema\\\/logo\\\/image\\\/\"}}]}<\/script>\n<!-- \/ Yoast SEO plugin. -->","yoast_head_json":{"title":"Stuhl Avantgarde Noblesse Black Edition - Bantam Camping AG","robots":{"index":"index","follow":"follow","max-snippet":"max-snippet:-1","max-image-preview":"max-image-preview:large","max-video-preview":"max-video-preview:-1"},"canonical":"https:\/\/shop.bantam.ch\/de\/produkt\/stuhl-avantgarde-noblesse-black-edition\/","og_locale":"de_DE","og_type":"article","og_title":"Stuhl Avantgarde Noblesse Black Edition - Bantam Camping AG","og_description":"Mit Abstand der leichteste Komfort Hochlehner Stuhl im Markt. Die Kombination von neuen Materialien gepaart mit unserer bew\u00e4hrten, f\u00fchrenden Produktionstechnik, machen diesen Stuhl zum Vorbild f\u00fcr die kommende Generation der Camping und Caravan M\u00f6bel. Ein Muss f\u00fcr jeden, der nach dem Besten sucht. Die neugestaltete 7-fach verstellbare LSS R\u00fcckenlehne mit verbesserter Kopfpolsterung sorgt f\u00fcr einen [&hellip;]","og_url":"https:\/\/shop.bantam.ch\/de\/produkt\/stuhl-avantgarde-noblesse-black-edition\/","og_site_name":"Bantam Camping AG","article_modified_time":"2026-04-18T19:21:32+00:00","og_image":[{"width":1000,"height":628,"url":"https:\/\/shop.bantam.ch\/wp-content\/uploads\/2023\/02\/993191511.jpg","type":"image\/jpeg"}],"twitter_card":"summary_large_image","twitter_misc":{"Gesch\u00e4tzte Lesezeit":"1\u00a0Minute"},"schema":{"@context":"https:\/\/schema.org","@graph":[{"@type":"WebPage","@id":"https:\/\/shop.bantam.ch\/de\/produkt\/stuhl-avantgarde-noblesse-black-edition\/","url":"https:\/\/shop.bantam.ch\/de\/produkt\/stuhl-avantgarde-noblesse-black-edition\/","name":"Stuhl Avantgarde Noblesse Black Edition - Bantam Camping AG","isPartOf":{"@id":"https:\/\/shop.bantam.ch\/de\/#website"},"primaryImageOfPage":{"@id":"https:\/\/shop.bantam.ch\/de\/produkt\/stuhl-avantgarde-noblesse-black-edition\/#primaryimage"},"image":{"@id":"https:\/\/shop.bantam.ch\/de\/produkt\/stuhl-avantgarde-noblesse-black-edition\/#primaryimage"},"thumbnailUrl":"https:\/\/shop.bantam.ch\/wp-content\/uploads\/2023\/02\/993191511.jpg","datePublished":"2023-02-28T00:00:21+00:00","dateModified":"2026-04-18T19:21:32+00:00","breadcrumb":{"@id":"https:\/\/shop.bantam.ch\/de\/produkt\/stuhl-avantgarde-noblesse-black-edition\/#breadcrumb"},"inLanguage":"de","potentialAction":[{"@type":"ReadAction","target":["https:\/\/shop.bantam.ch\/de\/produkt\/stuhl-avantgarde-noblesse-black-edition\/"]}]},{"@type":"ImageObject","inLanguage":"de","@id":"https:\/\/shop.bantam.ch\/de\/produkt\/stuhl-avantgarde-noblesse-black-edition\/#primaryimage","url":"https:\/\/shop.bantam.ch\/wp-content\/uploads\/2023\/02\/993191511.jpg","contentUrl":"https:\/\/shop.bantam.ch\/wp-content\/uploads\/2023\/02\/993191511.jpg","width":1000,"height":628},{"@type":"BreadcrumbList","@id":"https:\/\/shop.bantam.ch\/de\/produkt\/stuhl-avantgarde-noblesse-black-edition\/#breadcrumb","itemListElement":[{"@type":"ListItem","position":1,"name":"Accueil","item":"https:\/\/shop.bantam.ch\/de\/"},{"@type":"ListItem","position":2,"name":"Shop","item":"https:\/\/shop.bantam.ch\/de\/shop\/"},{"@type":"ListItem","position":3,"name":"Stuhl Avantgarde Noblesse Black Edition"}]},{"@type":"WebSite","@id":"https:\/\/shop.bantam.ch\/de\/#website","url":"https:\/\/shop.bantam.ch\/de\/","name":"Bantam Camping AG","description":"","publisher":{"@id":"https:\/\/shop.bantam.ch\/de\/#organization"},"inLanguage":"de"},{"@type":"Organization","@id":"https:\/\/shop.bantam.ch\/de\/#organization","name":"Bantam Camping AG","url":"https:\/\/shop.bantam.ch\/de\/","logo":{"@type":"ImageObject","inLanguage":"de","@id":"https:\/\/shop.bantam.ch\/de\/#\/schema\/logo\/image\/","url":"https:\/\/shop.bantam.ch\/wp-content\/uploads\/2022\/12\/bantam-logo.png","contentUrl":"https:\/\/shop.bantam.ch\/wp-content\/uploads\/2022\/12\/bantam-logo.png","width":320,"height":71,"caption":"Bantam Camping AG"},"image":{"@id":"https:\/\/shop.bantam.ch\/de\/#\/schema\/logo\/image\/"}}]}},"_links":{"self":[{"href":"https:\/\/shop.bantam.ch\/de\/wp-json\/wp\/v2\/product\/77789","targetHints":{"allow":["GET"]}}],"collection":[{"href":"https:\/\/shop.bantam.ch\/de\/wp-json\/wp\/v2\/product"}],"about":[{"href":"https:\/\/shop.bantam.ch\/de\/wp-json\/wp\/v2\/types\/product"}],"wp:featuredmedia":[{"embeddable":true,"href":"https:\/\/shop.bantam.ch\/de\/wp-json\/wp\/v2\/media\/77787"}],"wp:attachment":[{"href":"https:\/\/shop.bantam.ch\/de\/wp-json\/wp\/v2\/media?parent=77789"}],"wp:term":[{"taxonomy":"product_featured_cat","embeddable":true,"href":"https:\/\/shop.bantam.ch\/de\/wp-json\/wp\/v2\/product_featured_cat?post=77789"},{"taxonomy":"product_brand","embeddable":true,"href":"https:\/\/shop.bantam.ch\/de\/wp-json\/wp\/v2\/product_brand?post=77789"},{"taxonomy":"product_cat","embeddable":true,"href":"https:\/\/shop.bantam.ch\/de\/wp-json\/wp\/v2\/product_cat?post=77789"},{"taxonomy":"product_tag","embeddable":true,"href":"https:\/\/shop.bantam.ch\/de\/wp-json\/wp\/v2\/product_tag?post=77789"}],"curies":[{"name":"wp","href":"https:\/\/api.w.org\/{rel}","templated":true}]}}