{"id":77588,"date":"2023-02-28T00:56:13","date_gmt":"2023-02-27T23:56:13","guid":{"rendered":"http:\/\/shop.bantam.ch\/produit\/essteller-pralin-weiss-schwarz\/"},"modified":"2026-04-17T21:20:42","modified_gmt":"2026-04-17T19:20:42","slug":"essteller-pralin-weiss-schwarz","status":"publish","type":"product","link":"https:\/\/shop.bantam.ch\/de\/produkt\/essteller-pralin-weiss-schwarz\/","title":{"rendered":"Essteller Melamin Brunner Pralin Durchm. 25 cm Farbe wei\u00df \/ schwarz"},"content":{"rendered":"<p>Dank der Verwendung einer in den Tellerboden integrierten Antirutsch-Dichtung, wird ein Verrutschen und eventuelles Fallen der Geschirrteile deutlich erschwert. Zudem vermindert sich das st\u00f6rende Klapperger\u00e4usch w\u00e4hrend der Fahrt deutlich.<br \/>Melamin ist ein hochwertiger Kunststoff, der sich aufgrund der folgenden Eigenschaften besonders gut den t\u00e4glichen Outdoor-Einsatz eignet.<\/p>\n<ul>\n<li>Hitze- und feuchtigkeitsbest\u00e4ndig<\/li>\n<li>Geruchs- und geschmacksneutral<\/li>\n<li>Lebensmittelecht<\/li>\n<li>Sehr harte Oberfl\u00e4che<\/li>\n<li>Sto\u00df- und schlagfest<\/li>\n<li>Leicht zu reinigen<\/li>\n<li>Gefriertruhengeeignet<\/li>\n<li>Sp\u00fclmaschinenfest<\/li>\n<li>Umweltfreundlich durch Langlebigkeit<\/li>\n<\/ul>\n<p>\u00a0<\/p>\n","protected":false},"excerpt":{"rendered":"<p>Dank der Verwendung einer in den Tellerboden integrierten Antirutsch-Dichtung, wird ein Verrutschen und eventuelles Fallen der Geschirrteile deutlich erschwert. Zudem vermindert sich das st\u00f6rende Klapperger\u00e4usch w\u00e4hrend der Fahrt deutlich.Melamin ist ein hochwertiger Kunststoff, der sich aufgrund der folgenden Eigenschaften besonders gut den t\u00e4glichen Outdoor-Einsatz eignet. Hitze- und feuchtigkeitsbest\u00e4ndig Geruchs- und geschmacksneutral Lebensmittelecht Sehr harte Oberfl\u00e4che [&hellip;]<\/p>\n","protected":false},"featured_media":77586,"template":"","meta":{"_acf_changed":false},"product_featured_cat":[],"product_brand":[3081],"product_cat":[4272],"product_tag":[],"class_list":{"0":"post-77588","1":"product","2":"type-product","3":"status-publish","4":"has-post-thumbnail","6":"product_brand-brunner-de","7":"product_cat-teller-eierbecher","9":"first","10":"instock","11":"taxable","12":"shipping-taxable","13":"purchasable","14":"product-type-simple"},"acf":[],"yoast_head":"<!-- This site is optimized with the Yoast SEO plugin v27.4 - https:\/\/yoast.com\/product\/yoast-seo-wordpress\/ -->\n<title>Essteller Melamin Brunner Pralin Durchm. 25 cm Farbe wei\u00df \/ schwarz - Bantam Camping AG<\/title>\n<meta name=\"robots\" content=\"index, follow, max-snippet:-1, max-image-preview:large, max-video-preview:-1\" \/>\n<link rel=\"canonical\" href=\"https:\/\/shop.bantam.ch\/de\/produkt\/essteller-pralin-weiss-schwarz\/\" \/>\n<meta property=\"og:locale\" content=\"de_DE\" \/>\n<meta property=\"og:type\" content=\"article\" \/>\n<meta property=\"og:title\" content=\"Essteller Melamin Brunner Pralin Durchm. 25 cm Farbe wei\u00df \/ schwarz - Bantam Camping AG\" \/>\n<meta property=\"og:description\" content=\"Dank der Verwendung einer in den Tellerboden integrierten Antirutsch-Dichtung, wird ein Verrutschen und eventuelles Fallen der Geschirrteile deutlich erschwert. Zudem vermindert sich das st\u00f6rende Klapperger\u00e4usch w\u00e4hrend der Fahrt deutlich.Melamin ist ein hochwertiger Kunststoff, der sich aufgrund der folgenden Eigenschaften besonders gut den t\u00e4glichen Outdoor-Einsatz eignet. Hitze- und feuchtigkeitsbest\u00e4ndig Geruchs- und geschmacksneutral Lebensmittelecht Sehr harte Oberfl\u00e4che [&hellip;]\" \/>\n<meta property=\"og:url\" content=\"https:\/\/shop.bantam.ch\/de\/produkt\/essteller-pralin-weiss-schwarz\/\" \/>\n<meta property=\"og:site_name\" content=\"Bantam Camping AG\" \/>\n<meta property=\"article:modified_time\" content=\"2026-04-17T19:20:42+00:00\" \/>\n<meta property=\"og:image\" content=\"https:\/\/shop.bantam.ch\/wp-content\/uploads\/2023\/02\/995427511.jpg\" \/>\n\t<meta property=\"og:image:width\" content=\"1000\" \/>\n\t<meta property=\"og:image:height\" content=\"997\" \/>\n\t<meta property=\"og:image:type\" content=\"image\/jpeg\" \/>\n<meta name=\"twitter:card\" content=\"summary_large_image\" \/>\n<script type=\"application\/ld+json\" class=\"yoast-schema-graph\">{\"@context\":\"https:\\\/\\\/schema.org\",\"@graph\":[{\"@type\":\"WebPage\",\"@id\":\"https:\\\/\\\/shop.bantam.ch\\\/de\\\/produkt\\\/essteller-pralin-weiss-schwarz\\\/\",\"url\":\"https:\\\/\\\/shop.bantam.ch\\\/de\\\/produkt\\\/essteller-pralin-weiss-schwarz\\\/\",\"name\":\"Essteller Melamin Brunner Pralin Durchm. 25 cm Farbe wei\u00df \\\/ schwarz - Bantam Camping AG\",\"isPartOf\":{\"@id\":\"https:\\\/\\\/shop.bantam.ch\\\/de\\\/#website\"},\"primaryImageOfPage\":{\"@id\":\"https:\\\/\\\/shop.bantam.ch\\\/de\\\/produkt\\\/essteller-pralin-weiss-schwarz\\\/#primaryimage\"},\"image\":{\"@id\":\"https:\\\/\\\/shop.bantam.ch\\\/de\\\/produkt\\\/essteller-pralin-weiss-schwarz\\\/#primaryimage\"},\"thumbnailUrl\":\"https:\\\/\\\/shop.bantam.ch\\\/wp-content\\\/uploads\\\/2023\\\/02\\\/995427511.jpg\",\"datePublished\":\"2023-02-27T23:56:13+00:00\",\"dateModified\":\"2026-04-17T19:20:42+00:00\",\"breadcrumb\":{\"@id\":\"https:\\\/\\\/shop.bantam.ch\\\/de\\\/produkt\\\/essteller-pralin-weiss-schwarz\\\/#breadcrumb\"},\"inLanguage\":\"de\",\"potentialAction\":[{\"@type\":\"ReadAction\",\"target\":[\"https:\\\/\\\/shop.bantam.ch\\\/de\\\/produkt\\\/essteller-pralin-weiss-schwarz\\\/\"]}]},{\"@type\":\"ImageObject\",\"inLanguage\":\"de\",\"@id\":\"https:\\\/\\\/shop.bantam.ch\\\/de\\\/produkt\\\/essteller-pralin-weiss-schwarz\\\/#primaryimage\",\"url\":\"https:\\\/\\\/shop.bantam.ch\\\/wp-content\\\/uploads\\\/2023\\\/02\\\/995427511.jpg\",\"contentUrl\":\"https:\\\/\\\/shop.bantam.ch\\\/wp-content\\\/uploads\\\/2023\\\/02\\\/995427511.jpg\",\"width\":1000,\"height\":997},{\"@type\":\"BreadcrumbList\",\"@id\":\"https:\\\/\\\/shop.bantam.ch\\\/de\\\/produkt\\\/essteller-pralin-weiss-schwarz\\\/#breadcrumb\",\"itemListElement\":[{\"@type\":\"ListItem\",\"position\":1,\"name\":\"Accueil\",\"item\":\"https:\\\/\\\/shop.bantam.ch\\\/de\\\/\"},{\"@type\":\"ListItem\",\"position\":2,\"name\":\"Shop\",\"item\":\"https:\\\/\\\/shop.bantam.ch\\\/de\\\/shop\\\/\"},{\"@type\":\"ListItem\",\"position\":3,\"name\":\"Essteller Melamin Brunner Pralin Durchm. 25 cm Farbe wei\u00df \\\/ schwarz\"}]},{\"@type\":\"WebSite\",\"@id\":\"https:\\\/\\\/shop.bantam.ch\\\/de\\\/#website\",\"url\":\"https:\\\/\\\/shop.bantam.ch\\\/de\\\/\",\"name\":\"Bantam Camping AG\",\"description\":\"\",\"publisher\":{\"@id\":\"https:\\\/\\\/shop.bantam.ch\\\/de\\\/#organization\"},\"inLanguage\":\"de\"},{\"@type\":\"Organization\",\"@id\":\"https:\\\/\\\/shop.bantam.ch\\\/de\\\/#organization\",\"name\":\"Bantam Camping AG\",\"url\":\"https:\\\/\\\/shop.bantam.ch\\\/de\\\/\",\"logo\":{\"@type\":\"ImageObject\",\"inLanguage\":\"de\",\"@id\":\"https:\\\/\\\/shop.bantam.ch\\\/de\\\/#\\\/schema\\\/logo\\\/image\\\/\",\"url\":\"https:\\\/\\\/shop.bantam.ch\\\/wp-content\\\/uploads\\\/2022\\\/12\\\/bantam-logo.png\",\"contentUrl\":\"https:\\\/\\\/shop.bantam.ch\\\/wp-content\\\/uploads\\\/2022\\\/12\\\/bantam-logo.png\",\"width\":320,\"height\":71,\"caption\":\"Bantam Camping AG\"},\"image\":{\"@id\":\"https:\\\/\\\/shop.bantam.ch\\\/de\\\/#\\\/schema\\\/logo\\\/image\\\/\"}}]}<\/script>\n<!-- \/ Yoast SEO plugin. -->","yoast_head_json":{"title":"Essteller Melamin Brunner Pralin Durchm. 25 cm Farbe wei\u00df \/ schwarz - Bantam Camping AG","robots":{"index":"index","follow":"follow","max-snippet":"max-snippet:-1","max-image-preview":"max-image-preview:large","max-video-preview":"max-video-preview:-1"},"canonical":"https:\/\/shop.bantam.ch\/de\/produkt\/essteller-pralin-weiss-schwarz\/","og_locale":"de_DE","og_type":"article","og_title":"Essteller Melamin Brunner Pralin Durchm. 25 cm Farbe wei\u00df \/ schwarz - Bantam Camping AG","og_description":"Dank der Verwendung einer in den Tellerboden integrierten Antirutsch-Dichtung, wird ein Verrutschen und eventuelles Fallen der Geschirrteile deutlich erschwert. Zudem vermindert sich das st\u00f6rende Klapperger\u00e4usch w\u00e4hrend der Fahrt deutlich.Melamin ist ein hochwertiger Kunststoff, der sich aufgrund der folgenden Eigenschaften besonders gut den t\u00e4glichen Outdoor-Einsatz eignet. Hitze- und feuchtigkeitsbest\u00e4ndig Geruchs- und geschmacksneutral Lebensmittelecht Sehr harte Oberfl\u00e4che [&hellip;]","og_url":"https:\/\/shop.bantam.ch\/de\/produkt\/essteller-pralin-weiss-schwarz\/","og_site_name":"Bantam Camping AG","article_modified_time":"2026-04-17T19:20:42+00:00","og_image":[{"width":1000,"height":997,"url":"https:\/\/shop.bantam.ch\/wp-content\/uploads\/2023\/02\/995427511.jpg","type":"image\/jpeg"}],"twitter_card":"summary_large_image","schema":{"@context":"https:\/\/schema.org","@graph":[{"@type":"WebPage","@id":"https:\/\/shop.bantam.ch\/de\/produkt\/essteller-pralin-weiss-schwarz\/","url":"https:\/\/shop.bantam.ch\/de\/produkt\/essteller-pralin-weiss-schwarz\/","name":"Essteller Melamin Brunner Pralin Durchm. 25 cm Farbe wei\u00df \/ schwarz - Bantam Camping AG","isPartOf":{"@id":"https:\/\/shop.bantam.ch\/de\/#website"},"primaryImageOfPage":{"@id":"https:\/\/shop.bantam.ch\/de\/produkt\/essteller-pralin-weiss-schwarz\/#primaryimage"},"image":{"@id":"https:\/\/shop.bantam.ch\/de\/produkt\/essteller-pralin-weiss-schwarz\/#primaryimage"},"thumbnailUrl":"https:\/\/shop.bantam.ch\/wp-content\/uploads\/2023\/02\/995427511.jpg","datePublished":"2023-02-27T23:56:13+00:00","dateModified":"2026-04-17T19:20:42+00:00","breadcrumb":{"@id":"https:\/\/shop.bantam.ch\/de\/produkt\/essteller-pralin-weiss-schwarz\/#breadcrumb"},"inLanguage":"de","potentialAction":[{"@type":"ReadAction","target":["https:\/\/shop.bantam.ch\/de\/produkt\/essteller-pralin-weiss-schwarz\/"]}]},{"@type":"ImageObject","inLanguage":"de","@id":"https:\/\/shop.bantam.ch\/de\/produkt\/essteller-pralin-weiss-schwarz\/#primaryimage","url":"https:\/\/shop.bantam.ch\/wp-content\/uploads\/2023\/02\/995427511.jpg","contentUrl":"https:\/\/shop.bantam.ch\/wp-content\/uploads\/2023\/02\/995427511.jpg","width":1000,"height":997},{"@type":"BreadcrumbList","@id":"https:\/\/shop.bantam.ch\/de\/produkt\/essteller-pralin-weiss-schwarz\/#breadcrumb","itemListElement":[{"@type":"ListItem","position":1,"name":"Accueil","item":"https:\/\/shop.bantam.ch\/de\/"},{"@type":"ListItem","position":2,"name":"Shop","item":"https:\/\/shop.bantam.ch\/de\/shop\/"},{"@type":"ListItem","position":3,"name":"Essteller Melamin Brunner Pralin Durchm. 25 cm Farbe wei\u00df \/ schwarz"}]},{"@type":"WebSite","@id":"https:\/\/shop.bantam.ch\/de\/#website","url":"https:\/\/shop.bantam.ch\/de\/","name":"Bantam Camping AG","description":"","publisher":{"@id":"https:\/\/shop.bantam.ch\/de\/#organization"},"inLanguage":"de"},{"@type":"Organization","@id":"https:\/\/shop.bantam.ch\/de\/#organization","name":"Bantam Camping AG","url":"https:\/\/shop.bantam.ch\/de\/","logo":{"@type":"ImageObject","inLanguage":"de","@id":"https:\/\/shop.bantam.ch\/de\/#\/schema\/logo\/image\/","url":"https:\/\/shop.bantam.ch\/wp-content\/uploads\/2022\/12\/bantam-logo.png","contentUrl":"https:\/\/shop.bantam.ch\/wp-content\/uploads\/2022\/12\/bantam-logo.png","width":320,"height":71,"caption":"Bantam Camping AG"},"image":{"@id":"https:\/\/shop.bantam.ch\/de\/#\/schema\/logo\/image\/"}}]}},"_links":{"self":[{"href":"https:\/\/shop.bantam.ch\/de\/wp-json\/wp\/v2\/product\/77588","targetHints":{"allow":["GET"]}}],"collection":[{"href":"https:\/\/shop.bantam.ch\/de\/wp-json\/wp\/v2\/product"}],"about":[{"href":"https:\/\/shop.bantam.ch\/de\/wp-json\/wp\/v2\/types\/product"}],"wp:featuredmedia":[{"embeddable":true,"href":"https:\/\/shop.bantam.ch\/de\/wp-json\/wp\/v2\/media\/77586"}],"wp:attachment":[{"href":"https:\/\/shop.bantam.ch\/de\/wp-json\/wp\/v2\/media?parent=77588"}],"wp:term":[{"taxonomy":"product_featured_cat","embeddable":true,"href":"https:\/\/shop.bantam.ch\/de\/wp-json\/wp\/v2\/product_featured_cat?post=77588"},{"taxonomy":"product_brand","embeddable":true,"href":"https:\/\/shop.bantam.ch\/de\/wp-json\/wp\/v2\/product_brand?post=77588"},{"taxonomy":"product_cat","embeddable":true,"href":"https:\/\/shop.bantam.ch\/de\/wp-json\/wp\/v2\/product_cat?post=77588"},{"taxonomy":"product_tag","embeddable":true,"href":"https:\/\/shop.bantam.ch\/de\/wp-json\/wp\/v2\/product_tag?post=77588"}],"curies":[{"name":"wp","href":"https:\/\/api.w.org\/{rel}","templated":true}]}}