{"id":77468,"date":"2023-02-28T00:54:07","date_gmt":"2023-02-27T23:54:07","guid":{"rendered":"http:\/\/shop.bantam.ch\/produit\/multifuel-kocher-polaris-inkl-leere-04-l-brennstoffflasche\/"},"modified":"2026-04-17T21:20:27","modified_gmt":"2026-04-17T19:20:27","slug":"multifuel-kocher-polaris-inkl-leere-04-l-brennstoffflasche","status":"publish","type":"product","link":"https:\/\/shop.bantam.ch\/de\/produkt\/multifuel-kocher-polaris-inkl-leere-04-l-brennstoffflasche\/","title":{"rendered":"Multifuel-Kocher Optimus Polaris inkl. leere 0,4 l Brennstoffflasche"},"content":{"rendered":"<p>Mit dem Optimus Polaris Optifuel erwartet Sie ein Multitalent, das mit fast jedem Brennstoff l\u00e4uft &#8211; Gas, Fl\u00fcssiggas, Reinbenzin, bleifreies Benzin, Kerosin, Diesel, Petroleum&#8230; Aus diesem Grund liefert er jederzeit, an jedem Ort und bei jedem Wetter eine warme Mahlzeit. Daf\u00fcr sorgt ein \u00fcberragender, verl\u00e4sslicher, eind\u00fcsiger Brenner, bei dem unterwegs weder D\u00fcse noch Zubeh\u00f6r getauscht werden m\u00fcssen. Benutzt man LPG-Gaskartuschen, muss lediglich zwischen dem 4-Saison-Modus bei K\u00e4lte oder dem Brennsparmodus gew\u00e4hlt werden. Dein Kocher muss gereinigt werden? Mit der integrierten magnetischen Reinigungsnadel wird das sogar w\u00e4hrend des Kochens erledigt.<\/p>\n<ul>\n<li>Siedezeit: Siedezeit ca. 3-4 Min.\/l, je nach Klima bis zu 105 Min bei voller Leistung (230 g Gaskartusche), bis zu 100 Min bei voller Leistung (400 ml Brennstoff)<\/li>\n<li>Leistung: 3.300 W (Gasbetrieb) \/ 4.200 W (Benzinbetrieb)<\/li>\n<\/ul>\n<p>Lieferumfang:<br \/>Kocher<br \/>0,4 l Brennstoffflasche (leer)<br \/>Bedienungsanleitung<\/p>\n<p>\u00a0<\/p>\n","protected":false},"excerpt":{"rendered":"<p>Mit dem Optimus Polaris Optifuel erwartet Sie ein Multitalent, das mit fast jedem Brennstoff l\u00e4uft &#8211; Gas, Fl\u00fcssiggas, Reinbenzin, bleifreies Benzin, Kerosin, Diesel, Petroleum&#8230; Aus diesem Grund liefert er jederzeit, an jedem Ort und bei jedem Wetter eine warme Mahlzeit. Daf\u00fcr sorgt ein \u00fcberragender, verl\u00e4sslicher, eind\u00fcsiger Brenner, bei dem unterwegs weder D\u00fcse noch Zubeh\u00f6r getauscht [&hellip;]<\/p>\n","protected":false},"featured_media":77464,"template":"","meta":{"_acf_changed":false},"product_featured_cat":[],"product_brand":[3443],"product_cat":[4306],"product_tag":[],"class_list":{"0":"post-77468","1":"product","2":"type-product","3":"status-publish","4":"has-post-thumbnail","6":"product_brand-optimus-de","7":"product_cat-kocher-kocher","9":"first","10":"instock","11":"taxable","12":"shipping-taxable","13":"purchasable","14":"product-type-simple"},"acf":[],"yoast_head":"<!-- This site is optimized with the Yoast SEO plugin v27.4 - https:\/\/yoast.com\/product\/yoast-seo-wordpress\/ -->\n<title>Multifuel-Kocher Optimus Polaris inkl. leere 0,4 l Brennstoffflasche - Bantam Camping AG<\/title>\n<meta name=\"robots\" content=\"index, follow, max-snippet:-1, max-image-preview:large, max-video-preview:-1\" \/>\n<link rel=\"canonical\" href=\"https:\/\/shop.bantam.ch\/de\/produkt\/multifuel-kocher-polaris-inkl-leere-04-l-brennstoffflasche\/\" \/>\n<meta property=\"og:locale\" content=\"de_DE\" \/>\n<meta property=\"og:type\" content=\"article\" \/>\n<meta property=\"og:title\" content=\"Multifuel-Kocher Optimus Polaris inkl. leere 0,4 l Brennstoffflasche - Bantam Camping AG\" \/>\n<meta property=\"og:description\" content=\"Mit dem Optimus Polaris Optifuel erwartet Sie ein Multitalent, das mit fast jedem Brennstoff l\u00e4uft &#8211; Gas, Fl\u00fcssiggas, Reinbenzin, bleifreies Benzin, Kerosin, Diesel, Petroleum&#8230; Aus diesem Grund liefert er jederzeit, an jedem Ort und bei jedem Wetter eine warme Mahlzeit. Daf\u00fcr sorgt ein \u00fcberragender, verl\u00e4sslicher, eind\u00fcsiger Brenner, bei dem unterwegs weder D\u00fcse noch Zubeh\u00f6r getauscht [&hellip;]\" \/>\n<meta property=\"og:url\" content=\"https:\/\/shop.bantam.ch\/de\/produkt\/multifuel-kocher-polaris-inkl-leere-04-l-brennstoffflasche\/\" \/>\n<meta property=\"og:site_name\" content=\"Bantam Camping AG\" \/>\n<meta property=\"article:modified_time\" content=\"2026-04-17T19:20:27+00:00\" \/>\n<meta property=\"og:image\" content=\"https:\/\/shop.bantam.ch\/wp-content\/uploads\/2023\/02\/995423611.jpg\" \/>\n\t<meta property=\"og:image:width\" content=\"1000\" \/>\n\t<meta property=\"og:image:height\" content=\"554\" \/>\n\t<meta property=\"og:image:type\" content=\"image\/jpeg\" \/>\n<meta name=\"twitter:card\" content=\"summary_large_image\" \/>\n<meta name=\"twitter:label1\" content=\"Gesch\u00e4tzte Lesezeit\" \/>\n\t<meta name=\"twitter:data1\" content=\"1\u00a0Minute\" \/>\n<script type=\"application\/ld+json\" class=\"yoast-schema-graph\">{\"@context\":\"https:\\\/\\\/schema.org\",\"@graph\":[{\"@type\":\"WebPage\",\"@id\":\"https:\\\/\\\/shop.bantam.ch\\\/de\\\/produkt\\\/multifuel-kocher-polaris-inkl-leere-04-l-brennstoffflasche\\\/\",\"url\":\"https:\\\/\\\/shop.bantam.ch\\\/de\\\/produkt\\\/multifuel-kocher-polaris-inkl-leere-04-l-brennstoffflasche\\\/\",\"name\":\"Multifuel-Kocher Optimus Polaris inkl. leere 0,4 l Brennstoffflasche - Bantam Camping AG\",\"isPartOf\":{\"@id\":\"https:\\\/\\\/shop.bantam.ch\\\/de\\\/#website\"},\"primaryImageOfPage\":{\"@id\":\"https:\\\/\\\/shop.bantam.ch\\\/de\\\/produkt\\\/multifuel-kocher-polaris-inkl-leere-04-l-brennstoffflasche\\\/#primaryimage\"},\"image\":{\"@id\":\"https:\\\/\\\/shop.bantam.ch\\\/de\\\/produkt\\\/multifuel-kocher-polaris-inkl-leere-04-l-brennstoffflasche\\\/#primaryimage\"},\"thumbnailUrl\":\"https:\\\/\\\/shop.bantam.ch\\\/wp-content\\\/uploads\\\/2023\\\/02\\\/995423611.jpg\",\"datePublished\":\"2023-02-27T23:54:07+00:00\",\"dateModified\":\"2026-04-17T19:20:27+00:00\",\"breadcrumb\":{\"@id\":\"https:\\\/\\\/shop.bantam.ch\\\/de\\\/produkt\\\/multifuel-kocher-polaris-inkl-leere-04-l-brennstoffflasche\\\/#breadcrumb\"},\"inLanguage\":\"de\",\"potentialAction\":[{\"@type\":\"ReadAction\",\"target\":[\"https:\\\/\\\/shop.bantam.ch\\\/de\\\/produkt\\\/multifuel-kocher-polaris-inkl-leere-04-l-brennstoffflasche\\\/\"]}]},{\"@type\":\"ImageObject\",\"inLanguage\":\"de\",\"@id\":\"https:\\\/\\\/shop.bantam.ch\\\/de\\\/produkt\\\/multifuel-kocher-polaris-inkl-leere-04-l-brennstoffflasche\\\/#primaryimage\",\"url\":\"https:\\\/\\\/shop.bantam.ch\\\/wp-content\\\/uploads\\\/2023\\\/02\\\/995423611.jpg\",\"contentUrl\":\"https:\\\/\\\/shop.bantam.ch\\\/wp-content\\\/uploads\\\/2023\\\/02\\\/995423611.jpg\",\"width\":1000,\"height\":554},{\"@type\":\"BreadcrumbList\",\"@id\":\"https:\\\/\\\/shop.bantam.ch\\\/de\\\/produkt\\\/multifuel-kocher-polaris-inkl-leere-04-l-brennstoffflasche\\\/#breadcrumb\",\"itemListElement\":[{\"@type\":\"ListItem\",\"position\":1,\"name\":\"Accueil\",\"item\":\"https:\\\/\\\/shop.bantam.ch\\\/de\\\/\"},{\"@type\":\"ListItem\",\"position\":2,\"name\":\"Shop\",\"item\":\"https:\\\/\\\/shop.bantam.ch\\\/de\\\/shop\\\/\"},{\"@type\":\"ListItem\",\"position\":3,\"name\":\"Multifuel-Kocher Optimus Polaris inkl. leere 0,4 l Brennstoffflasche\"}]},{\"@type\":\"WebSite\",\"@id\":\"https:\\\/\\\/shop.bantam.ch\\\/de\\\/#website\",\"url\":\"https:\\\/\\\/shop.bantam.ch\\\/de\\\/\",\"name\":\"Bantam Camping AG\",\"description\":\"\",\"publisher\":{\"@id\":\"https:\\\/\\\/shop.bantam.ch\\\/de\\\/#organization\"},\"inLanguage\":\"de\"},{\"@type\":\"Organization\",\"@id\":\"https:\\\/\\\/shop.bantam.ch\\\/de\\\/#organization\",\"name\":\"Bantam Camping AG\",\"url\":\"https:\\\/\\\/shop.bantam.ch\\\/de\\\/\",\"logo\":{\"@type\":\"ImageObject\",\"inLanguage\":\"de\",\"@id\":\"https:\\\/\\\/shop.bantam.ch\\\/de\\\/#\\\/schema\\\/logo\\\/image\\\/\",\"url\":\"https:\\\/\\\/shop.bantam.ch\\\/wp-content\\\/uploads\\\/2022\\\/12\\\/bantam-logo.png\",\"contentUrl\":\"https:\\\/\\\/shop.bantam.ch\\\/wp-content\\\/uploads\\\/2022\\\/12\\\/bantam-logo.png\",\"width\":320,\"height\":71,\"caption\":\"Bantam Camping AG\"},\"image\":{\"@id\":\"https:\\\/\\\/shop.bantam.ch\\\/de\\\/#\\\/schema\\\/logo\\\/image\\\/\"}}]}<\/script>\n<!-- \/ Yoast SEO plugin. -->","yoast_head_json":{"title":"Multifuel-Kocher Optimus Polaris inkl. leere 0,4 l Brennstoffflasche - Bantam Camping AG","robots":{"index":"index","follow":"follow","max-snippet":"max-snippet:-1","max-image-preview":"max-image-preview:large","max-video-preview":"max-video-preview:-1"},"canonical":"https:\/\/shop.bantam.ch\/de\/produkt\/multifuel-kocher-polaris-inkl-leere-04-l-brennstoffflasche\/","og_locale":"de_DE","og_type":"article","og_title":"Multifuel-Kocher Optimus Polaris inkl. leere 0,4 l Brennstoffflasche - Bantam Camping AG","og_description":"Mit dem Optimus Polaris Optifuel erwartet Sie ein Multitalent, das mit fast jedem Brennstoff l\u00e4uft &#8211; Gas, Fl\u00fcssiggas, Reinbenzin, bleifreies Benzin, Kerosin, Diesel, Petroleum&#8230; Aus diesem Grund liefert er jederzeit, an jedem Ort und bei jedem Wetter eine warme Mahlzeit. Daf\u00fcr sorgt ein \u00fcberragender, verl\u00e4sslicher, eind\u00fcsiger Brenner, bei dem unterwegs weder D\u00fcse noch Zubeh\u00f6r getauscht [&hellip;]","og_url":"https:\/\/shop.bantam.ch\/de\/produkt\/multifuel-kocher-polaris-inkl-leere-04-l-brennstoffflasche\/","og_site_name":"Bantam Camping AG","article_modified_time":"2026-04-17T19:20:27+00:00","og_image":[{"width":1000,"height":554,"url":"https:\/\/shop.bantam.ch\/wp-content\/uploads\/2023\/02\/995423611.jpg","type":"image\/jpeg"}],"twitter_card":"summary_large_image","twitter_misc":{"Gesch\u00e4tzte Lesezeit":"1\u00a0Minute"},"schema":{"@context":"https:\/\/schema.org","@graph":[{"@type":"WebPage","@id":"https:\/\/shop.bantam.ch\/de\/produkt\/multifuel-kocher-polaris-inkl-leere-04-l-brennstoffflasche\/","url":"https:\/\/shop.bantam.ch\/de\/produkt\/multifuel-kocher-polaris-inkl-leere-04-l-brennstoffflasche\/","name":"Multifuel-Kocher Optimus Polaris inkl. leere 0,4 l Brennstoffflasche - Bantam Camping AG","isPartOf":{"@id":"https:\/\/shop.bantam.ch\/de\/#website"},"primaryImageOfPage":{"@id":"https:\/\/shop.bantam.ch\/de\/produkt\/multifuel-kocher-polaris-inkl-leere-04-l-brennstoffflasche\/#primaryimage"},"image":{"@id":"https:\/\/shop.bantam.ch\/de\/produkt\/multifuel-kocher-polaris-inkl-leere-04-l-brennstoffflasche\/#primaryimage"},"thumbnailUrl":"https:\/\/shop.bantam.ch\/wp-content\/uploads\/2023\/02\/995423611.jpg","datePublished":"2023-02-27T23:54:07+00:00","dateModified":"2026-04-17T19:20:27+00:00","breadcrumb":{"@id":"https:\/\/shop.bantam.ch\/de\/produkt\/multifuel-kocher-polaris-inkl-leere-04-l-brennstoffflasche\/#breadcrumb"},"inLanguage":"de","potentialAction":[{"@type":"ReadAction","target":["https:\/\/shop.bantam.ch\/de\/produkt\/multifuel-kocher-polaris-inkl-leere-04-l-brennstoffflasche\/"]}]},{"@type":"ImageObject","inLanguage":"de","@id":"https:\/\/shop.bantam.ch\/de\/produkt\/multifuel-kocher-polaris-inkl-leere-04-l-brennstoffflasche\/#primaryimage","url":"https:\/\/shop.bantam.ch\/wp-content\/uploads\/2023\/02\/995423611.jpg","contentUrl":"https:\/\/shop.bantam.ch\/wp-content\/uploads\/2023\/02\/995423611.jpg","width":1000,"height":554},{"@type":"BreadcrumbList","@id":"https:\/\/shop.bantam.ch\/de\/produkt\/multifuel-kocher-polaris-inkl-leere-04-l-brennstoffflasche\/#breadcrumb","itemListElement":[{"@type":"ListItem","position":1,"name":"Accueil","item":"https:\/\/shop.bantam.ch\/de\/"},{"@type":"ListItem","position":2,"name":"Shop","item":"https:\/\/shop.bantam.ch\/de\/shop\/"},{"@type":"ListItem","position":3,"name":"Multifuel-Kocher Optimus Polaris inkl. leere 0,4 l Brennstoffflasche"}]},{"@type":"WebSite","@id":"https:\/\/shop.bantam.ch\/de\/#website","url":"https:\/\/shop.bantam.ch\/de\/","name":"Bantam Camping AG","description":"","publisher":{"@id":"https:\/\/shop.bantam.ch\/de\/#organization"},"inLanguage":"de"},{"@type":"Organization","@id":"https:\/\/shop.bantam.ch\/de\/#organization","name":"Bantam Camping AG","url":"https:\/\/shop.bantam.ch\/de\/","logo":{"@type":"ImageObject","inLanguage":"de","@id":"https:\/\/shop.bantam.ch\/de\/#\/schema\/logo\/image\/","url":"https:\/\/shop.bantam.ch\/wp-content\/uploads\/2022\/12\/bantam-logo.png","contentUrl":"https:\/\/shop.bantam.ch\/wp-content\/uploads\/2022\/12\/bantam-logo.png","width":320,"height":71,"caption":"Bantam Camping AG"},"image":{"@id":"https:\/\/shop.bantam.ch\/de\/#\/schema\/logo\/image\/"}}]}},"_links":{"self":[{"href":"https:\/\/shop.bantam.ch\/de\/wp-json\/wp\/v2\/product\/77468","targetHints":{"allow":["GET"]}}],"collection":[{"href":"https:\/\/shop.bantam.ch\/de\/wp-json\/wp\/v2\/product"}],"about":[{"href":"https:\/\/shop.bantam.ch\/de\/wp-json\/wp\/v2\/types\/product"}],"wp:featuredmedia":[{"embeddable":true,"href":"https:\/\/shop.bantam.ch\/de\/wp-json\/wp\/v2\/media\/77464"}],"wp:attachment":[{"href":"https:\/\/shop.bantam.ch\/de\/wp-json\/wp\/v2\/media?parent=77468"}],"wp:term":[{"taxonomy":"product_featured_cat","embeddable":true,"href":"https:\/\/shop.bantam.ch\/de\/wp-json\/wp\/v2\/product_featured_cat?post=77468"},{"taxonomy":"product_brand","embeddable":true,"href":"https:\/\/shop.bantam.ch\/de\/wp-json\/wp\/v2\/product_brand?post=77468"},{"taxonomy":"product_cat","embeddable":true,"href":"https:\/\/shop.bantam.ch\/de\/wp-json\/wp\/v2\/product_cat?post=77468"},{"taxonomy":"product_tag","embeddable":true,"href":"https:\/\/shop.bantam.ch\/de\/wp-json\/wp\/v2\/product_tag?post=77468"}],"curies":[{"name":"wp","href":"https:\/\/api.w.org\/{rel}","templated":true}]}}