{"id":77070,"date":"2023-02-28T00:46:58","date_gmt":"2023-02-27T23:46:58","guid":{"rendered":"http:\/\/shop.bantam.ch\/produit\/kinder-verschlussbecher-campus-300-ml-miffy-bunt\/"},"modified":"2026-05-02T21:19:22","modified_gmt":"2026-05-02T19:19:22","slug":"kinder-verschlussbecher-campus-300-ml-miffy-bunt","status":"publish","type":"product","link":"https:\/\/shop.bantam.ch\/de\/produkt\/kinder-verschlussbecher-campus-300-ml-miffy-bunt\/","title":{"rendered":"Kinder Verschlussbecher ABS Mepal Campus 300 ml Miffy Fb. bunt"},"content":{"rendered":"<p>Was der perfekte Schulbecher ist? Auf jeden Fall auslaufsicher! Darum k\u00f6nnen Sie sich ganz unbesorgt f\u00fcr diesen Miffy Schulbecher von Mepal entscheiden. Der besondere Dichtungsring des Mepal Schulbechers sorgt f\u00fcr einen festen Verschluss des Bechers. Der Trinkbecher ist f\u00fcr Kinderh\u00e4nde einfach zu \u00f6ffnen und zu verschlie\u00dfen, zudem ist er sehr robust. Pefekt zum Einsatz kommt der Schulbecher bei Ausfl\u00fcgen, auf dem Spielplatz, beim Sport oder nat\u00fcrlich in der Schule. Wohin die Reise auch geht, der Schulbecher von Mepal kommt mit!<\/p>\n","protected":false},"excerpt":{"rendered":"<p>Was der perfekte Schulbecher ist? Auf jeden Fall auslaufsicher! Darum k\u00f6nnen Sie sich ganz unbesorgt f\u00fcr diesen Miffy Schulbecher von Mepal entscheiden. Der besondere Dichtungsring des Mepal Schulbechers sorgt f\u00fcr einen festen Verschluss des Bechers. Der Trinkbecher ist f\u00fcr Kinderh\u00e4nde einfach zu \u00f6ffnen und zu verschlie\u00dfen, zudem ist er sehr robust. Pefekt zum Einsatz kommt [&hellip;]<\/p>\n","protected":false},"featured_media":77068,"template":"","meta":{"_acf_changed":false},"product_featured_cat":[],"product_brand":[3327],"product_cat":[4270],"product_tag":[],"class_list":{"0":"post-77070","1":"product","2":"type-product","3":"status-publish","4":"has-post-thumbnail","6":"product_brand-mepal-de","7":"product_cat-becher-tassen-glaeser","9":"first","10":"instock","11":"taxable","12":"shipping-taxable","13":"purchasable","14":"product-type-simple"},"acf":[],"yoast_head":"<!-- This site is optimized with the Yoast SEO plugin v27.5 - https:\/\/yoast.com\/product\/yoast-seo-wordpress\/ -->\n<title>Kinder Verschlussbecher ABS Mepal Campus 300 ml Miffy Fb. bunt - Bantam<\/title>\n<meta name=\"robots\" content=\"index, follow, max-snippet:-1, max-image-preview:large, max-video-preview:-1\" \/>\n<link rel=\"canonical\" href=\"https:\/\/shop.bantam.ch\/de\/produkt\/kinder-verschlussbecher-campus-300-ml-miffy-bunt\/\" \/>\n<meta property=\"og:locale\" content=\"de_DE\" \/>\n<meta property=\"og:type\" content=\"article\" \/>\n<meta property=\"og:title\" content=\"Kinder Verschlussbecher ABS Mepal Campus 300 ml Miffy Fb. bunt - Bantam\" \/>\n<meta property=\"og:description\" content=\"Was der perfekte Schulbecher ist? Auf jeden Fall auslaufsicher! Darum k\u00f6nnen Sie sich ganz unbesorgt f\u00fcr diesen Miffy Schulbecher von Mepal entscheiden. Der besondere Dichtungsring des Mepal Schulbechers sorgt f\u00fcr einen festen Verschluss des Bechers. Der Trinkbecher ist f\u00fcr Kinderh\u00e4nde einfach zu \u00f6ffnen und zu verschlie\u00dfen, zudem ist er sehr robust. Pefekt zum Einsatz kommt [&hellip;]\" \/>\n<meta property=\"og:url\" content=\"https:\/\/shop.bantam.ch\/de\/produkt\/kinder-verschlussbecher-campus-300-ml-miffy-bunt\/\" \/>\n<meta property=\"og:site_name\" content=\"Bantam\" \/>\n<meta property=\"article:modified_time\" content=\"2026-05-02T19:19:22+00:00\" \/>\n<meta property=\"og:image\" content=\"https:\/\/shop.bantam.ch\/wp-content\/uploads\/2023\/02\/9954198-100-1-3.jpg\" \/>\n\t<meta property=\"og:image:width\" content=\"230\" \/>\n\t<meta property=\"og:image:height\" content=\"500\" \/>\n\t<meta property=\"og:image:type\" content=\"image\/jpeg\" \/>\n<meta name=\"twitter:card\" content=\"summary_large_image\" \/>\n<script type=\"application\/ld+json\" class=\"yoast-schema-graph\">{\"@context\":\"https:\\\/\\\/schema.org\",\"@graph\":[{\"@type\":\"WebPage\",\"@id\":\"https:\\\/\\\/shop.bantam.ch\\\/de\\\/produkt\\\/kinder-verschlussbecher-campus-300-ml-miffy-bunt\\\/\",\"url\":\"https:\\\/\\\/shop.bantam.ch\\\/de\\\/produkt\\\/kinder-verschlussbecher-campus-300-ml-miffy-bunt\\\/\",\"name\":\"Kinder Verschlussbecher ABS Mepal Campus 300 ml Miffy Fb. bunt - Bantam\",\"isPartOf\":{\"@id\":\"https:\\\/\\\/shop.bantam.ch\\\/de\\\/#website\"},\"primaryImageOfPage\":{\"@id\":\"https:\\\/\\\/shop.bantam.ch\\\/de\\\/produkt\\\/kinder-verschlussbecher-campus-300-ml-miffy-bunt\\\/#primaryimage\"},\"image\":{\"@id\":\"https:\\\/\\\/shop.bantam.ch\\\/de\\\/produkt\\\/kinder-verschlussbecher-campus-300-ml-miffy-bunt\\\/#primaryimage\"},\"thumbnailUrl\":\"https:\\\/\\\/shop.bantam.ch\\\/wp-content\\\/uploads\\\/2023\\\/02\\\/9954198-100-1-3.jpg\",\"datePublished\":\"2023-02-27T23:46:58+00:00\",\"dateModified\":\"2026-05-02T19:19:22+00:00\",\"breadcrumb\":{\"@id\":\"https:\\\/\\\/shop.bantam.ch\\\/de\\\/produkt\\\/kinder-verschlussbecher-campus-300-ml-miffy-bunt\\\/#breadcrumb\"},\"inLanguage\":\"de\",\"potentialAction\":[{\"@type\":\"ReadAction\",\"target\":[\"https:\\\/\\\/shop.bantam.ch\\\/de\\\/produkt\\\/kinder-verschlussbecher-campus-300-ml-miffy-bunt\\\/\"]}]},{\"@type\":\"ImageObject\",\"inLanguage\":\"de\",\"@id\":\"https:\\\/\\\/shop.bantam.ch\\\/de\\\/produkt\\\/kinder-verschlussbecher-campus-300-ml-miffy-bunt\\\/#primaryimage\",\"url\":\"https:\\\/\\\/shop.bantam.ch\\\/wp-content\\\/uploads\\\/2023\\\/02\\\/9954198-100-1-3.jpg\",\"contentUrl\":\"https:\\\/\\\/shop.bantam.ch\\\/wp-content\\\/uploads\\\/2023\\\/02\\\/9954198-100-1-3.jpg\",\"width\":230,\"height\":500},{\"@type\":\"BreadcrumbList\",\"@id\":\"https:\\\/\\\/shop.bantam.ch\\\/de\\\/produkt\\\/kinder-verschlussbecher-campus-300-ml-miffy-bunt\\\/#breadcrumb\",\"itemListElement\":[{\"@type\":\"ListItem\",\"position\":1,\"name\":\"Accueil\",\"item\":\"https:\\\/\\\/shop.bantam.ch\\\/de\\\/\"},{\"@type\":\"ListItem\",\"position\":2,\"name\":\"Shop\",\"item\":\"https:\\\/\\\/shop.bantam.ch\\\/de\\\/shop\\\/\"},{\"@type\":\"ListItem\",\"position\":3,\"name\":\"Kinder Verschlussbecher ABS Mepal Campus 300 ml Miffy Fb. bunt\"}]},{\"@type\":\"WebSite\",\"@id\":\"https:\\\/\\\/shop.bantam.ch\\\/de\\\/#website\",\"url\":\"https:\\\/\\\/shop.bantam.ch\\\/de\\\/\",\"name\":\"Bantam\",\"description\":\"\",\"publisher\":{\"@id\":\"https:\\\/\\\/shop.bantam.ch\\\/de\\\/#organization\"},\"inLanguage\":\"de\"},{\"@type\":\"Organization\",\"@id\":\"https:\\\/\\\/shop.bantam.ch\\\/de\\\/#organization\",\"name\":\"Bantam\",\"url\":\"https:\\\/\\\/shop.bantam.ch\\\/de\\\/\",\"logo\":{\"@type\":\"ImageObject\",\"inLanguage\":\"de\",\"@id\":\"https:\\\/\\\/shop.bantam.ch\\\/de\\\/#\\\/schema\\\/logo\\\/image\\\/\",\"url\":\"https:\\\/\\\/shop.bantam.ch\\\/wp-content\\\/uploads\\\/2022\\\/12\\\/bantam-logo.png\",\"contentUrl\":\"https:\\\/\\\/shop.bantam.ch\\\/wp-content\\\/uploads\\\/2022\\\/12\\\/bantam-logo.png\",\"width\":320,\"height\":71,\"caption\":\"Bantam\"},\"image\":{\"@id\":\"https:\\\/\\\/shop.bantam.ch\\\/de\\\/#\\\/schema\\\/logo\\\/image\\\/\"}}]}<\/script>\n<!-- \/ Yoast SEO plugin. -->","yoast_head_json":{"title":"Kinder Verschlussbecher ABS Mepal Campus 300 ml Miffy Fb. bunt - Bantam","robots":{"index":"index","follow":"follow","max-snippet":"max-snippet:-1","max-image-preview":"max-image-preview:large","max-video-preview":"max-video-preview:-1"},"canonical":"https:\/\/shop.bantam.ch\/de\/produkt\/kinder-verschlussbecher-campus-300-ml-miffy-bunt\/","og_locale":"de_DE","og_type":"article","og_title":"Kinder Verschlussbecher ABS Mepal Campus 300 ml Miffy Fb. bunt - Bantam","og_description":"Was der perfekte Schulbecher ist? Auf jeden Fall auslaufsicher! Darum k\u00f6nnen Sie sich ganz unbesorgt f\u00fcr diesen Miffy Schulbecher von Mepal entscheiden. Der besondere Dichtungsring des Mepal Schulbechers sorgt f\u00fcr einen festen Verschluss des Bechers. Der Trinkbecher ist f\u00fcr Kinderh\u00e4nde einfach zu \u00f6ffnen und zu verschlie\u00dfen, zudem ist er sehr robust. Pefekt zum Einsatz kommt [&hellip;]","og_url":"https:\/\/shop.bantam.ch\/de\/produkt\/kinder-verschlussbecher-campus-300-ml-miffy-bunt\/","og_site_name":"Bantam","article_modified_time":"2026-05-02T19:19:22+00:00","og_image":[{"width":230,"height":500,"url":"https:\/\/shop.bantam.ch\/wp-content\/uploads\/2023\/02\/9954198-100-1-3.jpg","type":"image\/jpeg"}],"twitter_card":"summary_large_image","schema":{"@context":"https:\/\/schema.org","@graph":[{"@type":"WebPage","@id":"https:\/\/shop.bantam.ch\/de\/produkt\/kinder-verschlussbecher-campus-300-ml-miffy-bunt\/","url":"https:\/\/shop.bantam.ch\/de\/produkt\/kinder-verschlussbecher-campus-300-ml-miffy-bunt\/","name":"Kinder Verschlussbecher ABS Mepal Campus 300 ml Miffy Fb. bunt - Bantam","isPartOf":{"@id":"https:\/\/shop.bantam.ch\/de\/#website"},"primaryImageOfPage":{"@id":"https:\/\/shop.bantam.ch\/de\/produkt\/kinder-verschlussbecher-campus-300-ml-miffy-bunt\/#primaryimage"},"image":{"@id":"https:\/\/shop.bantam.ch\/de\/produkt\/kinder-verschlussbecher-campus-300-ml-miffy-bunt\/#primaryimage"},"thumbnailUrl":"https:\/\/shop.bantam.ch\/wp-content\/uploads\/2023\/02\/9954198-100-1-3.jpg","datePublished":"2023-02-27T23:46:58+00:00","dateModified":"2026-05-02T19:19:22+00:00","breadcrumb":{"@id":"https:\/\/shop.bantam.ch\/de\/produkt\/kinder-verschlussbecher-campus-300-ml-miffy-bunt\/#breadcrumb"},"inLanguage":"de","potentialAction":[{"@type":"ReadAction","target":["https:\/\/shop.bantam.ch\/de\/produkt\/kinder-verschlussbecher-campus-300-ml-miffy-bunt\/"]}]},{"@type":"ImageObject","inLanguage":"de","@id":"https:\/\/shop.bantam.ch\/de\/produkt\/kinder-verschlussbecher-campus-300-ml-miffy-bunt\/#primaryimage","url":"https:\/\/shop.bantam.ch\/wp-content\/uploads\/2023\/02\/9954198-100-1-3.jpg","contentUrl":"https:\/\/shop.bantam.ch\/wp-content\/uploads\/2023\/02\/9954198-100-1-3.jpg","width":230,"height":500},{"@type":"BreadcrumbList","@id":"https:\/\/shop.bantam.ch\/de\/produkt\/kinder-verschlussbecher-campus-300-ml-miffy-bunt\/#breadcrumb","itemListElement":[{"@type":"ListItem","position":1,"name":"Accueil","item":"https:\/\/shop.bantam.ch\/de\/"},{"@type":"ListItem","position":2,"name":"Shop","item":"https:\/\/shop.bantam.ch\/de\/shop\/"},{"@type":"ListItem","position":3,"name":"Kinder Verschlussbecher ABS Mepal Campus 300 ml Miffy Fb. bunt"}]},{"@type":"WebSite","@id":"https:\/\/shop.bantam.ch\/de\/#website","url":"https:\/\/shop.bantam.ch\/de\/","name":"Bantam","description":"","publisher":{"@id":"https:\/\/shop.bantam.ch\/de\/#organization"},"inLanguage":"de"},{"@type":"Organization","@id":"https:\/\/shop.bantam.ch\/de\/#organization","name":"Bantam","url":"https:\/\/shop.bantam.ch\/de\/","logo":{"@type":"ImageObject","inLanguage":"de","@id":"https:\/\/shop.bantam.ch\/de\/#\/schema\/logo\/image\/","url":"https:\/\/shop.bantam.ch\/wp-content\/uploads\/2022\/12\/bantam-logo.png","contentUrl":"https:\/\/shop.bantam.ch\/wp-content\/uploads\/2022\/12\/bantam-logo.png","width":320,"height":71,"caption":"Bantam"},"image":{"@id":"https:\/\/shop.bantam.ch\/de\/#\/schema\/logo\/image\/"}}]}},"_links":{"self":[{"href":"https:\/\/shop.bantam.ch\/de\/wp-json\/wp\/v2\/product\/77070","targetHints":{"allow":["GET"]}}],"collection":[{"href":"https:\/\/shop.bantam.ch\/de\/wp-json\/wp\/v2\/product"}],"about":[{"href":"https:\/\/shop.bantam.ch\/de\/wp-json\/wp\/v2\/types\/product"}],"wp:featuredmedia":[{"embeddable":true,"href":"https:\/\/shop.bantam.ch\/de\/wp-json\/wp\/v2\/media\/77068"}],"wp:attachment":[{"href":"https:\/\/shop.bantam.ch\/de\/wp-json\/wp\/v2\/media?parent=77070"}],"wp:term":[{"taxonomy":"product_featured_cat","embeddable":true,"href":"https:\/\/shop.bantam.ch\/de\/wp-json\/wp\/v2\/product_featured_cat?post=77070"},{"taxonomy":"product_brand","embeddable":true,"href":"https:\/\/shop.bantam.ch\/de\/wp-json\/wp\/v2\/product_brand?post=77070"},{"taxonomy":"product_cat","embeddable":true,"href":"https:\/\/shop.bantam.ch\/de\/wp-json\/wp\/v2\/product_cat?post=77070"},{"taxonomy":"product_tag","embeddable":true,"href":"https:\/\/shop.bantam.ch\/de\/wp-json\/wp\/v2\/product_tag?post=77070"}],"curies":[{"name":"wp","href":"https:\/\/api.w.org\/{rel}","templated":true}]}}