{"id":77054,"date":"2023-02-28T00:46:37","date_gmt":"2023-02-27T23:46:37","guid":{"rendered":"http:\/\/shop.bantam.ch\/produit\/wasserflasche-ellipse-700-ml-nordic-denim\/"},"modified":"2026-04-17T21:19:51","modified_gmt":"2026-04-17T19:19:51","slug":"wasserflasche-ellipse-700-ml-nordic-denim","status":"publish","type":"product","link":"https:\/\/shop.bantam.ch\/de\/produkt\/wasserflasche-ellipse-700-ml-nordic-denim\/","title":{"rendered":"Wasserflasche Ellipse 700 ml nordic denim"},"content":{"rendered":"<p>Wasser zu trinken ist mehr als hip, es ist vor allem gesund! Mit der passenden Wasserflasche haben Sie auch unterwegs immer ausreichend zu trinken dabei. Einfach zu bef\u00fcllen und durch die Wiederverwendbarkeit nachhaltig zur Umwelt. Die Wasserflasche ist zudem 100 % auslaufsicher! Ob auf der Arbeit, in der Freizeit oder beim Sport: Mit der Ellipse k\u00f6nnen Sie immer und \u00fcberall Ihren Durst l\u00f6schen!<\/p>\n<p>Material:<br \/>Flasche: PCTG, ABS<br \/>Gummielastisches Band: 80 % Polyester, 20 % Elastodien<\/p>\n","protected":false},"excerpt":{"rendered":"<p>Wasser zu trinken ist mehr als hip, es ist vor allem gesund! Mit der passenden Wasserflasche haben Sie auch unterwegs immer ausreichend zu trinken dabei. Einfach zu bef\u00fcllen und durch die Wiederverwendbarkeit nachhaltig zur Umwelt. Die Wasserflasche ist zudem 100 % auslaufsicher! Ob auf der Arbeit, in der Freizeit oder beim Sport: Mit der Ellipse [&hellip;]<\/p>\n","protected":false},"featured_media":77052,"template":"","meta":{"_acf_changed":false},"product_featured_cat":[5289],"product_brand":[3327],"product_cat":[4270],"product_tag":[],"class_list":{"0":"post-77054","1":"product","2":"type-product","3":"status-publish","4":"has-post-thumbnail","6":"product_featured_cat-weihnachtsgeschenkliste","7":"product_brand-mepal-de","8":"product_cat-becher-tassen-glaeser","10":"first","11":"instock","12":"taxable","13":"shipping-taxable","14":"purchasable","15":"product-type-simple"},"acf":[],"yoast_head":"<!-- This site is optimized with the Yoast SEO plugin v27.4 - https:\/\/yoast.com\/product\/yoast-seo-wordpress\/ -->\n<title>Wasserflasche Ellipse 700 ml nordic denim - Bantam Camping AG<\/title>\n<meta name=\"robots\" content=\"index, follow, max-snippet:-1, max-image-preview:large, max-video-preview:-1\" \/>\n<link rel=\"canonical\" href=\"https:\/\/shop.bantam.ch\/de\/produkt\/wasserflasche-ellipse-700-ml-nordic-denim\/\" \/>\n<meta property=\"og:locale\" content=\"de_DE\" \/>\n<meta property=\"og:type\" content=\"article\" \/>\n<meta property=\"og:title\" content=\"Wasserflasche Ellipse 700 ml nordic denim - Bantam Camping AG\" \/>\n<meta property=\"og:description\" content=\"Wasser zu trinken ist mehr als hip, es ist vor allem gesund! Mit der passenden Wasserflasche haben Sie auch unterwegs immer ausreichend zu trinken dabei. Einfach zu bef\u00fcllen und durch die Wiederverwendbarkeit nachhaltig zur Umwelt. Die Wasserflasche ist zudem 100 % auslaufsicher! Ob auf der Arbeit, in der Freizeit oder beim Sport: Mit der Ellipse [&hellip;]\" \/>\n<meta property=\"og:url\" content=\"https:\/\/shop.bantam.ch\/de\/produkt\/wasserflasche-ellipse-700-ml-nordic-denim\/\" \/>\n<meta property=\"og:site_name\" content=\"Bantam Camping AG\" \/>\n<meta property=\"article:modified_time\" content=\"2026-04-17T19:19:51+00:00\" \/>\n<meta property=\"og:image\" content=\"https:\/\/shop.bantam.ch\/wp-content\/uploads\/2023\/02\/9954194-100-1-3.jpg\" \/>\n\t<meta property=\"og:image:width\" content=\"110\" \/>\n\t<meta property=\"og:image:height\" content=\"500\" \/>\n\t<meta property=\"og:image:type\" content=\"image\/jpeg\" \/>\n<meta name=\"twitter:card\" content=\"summary_large_image\" \/>\n<script type=\"application\/ld+json\" class=\"yoast-schema-graph\">{\"@context\":\"https:\\\/\\\/schema.org\",\"@graph\":[{\"@type\":\"WebPage\",\"@id\":\"https:\\\/\\\/shop.bantam.ch\\\/de\\\/produkt\\\/wasserflasche-ellipse-700-ml-nordic-denim\\\/\",\"url\":\"https:\\\/\\\/shop.bantam.ch\\\/de\\\/produkt\\\/wasserflasche-ellipse-700-ml-nordic-denim\\\/\",\"name\":\"Wasserflasche Ellipse 700 ml nordic denim - Bantam Camping AG\",\"isPartOf\":{\"@id\":\"https:\\\/\\\/shop.bantam.ch\\\/de\\\/#website\"},\"primaryImageOfPage\":{\"@id\":\"https:\\\/\\\/shop.bantam.ch\\\/de\\\/produkt\\\/wasserflasche-ellipse-700-ml-nordic-denim\\\/#primaryimage\"},\"image\":{\"@id\":\"https:\\\/\\\/shop.bantam.ch\\\/de\\\/produkt\\\/wasserflasche-ellipse-700-ml-nordic-denim\\\/#primaryimage\"},\"thumbnailUrl\":\"https:\\\/\\\/shop.bantam.ch\\\/wp-content\\\/uploads\\\/2023\\\/02\\\/9954194-100-1-3.jpg\",\"datePublished\":\"2023-02-27T23:46:37+00:00\",\"dateModified\":\"2026-04-17T19:19:51+00:00\",\"breadcrumb\":{\"@id\":\"https:\\\/\\\/shop.bantam.ch\\\/de\\\/produkt\\\/wasserflasche-ellipse-700-ml-nordic-denim\\\/#breadcrumb\"},\"inLanguage\":\"de\",\"potentialAction\":[{\"@type\":\"ReadAction\",\"target\":[\"https:\\\/\\\/shop.bantam.ch\\\/de\\\/produkt\\\/wasserflasche-ellipse-700-ml-nordic-denim\\\/\"]}]},{\"@type\":\"ImageObject\",\"inLanguage\":\"de\",\"@id\":\"https:\\\/\\\/shop.bantam.ch\\\/de\\\/produkt\\\/wasserflasche-ellipse-700-ml-nordic-denim\\\/#primaryimage\",\"url\":\"https:\\\/\\\/shop.bantam.ch\\\/wp-content\\\/uploads\\\/2023\\\/02\\\/9954194-100-1-3.jpg\",\"contentUrl\":\"https:\\\/\\\/shop.bantam.ch\\\/wp-content\\\/uploads\\\/2023\\\/02\\\/9954194-100-1-3.jpg\",\"width\":110,\"height\":500},{\"@type\":\"BreadcrumbList\",\"@id\":\"https:\\\/\\\/shop.bantam.ch\\\/de\\\/produkt\\\/wasserflasche-ellipse-700-ml-nordic-denim\\\/#breadcrumb\",\"itemListElement\":[{\"@type\":\"ListItem\",\"position\":1,\"name\":\"Accueil\",\"item\":\"https:\\\/\\\/shop.bantam.ch\\\/de\\\/\"},{\"@type\":\"ListItem\",\"position\":2,\"name\":\"Shop\",\"item\":\"https:\\\/\\\/shop.bantam.ch\\\/de\\\/shop\\\/\"},{\"@type\":\"ListItem\",\"position\":3,\"name\":\"Wasserflasche Ellipse 700 ml nordic denim\"}]},{\"@type\":\"WebSite\",\"@id\":\"https:\\\/\\\/shop.bantam.ch\\\/de\\\/#website\",\"url\":\"https:\\\/\\\/shop.bantam.ch\\\/de\\\/\",\"name\":\"Bantam Camping AG\",\"description\":\"\",\"publisher\":{\"@id\":\"https:\\\/\\\/shop.bantam.ch\\\/de\\\/#organization\"},\"inLanguage\":\"de\"},{\"@type\":\"Organization\",\"@id\":\"https:\\\/\\\/shop.bantam.ch\\\/de\\\/#organization\",\"name\":\"Bantam Camping AG\",\"url\":\"https:\\\/\\\/shop.bantam.ch\\\/de\\\/\",\"logo\":{\"@type\":\"ImageObject\",\"inLanguage\":\"de\",\"@id\":\"https:\\\/\\\/shop.bantam.ch\\\/de\\\/#\\\/schema\\\/logo\\\/image\\\/\",\"url\":\"https:\\\/\\\/shop.bantam.ch\\\/wp-content\\\/uploads\\\/2022\\\/12\\\/bantam-logo.png\",\"contentUrl\":\"https:\\\/\\\/shop.bantam.ch\\\/wp-content\\\/uploads\\\/2022\\\/12\\\/bantam-logo.png\",\"width\":320,\"height\":71,\"caption\":\"Bantam Camping AG\"},\"image\":{\"@id\":\"https:\\\/\\\/shop.bantam.ch\\\/de\\\/#\\\/schema\\\/logo\\\/image\\\/\"}}]}<\/script>\n<!-- \/ Yoast SEO plugin. -->","yoast_head_json":{"title":"Wasserflasche Ellipse 700 ml nordic denim - Bantam Camping AG","robots":{"index":"index","follow":"follow","max-snippet":"max-snippet:-1","max-image-preview":"max-image-preview:large","max-video-preview":"max-video-preview:-1"},"canonical":"https:\/\/shop.bantam.ch\/de\/produkt\/wasserflasche-ellipse-700-ml-nordic-denim\/","og_locale":"de_DE","og_type":"article","og_title":"Wasserflasche Ellipse 700 ml nordic denim - Bantam Camping AG","og_description":"Wasser zu trinken ist mehr als hip, es ist vor allem gesund! Mit der passenden Wasserflasche haben Sie auch unterwegs immer ausreichend zu trinken dabei. Einfach zu bef\u00fcllen und durch die Wiederverwendbarkeit nachhaltig zur Umwelt. Die Wasserflasche ist zudem 100 % auslaufsicher! Ob auf der Arbeit, in der Freizeit oder beim Sport: Mit der Ellipse [&hellip;]","og_url":"https:\/\/shop.bantam.ch\/de\/produkt\/wasserflasche-ellipse-700-ml-nordic-denim\/","og_site_name":"Bantam Camping AG","article_modified_time":"2026-04-17T19:19:51+00:00","og_image":[{"width":110,"height":500,"url":"https:\/\/shop.bantam.ch\/wp-content\/uploads\/2023\/02\/9954194-100-1-3.jpg","type":"image\/jpeg"}],"twitter_card":"summary_large_image","schema":{"@context":"https:\/\/schema.org","@graph":[{"@type":"WebPage","@id":"https:\/\/shop.bantam.ch\/de\/produkt\/wasserflasche-ellipse-700-ml-nordic-denim\/","url":"https:\/\/shop.bantam.ch\/de\/produkt\/wasserflasche-ellipse-700-ml-nordic-denim\/","name":"Wasserflasche Ellipse 700 ml nordic denim - Bantam Camping AG","isPartOf":{"@id":"https:\/\/shop.bantam.ch\/de\/#website"},"primaryImageOfPage":{"@id":"https:\/\/shop.bantam.ch\/de\/produkt\/wasserflasche-ellipse-700-ml-nordic-denim\/#primaryimage"},"image":{"@id":"https:\/\/shop.bantam.ch\/de\/produkt\/wasserflasche-ellipse-700-ml-nordic-denim\/#primaryimage"},"thumbnailUrl":"https:\/\/shop.bantam.ch\/wp-content\/uploads\/2023\/02\/9954194-100-1-3.jpg","datePublished":"2023-02-27T23:46:37+00:00","dateModified":"2026-04-17T19:19:51+00:00","breadcrumb":{"@id":"https:\/\/shop.bantam.ch\/de\/produkt\/wasserflasche-ellipse-700-ml-nordic-denim\/#breadcrumb"},"inLanguage":"de","potentialAction":[{"@type":"ReadAction","target":["https:\/\/shop.bantam.ch\/de\/produkt\/wasserflasche-ellipse-700-ml-nordic-denim\/"]}]},{"@type":"ImageObject","inLanguage":"de","@id":"https:\/\/shop.bantam.ch\/de\/produkt\/wasserflasche-ellipse-700-ml-nordic-denim\/#primaryimage","url":"https:\/\/shop.bantam.ch\/wp-content\/uploads\/2023\/02\/9954194-100-1-3.jpg","contentUrl":"https:\/\/shop.bantam.ch\/wp-content\/uploads\/2023\/02\/9954194-100-1-3.jpg","width":110,"height":500},{"@type":"BreadcrumbList","@id":"https:\/\/shop.bantam.ch\/de\/produkt\/wasserflasche-ellipse-700-ml-nordic-denim\/#breadcrumb","itemListElement":[{"@type":"ListItem","position":1,"name":"Accueil","item":"https:\/\/shop.bantam.ch\/de\/"},{"@type":"ListItem","position":2,"name":"Shop","item":"https:\/\/shop.bantam.ch\/de\/shop\/"},{"@type":"ListItem","position":3,"name":"Wasserflasche Ellipse 700 ml nordic denim"}]},{"@type":"WebSite","@id":"https:\/\/shop.bantam.ch\/de\/#website","url":"https:\/\/shop.bantam.ch\/de\/","name":"Bantam Camping AG","description":"","publisher":{"@id":"https:\/\/shop.bantam.ch\/de\/#organization"},"inLanguage":"de"},{"@type":"Organization","@id":"https:\/\/shop.bantam.ch\/de\/#organization","name":"Bantam Camping AG","url":"https:\/\/shop.bantam.ch\/de\/","logo":{"@type":"ImageObject","inLanguage":"de","@id":"https:\/\/shop.bantam.ch\/de\/#\/schema\/logo\/image\/","url":"https:\/\/shop.bantam.ch\/wp-content\/uploads\/2022\/12\/bantam-logo.png","contentUrl":"https:\/\/shop.bantam.ch\/wp-content\/uploads\/2022\/12\/bantam-logo.png","width":320,"height":71,"caption":"Bantam Camping AG"},"image":{"@id":"https:\/\/shop.bantam.ch\/de\/#\/schema\/logo\/image\/"}}]}},"_links":{"self":[{"href":"https:\/\/shop.bantam.ch\/de\/wp-json\/wp\/v2\/product\/77054","targetHints":{"allow":["GET"]}}],"collection":[{"href":"https:\/\/shop.bantam.ch\/de\/wp-json\/wp\/v2\/product"}],"about":[{"href":"https:\/\/shop.bantam.ch\/de\/wp-json\/wp\/v2\/types\/product"}],"wp:featuredmedia":[{"embeddable":true,"href":"https:\/\/shop.bantam.ch\/de\/wp-json\/wp\/v2\/media\/77052"}],"wp:attachment":[{"href":"https:\/\/shop.bantam.ch\/de\/wp-json\/wp\/v2\/media?parent=77054"}],"wp:term":[{"taxonomy":"product_featured_cat","embeddable":true,"href":"https:\/\/shop.bantam.ch\/de\/wp-json\/wp\/v2\/product_featured_cat?post=77054"},{"taxonomy":"product_brand","embeddable":true,"href":"https:\/\/shop.bantam.ch\/de\/wp-json\/wp\/v2\/product_brand?post=77054"},{"taxonomy":"product_cat","embeddable":true,"href":"https:\/\/shop.bantam.ch\/de\/wp-json\/wp\/v2\/product_cat?post=77054"},{"taxonomy":"product_tag","embeddable":true,"href":"https:\/\/shop.bantam.ch\/de\/wp-json\/wp\/v2\/product_tag?post=77054"}],"curies":[{"name":"wp","href":"https:\/\/api.w.org\/{rel}","templated":true}]}}