{"id":76891,"date":"2023-02-28T00:44:09","date_gmt":"2023-02-27T23:44:09","guid":{"rendered":"http:\/\/shop.bantam.ch\/produit\/wasserentkeimung-certec-3-in-1-keimentziehend-ohne-silber\/"},"modified":"2026-05-09T22:22:54","modified_gmt":"2026-05-09T20:22:54","slug":"wasserentkeimung-certec-3-in-1-keimentziehend-ohne-silber","status":"publish","type":"product","link":"https:\/\/shop.bantam.ch\/de\/produkt\/wasserentkeimung-certec-3-in-1-keimentziehend-ohne-silber\/","title":{"rendered":"Wasserentkeimung Certec 3 in 1 keimentziehend ohne Silber"},"content":{"rendered":"<p>Certec 3in1 sch\u00fctzt Ihr Frischwasser im Tank das ganze Jahr. Die besondere Dreifachwirkung der Kapsel verhindert Verkeimung und die Bildung von Biofilm (Schlieren). Au\u00dferdem versorgt es das Wasser mit Mineralien. Certec 3 in 1 schwimmt an der Wasseroberfl\u00e4che und kann durch die Nylonschnur jederzeit bequem aus dem Tank gefischt werden.<\/p>\n<ul>\n<li>H\u00e4lt Trinkwasser frisch<\/li>\n<li>Wasser kann im Beh\u00e4lter bleiben, braucht nur nachgef\u00fcllt zu werden<\/li>\n<li>Mineralisiert und vitalisiert das Wasser<\/li>\n<li>Ohne Silber<\/li>\n<\/ul>\n<p>\u00a0<\/p>\n","protected":false},"excerpt":{"rendered":"<p>Certec 3in1 sch\u00fctzt Ihr Frischwasser im Tank das ganze Jahr. Die besondere Dreifachwirkung der Kapsel verhindert Verkeimung und die Bildung von Biofilm (Schlieren). Au\u00dferdem versorgt es das Wasser mit Mineralien. Certec 3 in 1 schwimmt an der Wasseroberfl\u00e4che und kann durch die Nylonschnur jederzeit bequem aus dem Tank gefischt werden. H\u00e4lt Trinkwasser frisch Wasser kann [&hellip;]<\/p>\n","protected":false},"featured_media":76870,"template":"","meta":{"_acf_changed":false},"product_featured_cat":[],"product_brand":[3109],"product_cat":[4614],"product_tag":[],"class_list":{"0":"post-76891","1":"product","2":"type-product","3":"status-publish","4":"has-post-thumbnail","6":"product_brand-lilie-de","7":"product_cat-wasserentkeimung","9":"first","10":"instock","11":"taxable","12":"shipping-taxable","13":"purchasable","14":"product-type-variable"},"acf":[],"yoast_head":"<!-- This site is optimized with the Yoast SEO plugin v27.5 - https:\/\/yoast.com\/product\/yoast-seo-wordpress\/ -->\n<title>Wasserentkeimung Certec 3 in 1 keimentziehend ohne Silber - Bantam<\/title>\n<meta name=\"robots\" content=\"index, follow, max-snippet:-1, max-image-preview:large, max-video-preview:-1\" \/>\n<link rel=\"canonical\" href=\"https:\/\/shop.bantam.ch\/de\/produkt\/wasserentkeimung-certec-3-in-1-keimentziehend-ohne-silber\/\" \/>\n<meta property=\"og:locale\" content=\"de_DE\" \/>\n<meta property=\"og:type\" content=\"article\" \/>\n<meta property=\"og:title\" content=\"Wasserentkeimung Certec 3 in 1 keimentziehend ohne Silber - Bantam\" \/>\n<meta property=\"og:description\" content=\"Certec 3in1 sch\u00fctzt Ihr Frischwasser im Tank das ganze Jahr. Die besondere Dreifachwirkung der Kapsel verhindert Verkeimung und die Bildung von Biofilm (Schlieren). Au\u00dferdem versorgt es das Wasser mit Mineralien. Certec 3 in 1 schwimmt an der Wasseroberfl\u00e4che und kann durch die Nylonschnur jederzeit bequem aus dem Tank gefischt werden. H\u00e4lt Trinkwasser frisch Wasser kann [&hellip;]\" \/>\n<meta property=\"og:url\" content=\"https:\/\/shop.bantam.ch\/de\/produkt\/wasserentkeimung-certec-3-in-1-keimentziehend-ohne-silber\/\" \/>\n<meta property=\"og:site_name\" content=\"Bantam\" \/>\n<meta property=\"article:modified_time\" content=\"2026-05-09T20:22:54+00:00\" \/>\n<meta property=\"og:image\" content=\"https:\/\/shop.bantam.ch\/wp-content\/uploads\/2023\/02\/993185712.jpg\" \/>\n\t<meta property=\"og:image:width\" content=\"722\" \/>\n\t<meta property=\"og:image:height\" content=\"1000\" \/>\n\t<meta property=\"og:image:type\" content=\"image\/jpeg\" \/>\n<meta name=\"twitter:card\" content=\"summary_large_image\" \/>\n<script type=\"application\/ld+json\" class=\"yoast-schema-graph\">{\"@context\":\"https:\\\/\\\/schema.org\",\"@graph\":[{\"@type\":\"WebPage\",\"@id\":\"https:\\\/\\\/shop.bantam.ch\\\/de\\\/produkt\\\/wasserentkeimung-certec-3-in-1-keimentziehend-ohne-silber\\\/\",\"url\":\"https:\\\/\\\/shop.bantam.ch\\\/de\\\/produkt\\\/wasserentkeimung-certec-3-in-1-keimentziehend-ohne-silber\\\/\",\"name\":\"Wasserentkeimung Certec 3 in 1 keimentziehend ohne Silber - Bantam\",\"isPartOf\":{\"@id\":\"https:\\\/\\\/shop.bantam.ch\\\/de\\\/#website\"},\"primaryImageOfPage\":{\"@id\":\"https:\\\/\\\/shop.bantam.ch\\\/de\\\/produkt\\\/wasserentkeimung-certec-3-in-1-keimentziehend-ohne-silber\\\/#primaryimage\"},\"image\":{\"@id\":\"https:\\\/\\\/shop.bantam.ch\\\/de\\\/produkt\\\/wasserentkeimung-certec-3-in-1-keimentziehend-ohne-silber\\\/#primaryimage\"},\"thumbnailUrl\":\"https:\\\/\\\/shop.bantam.ch\\\/wp-content\\\/uploads\\\/2023\\\/02\\\/993185712.jpg\",\"datePublished\":\"2023-02-27T23:44:09+00:00\",\"dateModified\":\"2026-05-09T20:22:54+00:00\",\"breadcrumb\":{\"@id\":\"https:\\\/\\\/shop.bantam.ch\\\/de\\\/produkt\\\/wasserentkeimung-certec-3-in-1-keimentziehend-ohne-silber\\\/#breadcrumb\"},\"inLanguage\":\"de\",\"potentialAction\":[{\"@type\":\"ReadAction\",\"target\":[\"https:\\\/\\\/shop.bantam.ch\\\/de\\\/produkt\\\/wasserentkeimung-certec-3-in-1-keimentziehend-ohne-silber\\\/\"]}]},{\"@type\":\"ImageObject\",\"inLanguage\":\"de\",\"@id\":\"https:\\\/\\\/shop.bantam.ch\\\/de\\\/produkt\\\/wasserentkeimung-certec-3-in-1-keimentziehend-ohne-silber\\\/#primaryimage\",\"url\":\"https:\\\/\\\/shop.bantam.ch\\\/wp-content\\\/uploads\\\/2023\\\/02\\\/993185712.jpg\",\"contentUrl\":\"https:\\\/\\\/shop.bantam.ch\\\/wp-content\\\/uploads\\\/2023\\\/02\\\/993185712.jpg\",\"width\":722,\"height\":1000},{\"@type\":\"BreadcrumbList\",\"@id\":\"https:\\\/\\\/shop.bantam.ch\\\/de\\\/produkt\\\/wasserentkeimung-certec-3-in-1-keimentziehend-ohne-silber\\\/#breadcrumb\",\"itemListElement\":[{\"@type\":\"ListItem\",\"position\":1,\"name\":\"Accueil\",\"item\":\"https:\\\/\\\/shop.bantam.ch\\\/de\\\/\"},{\"@type\":\"ListItem\",\"position\":2,\"name\":\"Shop\",\"item\":\"https:\\\/\\\/shop.bantam.ch\\\/de\\\/shop\\\/\"},{\"@type\":\"ListItem\",\"position\":3,\"name\":\"Wasserentkeimung Certec 3 in 1 keimentziehend ohne Silber\"}]},{\"@type\":\"WebSite\",\"@id\":\"https:\\\/\\\/shop.bantam.ch\\\/de\\\/#website\",\"url\":\"https:\\\/\\\/shop.bantam.ch\\\/de\\\/\",\"name\":\"Bantam\",\"description\":\"\",\"publisher\":{\"@id\":\"https:\\\/\\\/shop.bantam.ch\\\/de\\\/#organization\"},\"inLanguage\":\"de\"},{\"@type\":\"Organization\",\"@id\":\"https:\\\/\\\/shop.bantam.ch\\\/de\\\/#organization\",\"name\":\"Bantam\",\"url\":\"https:\\\/\\\/shop.bantam.ch\\\/de\\\/\",\"logo\":{\"@type\":\"ImageObject\",\"inLanguage\":\"de\",\"@id\":\"https:\\\/\\\/shop.bantam.ch\\\/de\\\/#\\\/schema\\\/logo\\\/image\\\/\",\"url\":\"https:\\\/\\\/shop.bantam.ch\\\/wp-content\\\/uploads\\\/2022\\\/12\\\/bantam-logo.png\",\"contentUrl\":\"https:\\\/\\\/shop.bantam.ch\\\/wp-content\\\/uploads\\\/2022\\\/12\\\/bantam-logo.png\",\"width\":320,\"height\":71,\"caption\":\"Bantam\"},\"image\":{\"@id\":\"https:\\\/\\\/shop.bantam.ch\\\/de\\\/#\\\/schema\\\/logo\\\/image\\\/\"}}]}<\/script>\n<!-- \/ Yoast SEO plugin. -->","yoast_head_json":{"title":"Wasserentkeimung Certec 3 in 1 keimentziehend ohne Silber - Bantam","robots":{"index":"index","follow":"follow","max-snippet":"max-snippet:-1","max-image-preview":"max-image-preview:large","max-video-preview":"max-video-preview:-1"},"canonical":"https:\/\/shop.bantam.ch\/de\/produkt\/wasserentkeimung-certec-3-in-1-keimentziehend-ohne-silber\/","og_locale":"de_DE","og_type":"article","og_title":"Wasserentkeimung Certec 3 in 1 keimentziehend ohne Silber - Bantam","og_description":"Certec 3in1 sch\u00fctzt Ihr Frischwasser im Tank das ganze Jahr. Die besondere Dreifachwirkung der Kapsel verhindert Verkeimung und die Bildung von Biofilm (Schlieren). Au\u00dferdem versorgt es das Wasser mit Mineralien. Certec 3 in 1 schwimmt an der Wasseroberfl\u00e4che und kann durch die Nylonschnur jederzeit bequem aus dem Tank gefischt werden. H\u00e4lt Trinkwasser frisch Wasser kann [&hellip;]","og_url":"https:\/\/shop.bantam.ch\/de\/produkt\/wasserentkeimung-certec-3-in-1-keimentziehend-ohne-silber\/","og_site_name":"Bantam","article_modified_time":"2026-05-09T20:22:54+00:00","og_image":[{"width":722,"height":1000,"url":"https:\/\/shop.bantam.ch\/wp-content\/uploads\/2023\/02\/993185712.jpg","type":"image\/jpeg"}],"twitter_card":"summary_large_image","schema":{"@context":"https:\/\/schema.org","@graph":[{"@type":"WebPage","@id":"https:\/\/shop.bantam.ch\/de\/produkt\/wasserentkeimung-certec-3-in-1-keimentziehend-ohne-silber\/","url":"https:\/\/shop.bantam.ch\/de\/produkt\/wasserentkeimung-certec-3-in-1-keimentziehend-ohne-silber\/","name":"Wasserentkeimung Certec 3 in 1 keimentziehend ohne Silber - Bantam","isPartOf":{"@id":"https:\/\/shop.bantam.ch\/de\/#website"},"primaryImageOfPage":{"@id":"https:\/\/shop.bantam.ch\/de\/produkt\/wasserentkeimung-certec-3-in-1-keimentziehend-ohne-silber\/#primaryimage"},"image":{"@id":"https:\/\/shop.bantam.ch\/de\/produkt\/wasserentkeimung-certec-3-in-1-keimentziehend-ohne-silber\/#primaryimage"},"thumbnailUrl":"https:\/\/shop.bantam.ch\/wp-content\/uploads\/2023\/02\/993185712.jpg","datePublished":"2023-02-27T23:44:09+00:00","dateModified":"2026-05-09T20:22:54+00:00","breadcrumb":{"@id":"https:\/\/shop.bantam.ch\/de\/produkt\/wasserentkeimung-certec-3-in-1-keimentziehend-ohne-silber\/#breadcrumb"},"inLanguage":"de","potentialAction":[{"@type":"ReadAction","target":["https:\/\/shop.bantam.ch\/de\/produkt\/wasserentkeimung-certec-3-in-1-keimentziehend-ohne-silber\/"]}]},{"@type":"ImageObject","inLanguage":"de","@id":"https:\/\/shop.bantam.ch\/de\/produkt\/wasserentkeimung-certec-3-in-1-keimentziehend-ohne-silber\/#primaryimage","url":"https:\/\/shop.bantam.ch\/wp-content\/uploads\/2023\/02\/993185712.jpg","contentUrl":"https:\/\/shop.bantam.ch\/wp-content\/uploads\/2023\/02\/993185712.jpg","width":722,"height":1000},{"@type":"BreadcrumbList","@id":"https:\/\/shop.bantam.ch\/de\/produkt\/wasserentkeimung-certec-3-in-1-keimentziehend-ohne-silber\/#breadcrumb","itemListElement":[{"@type":"ListItem","position":1,"name":"Accueil","item":"https:\/\/shop.bantam.ch\/de\/"},{"@type":"ListItem","position":2,"name":"Shop","item":"https:\/\/shop.bantam.ch\/de\/shop\/"},{"@type":"ListItem","position":3,"name":"Wasserentkeimung Certec 3 in 1 keimentziehend ohne Silber"}]},{"@type":"WebSite","@id":"https:\/\/shop.bantam.ch\/de\/#website","url":"https:\/\/shop.bantam.ch\/de\/","name":"Bantam","description":"","publisher":{"@id":"https:\/\/shop.bantam.ch\/de\/#organization"},"inLanguage":"de"},{"@type":"Organization","@id":"https:\/\/shop.bantam.ch\/de\/#organization","name":"Bantam","url":"https:\/\/shop.bantam.ch\/de\/","logo":{"@type":"ImageObject","inLanguage":"de","@id":"https:\/\/shop.bantam.ch\/de\/#\/schema\/logo\/image\/","url":"https:\/\/shop.bantam.ch\/wp-content\/uploads\/2022\/12\/bantam-logo.png","contentUrl":"https:\/\/shop.bantam.ch\/wp-content\/uploads\/2022\/12\/bantam-logo.png","width":320,"height":71,"caption":"Bantam"},"image":{"@id":"https:\/\/shop.bantam.ch\/de\/#\/schema\/logo\/image\/"}}]}},"_links":{"self":[{"href":"https:\/\/shop.bantam.ch\/de\/wp-json\/wp\/v2\/product\/76891","targetHints":{"allow":["GET"]}}],"collection":[{"href":"https:\/\/shop.bantam.ch\/de\/wp-json\/wp\/v2\/product"}],"about":[{"href":"https:\/\/shop.bantam.ch\/de\/wp-json\/wp\/v2\/types\/product"}],"wp:featuredmedia":[{"embeddable":true,"href":"https:\/\/shop.bantam.ch\/de\/wp-json\/wp\/v2\/media\/76870"}],"wp:attachment":[{"href":"https:\/\/shop.bantam.ch\/de\/wp-json\/wp\/v2\/media?parent=76891"}],"wp:term":[{"taxonomy":"product_featured_cat","embeddable":true,"href":"https:\/\/shop.bantam.ch\/de\/wp-json\/wp\/v2\/product_featured_cat?post=76891"},{"taxonomy":"product_brand","embeddable":true,"href":"https:\/\/shop.bantam.ch\/de\/wp-json\/wp\/v2\/product_brand?post=76891"},{"taxonomy":"product_cat","embeddable":true,"href":"https:\/\/shop.bantam.ch\/de\/wp-json\/wp\/v2\/product_cat?post=76891"},{"taxonomy":"product_tag","embeddable":true,"href":"https:\/\/shop.bantam.ch\/de\/wp-json\/wp\/v2\/product_tag?post=76891"}],"curies":[{"name":"wp","href":"https:\/\/api.w.org\/{rel}","templated":true}]}}