{"id":76822,"date":"2023-02-28T00:43:10","date_gmt":"2023-02-27T23:43:10","guid":{"rendered":"http:\/\/shop.bantam.ch\/produit\/bollerwagen-holz\/"},"modified":"2026-05-10T21:20:33","modified_gmt":"2026-05-10T19:20:33","slug":"bollerwagen-holz","status":"publish","type":"product","link":"https:\/\/shop.bantam.ch\/de\/produkt\/bollerwagen-holz\/","title":{"rendered":"Bollerwagen EuroTrail Holz"},"content":{"rendered":"<p>Kompakter Transporthelfer mit max. Tragekraft von 100 kg! Ideal f\u00fcr den Einsatz im Garten, Sport, Freizeit und Camping. Der robuste, steckbare Holzaufbau l\u00e4sst sich ohne viel Aufwand zerlegen und braucht nach Gebrauch wenig Platz zum Aufbewahren. Die L\u00fcftr\u00e4der sorgen f\u00fcr einen problemlosen Transport auch durch Sand!<\/p>\n<p>Material:<br \/>Schichtholz<br \/>Gestell: Stahl<\/p>\n","protected":false},"excerpt":{"rendered":"<p>Kompakter Transporthelfer mit max. Tragekraft von 100 kg! Ideal f\u00fcr den Einsatz im Garten, Sport, Freizeit und Camping. Der robuste, steckbare Holzaufbau l\u00e4sst sich ohne viel Aufwand zerlegen und braucht nach Gebrauch wenig Platz zum Aufbewahren. Die L\u00fcftr\u00e4der sorgen f\u00fcr einen problemlosen Transport auch durch Sand! Material:SchichtholzGestell: Stahl<\/p>\n","protected":false},"featured_media":76818,"template":"","meta":{"_acf_changed":false},"product_featured_cat":[],"product_brand":[3075],"product_cat":[4474],"product_tag":[],"class_list":{"0":"post-76822","1":"product","2":"type-product","3":"status-publish","4":"has-post-thumbnail","6":"product_brand-eurotrail-de","7":"product_cat-transport-bollerwagen","9":"first","10":"instock","11":"taxable","12":"shipping-taxable","13":"purchasable","14":"product-type-simple"},"acf":[],"yoast_head":"<!-- This site is optimized with the Yoast SEO plugin v27.5 - https:\/\/yoast.com\/product\/yoast-seo-wordpress\/ -->\n<title>Bollerwagen EuroTrail Holz - Bantam<\/title>\n<meta name=\"robots\" content=\"index, follow, max-snippet:-1, max-image-preview:large, max-video-preview:-1\" \/>\n<link rel=\"canonical\" href=\"https:\/\/shop.bantam.ch\/de\/produkt\/bollerwagen-holz\/\" \/>\n<meta property=\"og:locale\" content=\"de_DE\" \/>\n<meta property=\"og:type\" content=\"article\" \/>\n<meta property=\"og:title\" content=\"Bollerwagen EuroTrail Holz - Bantam\" \/>\n<meta property=\"og:description\" content=\"Kompakter Transporthelfer mit max. Tragekraft von 100 kg! Ideal f\u00fcr den Einsatz im Garten, Sport, Freizeit und Camping. Der robuste, steckbare Holzaufbau l\u00e4sst sich ohne viel Aufwand zerlegen und braucht nach Gebrauch wenig Platz zum Aufbewahren. Die L\u00fcftr\u00e4der sorgen f\u00fcr einen problemlosen Transport auch durch Sand! Material:SchichtholzGestell: Stahl\" \/>\n<meta property=\"og:url\" content=\"https:\/\/shop.bantam.ch\/de\/produkt\/bollerwagen-holz\/\" \/>\n<meta property=\"og:site_name\" content=\"Bantam\" \/>\n<meta property=\"article:modified_time\" content=\"2026-05-10T19:20:33+00:00\" \/>\n<meta property=\"og:image\" content=\"https:\/\/shop.bantam.ch\/wp-content\/uploads\/2023\/02\/9931828-100-1-3.jpg\" \/>\n\t<meta property=\"og:image:width\" content=\"463\" \/>\n\t<meta property=\"og:image:height\" content=\"500\" \/>\n\t<meta property=\"og:image:type\" content=\"image\/jpeg\" \/>\n<meta name=\"twitter:card\" content=\"summary_large_image\" \/>\n<script type=\"application\/ld+json\" class=\"yoast-schema-graph\">{\"@context\":\"https:\\\/\\\/schema.org\",\"@graph\":[{\"@type\":\"WebPage\",\"@id\":\"https:\\\/\\\/shop.bantam.ch\\\/de\\\/produkt\\\/bollerwagen-holz\\\/\",\"url\":\"https:\\\/\\\/shop.bantam.ch\\\/de\\\/produkt\\\/bollerwagen-holz\\\/\",\"name\":\"Bollerwagen EuroTrail Holz - Bantam\",\"isPartOf\":{\"@id\":\"https:\\\/\\\/shop.bantam.ch\\\/de\\\/#website\"},\"primaryImageOfPage\":{\"@id\":\"https:\\\/\\\/shop.bantam.ch\\\/de\\\/produkt\\\/bollerwagen-holz\\\/#primaryimage\"},\"image\":{\"@id\":\"https:\\\/\\\/shop.bantam.ch\\\/de\\\/produkt\\\/bollerwagen-holz\\\/#primaryimage\"},\"thumbnailUrl\":\"https:\\\/\\\/shop.bantam.ch\\\/wp-content\\\/uploads\\\/2023\\\/02\\\/9931828-100-1-3.jpg\",\"datePublished\":\"2023-02-27T23:43:10+00:00\",\"dateModified\":\"2026-05-10T19:20:33+00:00\",\"breadcrumb\":{\"@id\":\"https:\\\/\\\/shop.bantam.ch\\\/de\\\/produkt\\\/bollerwagen-holz\\\/#breadcrumb\"},\"inLanguage\":\"de\",\"potentialAction\":[{\"@type\":\"ReadAction\",\"target\":[\"https:\\\/\\\/shop.bantam.ch\\\/de\\\/produkt\\\/bollerwagen-holz\\\/\"]}]},{\"@type\":\"ImageObject\",\"inLanguage\":\"de\",\"@id\":\"https:\\\/\\\/shop.bantam.ch\\\/de\\\/produkt\\\/bollerwagen-holz\\\/#primaryimage\",\"url\":\"https:\\\/\\\/shop.bantam.ch\\\/wp-content\\\/uploads\\\/2023\\\/02\\\/9931828-100-1-3.jpg\",\"contentUrl\":\"https:\\\/\\\/shop.bantam.ch\\\/wp-content\\\/uploads\\\/2023\\\/02\\\/9931828-100-1-3.jpg\",\"width\":463,\"height\":500},{\"@type\":\"BreadcrumbList\",\"@id\":\"https:\\\/\\\/shop.bantam.ch\\\/de\\\/produkt\\\/bollerwagen-holz\\\/#breadcrumb\",\"itemListElement\":[{\"@type\":\"ListItem\",\"position\":1,\"name\":\"Accueil\",\"item\":\"https:\\\/\\\/shop.bantam.ch\\\/de\\\/\"},{\"@type\":\"ListItem\",\"position\":2,\"name\":\"Shop\",\"item\":\"https:\\\/\\\/shop.bantam.ch\\\/de\\\/shop\\\/\"},{\"@type\":\"ListItem\",\"position\":3,\"name\":\"Bollerwagen EuroTrail Holz\"}]},{\"@type\":\"WebSite\",\"@id\":\"https:\\\/\\\/shop.bantam.ch\\\/de\\\/#website\",\"url\":\"https:\\\/\\\/shop.bantam.ch\\\/de\\\/\",\"name\":\"Bantam\",\"description\":\"\",\"publisher\":{\"@id\":\"https:\\\/\\\/shop.bantam.ch\\\/de\\\/#organization\"},\"inLanguage\":\"de\"},{\"@type\":\"Organization\",\"@id\":\"https:\\\/\\\/shop.bantam.ch\\\/de\\\/#organization\",\"name\":\"Bantam\",\"url\":\"https:\\\/\\\/shop.bantam.ch\\\/de\\\/\",\"logo\":{\"@type\":\"ImageObject\",\"inLanguage\":\"de\",\"@id\":\"https:\\\/\\\/shop.bantam.ch\\\/de\\\/#\\\/schema\\\/logo\\\/image\\\/\",\"url\":\"https:\\\/\\\/shop.bantam.ch\\\/wp-content\\\/uploads\\\/2022\\\/12\\\/bantam-logo.png\",\"contentUrl\":\"https:\\\/\\\/shop.bantam.ch\\\/wp-content\\\/uploads\\\/2022\\\/12\\\/bantam-logo.png\",\"width\":320,\"height\":71,\"caption\":\"Bantam\"},\"image\":{\"@id\":\"https:\\\/\\\/shop.bantam.ch\\\/de\\\/#\\\/schema\\\/logo\\\/image\\\/\"}}]}<\/script>\n<!-- \/ Yoast SEO plugin. -->","yoast_head_json":{"title":"Bollerwagen EuroTrail Holz - Bantam","robots":{"index":"index","follow":"follow","max-snippet":"max-snippet:-1","max-image-preview":"max-image-preview:large","max-video-preview":"max-video-preview:-1"},"canonical":"https:\/\/shop.bantam.ch\/de\/produkt\/bollerwagen-holz\/","og_locale":"de_DE","og_type":"article","og_title":"Bollerwagen EuroTrail Holz - Bantam","og_description":"Kompakter Transporthelfer mit max. Tragekraft von 100 kg! Ideal f\u00fcr den Einsatz im Garten, Sport, Freizeit und Camping. Der robuste, steckbare Holzaufbau l\u00e4sst sich ohne viel Aufwand zerlegen und braucht nach Gebrauch wenig Platz zum Aufbewahren. Die L\u00fcftr\u00e4der sorgen f\u00fcr einen problemlosen Transport auch durch Sand! Material:SchichtholzGestell: Stahl","og_url":"https:\/\/shop.bantam.ch\/de\/produkt\/bollerwagen-holz\/","og_site_name":"Bantam","article_modified_time":"2026-05-10T19:20:33+00:00","og_image":[{"width":463,"height":500,"url":"https:\/\/shop.bantam.ch\/wp-content\/uploads\/2023\/02\/9931828-100-1-3.jpg","type":"image\/jpeg"}],"twitter_card":"summary_large_image","schema":{"@context":"https:\/\/schema.org","@graph":[{"@type":"WebPage","@id":"https:\/\/shop.bantam.ch\/de\/produkt\/bollerwagen-holz\/","url":"https:\/\/shop.bantam.ch\/de\/produkt\/bollerwagen-holz\/","name":"Bollerwagen EuroTrail Holz - Bantam","isPartOf":{"@id":"https:\/\/shop.bantam.ch\/de\/#website"},"primaryImageOfPage":{"@id":"https:\/\/shop.bantam.ch\/de\/produkt\/bollerwagen-holz\/#primaryimage"},"image":{"@id":"https:\/\/shop.bantam.ch\/de\/produkt\/bollerwagen-holz\/#primaryimage"},"thumbnailUrl":"https:\/\/shop.bantam.ch\/wp-content\/uploads\/2023\/02\/9931828-100-1-3.jpg","datePublished":"2023-02-27T23:43:10+00:00","dateModified":"2026-05-10T19:20:33+00:00","breadcrumb":{"@id":"https:\/\/shop.bantam.ch\/de\/produkt\/bollerwagen-holz\/#breadcrumb"},"inLanguage":"de","potentialAction":[{"@type":"ReadAction","target":["https:\/\/shop.bantam.ch\/de\/produkt\/bollerwagen-holz\/"]}]},{"@type":"ImageObject","inLanguage":"de","@id":"https:\/\/shop.bantam.ch\/de\/produkt\/bollerwagen-holz\/#primaryimage","url":"https:\/\/shop.bantam.ch\/wp-content\/uploads\/2023\/02\/9931828-100-1-3.jpg","contentUrl":"https:\/\/shop.bantam.ch\/wp-content\/uploads\/2023\/02\/9931828-100-1-3.jpg","width":463,"height":500},{"@type":"BreadcrumbList","@id":"https:\/\/shop.bantam.ch\/de\/produkt\/bollerwagen-holz\/#breadcrumb","itemListElement":[{"@type":"ListItem","position":1,"name":"Accueil","item":"https:\/\/shop.bantam.ch\/de\/"},{"@type":"ListItem","position":2,"name":"Shop","item":"https:\/\/shop.bantam.ch\/de\/shop\/"},{"@type":"ListItem","position":3,"name":"Bollerwagen EuroTrail Holz"}]},{"@type":"WebSite","@id":"https:\/\/shop.bantam.ch\/de\/#website","url":"https:\/\/shop.bantam.ch\/de\/","name":"Bantam","description":"","publisher":{"@id":"https:\/\/shop.bantam.ch\/de\/#organization"},"inLanguage":"de"},{"@type":"Organization","@id":"https:\/\/shop.bantam.ch\/de\/#organization","name":"Bantam","url":"https:\/\/shop.bantam.ch\/de\/","logo":{"@type":"ImageObject","inLanguage":"de","@id":"https:\/\/shop.bantam.ch\/de\/#\/schema\/logo\/image\/","url":"https:\/\/shop.bantam.ch\/wp-content\/uploads\/2022\/12\/bantam-logo.png","contentUrl":"https:\/\/shop.bantam.ch\/wp-content\/uploads\/2022\/12\/bantam-logo.png","width":320,"height":71,"caption":"Bantam"},"image":{"@id":"https:\/\/shop.bantam.ch\/de\/#\/schema\/logo\/image\/"}}]}},"_links":{"self":[{"href":"https:\/\/shop.bantam.ch\/de\/wp-json\/wp\/v2\/product\/76822","targetHints":{"allow":["GET"]}}],"collection":[{"href":"https:\/\/shop.bantam.ch\/de\/wp-json\/wp\/v2\/product"}],"about":[{"href":"https:\/\/shop.bantam.ch\/de\/wp-json\/wp\/v2\/types\/product"}],"wp:featuredmedia":[{"embeddable":true,"href":"https:\/\/shop.bantam.ch\/de\/wp-json\/wp\/v2\/media\/76818"}],"wp:attachment":[{"href":"https:\/\/shop.bantam.ch\/de\/wp-json\/wp\/v2\/media?parent=76822"}],"wp:term":[{"taxonomy":"product_featured_cat","embeddable":true,"href":"https:\/\/shop.bantam.ch\/de\/wp-json\/wp\/v2\/product_featured_cat?post=76822"},{"taxonomy":"product_brand","embeddable":true,"href":"https:\/\/shop.bantam.ch\/de\/wp-json\/wp\/v2\/product_brand?post=76822"},{"taxonomy":"product_cat","embeddable":true,"href":"https:\/\/shop.bantam.ch\/de\/wp-json\/wp\/v2\/product_cat?post=76822"},{"taxonomy":"product_tag","embeddable":true,"href":"https:\/\/shop.bantam.ch\/de\/wp-json\/wp\/v2\/product_tag?post=76822"}],"curies":[{"name":"wp","href":"https:\/\/api.w.org\/{rel}","templated":true}]}}