{"id":76746,"date":"2023-02-28T00:41:49","date_gmt":"2023-02-27T23:41:49","guid":{"rendered":"http:\/\/shop.bantam.ch\/produit\/leicht-reiseschlafsack-rechteck\/"},"modified":"2026-04-18T22:21:53","modified_gmt":"2026-04-18T20:21:53","slug":"leicht-reiseschlafsack-rechteck","status":"publish","type":"product","link":"https:\/\/shop.bantam.ch\/de\/produkt\/leicht-reiseschlafsack-rechteck\/","title":{"rendered":"Leicht-Reiseschlafsack Rechteck"},"content":{"rendered":"<p>Extrem leichter und ger\u00e4umiger Leicht-Reiseschlafsack oder Innenschlafsack zur Verwendung in Hotels, Jugendherbergen, auf Bergh\u00fctten und Booten. Eine spezielle Webart zeichnet die f\u00fcr COCOON TravelSheets verwendete, leichte, sehr feine und strapazierf\u00e4hige Baumwolle aus. Sie ist atmungsaktiv und angenehm auf der Haut.<\/p>\n<p>Ausf\u00fchrung: <br \/>Seiteneinstieg mit Klettverschluss<br \/>Einschubtasche f\u00fcr Kissen<br \/>Spezielle Verst\u00e4rkungen und Doppeln\u00e4hte<\/p>\n<p>Material:<br \/>100% Baumwolle<\/p>\n","protected":false},"excerpt":{"rendered":"<p>Extrem leichter und ger\u00e4umiger Leicht-Reiseschlafsack oder Innenschlafsack zur Verwendung in Hotels, Jugendherbergen, auf Bergh\u00fctten und Booten. Eine spezielle Webart zeichnet die f\u00fcr COCOON TravelSheets verwendete, leichte, sehr feine und strapazierf\u00e4hige Baumwolle aus. Sie ist atmungsaktiv und angenehm auf der Haut. Ausf\u00fchrung: Seiteneinstieg mit KlettverschlussEinschubtasche f\u00fcr KissenSpezielle Verst\u00e4rkungen und Doppeln\u00e4hte Material:100% Baumwolle<\/p>\n","protected":false},"featured_media":76732,"template":"","meta":{"_acf_changed":false},"product_featured_cat":[],"product_brand":[3445],"product_cat":[4454],"product_tag":[],"class_list":{"0":"post-76746","1":"product","2":"type-product","3":"status-publish","4":"has-post-thumbnail","6":"product_brand-cocoon-de","7":"product_cat-deckenschlafsaecke","9":"first","10":"instock","11":"taxable","12":"shipping-taxable","13":"purchasable","14":"product-type-variable"},"acf":[],"yoast_head":"<!-- This site is optimized with the Yoast SEO plugin v27.4 - https:\/\/yoast.com\/product\/yoast-seo-wordpress\/ -->\n<title>Leicht-Reiseschlafsack Rechteck - Bantam Camping AG<\/title>\n<meta name=\"robots\" content=\"index, follow, max-snippet:-1, max-image-preview:large, max-video-preview:-1\" \/>\n<link rel=\"canonical\" href=\"https:\/\/shop.bantam.ch\/de\/produkt\/leicht-reiseschlafsack-rechteck\/\" \/>\n<meta property=\"og:locale\" content=\"de_DE\" \/>\n<meta property=\"og:type\" content=\"article\" \/>\n<meta property=\"og:title\" content=\"Leicht-Reiseschlafsack Rechteck - Bantam Camping AG\" \/>\n<meta property=\"og:description\" content=\"Extrem leichter und ger\u00e4umiger Leicht-Reiseschlafsack oder Innenschlafsack zur Verwendung in Hotels, Jugendherbergen, auf Bergh\u00fctten und Booten. Eine spezielle Webart zeichnet die f\u00fcr COCOON TravelSheets verwendete, leichte, sehr feine und strapazierf\u00e4hige Baumwolle aus. Sie ist atmungsaktiv und angenehm auf der Haut. Ausf\u00fchrung: Seiteneinstieg mit KlettverschlussEinschubtasche f\u00fcr KissenSpezielle Verst\u00e4rkungen und Doppeln\u00e4hte Material:100% Baumwolle\" \/>\n<meta property=\"og:url\" content=\"https:\/\/shop.bantam.ch\/de\/produkt\/leicht-reiseschlafsack-rechteck\/\" \/>\n<meta property=\"og:site_name\" content=\"Bantam Camping AG\" \/>\n<meta property=\"article:modified_time\" content=\"2026-04-18T20:21:53+00:00\" \/>\n<meta property=\"og:image\" content=\"https:\/\/shop.bantam.ch\/wp-content\/uploads\/2023\/02\/993169112.jpg\" \/>\n\t<meta property=\"og:image:width\" content=\"551\" \/>\n\t<meta property=\"og:image:height\" content=\"1000\" \/>\n\t<meta property=\"og:image:type\" content=\"image\/jpeg\" \/>\n<meta name=\"twitter:card\" content=\"summary_large_image\" \/>\n<script type=\"application\/ld+json\" class=\"yoast-schema-graph\">{\"@context\":\"https:\\\/\\\/schema.org\",\"@graph\":[{\"@type\":\"WebPage\",\"@id\":\"https:\\\/\\\/shop.bantam.ch\\\/de\\\/produkt\\\/leicht-reiseschlafsack-rechteck\\\/\",\"url\":\"https:\\\/\\\/shop.bantam.ch\\\/de\\\/produkt\\\/leicht-reiseschlafsack-rechteck\\\/\",\"name\":\"Leicht-Reiseschlafsack Rechteck - Bantam Camping AG\",\"isPartOf\":{\"@id\":\"https:\\\/\\\/shop.bantam.ch\\\/de\\\/#website\"},\"primaryImageOfPage\":{\"@id\":\"https:\\\/\\\/shop.bantam.ch\\\/de\\\/produkt\\\/leicht-reiseschlafsack-rechteck\\\/#primaryimage\"},\"image\":{\"@id\":\"https:\\\/\\\/shop.bantam.ch\\\/de\\\/produkt\\\/leicht-reiseschlafsack-rechteck\\\/#primaryimage\"},\"thumbnailUrl\":\"https:\\\/\\\/shop.bantam.ch\\\/wp-content\\\/uploads\\\/2023\\\/02\\\/993169112.jpg\",\"datePublished\":\"2023-02-27T23:41:49+00:00\",\"dateModified\":\"2026-04-18T20:21:53+00:00\",\"breadcrumb\":{\"@id\":\"https:\\\/\\\/shop.bantam.ch\\\/de\\\/produkt\\\/leicht-reiseschlafsack-rechteck\\\/#breadcrumb\"},\"inLanguage\":\"de\",\"potentialAction\":[{\"@type\":\"ReadAction\",\"target\":[\"https:\\\/\\\/shop.bantam.ch\\\/de\\\/produkt\\\/leicht-reiseschlafsack-rechteck\\\/\"]}]},{\"@type\":\"ImageObject\",\"inLanguage\":\"de\",\"@id\":\"https:\\\/\\\/shop.bantam.ch\\\/de\\\/produkt\\\/leicht-reiseschlafsack-rechteck\\\/#primaryimage\",\"url\":\"https:\\\/\\\/shop.bantam.ch\\\/wp-content\\\/uploads\\\/2023\\\/02\\\/993169112.jpg\",\"contentUrl\":\"https:\\\/\\\/shop.bantam.ch\\\/wp-content\\\/uploads\\\/2023\\\/02\\\/993169112.jpg\",\"width\":551,\"height\":1000},{\"@type\":\"BreadcrumbList\",\"@id\":\"https:\\\/\\\/shop.bantam.ch\\\/de\\\/produkt\\\/leicht-reiseschlafsack-rechteck\\\/#breadcrumb\",\"itemListElement\":[{\"@type\":\"ListItem\",\"position\":1,\"name\":\"Accueil\",\"item\":\"https:\\\/\\\/shop.bantam.ch\\\/de\\\/\"},{\"@type\":\"ListItem\",\"position\":2,\"name\":\"Shop\",\"item\":\"https:\\\/\\\/shop.bantam.ch\\\/de\\\/shop\\\/\"},{\"@type\":\"ListItem\",\"position\":3,\"name\":\"Leicht-Reiseschlafsack Rechteck\"}]},{\"@type\":\"WebSite\",\"@id\":\"https:\\\/\\\/shop.bantam.ch\\\/de\\\/#website\",\"url\":\"https:\\\/\\\/shop.bantam.ch\\\/de\\\/\",\"name\":\"Bantam Camping AG\",\"description\":\"\",\"publisher\":{\"@id\":\"https:\\\/\\\/shop.bantam.ch\\\/de\\\/#organization\"},\"inLanguage\":\"de\"},{\"@type\":\"Organization\",\"@id\":\"https:\\\/\\\/shop.bantam.ch\\\/de\\\/#organization\",\"name\":\"Bantam Camping AG\",\"url\":\"https:\\\/\\\/shop.bantam.ch\\\/de\\\/\",\"logo\":{\"@type\":\"ImageObject\",\"inLanguage\":\"de\",\"@id\":\"https:\\\/\\\/shop.bantam.ch\\\/de\\\/#\\\/schema\\\/logo\\\/image\\\/\",\"url\":\"https:\\\/\\\/shop.bantam.ch\\\/wp-content\\\/uploads\\\/2022\\\/12\\\/bantam-logo.png\",\"contentUrl\":\"https:\\\/\\\/shop.bantam.ch\\\/wp-content\\\/uploads\\\/2022\\\/12\\\/bantam-logo.png\",\"width\":320,\"height\":71,\"caption\":\"Bantam Camping AG\"},\"image\":{\"@id\":\"https:\\\/\\\/shop.bantam.ch\\\/de\\\/#\\\/schema\\\/logo\\\/image\\\/\"}}]}<\/script>\n<!-- \/ Yoast SEO plugin. -->","yoast_head_json":{"title":"Leicht-Reiseschlafsack Rechteck - Bantam Camping AG","robots":{"index":"index","follow":"follow","max-snippet":"max-snippet:-1","max-image-preview":"max-image-preview:large","max-video-preview":"max-video-preview:-1"},"canonical":"https:\/\/shop.bantam.ch\/de\/produkt\/leicht-reiseschlafsack-rechteck\/","og_locale":"de_DE","og_type":"article","og_title":"Leicht-Reiseschlafsack Rechteck - Bantam Camping AG","og_description":"Extrem leichter und ger\u00e4umiger Leicht-Reiseschlafsack oder Innenschlafsack zur Verwendung in Hotels, Jugendherbergen, auf Bergh\u00fctten und Booten. Eine spezielle Webart zeichnet die f\u00fcr COCOON TravelSheets verwendete, leichte, sehr feine und strapazierf\u00e4hige Baumwolle aus. Sie ist atmungsaktiv und angenehm auf der Haut. Ausf\u00fchrung: Seiteneinstieg mit KlettverschlussEinschubtasche f\u00fcr KissenSpezielle Verst\u00e4rkungen und Doppeln\u00e4hte Material:100% Baumwolle","og_url":"https:\/\/shop.bantam.ch\/de\/produkt\/leicht-reiseschlafsack-rechteck\/","og_site_name":"Bantam Camping AG","article_modified_time":"2026-04-18T20:21:53+00:00","og_image":[{"width":551,"height":1000,"url":"https:\/\/shop.bantam.ch\/wp-content\/uploads\/2023\/02\/993169112.jpg","type":"image\/jpeg"}],"twitter_card":"summary_large_image","schema":{"@context":"https:\/\/schema.org","@graph":[{"@type":"WebPage","@id":"https:\/\/shop.bantam.ch\/de\/produkt\/leicht-reiseschlafsack-rechteck\/","url":"https:\/\/shop.bantam.ch\/de\/produkt\/leicht-reiseschlafsack-rechteck\/","name":"Leicht-Reiseschlafsack Rechteck - Bantam Camping AG","isPartOf":{"@id":"https:\/\/shop.bantam.ch\/de\/#website"},"primaryImageOfPage":{"@id":"https:\/\/shop.bantam.ch\/de\/produkt\/leicht-reiseschlafsack-rechteck\/#primaryimage"},"image":{"@id":"https:\/\/shop.bantam.ch\/de\/produkt\/leicht-reiseschlafsack-rechteck\/#primaryimage"},"thumbnailUrl":"https:\/\/shop.bantam.ch\/wp-content\/uploads\/2023\/02\/993169112.jpg","datePublished":"2023-02-27T23:41:49+00:00","dateModified":"2026-04-18T20:21:53+00:00","breadcrumb":{"@id":"https:\/\/shop.bantam.ch\/de\/produkt\/leicht-reiseschlafsack-rechteck\/#breadcrumb"},"inLanguage":"de","potentialAction":[{"@type":"ReadAction","target":["https:\/\/shop.bantam.ch\/de\/produkt\/leicht-reiseschlafsack-rechteck\/"]}]},{"@type":"ImageObject","inLanguage":"de","@id":"https:\/\/shop.bantam.ch\/de\/produkt\/leicht-reiseschlafsack-rechteck\/#primaryimage","url":"https:\/\/shop.bantam.ch\/wp-content\/uploads\/2023\/02\/993169112.jpg","contentUrl":"https:\/\/shop.bantam.ch\/wp-content\/uploads\/2023\/02\/993169112.jpg","width":551,"height":1000},{"@type":"BreadcrumbList","@id":"https:\/\/shop.bantam.ch\/de\/produkt\/leicht-reiseschlafsack-rechteck\/#breadcrumb","itemListElement":[{"@type":"ListItem","position":1,"name":"Accueil","item":"https:\/\/shop.bantam.ch\/de\/"},{"@type":"ListItem","position":2,"name":"Shop","item":"https:\/\/shop.bantam.ch\/de\/shop\/"},{"@type":"ListItem","position":3,"name":"Leicht-Reiseschlafsack Rechteck"}]},{"@type":"WebSite","@id":"https:\/\/shop.bantam.ch\/de\/#website","url":"https:\/\/shop.bantam.ch\/de\/","name":"Bantam Camping AG","description":"","publisher":{"@id":"https:\/\/shop.bantam.ch\/de\/#organization"},"inLanguage":"de"},{"@type":"Organization","@id":"https:\/\/shop.bantam.ch\/de\/#organization","name":"Bantam Camping AG","url":"https:\/\/shop.bantam.ch\/de\/","logo":{"@type":"ImageObject","inLanguage":"de","@id":"https:\/\/shop.bantam.ch\/de\/#\/schema\/logo\/image\/","url":"https:\/\/shop.bantam.ch\/wp-content\/uploads\/2022\/12\/bantam-logo.png","contentUrl":"https:\/\/shop.bantam.ch\/wp-content\/uploads\/2022\/12\/bantam-logo.png","width":320,"height":71,"caption":"Bantam Camping AG"},"image":{"@id":"https:\/\/shop.bantam.ch\/de\/#\/schema\/logo\/image\/"}}]}},"_links":{"self":[{"href":"https:\/\/shop.bantam.ch\/de\/wp-json\/wp\/v2\/product\/76746","targetHints":{"allow":["GET"]}}],"collection":[{"href":"https:\/\/shop.bantam.ch\/de\/wp-json\/wp\/v2\/product"}],"about":[{"href":"https:\/\/shop.bantam.ch\/de\/wp-json\/wp\/v2\/types\/product"}],"wp:featuredmedia":[{"embeddable":true,"href":"https:\/\/shop.bantam.ch\/de\/wp-json\/wp\/v2\/media\/76732"}],"wp:attachment":[{"href":"https:\/\/shop.bantam.ch\/de\/wp-json\/wp\/v2\/media?parent=76746"}],"wp:term":[{"taxonomy":"product_featured_cat","embeddable":true,"href":"https:\/\/shop.bantam.ch\/de\/wp-json\/wp\/v2\/product_featured_cat?post=76746"},{"taxonomy":"product_brand","embeddable":true,"href":"https:\/\/shop.bantam.ch\/de\/wp-json\/wp\/v2\/product_brand?post=76746"},{"taxonomy":"product_cat","embeddable":true,"href":"https:\/\/shop.bantam.ch\/de\/wp-json\/wp\/v2\/product_cat?post=76746"},{"taxonomy":"product_tag","embeddable":true,"href":"https:\/\/shop.bantam.ch\/de\/wp-json\/wp\/v2\/product_tag?post=76746"}],"curies":[{"name":"wp","href":"https:\/\/api.w.org\/{rel}","templated":true}]}}