{"id":76730,"date":"2023-02-28T00:41:44","date_gmt":"2023-02-27T23:41:44","guid":{"rendered":"http:\/\/shop.bantam.ch\/produit\/multizerkleinerer-speedwing\/"},"modified":"2026-04-22T21:20:02","modified_gmt":"2026-04-22T19:20:02","slug":"multizerkleinerer-speedwing","status":"publish","type":"product","link":"https:\/\/shop.bantam.ch\/de\/produkt\/multizerkleinerer-speedwing\/","title":{"rendered":"Multizerkleinerer Gefu Speedwing"},"content":{"rendered":"<p>Effizientes und kraftsparendes Multitalent: durch den Seilzugmechanismus gelingt ein Zerkleinern, P\u00fcrieren, Mischen, Verquirlen und R\u00fchren von verschiedensten Zutaten im Handumdrehen und kinderleicht. Je nach L\u00e4nge der Anwendung k\u00f6nnen mit dem Schneideinsatz M\u00f6hren, N\u00fcsse und vieles mehr von grober bis hin zu sehr feiner Konsistenz zerkleinert werden. Zwei sehr scharfe, geschwungene Klingen sorgen f\u00fcr ein optimales Resultat. Aber auch cremige Aufstriche und aromatische Salatdressings lassen sich im entsprechenden Einsatz vermischen, nachdem beispielsweise die Kr\u00e4uter im Schleuderkorb getrocknet wurden. Die Rillen im Beh\u00e4lter sorgen daf\u00fcr, dass das Schnittgut immer wieder zum Boden zur\u00fcckgef\u00fchrt wird. Eine praktische Skalierung hilft zudem beim Bemessen der Zutaten. Umfangreiches Zubeh\u00f6r, wie ein Aufbewahrungsdeckel, begleitet den transparenten Beh\u00e4lter aus stabilem SAN-Material, der durch seinen Bodenring jederzeit einen rutschsicheren Stand beweist. Sp\u00fclmaschinengeeignet bis auf den Deckel mit Seilzugmechanismus, Reinigungshinweise beachten!<\/p>\n","protected":false},"excerpt":{"rendered":"<p>Effizientes und kraftsparendes Multitalent: durch den Seilzugmechanismus gelingt ein Zerkleinern, P\u00fcrieren, Mischen, Verquirlen und R\u00fchren von verschiedensten Zutaten im Handumdrehen und kinderleicht. Je nach L\u00e4nge der Anwendung k\u00f6nnen mit dem Schneideinsatz M\u00f6hren, N\u00fcsse und vieles mehr von grober bis hin zu sehr feiner Konsistenz zerkleinert werden. Zwei sehr scharfe, geschwungene Klingen sorgen f\u00fcr ein optimales [&hellip;]<\/p>\n","protected":false},"featured_media":76726,"template":"","meta":{"_acf_changed":false},"product_featured_cat":[],"product_brand":[3343],"product_cat":[4286],"product_tag":[],"class_list":{"0":"post-76730","1":"product","2":"type-product","3":"status-publish","4":"has-post-thumbnail","6":"product_brand-gefu-de","7":"product_cat-kuechenhelfer","9":"first","10":"instock","11":"taxable","12":"shipping-taxable","13":"purchasable","14":"product-type-simple"},"acf":[],"yoast_head":"<!-- This site is optimized with the Yoast SEO plugin v27.4 - https:\/\/yoast.com\/product\/yoast-seo-wordpress\/ -->\n<title>Multizerkleinerer Gefu Speedwing - Bantam Camping AG<\/title>\n<meta name=\"robots\" content=\"index, follow, max-snippet:-1, max-image-preview:large, max-video-preview:-1\" \/>\n<link rel=\"canonical\" href=\"https:\/\/shop.bantam.ch\/de\/produkt\/multizerkleinerer-speedwing\/\" \/>\n<meta property=\"og:locale\" content=\"de_DE\" \/>\n<meta property=\"og:type\" content=\"article\" \/>\n<meta property=\"og:title\" content=\"Multizerkleinerer Gefu Speedwing - Bantam Camping AG\" \/>\n<meta property=\"og:description\" content=\"Effizientes und kraftsparendes Multitalent: durch den Seilzugmechanismus gelingt ein Zerkleinern, P\u00fcrieren, Mischen, Verquirlen und R\u00fchren von verschiedensten Zutaten im Handumdrehen und kinderleicht. Je nach L\u00e4nge der Anwendung k\u00f6nnen mit dem Schneideinsatz M\u00f6hren, N\u00fcsse und vieles mehr von grober bis hin zu sehr feiner Konsistenz zerkleinert werden. Zwei sehr scharfe, geschwungene Klingen sorgen f\u00fcr ein optimales [&hellip;]\" \/>\n<meta property=\"og:url\" content=\"https:\/\/shop.bantam.ch\/de\/produkt\/multizerkleinerer-speedwing\/\" \/>\n<meta property=\"og:site_name\" content=\"Bantam Camping AG\" \/>\n<meta property=\"article:modified_time\" content=\"2026-04-22T19:20:02+00:00\" \/>\n<meta property=\"og:image\" content=\"https:\/\/shop.bantam.ch\/wp-content\/uploads\/2023\/02\/9954121-100-1-3.jpg\" \/>\n\t<meta property=\"og:image:width\" content=\"1000\" \/>\n\t<meta property=\"og:image:height\" content=\"667\" \/>\n\t<meta property=\"og:image:type\" content=\"image\/jpeg\" \/>\n<meta name=\"twitter:card\" content=\"summary_large_image\" \/>\n<meta name=\"twitter:label1\" content=\"Gesch\u00e4tzte Lesezeit\" \/>\n\t<meta name=\"twitter:data1\" content=\"1\u00a0Minute\" \/>\n<script type=\"application\/ld+json\" class=\"yoast-schema-graph\">{\"@context\":\"https:\\\/\\\/schema.org\",\"@graph\":[{\"@type\":\"WebPage\",\"@id\":\"https:\\\/\\\/shop.bantam.ch\\\/de\\\/produkt\\\/multizerkleinerer-speedwing\\\/\",\"url\":\"https:\\\/\\\/shop.bantam.ch\\\/de\\\/produkt\\\/multizerkleinerer-speedwing\\\/\",\"name\":\"Multizerkleinerer Gefu Speedwing - Bantam Camping AG\",\"isPartOf\":{\"@id\":\"https:\\\/\\\/shop.bantam.ch\\\/de\\\/#website\"},\"primaryImageOfPage\":{\"@id\":\"https:\\\/\\\/shop.bantam.ch\\\/de\\\/produkt\\\/multizerkleinerer-speedwing\\\/#primaryimage\"},\"image\":{\"@id\":\"https:\\\/\\\/shop.bantam.ch\\\/de\\\/produkt\\\/multizerkleinerer-speedwing\\\/#primaryimage\"},\"thumbnailUrl\":\"https:\\\/\\\/shop.bantam.ch\\\/wp-content\\\/uploads\\\/2023\\\/02\\\/9954121-100-1-3.jpg\",\"datePublished\":\"2023-02-27T23:41:44+00:00\",\"dateModified\":\"2026-04-22T19:20:02+00:00\",\"breadcrumb\":{\"@id\":\"https:\\\/\\\/shop.bantam.ch\\\/de\\\/produkt\\\/multizerkleinerer-speedwing\\\/#breadcrumb\"},\"inLanguage\":\"de\",\"potentialAction\":[{\"@type\":\"ReadAction\",\"target\":[\"https:\\\/\\\/shop.bantam.ch\\\/de\\\/produkt\\\/multizerkleinerer-speedwing\\\/\"]}]},{\"@type\":\"ImageObject\",\"inLanguage\":\"de\",\"@id\":\"https:\\\/\\\/shop.bantam.ch\\\/de\\\/produkt\\\/multizerkleinerer-speedwing\\\/#primaryimage\",\"url\":\"https:\\\/\\\/shop.bantam.ch\\\/wp-content\\\/uploads\\\/2023\\\/02\\\/9954121-100-1-3.jpg\",\"contentUrl\":\"https:\\\/\\\/shop.bantam.ch\\\/wp-content\\\/uploads\\\/2023\\\/02\\\/9954121-100-1-3.jpg\",\"width\":1000,\"height\":667},{\"@type\":\"BreadcrumbList\",\"@id\":\"https:\\\/\\\/shop.bantam.ch\\\/de\\\/produkt\\\/multizerkleinerer-speedwing\\\/#breadcrumb\",\"itemListElement\":[{\"@type\":\"ListItem\",\"position\":1,\"name\":\"Accueil\",\"item\":\"https:\\\/\\\/shop.bantam.ch\\\/de\\\/\"},{\"@type\":\"ListItem\",\"position\":2,\"name\":\"Shop\",\"item\":\"https:\\\/\\\/shop.bantam.ch\\\/de\\\/shop\\\/\"},{\"@type\":\"ListItem\",\"position\":3,\"name\":\"Multizerkleinerer Gefu Speedwing\"}]},{\"@type\":\"WebSite\",\"@id\":\"https:\\\/\\\/shop.bantam.ch\\\/de\\\/#website\",\"url\":\"https:\\\/\\\/shop.bantam.ch\\\/de\\\/\",\"name\":\"Bantam Camping AG\",\"description\":\"\",\"publisher\":{\"@id\":\"https:\\\/\\\/shop.bantam.ch\\\/de\\\/#organization\"},\"inLanguage\":\"de\"},{\"@type\":\"Organization\",\"@id\":\"https:\\\/\\\/shop.bantam.ch\\\/de\\\/#organization\",\"name\":\"Bantam Camping AG\",\"url\":\"https:\\\/\\\/shop.bantam.ch\\\/de\\\/\",\"logo\":{\"@type\":\"ImageObject\",\"inLanguage\":\"de\",\"@id\":\"https:\\\/\\\/shop.bantam.ch\\\/de\\\/#\\\/schema\\\/logo\\\/image\\\/\",\"url\":\"https:\\\/\\\/shop.bantam.ch\\\/wp-content\\\/uploads\\\/2022\\\/12\\\/bantam-logo.png\",\"contentUrl\":\"https:\\\/\\\/shop.bantam.ch\\\/wp-content\\\/uploads\\\/2022\\\/12\\\/bantam-logo.png\",\"width\":320,\"height\":71,\"caption\":\"Bantam Camping AG\"},\"image\":{\"@id\":\"https:\\\/\\\/shop.bantam.ch\\\/de\\\/#\\\/schema\\\/logo\\\/image\\\/\"}}]}<\/script>\n<!-- \/ Yoast SEO plugin. -->","yoast_head_json":{"title":"Multizerkleinerer Gefu Speedwing - Bantam Camping AG","robots":{"index":"index","follow":"follow","max-snippet":"max-snippet:-1","max-image-preview":"max-image-preview:large","max-video-preview":"max-video-preview:-1"},"canonical":"https:\/\/shop.bantam.ch\/de\/produkt\/multizerkleinerer-speedwing\/","og_locale":"de_DE","og_type":"article","og_title":"Multizerkleinerer Gefu Speedwing - Bantam Camping AG","og_description":"Effizientes und kraftsparendes Multitalent: durch den Seilzugmechanismus gelingt ein Zerkleinern, P\u00fcrieren, Mischen, Verquirlen und R\u00fchren von verschiedensten Zutaten im Handumdrehen und kinderleicht. Je nach L\u00e4nge der Anwendung k\u00f6nnen mit dem Schneideinsatz M\u00f6hren, N\u00fcsse und vieles mehr von grober bis hin zu sehr feiner Konsistenz zerkleinert werden. Zwei sehr scharfe, geschwungene Klingen sorgen f\u00fcr ein optimales [&hellip;]","og_url":"https:\/\/shop.bantam.ch\/de\/produkt\/multizerkleinerer-speedwing\/","og_site_name":"Bantam Camping AG","article_modified_time":"2026-04-22T19:20:02+00:00","og_image":[{"width":1000,"height":667,"url":"https:\/\/shop.bantam.ch\/wp-content\/uploads\/2023\/02\/9954121-100-1-3.jpg","type":"image\/jpeg"}],"twitter_card":"summary_large_image","twitter_misc":{"Gesch\u00e4tzte Lesezeit":"1\u00a0Minute"},"schema":{"@context":"https:\/\/schema.org","@graph":[{"@type":"WebPage","@id":"https:\/\/shop.bantam.ch\/de\/produkt\/multizerkleinerer-speedwing\/","url":"https:\/\/shop.bantam.ch\/de\/produkt\/multizerkleinerer-speedwing\/","name":"Multizerkleinerer Gefu Speedwing - Bantam Camping AG","isPartOf":{"@id":"https:\/\/shop.bantam.ch\/de\/#website"},"primaryImageOfPage":{"@id":"https:\/\/shop.bantam.ch\/de\/produkt\/multizerkleinerer-speedwing\/#primaryimage"},"image":{"@id":"https:\/\/shop.bantam.ch\/de\/produkt\/multizerkleinerer-speedwing\/#primaryimage"},"thumbnailUrl":"https:\/\/shop.bantam.ch\/wp-content\/uploads\/2023\/02\/9954121-100-1-3.jpg","datePublished":"2023-02-27T23:41:44+00:00","dateModified":"2026-04-22T19:20:02+00:00","breadcrumb":{"@id":"https:\/\/shop.bantam.ch\/de\/produkt\/multizerkleinerer-speedwing\/#breadcrumb"},"inLanguage":"de","potentialAction":[{"@type":"ReadAction","target":["https:\/\/shop.bantam.ch\/de\/produkt\/multizerkleinerer-speedwing\/"]}]},{"@type":"ImageObject","inLanguage":"de","@id":"https:\/\/shop.bantam.ch\/de\/produkt\/multizerkleinerer-speedwing\/#primaryimage","url":"https:\/\/shop.bantam.ch\/wp-content\/uploads\/2023\/02\/9954121-100-1-3.jpg","contentUrl":"https:\/\/shop.bantam.ch\/wp-content\/uploads\/2023\/02\/9954121-100-1-3.jpg","width":1000,"height":667},{"@type":"BreadcrumbList","@id":"https:\/\/shop.bantam.ch\/de\/produkt\/multizerkleinerer-speedwing\/#breadcrumb","itemListElement":[{"@type":"ListItem","position":1,"name":"Accueil","item":"https:\/\/shop.bantam.ch\/de\/"},{"@type":"ListItem","position":2,"name":"Shop","item":"https:\/\/shop.bantam.ch\/de\/shop\/"},{"@type":"ListItem","position":3,"name":"Multizerkleinerer Gefu Speedwing"}]},{"@type":"WebSite","@id":"https:\/\/shop.bantam.ch\/de\/#website","url":"https:\/\/shop.bantam.ch\/de\/","name":"Bantam Camping AG","description":"","publisher":{"@id":"https:\/\/shop.bantam.ch\/de\/#organization"},"inLanguage":"de"},{"@type":"Organization","@id":"https:\/\/shop.bantam.ch\/de\/#organization","name":"Bantam Camping AG","url":"https:\/\/shop.bantam.ch\/de\/","logo":{"@type":"ImageObject","inLanguage":"de","@id":"https:\/\/shop.bantam.ch\/de\/#\/schema\/logo\/image\/","url":"https:\/\/shop.bantam.ch\/wp-content\/uploads\/2022\/12\/bantam-logo.png","contentUrl":"https:\/\/shop.bantam.ch\/wp-content\/uploads\/2022\/12\/bantam-logo.png","width":320,"height":71,"caption":"Bantam Camping AG"},"image":{"@id":"https:\/\/shop.bantam.ch\/de\/#\/schema\/logo\/image\/"}}]}},"_links":{"self":[{"href":"https:\/\/shop.bantam.ch\/de\/wp-json\/wp\/v2\/product\/76730","targetHints":{"allow":["GET"]}}],"collection":[{"href":"https:\/\/shop.bantam.ch\/de\/wp-json\/wp\/v2\/product"}],"about":[{"href":"https:\/\/shop.bantam.ch\/de\/wp-json\/wp\/v2\/types\/product"}],"wp:featuredmedia":[{"embeddable":true,"href":"https:\/\/shop.bantam.ch\/de\/wp-json\/wp\/v2\/media\/76726"}],"wp:attachment":[{"href":"https:\/\/shop.bantam.ch\/de\/wp-json\/wp\/v2\/media?parent=76730"}],"wp:term":[{"taxonomy":"product_featured_cat","embeddable":true,"href":"https:\/\/shop.bantam.ch\/de\/wp-json\/wp\/v2\/product_featured_cat?post=76730"},{"taxonomy":"product_brand","embeddable":true,"href":"https:\/\/shop.bantam.ch\/de\/wp-json\/wp\/v2\/product_brand?post=76730"},{"taxonomy":"product_cat","embeddable":true,"href":"https:\/\/shop.bantam.ch\/de\/wp-json\/wp\/v2\/product_cat?post=76730"},{"taxonomy":"product_tag","embeddable":true,"href":"https:\/\/shop.bantam.ch\/de\/wp-json\/wp\/v2\/product_tag?post=76730"}],"curies":[{"name":"wp","href":"https:\/\/api.w.org\/{rel}","templated":true}]}}