{"id":76294,"date":"2023-02-28T00:33:16","date_gmt":"2023-02-27T23:33:16","guid":{"rendered":"http:\/\/shop.bantam.ch\/produit\/heizsystem-varioheat-eco\/"},"modified":"2026-04-19T21:20:41","modified_gmt":"2026-04-19T19:20:41","slug":"heizsystem-varioheat-eco","status":"publish","type":"product","link":"https:\/\/shop.bantam.ch\/de\/produkt\/heizsystem-varioheat-eco\/","title":{"rendered":"Heizsystem Truma VarioHeat eco"},"content":{"rendered":"<p>Die bew\u00e4hrten Heizungen Trumatic E 2400 und E 4000 werden durch eine neue Heizungsgeneration abgel\u00f6st: Die Truma VarioHeat ist der leistungsstarke und \u00e4u\u00dferst kompakte Nachfolger. Sie ist in den Ausf\u00fchrungen eco und comfort erh\u00e4ltlich. Beide Varianten unterscheiden sich lediglich durch ihre Leistung &#8211; die Ma\u00dfe sind identisch.<br \/>Der Temperaturf\u00fchler wird unabh\u00e4ngig vom Bedienteil im Fahrzeug verbaut. Die Heizleistung wird automatisch geregelt und die Leistungsstufe passt sich an die von Ihnen gew\u00e4hlte Temperatur an. Dank einer Boost-Funktion haben Sie es in Ihrem Freizeitfahrzeug schnell warm.<br \/>Mit dem digitalen Bedienteil CP plus VarioHeat stellen Sie die Raumtemperatur exakt ein. Haben Sie eine Truma Klimaanlage eingebaut, steuern Sie auch diese \u00fcber das Bedienteil.<\/p>\n<ul>\n<li>Leistungsstark: Fahrzeug w\u00e4rmt schnell auf<\/li>\n<li>Komfortabel: Heizleistung wird automatisch geregelt<\/li>\n<li>Behaglich: Luft wird \u00fcber Ausl\u00e4sse variabel und gleichm\u00e4\u00dfig im Fahrzeug verteilt<\/li>\n<li>Leicht: Das geringe Gewicht erm\u00f6glicht Ihnen Freiheit bei der Zuladung<\/li>\n<li>Platzsparend: Elektronik ist im Ger\u00e4t integriert<\/li>\n<\/ul>\n<p>\u00a0<\/p>\n<p>Lieferumfang:<br \/>Truma VarioHeat mit Bedienteil CP plus VarioHeat, Kabell\u00e4nge 6 m, Raumtemperaturf\u00fchler, Montagehalterung und Zubeh\u00f6r f\u00fcr den elektrischen Anschluss.<\/p>\n<ul>\n<li>Nennw\u00e4rmeleistung: Stufe 1 = 1300 W, Stufe 2 = 2800 W<\/li>\n<li>Gasverbrauch: Stufe 1 = 100 g\/h, Stufe 2 = 220 g\/h<\/li>\n<li>Luftf\u00f6rderung: Stufe 1 = 75 m\u00b2\/h, Stufe 2 = 155 m\u00b2\/h<\/li>\n<li>Stromaufnahme (12 V): Stufe 1 = 0,65 A, Stufe 2 = 2,75 A<\/li>\n<li>Ruhestrom mit Truma CP plus VarioHeat: 0,004<br data-mce-bogus=\"1\"><\/li>\n<li>Gewicht: 5,1 kg<\/li>\n<\/ul>\n","protected":false},"excerpt":{"rendered":"<p>Die bew\u00e4hrten Heizungen Trumatic E 2400 und E 4000 werden durch eine neue Heizungsgeneration abgel\u00f6st: Die Truma VarioHeat ist der leistungsstarke und \u00e4u\u00dferst kompakte Nachfolger. Sie ist in den Ausf\u00fchrungen eco und comfort erh\u00e4ltlich. Beide Varianten unterscheiden sich lediglich durch ihre Leistung &#8211; die Ma\u00dfe sind identisch.Der Temperaturf\u00fchler wird unabh\u00e4ngig vom Bedienteil im Fahrzeug verbaut. [&hellip;]<\/p>\n","protected":false},"featured_media":76292,"template":"","meta":{"_acf_changed":false},"product_featured_cat":[],"product_brand":[3027],"product_cat":[4538],"product_tag":[],"class_list":{"0":"post-76294","1":"product","2":"type-product","3":"status-publish","4":"has-post-thumbnail","6":"product_brand-truma-de","7":"product_cat-gasheizungen","9":"first","10":"instock","11":"taxable","12":"shipping-taxable","13":"purchasable","14":"product-type-simple"},"acf":[],"yoast_head":"<!-- This site is optimized with the Yoast SEO plugin v27.4 - https:\/\/yoast.com\/product\/yoast-seo-wordpress\/ -->\n<title>Heizsystem Truma VarioHeat eco - Bantam Camping AG<\/title>\n<meta name=\"robots\" content=\"index, follow, max-snippet:-1, max-image-preview:large, max-video-preview:-1\" \/>\n<link rel=\"canonical\" href=\"https:\/\/shop.bantam.ch\/de\/produkt\/heizsystem-varioheat-eco\/\" \/>\n<meta property=\"og:locale\" content=\"de_DE\" \/>\n<meta property=\"og:type\" content=\"article\" \/>\n<meta property=\"og:title\" content=\"Heizsystem Truma VarioHeat eco - Bantam Camping AG\" \/>\n<meta property=\"og:description\" content=\"Die bew\u00e4hrten Heizungen Trumatic E 2400 und E 4000 werden durch eine neue Heizungsgeneration abgel\u00f6st: Die Truma VarioHeat ist der leistungsstarke und \u00e4u\u00dferst kompakte Nachfolger. Sie ist in den Ausf\u00fchrungen eco und comfort erh\u00e4ltlich. Beide Varianten unterscheiden sich lediglich durch ihre Leistung &#8211; die Ma\u00dfe sind identisch.Der Temperaturf\u00fchler wird unabh\u00e4ngig vom Bedienteil im Fahrzeug verbaut. [&hellip;]\" \/>\n<meta property=\"og:url\" content=\"https:\/\/shop.bantam.ch\/de\/produkt\/heizsystem-varioheat-eco\/\" \/>\n<meta property=\"og:site_name\" content=\"Bantam Camping AG\" \/>\n<meta property=\"article:modified_time\" content=\"2026-04-19T19:20:41+00:00\" \/>\n<meta property=\"og:image\" content=\"https:\/\/shop.bantam.ch\/wp-content\/uploads\/2023\/02\/9954030.jpg\" \/>\n\t<meta property=\"og:image:width\" content=\"1000\" \/>\n\t<meta property=\"og:image:height\" content=\"797\" \/>\n\t<meta property=\"og:image:type\" content=\"image\/jpeg\" \/>\n<meta name=\"twitter:card\" content=\"summary_large_image\" \/>\n<meta name=\"twitter:label1\" content=\"Gesch\u00e4tzte Lesezeit\" \/>\n\t<meta name=\"twitter:data1\" content=\"1\u00a0Minute\" \/>\n<script type=\"application\/ld+json\" class=\"yoast-schema-graph\">{\"@context\":\"https:\\\/\\\/schema.org\",\"@graph\":[{\"@type\":\"WebPage\",\"@id\":\"https:\\\/\\\/shop.bantam.ch\\\/de\\\/produkt\\\/heizsystem-varioheat-eco\\\/\",\"url\":\"https:\\\/\\\/shop.bantam.ch\\\/de\\\/produkt\\\/heizsystem-varioheat-eco\\\/\",\"name\":\"Heizsystem Truma VarioHeat eco - Bantam Camping AG\",\"isPartOf\":{\"@id\":\"https:\\\/\\\/shop.bantam.ch\\\/de\\\/#website\"},\"primaryImageOfPage\":{\"@id\":\"https:\\\/\\\/shop.bantam.ch\\\/de\\\/produkt\\\/heizsystem-varioheat-eco\\\/#primaryimage\"},\"image\":{\"@id\":\"https:\\\/\\\/shop.bantam.ch\\\/de\\\/produkt\\\/heizsystem-varioheat-eco\\\/#primaryimage\"},\"thumbnailUrl\":\"https:\\\/\\\/shop.bantam.ch\\\/wp-content\\\/uploads\\\/2023\\\/02\\\/9954030.jpg\",\"datePublished\":\"2023-02-27T23:33:16+00:00\",\"dateModified\":\"2026-04-19T19:20:41+00:00\",\"breadcrumb\":{\"@id\":\"https:\\\/\\\/shop.bantam.ch\\\/de\\\/produkt\\\/heizsystem-varioheat-eco\\\/#breadcrumb\"},\"inLanguage\":\"de\",\"potentialAction\":[{\"@type\":\"ReadAction\",\"target\":[\"https:\\\/\\\/shop.bantam.ch\\\/de\\\/produkt\\\/heizsystem-varioheat-eco\\\/\"]}]},{\"@type\":\"ImageObject\",\"inLanguage\":\"de\",\"@id\":\"https:\\\/\\\/shop.bantam.ch\\\/de\\\/produkt\\\/heizsystem-varioheat-eco\\\/#primaryimage\",\"url\":\"https:\\\/\\\/shop.bantam.ch\\\/wp-content\\\/uploads\\\/2023\\\/02\\\/9954030.jpg\",\"contentUrl\":\"https:\\\/\\\/shop.bantam.ch\\\/wp-content\\\/uploads\\\/2023\\\/02\\\/9954030.jpg\",\"width\":1000,\"height\":797},{\"@type\":\"BreadcrumbList\",\"@id\":\"https:\\\/\\\/shop.bantam.ch\\\/de\\\/produkt\\\/heizsystem-varioheat-eco\\\/#breadcrumb\",\"itemListElement\":[{\"@type\":\"ListItem\",\"position\":1,\"name\":\"Accueil\",\"item\":\"https:\\\/\\\/shop.bantam.ch\\\/de\\\/\"},{\"@type\":\"ListItem\",\"position\":2,\"name\":\"Shop\",\"item\":\"https:\\\/\\\/shop.bantam.ch\\\/de\\\/shop\\\/\"},{\"@type\":\"ListItem\",\"position\":3,\"name\":\"Heizsystem Truma VarioHeat eco\"}]},{\"@type\":\"WebSite\",\"@id\":\"https:\\\/\\\/shop.bantam.ch\\\/de\\\/#website\",\"url\":\"https:\\\/\\\/shop.bantam.ch\\\/de\\\/\",\"name\":\"Bantam Camping AG\",\"description\":\"\",\"publisher\":{\"@id\":\"https:\\\/\\\/shop.bantam.ch\\\/de\\\/#organization\"},\"inLanguage\":\"de\"},{\"@type\":\"Organization\",\"@id\":\"https:\\\/\\\/shop.bantam.ch\\\/de\\\/#organization\",\"name\":\"Bantam Camping AG\",\"url\":\"https:\\\/\\\/shop.bantam.ch\\\/de\\\/\",\"logo\":{\"@type\":\"ImageObject\",\"inLanguage\":\"de\",\"@id\":\"https:\\\/\\\/shop.bantam.ch\\\/de\\\/#\\\/schema\\\/logo\\\/image\\\/\",\"url\":\"https:\\\/\\\/shop.bantam.ch\\\/wp-content\\\/uploads\\\/2022\\\/12\\\/bantam-logo.png\",\"contentUrl\":\"https:\\\/\\\/shop.bantam.ch\\\/wp-content\\\/uploads\\\/2022\\\/12\\\/bantam-logo.png\",\"width\":320,\"height\":71,\"caption\":\"Bantam Camping AG\"},\"image\":{\"@id\":\"https:\\\/\\\/shop.bantam.ch\\\/de\\\/#\\\/schema\\\/logo\\\/image\\\/\"}}]}<\/script>\n<!-- \/ Yoast SEO plugin. -->","yoast_head_json":{"title":"Heizsystem Truma VarioHeat eco - Bantam Camping AG","robots":{"index":"index","follow":"follow","max-snippet":"max-snippet:-1","max-image-preview":"max-image-preview:large","max-video-preview":"max-video-preview:-1"},"canonical":"https:\/\/shop.bantam.ch\/de\/produkt\/heizsystem-varioheat-eco\/","og_locale":"de_DE","og_type":"article","og_title":"Heizsystem Truma VarioHeat eco - Bantam Camping AG","og_description":"Die bew\u00e4hrten Heizungen Trumatic E 2400 und E 4000 werden durch eine neue Heizungsgeneration abgel\u00f6st: Die Truma VarioHeat ist der leistungsstarke und \u00e4u\u00dferst kompakte Nachfolger. Sie ist in den Ausf\u00fchrungen eco und comfort erh\u00e4ltlich. Beide Varianten unterscheiden sich lediglich durch ihre Leistung &#8211; die Ma\u00dfe sind identisch.Der Temperaturf\u00fchler wird unabh\u00e4ngig vom Bedienteil im Fahrzeug verbaut. [&hellip;]","og_url":"https:\/\/shop.bantam.ch\/de\/produkt\/heizsystem-varioheat-eco\/","og_site_name":"Bantam Camping AG","article_modified_time":"2026-04-19T19:20:41+00:00","og_image":[{"width":1000,"height":797,"url":"https:\/\/shop.bantam.ch\/wp-content\/uploads\/2023\/02\/9954030.jpg","type":"image\/jpeg"}],"twitter_card":"summary_large_image","twitter_misc":{"Gesch\u00e4tzte Lesezeit":"1\u00a0Minute"},"schema":{"@context":"https:\/\/schema.org","@graph":[{"@type":"WebPage","@id":"https:\/\/shop.bantam.ch\/de\/produkt\/heizsystem-varioheat-eco\/","url":"https:\/\/shop.bantam.ch\/de\/produkt\/heizsystem-varioheat-eco\/","name":"Heizsystem Truma VarioHeat eco - Bantam Camping AG","isPartOf":{"@id":"https:\/\/shop.bantam.ch\/de\/#website"},"primaryImageOfPage":{"@id":"https:\/\/shop.bantam.ch\/de\/produkt\/heizsystem-varioheat-eco\/#primaryimage"},"image":{"@id":"https:\/\/shop.bantam.ch\/de\/produkt\/heizsystem-varioheat-eco\/#primaryimage"},"thumbnailUrl":"https:\/\/shop.bantam.ch\/wp-content\/uploads\/2023\/02\/9954030.jpg","datePublished":"2023-02-27T23:33:16+00:00","dateModified":"2026-04-19T19:20:41+00:00","breadcrumb":{"@id":"https:\/\/shop.bantam.ch\/de\/produkt\/heizsystem-varioheat-eco\/#breadcrumb"},"inLanguage":"de","potentialAction":[{"@type":"ReadAction","target":["https:\/\/shop.bantam.ch\/de\/produkt\/heizsystem-varioheat-eco\/"]}]},{"@type":"ImageObject","inLanguage":"de","@id":"https:\/\/shop.bantam.ch\/de\/produkt\/heizsystem-varioheat-eco\/#primaryimage","url":"https:\/\/shop.bantam.ch\/wp-content\/uploads\/2023\/02\/9954030.jpg","contentUrl":"https:\/\/shop.bantam.ch\/wp-content\/uploads\/2023\/02\/9954030.jpg","width":1000,"height":797},{"@type":"BreadcrumbList","@id":"https:\/\/shop.bantam.ch\/de\/produkt\/heizsystem-varioheat-eco\/#breadcrumb","itemListElement":[{"@type":"ListItem","position":1,"name":"Accueil","item":"https:\/\/shop.bantam.ch\/de\/"},{"@type":"ListItem","position":2,"name":"Shop","item":"https:\/\/shop.bantam.ch\/de\/shop\/"},{"@type":"ListItem","position":3,"name":"Heizsystem Truma VarioHeat eco"}]},{"@type":"WebSite","@id":"https:\/\/shop.bantam.ch\/de\/#website","url":"https:\/\/shop.bantam.ch\/de\/","name":"Bantam Camping AG","description":"","publisher":{"@id":"https:\/\/shop.bantam.ch\/de\/#organization"},"inLanguage":"de"},{"@type":"Organization","@id":"https:\/\/shop.bantam.ch\/de\/#organization","name":"Bantam Camping AG","url":"https:\/\/shop.bantam.ch\/de\/","logo":{"@type":"ImageObject","inLanguage":"de","@id":"https:\/\/shop.bantam.ch\/de\/#\/schema\/logo\/image\/","url":"https:\/\/shop.bantam.ch\/wp-content\/uploads\/2022\/12\/bantam-logo.png","contentUrl":"https:\/\/shop.bantam.ch\/wp-content\/uploads\/2022\/12\/bantam-logo.png","width":320,"height":71,"caption":"Bantam Camping AG"},"image":{"@id":"https:\/\/shop.bantam.ch\/de\/#\/schema\/logo\/image\/"}}]}},"_links":{"self":[{"href":"https:\/\/shop.bantam.ch\/de\/wp-json\/wp\/v2\/product\/76294","targetHints":{"allow":["GET"]}}],"collection":[{"href":"https:\/\/shop.bantam.ch\/de\/wp-json\/wp\/v2\/product"}],"about":[{"href":"https:\/\/shop.bantam.ch\/de\/wp-json\/wp\/v2\/types\/product"}],"wp:featuredmedia":[{"embeddable":true,"href":"https:\/\/shop.bantam.ch\/de\/wp-json\/wp\/v2\/media\/76292"}],"wp:attachment":[{"href":"https:\/\/shop.bantam.ch\/de\/wp-json\/wp\/v2\/media?parent=76294"}],"wp:term":[{"taxonomy":"product_featured_cat","embeddable":true,"href":"https:\/\/shop.bantam.ch\/de\/wp-json\/wp\/v2\/product_featured_cat?post=76294"},{"taxonomy":"product_brand","embeddable":true,"href":"https:\/\/shop.bantam.ch\/de\/wp-json\/wp\/v2\/product_brand?post=76294"},{"taxonomy":"product_cat","embeddable":true,"href":"https:\/\/shop.bantam.ch\/de\/wp-json\/wp\/v2\/product_cat?post=76294"},{"taxonomy":"product_tag","embeddable":true,"href":"https:\/\/shop.bantam.ch\/de\/wp-json\/wp\/v2\/product_tag?post=76294"}],"curies":[{"name":"wp","href":"https:\/\/api.w.org\/{rel}","templated":true}]}}