{"id":76262,"date":"2023-02-28T00:32:16","date_gmt":"2023-02-27T23:32:16","guid":{"rendered":"http:\/\/shop.bantam.ch\/produit\/sicherheitskupplung-ws-3000\/"},"modified":"2026-05-08T22:21:52","modified_gmt":"2026-05-08T20:21:52","slug":"sicherheitskupplung-ws-3000","status":"publish","type":"product","link":"https:\/\/shop.bantam.ch\/de\/produkt\/sicherheitskupplung-ws-3000\/","title":{"rendered":"Sicherheitskupplung WS 3000"},"content":{"rendered":"<p>Mit Ankuppelanzeige zur Kontrolle der Kupplungskugel in der WS 3000. Speziell entwickelte Rebelemente werden unter hohem Federdruck in die Kugel des Fahrzeuges gepresst und erzeugen<br \/>permanent eine enorme Stabilit\u00e4t des Gespanns. Dadurch wird die kritische Geschwindigkeit bei der ein Gespann instabil wird und sich aufschaukelt, permanent um bis zu 30 % erh\u00f6ht.<br \/>Eine noch pr\u00e4zisere Verschlei\u00dfanzeige zur Pr\u00fcfung des Zustandes der Reibelemente erh\u00f6ht Ihre Sicherheit und den Komfort`<\/p>\n<ul>\n<li>Bis 3.000 kg Anh\u00e4ngelast<\/li>\n<li>St\u00fctzlast bis 150 kg<\/li>\n<li>Kein Eintrag erforderlich<\/li>\n<li>Nachr\u00fcstbar f\u00fcr alle Anh\u00e4nger mit Deichselanschluss von 35 &#8211; 50 mm Durchmesser, Kreuz- oder Parallelverschraubung<\/li>\n<\/ul>\n<p>\u00a0<\/p>\n","protected":false},"excerpt":{"rendered":"<p>Mit Ankuppelanzeige zur Kontrolle der Kupplungskugel in der WS 3000. Speziell entwickelte Rebelemente werden unter hohem Federdruck in die Kugel des Fahrzeuges gepresst und erzeugenpermanent eine enorme Stabilit\u00e4t des Gespanns. Dadurch wird die kritische Geschwindigkeit bei der ein Gespann instabil wird und sich aufschaukelt, permanent um bis zu 30 % erh\u00f6ht.Eine noch pr\u00e4zisere Verschlei\u00dfanzeige zur [&hellip;]<\/p>\n","protected":false},"featured_media":76226,"template":"","meta":{"_acf_changed":false},"product_featured_cat":[],"product_brand":[3215],"product_cat":[4820],"product_tag":[],"class_list":{"0":"post-76262","1":"product","2":"type-product","3":"status-publish","4":"has-post-thumbnail","6":"product_brand-winterhoff-de","7":"product_cat-kugel-antischlingerkupplungen","9":"first","10":"instock","11":"taxable","12":"shipping-taxable","13":"purchasable","14":"product-type-variable"},"acf":[],"yoast_head":"<!-- This site is optimized with the Yoast SEO plugin v27.5 - https:\/\/yoast.com\/product\/yoast-seo-wordpress\/ -->\n<title>Sicherheitskupplung WS 3000 - Bantam<\/title>\n<meta name=\"robots\" content=\"index, follow, max-snippet:-1, max-image-preview:large, max-video-preview:-1\" \/>\n<link rel=\"canonical\" href=\"https:\/\/shop.bantam.ch\/de\/produkt\/sicherheitskupplung-ws-3000\/\" \/>\n<meta property=\"og:locale\" content=\"de_DE\" \/>\n<meta property=\"og:type\" content=\"article\" \/>\n<meta property=\"og:title\" content=\"Sicherheitskupplung WS 3000 - Bantam\" \/>\n<meta property=\"og:description\" content=\"Mit Ankuppelanzeige zur Kontrolle der Kupplungskugel in der WS 3000. Speziell entwickelte Rebelemente werden unter hohem Federdruck in die Kugel des Fahrzeuges gepresst und erzeugenpermanent eine enorme Stabilit\u00e4t des Gespanns. Dadurch wird die kritische Geschwindigkeit bei der ein Gespann instabil wird und sich aufschaukelt, permanent um bis zu 30 % erh\u00f6ht.Eine noch pr\u00e4zisere Verschlei\u00dfanzeige zur [&hellip;]\" \/>\n<meta property=\"og:url\" content=\"https:\/\/shop.bantam.ch\/de\/produkt\/sicherheitskupplung-ws-3000\/\" \/>\n<meta property=\"og:site_name\" content=\"Bantam\" \/>\n<meta property=\"article:modified_time\" content=\"2026-05-08T20:21:52+00:00\" \/>\n<meta property=\"og:image\" content=\"https:\/\/shop.bantam.ch\/wp-content\/uploads\/2023\/02\/9981001-Sicherheitskupplung_WS_3000_m_D_Z_SafetyBall-Standard-01.jpg\" \/>\n\t<meta property=\"og:image:width\" content=\"1000\" \/>\n\t<meta property=\"og:image:height\" content=\"713\" \/>\n\t<meta property=\"og:image:type\" content=\"image\/jpeg\" \/>\n<meta name=\"twitter:card\" content=\"summary_large_image\" \/>\n<script type=\"application\/ld+json\" class=\"yoast-schema-graph\">{\"@context\":\"https:\\\/\\\/schema.org\",\"@graph\":[{\"@type\":\"WebPage\",\"@id\":\"https:\\\/\\\/shop.bantam.ch\\\/de\\\/produkt\\\/sicherheitskupplung-ws-3000\\\/\",\"url\":\"https:\\\/\\\/shop.bantam.ch\\\/de\\\/produkt\\\/sicherheitskupplung-ws-3000\\\/\",\"name\":\"Sicherheitskupplung WS 3000 - Bantam\",\"isPartOf\":{\"@id\":\"https:\\\/\\\/shop.bantam.ch\\\/de\\\/#website\"},\"primaryImageOfPage\":{\"@id\":\"https:\\\/\\\/shop.bantam.ch\\\/de\\\/produkt\\\/sicherheitskupplung-ws-3000\\\/#primaryimage\"},\"image\":{\"@id\":\"https:\\\/\\\/shop.bantam.ch\\\/de\\\/produkt\\\/sicherheitskupplung-ws-3000\\\/#primaryimage\"},\"thumbnailUrl\":\"https:\\\/\\\/shop.bantam.ch\\\/wp-content\\\/uploads\\\/2023\\\/02\\\/9981001-Sicherheitskupplung_WS_3000_m_D_Z_SafetyBall-Standard-01.jpg\",\"datePublished\":\"2023-02-27T23:32:16+00:00\",\"dateModified\":\"2026-05-08T20:21:52+00:00\",\"breadcrumb\":{\"@id\":\"https:\\\/\\\/shop.bantam.ch\\\/de\\\/produkt\\\/sicherheitskupplung-ws-3000\\\/#breadcrumb\"},\"inLanguage\":\"de\",\"potentialAction\":[{\"@type\":\"ReadAction\",\"target\":[\"https:\\\/\\\/shop.bantam.ch\\\/de\\\/produkt\\\/sicherheitskupplung-ws-3000\\\/\"]}]},{\"@type\":\"ImageObject\",\"inLanguage\":\"de\",\"@id\":\"https:\\\/\\\/shop.bantam.ch\\\/de\\\/produkt\\\/sicherheitskupplung-ws-3000\\\/#primaryimage\",\"url\":\"https:\\\/\\\/shop.bantam.ch\\\/wp-content\\\/uploads\\\/2023\\\/02\\\/9981001-Sicherheitskupplung_WS_3000_m_D_Z_SafetyBall-Standard-01.jpg\",\"contentUrl\":\"https:\\\/\\\/shop.bantam.ch\\\/wp-content\\\/uploads\\\/2023\\\/02\\\/9981001-Sicherheitskupplung_WS_3000_m_D_Z_SafetyBall-Standard-01.jpg\",\"width\":1000,\"height\":713},{\"@type\":\"BreadcrumbList\",\"@id\":\"https:\\\/\\\/shop.bantam.ch\\\/de\\\/produkt\\\/sicherheitskupplung-ws-3000\\\/#breadcrumb\",\"itemListElement\":[{\"@type\":\"ListItem\",\"position\":1,\"name\":\"Accueil\",\"item\":\"https:\\\/\\\/shop.bantam.ch\\\/de\\\/\"},{\"@type\":\"ListItem\",\"position\":2,\"name\":\"Shop\",\"item\":\"https:\\\/\\\/shop.bantam.ch\\\/de\\\/shop\\\/\"},{\"@type\":\"ListItem\",\"position\":3,\"name\":\"Sicherheitskupplung WS 3000\"}]},{\"@type\":\"WebSite\",\"@id\":\"https:\\\/\\\/shop.bantam.ch\\\/de\\\/#website\",\"url\":\"https:\\\/\\\/shop.bantam.ch\\\/de\\\/\",\"name\":\"Bantam\",\"description\":\"\",\"publisher\":{\"@id\":\"https:\\\/\\\/shop.bantam.ch\\\/de\\\/#organization\"},\"inLanguage\":\"de\"},{\"@type\":\"Organization\",\"@id\":\"https:\\\/\\\/shop.bantam.ch\\\/de\\\/#organization\",\"name\":\"Bantam\",\"url\":\"https:\\\/\\\/shop.bantam.ch\\\/de\\\/\",\"logo\":{\"@type\":\"ImageObject\",\"inLanguage\":\"de\",\"@id\":\"https:\\\/\\\/shop.bantam.ch\\\/de\\\/#\\\/schema\\\/logo\\\/image\\\/\",\"url\":\"https:\\\/\\\/shop.bantam.ch\\\/wp-content\\\/uploads\\\/2022\\\/12\\\/bantam-logo.png\",\"contentUrl\":\"https:\\\/\\\/shop.bantam.ch\\\/wp-content\\\/uploads\\\/2022\\\/12\\\/bantam-logo.png\",\"width\":320,\"height\":71,\"caption\":\"Bantam\"},\"image\":{\"@id\":\"https:\\\/\\\/shop.bantam.ch\\\/de\\\/#\\\/schema\\\/logo\\\/image\\\/\"}}]}<\/script>\n<!-- \/ Yoast SEO plugin. -->","yoast_head_json":{"title":"Sicherheitskupplung WS 3000 - Bantam","robots":{"index":"index","follow":"follow","max-snippet":"max-snippet:-1","max-image-preview":"max-image-preview:large","max-video-preview":"max-video-preview:-1"},"canonical":"https:\/\/shop.bantam.ch\/de\/produkt\/sicherheitskupplung-ws-3000\/","og_locale":"de_DE","og_type":"article","og_title":"Sicherheitskupplung WS 3000 - Bantam","og_description":"Mit Ankuppelanzeige zur Kontrolle der Kupplungskugel in der WS 3000. Speziell entwickelte Rebelemente werden unter hohem Federdruck in die Kugel des Fahrzeuges gepresst und erzeugenpermanent eine enorme Stabilit\u00e4t des Gespanns. Dadurch wird die kritische Geschwindigkeit bei der ein Gespann instabil wird und sich aufschaukelt, permanent um bis zu 30 % erh\u00f6ht.Eine noch pr\u00e4zisere Verschlei\u00dfanzeige zur [&hellip;]","og_url":"https:\/\/shop.bantam.ch\/de\/produkt\/sicherheitskupplung-ws-3000\/","og_site_name":"Bantam","article_modified_time":"2026-05-08T20:21:52+00:00","og_image":[{"width":1000,"height":713,"url":"https:\/\/shop.bantam.ch\/wp-content\/uploads\/2023\/02\/9981001-Sicherheitskupplung_WS_3000_m_D_Z_SafetyBall-Standard-01.jpg","type":"image\/jpeg"}],"twitter_card":"summary_large_image","schema":{"@context":"https:\/\/schema.org","@graph":[{"@type":"WebPage","@id":"https:\/\/shop.bantam.ch\/de\/produkt\/sicherheitskupplung-ws-3000\/","url":"https:\/\/shop.bantam.ch\/de\/produkt\/sicherheitskupplung-ws-3000\/","name":"Sicherheitskupplung WS 3000 - Bantam","isPartOf":{"@id":"https:\/\/shop.bantam.ch\/de\/#website"},"primaryImageOfPage":{"@id":"https:\/\/shop.bantam.ch\/de\/produkt\/sicherheitskupplung-ws-3000\/#primaryimage"},"image":{"@id":"https:\/\/shop.bantam.ch\/de\/produkt\/sicherheitskupplung-ws-3000\/#primaryimage"},"thumbnailUrl":"https:\/\/shop.bantam.ch\/wp-content\/uploads\/2023\/02\/9981001-Sicherheitskupplung_WS_3000_m_D_Z_SafetyBall-Standard-01.jpg","datePublished":"2023-02-27T23:32:16+00:00","dateModified":"2026-05-08T20:21:52+00:00","breadcrumb":{"@id":"https:\/\/shop.bantam.ch\/de\/produkt\/sicherheitskupplung-ws-3000\/#breadcrumb"},"inLanguage":"de","potentialAction":[{"@type":"ReadAction","target":["https:\/\/shop.bantam.ch\/de\/produkt\/sicherheitskupplung-ws-3000\/"]}]},{"@type":"ImageObject","inLanguage":"de","@id":"https:\/\/shop.bantam.ch\/de\/produkt\/sicherheitskupplung-ws-3000\/#primaryimage","url":"https:\/\/shop.bantam.ch\/wp-content\/uploads\/2023\/02\/9981001-Sicherheitskupplung_WS_3000_m_D_Z_SafetyBall-Standard-01.jpg","contentUrl":"https:\/\/shop.bantam.ch\/wp-content\/uploads\/2023\/02\/9981001-Sicherheitskupplung_WS_3000_m_D_Z_SafetyBall-Standard-01.jpg","width":1000,"height":713},{"@type":"BreadcrumbList","@id":"https:\/\/shop.bantam.ch\/de\/produkt\/sicherheitskupplung-ws-3000\/#breadcrumb","itemListElement":[{"@type":"ListItem","position":1,"name":"Accueil","item":"https:\/\/shop.bantam.ch\/de\/"},{"@type":"ListItem","position":2,"name":"Shop","item":"https:\/\/shop.bantam.ch\/de\/shop\/"},{"@type":"ListItem","position":3,"name":"Sicherheitskupplung WS 3000"}]},{"@type":"WebSite","@id":"https:\/\/shop.bantam.ch\/de\/#website","url":"https:\/\/shop.bantam.ch\/de\/","name":"Bantam","description":"","publisher":{"@id":"https:\/\/shop.bantam.ch\/de\/#organization"},"inLanguage":"de"},{"@type":"Organization","@id":"https:\/\/shop.bantam.ch\/de\/#organization","name":"Bantam","url":"https:\/\/shop.bantam.ch\/de\/","logo":{"@type":"ImageObject","inLanguage":"de","@id":"https:\/\/shop.bantam.ch\/de\/#\/schema\/logo\/image\/","url":"https:\/\/shop.bantam.ch\/wp-content\/uploads\/2022\/12\/bantam-logo.png","contentUrl":"https:\/\/shop.bantam.ch\/wp-content\/uploads\/2022\/12\/bantam-logo.png","width":320,"height":71,"caption":"Bantam"},"image":{"@id":"https:\/\/shop.bantam.ch\/de\/#\/schema\/logo\/image\/"}}]}},"_links":{"self":[{"href":"https:\/\/shop.bantam.ch\/de\/wp-json\/wp\/v2\/product\/76262","targetHints":{"allow":["GET"]}}],"collection":[{"href":"https:\/\/shop.bantam.ch\/de\/wp-json\/wp\/v2\/product"}],"about":[{"href":"https:\/\/shop.bantam.ch\/de\/wp-json\/wp\/v2\/types\/product"}],"wp:featuredmedia":[{"embeddable":true,"href":"https:\/\/shop.bantam.ch\/de\/wp-json\/wp\/v2\/media\/76226"}],"wp:attachment":[{"href":"https:\/\/shop.bantam.ch\/de\/wp-json\/wp\/v2\/media?parent=76262"}],"wp:term":[{"taxonomy":"product_featured_cat","embeddable":true,"href":"https:\/\/shop.bantam.ch\/de\/wp-json\/wp\/v2\/product_featured_cat?post=76262"},{"taxonomy":"product_brand","embeddable":true,"href":"https:\/\/shop.bantam.ch\/de\/wp-json\/wp\/v2\/product_brand?post=76262"},{"taxonomy":"product_cat","embeddable":true,"href":"https:\/\/shop.bantam.ch\/de\/wp-json\/wp\/v2\/product_cat?post=76262"},{"taxonomy":"product_tag","embeddable":true,"href":"https:\/\/shop.bantam.ch\/de\/wp-json\/wp\/v2\/product_tag?post=76262"}],"curies":[{"name":"wp","href":"https:\/\/api.w.org\/{rel}","templated":true}]}}