{"id":76042,"date":"2023-02-28T00:28:47","date_gmt":"2023-02-27T23:28:47","guid":{"rendered":"http:\/\/shop.bantam.ch\/produit\/bedienteil-cp-plus-inet-ready\/"},"modified":"2026-04-17T21:18:59","modified_gmt":"2026-04-17T19:18:59","slug":"bedienteil-cp-plus-inet-ready","status":"publish","type":"product","link":"https:\/\/shop.bantam.ch\/de\/produkt\/bedienteil-cp-plus-inet-ready\/","title":{"rendered":"Bedienteil truma CP plus iNet ready"},"content":{"rendered":"<p>Schaffen Sie das perfekte Wohlf\u00fchlklima wie zu Hause &#8211; mit dem zentralen Bedienteil Truma CP plus f\u00fcr Truma Combi und Klimasysteme und der Truma iNet Box als zentrale Steuereinheit. Komfortabel von unterwegs per App.<br \/>Das digitale Bedienteil der Extraklasse mit Klimaautomatik. <br \/>\u00dcber die Funktion Klimaautomatik steuert das Bedienteil CP plus &#8211; iNet ready automatisch die Truma Combi und das Truma Klimasystem, bis die eingestellte Temperatur im Fahrzeug erreicht ist.<\/p>\n<ul>\n<li>Klimaautomatik ACC einstellbar f\u00fcr die Innentemperatur von 18 \u00b0C bis 25 \u00b0C in 1 \u00b0C- Schritten<\/li>\n<li>Unter der Einstellung kann zus\u00e4tzlich zu &#8222;Heizen&#8220; bzw. &#8222;Klima&#8220; neu &#8222;AUTO&#8220; gew\u00e4hlt werden, um die Klimaautomatik zu aktivieren<\/li>\n<li>Das zum Erreichen der Temperatur n\u00f6tige Ger\u00e4t (Heizung oder Klimasystem) wird automatisch angesteuert. Der Raumtemperaturf\u00fchler der<br \/>Heizung ist der Leitf\u00fchler der Klimaautomatik und muss sich daher an einem geeigneten Ort befinden.<\/li>\n<li>Sollwertkorrektur Klimaanlage (AC SET) &#8211; Die gef\u00fchlte Raumtemperatur kann beim Heizen anders als beim K\u00fchlen empfunden werden. Daher kann die individuelle Wohlf\u00fchltemperatur angepasst werden.<\/li>\n<li>Sollwertkorrektur Combi (OFFSET) &#8211; Die bisherige OFFSET Funktion der Heizung (= \u00e0\u201enderung des Sollwerts f\u00fcr Combi) bleibt f\u00fcr alle Betriebsarten erhalten<\/li>\n<li>Optimal ausgelegte Softwarelogik der Klimaautomatik verhindert Hin- und Herschalten der Ger\u00e4te.<\/li>\n<\/ul>\n<p>Betriebstemperatur: -25 &#8211; +60 \u00b0C<br \/>Spannungsversorgung: 8 V &#8211; 16,5 V<br \/>Ruhestromaufnahme: 3 mA<br \/>Stromaufnahme: max. 65 mA (100 % Hintergrundbeleuchtung)<br \/>&nbsp;&nbsp;&nbsp;&nbsp;&nbsp;&nbsp;&nbsp;&nbsp;&nbsp;&nbsp;&nbsp;&nbsp; &nbsp; &nbsp; &nbsp; &nbsp; &nbsp;&nbsp;&nbsp; 6,5 mA &#8211; 10 mA (Stand-by)<\/p>\n<p>&nbsp;<\/p>\n","protected":false},"excerpt":{"rendered":"<p>Schaffen Sie das perfekte Wohlf\u00fchlklima wie zu Hause &#8211; mit dem zentralen Bedienteil Truma CP plus f\u00fcr Truma Combi und Klimasysteme und der Truma iNet Box als zentrale Steuereinheit. Komfortabel von unterwegs per App.Das digitale Bedienteil der Extraklasse mit Klimaautomatik. \u00dcber die Funktion Klimaautomatik steuert das Bedienteil CP plus &#8211; iNet ready automatisch die Truma [&hellip;]<\/p>\n","protected":false},"featured_media":76040,"template":"","meta":{"_acf_changed":false},"product_featured_cat":[],"product_brand":[3027],"product_cat":[5166],"product_tag":[],"class_list":{"0":"post-76042","1":"product","2":"type-product","3":"status-publish","4":"has-post-thumbnail","6":"product_brand-truma-de","7":"product_cat-zubehoer-heizungen","9":"first","10":"instock","11":"taxable","12":"shipping-taxable","13":"purchasable","14":"product-type-simple"},"acf":[],"yoast_head":"<!-- This site is optimized with the Yoast SEO plugin v27.4 - https:\/\/yoast.com\/product\/yoast-seo-wordpress\/ -->\n<title>Bedienteil truma CP plus iNet ready - Bantam Camping AG<\/title>\n<meta name=\"robots\" content=\"index, follow, max-snippet:-1, max-image-preview:large, max-video-preview:-1\" \/>\n<link rel=\"canonical\" href=\"https:\/\/shop.bantam.ch\/de\/produkt\/bedienteil-cp-plus-inet-ready\/\" \/>\n<meta property=\"og:locale\" content=\"de_DE\" \/>\n<meta property=\"og:type\" content=\"article\" \/>\n<meta property=\"og:title\" content=\"Bedienteil truma CP plus iNet ready - Bantam Camping AG\" \/>\n<meta property=\"og:description\" content=\"Schaffen Sie das perfekte Wohlf\u00fchlklima wie zu Hause &#8211; mit dem zentralen Bedienteil Truma CP plus f\u00fcr Truma Combi und Klimasysteme und der Truma iNet Box als zentrale Steuereinheit. Komfortabel von unterwegs per App.Das digitale Bedienteil der Extraklasse mit Klimaautomatik. \u00dcber die Funktion Klimaautomatik steuert das Bedienteil CP plus &#8211; iNet ready automatisch die Truma [&hellip;]\" \/>\n<meta property=\"og:url\" content=\"https:\/\/shop.bantam.ch\/de\/produkt\/bedienteil-cp-plus-inet-ready\/\" \/>\n<meta property=\"og:site_name\" content=\"Bantam Camping AG\" \/>\n<meta property=\"article:modified_time\" content=\"2026-04-17T19:18:59+00:00\" \/>\n<meta property=\"og:image\" content=\"https:\/\/shop.bantam.ch\/wp-content\/uploads\/2023\/02\/9954025100.jpg\" \/>\n\t<meta property=\"og:image:width\" content=\"919\" \/>\n\t<meta property=\"og:image:height\" content=\"1000\" \/>\n\t<meta property=\"og:image:type\" content=\"image\/jpeg\" \/>\n<meta name=\"twitter:card\" content=\"summary_large_image\" \/>\n<meta name=\"twitter:label1\" content=\"Gesch\u00e4tzte Lesezeit\" \/>\n\t<meta name=\"twitter:data1\" content=\"1\u00a0Minute\" \/>\n<script type=\"application\/ld+json\" class=\"yoast-schema-graph\">{\"@context\":\"https:\\\/\\\/schema.org\",\"@graph\":[{\"@type\":\"WebPage\",\"@id\":\"https:\\\/\\\/shop.bantam.ch\\\/de\\\/produkt\\\/bedienteil-cp-plus-inet-ready\\\/\",\"url\":\"https:\\\/\\\/shop.bantam.ch\\\/de\\\/produkt\\\/bedienteil-cp-plus-inet-ready\\\/\",\"name\":\"Bedienteil truma CP plus iNet ready - Bantam Camping AG\",\"isPartOf\":{\"@id\":\"https:\\\/\\\/shop.bantam.ch\\\/de\\\/#website\"},\"primaryImageOfPage\":{\"@id\":\"https:\\\/\\\/shop.bantam.ch\\\/de\\\/produkt\\\/bedienteil-cp-plus-inet-ready\\\/#primaryimage\"},\"image\":{\"@id\":\"https:\\\/\\\/shop.bantam.ch\\\/de\\\/produkt\\\/bedienteil-cp-plus-inet-ready\\\/#primaryimage\"},\"thumbnailUrl\":\"https:\\\/\\\/shop.bantam.ch\\\/wp-content\\\/uploads\\\/2023\\\/02\\\/9954025100.jpg\",\"datePublished\":\"2023-02-27T23:28:47+00:00\",\"dateModified\":\"2026-04-17T19:18:59+00:00\",\"breadcrumb\":{\"@id\":\"https:\\\/\\\/shop.bantam.ch\\\/de\\\/produkt\\\/bedienteil-cp-plus-inet-ready\\\/#breadcrumb\"},\"inLanguage\":\"de\",\"potentialAction\":[{\"@type\":\"ReadAction\",\"target\":[\"https:\\\/\\\/shop.bantam.ch\\\/de\\\/produkt\\\/bedienteil-cp-plus-inet-ready\\\/\"]}]},{\"@type\":\"ImageObject\",\"inLanguage\":\"de\",\"@id\":\"https:\\\/\\\/shop.bantam.ch\\\/de\\\/produkt\\\/bedienteil-cp-plus-inet-ready\\\/#primaryimage\",\"url\":\"https:\\\/\\\/shop.bantam.ch\\\/wp-content\\\/uploads\\\/2023\\\/02\\\/9954025100.jpg\",\"contentUrl\":\"https:\\\/\\\/shop.bantam.ch\\\/wp-content\\\/uploads\\\/2023\\\/02\\\/9954025100.jpg\",\"width\":919,\"height\":1000},{\"@type\":\"BreadcrumbList\",\"@id\":\"https:\\\/\\\/shop.bantam.ch\\\/de\\\/produkt\\\/bedienteil-cp-plus-inet-ready\\\/#breadcrumb\",\"itemListElement\":[{\"@type\":\"ListItem\",\"position\":1,\"name\":\"Accueil\",\"item\":\"https:\\\/\\\/shop.bantam.ch\\\/de\\\/\"},{\"@type\":\"ListItem\",\"position\":2,\"name\":\"Shop\",\"item\":\"https:\\\/\\\/shop.bantam.ch\\\/de\\\/shop\\\/\"},{\"@type\":\"ListItem\",\"position\":3,\"name\":\"Bedienteil truma CP plus iNet ready\"}]},{\"@type\":\"WebSite\",\"@id\":\"https:\\\/\\\/shop.bantam.ch\\\/de\\\/#website\",\"url\":\"https:\\\/\\\/shop.bantam.ch\\\/de\\\/\",\"name\":\"Bantam Camping AG\",\"description\":\"\",\"publisher\":{\"@id\":\"https:\\\/\\\/shop.bantam.ch\\\/de\\\/#organization\"},\"inLanguage\":\"de\"},{\"@type\":\"Organization\",\"@id\":\"https:\\\/\\\/shop.bantam.ch\\\/de\\\/#organization\",\"name\":\"Bantam Camping AG\",\"url\":\"https:\\\/\\\/shop.bantam.ch\\\/de\\\/\",\"logo\":{\"@type\":\"ImageObject\",\"inLanguage\":\"de\",\"@id\":\"https:\\\/\\\/shop.bantam.ch\\\/de\\\/#\\\/schema\\\/logo\\\/image\\\/\",\"url\":\"https:\\\/\\\/shop.bantam.ch\\\/wp-content\\\/uploads\\\/2022\\\/12\\\/bantam-logo.png\",\"contentUrl\":\"https:\\\/\\\/shop.bantam.ch\\\/wp-content\\\/uploads\\\/2022\\\/12\\\/bantam-logo.png\",\"width\":320,\"height\":71,\"caption\":\"Bantam Camping AG\"},\"image\":{\"@id\":\"https:\\\/\\\/shop.bantam.ch\\\/de\\\/#\\\/schema\\\/logo\\\/image\\\/\"}}]}<\/script>\n<!-- \/ Yoast SEO plugin. -->","yoast_head_json":{"title":"Bedienteil truma CP plus iNet ready - Bantam Camping AG","robots":{"index":"index","follow":"follow","max-snippet":"max-snippet:-1","max-image-preview":"max-image-preview:large","max-video-preview":"max-video-preview:-1"},"canonical":"https:\/\/shop.bantam.ch\/de\/produkt\/bedienteil-cp-plus-inet-ready\/","og_locale":"de_DE","og_type":"article","og_title":"Bedienteil truma CP plus iNet ready - Bantam Camping AG","og_description":"Schaffen Sie das perfekte Wohlf\u00fchlklima wie zu Hause &#8211; mit dem zentralen Bedienteil Truma CP plus f\u00fcr Truma Combi und Klimasysteme und der Truma iNet Box als zentrale Steuereinheit. Komfortabel von unterwegs per App.Das digitale Bedienteil der Extraklasse mit Klimaautomatik. \u00dcber die Funktion Klimaautomatik steuert das Bedienteil CP plus &#8211; iNet ready automatisch die Truma [&hellip;]","og_url":"https:\/\/shop.bantam.ch\/de\/produkt\/bedienteil-cp-plus-inet-ready\/","og_site_name":"Bantam Camping AG","article_modified_time":"2026-04-17T19:18:59+00:00","og_image":[{"width":919,"height":1000,"url":"https:\/\/shop.bantam.ch\/wp-content\/uploads\/2023\/02\/9954025100.jpg","type":"image\/jpeg"}],"twitter_card":"summary_large_image","twitter_misc":{"Gesch\u00e4tzte Lesezeit":"1\u00a0Minute"},"schema":{"@context":"https:\/\/schema.org","@graph":[{"@type":"WebPage","@id":"https:\/\/shop.bantam.ch\/de\/produkt\/bedienteil-cp-plus-inet-ready\/","url":"https:\/\/shop.bantam.ch\/de\/produkt\/bedienteil-cp-plus-inet-ready\/","name":"Bedienteil truma CP plus iNet ready - Bantam Camping AG","isPartOf":{"@id":"https:\/\/shop.bantam.ch\/de\/#website"},"primaryImageOfPage":{"@id":"https:\/\/shop.bantam.ch\/de\/produkt\/bedienteil-cp-plus-inet-ready\/#primaryimage"},"image":{"@id":"https:\/\/shop.bantam.ch\/de\/produkt\/bedienteil-cp-plus-inet-ready\/#primaryimage"},"thumbnailUrl":"https:\/\/shop.bantam.ch\/wp-content\/uploads\/2023\/02\/9954025100.jpg","datePublished":"2023-02-27T23:28:47+00:00","dateModified":"2026-04-17T19:18:59+00:00","breadcrumb":{"@id":"https:\/\/shop.bantam.ch\/de\/produkt\/bedienteil-cp-plus-inet-ready\/#breadcrumb"},"inLanguage":"de","potentialAction":[{"@type":"ReadAction","target":["https:\/\/shop.bantam.ch\/de\/produkt\/bedienteil-cp-plus-inet-ready\/"]}]},{"@type":"ImageObject","inLanguage":"de","@id":"https:\/\/shop.bantam.ch\/de\/produkt\/bedienteil-cp-plus-inet-ready\/#primaryimage","url":"https:\/\/shop.bantam.ch\/wp-content\/uploads\/2023\/02\/9954025100.jpg","contentUrl":"https:\/\/shop.bantam.ch\/wp-content\/uploads\/2023\/02\/9954025100.jpg","width":919,"height":1000},{"@type":"BreadcrumbList","@id":"https:\/\/shop.bantam.ch\/de\/produkt\/bedienteil-cp-plus-inet-ready\/#breadcrumb","itemListElement":[{"@type":"ListItem","position":1,"name":"Accueil","item":"https:\/\/shop.bantam.ch\/de\/"},{"@type":"ListItem","position":2,"name":"Shop","item":"https:\/\/shop.bantam.ch\/de\/shop\/"},{"@type":"ListItem","position":3,"name":"Bedienteil truma CP plus iNet ready"}]},{"@type":"WebSite","@id":"https:\/\/shop.bantam.ch\/de\/#website","url":"https:\/\/shop.bantam.ch\/de\/","name":"Bantam Camping AG","description":"","publisher":{"@id":"https:\/\/shop.bantam.ch\/de\/#organization"},"inLanguage":"de"},{"@type":"Organization","@id":"https:\/\/shop.bantam.ch\/de\/#organization","name":"Bantam Camping AG","url":"https:\/\/shop.bantam.ch\/de\/","logo":{"@type":"ImageObject","inLanguage":"de","@id":"https:\/\/shop.bantam.ch\/de\/#\/schema\/logo\/image\/","url":"https:\/\/shop.bantam.ch\/wp-content\/uploads\/2022\/12\/bantam-logo.png","contentUrl":"https:\/\/shop.bantam.ch\/wp-content\/uploads\/2022\/12\/bantam-logo.png","width":320,"height":71,"caption":"Bantam Camping AG"},"image":{"@id":"https:\/\/shop.bantam.ch\/de\/#\/schema\/logo\/image\/"}}]}},"_links":{"self":[{"href":"https:\/\/shop.bantam.ch\/de\/wp-json\/wp\/v2\/product\/76042","targetHints":{"allow":["GET"]}}],"collection":[{"href":"https:\/\/shop.bantam.ch\/de\/wp-json\/wp\/v2\/product"}],"about":[{"href":"https:\/\/shop.bantam.ch\/de\/wp-json\/wp\/v2\/types\/product"}],"wp:featuredmedia":[{"embeddable":true,"href":"https:\/\/shop.bantam.ch\/de\/wp-json\/wp\/v2\/media\/76040"}],"wp:attachment":[{"href":"https:\/\/shop.bantam.ch\/de\/wp-json\/wp\/v2\/media?parent=76042"}],"wp:term":[{"taxonomy":"product_featured_cat","embeddable":true,"href":"https:\/\/shop.bantam.ch\/de\/wp-json\/wp\/v2\/product_featured_cat?post=76042"},{"taxonomy":"product_brand","embeddable":true,"href":"https:\/\/shop.bantam.ch\/de\/wp-json\/wp\/v2\/product_brand?post=76042"},{"taxonomy":"product_cat","embeddable":true,"href":"https:\/\/shop.bantam.ch\/de\/wp-json\/wp\/v2\/product_cat?post=76042"},{"taxonomy":"product_tag","embeddable":true,"href":"https:\/\/shop.bantam.ch\/de\/wp-json\/wp\/v2\/product_tag?post=76042"}],"curies":[{"name":"wp","href":"https:\/\/api.w.org\/{rel}","templated":true}]}}