{"id":75960,"date":"2023-02-28T00:27:21","date_gmt":"2023-02-27T23:27:21","guid":{"rendered":"http:\/\/shop.bantam.ch\/produit\/luftkissen-air-lift-fuer-zwillingsbereifung\/"},"modified":"2026-04-18T21:19:27","modified_gmt":"2026-04-18T19:19:27","slug":"luftkissen-air-lift-fuer-zwillingsbereifung","status":"publish","type":"product","link":"https:\/\/shop.bantam.ch\/de\/produkt\/luftkissen-air-lift-fuer-zwillingsbereifung\/","title":{"rendered":"Luftkissen EMUK Air-Lift 70 x 43 x 2 cm Zwillingsbereifung"},"content":{"rendered":"<p>F\u00fcr Wohnmobile und Wohnwagen. Der EMUK Air-Lift ist ein hochbelastbares, verschlei\u00dffestes, benzin-, \u00f6l- und s\u00e4urefestes Druckluft-Hebekissen, welches speziell f\u00fcr Wohnmobile und Wohnwagen entwickelt wurde. Alle Bodenunebenheiten und H\u00f6henunterschiede des Untergrundes k\u00f6nnen stufenlos von 1,5 cm bis 20 cm ausgeglichen werden. Die Tragkraft des EMUK Air-Lift betr\u00e4gt 11 Tonnen und schl\u00e4gt dabei alle bisherigen Bestwerte im Vergleich mit herk\u00f6mmlichen Ausgleichskeilen. Die Handhabung ist dabei \u00e4u\u00dferst m\u00fchelos und komfortabel. Das Kissen wird einfach unter dem jeweiligen, anzuhebenden Rad platziert. Mit einer Hand- \/Fu\u00dfpumpe oder einem 12 V Minikompressor kann das Gef\u00e4hrt innerhalb von ca. 4 min. auf engstem Rangierraum ausnivelliert werden. Die Herstellung des EMUK Air-Lift erfolgt in Manufaktur &#8222;Made in Germany&#8220; mit hochwertigsten Materialien in sauberster handwerklicher Qualit\u00e4t. Pulverbeschichtete leichte Aluminium Leisten stabilisieren dabei den mit hochfesten Aramidfasern verst\u00e4rkten Gummi-Druckk\u00f6rper. Eine besonders dicke Gummihaut (Sandwichbauweise) verleiht dem Druckluftkissen ausreichenden Schutz gegen \u00e4u\u00dfere Einwirkung durch Steine, Ger\u00f6ll oder Scherben. Das Riffelprofil bietet den anzuhebenden R\u00e4dern rutschfesten Halt.<\/p>\n<ul>\n<li>Min. H\u00f6he unaufgeblasen: 1,5 cm<\/li>\n<li>Volumen unaufgeblasen: 3,6 L<\/li>\n<li>Bef\u00fcllen &amp; Entl\u00fcften: 1 Autoventil<\/li>\n<li>Drucktest gepr\u00fcft: 48 h bei 5 bar<\/li>\n<li>Temperatureinsatz: -20 \u00b0C bis +60 \u00b0C<\/li>\n<li>Mit Ventil, Gummist\u00e4rke 6-7 mm inkl. Riffelung<\/li>\n<\/ul>\n","protected":false},"excerpt":{"rendered":"<p>F\u00fcr Wohnmobile und Wohnwagen. Der EMUK Air-Lift ist ein hochbelastbares, verschlei\u00dffestes, benzin-, \u00f6l- und s\u00e4urefestes Druckluft-Hebekissen, welches speziell f\u00fcr Wohnmobile und Wohnwagen entwickelt wurde. Alle Bodenunebenheiten und H\u00f6henunterschiede des Untergrundes k\u00f6nnen stufenlos von 1,5 cm bis 20 cm ausgeglichen werden. Die Tragkraft des EMUK Air-Lift betr\u00e4gt 11 Tonnen und schl\u00e4gt dabei alle bisherigen Bestwerte im [&hellip;]<\/p>\n","protected":false},"featured_media":75954,"template":"","meta":{"_acf_changed":false},"product_featured_cat":[],"product_brand":[3145],"product_cat":[4770],"product_tag":[],"class_list":{"0":"post-75960","1":"product","2":"type-product","3":"status-publish","4":"has-post-thumbnail","6":"product_brand-emuk-de","7":"product_cat-auffahrkeile","9":"first","10":"instock","11":"taxable","12":"shipping-taxable","13":"purchasable","14":"product-type-simple"},"acf":[],"yoast_head":"<!-- This site is optimized with the Yoast SEO plugin v27.4 - https:\/\/yoast.com\/product\/yoast-seo-wordpress\/ -->\n<title>Luftkissen EMUK Air-Lift 70 x 43 x 2 cm Zwillingsbereifung - Bantam Camping AG<\/title>\n<meta name=\"robots\" content=\"index, follow, max-snippet:-1, max-image-preview:large, max-video-preview:-1\" \/>\n<link rel=\"canonical\" href=\"https:\/\/shop.bantam.ch\/de\/produkt\/luftkissen-air-lift-fuer-zwillingsbereifung\/\" \/>\n<meta property=\"og:locale\" content=\"de_DE\" \/>\n<meta property=\"og:type\" content=\"article\" \/>\n<meta property=\"og:title\" content=\"Luftkissen EMUK Air-Lift 70 x 43 x 2 cm Zwillingsbereifung - Bantam Camping AG\" \/>\n<meta property=\"og:description\" content=\"F\u00fcr Wohnmobile und Wohnwagen. Der EMUK Air-Lift ist ein hochbelastbares, verschlei\u00dffestes, benzin-, \u00f6l- und s\u00e4urefestes Druckluft-Hebekissen, welches speziell f\u00fcr Wohnmobile und Wohnwagen entwickelt wurde. Alle Bodenunebenheiten und H\u00f6henunterschiede des Untergrundes k\u00f6nnen stufenlos von 1,5 cm bis 20 cm ausgeglichen werden. Die Tragkraft des EMUK Air-Lift betr\u00e4gt 11 Tonnen und schl\u00e4gt dabei alle bisherigen Bestwerte im [&hellip;]\" \/>\n<meta property=\"og:url\" content=\"https:\/\/shop.bantam.ch\/de\/produkt\/luftkissen-air-lift-fuer-zwillingsbereifung\/\" \/>\n<meta property=\"og:site_name\" content=\"Bantam Camping AG\" \/>\n<meta property=\"article:modified_time\" content=\"2026-04-18T19:19:27+00:00\" \/>\n<meta property=\"og:image\" content=\"https:\/\/shop.bantam.ch\/wp-content\/uploads\/2023\/02\/992974611.jpg\" \/>\n\t<meta property=\"og:image:width\" content=\"1000\" \/>\n\t<meta property=\"og:image:height\" content=\"669\" \/>\n\t<meta property=\"og:image:type\" content=\"image\/jpeg\" \/>\n<meta name=\"twitter:card\" content=\"summary_large_image\" \/>\n<meta name=\"twitter:label1\" content=\"Gesch\u00e4tzte Lesezeit\" \/>\n\t<meta name=\"twitter:data1\" content=\"1\u00a0Minute\" \/>\n<script type=\"application\/ld+json\" class=\"yoast-schema-graph\">{\"@context\":\"https:\\\/\\\/schema.org\",\"@graph\":[{\"@type\":\"WebPage\",\"@id\":\"https:\\\/\\\/shop.bantam.ch\\\/de\\\/produkt\\\/luftkissen-air-lift-fuer-zwillingsbereifung\\\/\",\"url\":\"https:\\\/\\\/shop.bantam.ch\\\/de\\\/produkt\\\/luftkissen-air-lift-fuer-zwillingsbereifung\\\/\",\"name\":\"Luftkissen EMUK Air-Lift 70 x 43 x 2 cm Zwillingsbereifung - Bantam Camping AG\",\"isPartOf\":{\"@id\":\"https:\\\/\\\/shop.bantam.ch\\\/de\\\/#website\"},\"primaryImageOfPage\":{\"@id\":\"https:\\\/\\\/shop.bantam.ch\\\/de\\\/produkt\\\/luftkissen-air-lift-fuer-zwillingsbereifung\\\/#primaryimage\"},\"image\":{\"@id\":\"https:\\\/\\\/shop.bantam.ch\\\/de\\\/produkt\\\/luftkissen-air-lift-fuer-zwillingsbereifung\\\/#primaryimage\"},\"thumbnailUrl\":\"https:\\\/\\\/shop.bantam.ch\\\/wp-content\\\/uploads\\\/2023\\\/02\\\/992974611.jpg\",\"datePublished\":\"2023-02-27T23:27:21+00:00\",\"dateModified\":\"2026-04-18T19:19:27+00:00\",\"breadcrumb\":{\"@id\":\"https:\\\/\\\/shop.bantam.ch\\\/de\\\/produkt\\\/luftkissen-air-lift-fuer-zwillingsbereifung\\\/#breadcrumb\"},\"inLanguage\":\"de\",\"potentialAction\":[{\"@type\":\"ReadAction\",\"target\":[\"https:\\\/\\\/shop.bantam.ch\\\/de\\\/produkt\\\/luftkissen-air-lift-fuer-zwillingsbereifung\\\/\"]}]},{\"@type\":\"ImageObject\",\"inLanguage\":\"de\",\"@id\":\"https:\\\/\\\/shop.bantam.ch\\\/de\\\/produkt\\\/luftkissen-air-lift-fuer-zwillingsbereifung\\\/#primaryimage\",\"url\":\"https:\\\/\\\/shop.bantam.ch\\\/wp-content\\\/uploads\\\/2023\\\/02\\\/992974611.jpg\",\"contentUrl\":\"https:\\\/\\\/shop.bantam.ch\\\/wp-content\\\/uploads\\\/2023\\\/02\\\/992974611.jpg\",\"width\":1000,\"height\":669},{\"@type\":\"BreadcrumbList\",\"@id\":\"https:\\\/\\\/shop.bantam.ch\\\/de\\\/produkt\\\/luftkissen-air-lift-fuer-zwillingsbereifung\\\/#breadcrumb\",\"itemListElement\":[{\"@type\":\"ListItem\",\"position\":1,\"name\":\"Accueil\",\"item\":\"https:\\\/\\\/shop.bantam.ch\\\/de\\\/\"},{\"@type\":\"ListItem\",\"position\":2,\"name\":\"Shop\",\"item\":\"https:\\\/\\\/shop.bantam.ch\\\/de\\\/shop\\\/\"},{\"@type\":\"ListItem\",\"position\":3,\"name\":\"Luftkissen EMUK Air-Lift 70 x 43 x 2 cm Zwillingsbereifung\"}]},{\"@type\":\"WebSite\",\"@id\":\"https:\\\/\\\/shop.bantam.ch\\\/de\\\/#website\",\"url\":\"https:\\\/\\\/shop.bantam.ch\\\/de\\\/\",\"name\":\"Bantam Camping AG\",\"description\":\"\",\"publisher\":{\"@id\":\"https:\\\/\\\/shop.bantam.ch\\\/de\\\/#organization\"},\"inLanguage\":\"de\"},{\"@type\":\"Organization\",\"@id\":\"https:\\\/\\\/shop.bantam.ch\\\/de\\\/#organization\",\"name\":\"Bantam Camping AG\",\"url\":\"https:\\\/\\\/shop.bantam.ch\\\/de\\\/\",\"logo\":{\"@type\":\"ImageObject\",\"inLanguage\":\"de\",\"@id\":\"https:\\\/\\\/shop.bantam.ch\\\/de\\\/#\\\/schema\\\/logo\\\/image\\\/\",\"url\":\"https:\\\/\\\/shop.bantam.ch\\\/wp-content\\\/uploads\\\/2022\\\/12\\\/bantam-logo.png\",\"contentUrl\":\"https:\\\/\\\/shop.bantam.ch\\\/wp-content\\\/uploads\\\/2022\\\/12\\\/bantam-logo.png\",\"width\":320,\"height\":71,\"caption\":\"Bantam Camping AG\"},\"image\":{\"@id\":\"https:\\\/\\\/shop.bantam.ch\\\/de\\\/#\\\/schema\\\/logo\\\/image\\\/\"}}]}<\/script>\n<!-- \/ Yoast SEO plugin. -->","yoast_head_json":{"title":"Luftkissen EMUK Air-Lift 70 x 43 x 2 cm Zwillingsbereifung - Bantam Camping AG","robots":{"index":"index","follow":"follow","max-snippet":"max-snippet:-1","max-image-preview":"max-image-preview:large","max-video-preview":"max-video-preview:-1"},"canonical":"https:\/\/shop.bantam.ch\/de\/produkt\/luftkissen-air-lift-fuer-zwillingsbereifung\/","og_locale":"de_DE","og_type":"article","og_title":"Luftkissen EMUK Air-Lift 70 x 43 x 2 cm Zwillingsbereifung - Bantam Camping AG","og_description":"F\u00fcr Wohnmobile und Wohnwagen. Der EMUK Air-Lift ist ein hochbelastbares, verschlei\u00dffestes, benzin-, \u00f6l- und s\u00e4urefestes Druckluft-Hebekissen, welches speziell f\u00fcr Wohnmobile und Wohnwagen entwickelt wurde. Alle Bodenunebenheiten und H\u00f6henunterschiede des Untergrundes k\u00f6nnen stufenlos von 1,5 cm bis 20 cm ausgeglichen werden. Die Tragkraft des EMUK Air-Lift betr\u00e4gt 11 Tonnen und schl\u00e4gt dabei alle bisherigen Bestwerte im [&hellip;]","og_url":"https:\/\/shop.bantam.ch\/de\/produkt\/luftkissen-air-lift-fuer-zwillingsbereifung\/","og_site_name":"Bantam Camping AG","article_modified_time":"2026-04-18T19:19:27+00:00","og_image":[{"width":1000,"height":669,"url":"https:\/\/shop.bantam.ch\/wp-content\/uploads\/2023\/02\/992974611.jpg","type":"image\/jpeg"}],"twitter_card":"summary_large_image","twitter_misc":{"Gesch\u00e4tzte Lesezeit":"1\u00a0Minute"},"schema":{"@context":"https:\/\/schema.org","@graph":[{"@type":"WebPage","@id":"https:\/\/shop.bantam.ch\/de\/produkt\/luftkissen-air-lift-fuer-zwillingsbereifung\/","url":"https:\/\/shop.bantam.ch\/de\/produkt\/luftkissen-air-lift-fuer-zwillingsbereifung\/","name":"Luftkissen EMUK Air-Lift 70 x 43 x 2 cm Zwillingsbereifung - Bantam Camping AG","isPartOf":{"@id":"https:\/\/shop.bantam.ch\/de\/#website"},"primaryImageOfPage":{"@id":"https:\/\/shop.bantam.ch\/de\/produkt\/luftkissen-air-lift-fuer-zwillingsbereifung\/#primaryimage"},"image":{"@id":"https:\/\/shop.bantam.ch\/de\/produkt\/luftkissen-air-lift-fuer-zwillingsbereifung\/#primaryimage"},"thumbnailUrl":"https:\/\/shop.bantam.ch\/wp-content\/uploads\/2023\/02\/992974611.jpg","datePublished":"2023-02-27T23:27:21+00:00","dateModified":"2026-04-18T19:19:27+00:00","breadcrumb":{"@id":"https:\/\/shop.bantam.ch\/de\/produkt\/luftkissen-air-lift-fuer-zwillingsbereifung\/#breadcrumb"},"inLanguage":"de","potentialAction":[{"@type":"ReadAction","target":["https:\/\/shop.bantam.ch\/de\/produkt\/luftkissen-air-lift-fuer-zwillingsbereifung\/"]}]},{"@type":"ImageObject","inLanguage":"de","@id":"https:\/\/shop.bantam.ch\/de\/produkt\/luftkissen-air-lift-fuer-zwillingsbereifung\/#primaryimage","url":"https:\/\/shop.bantam.ch\/wp-content\/uploads\/2023\/02\/992974611.jpg","contentUrl":"https:\/\/shop.bantam.ch\/wp-content\/uploads\/2023\/02\/992974611.jpg","width":1000,"height":669},{"@type":"BreadcrumbList","@id":"https:\/\/shop.bantam.ch\/de\/produkt\/luftkissen-air-lift-fuer-zwillingsbereifung\/#breadcrumb","itemListElement":[{"@type":"ListItem","position":1,"name":"Accueil","item":"https:\/\/shop.bantam.ch\/de\/"},{"@type":"ListItem","position":2,"name":"Shop","item":"https:\/\/shop.bantam.ch\/de\/shop\/"},{"@type":"ListItem","position":3,"name":"Luftkissen EMUK Air-Lift 70 x 43 x 2 cm Zwillingsbereifung"}]},{"@type":"WebSite","@id":"https:\/\/shop.bantam.ch\/de\/#website","url":"https:\/\/shop.bantam.ch\/de\/","name":"Bantam Camping AG","description":"","publisher":{"@id":"https:\/\/shop.bantam.ch\/de\/#organization"},"inLanguage":"de"},{"@type":"Organization","@id":"https:\/\/shop.bantam.ch\/de\/#organization","name":"Bantam Camping AG","url":"https:\/\/shop.bantam.ch\/de\/","logo":{"@type":"ImageObject","inLanguage":"de","@id":"https:\/\/shop.bantam.ch\/de\/#\/schema\/logo\/image\/","url":"https:\/\/shop.bantam.ch\/wp-content\/uploads\/2022\/12\/bantam-logo.png","contentUrl":"https:\/\/shop.bantam.ch\/wp-content\/uploads\/2022\/12\/bantam-logo.png","width":320,"height":71,"caption":"Bantam Camping AG"},"image":{"@id":"https:\/\/shop.bantam.ch\/de\/#\/schema\/logo\/image\/"}}]}},"_links":{"self":[{"href":"https:\/\/shop.bantam.ch\/de\/wp-json\/wp\/v2\/product\/75960","targetHints":{"allow":["GET"]}}],"collection":[{"href":"https:\/\/shop.bantam.ch\/de\/wp-json\/wp\/v2\/product"}],"about":[{"href":"https:\/\/shop.bantam.ch\/de\/wp-json\/wp\/v2\/types\/product"}],"wp:featuredmedia":[{"embeddable":true,"href":"https:\/\/shop.bantam.ch\/de\/wp-json\/wp\/v2\/media\/75954"}],"wp:attachment":[{"href":"https:\/\/shop.bantam.ch\/de\/wp-json\/wp\/v2\/media?parent=75960"}],"wp:term":[{"taxonomy":"product_featured_cat","embeddable":true,"href":"https:\/\/shop.bantam.ch\/de\/wp-json\/wp\/v2\/product_featured_cat?post=75960"},{"taxonomy":"product_brand","embeddable":true,"href":"https:\/\/shop.bantam.ch\/de\/wp-json\/wp\/v2\/product_brand?post=75960"},{"taxonomy":"product_cat","embeddable":true,"href":"https:\/\/shop.bantam.ch\/de\/wp-json\/wp\/v2\/product_cat?post=75960"},{"taxonomy":"product_tag","embeddable":true,"href":"https:\/\/shop.bantam.ch\/de\/wp-json\/wp\/v2\/product_tag?post=75960"}],"curies":[{"name":"wp","href":"https:\/\/api.w.org\/{rel}","templated":true}]}}