{"id":75756,"date":"2023-02-28T00:24:38","date_gmt":"2023-02-27T23:24:38","guid":{"rendered":"http:\/\/shop.bantam.ch\/produit\/einhebelmischer-charisma-mit-schalter-und-uni-quick-chrom\/"},"modified":"2026-04-18T21:19:26","modified_gmt":"2026-04-18T19:19:26","slug":"einhebelmischer-charisma-mit-schalter-und-uni-quick-chrom","status":"publish","type":"product","link":"https:\/\/shop.bantam.ch\/de\/produkt\/einhebelmischer-charisma-mit-schalter-und-uni-quick-chrom\/","title":{"rendered":"Einhebelmischer Reich I5 Charisma mit Schalter UniQuick Farbe chrom"},"content":{"rendered":"<p>Der Messing-Einhebelmischer Charisma ist aufgebaut wie eine Haushaltsarmatur. Die erprobte Keramikkartusche &#8211; komplett in Messing gefasst &#8211; b\u00fcrgt f\u00fcr best\u00e4ndige Qualit\u00e4t. Durch die Feinregulierung der Temperatur und Durchflussmenge \u00e4u\u00dferst sparsam im Wasserverbrauch! Der Auslauf ist um 360\u00b0 drehbar. Die Keramikkartusche und der wasserdichte Mikroschalter sind ohne Ausbau der Armatur von oben zu wechseln.<\/p>\n<ul>\n<li>Metallanschl\u00fcsse<\/li>\n<li>Entleerungsanzeige<\/li>\n<li>Gewindel\u00e4nge 45 mm<\/li>\n<li>Anschluss UniQuick: 5 bar Druckbest\u00e4ndigkeit<\/li>\n<li>Kupferrohranschl\u00fcsse f\u00fcr 10-12 mm Schl\u00e4uche<\/li>\n<\/ul>\n","protected":false},"excerpt":{"rendered":"<p>Der Messing-Einhebelmischer Charisma ist aufgebaut wie eine Haushaltsarmatur. Die erprobte Keramikkartusche &#8211; komplett in Messing gefasst &#8211; b\u00fcrgt f\u00fcr best\u00e4ndige Qualit\u00e4t. Durch die Feinregulierung der Temperatur und Durchflussmenge \u00e4u\u00dferst sparsam im Wasserverbrauch! Der Auslauf ist um 360\u00b0 drehbar. Die Keramikkartusche und der wasserdichte Mikroschalter sind ohne Ausbau der Armatur von oben zu wechseln. Metallanschl\u00fcsse Entleerungsanzeige [&hellip;]<\/p>\n","protected":false},"featured_media":75754,"template":"","meta":{"_acf_changed":false},"product_featured_cat":[],"product_brand":[3113],"product_cat":[4574],"product_tag":[],"class_list":{"0":"post-75756","1":"product","2":"type-product","3":"status-publish","4":"has-post-thumbnail","6":"product_brand-reich-de","7":"product_cat-einhebelmischer-kaltwasserhaehne","9":"first","10":"instock","11":"taxable","12":"shipping-taxable","13":"purchasable","14":"product-type-simple"},"acf":[],"yoast_head":"<!-- This site is optimized with the Yoast SEO plugin v27.4 - https:\/\/yoast.com\/product\/yoast-seo-wordpress\/ -->\n<title>Einhebelmischer Reich I5 Charisma mit Schalter UniQuick Farbe chrom - Bantam Camping AG<\/title>\n<meta name=\"robots\" content=\"index, follow, max-snippet:-1, max-image-preview:large, max-video-preview:-1\" \/>\n<link rel=\"canonical\" href=\"https:\/\/shop.bantam.ch\/de\/produkt\/einhebelmischer-charisma-mit-schalter-und-uni-quick-chrom\/\" \/>\n<meta property=\"og:locale\" content=\"de_DE\" \/>\n<meta property=\"og:type\" content=\"article\" \/>\n<meta property=\"og:title\" content=\"Einhebelmischer Reich I5 Charisma mit Schalter UniQuick Farbe chrom - Bantam Camping AG\" \/>\n<meta property=\"og:description\" content=\"Der Messing-Einhebelmischer Charisma ist aufgebaut wie eine Haushaltsarmatur. Die erprobte Keramikkartusche &#8211; komplett in Messing gefasst &#8211; b\u00fcrgt f\u00fcr best\u00e4ndige Qualit\u00e4t. Durch die Feinregulierung der Temperatur und Durchflussmenge \u00e4u\u00dferst sparsam im Wasserverbrauch! Der Auslauf ist um 360\u00b0 drehbar. Die Keramikkartusche und der wasserdichte Mikroschalter sind ohne Ausbau der Armatur von oben zu wechseln. Metallanschl\u00fcsse Entleerungsanzeige [&hellip;]\" \/>\n<meta property=\"og:url\" content=\"https:\/\/shop.bantam.ch\/de\/produkt\/einhebelmischer-charisma-mit-schalter-und-uni-quick-chrom\/\" \/>\n<meta property=\"og:site_name\" content=\"Bantam Camping AG\" \/>\n<meta property=\"article:modified_time\" content=\"2026-04-18T19:19:26+00:00\" \/>\n<meta property=\"og:image\" content=\"https:\/\/shop.bantam.ch\/wp-content\/uploads\/2023\/02\/992743211.jpg\" \/>\n\t<meta property=\"og:image:width\" content=\"1000\" \/>\n\t<meta property=\"og:image:height\" content=\"637\" \/>\n\t<meta property=\"og:image:type\" content=\"image\/jpeg\" \/>\n<meta name=\"twitter:card\" content=\"summary_large_image\" \/>\n<script type=\"application\/ld+json\" class=\"yoast-schema-graph\">{\"@context\":\"https:\\\/\\\/schema.org\",\"@graph\":[{\"@type\":\"WebPage\",\"@id\":\"https:\\\/\\\/shop.bantam.ch\\\/de\\\/produkt\\\/einhebelmischer-charisma-mit-schalter-und-uni-quick-chrom\\\/\",\"url\":\"https:\\\/\\\/shop.bantam.ch\\\/de\\\/produkt\\\/einhebelmischer-charisma-mit-schalter-und-uni-quick-chrom\\\/\",\"name\":\"Einhebelmischer Reich I5 Charisma mit Schalter UniQuick Farbe chrom - Bantam Camping AG\",\"isPartOf\":{\"@id\":\"https:\\\/\\\/shop.bantam.ch\\\/de\\\/#website\"},\"primaryImageOfPage\":{\"@id\":\"https:\\\/\\\/shop.bantam.ch\\\/de\\\/produkt\\\/einhebelmischer-charisma-mit-schalter-und-uni-quick-chrom\\\/#primaryimage\"},\"image\":{\"@id\":\"https:\\\/\\\/shop.bantam.ch\\\/de\\\/produkt\\\/einhebelmischer-charisma-mit-schalter-und-uni-quick-chrom\\\/#primaryimage\"},\"thumbnailUrl\":\"https:\\\/\\\/shop.bantam.ch\\\/wp-content\\\/uploads\\\/2023\\\/02\\\/992743211.jpg\",\"datePublished\":\"2023-02-27T23:24:38+00:00\",\"dateModified\":\"2026-04-18T19:19:26+00:00\",\"breadcrumb\":{\"@id\":\"https:\\\/\\\/shop.bantam.ch\\\/de\\\/produkt\\\/einhebelmischer-charisma-mit-schalter-und-uni-quick-chrom\\\/#breadcrumb\"},\"inLanguage\":\"de\",\"potentialAction\":[{\"@type\":\"ReadAction\",\"target\":[\"https:\\\/\\\/shop.bantam.ch\\\/de\\\/produkt\\\/einhebelmischer-charisma-mit-schalter-und-uni-quick-chrom\\\/\"]}]},{\"@type\":\"ImageObject\",\"inLanguage\":\"de\",\"@id\":\"https:\\\/\\\/shop.bantam.ch\\\/de\\\/produkt\\\/einhebelmischer-charisma-mit-schalter-und-uni-quick-chrom\\\/#primaryimage\",\"url\":\"https:\\\/\\\/shop.bantam.ch\\\/wp-content\\\/uploads\\\/2023\\\/02\\\/992743211.jpg\",\"contentUrl\":\"https:\\\/\\\/shop.bantam.ch\\\/wp-content\\\/uploads\\\/2023\\\/02\\\/992743211.jpg\",\"width\":1000,\"height\":637},{\"@type\":\"BreadcrumbList\",\"@id\":\"https:\\\/\\\/shop.bantam.ch\\\/de\\\/produkt\\\/einhebelmischer-charisma-mit-schalter-und-uni-quick-chrom\\\/#breadcrumb\",\"itemListElement\":[{\"@type\":\"ListItem\",\"position\":1,\"name\":\"Accueil\",\"item\":\"https:\\\/\\\/shop.bantam.ch\\\/de\\\/\"},{\"@type\":\"ListItem\",\"position\":2,\"name\":\"Shop\",\"item\":\"https:\\\/\\\/shop.bantam.ch\\\/de\\\/shop\\\/\"},{\"@type\":\"ListItem\",\"position\":3,\"name\":\"Einhebelmischer Reich I5 Charisma mit Schalter UniQuick Farbe chrom\"}]},{\"@type\":\"WebSite\",\"@id\":\"https:\\\/\\\/shop.bantam.ch\\\/de\\\/#website\",\"url\":\"https:\\\/\\\/shop.bantam.ch\\\/de\\\/\",\"name\":\"Bantam Camping AG\",\"description\":\"\",\"publisher\":{\"@id\":\"https:\\\/\\\/shop.bantam.ch\\\/de\\\/#organization\"},\"inLanguage\":\"de\"},{\"@type\":\"Organization\",\"@id\":\"https:\\\/\\\/shop.bantam.ch\\\/de\\\/#organization\",\"name\":\"Bantam Camping AG\",\"url\":\"https:\\\/\\\/shop.bantam.ch\\\/de\\\/\",\"logo\":{\"@type\":\"ImageObject\",\"inLanguage\":\"de\",\"@id\":\"https:\\\/\\\/shop.bantam.ch\\\/de\\\/#\\\/schema\\\/logo\\\/image\\\/\",\"url\":\"https:\\\/\\\/shop.bantam.ch\\\/wp-content\\\/uploads\\\/2022\\\/12\\\/bantam-logo.png\",\"contentUrl\":\"https:\\\/\\\/shop.bantam.ch\\\/wp-content\\\/uploads\\\/2022\\\/12\\\/bantam-logo.png\",\"width\":320,\"height\":71,\"caption\":\"Bantam Camping AG\"},\"image\":{\"@id\":\"https:\\\/\\\/shop.bantam.ch\\\/de\\\/#\\\/schema\\\/logo\\\/image\\\/\"}}]}<\/script>\n<!-- \/ Yoast SEO plugin. -->","yoast_head_json":{"title":"Einhebelmischer Reich I5 Charisma mit Schalter UniQuick Farbe chrom - Bantam Camping AG","robots":{"index":"index","follow":"follow","max-snippet":"max-snippet:-1","max-image-preview":"max-image-preview:large","max-video-preview":"max-video-preview:-1"},"canonical":"https:\/\/shop.bantam.ch\/de\/produkt\/einhebelmischer-charisma-mit-schalter-und-uni-quick-chrom\/","og_locale":"de_DE","og_type":"article","og_title":"Einhebelmischer Reich I5 Charisma mit Schalter UniQuick Farbe chrom - Bantam Camping AG","og_description":"Der Messing-Einhebelmischer Charisma ist aufgebaut wie eine Haushaltsarmatur. Die erprobte Keramikkartusche &#8211; komplett in Messing gefasst &#8211; b\u00fcrgt f\u00fcr best\u00e4ndige Qualit\u00e4t. Durch die Feinregulierung der Temperatur und Durchflussmenge \u00e4u\u00dferst sparsam im Wasserverbrauch! Der Auslauf ist um 360\u00b0 drehbar. Die Keramikkartusche und der wasserdichte Mikroschalter sind ohne Ausbau der Armatur von oben zu wechseln. Metallanschl\u00fcsse Entleerungsanzeige [&hellip;]","og_url":"https:\/\/shop.bantam.ch\/de\/produkt\/einhebelmischer-charisma-mit-schalter-und-uni-quick-chrom\/","og_site_name":"Bantam Camping AG","article_modified_time":"2026-04-18T19:19:26+00:00","og_image":[{"width":1000,"height":637,"url":"https:\/\/shop.bantam.ch\/wp-content\/uploads\/2023\/02\/992743211.jpg","type":"image\/jpeg"}],"twitter_card":"summary_large_image","schema":{"@context":"https:\/\/schema.org","@graph":[{"@type":"WebPage","@id":"https:\/\/shop.bantam.ch\/de\/produkt\/einhebelmischer-charisma-mit-schalter-und-uni-quick-chrom\/","url":"https:\/\/shop.bantam.ch\/de\/produkt\/einhebelmischer-charisma-mit-schalter-und-uni-quick-chrom\/","name":"Einhebelmischer Reich I5 Charisma mit Schalter UniQuick Farbe chrom - Bantam Camping AG","isPartOf":{"@id":"https:\/\/shop.bantam.ch\/de\/#website"},"primaryImageOfPage":{"@id":"https:\/\/shop.bantam.ch\/de\/produkt\/einhebelmischer-charisma-mit-schalter-und-uni-quick-chrom\/#primaryimage"},"image":{"@id":"https:\/\/shop.bantam.ch\/de\/produkt\/einhebelmischer-charisma-mit-schalter-und-uni-quick-chrom\/#primaryimage"},"thumbnailUrl":"https:\/\/shop.bantam.ch\/wp-content\/uploads\/2023\/02\/992743211.jpg","datePublished":"2023-02-27T23:24:38+00:00","dateModified":"2026-04-18T19:19:26+00:00","breadcrumb":{"@id":"https:\/\/shop.bantam.ch\/de\/produkt\/einhebelmischer-charisma-mit-schalter-und-uni-quick-chrom\/#breadcrumb"},"inLanguage":"de","potentialAction":[{"@type":"ReadAction","target":["https:\/\/shop.bantam.ch\/de\/produkt\/einhebelmischer-charisma-mit-schalter-und-uni-quick-chrom\/"]}]},{"@type":"ImageObject","inLanguage":"de","@id":"https:\/\/shop.bantam.ch\/de\/produkt\/einhebelmischer-charisma-mit-schalter-und-uni-quick-chrom\/#primaryimage","url":"https:\/\/shop.bantam.ch\/wp-content\/uploads\/2023\/02\/992743211.jpg","contentUrl":"https:\/\/shop.bantam.ch\/wp-content\/uploads\/2023\/02\/992743211.jpg","width":1000,"height":637},{"@type":"BreadcrumbList","@id":"https:\/\/shop.bantam.ch\/de\/produkt\/einhebelmischer-charisma-mit-schalter-und-uni-quick-chrom\/#breadcrumb","itemListElement":[{"@type":"ListItem","position":1,"name":"Accueil","item":"https:\/\/shop.bantam.ch\/de\/"},{"@type":"ListItem","position":2,"name":"Shop","item":"https:\/\/shop.bantam.ch\/de\/shop\/"},{"@type":"ListItem","position":3,"name":"Einhebelmischer Reich I5 Charisma mit Schalter UniQuick Farbe chrom"}]},{"@type":"WebSite","@id":"https:\/\/shop.bantam.ch\/de\/#website","url":"https:\/\/shop.bantam.ch\/de\/","name":"Bantam Camping AG","description":"","publisher":{"@id":"https:\/\/shop.bantam.ch\/de\/#organization"},"inLanguage":"de"},{"@type":"Organization","@id":"https:\/\/shop.bantam.ch\/de\/#organization","name":"Bantam Camping AG","url":"https:\/\/shop.bantam.ch\/de\/","logo":{"@type":"ImageObject","inLanguage":"de","@id":"https:\/\/shop.bantam.ch\/de\/#\/schema\/logo\/image\/","url":"https:\/\/shop.bantam.ch\/wp-content\/uploads\/2022\/12\/bantam-logo.png","contentUrl":"https:\/\/shop.bantam.ch\/wp-content\/uploads\/2022\/12\/bantam-logo.png","width":320,"height":71,"caption":"Bantam Camping AG"},"image":{"@id":"https:\/\/shop.bantam.ch\/de\/#\/schema\/logo\/image\/"}}]}},"_links":{"self":[{"href":"https:\/\/shop.bantam.ch\/de\/wp-json\/wp\/v2\/product\/75756","targetHints":{"allow":["GET"]}}],"collection":[{"href":"https:\/\/shop.bantam.ch\/de\/wp-json\/wp\/v2\/product"}],"about":[{"href":"https:\/\/shop.bantam.ch\/de\/wp-json\/wp\/v2\/types\/product"}],"wp:featuredmedia":[{"embeddable":true,"href":"https:\/\/shop.bantam.ch\/de\/wp-json\/wp\/v2\/media\/75754"}],"wp:attachment":[{"href":"https:\/\/shop.bantam.ch\/de\/wp-json\/wp\/v2\/media?parent=75756"}],"wp:term":[{"taxonomy":"product_featured_cat","embeddable":true,"href":"https:\/\/shop.bantam.ch\/de\/wp-json\/wp\/v2\/product_featured_cat?post=75756"},{"taxonomy":"product_brand","embeddable":true,"href":"https:\/\/shop.bantam.ch\/de\/wp-json\/wp\/v2\/product_brand?post=75756"},{"taxonomy":"product_cat","embeddable":true,"href":"https:\/\/shop.bantam.ch\/de\/wp-json\/wp\/v2\/product_cat?post=75756"},{"taxonomy":"product_tag","embeddable":true,"href":"https:\/\/shop.bantam.ch\/de\/wp-json\/wp\/v2\/product_tag?post=75756"}],"curies":[{"name":"wp","href":"https:\/\/api.w.org\/{rel}","templated":true}]}}