{"id":75712,"date":"2024-02-24T00:24:01","date_gmt":"2024-02-23T23:24:01","guid":{"rendered":"http:\/\/shop.bantam.ch\/produit\/camping-piepei\/"},"modified":"2026-04-18T21:19:18","modified_gmt":"2026-04-18T19:19:18","slug":"camping-piepei","status":"publish","type":"product","link":"https:\/\/shop.bantam.ch\/de\/produkt\/camping-piepei\/","title":{"rendered":"Camping PiepEi BRAINSTREAM"},"content":{"rendered":"<p>Wir verreisen doch alle gern. Manche treibt es in die Berge, andere st\u00fcrzen sich lieber ins Meer und selbst Balkonien hat etwas f\u00fcr sich, wenn man denn morgens nicht zur Arbeit muss. Und egal, wo man sich nun im Urlaub befindet, das Fr\u00fchst\u00fcck geh\u00f6rt zelebriert, wenn man dem Alltag eine Auszeit g\u00f6nnt.<\/p>\n<p>Nur ist nat\u00fcrlich nichts \u00e4rgerlicher, als wenn man die liebgewonnenen Gewohnheiten von Zuhause im Urlaub vermissen muss. Wie das perfekt gekochte Ei am Fr\u00fchst\u00fcckstisch. Damit das nie wieder passiert, egal ob in den Bergen oder am Meeresspiegel (PiepEi funktioniert auf allen H\u00f6hen gleich exakt), gibt es Camping PiepEi.<\/p>\n<p>In passendem Reisegewand und mit Melodien, die die Reiselust wecken oder untermalen. Egal ob Extrembergsteiger im Basislager oder Dauercamper in Feinrippuniform. Jetzt kann jeder perfekt Eier kochen. Einfach PiepEi zusammen mit den echten Eiern lagern, zusammen kochen, warten bis der Kochtopf singt, zusammen abschrecken und nur die echten Eier essen.<\/p>\n<p>\u00a0<\/p>\n<ul>\n<li>&#8222;Morgenstimmung&#8220; f\u00fcr perfekte Weicheier<\/li>\n<li>&#8222;Hit the road Jack&#8220; f\u00fcr perfekt gekochte mittelweiche Eier<\/li>\n<li>&#8222;Don&#8217;t worry be happy&#8220; f\u00fcr perfekt gekochte harte Eier<\/li>\n<\/ul>\n<p>\u00a0<\/p>\n<p>Durch den thermischen Ansatz gelingen dem PiepEi immer perfekt gekochte Eier. Egal, auf welcher H\u00f6he Sie sich befinden, egal ob Sie Aussteiger sind und nur ein Ei f\u00fcr sich wollen, oder ob Sie Ihr ganzes Familienrudel bekochen. Egal, ob Sie mit kaltem oder kochendem Wasser starten. Jetzt noch viel Spa\u00df im Urlaub, bei der Urlaubsplanung oder einfach dem Fr\u00fchst\u00fcck am Sonntag Zuhause. Das perfekt gekochte Ei ist Ihnen sicher.<\/p>\n","protected":false},"excerpt":{"rendered":"<p>Wir verreisen doch alle gern. Manche treibt es in die Berge, andere st\u00fcrzen sich lieber ins Meer und selbst Balkonien hat etwas f\u00fcr sich, wenn man denn morgens nicht zur Arbeit muss. Und egal, wo man sich nun im Urlaub befindet, das Fr\u00fchst\u00fcck geh\u00f6rt zelebriert, wenn man dem Alltag eine Auszeit g\u00f6nnt. Nur ist nat\u00fcrlich [&hellip;]<\/p>\n","protected":false},"featured_media":75710,"template":"","meta":{"_acf_changed":false},"product_featured_cat":[],"product_brand":[3033],"product_cat":[4286],"product_tag":[],"class_list":{"0":"post-75712","1":"product","2":"type-product","3":"status-publish","4":"has-post-thumbnail","6":"product_brand-standard-de","7":"product_cat-kuechenhelfer","9":"first","10":"instock","11":"taxable","12":"shipping-taxable","13":"purchasable","14":"product-type-simple"},"acf":[],"yoast_head":"<!-- This site is optimized with the Yoast SEO plugin v27.4 - https:\/\/yoast.com\/product\/yoast-seo-wordpress\/ -->\n<title>Camping PiepEi BRAINSTREAM - Bantam Camping AG<\/title>\n<meta name=\"robots\" content=\"index, follow, max-snippet:-1, max-image-preview:large, max-video-preview:-1\" \/>\n<link rel=\"canonical\" href=\"https:\/\/shop.bantam.ch\/de\/produkt\/camping-piepei\/\" \/>\n<meta property=\"og:locale\" content=\"de_DE\" \/>\n<meta property=\"og:type\" content=\"article\" \/>\n<meta property=\"og:title\" content=\"Camping PiepEi BRAINSTREAM - Bantam Camping AG\" \/>\n<meta property=\"og:description\" content=\"Wir verreisen doch alle gern. Manche treibt es in die Berge, andere st\u00fcrzen sich lieber ins Meer und selbst Balkonien hat etwas f\u00fcr sich, wenn man denn morgens nicht zur Arbeit muss. Und egal, wo man sich nun im Urlaub befindet, das Fr\u00fchst\u00fcck geh\u00f6rt zelebriert, wenn man dem Alltag eine Auszeit g\u00f6nnt. Nur ist nat\u00fcrlich [&hellip;]\" \/>\n<meta property=\"og:url\" content=\"https:\/\/shop.bantam.ch\/de\/produkt\/camping-piepei\/\" \/>\n<meta property=\"og:site_name\" content=\"Bantam Camping AG\" \/>\n<meta property=\"article:modified_time\" content=\"2026-04-18T19:19:18+00:00\" \/>\n<meta property=\"og:image\" content=\"https:\/\/shop.bantam.ch\/wp-content\/uploads\/2023\/02\/9942361-100-1-3.jpg\" \/>\n\t<meta property=\"og:image:width\" content=\"1000\" \/>\n\t<meta property=\"og:image:height\" content=\"750\" \/>\n\t<meta property=\"og:image:type\" content=\"image\/jpeg\" \/>\n<meta name=\"twitter:card\" content=\"summary_large_image\" \/>\n<meta name=\"twitter:label1\" content=\"Gesch\u00e4tzte Lesezeit\" \/>\n\t<meta name=\"twitter:data1\" content=\"1\u00a0Minute\" \/>\n<script type=\"application\/ld+json\" class=\"yoast-schema-graph\">{\"@context\":\"https:\\\/\\\/schema.org\",\"@graph\":[{\"@type\":\"WebPage\",\"@id\":\"https:\\\/\\\/shop.bantam.ch\\\/de\\\/produkt\\\/camping-piepei\\\/\",\"url\":\"https:\\\/\\\/shop.bantam.ch\\\/de\\\/produkt\\\/camping-piepei\\\/\",\"name\":\"Camping PiepEi BRAINSTREAM - Bantam Camping AG\",\"isPartOf\":{\"@id\":\"https:\\\/\\\/shop.bantam.ch\\\/de\\\/#website\"},\"primaryImageOfPage\":{\"@id\":\"https:\\\/\\\/shop.bantam.ch\\\/de\\\/produkt\\\/camping-piepei\\\/#primaryimage\"},\"image\":{\"@id\":\"https:\\\/\\\/shop.bantam.ch\\\/de\\\/produkt\\\/camping-piepei\\\/#primaryimage\"},\"thumbnailUrl\":\"https:\\\/\\\/shop.bantam.ch\\\/wp-content\\\/uploads\\\/2023\\\/02\\\/9942361-100-1-3.jpg\",\"datePublished\":\"2024-02-23T23:24:01+00:00\",\"dateModified\":\"2026-04-18T19:19:18+00:00\",\"breadcrumb\":{\"@id\":\"https:\\\/\\\/shop.bantam.ch\\\/de\\\/produkt\\\/camping-piepei\\\/#breadcrumb\"},\"inLanguage\":\"de\",\"potentialAction\":[{\"@type\":\"ReadAction\",\"target\":[\"https:\\\/\\\/shop.bantam.ch\\\/de\\\/produkt\\\/camping-piepei\\\/\"]}]},{\"@type\":\"ImageObject\",\"inLanguage\":\"de\",\"@id\":\"https:\\\/\\\/shop.bantam.ch\\\/de\\\/produkt\\\/camping-piepei\\\/#primaryimage\",\"url\":\"https:\\\/\\\/shop.bantam.ch\\\/wp-content\\\/uploads\\\/2023\\\/02\\\/9942361-100-1-3.jpg\",\"contentUrl\":\"https:\\\/\\\/shop.bantam.ch\\\/wp-content\\\/uploads\\\/2023\\\/02\\\/9942361-100-1-3.jpg\",\"width\":1000,\"height\":750},{\"@type\":\"BreadcrumbList\",\"@id\":\"https:\\\/\\\/shop.bantam.ch\\\/de\\\/produkt\\\/camping-piepei\\\/#breadcrumb\",\"itemListElement\":[{\"@type\":\"ListItem\",\"position\":1,\"name\":\"Accueil\",\"item\":\"https:\\\/\\\/shop.bantam.ch\\\/de\\\/\"},{\"@type\":\"ListItem\",\"position\":2,\"name\":\"Shop\",\"item\":\"https:\\\/\\\/shop.bantam.ch\\\/de\\\/shop\\\/\"},{\"@type\":\"ListItem\",\"position\":3,\"name\":\"Camping PiepEi BRAINSTREAM\"}]},{\"@type\":\"WebSite\",\"@id\":\"https:\\\/\\\/shop.bantam.ch\\\/de\\\/#website\",\"url\":\"https:\\\/\\\/shop.bantam.ch\\\/de\\\/\",\"name\":\"Bantam Camping AG\",\"description\":\"\",\"publisher\":{\"@id\":\"https:\\\/\\\/shop.bantam.ch\\\/de\\\/#organization\"},\"inLanguage\":\"de\"},{\"@type\":\"Organization\",\"@id\":\"https:\\\/\\\/shop.bantam.ch\\\/de\\\/#organization\",\"name\":\"Bantam Camping AG\",\"url\":\"https:\\\/\\\/shop.bantam.ch\\\/de\\\/\",\"logo\":{\"@type\":\"ImageObject\",\"inLanguage\":\"de\",\"@id\":\"https:\\\/\\\/shop.bantam.ch\\\/de\\\/#\\\/schema\\\/logo\\\/image\\\/\",\"url\":\"https:\\\/\\\/shop.bantam.ch\\\/wp-content\\\/uploads\\\/2022\\\/12\\\/bantam-logo.png\",\"contentUrl\":\"https:\\\/\\\/shop.bantam.ch\\\/wp-content\\\/uploads\\\/2022\\\/12\\\/bantam-logo.png\",\"width\":320,\"height\":71,\"caption\":\"Bantam Camping AG\"},\"image\":{\"@id\":\"https:\\\/\\\/shop.bantam.ch\\\/de\\\/#\\\/schema\\\/logo\\\/image\\\/\"}}]}<\/script>\n<!-- \/ Yoast SEO plugin. -->","yoast_head_json":{"title":"Camping PiepEi BRAINSTREAM - Bantam Camping AG","robots":{"index":"index","follow":"follow","max-snippet":"max-snippet:-1","max-image-preview":"max-image-preview:large","max-video-preview":"max-video-preview:-1"},"canonical":"https:\/\/shop.bantam.ch\/de\/produkt\/camping-piepei\/","og_locale":"de_DE","og_type":"article","og_title":"Camping PiepEi BRAINSTREAM - Bantam Camping AG","og_description":"Wir verreisen doch alle gern. Manche treibt es in die Berge, andere st\u00fcrzen sich lieber ins Meer und selbst Balkonien hat etwas f\u00fcr sich, wenn man denn morgens nicht zur Arbeit muss. Und egal, wo man sich nun im Urlaub befindet, das Fr\u00fchst\u00fcck geh\u00f6rt zelebriert, wenn man dem Alltag eine Auszeit g\u00f6nnt. Nur ist nat\u00fcrlich [&hellip;]","og_url":"https:\/\/shop.bantam.ch\/de\/produkt\/camping-piepei\/","og_site_name":"Bantam Camping AG","article_modified_time":"2026-04-18T19:19:18+00:00","og_image":[{"width":1000,"height":750,"url":"https:\/\/shop.bantam.ch\/wp-content\/uploads\/2023\/02\/9942361-100-1-3.jpg","type":"image\/jpeg"}],"twitter_card":"summary_large_image","twitter_misc":{"Gesch\u00e4tzte Lesezeit":"1\u00a0Minute"},"schema":{"@context":"https:\/\/schema.org","@graph":[{"@type":"WebPage","@id":"https:\/\/shop.bantam.ch\/de\/produkt\/camping-piepei\/","url":"https:\/\/shop.bantam.ch\/de\/produkt\/camping-piepei\/","name":"Camping PiepEi BRAINSTREAM - Bantam Camping AG","isPartOf":{"@id":"https:\/\/shop.bantam.ch\/de\/#website"},"primaryImageOfPage":{"@id":"https:\/\/shop.bantam.ch\/de\/produkt\/camping-piepei\/#primaryimage"},"image":{"@id":"https:\/\/shop.bantam.ch\/de\/produkt\/camping-piepei\/#primaryimage"},"thumbnailUrl":"https:\/\/shop.bantam.ch\/wp-content\/uploads\/2023\/02\/9942361-100-1-3.jpg","datePublished":"2024-02-23T23:24:01+00:00","dateModified":"2026-04-18T19:19:18+00:00","breadcrumb":{"@id":"https:\/\/shop.bantam.ch\/de\/produkt\/camping-piepei\/#breadcrumb"},"inLanguage":"de","potentialAction":[{"@type":"ReadAction","target":["https:\/\/shop.bantam.ch\/de\/produkt\/camping-piepei\/"]}]},{"@type":"ImageObject","inLanguage":"de","@id":"https:\/\/shop.bantam.ch\/de\/produkt\/camping-piepei\/#primaryimage","url":"https:\/\/shop.bantam.ch\/wp-content\/uploads\/2023\/02\/9942361-100-1-3.jpg","contentUrl":"https:\/\/shop.bantam.ch\/wp-content\/uploads\/2023\/02\/9942361-100-1-3.jpg","width":1000,"height":750},{"@type":"BreadcrumbList","@id":"https:\/\/shop.bantam.ch\/de\/produkt\/camping-piepei\/#breadcrumb","itemListElement":[{"@type":"ListItem","position":1,"name":"Accueil","item":"https:\/\/shop.bantam.ch\/de\/"},{"@type":"ListItem","position":2,"name":"Shop","item":"https:\/\/shop.bantam.ch\/de\/shop\/"},{"@type":"ListItem","position":3,"name":"Camping PiepEi BRAINSTREAM"}]},{"@type":"WebSite","@id":"https:\/\/shop.bantam.ch\/de\/#website","url":"https:\/\/shop.bantam.ch\/de\/","name":"Bantam Camping AG","description":"","publisher":{"@id":"https:\/\/shop.bantam.ch\/de\/#organization"},"inLanguage":"de"},{"@type":"Organization","@id":"https:\/\/shop.bantam.ch\/de\/#organization","name":"Bantam Camping AG","url":"https:\/\/shop.bantam.ch\/de\/","logo":{"@type":"ImageObject","inLanguage":"de","@id":"https:\/\/shop.bantam.ch\/de\/#\/schema\/logo\/image\/","url":"https:\/\/shop.bantam.ch\/wp-content\/uploads\/2022\/12\/bantam-logo.png","contentUrl":"https:\/\/shop.bantam.ch\/wp-content\/uploads\/2022\/12\/bantam-logo.png","width":320,"height":71,"caption":"Bantam Camping AG"},"image":{"@id":"https:\/\/shop.bantam.ch\/de\/#\/schema\/logo\/image\/"}}]}},"_links":{"self":[{"href":"https:\/\/shop.bantam.ch\/de\/wp-json\/wp\/v2\/product\/75712","targetHints":{"allow":["GET"]}}],"collection":[{"href":"https:\/\/shop.bantam.ch\/de\/wp-json\/wp\/v2\/product"}],"about":[{"href":"https:\/\/shop.bantam.ch\/de\/wp-json\/wp\/v2\/types\/product"}],"wp:featuredmedia":[{"embeddable":true,"href":"https:\/\/shop.bantam.ch\/de\/wp-json\/wp\/v2\/media\/75710"}],"wp:attachment":[{"href":"https:\/\/shop.bantam.ch\/de\/wp-json\/wp\/v2\/media?parent=75712"}],"wp:term":[{"taxonomy":"product_featured_cat","embeddable":true,"href":"https:\/\/shop.bantam.ch\/de\/wp-json\/wp\/v2\/product_featured_cat?post=75712"},{"taxonomy":"product_brand","embeddable":true,"href":"https:\/\/shop.bantam.ch\/de\/wp-json\/wp\/v2\/product_brand?post=75712"},{"taxonomy":"product_cat","embeddable":true,"href":"https:\/\/shop.bantam.ch\/de\/wp-json\/wp\/v2\/product_cat?post=75712"},{"taxonomy":"product_tag","embeddable":true,"href":"https:\/\/shop.bantam.ch\/de\/wp-json\/wp\/v2\/product_tag?post=75712"}],"curies":[{"name":"wp","href":"https:\/\/api.w.org\/{rel}","templated":true}]}}