{"id":75116,"date":"2023-02-28T00:13:10","date_gmt":"2023-02-27T23:13:10","guid":{"rendered":"http:\/\/shop.bantam.ch\/produit\/mobiltank-ii-fuer-abwasser\/"},"modified":"2026-04-19T21:19:37","modified_gmt":"2026-04-19T19:19:37","slug":"mobiltank-ii-fuer-abwasser","status":"publish","type":"product","link":"https:\/\/shop.bantam.ch\/de\/produkt\/mobiltank-ii-fuer-abwasser\/","title":{"rendered":"Abwasser-Mobiltank II F\u00fcllmenge 22 Liter Farbe grau"},"content":{"rendered":"<p>Der Abwassertank mit vielen M\u00f6glichkeiten, komplett ausgestattet mit einem Schiebegriff und besonders breiten Rollen f\u00fcr einen guten Transport auf weichem Untergrund, zus\u00e4tzlich mit einem Tragegriff ausgestattet. Dieser Tank ist besonders gut geeignet als Abwassertank f\u00fcr das Auffangen des Abwassers unter dem Wohnwagen. Durch integrierte Griffmulden ist eine besonders leichte Handhabung m\u00f6glich. <br \/>Inhalt 22 l.\u00a0<\/p>\n","protected":false},"excerpt":{"rendered":"<p>Der Abwassertank mit vielen M\u00f6glichkeiten, komplett ausgestattet mit einem Schiebegriff und besonders breiten Rollen f\u00fcr einen guten Transport auf weichem Untergrund, zus\u00e4tzlich mit einem Tragegriff ausgestattet. Dieser Tank ist besonders gut geeignet als Abwassertank f\u00fcr das Auffangen des Abwassers unter dem Wohnwagen. Durch integrierte Griffmulden ist eine besonders leichte Handhabung m\u00f6glich. Inhalt 22 l.\u00a0<\/p>\n","protected":false},"featured_media":75114,"template":"","meta":{"_acf_changed":false},"product_featured_cat":[],"product_brand":[3191],"product_cat":[4122],"product_tag":[],"class_list":{"0":"post-75116","1":"product","2":"type-product","3":"status-publish","4":"has-post-thumbnail","6":"product_brand-fusion-de","7":"product_cat-wassertanks","9":"first","10":"instock","11":"taxable","12":"shipping-taxable","13":"purchasable","14":"product-type-simple"},"acf":[],"yoast_head":"<!-- This site is optimized with the Yoast SEO plugin v27.4 - https:\/\/yoast.com\/product\/yoast-seo-wordpress\/ -->\n<title>Abwasser-Mobiltank II F\u00fcllmenge 22 Liter Farbe grau - Bantam Camping AG<\/title>\n<meta name=\"robots\" content=\"index, follow, max-snippet:-1, max-image-preview:large, max-video-preview:-1\" \/>\n<link rel=\"canonical\" href=\"https:\/\/shop.bantam.ch\/de\/produkt\/mobiltank-ii-fuer-abwasser\/\" \/>\n<meta property=\"og:locale\" content=\"de_DE\" \/>\n<meta property=\"og:type\" content=\"article\" \/>\n<meta property=\"og:title\" content=\"Abwasser-Mobiltank II F\u00fcllmenge 22 Liter Farbe grau - Bantam Camping AG\" \/>\n<meta property=\"og:description\" content=\"Der Abwassertank mit vielen M\u00f6glichkeiten, komplett ausgestattet mit einem Schiebegriff und besonders breiten Rollen f\u00fcr einen guten Transport auf weichem Untergrund, zus\u00e4tzlich mit einem Tragegriff ausgestattet. Dieser Tank ist besonders gut geeignet als Abwassertank f\u00fcr das Auffangen des Abwassers unter dem Wohnwagen. Durch integrierte Griffmulden ist eine besonders leichte Handhabung m\u00f6glich. Inhalt 22 l.\u00a0\" \/>\n<meta property=\"og:url\" content=\"https:\/\/shop.bantam.ch\/de\/produkt\/mobiltank-ii-fuer-abwasser\/\" \/>\n<meta property=\"og:site_name\" content=\"Bantam Camping AG\" \/>\n<meta property=\"article:modified_time\" content=\"2026-04-19T19:19:37+00:00\" \/>\n<meta property=\"og:image\" content=\"https:\/\/shop.bantam.ch\/wp-content\/uploads\/2023\/02\/993177511.jpg\" \/>\n\t<meta property=\"og:image:width\" content=\"1000\" \/>\n\t<meta property=\"og:image:height\" content=\"520\" \/>\n\t<meta property=\"og:image:type\" content=\"image\/jpeg\" \/>\n<meta name=\"twitter:card\" content=\"summary_large_image\" \/>\n<script type=\"application\/ld+json\" class=\"yoast-schema-graph\">{\"@context\":\"https:\\\/\\\/schema.org\",\"@graph\":[{\"@type\":\"WebPage\",\"@id\":\"https:\\\/\\\/shop.bantam.ch\\\/de\\\/produkt\\\/mobiltank-ii-fuer-abwasser\\\/\",\"url\":\"https:\\\/\\\/shop.bantam.ch\\\/de\\\/produkt\\\/mobiltank-ii-fuer-abwasser\\\/\",\"name\":\"Abwasser-Mobiltank II F\u00fcllmenge 22 Liter Farbe grau - Bantam Camping AG\",\"isPartOf\":{\"@id\":\"https:\\\/\\\/shop.bantam.ch\\\/de\\\/#website\"},\"primaryImageOfPage\":{\"@id\":\"https:\\\/\\\/shop.bantam.ch\\\/de\\\/produkt\\\/mobiltank-ii-fuer-abwasser\\\/#primaryimage\"},\"image\":{\"@id\":\"https:\\\/\\\/shop.bantam.ch\\\/de\\\/produkt\\\/mobiltank-ii-fuer-abwasser\\\/#primaryimage\"},\"thumbnailUrl\":\"https:\\\/\\\/shop.bantam.ch\\\/wp-content\\\/uploads\\\/2023\\\/02\\\/993177511.jpg\",\"datePublished\":\"2023-02-27T23:13:10+00:00\",\"dateModified\":\"2026-04-19T19:19:37+00:00\",\"breadcrumb\":{\"@id\":\"https:\\\/\\\/shop.bantam.ch\\\/de\\\/produkt\\\/mobiltank-ii-fuer-abwasser\\\/#breadcrumb\"},\"inLanguage\":\"de\",\"potentialAction\":[{\"@type\":\"ReadAction\",\"target\":[\"https:\\\/\\\/shop.bantam.ch\\\/de\\\/produkt\\\/mobiltank-ii-fuer-abwasser\\\/\"]}]},{\"@type\":\"ImageObject\",\"inLanguage\":\"de\",\"@id\":\"https:\\\/\\\/shop.bantam.ch\\\/de\\\/produkt\\\/mobiltank-ii-fuer-abwasser\\\/#primaryimage\",\"url\":\"https:\\\/\\\/shop.bantam.ch\\\/wp-content\\\/uploads\\\/2023\\\/02\\\/993177511.jpg\",\"contentUrl\":\"https:\\\/\\\/shop.bantam.ch\\\/wp-content\\\/uploads\\\/2023\\\/02\\\/993177511.jpg\",\"width\":1000,\"height\":520},{\"@type\":\"BreadcrumbList\",\"@id\":\"https:\\\/\\\/shop.bantam.ch\\\/de\\\/produkt\\\/mobiltank-ii-fuer-abwasser\\\/#breadcrumb\",\"itemListElement\":[{\"@type\":\"ListItem\",\"position\":1,\"name\":\"Accueil\",\"item\":\"https:\\\/\\\/shop.bantam.ch\\\/de\\\/\"},{\"@type\":\"ListItem\",\"position\":2,\"name\":\"Shop\",\"item\":\"https:\\\/\\\/shop.bantam.ch\\\/de\\\/shop\\\/\"},{\"@type\":\"ListItem\",\"position\":3,\"name\":\"Abwasser-Mobiltank II F\u00fcllmenge 22 Liter Farbe grau\"}]},{\"@type\":\"WebSite\",\"@id\":\"https:\\\/\\\/shop.bantam.ch\\\/de\\\/#website\",\"url\":\"https:\\\/\\\/shop.bantam.ch\\\/de\\\/\",\"name\":\"Bantam Camping AG\",\"description\":\"\",\"publisher\":{\"@id\":\"https:\\\/\\\/shop.bantam.ch\\\/de\\\/#organization\"},\"inLanguage\":\"de\"},{\"@type\":\"Organization\",\"@id\":\"https:\\\/\\\/shop.bantam.ch\\\/de\\\/#organization\",\"name\":\"Bantam Camping AG\",\"url\":\"https:\\\/\\\/shop.bantam.ch\\\/de\\\/\",\"logo\":{\"@type\":\"ImageObject\",\"inLanguage\":\"de\",\"@id\":\"https:\\\/\\\/shop.bantam.ch\\\/de\\\/#\\\/schema\\\/logo\\\/image\\\/\",\"url\":\"https:\\\/\\\/shop.bantam.ch\\\/wp-content\\\/uploads\\\/2022\\\/12\\\/bantam-logo.png\",\"contentUrl\":\"https:\\\/\\\/shop.bantam.ch\\\/wp-content\\\/uploads\\\/2022\\\/12\\\/bantam-logo.png\",\"width\":320,\"height\":71,\"caption\":\"Bantam Camping AG\"},\"image\":{\"@id\":\"https:\\\/\\\/shop.bantam.ch\\\/de\\\/#\\\/schema\\\/logo\\\/image\\\/\"}}]}<\/script>\n<!-- \/ Yoast SEO plugin. -->","yoast_head_json":{"title":"Abwasser-Mobiltank II F\u00fcllmenge 22 Liter Farbe grau - Bantam Camping AG","robots":{"index":"index","follow":"follow","max-snippet":"max-snippet:-1","max-image-preview":"max-image-preview:large","max-video-preview":"max-video-preview:-1"},"canonical":"https:\/\/shop.bantam.ch\/de\/produkt\/mobiltank-ii-fuer-abwasser\/","og_locale":"de_DE","og_type":"article","og_title":"Abwasser-Mobiltank II F\u00fcllmenge 22 Liter Farbe grau - Bantam Camping AG","og_description":"Der Abwassertank mit vielen M\u00f6glichkeiten, komplett ausgestattet mit einem Schiebegriff und besonders breiten Rollen f\u00fcr einen guten Transport auf weichem Untergrund, zus\u00e4tzlich mit einem Tragegriff ausgestattet. Dieser Tank ist besonders gut geeignet als Abwassertank f\u00fcr das Auffangen des Abwassers unter dem Wohnwagen. Durch integrierte Griffmulden ist eine besonders leichte Handhabung m\u00f6glich. Inhalt 22 l.\u00a0","og_url":"https:\/\/shop.bantam.ch\/de\/produkt\/mobiltank-ii-fuer-abwasser\/","og_site_name":"Bantam Camping AG","article_modified_time":"2026-04-19T19:19:37+00:00","og_image":[{"width":1000,"height":520,"url":"https:\/\/shop.bantam.ch\/wp-content\/uploads\/2023\/02\/993177511.jpg","type":"image\/jpeg"}],"twitter_card":"summary_large_image","schema":{"@context":"https:\/\/schema.org","@graph":[{"@type":"WebPage","@id":"https:\/\/shop.bantam.ch\/de\/produkt\/mobiltank-ii-fuer-abwasser\/","url":"https:\/\/shop.bantam.ch\/de\/produkt\/mobiltank-ii-fuer-abwasser\/","name":"Abwasser-Mobiltank II F\u00fcllmenge 22 Liter Farbe grau - Bantam Camping AG","isPartOf":{"@id":"https:\/\/shop.bantam.ch\/de\/#website"},"primaryImageOfPage":{"@id":"https:\/\/shop.bantam.ch\/de\/produkt\/mobiltank-ii-fuer-abwasser\/#primaryimage"},"image":{"@id":"https:\/\/shop.bantam.ch\/de\/produkt\/mobiltank-ii-fuer-abwasser\/#primaryimage"},"thumbnailUrl":"https:\/\/shop.bantam.ch\/wp-content\/uploads\/2023\/02\/993177511.jpg","datePublished":"2023-02-27T23:13:10+00:00","dateModified":"2026-04-19T19:19:37+00:00","breadcrumb":{"@id":"https:\/\/shop.bantam.ch\/de\/produkt\/mobiltank-ii-fuer-abwasser\/#breadcrumb"},"inLanguage":"de","potentialAction":[{"@type":"ReadAction","target":["https:\/\/shop.bantam.ch\/de\/produkt\/mobiltank-ii-fuer-abwasser\/"]}]},{"@type":"ImageObject","inLanguage":"de","@id":"https:\/\/shop.bantam.ch\/de\/produkt\/mobiltank-ii-fuer-abwasser\/#primaryimage","url":"https:\/\/shop.bantam.ch\/wp-content\/uploads\/2023\/02\/993177511.jpg","contentUrl":"https:\/\/shop.bantam.ch\/wp-content\/uploads\/2023\/02\/993177511.jpg","width":1000,"height":520},{"@type":"BreadcrumbList","@id":"https:\/\/shop.bantam.ch\/de\/produkt\/mobiltank-ii-fuer-abwasser\/#breadcrumb","itemListElement":[{"@type":"ListItem","position":1,"name":"Accueil","item":"https:\/\/shop.bantam.ch\/de\/"},{"@type":"ListItem","position":2,"name":"Shop","item":"https:\/\/shop.bantam.ch\/de\/shop\/"},{"@type":"ListItem","position":3,"name":"Abwasser-Mobiltank II F\u00fcllmenge 22 Liter Farbe grau"}]},{"@type":"WebSite","@id":"https:\/\/shop.bantam.ch\/de\/#website","url":"https:\/\/shop.bantam.ch\/de\/","name":"Bantam Camping AG","description":"","publisher":{"@id":"https:\/\/shop.bantam.ch\/de\/#organization"},"inLanguage":"de"},{"@type":"Organization","@id":"https:\/\/shop.bantam.ch\/de\/#organization","name":"Bantam Camping AG","url":"https:\/\/shop.bantam.ch\/de\/","logo":{"@type":"ImageObject","inLanguage":"de","@id":"https:\/\/shop.bantam.ch\/de\/#\/schema\/logo\/image\/","url":"https:\/\/shop.bantam.ch\/wp-content\/uploads\/2022\/12\/bantam-logo.png","contentUrl":"https:\/\/shop.bantam.ch\/wp-content\/uploads\/2022\/12\/bantam-logo.png","width":320,"height":71,"caption":"Bantam Camping AG"},"image":{"@id":"https:\/\/shop.bantam.ch\/de\/#\/schema\/logo\/image\/"}}]}},"_links":{"self":[{"href":"https:\/\/shop.bantam.ch\/de\/wp-json\/wp\/v2\/product\/75116","targetHints":{"allow":["GET"]}}],"collection":[{"href":"https:\/\/shop.bantam.ch\/de\/wp-json\/wp\/v2\/product"}],"about":[{"href":"https:\/\/shop.bantam.ch\/de\/wp-json\/wp\/v2\/types\/product"}],"wp:featuredmedia":[{"embeddable":true,"href":"https:\/\/shop.bantam.ch\/de\/wp-json\/wp\/v2\/media\/75114"}],"wp:attachment":[{"href":"https:\/\/shop.bantam.ch\/de\/wp-json\/wp\/v2\/media?parent=75116"}],"wp:term":[{"taxonomy":"product_featured_cat","embeddable":true,"href":"https:\/\/shop.bantam.ch\/de\/wp-json\/wp\/v2\/product_featured_cat?post=75116"},{"taxonomy":"product_brand","embeddable":true,"href":"https:\/\/shop.bantam.ch\/de\/wp-json\/wp\/v2\/product_brand?post=75116"},{"taxonomy":"product_cat","embeddable":true,"href":"https:\/\/shop.bantam.ch\/de\/wp-json\/wp\/v2\/product_cat?post=75116"},{"taxonomy":"product_tag","embeddable":true,"href":"https:\/\/shop.bantam.ch\/de\/wp-json\/wp\/v2\/product_tag?post=75116"}],"curies":[{"name":"wp","href":"https:\/\/api.w.org\/{rel}","templated":true}]}}