{"id":74926,"date":"2023-02-28T00:09:29","date_gmt":"2023-02-27T23:09:29","guid":{"rendered":"http:\/\/shop.bantam.ch\/produit\/schonbezug-isri-sitz-1000-518-7-1994-6-2006-velours-2-teilig\/"},"modified":"2026-04-20T22:19:05","modified_gmt":"2026-04-20T20:19:05","slug":"schonbezug-isri-sitz-1000-518-7-1994-6-2006-velours-2-teilig","status":"publish","type":"product","link":"https:\/\/shop.bantam.ch\/de\/produkt\/schonbezug-isri-sitz-1000-518-7-1994-6-2006-velours-2-teilig\/","title":{"rendered":"Schonbezug Isri Sitz 1000 \/ 518, 7\/1994 &#8211; 6\/2006 Velours, 2-teilig"},"content":{"rendered":"<p>Sitzbez\u00fcge sch\u00fctzen Ihre wertvollen Originalpolster gegen Verschmutzung und Abnutzung. Die sorgf\u00e4ltige Materialauswahl aus echtem 100 % Lammfell oder sehr schwerem 100 % Baumwoll-Velours erh\u00f6ht den Fahrkomfort und das Wohlbefinden auf langen Reisen. Die Bez\u00fcge sind problemlos in der Maschine zu reinigen. Eine schnelle Montage, neutrale Farbauswahl und ein fairer Preis zeichnen diese Sitzbez\u00fcge aus. Geeignet f\u00fcr Sitze mit aufgesetzter Kopfst\u00fctze, Hochlehnersitze und Sitze mit integriertem Gurtsystem.<\/p>\n<p>Erkennungsmerkmale:<\/p>\n<ul>\n<li>Verbaut in Fahrzeugen von Hymer, Hobby<\/li>\n<li>Lehnenh\u00f6he 76 cm<\/li>\n<\/ul>\n<p>Material: <br \/>100% Baumwolle<\/p>\n<p>Lieferumfang: <br \/>ohne Armlehnenbez\u00fcge<\/p>\n","protected":false},"excerpt":{"rendered":"<p>Sitzbez\u00fcge sch\u00fctzen Ihre wertvollen Originalpolster gegen Verschmutzung und Abnutzung. Die sorgf\u00e4ltige Materialauswahl aus echtem 100 % Lammfell oder sehr schwerem 100 % Baumwoll-Velours erh\u00f6ht den Fahrkomfort und das Wohlbefinden auf langen Reisen. Die Bez\u00fcge sind problemlos in der Maschine zu reinigen. Eine schnelle Montage, neutrale Farbauswahl und ein fairer Preis zeichnen diese Sitzbez\u00fcge aus. Geeignet [&hellip;]<\/p>\n","protected":false},"featured_media":74908,"template":"","meta":{"_acf_changed":false},"product_featured_cat":[],"product_brand":[3317],"product_cat":[4766],"product_tag":[],"class_list":{"0":"post-74926","1":"product","2":"type-product","3":"status-publish","4":"has-post-thumbnail","6":"product_brand-art-de","7":"product_cat-sitzbezuege","9":"first","10":"instock","11":"taxable","12":"shipping-taxable","13":"purchasable","14":"product-type-variable"},"acf":[],"yoast_head":"<!-- This site is optimized with the Yoast SEO plugin v27.4 - https:\/\/yoast.com\/product\/yoast-seo-wordpress\/ -->\n<title>Schonbezug Isri Sitz 1000 \/ 518, 7\/1994 - 6\/2006 Velours, 2-teilig - Bantam Camping AG<\/title>\n<meta name=\"robots\" content=\"index, follow, max-snippet:-1, max-image-preview:large, max-video-preview:-1\" \/>\n<link rel=\"canonical\" href=\"https:\/\/shop.bantam.ch\/de\/produkt\/schonbezug-isri-sitz-1000-518-7-1994-6-2006-velours-2-teilig\/\" \/>\n<meta property=\"og:locale\" content=\"de_DE\" \/>\n<meta property=\"og:type\" content=\"article\" \/>\n<meta property=\"og:title\" content=\"Schonbezug Isri Sitz 1000 \/ 518, 7\/1994 - 6\/2006 Velours, 2-teilig - Bantam Camping AG\" \/>\n<meta property=\"og:description\" content=\"Sitzbez\u00fcge sch\u00fctzen Ihre wertvollen Originalpolster gegen Verschmutzung und Abnutzung. Die sorgf\u00e4ltige Materialauswahl aus echtem 100 % Lammfell oder sehr schwerem 100 % Baumwoll-Velours erh\u00f6ht den Fahrkomfort und das Wohlbefinden auf langen Reisen. Die Bez\u00fcge sind problemlos in der Maschine zu reinigen. Eine schnelle Montage, neutrale Farbauswahl und ein fairer Preis zeichnen diese Sitzbez\u00fcge aus. Geeignet [&hellip;]\" \/>\n<meta property=\"og:url\" content=\"https:\/\/shop.bantam.ch\/de\/produkt\/schonbezug-isri-sitz-1000-518-7-1994-6-2006-velours-2-teilig\/\" \/>\n<meta property=\"og:site_name\" content=\"Bantam Camping AG\" \/>\n<meta property=\"article:modified_time\" content=\"2026-04-20T20:19:05+00:00\" \/>\n<meta property=\"og:image\" content=\"https:\/\/shop.bantam.ch\/wp-content\/uploads\/2023\/02\/994231111-16.jpg\" \/>\n\t<meta property=\"og:image:width\" content=\"690\" \/>\n\t<meta property=\"og:image:height\" content=\"1000\" \/>\n\t<meta property=\"og:image:type\" content=\"image\/jpeg\" \/>\n<meta name=\"twitter:card\" content=\"summary_large_image\" \/>\n<script type=\"application\/ld+json\" class=\"yoast-schema-graph\">{\"@context\":\"https:\\\/\\\/schema.org\",\"@graph\":[{\"@type\":\"WebPage\",\"@id\":\"https:\\\/\\\/shop.bantam.ch\\\/de\\\/produkt\\\/schonbezug-isri-sitz-1000-518-7-1994-6-2006-velours-2-teilig\\\/\",\"url\":\"https:\\\/\\\/shop.bantam.ch\\\/de\\\/produkt\\\/schonbezug-isri-sitz-1000-518-7-1994-6-2006-velours-2-teilig\\\/\",\"name\":\"Schonbezug Isri Sitz 1000 \\\/ 518, 7\\\/1994 - 6\\\/2006 Velours, 2-teilig - Bantam Camping AG\",\"isPartOf\":{\"@id\":\"https:\\\/\\\/shop.bantam.ch\\\/de\\\/#website\"},\"primaryImageOfPage\":{\"@id\":\"https:\\\/\\\/shop.bantam.ch\\\/de\\\/produkt\\\/schonbezug-isri-sitz-1000-518-7-1994-6-2006-velours-2-teilig\\\/#primaryimage\"},\"image\":{\"@id\":\"https:\\\/\\\/shop.bantam.ch\\\/de\\\/produkt\\\/schonbezug-isri-sitz-1000-518-7-1994-6-2006-velours-2-teilig\\\/#primaryimage\"},\"thumbnailUrl\":\"https:\\\/\\\/shop.bantam.ch\\\/wp-content\\\/uploads\\\/2023\\\/02\\\/994231111-16.jpg\",\"datePublished\":\"2023-02-27T23:09:29+00:00\",\"dateModified\":\"2026-04-20T20:19:05+00:00\",\"breadcrumb\":{\"@id\":\"https:\\\/\\\/shop.bantam.ch\\\/de\\\/produkt\\\/schonbezug-isri-sitz-1000-518-7-1994-6-2006-velours-2-teilig\\\/#breadcrumb\"},\"inLanguage\":\"de\",\"potentialAction\":[{\"@type\":\"ReadAction\",\"target\":[\"https:\\\/\\\/shop.bantam.ch\\\/de\\\/produkt\\\/schonbezug-isri-sitz-1000-518-7-1994-6-2006-velours-2-teilig\\\/\"]}]},{\"@type\":\"ImageObject\",\"inLanguage\":\"de\",\"@id\":\"https:\\\/\\\/shop.bantam.ch\\\/de\\\/produkt\\\/schonbezug-isri-sitz-1000-518-7-1994-6-2006-velours-2-teilig\\\/#primaryimage\",\"url\":\"https:\\\/\\\/shop.bantam.ch\\\/wp-content\\\/uploads\\\/2023\\\/02\\\/994231111-16.jpg\",\"contentUrl\":\"https:\\\/\\\/shop.bantam.ch\\\/wp-content\\\/uploads\\\/2023\\\/02\\\/994231111-16.jpg\",\"width\":690,\"height\":1000},{\"@type\":\"BreadcrumbList\",\"@id\":\"https:\\\/\\\/shop.bantam.ch\\\/de\\\/produkt\\\/schonbezug-isri-sitz-1000-518-7-1994-6-2006-velours-2-teilig\\\/#breadcrumb\",\"itemListElement\":[{\"@type\":\"ListItem\",\"position\":1,\"name\":\"Accueil\",\"item\":\"https:\\\/\\\/shop.bantam.ch\\\/de\\\/\"},{\"@type\":\"ListItem\",\"position\":2,\"name\":\"Shop\",\"item\":\"https:\\\/\\\/shop.bantam.ch\\\/de\\\/shop\\\/\"},{\"@type\":\"ListItem\",\"position\":3,\"name\":\"Schonbezug Isri Sitz 1000 \\\/ 518, 7\\\/1994 &#8211; 6\\\/2006 Velours, 2-teilig\"}]},{\"@type\":\"WebSite\",\"@id\":\"https:\\\/\\\/shop.bantam.ch\\\/de\\\/#website\",\"url\":\"https:\\\/\\\/shop.bantam.ch\\\/de\\\/\",\"name\":\"Bantam Camping AG\",\"description\":\"\",\"publisher\":{\"@id\":\"https:\\\/\\\/shop.bantam.ch\\\/de\\\/#organization\"},\"inLanguage\":\"de\"},{\"@type\":\"Organization\",\"@id\":\"https:\\\/\\\/shop.bantam.ch\\\/de\\\/#organization\",\"name\":\"Bantam Camping AG\",\"url\":\"https:\\\/\\\/shop.bantam.ch\\\/de\\\/\",\"logo\":{\"@type\":\"ImageObject\",\"inLanguage\":\"de\",\"@id\":\"https:\\\/\\\/shop.bantam.ch\\\/de\\\/#\\\/schema\\\/logo\\\/image\\\/\",\"url\":\"https:\\\/\\\/shop.bantam.ch\\\/wp-content\\\/uploads\\\/2022\\\/12\\\/bantam-logo.png\",\"contentUrl\":\"https:\\\/\\\/shop.bantam.ch\\\/wp-content\\\/uploads\\\/2022\\\/12\\\/bantam-logo.png\",\"width\":320,\"height\":71,\"caption\":\"Bantam Camping AG\"},\"image\":{\"@id\":\"https:\\\/\\\/shop.bantam.ch\\\/de\\\/#\\\/schema\\\/logo\\\/image\\\/\"}}]}<\/script>\n<!-- \/ Yoast SEO plugin. -->","yoast_head_json":{"title":"Schonbezug Isri Sitz 1000 \/ 518, 7\/1994 - 6\/2006 Velours, 2-teilig - Bantam Camping AG","robots":{"index":"index","follow":"follow","max-snippet":"max-snippet:-1","max-image-preview":"max-image-preview:large","max-video-preview":"max-video-preview:-1"},"canonical":"https:\/\/shop.bantam.ch\/de\/produkt\/schonbezug-isri-sitz-1000-518-7-1994-6-2006-velours-2-teilig\/","og_locale":"de_DE","og_type":"article","og_title":"Schonbezug Isri Sitz 1000 \/ 518, 7\/1994 - 6\/2006 Velours, 2-teilig - Bantam Camping AG","og_description":"Sitzbez\u00fcge sch\u00fctzen Ihre wertvollen Originalpolster gegen Verschmutzung und Abnutzung. Die sorgf\u00e4ltige Materialauswahl aus echtem 100 % Lammfell oder sehr schwerem 100 % Baumwoll-Velours erh\u00f6ht den Fahrkomfort und das Wohlbefinden auf langen Reisen. Die Bez\u00fcge sind problemlos in der Maschine zu reinigen. Eine schnelle Montage, neutrale Farbauswahl und ein fairer Preis zeichnen diese Sitzbez\u00fcge aus. Geeignet [&hellip;]","og_url":"https:\/\/shop.bantam.ch\/de\/produkt\/schonbezug-isri-sitz-1000-518-7-1994-6-2006-velours-2-teilig\/","og_site_name":"Bantam Camping AG","article_modified_time":"2026-04-20T20:19:05+00:00","og_image":[{"width":690,"height":1000,"url":"https:\/\/shop.bantam.ch\/wp-content\/uploads\/2023\/02\/994231111-16.jpg","type":"image\/jpeg"}],"twitter_card":"summary_large_image","schema":{"@context":"https:\/\/schema.org","@graph":[{"@type":"WebPage","@id":"https:\/\/shop.bantam.ch\/de\/produkt\/schonbezug-isri-sitz-1000-518-7-1994-6-2006-velours-2-teilig\/","url":"https:\/\/shop.bantam.ch\/de\/produkt\/schonbezug-isri-sitz-1000-518-7-1994-6-2006-velours-2-teilig\/","name":"Schonbezug Isri Sitz 1000 \/ 518, 7\/1994 - 6\/2006 Velours, 2-teilig - Bantam Camping AG","isPartOf":{"@id":"https:\/\/shop.bantam.ch\/de\/#website"},"primaryImageOfPage":{"@id":"https:\/\/shop.bantam.ch\/de\/produkt\/schonbezug-isri-sitz-1000-518-7-1994-6-2006-velours-2-teilig\/#primaryimage"},"image":{"@id":"https:\/\/shop.bantam.ch\/de\/produkt\/schonbezug-isri-sitz-1000-518-7-1994-6-2006-velours-2-teilig\/#primaryimage"},"thumbnailUrl":"https:\/\/shop.bantam.ch\/wp-content\/uploads\/2023\/02\/994231111-16.jpg","datePublished":"2023-02-27T23:09:29+00:00","dateModified":"2026-04-20T20:19:05+00:00","breadcrumb":{"@id":"https:\/\/shop.bantam.ch\/de\/produkt\/schonbezug-isri-sitz-1000-518-7-1994-6-2006-velours-2-teilig\/#breadcrumb"},"inLanguage":"de","potentialAction":[{"@type":"ReadAction","target":["https:\/\/shop.bantam.ch\/de\/produkt\/schonbezug-isri-sitz-1000-518-7-1994-6-2006-velours-2-teilig\/"]}]},{"@type":"ImageObject","inLanguage":"de","@id":"https:\/\/shop.bantam.ch\/de\/produkt\/schonbezug-isri-sitz-1000-518-7-1994-6-2006-velours-2-teilig\/#primaryimage","url":"https:\/\/shop.bantam.ch\/wp-content\/uploads\/2023\/02\/994231111-16.jpg","contentUrl":"https:\/\/shop.bantam.ch\/wp-content\/uploads\/2023\/02\/994231111-16.jpg","width":690,"height":1000},{"@type":"BreadcrumbList","@id":"https:\/\/shop.bantam.ch\/de\/produkt\/schonbezug-isri-sitz-1000-518-7-1994-6-2006-velours-2-teilig\/#breadcrumb","itemListElement":[{"@type":"ListItem","position":1,"name":"Accueil","item":"https:\/\/shop.bantam.ch\/de\/"},{"@type":"ListItem","position":2,"name":"Shop","item":"https:\/\/shop.bantam.ch\/de\/shop\/"},{"@type":"ListItem","position":3,"name":"Schonbezug Isri Sitz 1000 \/ 518, 7\/1994 &#8211; 6\/2006 Velours, 2-teilig"}]},{"@type":"WebSite","@id":"https:\/\/shop.bantam.ch\/de\/#website","url":"https:\/\/shop.bantam.ch\/de\/","name":"Bantam Camping AG","description":"","publisher":{"@id":"https:\/\/shop.bantam.ch\/de\/#organization"},"inLanguage":"de"},{"@type":"Organization","@id":"https:\/\/shop.bantam.ch\/de\/#organization","name":"Bantam Camping AG","url":"https:\/\/shop.bantam.ch\/de\/","logo":{"@type":"ImageObject","inLanguage":"de","@id":"https:\/\/shop.bantam.ch\/de\/#\/schema\/logo\/image\/","url":"https:\/\/shop.bantam.ch\/wp-content\/uploads\/2022\/12\/bantam-logo.png","contentUrl":"https:\/\/shop.bantam.ch\/wp-content\/uploads\/2022\/12\/bantam-logo.png","width":320,"height":71,"caption":"Bantam Camping AG"},"image":{"@id":"https:\/\/shop.bantam.ch\/de\/#\/schema\/logo\/image\/"}}]}},"_links":{"self":[{"href":"https:\/\/shop.bantam.ch\/de\/wp-json\/wp\/v2\/product\/74926","targetHints":{"allow":["GET"]}}],"collection":[{"href":"https:\/\/shop.bantam.ch\/de\/wp-json\/wp\/v2\/product"}],"about":[{"href":"https:\/\/shop.bantam.ch\/de\/wp-json\/wp\/v2\/types\/product"}],"wp:featuredmedia":[{"embeddable":true,"href":"https:\/\/shop.bantam.ch\/de\/wp-json\/wp\/v2\/media\/74908"}],"wp:attachment":[{"href":"https:\/\/shop.bantam.ch\/de\/wp-json\/wp\/v2\/media?parent=74926"}],"wp:term":[{"taxonomy":"product_featured_cat","embeddable":true,"href":"https:\/\/shop.bantam.ch\/de\/wp-json\/wp\/v2\/product_featured_cat?post=74926"},{"taxonomy":"product_brand","embeddable":true,"href":"https:\/\/shop.bantam.ch\/de\/wp-json\/wp\/v2\/product_brand?post=74926"},{"taxonomy":"product_cat","embeddable":true,"href":"https:\/\/shop.bantam.ch\/de\/wp-json\/wp\/v2\/product_cat?post=74926"},{"taxonomy":"product_tag","embeddable":true,"href":"https:\/\/shop.bantam.ch\/de\/wp-json\/wp\/v2\/product_tag?post=74926"}],"curies":[{"name":"wp","href":"https:\/\/api.w.org\/{rel}","templated":true}]}}