{"id":74472,"date":"2023-02-28T00:01:58","date_gmt":"2023-02-27T23:01:58","guid":{"rendered":"http:\/\/shop.bantam.ch\/produit\/warnblickanlage-flashlight\/"},"modified":"2026-04-17T21:18:00","modified_gmt":"2026-04-17T19:18:00","slug":"warnblickanlage-flashlight","status":"publish","type":"product","link":"https:\/\/shop.bantam.ch\/de\/produkt\/warnblickanlage-flashlight\/","title":{"rendered":"Warnblickanlage easydriver flashlight"},"content":{"rendered":"<p>Mit unserer neu entwickelten Warnblinkanlage easydriver flashlight geht Ihrem Caravan ein Licht auf: Denn beim Rangieren bei Dunkelheit, z. B. auf der Stra\u00dfe vor der Garagen oder Hauseinfahrt, ist ein unbeleuchteter Wohnwagen nur schlecht zu erkennen. Easydriver flashlight macht durch helles Warnblinklicht und Umrissleuchten Ihren Caravan f\u00fcr andere Verkehrsteilnehmer gut sichtbar. Einfach sicherer Man\u00f6vrieren mit easydriver flashlight. Jetzt nachr\u00fcsten!<\/p>\n<ul>\n<li>Sicherer rangieren durch gute Sichtbarkeit in der Dunkelheit<\/li>\n<li>Warnblinklicht und Umrissbeleuchtung wahlweise einzeln oder kombiniert einschalten<\/li>\n<li>Stromversorgung \u00fcber bestehende Lichtanlage oder eine externe Energiequelle (Rangierhilfe-Batterie)<\/li>\n<li>Einfach nachzur\u00fcsten<\/li>\n<li>Auch f\u00fcr Rangierantriebe mit Sicherheitssteckdose verwendbar<\/li>\n<\/ul>\n<p>Lieferumfang:<br \/>easydriver flashlight Elektronikbox mit:<br \/>2 Schaltern<br \/>Kabelbaum<br \/>13-polige Steckdose<br \/>Befestigungsmaterial<br \/>Bedienungsanleitung<\/p>\n<p>\u00a0<\/p>\n","protected":false},"excerpt":{"rendered":"<p>Mit unserer neu entwickelten Warnblinkanlage easydriver flashlight geht Ihrem Caravan ein Licht auf: Denn beim Rangieren bei Dunkelheit, z. B. auf der Stra\u00dfe vor der Garagen oder Hauseinfahrt, ist ein unbeleuchteter Wohnwagen nur schlecht zu erkennen. Easydriver flashlight macht durch helles Warnblinklicht und Umrissleuchten Ihren Caravan f\u00fcr andere Verkehrsteilnehmer gut sichtbar. Einfach sicherer Man\u00f6vrieren mit [&hellip;]<\/p>\n","protected":false},"featured_media":74468,"template":"","meta":{"_acf_changed":false},"product_featured_cat":[],"product_brand":[3133],"product_cat":[5104],"product_tag":[],"class_list":{"0":"post-74472","1":"product","2":"type-product","3":"status-publish","4":"has-post-thumbnail","6":"product_brand-easydriver-de","7":"product_cat-elektrik-fuer-anhaenger","9":"first","10":"instock","11":"taxable","12":"shipping-taxable","13":"purchasable","14":"product-type-simple"},"acf":[],"yoast_head":"<!-- This site is optimized with the Yoast SEO plugin v27.4 - https:\/\/yoast.com\/product\/yoast-seo-wordpress\/ -->\n<title>Warnblickanlage easydriver flashlight - Bantam Camping AG<\/title>\n<meta name=\"robots\" content=\"index, follow, max-snippet:-1, max-image-preview:large, max-video-preview:-1\" \/>\n<link rel=\"canonical\" href=\"https:\/\/shop.bantam.ch\/de\/produkt\/warnblickanlage-flashlight\/\" \/>\n<meta property=\"og:locale\" content=\"de_DE\" \/>\n<meta property=\"og:type\" content=\"article\" \/>\n<meta property=\"og:title\" content=\"Warnblickanlage easydriver flashlight - Bantam Camping AG\" \/>\n<meta property=\"og:description\" content=\"Mit unserer neu entwickelten Warnblinkanlage easydriver flashlight geht Ihrem Caravan ein Licht auf: Denn beim Rangieren bei Dunkelheit, z. B. auf der Stra\u00dfe vor der Garagen oder Hauseinfahrt, ist ein unbeleuchteter Wohnwagen nur schlecht zu erkennen. Easydriver flashlight macht durch helles Warnblinklicht und Umrissleuchten Ihren Caravan f\u00fcr andere Verkehrsteilnehmer gut sichtbar. Einfach sicherer Man\u00f6vrieren mit [&hellip;]\" \/>\n<meta property=\"og:url\" content=\"https:\/\/shop.bantam.ch\/de\/produkt\/warnblickanlage-flashlight\/\" \/>\n<meta property=\"og:site_name\" content=\"Bantam Camping AG\" \/>\n<meta property=\"article:modified_time\" content=\"2026-04-17T19:18:00+00:00\" \/>\n<meta property=\"og:image\" content=\"https:\/\/shop.bantam.ch\/wp-content\/uploads\/2023\/02\/995382611.jpg\" \/>\n\t<meta property=\"og:image:width\" content=\"1000\" \/>\n\t<meta property=\"og:image:height\" content=\"657\" \/>\n\t<meta property=\"og:image:type\" content=\"image\/jpeg\" \/>\n<meta name=\"twitter:card\" content=\"summary_large_image\" \/>\n<meta name=\"twitter:label1\" content=\"Gesch\u00e4tzte Lesezeit\" \/>\n\t<meta name=\"twitter:data1\" content=\"1\u00a0Minute\" \/>\n<script type=\"application\/ld+json\" class=\"yoast-schema-graph\">{\"@context\":\"https:\\\/\\\/schema.org\",\"@graph\":[{\"@type\":\"WebPage\",\"@id\":\"https:\\\/\\\/shop.bantam.ch\\\/de\\\/produkt\\\/warnblickanlage-flashlight\\\/\",\"url\":\"https:\\\/\\\/shop.bantam.ch\\\/de\\\/produkt\\\/warnblickanlage-flashlight\\\/\",\"name\":\"Warnblickanlage easydriver flashlight - Bantam Camping AG\",\"isPartOf\":{\"@id\":\"https:\\\/\\\/shop.bantam.ch\\\/de\\\/#website\"},\"primaryImageOfPage\":{\"@id\":\"https:\\\/\\\/shop.bantam.ch\\\/de\\\/produkt\\\/warnblickanlage-flashlight\\\/#primaryimage\"},\"image\":{\"@id\":\"https:\\\/\\\/shop.bantam.ch\\\/de\\\/produkt\\\/warnblickanlage-flashlight\\\/#primaryimage\"},\"thumbnailUrl\":\"https:\\\/\\\/shop.bantam.ch\\\/wp-content\\\/uploads\\\/2023\\\/02\\\/995382611.jpg\",\"datePublished\":\"2023-02-27T23:01:58+00:00\",\"dateModified\":\"2026-04-17T19:18:00+00:00\",\"breadcrumb\":{\"@id\":\"https:\\\/\\\/shop.bantam.ch\\\/de\\\/produkt\\\/warnblickanlage-flashlight\\\/#breadcrumb\"},\"inLanguage\":\"de\",\"potentialAction\":[{\"@type\":\"ReadAction\",\"target\":[\"https:\\\/\\\/shop.bantam.ch\\\/de\\\/produkt\\\/warnblickanlage-flashlight\\\/\"]}]},{\"@type\":\"ImageObject\",\"inLanguage\":\"de\",\"@id\":\"https:\\\/\\\/shop.bantam.ch\\\/de\\\/produkt\\\/warnblickanlage-flashlight\\\/#primaryimage\",\"url\":\"https:\\\/\\\/shop.bantam.ch\\\/wp-content\\\/uploads\\\/2023\\\/02\\\/995382611.jpg\",\"contentUrl\":\"https:\\\/\\\/shop.bantam.ch\\\/wp-content\\\/uploads\\\/2023\\\/02\\\/995382611.jpg\",\"width\":1000,\"height\":657},{\"@type\":\"BreadcrumbList\",\"@id\":\"https:\\\/\\\/shop.bantam.ch\\\/de\\\/produkt\\\/warnblickanlage-flashlight\\\/#breadcrumb\",\"itemListElement\":[{\"@type\":\"ListItem\",\"position\":1,\"name\":\"Accueil\",\"item\":\"https:\\\/\\\/shop.bantam.ch\\\/de\\\/\"},{\"@type\":\"ListItem\",\"position\":2,\"name\":\"Shop\",\"item\":\"https:\\\/\\\/shop.bantam.ch\\\/de\\\/shop\\\/\"},{\"@type\":\"ListItem\",\"position\":3,\"name\":\"Warnblickanlage easydriver flashlight\"}]},{\"@type\":\"WebSite\",\"@id\":\"https:\\\/\\\/shop.bantam.ch\\\/de\\\/#website\",\"url\":\"https:\\\/\\\/shop.bantam.ch\\\/de\\\/\",\"name\":\"Bantam Camping AG\",\"description\":\"\",\"publisher\":{\"@id\":\"https:\\\/\\\/shop.bantam.ch\\\/de\\\/#organization\"},\"inLanguage\":\"de\"},{\"@type\":\"Organization\",\"@id\":\"https:\\\/\\\/shop.bantam.ch\\\/de\\\/#organization\",\"name\":\"Bantam Camping AG\",\"url\":\"https:\\\/\\\/shop.bantam.ch\\\/de\\\/\",\"logo\":{\"@type\":\"ImageObject\",\"inLanguage\":\"de\",\"@id\":\"https:\\\/\\\/shop.bantam.ch\\\/de\\\/#\\\/schema\\\/logo\\\/image\\\/\",\"url\":\"https:\\\/\\\/shop.bantam.ch\\\/wp-content\\\/uploads\\\/2022\\\/12\\\/bantam-logo.png\",\"contentUrl\":\"https:\\\/\\\/shop.bantam.ch\\\/wp-content\\\/uploads\\\/2022\\\/12\\\/bantam-logo.png\",\"width\":320,\"height\":71,\"caption\":\"Bantam Camping AG\"},\"image\":{\"@id\":\"https:\\\/\\\/shop.bantam.ch\\\/de\\\/#\\\/schema\\\/logo\\\/image\\\/\"}}]}<\/script>\n<!-- \/ Yoast SEO plugin. -->","yoast_head_json":{"title":"Warnblickanlage easydriver flashlight - Bantam Camping AG","robots":{"index":"index","follow":"follow","max-snippet":"max-snippet:-1","max-image-preview":"max-image-preview:large","max-video-preview":"max-video-preview:-1"},"canonical":"https:\/\/shop.bantam.ch\/de\/produkt\/warnblickanlage-flashlight\/","og_locale":"de_DE","og_type":"article","og_title":"Warnblickanlage easydriver flashlight - Bantam Camping AG","og_description":"Mit unserer neu entwickelten Warnblinkanlage easydriver flashlight geht Ihrem Caravan ein Licht auf: Denn beim Rangieren bei Dunkelheit, z. B. auf der Stra\u00dfe vor der Garagen oder Hauseinfahrt, ist ein unbeleuchteter Wohnwagen nur schlecht zu erkennen. Easydriver flashlight macht durch helles Warnblinklicht und Umrissleuchten Ihren Caravan f\u00fcr andere Verkehrsteilnehmer gut sichtbar. Einfach sicherer Man\u00f6vrieren mit [&hellip;]","og_url":"https:\/\/shop.bantam.ch\/de\/produkt\/warnblickanlage-flashlight\/","og_site_name":"Bantam Camping AG","article_modified_time":"2026-04-17T19:18:00+00:00","og_image":[{"width":1000,"height":657,"url":"https:\/\/shop.bantam.ch\/wp-content\/uploads\/2023\/02\/995382611.jpg","type":"image\/jpeg"}],"twitter_card":"summary_large_image","twitter_misc":{"Gesch\u00e4tzte Lesezeit":"1\u00a0Minute"},"schema":{"@context":"https:\/\/schema.org","@graph":[{"@type":"WebPage","@id":"https:\/\/shop.bantam.ch\/de\/produkt\/warnblickanlage-flashlight\/","url":"https:\/\/shop.bantam.ch\/de\/produkt\/warnblickanlage-flashlight\/","name":"Warnblickanlage easydriver flashlight - Bantam Camping AG","isPartOf":{"@id":"https:\/\/shop.bantam.ch\/de\/#website"},"primaryImageOfPage":{"@id":"https:\/\/shop.bantam.ch\/de\/produkt\/warnblickanlage-flashlight\/#primaryimage"},"image":{"@id":"https:\/\/shop.bantam.ch\/de\/produkt\/warnblickanlage-flashlight\/#primaryimage"},"thumbnailUrl":"https:\/\/shop.bantam.ch\/wp-content\/uploads\/2023\/02\/995382611.jpg","datePublished":"2023-02-27T23:01:58+00:00","dateModified":"2026-04-17T19:18:00+00:00","breadcrumb":{"@id":"https:\/\/shop.bantam.ch\/de\/produkt\/warnblickanlage-flashlight\/#breadcrumb"},"inLanguage":"de","potentialAction":[{"@type":"ReadAction","target":["https:\/\/shop.bantam.ch\/de\/produkt\/warnblickanlage-flashlight\/"]}]},{"@type":"ImageObject","inLanguage":"de","@id":"https:\/\/shop.bantam.ch\/de\/produkt\/warnblickanlage-flashlight\/#primaryimage","url":"https:\/\/shop.bantam.ch\/wp-content\/uploads\/2023\/02\/995382611.jpg","contentUrl":"https:\/\/shop.bantam.ch\/wp-content\/uploads\/2023\/02\/995382611.jpg","width":1000,"height":657},{"@type":"BreadcrumbList","@id":"https:\/\/shop.bantam.ch\/de\/produkt\/warnblickanlage-flashlight\/#breadcrumb","itemListElement":[{"@type":"ListItem","position":1,"name":"Accueil","item":"https:\/\/shop.bantam.ch\/de\/"},{"@type":"ListItem","position":2,"name":"Shop","item":"https:\/\/shop.bantam.ch\/de\/shop\/"},{"@type":"ListItem","position":3,"name":"Warnblickanlage easydriver flashlight"}]},{"@type":"WebSite","@id":"https:\/\/shop.bantam.ch\/de\/#website","url":"https:\/\/shop.bantam.ch\/de\/","name":"Bantam Camping AG","description":"","publisher":{"@id":"https:\/\/shop.bantam.ch\/de\/#organization"},"inLanguage":"de"},{"@type":"Organization","@id":"https:\/\/shop.bantam.ch\/de\/#organization","name":"Bantam Camping AG","url":"https:\/\/shop.bantam.ch\/de\/","logo":{"@type":"ImageObject","inLanguage":"de","@id":"https:\/\/shop.bantam.ch\/de\/#\/schema\/logo\/image\/","url":"https:\/\/shop.bantam.ch\/wp-content\/uploads\/2022\/12\/bantam-logo.png","contentUrl":"https:\/\/shop.bantam.ch\/wp-content\/uploads\/2022\/12\/bantam-logo.png","width":320,"height":71,"caption":"Bantam Camping AG"},"image":{"@id":"https:\/\/shop.bantam.ch\/de\/#\/schema\/logo\/image\/"}}]}},"_links":{"self":[{"href":"https:\/\/shop.bantam.ch\/de\/wp-json\/wp\/v2\/product\/74472","targetHints":{"allow":["GET"]}}],"collection":[{"href":"https:\/\/shop.bantam.ch\/de\/wp-json\/wp\/v2\/product"}],"about":[{"href":"https:\/\/shop.bantam.ch\/de\/wp-json\/wp\/v2\/types\/product"}],"wp:featuredmedia":[{"embeddable":true,"href":"https:\/\/shop.bantam.ch\/de\/wp-json\/wp\/v2\/media\/74468"}],"wp:attachment":[{"href":"https:\/\/shop.bantam.ch\/de\/wp-json\/wp\/v2\/media?parent=74472"}],"wp:term":[{"taxonomy":"product_featured_cat","embeddable":true,"href":"https:\/\/shop.bantam.ch\/de\/wp-json\/wp\/v2\/product_featured_cat?post=74472"},{"taxonomy":"product_brand","embeddable":true,"href":"https:\/\/shop.bantam.ch\/de\/wp-json\/wp\/v2\/product_brand?post=74472"},{"taxonomy":"product_cat","embeddable":true,"href":"https:\/\/shop.bantam.ch\/de\/wp-json\/wp\/v2\/product_cat?post=74472"},{"taxonomy":"product_tag","embeddable":true,"href":"https:\/\/shop.bantam.ch\/de\/wp-json\/wp\/v2\/product_tag?post=74472"}],"curies":[{"name":"wp","href":"https:\/\/api.w.org\/{rel}","templated":true}]}}