{"id":74462,"date":"2023-02-28T00:01:30","date_gmt":"2023-02-27T23:01:30","guid":{"rendered":"http:\/\/shop.bantam.ch\/produit\/rangiersystem-active\/"},"modified":"2026-04-17T22:15:25","modified_gmt":"2026-04-17T20:15:25","slug":"rangiersystem-active","status":"publish","type":"product","link":"https:\/\/shop.bantam.ch\/de\/produkt\/rangiersystem-active\/","title":{"rendered":"Rangiersystem active"},"content":{"rendered":"<p>Rangiersystem Easydriver active<\/p>\n<ul>\n<li>Kraftvoller Antrieb f\u00fcr jeden Einsatz<\/li>\n<li>Pr\u00e4mierte intuitiv-einfache easydriver-Bedienung (auch wenn es mal schwer oder steil wird)<\/li>\n<li>Mit app-controller auch per Smartphone steuerbar (Apple iOS und Android)<\/li>\n<li>Einfach leicht, smart und kompakt<\/li>\n<li>Mit MPP geringstes Systemgewicht (in Verbindung mit dem Li-Ion-System Mobility Power-Pack bis zu 27 kg Gewichtseinsparung)<\/li>\n<li>Kleinste Wendekreise<\/li>\n<li>Einfach auf Knopfdruck elektrisch anschwenken (mit dem easydriver pro)<\/li>\n<li>Einzigartiger Anschwenkmechanismus f\u00fcr die beste Kraft\u00fcbertragung<\/li>\n<li>Gr\u00f6\u00dfter Anschwenkweg f\u00fcr maximale Flexibilit\u00e4t beim Anbau<\/li>\n<li>Eine Funk-Fernbedienung f\u00fcr alle Funktionen mit R\u00fcckmeldung des Ger\u00e4testatus<\/li>\n<li>Beste Traktion f\u00fcr Sicherheit bei Steigungen, nassem Gras, Schlamm und unwegsamem Gel\u00e4nde<\/li>\n<li>Sanftes Anfahren und Anhalten durch Softstart und Softstopp<\/li>\n<\/ul>\n","protected":false},"excerpt":{"rendered":"<p>Rangiersystem Easydriver active Kraftvoller Antrieb f\u00fcr jeden Einsatz Pr\u00e4mierte intuitiv-einfache easydriver-Bedienung (auch wenn es mal schwer oder steil wird) Mit app-controller auch per Smartphone steuerbar (Apple iOS und Android) Einfach leicht, smart und kompakt Mit MPP geringstes Systemgewicht (in Verbindung mit dem Li-Ion-System Mobility Power-Pack bis zu 27 kg Gewichtseinsparung) Kleinste Wendekreise Einfach auf Knopfdruck [&hellip;]<\/p>\n","protected":false},"featured_media":74442,"template":"","meta":{"_acf_changed":false},"product_featured_cat":[],"product_brand":[3133],"product_cat":[4822],"product_tag":[],"class_list":{"0":"post-74462","1":"product","2":"type-product","3":"status-publish","4":"has-post-thumbnail","6":"product_brand-easydriver-de","7":"product_cat-rangierhilfen","9":"first","10":"instock","11":"taxable","12":"shipping-taxable","13":"purchasable","14":"product-type-variable"},"acf":[],"yoast_head":"<!-- This site is optimized with the Yoast SEO plugin v27.4 - https:\/\/yoast.com\/product\/yoast-seo-wordpress\/ -->\n<title>Rangiersystem active - Bantam Camping AG<\/title>\n<meta name=\"robots\" content=\"index, follow, max-snippet:-1, max-image-preview:large, max-video-preview:-1\" \/>\n<link rel=\"canonical\" href=\"https:\/\/shop.bantam.ch\/de\/produkt\/rangiersystem-active\/\" \/>\n<meta property=\"og:locale\" content=\"de_DE\" \/>\n<meta property=\"og:type\" content=\"article\" \/>\n<meta property=\"og:title\" content=\"Rangiersystem active - Bantam Camping AG\" \/>\n<meta property=\"og:description\" content=\"Rangiersystem Easydriver active Kraftvoller Antrieb f\u00fcr jeden Einsatz Pr\u00e4mierte intuitiv-einfache easydriver-Bedienung (auch wenn es mal schwer oder steil wird) Mit app-controller auch per Smartphone steuerbar (Apple iOS und Android) Einfach leicht, smart und kompakt Mit MPP geringstes Systemgewicht (in Verbindung mit dem Li-Ion-System Mobility Power-Pack bis zu 27 kg Gewichtseinsparung) Kleinste Wendekreise Einfach auf Knopfdruck [&hellip;]\" \/>\n<meta property=\"og:url\" content=\"https:\/\/shop.bantam.ch\/de\/produkt\/rangiersystem-active\/\" \/>\n<meta property=\"og:site_name\" content=\"Bantam Camping AG\" \/>\n<meta property=\"article:modified_time\" content=\"2026-04-17T20:15:25+00:00\" \/>\n<meta property=\"og:image\" content=\"https:\/\/shop.bantam.ch\/wp-content\/uploads\/2023\/02\/995382311.jpg\" \/>\n\t<meta property=\"og:image:width\" content=\"1000\" \/>\n\t<meta property=\"og:image:height\" content=\"689\" \/>\n\t<meta property=\"og:image:type\" content=\"image\/jpeg\" \/>\n<meta name=\"twitter:card\" content=\"summary_large_image\" \/>\n<meta name=\"twitter:label1\" content=\"Gesch\u00e4tzte Lesezeit\" \/>\n\t<meta name=\"twitter:data1\" content=\"1\u00a0Minute\" \/>\n<script type=\"application\/ld+json\" class=\"yoast-schema-graph\">{\"@context\":\"https:\\\/\\\/schema.org\",\"@graph\":[{\"@type\":\"WebPage\",\"@id\":\"https:\\\/\\\/shop.bantam.ch\\\/de\\\/produkt\\\/rangiersystem-active\\\/\",\"url\":\"https:\\\/\\\/shop.bantam.ch\\\/de\\\/produkt\\\/rangiersystem-active\\\/\",\"name\":\"Rangiersystem active - Bantam Camping AG\",\"isPartOf\":{\"@id\":\"https:\\\/\\\/shop.bantam.ch\\\/de\\\/#website\"},\"primaryImageOfPage\":{\"@id\":\"https:\\\/\\\/shop.bantam.ch\\\/de\\\/produkt\\\/rangiersystem-active\\\/#primaryimage\"},\"image\":{\"@id\":\"https:\\\/\\\/shop.bantam.ch\\\/de\\\/produkt\\\/rangiersystem-active\\\/#primaryimage\"},\"thumbnailUrl\":\"https:\\\/\\\/shop.bantam.ch\\\/wp-content\\\/uploads\\\/2023\\\/02\\\/995382311.jpg\",\"datePublished\":\"2023-02-27T23:01:30+00:00\",\"dateModified\":\"2026-04-17T20:15:25+00:00\",\"breadcrumb\":{\"@id\":\"https:\\\/\\\/shop.bantam.ch\\\/de\\\/produkt\\\/rangiersystem-active\\\/#breadcrumb\"},\"inLanguage\":\"de\",\"potentialAction\":[{\"@type\":\"ReadAction\",\"target\":[\"https:\\\/\\\/shop.bantam.ch\\\/de\\\/produkt\\\/rangiersystem-active\\\/\"]}]},{\"@type\":\"ImageObject\",\"inLanguage\":\"de\",\"@id\":\"https:\\\/\\\/shop.bantam.ch\\\/de\\\/produkt\\\/rangiersystem-active\\\/#primaryimage\",\"url\":\"https:\\\/\\\/shop.bantam.ch\\\/wp-content\\\/uploads\\\/2023\\\/02\\\/995382311.jpg\",\"contentUrl\":\"https:\\\/\\\/shop.bantam.ch\\\/wp-content\\\/uploads\\\/2023\\\/02\\\/995382311.jpg\",\"width\":1000,\"height\":689},{\"@type\":\"BreadcrumbList\",\"@id\":\"https:\\\/\\\/shop.bantam.ch\\\/de\\\/produkt\\\/rangiersystem-active\\\/#breadcrumb\",\"itemListElement\":[{\"@type\":\"ListItem\",\"position\":1,\"name\":\"Accueil\",\"item\":\"https:\\\/\\\/shop.bantam.ch\\\/de\\\/\"},{\"@type\":\"ListItem\",\"position\":2,\"name\":\"Shop\",\"item\":\"https:\\\/\\\/shop.bantam.ch\\\/de\\\/shop\\\/\"},{\"@type\":\"ListItem\",\"position\":3,\"name\":\"Rangiersystem active\"}]},{\"@type\":\"WebSite\",\"@id\":\"https:\\\/\\\/shop.bantam.ch\\\/de\\\/#website\",\"url\":\"https:\\\/\\\/shop.bantam.ch\\\/de\\\/\",\"name\":\"Bantam Camping AG\",\"description\":\"\",\"publisher\":{\"@id\":\"https:\\\/\\\/shop.bantam.ch\\\/de\\\/#organization\"},\"inLanguage\":\"de\"},{\"@type\":\"Organization\",\"@id\":\"https:\\\/\\\/shop.bantam.ch\\\/de\\\/#organization\",\"name\":\"Bantam Camping AG\",\"url\":\"https:\\\/\\\/shop.bantam.ch\\\/de\\\/\",\"logo\":{\"@type\":\"ImageObject\",\"inLanguage\":\"de\",\"@id\":\"https:\\\/\\\/shop.bantam.ch\\\/de\\\/#\\\/schema\\\/logo\\\/image\\\/\",\"url\":\"https:\\\/\\\/shop.bantam.ch\\\/wp-content\\\/uploads\\\/2022\\\/12\\\/bantam-logo.png\",\"contentUrl\":\"https:\\\/\\\/shop.bantam.ch\\\/wp-content\\\/uploads\\\/2022\\\/12\\\/bantam-logo.png\",\"width\":320,\"height\":71,\"caption\":\"Bantam Camping AG\"},\"image\":{\"@id\":\"https:\\\/\\\/shop.bantam.ch\\\/de\\\/#\\\/schema\\\/logo\\\/image\\\/\"}}]}<\/script>\n<!-- \/ Yoast SEO plugin. -->","yoast_head_json":{"title":"Rangiersystem active - Bantam Camping AG","robots":{"index":"index","follow":"follow","max-snippet":"max-snippet:-1","max-image-preview":"max-image-preview:large","max-video-preview":"max-video-preview:-1"},"canonical":"https:\/\/shop.bantam.ch\/de\/produkt\/rangiersystem-active\/","og_locale":"de_DE","og_type":"article","og_title":"Rangiersystem active - Bantam Camping AG","og_description":"Rangiersystem Easydriver active Kraftvoller Antrieb f\u00fcr jeden Einsatz Pr\u00e4mierte intuitiv-einfache easydriver-Bedienung (auch wenn es mal schwer oder steil wird) Mit app-controller auch per Smartphone steuerbar (Apple iOS und Android) Einfach leicht, smart und kompakt Mit MPP geringstes Systemgewicht (in Verbindung mit dem Li-Ion-System Mobility Power-Pack bis zu 27 kg Gewichtseinsparung) Kleinste Wendekreise Einfach auf Knopfdruck [&hellip;]","og_url":"https:\/\/shop.bantam.ch\/de\/produkt\/rangiersystem-active\/","og_site_name":"Bantam Camping AG","article_modified_time":"2026-04-17T20:15:25+00:00","og_image":[{"width":1000,"height":689,"url":"https:\/\/shop.bantam.ch\/wp-content\/uploads\/2023\/02\/995382311.jpg","type":"image\/jpeg"}],"twitter_card":"summary_large_image","twitter_misc":{"Gesch\u00e4tzte Lesezeit":"1\u00a0Minute"},"schema":{"@context":"https:\/\/schema.org","@graph":[{"@type":"WebPage","@id":"https:\/\/shop.bantam.ch\/de\/produkt\/rangiersystem-active\/","url":"https:\/\/shop.bantam.ch\/de\/produkt\/rangiersystem-active\/","name":"Rangiersystem active - Bantam Camping AG","isPartOf":{"@id":"https:\/\/shop.bantam.ch\/de\/#website"},"primaryImageOfPage":{"@id":"https:\/\/shop.bantam.ch\/de\/produkt\/rangiersystem-active\/#primaryimage"},"image":{"@id":"https:\/\/shop.bantam.ch\/de\/produkt\/rangiersystem-active\/#primaryimage"},"thumbnailUrl":"https:\/\/shop.bantam.ch\/wp-content\/uploads\/2023\/02\/995382311.jpg","datePublished":"2023-02-27T23:01:30+00:00","dateModified":"2026-04-17T20:15:25+00:00","breadcrumb":{"@id":"https:\/\/shop.bantam.ch\/de\/produkt\/rangiersystem-active\/#breadcrumb"},"inLanguage":"de","potentialAction":[{"@type":"ReadAction","target":["https:\/\/shop.bantam.ch\/de\/produkt\/rangiersystem-active\/"]}]},{"@type":"ImageObject","inLanguage":"de","@id":"https:\/\/shop.bantam.ch\/de\/produkt\/rangiersystem-active\/#primaryimage","url":"https:\/\/shop.bantam.ch\/wp-content\/uploads\/2023\/02\/995382311.jpg","contentUrl":"https:\/\/shop.bantam.ch\/wp-content\/uploads\/2023\/02\/995382311.jpg","width":1000,"height":689},{"@type":"BreadcrumbList","@id":"https:\/\/shop.bantam.ch\/de\/produkt\/rangiersystem-active\/#breadcrumb","itemListElement":[{"@type":"ListItem","position":1,"name":"Accueil","item":"https:\/\/shop.bantam.ch\/de\/"},{"@type":"ListItem","position":2,"name":"Shop","item":"https:\/\/shop.bantam.ch\/de\/shop\/"},{"@type":"ListItem","position":3,"name":"Rangiersystem active"}]},{"@type":"WebSite","@id":"https:\/\/shop.bantam.ch\/de\/#website","url":"https:\/\/shop.bantam.ch\/de\/","name":"Bantam Camping AG","description":"","publisher":{"@id":"https:\/\/shop.bantam.ch\/de\/#organization"},"inLanguage":"de"},{"@type":"Organization","@id":"https:\/\/shop.bantam.ch\/de\/#organization","name":"Bantam Camping AG","url":"https:\/\/shop.bantam.ch\/de\/","logo":{"@type":"ImageObject","inLanguage":"de","@id":"https:\/\/shop.bantam.ch\/de\/#\/schema\/logo\/image\/","url":"https:\/\/shop.bantam.ch\/wp-content\/uploads\/2022\/12\/bantam-logo.png","contentUrl":"https:\/\/shop.bantam.ch\/wp-content\/uploads\/2022\/12\/bantam-logo.png","width":320,"height":71,"caption":"Bantam Camping AG"},"image":{"@id":"https:\/\/shop.bantam.ch\/de\/#\/schema\/logo\/image\/"}}]}},"_links":{"self":[{"href":"https:\/\/shop.bantam.ch\/de\/wp-json\/wp\/v2\/product\/74462","targetHints":{"allow":["GET"]}}],"collection":[{"href":"https:\/\/shop.bantam.ch\/de\/wp-json\/wp\/v2\/product"}],"about":[{"href":"https:\/\/shop.bantam.ch\/de\/wp-json\/wp\/v2\/types\/product"}],"wp:featuredmedia":[{"embeddable":true,"href":"https:\/\/shop.bantam.ch\/de\/wp-json\/wp\/v2\/media\/74442"}],"wp:attachment":[{"href":"https:\/\/shop.bantam.ch\/de\/wp-json\/wp\/v2\/media?parent=74462"}],"wp:term":[{"taxonomy":"product_featured_cat","embeddable":true,"href":"https:\/\/shop.bantam.ch\/de\/wp-json\/wp\/v2\/product_featured_cat?post=74462"},{"taxonomy":"product_brand","embeddable":true,"href":"https:\/\/shop.bantam.ch\/de\/wp-json\/wp\/v2\/product_brand?post=74462"},{"taxonomy":"product_cat","embeddable":true,"href":"https:\/\/shop.bantam.ch\/de\/wp-json\/wp\/v2\/product_cat?post=74462"},{"taxonomy":"product_tag","embeddable":true,"href":"https:\/\/shop.bantam.ch\/de\/wp-json\/wp\/v2\/product_tag?post=74462"}],"curies":[{"name":"wp","href":"https:\/\/api.w.org\/{rel}","templated":true}]}}