{"id":74360,"date":"2023-02-27T23:59:36","date_gmt":"2023-02-27T22:59:36","guid":{"rendered":"http:\/\/shop.bantam.ch\/produit\/schloss-iven-chain-8210-110\/"},"modified":"2026-04-18T21:18:27","modified_gmt":"2026-04-18T19:18:27","slug":"schloss-iven-chain-8210-110","status":"publish","type":"product","link":"https:\/\/shop.bantam.ch\/de\/produkt\/schloss-iven-chain-8210-110\/","title":{"rendered":"Schloss ABUS Iven Chain 8210 \/ 110 Farbe schwarz"},"content":{"rendered":"<p>8 mm starke Vierkantkette mit neuer funktionaler, langlebiger und hochflexibler Ivy-Kunstfaserummantelung zum Schutz vor Lacksch\u00e4den. Die Kette, das Geh\u00e4use sowie tragende Teile des Verriegelungsmechanismus sind aus speziell geh\u00e4rtetem Stahl gefertigt. Hochwertiger Schlie\u00dfzylinder mit bedienerfreundlichem Wendeschl\u00fcssel f\u00fcr hohen Schutz vor Manipulationen. Auch f\u00fcr die Sicherung von Motorrollern geeignet<\/p>\n<p>Lieferumfang:<br \/>Inkl. zwei Schl\u00fcssel<\/p>\n","protected":false},"excerpt":{"rendered":"<p>8 mm starke Vierkantkette mit neuer funktionaler, langlebiger und hochflexibler Ivy-Kunstfaserummantelung zum Schutz vor Lacksch\u00e4den. Die Kette, das Geh\u00e4use sowie tragende Teile des Verriegelungsmechanismus sind aus speziell geh\u00e4rtetem Stahl gefertigt. Hochwertiger Schlie\u00dfzylinder mit bedienerfreundlichem Wendeschl\u00fcssel f\u00fcr hohen Schutz vor Manipulationen. Auch f\u00fcr die Sicherung von Motorrollern geeignet Lieferumfang:Inkl. zwei Schl\u00fcssel<\/p>\n","protected":false},"featured_media":74358,"template":"","meta":{"_acf_changed":false},"product_featured_cat":[],"product_brand":[3477],"product_cat":[5132],"product_tag":[],"class_list":{"0":"post-74360","1":"product","2":"type-product","3":"status-publish","4":"has-post-thumbnail","6":"product_brand-abus-de","7":"product_cat-universalschloesser","9":"first","10":"instock","11":"taxable","12":"shipping-taxable","13":"purchasable","14":"product-type-simple"},"acf":[],"yoast_head":"<!-- This site is optimized with the Yoast SEO plugin v27.4 - https:\/\/yoast.com\/product\/yoast-seo-wordpress\/ -->\n<title>Schloss ABUS Iven Chain 8210 \/ 110 Farbe schwarz - Bantam Camping AG<\/title>\n<meta name=\"robots\" content=\"index, follow, max-snippet:-1, max-image-preview:large, max-video-preview:-1\" \/>\n<link rel=\"canonical\" href=\"https:\/\/shop.bantam.ch\/de\/produkt\/schloss-iven-chain-8210-110\/\" \/>\n<meta property=\"og:locale\" content=\"de_DE\" \/>\n<meta property=\"og:type\" content=\"article\" \/>\n<meta property=\"og:title\" content=\"Schloss ABUS Iven Chain 8210 \/ 110 Farbe schwarz - Bantam Camping AG\" \/>\n<meta property=\"og:description\" content=\"8 mm starke Vierkantkette mit neuer funktionaler, langlebiger und hochflexibler Ivy-Kunstfaserummantelung zum Schutz vor Lacksch\u00e4den. Die Kette, das Geh\u00e4use sowie tragende Teile des Verriegelungsmechanismus sind aus speziell geh\u00e4rtetem Stahl gefertigt. Hochwertiger Schlie\u00dfzylinder mit bedienerfreundlichem Wendeschl\u00fcssel f\u00fcr hohen Schutz vor Manipulationen. Auch f\u00fcr die Sicherung von Motorrollern geeignet Lieferumfang:Inkl. zwei Schl\u00fcssel\" \/>\n<meta property=\"og:url\" content=\"https:\/\/shop.bantam.ch\/de\/produkt\/schloss-iven-chain-8210-110\/\" \/>\n<meta property=\"og:site_name\" content=\"Bantam Camping AG\" \/>\n<meta property=\"article:modified_time\" content=\"2026-04-18T19:18:27+00:00\" \/>\n<meta property=\"og:image\" content=\"https:\/\/shop.bantam.ch\/wp-content\/uploads\/2023\/02\/995380711.jpg\" \/>\n\t<meta property=\"og:image:width\" content=\"838\" \/>\n\t<meta property=\"og:image:height\" content=\"1000\" \/>\n\t<meta property=\"og:image:type\" content=\"image\/jpeg\" \/>\n<meta name=\"twitter:card\" content=\"summary_large_image\" \/>\n<script type=\"application\/ld+json\" class=\"yoast-schema-graph\">{\"@context\":\"https:\\\/\\\/schema.org\",\"@graph\":[{\"@type\":\"WebPage\",\"@id\":\"https:\\\/\\\/shop.bantam.ch\\\/de\\\/produkt\\\/schloss-iven-chain-8210-110\\\/\",\"url\":\"https:\\\/\\\/shop.bantam.ch\\\/de\\\/produkt\\\/schloss-iven-chain-8210-110\\\/\",\"name\":\"Schloss ABUS Iven Chain 8210 \\\/ 110 Farbe schwarz - Bantam Camping AG\",\"isPartOf\":{\"@id\":\"https:\\\/\\\/shop.bantam.ch\\\/de\\\/#website\"},\"primaryImageOfPage\":{\"@id\":\"https:\\\/\\\/shop.bantam.ch\\\/de\\\/produkt\\\/schloss-iven-chain-8210-110\\\/#primaryimage\"},\"image\":{\"@id\":\"https:\\\/\\\/shop.bantam.ch\\\/de\\\/produkt\\\/schloss-iven-chain-8210-110\\\/#primaryimage\"},\"thumbnailUrl\":\"https:\\\/\\\/shop.bantam.ch\\\/wp-content\\\/uploads\\\/2023\\\/02\\\/995380711.jpg\",\"datePublished\":\"2023-02-27T22:59:36+00:00\",\"dateModified\":\"2026-04-18T19:18:27+00:00\",\"breadcrumb\":{\"@id\":\"https:\\\/\\\/shop.bantam.ch\\\/de\\\/produkt\\\/schloss-iven-chain-8210-110\\\/#breadcrumb\"},\"inLanguage\":\"de\",\"potentialAction\":[{\"@type\":\"ReadAction\",\"target\":[\"https:\\\/\\\/shop.bantam.ch\\\/de\\\/produkt\\\/schloss-iven-chain-8210-110\\\/\"]}]},{\"@type\":\"ImageObject\",\"inLanguage\":\"de\",\"@id\":\"https:\\\/\\\/shop.bantam.ch\\\/de\\\/produkt\\\/schloss-iven-chain-8210-110\\\/#primaryimage\",\"url\":\"https:\\\/\\\/shop.bantam.ch\\\/wp-content\\\/uploads\\\/2023\\\/02\\\/995380711.jpg\",\"contentUrl\":\"https:\\\/\\\/shop.bantam.ch\\\/wp-content\\\/uploads\\\/2023\\\/02\\\/995380711.jpg\",\"width\":838,\"height\":1000},{\"@type\":\"BreadcrumbList\",\"@id\":\"https:\\\/\\\/shop.bantam.ch\\\/de\\\/produkt\\\/schloss-iven-chain-8210-110\\\/#breadcrumb\",\"itemListElement\":[{\"@type\":\"ListItem\",\"position\":1,\"name\":\"Accueil\",\"item\":\"https:\\\/\\\/shop.bantam.ch\\\/de\\\/\"},{\"@type\":\"ListItem\",\"position\":2,\"name\":\"Shop\",\"item\":\"https:\\\/\\\/shop.bantam.ch\\\/de\\\/shop\\\/\"},{\"@type\":\"ListItem\",\"position\":3,\"name\":\"Schloss ABUS Iven Chain 8210 \\\/ 110 Farbe schwarz\"}]},{\"@type\":\"WebSite\",\"@id\":\"https:\\\/\\\/shop.bantam.ch\\\/de\\\/#website\",\"url\":\"https:\\\/\\\/shop.bantam.ch\\\/de\\\/\",\"name\":\"Bantam Camping AG\",\"description\":\"\",\"publisher\":{\"@id\":\"https:\\\/\\\/shop.bantam.ch\\\/de\\\/#organization\"},\"inLanguage\":\"de\"},{\"@type\":\"Organization\",\"@id\":\"https:\\\/\\\/shop.bantam.ch\\\/de\\\/#organization\",\"name\":\"Bantam Camping AG\",\"url\":\"https:\\\/\\\/shop.bantam.ch\\\/de\\\/\",\"logo\":{\"@type\":\"ImageObject\",\"inLanguage\":\"de\",\"@id\":\"https:\\\/\\\/shop.bantam.ch\\\/de\\\/#\\\/schema\\\/logo\\\/image\\\/\",\"url\":\"https:\\\/\\\/shop.bantam.ch\\\/wp-content\\\/uploads\\\/2022\\\/12\\\/bantam-logo.png\",\"contentUrl\":\"https:\\\/\\\/shop.bantam.ch\\\/wp-content\\\/uploads\\\/2022\\\/12\\\/bantam-logo.png\",\"width\":320,\"height\":71,\"caption\":\"Bantam Camping AG\"},\"image\":{\"@id\":\"https:\\\/\\\/shop.bantam.ch\\\/de\\\/#\\\/schema\\\/logo\\\/image\\\/\"}}]}<\/script>\n<!-- \/ Yoast SEO plugin. -->","yoast_head_json":{"title":"Schloss ABUS Iven Chain 8210 \/ 110 Farbe schwarz - Bantam Camping AG","robots":{"index":"index","follow":"follow","max-snippet":"max-snippet:-1","max-image-preview":"max-image-preview:large","max-video-preview":"max-video-preview:-1"},"canonical":"https:\/\/shop.bantam.ch\/de\/produkt\/schloss-iven-chain-8210-110\/","og_locale":"de_DE","og_type":"article","og_title":"Schloss ABUS Iven Chain 8210 \/ 110 Farbe schwarz - Bantam Camping AG","og_description":"8 mm starke Vierkantkette mit neuer funktionaler, langlebiger und hochflexibler Ivy-Kunstfaserummantelung zum Schutz vor Lacksch\u00e4den. Die Kette, das Geh\u00e4use sowie tragende Teile des Verriegelungsmechanismus sind aus speziell geh\u00e4rtetem Stahl gefertigt. Hochwertiger Schlie\u00dfzylinder mit bedienerfreundlichem Wendeschl\u00fcssel f\u00fcr hohen Schutz vor Manipulationen. Auch f\u00fcr die Sicherung von Motorrollern geeignet Lieferumfang:Inkl. zwei Schl\u00fcssel","og_url":"https:\/\/shop.bantam.ch\/de\/produkt\/schloss-iven-chain-8210-110\/","og_site_name":"Bantam Camping AG","article_modified_time":"2026-04-18T19:18:27+00:00","og_image":[{"width":838,"height":1000,"url":"https:\/\/shop.bantam.ch\/wp-content\/uploads\/2023\/02\/995380711.jpg","type":"image\/jpeg"}],"twitter_card":"summary_large_image","schema":{"@context":"https:\/\/schema.org","@graph":[{"@type":"WebPage","@id":"https:\/\/shop.bantam.ch\/de\/produkt\/schloss-iven-chain-8210-110\/","url":"https:\/\/shop.bantam.ch\/de\/produkt\/schloss-iven-chain-8210-110\/","name":"Schloss ABUS Iven Chain 8210 \/ 110 Farbe schwarz - Bantam Camping AG","isPartOf":{"@id":"https:\/\/shop.bantam.ch\/de\/#website"},"primaryImageOfPage":{"@id":"https:\/\/shop.bantam.ch\/de\/produkt\/schloss-iven-chain-8210-110\/#primaryimage"},"image":{"@id":"https:\/\/shop.bantam.ch\/de\/produkt\/schloss-iven-chain-8210-110\/#primaryimage"},"thumbnailUrl":"https:\/\/shop.bantam.ch\/wp-content\/uploads\/2023\/02\/995380711.jpg","datePublished":"2023-02-27T22:59:36+00:00","dateModified":"2026-04-18T19:18:27+00:00","breadcrumb":{"@id":"https:\/\/shop.bantam.ch\/de\/produkt\/schloss-iven-chain-8210-110\/#breadcrumb"},"inLanguage":"de","potentialAction":[{"@type":"ReadAction","target":["https:\/\/shop.bantam.ch\/de\/produkt\/schloss-iven-chain-8210-110\/"]}]},{"@type":"ImageObject","inLanguage":"de","@id":"https:\/\/shop.bantam.ch\/de\/produkt\/schloss-iven-chain-8210-110\/#primaryimage","url":"https:\/\/shop.bantam.ch\/wp-content\/uploads\/2023\/02\/995380711.jpg","contentUrl":"https:\/\/shop.bantam.ch\/wp-content\/uploads\/2023\/02\/995380711.jpg","width":838,"height":1000},{"@type":"BreadcrumbList","@id":"https:\/\/shop.bantam.ch\/de\/produkt\/schloss-iven-chain-8210-110\/#breadcrumb","itemListElement":[{"@type":"ListItem","position":1,"name":"Accueil","item":"https:\/\/shop.bantam.ch\/de\/"},{"@type":"ListItem","position":2,"name":"Shop","item":"https:\/\/shop.bantam.ch\/de\/shop\/"},{"@type":"ListItem","position":3,"name":"Schloss ABUS Iven Chain 8210 \/ 110 Farbe schwarz"}]},{"@type":"WebSite","@id":"https:\/\/shop.bantam.ch\/de\/#website","url":"https:\/\/shop.bantam.ch\/de\/","name":"Bantam Camping AG","description":"","publisher":{"@id":"https:\/\/shop.bantam.ch\/de\/#organization"},"inLanguage":"de"},{"@type":"Organization","@id":"https:\/\/shop.bantam.ch\/de\/#organization","name":"Bantam Camping AG","url":"https:\/\/shop.bantam.ch\/de\/","logo":{"@type":"ImageObject","inLanguage":"de","@id":"https:\/\/shop.bantam.ch\/de\/#\/schema\/logo\/image\/","url":"https:\/\/shop.bantam.ch\/wp-content\/uploads\/2022\/12\/bantam-logo.png","contentUrl":"https:\/\/shop.bantam.ch\/wp-content\/uploads\/2022\/12\/bantam-logo.png","width":320,"height":71,"caption":"Bantam Camping AG"},"image":{"@id":"https:\/\/shop.bantam.ch\/de\/#\/schema\/logo\/image\/"}}]}},"_links":{"self":[{"href":"https:\/\/shop.bantam.ch\/de\/wp-json\/wp\/v2\/product\/74360","targetHints":{"allow":["GET"]}}],"collection":[{"href":"https:\/\/shop.bantam.ch\/de\/wp-json\/wp\/v2\/product"}],"about":[{"href":"https:\/\/shop.bantam.ch\/de\/wp-json\/wp\/v2\/types\/product"}],"wp:featuredmedia":[{"embeddable":true,"href":"https:\/\/shop.bantam.ch\/de\/wp-json\/wp\/v2\/media\/74358"}],"wp:attachment":[{"href":"https:\/\/shop.bantam.ch\/de\/wp-json\/wp\/v2\/media?parent=74360"}],"wp:term":[{"taxonomy":"product_featured_cat","embeddable":true,"href":"https:\/\/shop.bantam.ch\/de\/wp-json\/wp\/v2\/product_featured_cat?post=74360"},{"taxonomy":"product_brand","embeddable":true,"href":"https:\/\/shop.bantam.ch\/de\/wp-json\/wp\/v2\/product_brand?post=74360"},{"taxonomy":"product_cat","embeddable":true,"href":"https:\/\/shop.bantam.ch\/de\/wp-json\/wp\/v2\/product_cat?post=74360"},{"taxonomy":"product_tag","embeddable":true,"href":"https:\/\/shop.bantam.ch\/de\/wp-json\/wp\/v2\/product_tag?post=74360"}],"curies":[{"name":"wp","href":"https:\/\/api.w.org\/{rel}","templated":true}]}}