{"id":74314,"date":"2023-02-27T23:58:27","date_gmt":"2023-02-27T22:58:27","guid":{"rendered":"http:\/\/shop.bantam.ch\/produit\/fahrradtraeger-velospace-xt-13pin-silber\/"},"modified":"2026-05-02T22:14:20","modified_gmt":"2026-05-02T20:14:20","slug":"fahrradtraeger-velospace-xt-13pin-silber","status":"publish","type":"product","link":"https:\/\/shop.bantam.ch\/de\/produkt\/fahrradtraeger-velospace-xt-13pin-silber\/","title":{"rendered":"Fahrradtr\u00e4ger VeloSpace XT 13pin, silber"},"content":{"rendered":"<p>Der vielseitige Fahrradtr\u00e4ger f\u00fcr Fahrr\u00e4der jeder Art &#8211; von E-Bikes und Fatbikes bis hin zu Kinderfahrr\u00e4dern.<\/p>\n<ul>\n<li>Hohe Zuladung erm\u00f6glicht den Transport von E-Bikes und schweren Mountainbikes<\/li>\n<li>Besonders gro\u00dfer Abstand zwischen den Radhaltern (25 cm) zur einfachen Befestigung von massiven Fahrr\u00e4dern<\/li>\n<li>Die Ladekapazit\u00e4t l\u00e4sst sich durch Anbau des Thule VeloSpace XT Bike Adapters um 1 weiteres Fahrrad erh\u00f6hen<\/li>\n<li>Extralange Radschienen erm\u00f6glichen den Transport von gro\u00dfen Fahrr\u00e4dern (bis 1300 mm Radstand)<\/li>\n<li>Extra lange Felgenhalteb\u00e4nder mit Ratschenfunktion gestatten die einfache Befestigung von R\u00e4dern (Radbreite bis 4,7 Zoll), wodurch der Transport von Fatbikes erm\u00f6glicht wird<\/li>\n<li>Einfache Befestigung der Fahrr\u00e4der durch abnehmbare Fahrradhaltearme mit Thule AcuTight Drehmomentbegrenzer- Kn\u00f6pfen, die &#8222;klicken&#8220;, wenn das optimale Drehmoment erreicht ist<\/li>\n<li>Einfache Montage und Einstellung des Fahrradtr\u00e4gers vor dem Schlie\u00dfen des Spannhebels dank der stabilen Verbindung zur Anh\u00e4ngekupplung<\/li>\n<li>Praktischer Abklappmechanismus mit Fu\u00dfpedal erm\u00f6glicht einfachen Zugang zum Kofferraum, selbst mit Fahrr\u00e4dern auf dem Tr\u00e4ger<\/li>\n<li>Schlie\u00dfen Sie Ihre Fahrr\u00e4der am Fahrradtr\u00e4ger und den Fahrradtr\u00e4ger an der Anh\u00e4ngekupplung ab (Schl\u00f6sser im Lieferumfang enthalten)<\/li>\n<li>In Verbindung mit dem Thule BackSpace XT erhalten Sie eine Allround-Frachtbox, die 300 Liter zus\u00e4tzlichen, leicht zug\u00e4nglichen Stauraum bietet<\/li>\n<\/ul>\n<p>\u00a0<\/p>\n<p>Lieferumfang:<br \/>Ohne Befestigungsschienen<\/p>\n","protected":false},"excerpt":{"rendered":"<p>Der vielseitige Fahrradtr\u00e4ger f\u00fcr Fahrr\u00e4der jeder Art &#8211; von E-Bikes und Fatbikes bis hin zu Kinderfahrr\u00e4dern. Hohe Zuladung erm\u00f6glicht den Transport von E-Bikes und schweren Mountainbikes Besonders gro\u00dfer Abstand zwischen den Radhaltern (25 cm) zur einfachen Befestigung von massiven Fahrr\u00e4dern Die Ladekapazit\u00e4t l\u00e4sst sich durch Anbau des Thule VeloSpace XT Bike Adapters um 1 weiteres [&hellip;]<\/p>\n","protected":false},"featured_media":74296,"template":"","meta":{"_acf_changed":false},"product_featured_cat":[],"product_brand":[3047],"product_cat":[4694],"product_tag":[],"class_list":{"0":"post-74314","1":"product","2":"type-product","3":"status-publish","4":"has-post-thumbnail","6":"product_brand-thule-de","7":"product_cat-kupplungs-fahrradtraeger","9":"first","10":"instock","11":"taxable","12":"shipping-taxable","13":"purchasable","14":"product-type-variable"},"acf":[],"yoast_head":"<!-- This site is optimized with the Yoast SEO plugin v27.5 - https:\/\/yoast.com\/product\/yoast-seo-wordpress\/ -->\n<title>Fahrradtr\u00e4ger VeloSpace XT 13pin, silber - Bantam<\/title>\n<meta name=\"robots\" content=\"index, follow, max-snippet:-1, max-image-preview:large, max-video-preview:-1\" \/>\n<link rel=\"canonical\" href=\"https:\/\/shop.bantam.ch\/de\/produkt\/fahrradtraeger-velospace-xt-13pin-silber\/\" \/>\n<meta property=\"og:locale\" content=\"de_DE\" \/>\n<meta property=\"og:type\" content=\"article\" \/>\n<meta property=\"og:title\" content=\"Fahrradtr\u00e4ger VeloSpace XT 13pin, silber - Bantam\" \/>\n<meta property=\"og:description\" content=\"Der vielseitige Fahrradtr\u00e4ger f\u00fcr Fahrr\u00e4der jeder Art &#8211; von E-Bikes und Fatbikes bis hin zu Kinderfahrr\u00e4dern. Hohe Zuladung erm\u00f6glicht den Transport von E-Bikes und schweren Mountainbikes Besonders gro\u00dfer Abstand zwischen den Radhaltern (25 cm) zur einfachen Befestigung von massiven Fahrr\u00e4dern Die Ladekapazit\u00e4t l\u00e4sst sich durch Anbau des Thule VeloSpace XT Bike Adapters um 1 weiteres [&hellip;]\" \/>\n<meta property=\"og:url\" content=\"https:\/\/shop.bantam.ch\/de\/produkt\/fahrradtraeger-velospace-xt-13pin-silber\/\" \/>\n<meta property=\"og:site_name\" content=\"Bantam\" \/>\n<meta property=\"article:modified_time\" content=\"2026-05-02T20:14:20+00:00\" \/>\n<meta property=\"og:image\" content=\"https:\/\/shop.bantam.ch\/wp-content\/uploads\/2023\/02\/995379811.jpg\" \/>\n\t<meta property=\"og:image:width\" content=\"500\" \/>\n\t<meta property=\"og:image:height\" content=\"354\" \/>\n\t<meta property=\"og:image:type\" content=\"image\/jpeg\" \/>\n<meta name=\"twitter:card\" content=\"summary_large_image\" \/>\n<meta name=\"twitter:label1\" content=\"Gesch\u00e4tzte Lesezeit\" \/>\n\t<meta name=\"twitter:data1\" content=\"1\u00a0Minute\" \/>\n<script type=\"application\/ld+json\" class=\"yoast-schema-graph\">{\"@context\":\"https:\\\/\\\/schema.org\",\"@graph\":[{\"@type\":\"WebPage\",\"@id\":\"https:\\\/\\\/shop.bantam.ch\\\/de\\\/produkt\\\/fahrradtraeger-velospace-xt-13pin-silber\\\/\",\"url\":\"https:\\\/\\\/shop.bantam.ch\\\/de\\\/produkt\\\/fahrradtraeger-velospace-xt-13pin-silber\\\/\",\"name\":\"Fahrradtr\u00e4ger VeloSpace XT 13pin, silber - Bantam\",\"isPartOf\":{\"@id\":\"https:\\\/\\\/shop.bantam.ch\\\/de\\\/#website\"},\"primaryImageOfPage\":{\"@id\":\"https:\\\/\\\/shop.bantam.ch\\\/de\\\/produkt\\\/fahrradtraeger-velospace-xt-13pin-silber\\\/#primaryimage\"},\"image\":{\"@id\":\"https:\\\/\\\/shop.bantam.ch\\\/de\\\/produkt\\\/fahrradtraeger-velospace-xt-13pin-silber\\\/#primaryimage\"},\"thumbnailUrl\":\"https:\\\/\\\/shop.bantam.ch\\\/wp-content\\\/uploads\\\/2023\\\/02\\\/995379811.jpg\",\"datePublished\":\"2023-02-27T22:58:27+00:00\",\"dateModified\":\"2026-05-02T20:14:20+00:00\",\"breadcrumb\":{\"@id\":\"https:\\\/\\\/shop.bantam.ch\\\/de\\\/produkt\\\/fahrradtraeger-velospace-xt-13pin-silber\\\/#breadcrumb\"},\"inLanguage\":\"de\",\"potentialAction\":[{\"@type\":\"ReadAction\",\"target\":[\"https:\\\/\\\/shop.bantam.ch\\\/de\\\/produkt\\\/fahrradtraeger-velospace-xt-13pin-silber\\\/\"]}]},{\"@type\":\"ImageObject\",\"inLanguage\":\"de\",\"@id\":\"https:\\\/\\\/shop.bantam.ch\\\/de\\\/produkt\\\/fahrradtraeger-velospace-xt-13pin-silber\\\/#primaryimage\",\"url\":\"https:\\\/\\\/shop.bantam.ch\\\/wp-content\\\/uploads\\\/2023\\\/02\\\/995379811.jpg\",\"contentUrl\":\"https:\\\/\\\/shop.bantam.ch\\\/wp-content\\\/uploads\\\/2023\\\/02\\\/995379811.jpg\",\"width\":500,\"height\":354},{\"@type\":\"BreadcrumbList\",\"@id\":\"https:\\\/\\\/shop.bantam.ch\\\/de\\\/produkt\\\/fahrradtraeger-velospace-xt-13pin-silber\\\/#breadcrumb\",\"itemListElement\":[{\"@type\":\"ListItem\",\"position\":1,\"name\":\"Accueil\",\"item\":\"https:\\\/\\\/shop.bantam.ch\\\/de\\\/\"},{\"@type\":\"ListItem\",\"position\":2,\"name\":\"Shop\",\"item\":\"https:\\\/\\\/shop.bantam.ch\\\/de\\\/shop\\\/\"},{\"@type\":\"ListItem\",\"position\":3,\"name\":\"Fahrradtr\u00e4ger VeloSpace XT 13pin, silber\"}]},{\"@type\":\"WebSite\",\"@id\":\"https:\\\/\\\/shop.bantam.ch\\\/de\\\/#website\",\"url\":\"https:\\\/\\\/shop.bantam.ch\\\/de\\\/\",\"name\":\"Bantam\",\"description\":\"\",\"publisher\":{\"@id\":\"https:\\\/\\\/shop.bantam.ch\\\/de\\\/#organization\"},\"inLanguage\":\"de\"},{\"@type\":\"Organization\",\"@id\":\"https:\\\/\\\/shop.bantam.ch\\\/de\\\/#organization\",\"name\":\"Bantam\",\"url\":\"https:\\\/\\\/shop.bantam.ch\\\/de\\\/\",\"logo\":{\"@type\":\"ImageObject\",\"inLanguage\":\"de\",\"@id\":\"https:\\\/\\\/shop.bantam.ch\\\/de\\\/#\\\/schema\\\/logo\\\/image\\\/\",\"url\":\"https:\\\/\\\/shop.bantam.ch\\\/wp-content\\\/uploads\\\/2022\\\/12\\\/bantam-logo.png\",\"contentUrl\":\"https:\\\/\\\/shop.bantam.ch\\\/wp-content\\\/uploads\\\/2022\\\/12\\\/bantam-logo.png\",\"width\":320,\"height\":71,\"caption\":\"Bantam\"},\"image\":{\"@id\":\"https:\\\/\\\/shop.bantam.ch\\\/de\\\/#\\\/schema\\\/logo\\\/image\\\/\"}}]}<\/script>\n<!-- \/ Yoast SEO plugin. -->","yoast_head_json":{"title":"Fahrradtr\u00e4ger VeloSpace XT 13pin, silber - Bantam","robots":{"index":"index","follow":"follow","max-snippet":"max-snippet:-1","max-image-preview":"max-image-preview:large","max-video-preview":"max-video-preview:-1"},"canonical":"https:\/\/shop.bantam.ch\/de\/produkt\/fahrradtraeger-velospace-xt-13pin-silber\/","og_locale":"de_DE","og_type":"article","og_title":"Fahrradtr\u00e4ger VeloSpace XT 13pin, silber - Bantam","og_description":"Der vielseitige Fahrradtr\u00e4ger f\u00fcr Fahrr\u00e4der jeder Art &#8211; von E-Bikes und Fatbikes bis hin zu Kinderfahrr\u00e4dern. Hohe Zuladung erm\u00f6glicht den Transport von E-Bikes und schweren Mountainbikes Besonders gro\u00dfer Abstand zwischen den Radhaltern (25 cm) zur einfachen Befestigung von massiven Fahrr\u00e4dern Die Ladekapazit\u00e4t l\u00e4sst sich durch Anbau des Thule VeloSpace XT Bike Adapters um 1 weiteres [&hellip;]","og_url":"https:\/\/shop.bantam.ch\/de\/produkt\/fahrradtraeger-velospace-xt-13pin-silber\/","og_site_name":"Bantam","article_modified_time":"2026-05-02T20:14:20+00:00","og_image":[{"width":500,"height":354,"url":"https:\/\/shop.bantam.ch\/wp-content\/uploads\/2023\/02\/995379811.jpg","type":"image\/jpeg"}],"twitter_card":"summary_large_image","twitter_misc":{"Gesch\u00e4tzte Lesezeit":"1\u00a0Minute"},"schema":{"@context":"https:\/\/schema.org","@graph":[{"@type":"WebPage","@id":"https:\/\/shop.bantam.ch\/de\/produkt\/fahrradtraeger-velospace-xt-13pin-silber\/","url":"https:\/\/shop.bantam.ch\/de\/produkt\/fahrradtraeger-velospace-xt-13pin-silber\/","name":"Fahrradtr\u00e4ger VeloSpace XT 13pin, silber - Bantam","isPartOf":{"@id":"https:\/\/shop.bantam.ch\/de\/#website"},"primaryImageOfPage":{"@id":"https:\/\/shop.bantam.ch\/de\/produkt\/fahrradtraeger-velospace-xt-13pin-silber\/#primaryimage"},"image":{"@id":"https:\/\/shop.bantam.ch\/de\/produkt\/fahrradtraeger-velospace-xt-13pin-silber\/#primaryimage"},"thumbnailUrl":"https:\/\/shop.bantam.ch\/wp-content\/uploads\/2023\/02\/995379811.jpg","datePublished":"2023-02-27T22:58:27+00:00","dateModified":"2026-05-02T20:14:20+00:00","breadcrumb":{"@id":"https:\/\/shop.bantam.ch\/de\/produkt\/fahrradtraeger-velospace-xt-13pin-silber\/#breadcrumb"},"inLanguage":"de","potentialAction":[{"@type":"ReadAction","target":["https:\/\/shop.bantam.ch\/de\/produkt\/fahrradtraeger-velospace-xt-13pin-silber\/"]}]},{"@type":"ImageObject","inLanguage":"de","@id":"https:\/\/shop.bantam.ch\/de\/produkt\/fahrradtraeger-velospace-xt-13pin-silber\/#primaryimage","url":"https:\/\/shop.bantam.ch\/wp-content\/uploads\/2023\/02\/995379811.jpg","contentUrl":"https:\/\/shop.bantam.ch\/wp-content\/uploads\/2023\/02\/995379811.jpg","width":500,"height":354},{"@type":"BreadcrumbList","@id":"https:\/\/shop.bantam.ch\/de\/produkt\/fahrradtraeger-velospace-xt-13pin-silber\/#breadcrumb","itemListElement":[{"@type":"ListItem","position":1,"name":"Accueil","item":"https:\/\/shop.bantam.ch\/de\/"},{"@type":"ListItem","position":2,"name":"Shop","item":"https:\/\/shop.bantam.ch\/de\/shop\/"},{"@type":"ListItem","position":3,"name":"Fahrradtr\u00e4ger VeloSpace XT 13pin, silber"}]},{"@type":"WebSite","@id":"https:\/\/shop.bantam.ch\/de\/#website","url":"https:\/\/shop.bantam.ch\/de\/","name":"Bantam","description":"","publisher":{"@id":"https:\/\/shop.bantam.ch\/de\/#organization"},"inLanguage":"de"},{"@type":"Organization","@id":"https:\/\/shop.bantam.ch\/de\/#organization","name":"Bantam","url":"https:\/\/shop.bantam.ch\/de\/","logo":{"@type":"ImageObject","inLanguage":"de","@id":"https:\/\/shop.bantam.ch\/de\/#\/schema\/logo\/image\/","url":"https:\/\/shop.bantam.ch\/wp-content\/uploads\/2022\/12\/bantam-logo.png","contentUrl":"https:\/\/shop.bantam.ch\/wp-content\/uploads\/2022\/12\/bantam-logo.png","width":320,"height":71,"caption":"Bantam"},"image":{"@id":"https:\/\/shop.bantam.ch\/de\/#\/schema\/logo\/image\/"}}]}},"_links":{"self":[{"href":"https:\/\/shop.bantam.ch\/de\/wp-json\/wp\/v2\/product\/74314","targetHints":{"allow":["GET"]}}],"collection":[{"href":"https:\/\/shop.bantam.ch\/de\/wp-json\/wp\/v2\/product"}],"about":[{"href":"https:\/\/shop.bantam.ch\/de\/wp-json\/wp\/v2\/types\/product"}],"wp:featuredmedia":[{"embeddable":true,"href":"https:\/\/shop.bantam.ch\/de\/wp-json\/wp\/v2\/media\/74296"}],"wp:attachment":[{"href":"https:\/\/shop.bantam.ch\/de\/wp-json\/wp\/v2\/media?parent=74314"}],"wp:term":[{"taxonomy":"product_featured_cat","embeddable":true,"href":"https:\/\/shop.bantam.ch\/de\/wp-json\/wp\/v2\/product_featured_cat?post=74314"},{"taxonomy":"product_brand","embeddable":true,"href":"https:\/\/shop.bantam.ch\/de\/wp-json\/wp\/v2\/product_brand?post=74314"},{"taxonomy":"product_cat","embeddable":true,"href":"https:\/\/shop.bantam.ch\/de\/wp-json\/wp\/v2\/product_cat?post=74314"},{"taxonomy":"product_tag","embeddable":true,"href":"https:\/\/shop.bantam.ch\/de\/wp-json\/wp\/v2\/product_tag?post=74314"}],"curies":[{"name":"wp","href":"https:\/\/api.w.org\/{rel}","templated":true}]}}