{"id":74280,"date":"2023-02-27T23:58:03","date_gmt":"2023-02-27T22:58:03","guid":{"rendered":"http:\/\/shop.bantam.ch\/produit\/solarkomplettanlage-mt-220-2-mc-2-x-110-w\/"},"modified":"2026-04-17T21:17:45","modified_gmt":"2026-04-17T19:17:45","slug":"solarkomplettanlage-mt-220-2-mc-2-x-110-w","status":"publish","type":"product","link":"https:\/\/shop.bantam.ch\/de\/produkt\/solarkomplettanlage-mt-220-2-mc-2-x-110-w\/","title":{"rendered":"Solarkomplettanlage MT 220 &#8211; 2 MC \/ 2 x 110 W"},"content":{"rendered":"<p>Die Solar-Komplettanlagen von B\u00fcttner Elektronik enthalten alles, was ben\u00f6tigt wird, um eine Solaranlage f\u00fcr ein Reisefahrzeug aufzubauen. Alle Solarregler besitzen einen zweiten Ladeausgang (Startbatterie) und einen Anschluss f\u00fcr die Solar-Fernanzeige (Option). Die Solarregler der Anlagen MT 60 MC Slim, MT 70 MC, MT 100 MC und MT 160 MC sind so ausgelegt, dass bei Bedarf um ein Modul gleicher Leistung erweitert werden kann.<\/p>\n","protected":false},"excerpt":{"rendered":"<p>Die Solar-Komplettanlagen von B\u00fcttner Elektronik enthalten alles, was ben\u00f6tigt wird, um eine Solaranlage f\u00fcr ein Reisefahrzeug aufzubauen. Alle Solarregler besitzen einen zweiten Ladeausgang (Startbatterie) und einen Anschluss f\u00fcr die Solar-Fernanzeige (Option). Die Solarregler der Anlagen MT 60 MC Slim, MT 70 MC, MT 100 MC und MT 160 MC sind so ausgelegt, dass bei Bedarf [&hellip;]<\/p>\n","protected":false},"featured_media":74278,"template":"","meta":{"_acf_changed":false},"product_featured_cat":[],"product_brand":[3069],"product_cat":[4880],"product_tag":[],"class_list":{"0":"post-74280","1":"product","2":"type-product","3":"status-publish","4":"has-post-thumbnail","6":"product_brand-buttner-elektronik-de","7":"product_cat-solar-sets","9":"first","10":"instock","11":"taxable","12":"shipping-taxable","13":"purchasable","14":"product-type-simple"},"acf":[],"yoast_head":"<!-- This site is optimized with the Yoast SEO plugin v27.4 - https:\/\/yoast.com\/product\/yoast-seo-wordpress\/ -->\n<title>Solarkomplettanlage MT 220 - 2 MC \/ 2 x 110 W - Bantam Camping AG<\/title>\n<meta name=\"robots\" content=\"index, follow, max-snippet:-1, max-image-preview:large, max-video-preview:-1\" \/>\n<link rel=\"canonical\" href=\"https:\/\/shop.bantam.ch\/de\/produkt\/solarkomplettanlage-mt-220-2-mc-2-x-110-w\/\" \/>\n<meta property=\"og:locale\" content=\"de_DE\" \/>\n<meta property=\"og:type\" content=\"article\" \/>\n<meta property=\"og:title\" content=\"Solarkomplettanlage MT 220 - 2 MC \/ 2 x 110 W - Bantam Camping AG\" \/>\n<meta property=\"og:description\" content=\"Die Solar-Komplettanlagen von B\u00fcttner Elektronik enthalten alles, was ben\u00f6tigt wird, um eine Solaranlage f\u00fcr ein Reisefahrzeug aufzubauen. Alle Solarregler besitzen einen zweiten Ladeausgang (Startbatterie) und einen Anschluss f\u00fcr die Solar-Fernanzeige (Option). Die Solarregler der Anlagen MT 60 MC Slim, MT 70 MC, MT 100 MC und MT 160 MC sind so ausgelegt, dass bei Bedarf [&hellip;]\" \/>\n<meta property=\"og:url\" content=\"https:\/\/shop.bantam.ch\/de\/produkt\/solarkomplettanlage-mt-220-2-mc-2-x-110-w\/\" \/>\n<meta property=\"og:site_name\" content=\"Bantam Camping AG\" \/>\n<meta property=\"article:modified_time\" content=\"2026-04-17T19:17:45+00:00\" \/>\n<meta property=\"og:image\" content=\"https:\/\/shop.bantam.ch\/wp-content\/uploads\/2023\/02\/993175711.jpg\" \/>\n\t<meta property=\"og:image:width\" content=\"897\" \/>\n\t<meta property=\"og:image:height\" content=\"362\" \/>\n\t<meta property=\"og:image:type\" content=\"image\/jpeg\" \/>\n<meta name=\"twitter:card\" content=\"summary_large_image\" \/>\n<script type=\"application\/ld+json\" class=\"yoast-schema-graph\">{\"@context\":\"https:\\\/\\\/schema.org\",\"@graph\":[{\"@type\":\"WebPage\",\"@id\":\"https:\\\/\\\/shop.bantam.ch\\\/de\\\/produkt\\\/solarkomplettanlage-mt-220-2-mc-2-x-110-w\\\/\",\"url\":\"https:\\\/\\\/shop.bantam.ch\\\/de\\\/produkt\\\/solarkomplettanlage-mt-220-2-mc-2-x-110-w\\\/\",\"name\":\"Solarkomplettanlage MT 220 - 2 MC \\\/ 2 x 110 W - Bantam Camping AG\",\"isPartOf\":{\"@id\":\"https:\\\/\\\/shop.bantam.ch\\\/de\\\/#website\"},\"primaryImageOfPage\":{\"@id\":\"https:\\\/\\\/shop.bantam.ch\\\/de\\\/produkt\\\/solarkomplettanlage-mt-220-2-mc-2-x-110-w\\\/#primaryimage\"},\"image\":{\"@id\":\"https:\\\/\\\/shop.bantam.ch\\\/de\\\/produkt\\\/solarkomplettanlage-mt-220-2-mc-2-x-110-w\\\/#primaryimage\"},\"thumbnailUrl\":\"https:\\\/\\\/shop.bantam.ch\\\/wp-content\\\/uploads\\\/2023\\\/02\\\/993175711.jpg\",\"datePublished\":\"2023-02-27T22:58:03+00:00\",\"dateModified\":\"2026-04-17T19:17:45+00:00\",\"breadcrumb\":{\"@id\":\"https:\\\/\\\/shop.bantam.ch\\\/de\\\/produkt\\\/solarkomplettanlage-mt-220-2-mc-2-x-110-w\\\/#breadcrumb\"},\"inLanguage\":\"de\",\"potentialAction\":[{\"@type\":\"ReadAction\",\"target\":[\"https:\\\/\\\/shop.bantam.ch\\\/de\\\/produkt\\\/solarkomplettanlage-mt-220-2-mc-2-x-110-w\\\/\"]}]},{\"@type\":\"ImageObject\",\"inLanguage\":\"de\",\"@id\":\"https:\\\/\\\/shop.bantam.ch\\\/de\\\/produkt\\\/solarkomplettanlage-mt-220-2-mc-2-x-110-w\\\/#primaryimage\",\"url\":\"https:\\\/\\\/shop.bantam.ch\\\/wp-content\\\/uploads\\\/2023\\\/02\\\/993175711.jpg\",\"contentUrl\":\"https:\\\/\\\/shop.bantam.ch\\\/wp-content\\\/uploads\\\/2023\\\/02\\\/993175711.jpg\",\"width\":897,\"height\":362},{\"@type\":\"BreadcrumbList\",\"@id\":\"https:\\\/\\\/shop.bantam.ch\\\/de\\\/produkt\\\/solarkomplettanlage-mt-220-2-mc-2-x-110-w\\\/#breadcrumb\",\"itemListElement\":[{\"@type\":\"ListItem\",\"position\":1,\"name\":\"Accueil\",\"item\":\"https:\\\/\\\/shop.bantam.ch\\\/de\\\/\"},{\"@type\":\"ListItem\",\"position\":2,\"name\":\"Shop\",\"item\":\"https:\\\/\\\/shop.bantam.ch\\\/de\\\/shop\\\/\"},{\"@type\":\"ListItem\",\"position\":3,\"name\":\"Solarkomplettanlage MT 220 &#8211; 2 MC \\\/ 2 x 110 W\"}]},{\"@type\":\"WebSite\",\"@id\":\"https:\\\/\\\/shop.bantam.ch\\\/de\\\/#website\",\"url\":\"https:\\\/\\\/shop.bantam.ch\\\/de\\\/\",\"name\":\"Bantam Camping AG\",\"description\":\"\",\"publisher\":{\"@id\":\"https:\\\/\\\/shop.bantam.ch\\\/de\\\/#organization\"},\"inLanguage\":\"de\"},{\"@type\":\"Organization\",\"@id\":\"https:\\\/\\\/shop.bantam.ch\\\/de\\\/#organization\",\"name\":\"Bantam Camping AG\",\"url\":\"https:\\\/\\\/shop.bantam.ch\\\/de\\\/\",\"logo\":{\"@type\":\"ImageObject\",\"inLanguage\":\"de\",\"@id\":\"https:\\\/\\\/shop.bantam.ch\\\/de\\\/#\\\/schema\\\/logo\\\/image\\\/\",\"url\":\"https:\\\/\\\/shop.bantam.ch\\\/wp-content\\\/uploads\\\/2022\\\/12\\\/bantam-logo.png\",\"contentUrl\":\"https:\\\/\\\/shop.bantam.ch\\\/wp-content\\\/uploads\\\/2022\\\/12\\\/bantam-logo.png\",\"width\":320,\"height\":71,\"caption\":\"Bantam Camping AG\"},\"image\":{\"@id\":\"https:\\\/\\\/shop.bantam.ch\\\/de\\\/#\\\/schema\\\/logo\\\/image\\\/\"}}]}<\/script>\n<!-- \/ Yoast SEO plugin. -->","yoast_head_json":{"title":"Solarkomplettanlage MT 220 - 2 MC \/ 2 x 110 W - Bantam Camping AG","robots":{"index":"index","follow":"follow","max-snippet":"max-snippet:-1","max-image-preview":"max-image-preview:large","max-video-preview":"max-video-preview:-1"},"canonical":"https:\/\/shop.bantam.ch\/de\/produkt\/solarkomplettanlage-mt-220-2-mc-2-x-110-w\/","og_locale":"de_DE","og_type":"article","og_title":"Solarkomplettanlage MT 220 - 2 MC \/ 2 x 110 W - Bantam Camping AG","og_description":"Die Solar-Komplettanlagen von B\u00fcttner Elektronik enthalten alles, was ben\u00f6tigt wird, um eine Solaranlage f\u00fcr ein Reisefahrzeug aufzubauen. Alle Solarregler besitzen einen zweiten Ladeausgang (Startbatterie) und einen Anschluss f\u00fcr die Solar-Fernanzeige (Option). Die Solarregler der Anlagen MT 60 MC Slim, MT 70 MC, MT 100 MC und MT 160 MC sind so ausgelegt, dass bei Bedarf [&hellip;]","og_url":"https:\/\/shop.bantam.ch\/de\/produkt\/solarkomplettanlage-mt-220-2-mc-2-x-110-w\/","og_site_name":"Bantam Camping AG","article_modified_time":"2026-04-17T19:17:45+00:00","og_image":[{"width":897,"height":362,"url":"https:\/\/shop.bantam.ch\/wp-content\/uploads\/2023\/02\/993175711.jpg","type":"image\/jpeg"}],"twitter_card":"summary_large_image","schema":{"@context":"https:\/\/schema.org","@graph":[{"@type":"WebPage","@id":"https:\/\/shop.bantam.ch\/de\/produkt\/solarkomplettanlage-mt-220-2-mc-2-x-110-w\/","url":"https:\/\/shop.bantam.ch\/de\/produkt\/solarkomplettanlage-mt-220-2-mc-2-x-110-w\/","name":"Solarkomplettanlage MT 220 - 2 MC \/ 2 x 110 W - Bantam Camping AG","isPartOf":{"@id":"https:\/\/shop.bantam.ch\/de\/#website"},"primaryImageOfPage":{"@id":"https:\/\/shop.bantam.ch\/de\/produkt\/solarkomplettanlage-mt-220-2-mc-2-x-110-w\/#primaryimage"},"image":{"@id":"https:\/\/shop.bantam.ch\/de\/produkt\/solarkomplettanlage-mt-220-2-mc-2-x-110-w\/#primaryimage"},"thumbnailUrl":"https:\/\/shop.bantam.ch\/wp-content\/uploads\/2023\/02\/993175711.jpg","datePublished":"2023-02-27T22:58:03+00:00","dateModified":"2026-04-17T19:17:45+00:00","breadcrumb":{"@id":"https:\/\/shop.bantam.ch\/de\/produkt\/solarkomplettanlage-mt-220-2-mc-2-x-110-w\/#breadcrumb"},"inLanguage":"de","potentialAction":[{"@type":"ReadAction","target":["https:\/\/shop.bantam.ch\/de\/produkt\/solarkomplettanlage-mt-220-2-mc-2-x-110-w\/"]}]},{"@type":"ImageObject","inLanguage":"de","@id":"https:\/\/shop.bantam.ch\/de\/produkt\/solarkomplettanlage-mt-220-2-mc-2-x-110-w\/#primaryimage","url":"https:\/\/shop.bantam.ch\/wp-content\/uploads\/2023\/02\/993175711.jpg","contentUrl":"https:\/\/shop.bantam.ch\/wp-content\/uploads\/2023\/02\/993175711.jpg","width":897,"height":362},{"@type":"BreadcrumbList","@id":"https:\/\/shop.bantam.ch\/de\/produkt\/solarkomplettanlage-mt-220-2-mc-2-x-110-w\/#breadcrumb","itemListElement":[{"@type":"ListItem","position":1,"name":"Accueil","item":"https:\/\/shop.bantam.ch\/de\/"},{"@type":"ListItem","position":2,"name":"Shop","item":"https:\/\/shop.bantam.ch\/de\/shop\/"},{"@type":"ListItem","position":3,"name":"Solarkomplettanlage MT 220 &#8211; 2 MC \/ 2 x 110 W"}]},{"@type":"WebSite","@id":"https:\/\/shop.bantam.ch\/de\/#website","url":"https:\/\/shop.bantam.ch\/de\/","name":"Bantam Camping AG","description":"","publisher":{"@id":"https:\/\/shop.bantam.ch\/de\/#organization"},"inLanguage":"de"},{"@type":"Organization","@id":"https:\/\/shop.bantam.ch\/de\/#organization","name":"Bantam Camping AG","url":"https:\/\/shop.bantam.ch\/de\/","logo":{"@type":"ImageObject","inLanguage":"de","@id":"https:\/\/shop.bantam.ch\/de\/#\/schema\/logo\/image\/","url":"https:\/\/shop.bantam.ch\/wp-content\/uploads\/2022\/12\/bantam-logo.png","contentUrl":"https:\/\/shop.bantam.ch\/wp-content\/uploads\/2022\/12\/bantam-logo.png","width":320,"height":71,"caption":"Bantam Camping AG"},"image":{"@id":"https:\/\/shop.bantam.ch\/de\/#\/schema\/logo\/image\/"}}]}},"_links":{"self":[{"href":"https:\/\/shop.bantam.ch\/de\/wp-json\/wp\/v2\/product\/74280","targetHints":{"allow":["GET"]}}],"collection":[{"href":"https:\/\/shop.bantam.ch\/de\/wp-json\/wp\/v2\/product"}],"about":[{"href":"https:\/\/shop.bantam.ch\/de\/wp-json\/wp\/v2\/types\/product"}],"wp:featuredmedia":[{"embeddable":true,"href":"https:\/\/shop.bantam.ch\/de\/wp-json\/wp\/v2\/media\/74278"}],"wp:attachment":[{"href":"https:\/\/shop.bantam.ch\/de\/wp-json\/wp\/v2\/media?parent=74280"}],"wp:term":[{"taxonomy":"product_featured_cat","embeddable":true,"href":"https:\/\/shop.bantam.ch\/de\/wp-json\/wp\/v2\/product_featured_cat?post=74280"},{"taxonomy":"product_brand","embeddable":true,"href":"https:\/\/shop.bantam.ch\/de\/wp-json\/wp\/v2\/product_brand?post=74280"},{"taxonomy":"product_cat","embeddable":true,"href":"https:\/\/shop.bantam.ch\/de\/wp-json\/wp\/v2\/product_cat?post=74280"},{"taxonomy":"product_tag","embeddable":true,"href":"https:\/\/shop.bantam.ch\/de\/wp-json\/wp\/v2\/product_tag?post=74280"}],"curies":[{"name":"wp","href":"https:\/\/api.w.org\/{rel}","templated":true}]}}