{"id":74240,"date":"2023-02-27T23:57:08","date_gmt":"2023-02-27T22:57:08","guid":{"rendered":"http:\/\/shop.bantam.ch\/produit\/solarmodul-mt-sm-80-mc\/"},"modified":"2026-04-17T21:17:38","modified_gmt":"2026-04-17T19:17:38","slug":"solarmodul-mt-sm-80-mc","status":"publish","type":"product","link":"https:\/\/shop.bantam.ch\/de\/produkt\/solarmodul-mt-sm-80-mc\/","title":{"rendered":"Solarmodul B\u00fcttner MT &#8211; SM 80 MC"},"content":{"rendered":"<p>Diese Modulreihe garantiert durch die 72 MultiCell-Technologie (Handels\u00fcbliche Solarmodule sind nur mit 36 Zellen ausgestattet) jederzeit die optimale Ladung der Bordbatterie\/n. Unabh\u00e4ngige Vergleichstests haben gezeigt, dass die Verdoppelung der Zellen nicht nur bei optimalen, sondern gerade auch bei ung\u00fcnstigen Wetterverh\u00e4ltnissen und teilweiser Abschattung eine erhebliche Leistungssteigerung bringt. Auf der Modulr\u00fcckseite ist eine stabile druckwasserdichte Anschlussdose verbaut. Ein umlaufender Alurahmen sowie spezialgeh\u00e4rtetes Glas sch\u00fctzen die Module selbst unter widrigsten Einsatzbedingungen. Leistungsgarantie 25 Jahre.<\/p>\n<ul>\n<li>Nennleistung Wp: 80<\/li>\n<li>max. Tagesleistung Wh: 320<\/li>\n<\/ul>\n","protected":false},"excerpt":{"rendered":"<p>Diese Modulreihe garantiert durch die 72 MultiCell-Technologie (Handels\u00fcbliche Solarmodule sind nur mit 36 Zellen ausgestattet) jederzeit die optimale Ladung der Bordbatterie\/n. Unabh\u00e4ngige Vergleichstests haben gezeigt, dass die Verdoppelung der Zellen nicht nur bei optimalen, sondern gerade auch bei ung\u00fcnstigen Wetterverh\u00e4ltnissen und teilweiser Abschattung eine erhebliche Leistungssteigerung bringt. Auf der Modulr\u00fcckseite ist eine stabile druckwasserdichte Anschlussdose [&hellip;]<\/p>\n","protected":false},"featured_media":74238,"template":"","meta":{"_acf_changed":false},"product_featured_cat":[],"product_brand":[3069],"product_cat":[4884],"product_tag":[],"class_list":{"0":"post-74240","1":"product","2":"type-product","3":"status-publish","4":"has-post-thumbnail","6":"product_brand-buttner-elektronik-de","7":"product_cat-solarmodule","9":"first","10":"instock","11":"taxable","12":"shipping-taxable","13":"purchasable","14":"product-type-simple"},"acf":[],"yoast_head":"<!-- This site is optimized with the Yoast SEO plugin v27.4 - https:\/\/yoast.com\/product\/yoast-seo-wordpress\/ -->\n<title>Solarmodul B\u00fcttner MT - SM 80 MC - Bantam Camping AG<\/title>\n<meta name=\"robots\" content=\"index, follow, max-snippet:-1, max-image-preview:large, max-video-preview:-1\" \/>\n<link rel=\"canonical\" href=\"https:\/\/shop.bantam.ch\/de\/produkt\/solarmodul-mt-sm-80-mc\/\" \/>\n<meta property=\"og:locale\" content=\"de_DE\" \/>\n<meta property=\"og:type\" content=\"article\" \/>\n<meta property=\"og:title\" content=\"Solarmodul B\u00fcttner MT - SM 80 MC - Bantam Camping AG\" \/>\n<meta property=\"og:description\" content=\"Diese Modulreihe garantiert durch die 72 MultiCell-Technologie (Handels\u00fcbliche Solarmodule sind nur mit 36 Zellen ausgestattet) jederzeit die optimale Ladung der Bordbatterie\/n. Unabh\u00e4ngige Vergleichstests haben gezeigt, dass die Verdoppelung der Zellen nicht nur bei optimalen, sondern gerade auch bei ung\u00fcnstigen Wetterverh\u00e4ltnissen und teilweiser Abschattung eine erhebliche Leistungssteigerung bringt. Auf der Modulr\u00fcckseite ist eine stabile druckwasserdichte Anschlussdose [&hellip;]\" \/>\n<meta property=\"og:url\" content=\"https:\/\/shop.bantam.ch\/de\/produkt\/solarmodul-mt-sm-80-mc\/\" \/>\n<meta property=\"og:site_name\" content=\"Bantam Camping AG\" \/>\n<meta property=\"article:modified_time\" content=\"2026-04-17T19:17:38+00:00\" \/>\n<meta property=\"og:image\" content=\"https:\/\/shop.bantam.ch\/wp-content\/uploads\/2023\/02\/993174411.jpg\" \/>\n\t<meta property=\"og:image:width\" content=\"626\" \/>\n\t<meta property=\"og:image:height\" content=\"1498\" \/>\n\t<meta property=\"og:image:type\" content=\"image\/jpeg\" \/>\n<meta name=\"twitter:card\" content=\"summary_large_image\" \/>\n<script type=\"application\/ld+json\" class=\"yoast-schema-graph\">{\"@context\":\"https:\\\/\\\/schema.org\",\"@graph\":[{\"@type\":\"WebPage\",\"@id\":\"https:\\\/\\\/shop.bantam.ch\\\/de\\\/produkt\\\/solarmodul-mt-sm-80-mc\\\/\",\"url\":\"https:\\\/\\\/shop.bantam.ch\\\/de\\\/produkt\\\/solarmodul-mt-sm-80-mc\\\/\",\"name\":\"Solarmodul B\u00fcttner MT - SM 80 MC - Bantam Camping AG\",\"isPartOf\":{\"@id\":\"https:\\\/\\\/shop.bantam.ch\\\/de\\\/#website\"},\"primaryImageOfPage\":{\"@id\":\"https:\\\/\\\/shop.bantam.ch\\\/de\\\/produkt\\\/solarmodul-mt-sm-80-mc\\\/#primaryimage\"},\"image\":{\"@id\":\"https:\\\/\\\/shop.bantam.ch\\\/de\\\/produkt\\\/solarmodul-mt-sm-80-mc\\\/#primaryimage\"},\"thumbnailUrl\":\"https:\\\/\\\/shop.bantam.ch\\\/wp-content\\\/uploads\\\/2023\\\/02\\\/993174411.jpg\",\"datePublished\":\"2023-02-27T22:57:08+00:00\",\"dateModified\":\"2026-04-17T19:17:38+00:00\",\"breadcrumb\":{\"@id\":\"https:\\\/\\\/shop.bantam.ch\\\/de\\\/produkt\\\/solarmodul-mt-sm-80-mc\\\/#breadcrumb\"},\"inLanguage\":\"de\",\"potentialAction\":[{\"@type\":\"ReadAction\",\"target\":[\"https:\\\/\\\/shop.bantam.ch\\\/de\\\/produkt\\\/solarmodul-mt-sm-80-mc\\\/\"]}]},{\"@type\":\"ImageObject\",\"inLanguage\":\"de\",\"@id\":\"https:\\\/\\\/shop.bantam.ch\\\/de\\\/produkt\\\/solarmodul-mt-sm-80-mc\\\/#primaryimage\",\"url\":\"https:\\\/\\\/shop.bantam.ch\\\/wp-content\\\/uploads\\\/2023\\\/02\\\/993174411.jpg\",\"contentUrl\":\"https:\\\/\\\/shop.bantam.ch\\\/wp-content\\\/uploads\\\/2023\\\/02\\\/993174411.jpg\",\"width\":626,\"height\":1498},{\"@type\":\"BreadcrumbList\",\"@id\":\"https:\\\/\\\/shop.bantam.ch\\\/de\\\/produkt\\\/solarmodul-mt-sm-80-mc\\\/#breadcrumb\",\"itemListElement\":[{\"@type\":\"ListItem\",\"position\":1,\"name\":\"Accueil\",\"item\":\"https:\\\/\\\/shop.bantam.ch\\\/de\\\/\"},{\"@type\":\"ListItem\",\"position\":2,\"name\":\"Shop\",\"item\":\"https:\\\/\\\/shop.bantam.ch\\\/de\\\/shop\\\/\"},{\"@type\":\"ListItem\",\"position\":3,\"name\":\"Solarmodul B\u00fcttner MT &#8211; SM 80 MC\"}]},{\"@type\":\"WebSite\",\"@id\":\"https:\\\/\\\/shop.bantam.ch\\\/de\\\/#website\",\"url\":\"https:\\\/\\\/shop.bantam.ch\\\/de\\\/\",\"name\":\"Bantam Camping AG\",\"description\":\"\",\"publisher\":{\"@id\":\"https:\\\/\\\/shop.bantam.ch\\\/de\\\/#organization\"},\"inLanguage\":\"de\"},{\"@type\":\"Organization\",\"@id\":\"https:\\\/\\\/shop.bantam.ch\\\/de\\\/#organization\",\"name\":\"Bantam Camping AG\",\"url\":\"https:\\\/\\\/shop.bantam.ch\\\/de\\\/\",\"logo\":{\"@type\":\"ImageObject\",\"inLanguage\":\"de\",\"@id\":\"https:\\\/\\\/shop.bantam.ch\\\/de\\\/#\\\/schema\\\/logo\\\/image\\\/\",\"url\":\"https:\\\/\\\/shop.bantam.ch\\\/wp-content\\\/uploads\\\/2022\\\/12\\\/bantam-logo.png\",\"contentUrl\":\"https:\\\/\\\/shop.bantam.ch\\\/wp-content\\\/uploads\\\/2022\\\/12\\\/bantam-logo.png\",\"width\":320,\"height\":71,\"caption\":\"Bantam Camping AG\"},\"image\":{\"@id\":\"https:\\\/\\\/shop.bantam.ch\\\/de\\\/#\\\/schema\\\/logo\\\/image\\\/\"}}]}<\/script>\n<!-- \/ Yoast SEO plugin. -->","yoast_head_json":{"title":"Solarmodul B\u00fcttner MT - SM 80 MC - Bantam Camping AG","robots":{"index":"index","follow":"follow","max-snippet":"max-snippet:-1","max-image-preview":"max-image-preview:large","max-video-preview":"max-video-preview:-1"},"canonical":"https:\/\/shop.bantam.ch\/de\/produkt\/solarmodul-mt-sm-80-mc\/","og_locale":"de_DE","og_type":"article","og_title":"Solarmodul B\u00fcttner MT - SM 80 MC - Bantam Camping AG","og_description":"Diese Modulreihe garantiert durch die 72 MultiCell-Technologie (Handels\u00fcbliche Solarmodule sind nur mit 36 Zellen ausgestattet) jederzeit die optimale Ladung der Bordbatterie\/n. Unabh\u00e4ngige Vergleichstests haben gezeigt, dass die Verdoppelung der Zellen nicht nur bei optimalen, sondern gerade auch bei ung\u00fcnstigen Wetterverh\u00e4ltnissen und teilweiser Abschattung eine erhebliche Leistungssteigerung bringt. Auf der Modulr\u00fcckseite ist eine stabile druckwasserdichte Anschlussdose [&hellip;]","og_url":"https:\/\/shop.bantam.ch\/de\/produkt\/solarmodul-mt-sm-80-mc\/","og_site_name":"Bantam Camping AG","article_modified_time":"2026-04-17T19:17:38+00:00","og_image":[{"width":626,"height":1498,"url":"https:\/\/shop.bantam.ch\/wp-content\/uploads\/2023\/02\/993174411.jpg","type":"image\/jpeg"}],"twitter_card":"summary_large_image","schema":{"@context":"https:\/\/schema.org","@graph":[{"@type":"WebPage","@id":"https:\/\/shop.bantam.ch\/de\/produkt\/solarmodul-mt-sm-80-mc\/","url":"https:\/\/shop.bantam.ch\/de\/produkt\/solarmodul-mt-sm-80-mc\/","name":"Solarmodul B\u00fcttner MT - SM 80 MC - Bantam Camping AG","isPartOf":{"@id":"https:\/\/shop.bantam.ch\/de\/#website"},"primaryImageOfPage":{"@id":"https:\/\/shop.bantam.ch\/de\/produkt\/solarmodul-mt-sm-80-mc\/#primaryimage"},"image":{"@id":"https:\/\/shop.bantam.ch\/de\/produkt\/solarmodul-mt-sm-80-mc\/#primaryimage"},"thumbnailUrl":"https:\/\/shop.bantam.ch\/wp-content\/uploads\/2023\/02\/993174411.jpg","datePublished":"2023-02-27T22:57:08+00:00","dateModified":"2026-04-17T19:17:38+00:00","breadcrumb":{"@id":"https:\/\/shop.bantam.ch\/de\/produkt\/solarmodul-mt-sm-80-mc\/#breadcrumb"},"inLanguage":"de","potentialAction":[{"@type":"ReadAction","target":["https:\/\/shop.bantam.ch\/de\/produkt\/solarmodul-mt-sm-80-mc\/"]}]},{"@type":"ImageObject","inLanguage":"de","@id":"https:\/\/shop.bantam.ch\/de\/produkt\/solarmodul-mt-sm-80-mc\/#primaryimage","url":"https:\/\/shop.bantam.ch\/wp-content\/uploads\/2023\/02\/993174411.jpg","contentUrl":"https:\/\/shop.bantam.ch\/wp-content\/uploads\/2023\/02\/993174411.jpg","width":626,"height":1498},{"@type":"BreadcrumbList","@id":"https:\/\/shop.bantam.ch\/de\/produkt\/solarmodul-mt-sm-80-mc\/#breadcrumb","itemListElement":[{"@type":"ListItem","position":1,"name":"Accueil","item":"https:\/\/shop.bantam.ch\/de\/"},{"@type":"ListItem","position":2,"name":"Shop","item":"https:\/\/shop.bantam.ch\/de\/shop\/"},{"@type":"ListItem","position":3,"name":"Solarmodul B\u00fcttner MT &#8211; SM 80 MC"}]},{"@type":"WebSite","@id":"https:\/\/shop.bantam.ch\/de\/#website","url":"https:\/\/shop.bantam.ch\/de\/","name":"Bantam Camping AG","description":"","publisher":{"@id":"https:\/\/shop.bantam.ch\/de\/#organization"},"inLanguage":"de"},{"@type":"Organization","@id":"https:\/\/shop.bantam.ch\/de\/#organization","name":"Bantam Camping AG","url":"https:\/\/shop.bantam.ch\/de\/","logo":{"@type":"ImageObject","inLanguage":"de","@id":"https:\/\/shop.bantam.ch\/de\/#\/schema\/logo\/image\/","url":"https:\/\/shop.bantam.ch\/wp-content\/uploads\/2022\/12\/bantam-logo.png","contentUrl":"https:\/\/shop.bantam.ch\/wp-content\/uploads\/2022\/12\/bantam-logo.png","width":320,"height":71,"caption":"Bantam Camping AG"},"image":{"@id":"https:\/\/shop.bantam.ch\/de\/#\/schema\/logo\/image\/"}}]}},"_links":{"self":[{"href":"https:\/\/shop.bantam.ch\/de\/wp-json\/wp\/v2\/product\/74240","targetHints":{"allow":["GET"]}}],"collection":[{"href":"https:\/\/shop.bantam.ch\/de\/wp-json\/wp\/v2\/product"}],"about":[{"href":"https:\/\/shop.bantam.ch\/de\/wp-json\/wp\/v2\/types\/product"}],"wp:featuredmedia":[{"embeddable":true,"href":"https:\/\/shop.bantam.ch\/de\/wp-json\/wp\/v2\/media\/74238"}],"wp:attachment":[{"href":"https:\/\/shop.bantam.ch\/de\/wp-json\/wp\/v2\/media?parent=74240"}],"wp:term":[{"taxonomy":"product_featured_cat","embeddable":true,"href":"https:\/\/shop.bantam.ch\/de\/wp-json\/wp\/v2\/product_featured_cat?post=74240"},{"taxonomy":"product_brand","embeddable":true,"href":"https:\/\/shop.bantam.ch\/de\/wp-json\/wp\/v2\/product_brand?post=74240"},{"taxonomy":"product_cat","embeddable":true,"href":"https:\/\/shop.bantam.ch\/de\/wp-json\/wp\/v2\/product_cat?post=74240"},{"taxonomy":"product_tag","embeddable":true,"href":"https:\/\/shop.bantam.ch\/de\/wp-json\/wp\/v2\/product_tag?post=74240"}],"curies":[{"name":"wp","href":"https:\/\/api.w.org\/{rel}","templated":true}]}}