{"id":74196,"date":"2023-02-27T23:56:13","date_gmt":"2023-02-27T22:56:13","guid":{"rendered":"http:\/\/shop.bantam.ch\/produit\/batterie-reisemobil-booster-inkl-temperaturfuehler\/"},"modified":"2026-05-01T22:14:02","modified_gmt":"2026-05-01T20:14:02","slug":"batterie-reisemobil-booster-inkl-temperaturfuehler","status":"publish","type":"product","link":"https:\/\/shop.bantam.ch\/de\/produkt\/batterie-reisemobil-booster-inkl-temperaturfuehler\/","title":{"rendered":"Batterie Reisemobil Booster inkl. Temperaturf\u00fchler"},"content":{"rendered":"<p>Die Booster WA121525 sowie WA121545 dienen zum optimalen Aufladen von 12V Blei-S\u00e4ure-, Blei-Gel-, AGM- und Lithium-Batterien w\u00e4hrend der Fahrt (unabh\u00e4ngig von der Lichtmaschinenspannung). Bei Lichtmaschinen mit energiesparenden Ladestrategien (Euro 6) ist der Einsatz eines Boosters unbedingt notwendig, da die Ladespannung sehr stark schwankt (12,6 &#8211; 15,0 V). Bei herk\u00f6mmlichen Lichtmaschinen wird die Wohnraumbatterieladung durch Einsatz der Booster WA121525 und WA121545 ebenfalls verbessert. Bei AGM-Batterien, die eine Ladespannung von 14,7V verlangen, ist die Verwendung eines Boosters unverzichtbar. Die Booster WA121525 \/ WA121545 sind getaktete Aufw\u00e4rts-\/Abw\u00e4rtswandler, die die schwankende Lichtmaschinenspannung ausgleichen und einen hohen Ladestrom zur Verf\u00fcgung stellen. Es sind entsprechende Ladekennlinien f\u00fcr Blei-S\u00e4ure, Blei-Gel, AGM sowie Lithiumbatterien (mit eigenem Batteriemanagement) anw\u00e4hlbar. Ferner besitzen beide Ger\u00e4te eine stromabh\u00e4ngige Umschaltung auf Ladeerhaltung sowie Temperaturkompensation, also die M\u00f6glichkeit, abh\u00e4ngig von der Temperatur der Wohnraumbatterie das Ladeprofil anzupassen. Die empfohlene maximale Batteriekapazit\u00e4t f\u00fcr WA121525 liegt bei 100Ah, dar\u00fcber hinaus sollte man aufgrund der sonst zu hohen Ladezeit den WA121545 einsetzen. Der WA 121545 ist zus\u00e4tzlich inkl. Spannungsf\u00fchler, externer Absicherung und Anschlussmaterial.<\/p>\n","protected":false},"excerpt":{"rendered":"<p>Die Booster WA121525 sowie WA121545 dienen zum optimalen Aufladen von 12V Blei-S\u00e4ure-, Blei-Gel-, AGM- und Lithium-Batterien w\u00e4hrend der Fahrt (unabh\u00e4ngig von der Lichtmaschinenspannung). Bei Lichtmaschinen mit energiesparenden Ladestrategien (Euro 6) ist der Einsatz eines Boosters unbedingt notwendig, da die Ladespannung sehr stark schwankt (12,6 &#8211; 15,0 V). Bei herk\u00f6mmlichen Lichtmaschinen wird die Wohnraumbatterieladung durch Einsatz [&hellip;]<\/p>\n","protected":false},"featured_media":74186,"template":"","meta":{"_acf_changed":false},"product_featured_cat":[],"product_brand":[3079],"product_cat":[4910],"product_tag":[],"class_list":{"0":"post-74196","1":"product","2":"type-product","3":"status-publish","4":"has-post-thumbnail","6":"product_brand-schaudt-de","7":"product_cat-ladebooster","9":"first","10":"instock","11":"taxable","12":"shipping-taxable","13":"purchasable","14":"product-type-variable"},"acf":[],"yoast_head":"<!-- This site is optimized with the Yoast SEO plugin v27.5 - https:\/\/yoast.com\/product\/yoast-seo-wordpress\/ -->\n<title>Batterie Reisemobil Booster inkl. Temperaturf\u00fchler - Bantam<\/title>\n<meta name=\"robots\" content=\"index, follow, max-snippet:-1, max-image-preview:large, max-video-preview:-1\" \/>\n<link rel=\"canonical\" href=\"https:\/\/shop.bantam.ch\/de\/produkt\/batterie-reisemobil-booster-inkl-temperaturfuehler\/\" \/>\n<meta property=\"og:locale\" content=\"de_DE\" \/>\n<meta property=\"og:type\" content=\"article\" \/>\n<meta property=\"og:title\" content=\"Batterie Reisemobil Booster inkl. Temperaturf\u00fchler - Bantam\" \/>\n<meta property=\"og:description\" content=\"Die Booster WA121525 sowie WA121545 dienen zum optimalen Aufladen von 12V Blei-S\u00e4ure-, Blei-Gel-, AGM- und Lithium-Batterien w\u00e4hrend der Fahrt (unabh\u00e4ngig von der Lichtmaschinenspannung). Bei Lichtmaschinen mit energiesparenden Ladestrategien (Euro 6) ist der Einsatz eines Boosters unbedingt notwendig, da die Ladespannung sehr stark schwankt (12,6 &#8211; 15,0 V). Bei herk\u00f6mmlichen Lichtmaschinen wird die Wohnraumbatterieladung durch Einsatz [&hellip;]\" \/>\n<meta property=\"og:url\" content=\"https:\/\/shop.bantam.ch\/de\/produkt\/batterie-reisemobil-booster-inkl-temperaturfuehler\/\" \/>\n<meta property=\"og:site_name\" content=\"Bantam\" \/>\n<meta property=\"article:modified_time\" content=\"2026-05-01T20:14:02+00:00\" \/>\n<meta property=\"og:image\" content=\"https:\/\/shop.bantam.ch\/wp-content\/uploads\/2023\/02\/993173911.jpg\" \/>\n\t<meta property=\"og:image:width\" content=\"1000\" \/>\n\t<meta property=\"og:image:height\" content=\"999\" \/>\n\t<meta property=\"og:image:type\" content=\"image\/jpeg\" \/>\n<meta name=\"twitter:card\" content=\"summary_large_image\" \/>\n<meta name=\"twitter:label1\" content=\"Gesch\u00e4tzte Lesezeit\" \/>\n\t<meta name=\"twitter:data1\" content=\"1\u00a0Minute\" \/>\n<script type=\"application\/ld+json\" class=\"yoast-schema-graph\">{\"@context\":\"https:\\\/\\\/schema.org\",\"@graph\":[{\"@type\":\"WebPage\",\"@id\":\"https:\\\/\\\/shop.bantam.ch\\\/de\\\/produkt\\\/batterie-reisemobil-booster-inkl-temperaturfuehler\\\/\",\"url\":\"https:\\\/\\\/shop.bantam.ch\\\/de\\\/produkt\\\/batterie-reisemobil-booster-inkl-temperaturfuehler\\\/\",\"name\":\"Batterie Reisemobil Booster inkl. Temperaturf\u00fchler - Bantam\",\"isPartOf\":{\"@id\":\"https:\\\/\\\/shop.bantam.ch\\\/de\\\/#website\"},\"primaryImageOfPage\":{\"@id\":\"https:\\\/\\\/shop.bantam.ch\\\/de\\\/produkt\\\/batterie-reisemobil-booster-inkl-temperaturfuehler\\\/#primaryimage\"},\"image\":{\"@id\":\"https:\\\/\\\/shop.bantam.ch\\\/de\\\/produkt\\\/batterie-reisemobil-booster-inkl-temperaturfuehler\\\/#primaryimage\"},\"thumbnailUrl\":\"https:\\\/\\\/shop.bantam.ch\\\/wp-content\\\/uploads\\\/2023\\\/02\\\/993173911.jpg\",\"datePublished\":\"2023-02-27T22:56:13+00:00\",\"dateModified\":\"2026-05-01T20:14:02+00:00\",\"breadcrumb\":{\"@id\":\"https:\\\/\\\/shop.bantam.ch\\\/de\\\/produkt\\\/batterie-reisemobil-booster-inkl-temperaturfuehler\\\/#breadcrumb\"},\"inLanguage\":\"de\",\"potentialAction\":[{\"@type\":\"ReadAction\",\"target\":[\"https:\\\/\\\/shop.bantam.ch\\\/de\\\/produkt\\\/batterie-reisemobil-booster-inkl-temperaturfuehler\\\/\"]}]},{\"@type\":\"ImageObject\",\"inLanguage\":\"de\",\"@id\":\"https:\\\/\\\/shop.bantam.ch\\\/de\\\/produkt\\\/batterie-reisemobil-booster-inkl-temperaturfuehler\\\/#primaryimage\",\"url\":\"https:\\\/\\\/shop.bantam.ch\\\/wp-content\\\/uploads\\\/2023\\\/02\\\/993173911.jpg\",\"contentUrl\":\"https:\\\/\\\/shop.bantam.ch\\\/wp-content\\\/uploads\\\/2023\\\/02\\\/993173911.jpg\",\"width\":1000,\"height\":999},{\"@type\":\"BreadcrumbList\",\"@id\":\"https:\\\/\\\/shop.bantam.ch\\\/de\\\/produkt\\\/batterie-reisemobil-booster-inkl-temperaturfuehler\\\/#breadcrumb\",\"itemListElement\":[{\"@type\":\"ListItem\",\"position\":1,\"name\":\"Accueil\",\"item\":\"https:\\\/\\\/shop.bantam.ch\\\/de\\\/\"},{\"@type\":\"ListItem\",\"position\":2,\"name\":\"Shop\",\"item\":\"https:\\\/\\\/shop.bantam.ch\\\/de\\\/shop\\\/\"},{\"@type\":\"ListItem\",\"position\":3,\"name\":\"Batterie Reisemobil Booster inkl. Temperaturf\u00fchler\"}]},{\"@type\":\"WebSite\",\"@id\":\"https:\\\/\\\/shop.bantam.ch\\\/de\\\/#website\",\"url\":\"https:\\\/\\\/shop.bantam.ch\\\/de\\\/\",\"name\":\"Bantam\",\"description\":\"\",\"publisher\":{\"@id\":\"https:\\\/\\\/shop.bantam.ch\\\/de\\\/#organization\"},\"inLanguage\":\"de\"},{\"@type\":\"Organization\",\"@id\":\"https:\\\/\\\/shop.bantam.ch\\\/de\\\/#organization\",\"name\":\"Bantam\",\"url\":\"https:\\\/\\\/shop.bantam.ch\\\/de\\\/\",\"logo\":{\"@type\":\"ImageObject\",\"inLanguage\":\"de\",\"@id\":\"https:\\\/\\\/shop.bantam.ch\\\/de\\\/#\\\/schema\\\/logo\\\/image\\\/\",\"url\":\"https:\\\/\\\/shop.bantam.ch\\\/wp-content\\\/uploads\\\/2022\\\/12\\\/bantam-logo.png\",\"contentUrl\":\"https:\\\/\\\/shop.bantam.ch\\\/wp-content\\\/uploads\\\/2022\\\/12\\\/bantam-logo.png\",\"width\":320,\"height\":71,\"caption\":\"Bantam\"},\"image\":{\"@id\":\"https:\\\/\\\/shop.bantam.ch\\\/de\\\/#\\\/schema\\\/logo\\\/image\\\/\"}}]}<\/script>\n<!-- \/ Yoast SEO plugin. -->","yoast_head_json":{"title":"Batterie Reisemobil Booster inkl. Temperaturf\u00fchler - Bantam","robots":{"index":"index","follow":"follow","max-snippet":"max-snippet:-1","max-image-preview":"max-image-preview:large","max-video-preview":"max-video-preview:-1"},"canonical":"https:\/\/shop.bantam.ch\/de\/produkt\/batterie-reisemobil-booster-inkl-temperaturfuehler\/","og_locale":"de_DE","og_type":"article","og_title":"Batterie Reisemobil Booster inkl. Temperaturf\u00fchler - Bantam","og_description":"Die Booster WA121525 sowie WA121545 dienen zum optimalen Aufladen von 12V Blei-S\u00e4ure-, Blei-Gel-, AGM- und Lithium-Batterien w\u00e4hrend der Fahrt (unabh\u00e4ngig von der Lichtmaschinenspannung). Bei Lichtmaschinen mit energiesparenden Ladestrategien (Euro 6) ist der Einsatz eines Boosters unbedingt notwendig, da die Ladespannung sehr stark schwankt (12,6 &#8211; 15,0 V). Bei herk\u00f6mmlichen Lichtmaschinen wird die Wohnraumbatterieladung durch Einsatz [&hellip;]","og_url":"https:\/\/shop.bantam.ch\/de\/produkt\/batterie-reisemobil-booster-inkl-temperaturfuehler\/","og_site_name":"Bantam","article_modified_time":"2026-05-01T20:14:02+00:00","og_image":[{"width":1000,"height":999,"url":"https:\/\/shop.bantam.ch\/wp-content\/uploads\/2023\/02\/993173911.jpg","type":"image\/jpeg"}],"twitter_card":"summary_large_image","twitter_misc":{"Gesch\u00e4tzte Lesezeit":"1\u00a0Minute"},"schema":{"@context":"https:\/\/schema.org","@graph":[{"@type":"WebPage","@id":"https:\/\/shop.bantam.ch\/de\/produkt\/batterie-reisemobil-booster-inkl-temperaturfuehler\/","url":"https:\/\/shop.bantam.ch\/de\/produkt\/batterie-reisemobil-booster-inkl-temperaturfuehler\/","name":"Batterie Reisemobil Booster inkl. Temperaturf\u00fchler - Bantam","isPartOf":{"@id":"https:\/\/shop.bantam.ch\/de\/#website"},"primaryImageOfPage":{"@id":"https:\/\/shop.bantam.ch\/de\/produkt\/batterie-reisemobil-booster-inkl-temperaturfuehler\/#primaryimage"},"image":{"@id":"https:\/\/shop.bantam.ch\/de\/produkt\/batterie-reisemobil-booster-inkl-temperaturfuehler\/#primaryimage"},"thumbnailUrl":"https:\/\/shop.bantam.ch\/wp-content\/uploads\/2023\/02\/993173911.jpg","datePublished":"2023-02-27T22:56:13+00:00","dateModified":"2026-05-01T20:14:02+00:00","breadcrumb":{"@id":"https:\/\/shop.bantam.ch\/de\/produkt\/batterie-reisemobil-booster-inkl-temperaturfuehler\/#breadcrumb"},"inLanguage":"de","potentialAction":[{"@type":"ReadAction","target":["https:\/\/shop.bantam.ch\/de\/produkt\/batterie-reisemobil-booster-inkl-temperaturfuehler\/"]}]},{"@type":"ImageObject","inLanguage":"de","@id":"https:\/\/shop.bantam.ch\/de\/produkt\/batterie-reisemobil-booster-inkl-temperaturfuehler\/#primaryimage","url":"https:\/\/shop.bantam.ch\/wp-content\/uploads\/2023\/02\/993173911.jpg","contentUrl":"https:\/\/shop.bantam.ch\/wp-content\/uploads\/2023\/02\/993173911.jpg","width":1000,"height":999},{"@type":"BreadcrumbList","@id":"https:\/\/shop.bantam.ch\/de\/produkt\/batterie-reisemobil-booster-inkl-temperaturfuehler\/#breadcrumb","itemListElement":[{"@type":"ListItem","position":1,"name":"Accueil","item":"https:\/\/shop.bantam.ch\/de\/"},{"@type":"ListItem","position":2,"name":"Shop","item":"https:\/\/shop.bantam.ch\/de\/shop\/"},{"@type":"ListItem","position":3,"name":"Batterie Reisemobil Booster inkl. Temperaturf\u00fchler"}]},{"@type":"WebSite","@id":"https:\/\/shop.bantam.ch\/de\/#website","url":"https:\/\/shop.bantam.ch\/de\/","name":"Bantam","description":"","publisher":{"@id":"https:\/\/shop.bantam.ch\/de\/#organization"},"inLanguage":"de"},{"@type":"Organization","@id":"https:\/\/shop.bantam.ch\/de\/#organization","name":"Bantam","url":"https:\/\/shop.bantam.ch\/de\/","logo":{"@type":"ImageObject","inLanguage":"de","@id":"https:\/\/shop.bantam.ch\/de\/#\/schema\/logo\/image\/","url":"https:\/\/shop.bantam.ch\/wp-content\/uploads\/2022\/12\/bantam-logo.png","contentUrl":"https:\/\/shop.bantam.ch\/wp-content\/uploads\/2022\/12\/bantam-logo.png","width":320,"height":71,"caption":"Bantam"},"image":{"@id":"https:\/\/shop.bantam.ch\/de\/#\/schema\/logo\/image\/"}}]}},"_links":{"self":[{"href":"https:\/\/shop.bantam.ch\/de\/wp-json\/wp\/v2\/product\/74196","targetHints":{"allow":["GET"]}}],"collection":[{"href":"https:\/\/shop.bantam.ch\/de\/wp-json\/wp\/v2\/product"}],"about":[{"href":"https:\/\/shop.bantam.ch\/de\/wp-json\/wp\/v2\/types\/product"}],"wp:featuredmedia":[{"embeddable":true,"href":"https:\/\/shop.bantam.ch\/de\/wp-json\/wp\/v2\/media\/74186"}],"wp:attachment":[{"href":"https:\/\/shop.bantam.ch\/de\/wp-json\/wp\/v2\/media?parent=74196"}],"wp:term":[{"taxonomy":"product_featured_cat","embeddable":true,"href":"https:\/\/shop.bantam.ch\/de\/wp-json\/wp\/v2\/product_featured_cat?post=74196"},{"taxonomy":"product_brand","embeddable":true,"href":"https:\/\/shop.bantam.ch\/de\/wp-json\/wp\/v2\/product_brand?post=74196"},{"taxonomy":"product_cat","embeddable":true,"href":"https:\/\/shop.bantam.ch\/de\/wp-json\/wp\/v2\/product_cat?post=74196"},{"taxonomy":"product_tag","embeddable":true,"href":"https:\/\/shop.bantam.ch\/de\/wp-json\/wp\/v2\/product_tag?post=74196"}],"curies":[{"name":"wp","href":"https:\/\/api.w.org\/{rel}","templated":true}]}}