{"id":73446,"date":"2023-02-27T23:46:07","date_gmt":"2023-02-27T22:46:07","guid":{"rendered":"http:\/\/shop.bantam.ch\/produit\/spiegel-speed-fix-mirror-xxl\/"},"modified":"2026-05-01T22:12:52","modified_gmt":"2026-05-01T20:12:52","slug":"spiegel-speed-fix-mirror-xxl","status":"publish","type":"product","link":"https:\/\/shop.bantam.ch\/de\/produkt\/spiegel-speed-fix-mirror-xxl\/","title":{"rendered":"Spiegel Speed Fix Mirror XXL"},"content":{"rendered":"<p>Das innovative Befestigungssystem des SPEED FIX MIRRORS mit patentiertem Gelenkkopf sorgt nicht nur f\u00fcr extrem stabilen Halt und flexibelste Befestigungsm\u00f6glichkeiten, sondern auch f\u00fcr eine kinderleichte und schnelle Montage. Der hochwertige Spiegel zeichnet sich durch sein besonders aerodynamisches Design aus, wodurch &#8211; in Verbindung mit der stabilen Befestigung &#8211; die Vibrationen w\u00e4hrend der Fahrt auf ein Minimum reduziert werden. Das optische Erscheinungsbild des Caravan Klemmspiegels SPEED FIX MIRROR passt perfekt sowohl zum modernen Caravan-Design als auch zur Linienf\u00fchrung aktueller Zugfahrzeuge. Die Befestigung ist wahlweise oben oder unten am Fahrzeugspiegel m\u00f6glich. Passend ist der hochwertige Klemmspiegel f\u00fcr fast alle g\u00e4ngigen Fahrzeugspiegel. <\/p>\n<ul>\n<li>Mit farbigen Sicherheitsstreifen<\/li>\n<li>Mit extra langem Arm f\u00fcr Wohnwagen mit 2,5 Meter Breite<\/li>\n<\/ul>\n<p>\u00a0<\/p>\n<p>Inhalt:<br \/>2 St\u00fcck<\/p>\n","protected":false},"excerpt":{"rendered":"<p>Das innovative Befestigungssystem des SPEED FIX MIRRORS mit patentiertem Gelenkkopf sorgt nicht nur f\u00fcr extrem stabilen Halt und flexibelste Befestigungsm\u00f6glichkeiten, sondern auch f\u00fcr eine kinderleichte und schnelle Montage. Der hochwertige Spiegel zeichnet sich durch sein besonders aerodynamisches Design aus, wodurch &#8211; in Verbindung mit der stabilen Befestigung &#8211; die Vibrationen w\u00e4hrend der Fahrt auf ein [&hellip;]<\/p>\n","protected":false},"featured_media":73408,"template":"","meta":{"_acf_changed":false},"product_featured_cat":[],"product_brand":[3133],"product_cat":[4832],"product_tag":[],"class_list":{"0":"post-73446","1":"product","2":"type-product","3":"status-publish","4":"has-post-thumbnail","6":"product_brand-easydriver-de","7":"product_cat-wohnwagenspiegel","9":"first","10":"instock","11":"taxable","12":"shipping-taxable","13":"purchasable","14":"product-type-variable"},"acf":[],"yoast_head":"<!-- This site is optimized with the Yoast SEO plugin v27.5 - https:\/\/yoast.com\/product\/yoast-seo-wordpress\/ -->\n<title>Spiegel Speed Fix Mirror XXL - Bantam<\/title>\n<meta name=\"robots\" content=\"index, follow, max-snippet:-1, max-image-preview:large, max-video-preview:-1\" \/>\n<link rel=\"canonical\" href=\"https:\/\/shop.bantam.ch\/de\/produkt\/spiegel-speed-fix-mirror-xxl\/\" \/>\n<meta property=\"og:locale\" content=\"de_DE\" \/>\n<meta property=\"og:type\" content=\"article\" \/>\n<meta property=\"og:title\" content=\"Spiegel Speed Fix Mirror XXL - Bantam\" \/>\n<meta property=\"og:description\" content=\"Das innovative Befestigungssystem des SPEED FIX MIRRORS mit patentiertem Gelenkkopf sorgt nicht nur f\u00fcr extrem stabilen Halt und flexibelste Befestigungsm\u00f6glichkeiten, sondern auch f\u00fcr eine kinderleichte und schnelle Montage. Der hochwertige Spiegel zeichnet sich durch sein besonders aerodynamisches Design aus, wodurch &#8211; in Verbindung mit der stabilen Befestigung &#8211; die Vibrationen w\u00e4hrend der Fahrt auf ein [&hellip;]\" \/>\n<meta property=\"og:url\" content=\"https:\/\/shop.bantam.ch\/de\/produkt\/spiegel-speed-fix-mirror-xxl\/\" \/>\n<meta property=\"og:site_name\" content=\"Bantam\" \/>\n<meta property=\"article:modified_time\" content=\"2026-05-01T20:12:52+00:00\" \/>\n<meta property=\"og:image\" content=\"https:\/\/shop.bantam.ch\/wp-content\/uploads\/2023\/02\/998353311.jpg\" \/>\n\t<meta property=\"og:image:width\" content=\"1000\" \/>\n\t<meta property=\"og:image:height\" content=\"390\" \/>\n\t<meta property=\"og:image:type\" content=\"image\/jpeg\" \/>\n<meta name=\"twitter:card\" content=\"summary_large_image\" \/>\n<meta name=\"twitter:label1\" content=\"Gesch\u00e4tzte Lesezeit\" \/>\n\t<meta name=\"twitter:data1\" content=\"1\u00a0Minute\" \/>\n<script type=\"application\/ld+json\" class=\"yoast-schema-graph\">{\"@context\":\"https:\\\/\\\/schema.org\",\"@graph\":[{\"@type\":\"WebPage\",\"@id\":\"https:\\\/\\\/shop.bantam.ch\\\/de\\\/produkt\\\/spiegel-speed-fix-mirror-xxl\\\/\",\"url\":\"https:\\\/\\\/shop.bantam.ch\\\/de\\\/produkt\\\/spiegel-speed-fix-mirror-xxl\\\/\",\"name\":\"Spiegel Speed Fix Mirror XXL - Bantam\",\"isPartOf\":{\"@id\":\"https:\\\/\\\/shop.bantam.ch\\\/de\\\/#website\"},\"primaryImageOfPage\":{\"@id\":\"https:\\\/\\\/shop.bantam.ch\\\/de\\\/produkt\\\/spiegel-speed-fix-mirror-xxl\\\/#primaryimage\"},\"image\":{\"@id\":\"https:\\\/\\\/shop.bantam.ch\\\/de\\\/produkt\\\/spiegel-speed-fix-mirror-xxl\\\/#primaryimage\"},\"thumbnailUrl\":\"https:\\\/\\\/shop.bantam.ch\\\/wp-content\\\/uploads\\\/2023\\\/02\\\/998353311.jpg\",\"datePublished\":\"2023-02-27T22:46:07+00:00\",\"dateModified\":\"2026-05-01T20:12:52+00:00\",\"breadcrumb\":{\"@id\":\"https:\\\/\\\/shop.bantam.ch\\\/de\\\/produkt\\\/spiegel-speed-fix-mirror-xxl\\\/#breadcrumb\"},\"inLanguage\":\"de\",\"potentialAction\":[{\"@type\":\"ReadAction\",\"target\":[\"https:\\\/\\\/shop.bantam.ch\\\/de\\\/produkt\\\/spiegel-speed-fix-mirror-xxl\\\/\"]}]},{\"@type\":\"ImageObject\",\"inLanguage\":\"de\",\"@id\":\"https:\\\/\\\/shop.bantam.ch\\\/de\\\/produkt\\\/spiegel-speed-fix-mirror-xxl\\\/#primaryimage\",\"url\":\"https:\\\/\\\/shop.bantam.ch\\\/wp-content\\\/uploads\\\/2023\\\/02\\\/998353311.jpg\",\"contentUrl\":\"https:\\\/\\\/shop.bantam.ch\\\/wp-content\\\/uploads\\\/2023\\\/02\\\/998353311.jpg\",\"width\":1000,\"height\":390},{\"@type\":\"BreadcrumbList\",\"@id\":\"https:\\\/\\\/shop.bantam.ch\\\/de\\\/produkt\\\/spiegel-speed-fix-mirror-xxl\\\/#breadcrumb\",\"itemListElement\":[{\"@type\":\"ListItem\",\"position\":1,\"name\":\"Accueil\",\"item\":\"https:\\\/\\\/shop.bantam.ch\\\/de\\\/\"},{\"@type\":\"ListItem\",\"position\":2,\"name\":\"Shop\",\"item\":\"https:\\\/\\\/shop.bantam.ch\\\/de\\\/shop\\\/\"},{\"@type\":\"ListItem\",\"position\":3,\"name\":\"Spiegel Speed Fix Mirror XXL\"}]},{\"@type\":\"WebSite\",\"@id\":\"https:\\\/\\\/shop.bantam.ch\\\/de\\\/#website\",\"url\":\"https:\\\/\\\/shop.bantam.ch\\\/de\\\/\",\"name\":\"Bantam\",\"description\":\"\",\"publisher\":{\"@id\":\"https:\\\/\\\/shop.bantam.ch\\\/de\\\/#organization\"},\"inLanguage\":\"de\"},{\"@type\":\"Organization\",\"@id\":\"https:\\\/\\\/shop.bantam.ch\\\/de\\\/#organization\",\"name\":\"Bantam\",\"url\":\"https:\\\/\\\/shop.bantam.ch\\\/de\\\/\",\"logo\":{\"@type\":\"ImageObject\",\"inLanguage\":\"de\",\"@id\":\"https:\\\/\\\/shop.bantam.ch\\\/de\\\/#\\\/schema\\\/logo\\\/image\\\/\",\"url\":\"https:\\\/\\\/shop.bantam.ch\\\/wp-content\\\/uploads\\\/2022\\\/12\\\/bantam-logo.png\",\"contentUrl\":\"https:\\\/\\\/shop.bantam.ch\\\/wp-content\\\/uploads\\\/2022\\\/12\\\/bantam-logo.png\",\"width\":320,\"height\":71,\"caption\":\"Bantam\"},\"image\":{\"@id\":\"https:\\\/\\\/shop.bantam.ch\\\/de\\\/#\\\/schema\\\/logo\\\/image\\\/\"}}]}<\/script>\n<!-- \/ Yoast SEO plugin. -->","yoast_head_json":{"title":"Spiegel Speed Fix Mirror XXL - Bantam","robots":{"index":"index","follow":"follow","max-snippet":"max-snippet:-1","max-image-preview":"max-image-preview:large","max-video-preview":"max-video-preview:-1"},"canonical":"https:\/\/shop.bantam.ch\/de\/produkt\/spiegel-speed-fix-mirror-xxl\/","og_locale":"de_DE","og_type":"article","og_title":"Spiegel Speed Fix Mirror XXL - Bantam","og_description":"Das innovative Befestigungssystem des SPEED FIX MIRRORS mit patentiertem Gelenkkopf sorgt nicht nur f\u00fcr extrem stabilen Halt und flexibelste Befestigungsm\u00f6glichkeiten, sondern auch f\u00fcr eine kinderleichte und schnelle Montage. Der hochwertige Spiegel zeichnet sich durch sein besonders aerodynamisches Design aus, wodurch &#8211; in Verbindung mit der stabilen Befestigung &#8211; die Vibrationen w\u00e4hrend der Fahrt auf ein [&hellip;]","og_url":"https:\/\/shop.bantam.ch\/de\/produkt\/spiegel-speed-fix-mirror-xxl\/","og_site_name":"Bantam","article_modified_time":"2026-05-01T20:12:52+00:00","og_image":[{"width":1000,"height":390,"url":"https:\/\/shop.bantam.ch\/wp-content\/uploads\/2023\/02\/998353311.jpg","type":"image\/jpeg"}],"twitter_card":"summary_large_image","twitter_misc":{"Gesch\u00e4tzte Lesezeit":"1\u00a0Minute"},"schema":{"@context":"https:\/\/schema.org","@graph":[{"@type":"WebPage","@id":"https:\/\/shop.bantam.ch\/de\/produkt\/spiegel-speed-fix-mirror-xxl\/","url":"https:\/\/shop.bantam.ch\/de\/produkt\/spiegel-speed-fix-mirror-xxl\/","name":"Spiegel Speed Fix Mirror XXL - Bantam","isPartOf":{"@id":"https:\/\/shop.bantam.ch\/de\/#website"},"primaryImageOfPage":{"@id":"https:\/\/shop.bantam.ch\/de\/produkt\/spiegel-speed-fix-mirror-xxl\/#primaryimage"},"image":{"@id":"https:\/\/shop.bantam.ch\/de\/produkt\/spiegel-speed-fix-mirror-xxl\/#primaryimage"},"thumbnailUrl":"https:\/\/shop.bantam.ch\/wp-content\/uploads\/2023\/02\/998353311.jpg","datePublished":"2023-02-27T22:46:07+00:00","dateModified":"2026-05-01T20:12:52+00:00","breadcrumb":{"@id":"https:\/\/shop.bantam.ch\/de\/produkt\/spiegel-speed-fix-mirror-xxl\/#breadcrumb"},"inLanguage":"de","potentialAction":[{"@type":"ReadAction","target":["https:\/\/shop.bantam.ch\/de\/produkt\/spiegel-speed-fix-mirror-xxl\/"]}]},{"@type":"ImageObject","inLanguage":"de","@id":"https:\/\/shop.bantam.ch\/de\/produkt\/spiegel-speed-fix-mirror-xxl\/#primaryimage","url":"https:\/\/shop.bantam.ch\/wp-content\/uploads\/2023\/02\/998353311.jpg","contentUrl":"https:\/\/shop.bantam.ch\/wp-content\/uploads\/2023\/02\/998353311.jpg","width":1000,"height":390},{"@type":"BreadcrumbList","@id":"https:\/\/shop.bantam.ch\/de\/produkt\/spiegel-speed-fix-mirror-xxl\/#breadcrumb","itemListElement":[{"@type":"ListItem","position":1,"name":"Accueil","item":"https:\/\/shop.bantam.ch\/de\/"},{"@type":"ListItem","position":2,"name":"Shop","item":"https:\/\/shop.bantam.ch\/de\/shop\/"},{"@type":"ListItem","position":3,"name":"Spiegel Speed Fix Mirror XXL"}]},{"@type":"WebSite","@id":"https:\/\/shop.bantam.ch\/de\/#website","url":"https:\/\/shop.bantam.ch\/de\/","name":"Bantam","description":"","publisher":{"@id":"https:\/\/shop.bantam.ch\/de\/#organization"},"inLanguage":"de"},{"@type":"Organization","@id":"https:\/\/shop.bantam.ch\/de\/#organization","name":"Bantam","url":"https:\/\/shop.bantam.ch\/de\/","logo":{"@type":"ImageObject","inLanguage":"de","@id":"https:\/\/shop.bantam.ch\/de\/#\/schema\/logo\/image\/","url":"https:\/\/shop.bantam.ch\/wp-content\/uploads\/2022\/12\/bantam-logo.png","contentUrl":"https:\/\/shop.bantam.ch\/wp-content\/uploads\/2022\/12\/bantam-logo.png","width":320,"height":71,"caption":"Bantam"},"image":{"@id":"https:\/\/shop.bantam.ch\/de\/#\/schema\/logo\/image\/"}}]}},"_links":{"self":[{"href":"https:\/\/shop.bantam.ch\/de\/wp-json\/wp\/v2\/product\/73446","targetHints":{"allow":["GET"]}}],"collection":[{"href":"https:\/\/shop.bantam.ch\/de\/wp-json\/wp\/v2\/product"}],"about":[{"href":"https:\/\/shop.bantam.ch\/de\/wp-json\/wp\/v2\/types\/product"}],"wp:featuredmedia":[{"embeddable":true,"href":"https:\/\/shop.bantam.ch\/de\/wp-json\/wp\/v2\/media\/73408"}],"wp:attachment":[{"href":"https:\/\/shop.bantam.ch\/de\/wp-json\/wp\/v2\/media?parent=73446"}],"wp:term":[{"taxonomy":"product_featured_cat","embeddable":true,"href":"https:\/\/shop.bantam.ch\/de\/wp-json\/wp\/v2\/product_featured_cat?post=73446"},{"taxonomy":"product_brand","embeddable":true,"href":"https:\/\/shop.bantam.ch\/de\/wp-json\/wp\/v2\/product_brand?post=73446"},{"taxonomy":"product_cat","embeddable":true,"href":"https:\/\/shop.bantam.ch\/de\/wp-json\/wp\/v2\/product_cat?post=73446"},{"taxonomy":"product_tag","embeddable":true,"href":"https:\/\/shop.bantam.ch\/de\/wp-json\/wp\/v2\/product_tag?post=73446"}],"curies":[{"name":"wp","href":"https:\/\/api.w.org\/{rel}","templated":true}]}}