{"id":73394,"date":"2023-02-27T23:45:42","date_gmt":"2023-02-27T22:45:42","guid":{"rendered":"http:\/\/shop.bantam.ch\/produit\/einhebelmischer-keramik-kama-mit-handbrause-duett-chrom\/"},"modified":"2026-05-02T21:16:31","modified_gmt":"2026-05-02T19:16:31","slug":"einhebelmischer-keramik-kama-mit-handbrause-duett-chrom","status":"publish","type":"product","link":"https:\/\/shop.bantam.ch\/de\/produkt\/einhebelmischer-keramik-kama-mit-handbrause-duett-chrom\/","title":{"rendered":"Einhebelmischer Reich F5 Keramik Kama mit Handbrause Duett Farbe chrom"},"content":{"rendered":"<p>Der Einhebelmischer Duett ist aufgebaut wie eine Haushaltsarmatur. Die erprobte Keramikkartusche b\u00fcrgt f\u00fcr best\u00e4ndigte Qualit\u00e4t. Durch die Feinregulierung der Temperatur und Durchflussmenge \u00e4u\u00dferst sparsam im Wasserverbrauch! Der Auslauf ist um 90\u00b0 drehbar. Die Keramikkartusche und der wasserdichte Mikroschalter sind ohne Ausbau der Armatur von oben zu wechseln. Der Wasserstrahl ist umstellbar von &#8222;Normal\u20ac\u009d auf &#8222;Duschen\u20ac\u009d. Kinderleichte Montage durch 250 mm lange flexible Anschl\u00fcsse. Auslaufl\u00e4nge 215 mm, Montagebohrung 36 mm, Entleerungsanzeige, Gewindel\u00e4nge 35 mm, Farbe chrom.<\/p>\n<p>\u00a0<\/p>\n<ul>\n<li>Anschluss: F5 (Die Zahl hinter der Anschlussart gibt an, bis zu welchem Eingangsdruck die Armatur betrieben werden kann)<\/li>\n<\/ul>\n<p>\u00a0<\/p>\n","protected":false},"excerpt":{"rendered":"<p>Der Einhebelmischer Duett ist aufgebaut wie eine Haushaltsarmatur. Die erprobte Keramikkartusche b\u00fcrgt f\u00fcr best\u00e4ndigte Qualit\u00e4t. Durch die Feinregulierung der Temperatur und Durchflussmenge \u00e4u\u00dferst sparsam im Wasserverbrauch! Der Auslauf ist um 90\u00b0 drehbar. Die Keramikkartusche und der wasserdichte Mikroschalter sind ohne Ausbau der Armatur von oben zu wechseln. Der Wasserstrahl ist umstellbar von &#8222;Normal\u20ac\u009d auf &#8222;Duschen\u20ac\u009d. [&hellip;]<\/p>\n","protected":false},"featured_media":73388,"template":"","meta":{"_acf_changed":false},"product_featured_cat":[],"product_brand":[3113],"product_cat":[4574],"product_tag":[],"class_list":{"0":"post-73394","1":"product","2":"type-product","3":"status-publish","4":"has-post-thumbnail","6":"product_brand-reich-de","7":"product_cat-einhebelmischer-kaltwasserhaehne","9":"first","10":"instock","11":"taxable","12":"shipping-taxable","13":"purchasable","14":"product-type-simple"},"acf":[],"yoast_head":"<!-- This site is optimized with the Yoast SEO plugin v27.5 - https:\/\/yoast.com\/product\/yoast-seo-wordpress\/ -->\n<title>Einhebelmischer Reich F5 Keramik Kama mit Handbrause Duett Farbe chrom - Bantam<\/title>\n<meta name=\"robots\" content=\"index, follow, max-snippet:-1, max-image-preview:large, max-video-preview:-1\" \/>\n<link rel=\"canonical\" href=\"https:\/\/shop.bantam.ch\/de\/produkt\/einhebelmischer-keramik-kama-mit-handbrause-duett-chrom\/\" \/>\n<meta property=\"og:locale\" content=\"de_DE\" \/>\n<meta property=\"og:type\" content=\"article\" \/>\n<meta property=\"og:title\" content=\"Einhebelmischer Reich F5 Keramik Kama mit Handbrause Duett Farbe chrom - Bantam\" \/>\n<meta property=\"og:description\" content=\"Der Einhebelmischer Duett ist aufgebaut wie eine Haushaltsarmatur. Die erprobte Keramikkartusche b\u00fcrgt f\u00fcr best\u00e4ndigte Qualit\u00e4t. Durch die Feinregulierung der Temperatur und Durchflussmenge \u00e4u\u00dferst sparsam im Wasserverbrauch! Der Auslauf ist um 90\u00b0 drehbar. Die Keramikkartusche und der wasserdichte Mikroschalter sind ohne Ausbau der Armatur von oben zu wechseln. Der Wasserstrahl ist umstellbar von &#8222;Normal\u20ac\u009d auf &#8222;Duschen\u20ac\u009d. [&hellip;]\" \/>\n<meta property=\"og:url\" content=\"https:\/\/shop.bantam.ch\/de\/produkt\/einhebelmischer-keramik-kama-mit-handbrause-duett-chrom\/\" \/>\n<meta property=\"og:site_name\" content=\"Bantam\" \/>\n<meta property=\"article:modified_time\" content=\"2026-05-02T19:16:31+00:00\" \/>\n<meta property=\"og:image\" content=\"https:\/\/shop.bantam.ch\/wp-content\/uploads\/2023\/02\/993159311.jpg\" \/>\n\t<meta property=\"og:image:width\" content=\"1000\" \/>\n\t<meta property=\"og:image:height\" content=\"672\" \/>\n\t<meta property=\"og:image:type\" content=\"image\/jpeg\" \/>\n<meta name=\"twitter:card\" content=\"summary_large_image\" \/>\n<script type=\"application\/ld+json\" class=\"yoast-schema-graph\">{\"@context\":\"https:\\\/\\\/schema.org\",\"@graph\":[{\"@type\":\"WebPage\",\"@id\":\"https:\\\/\\\/shop.bantam.ch\\\/de\\\/produkt\\\/einhebelmischer-keramik-kama-mit-handbrause-duett-chrom\\\/\",\"url\":\"https:\\\/\\\/shop.bantam.ch\\\/de\\\/produkt\\\/einhebelmischer-keramik-kama-mit-handbrause-duett-chrom\\\/\",\"name\":\"Einhebelmischer Reich F5 Keramik Kama mit Handbrause Duett Farbe chrom - Bantam\",\"isPartOf\":{\"@id\":\"https:\\\/\\\/shop.bantam.ch\\\/de\\\/#website\"},\"primaryImageOfPage\":{\"@id\":\"https:\\\/\\\/shop.bantam.ch\\\/de\\\/produkt\\\/einhebelmischer-keramik-kama-mit-handbrause-duett-chrom\\\/#primaryimage\"},\"image\":{\"@id\":\"https:\\\/\\\/shop.bantam.ch\\\/de\\\/produkt\\\/einhebelmischer-keramik-kama-mit-handbrause-duett-chrom\\\/#primaryimage\"},\"thumbnailUrl\":\"https:\\\/\\\/shop.bantam.ch\\\/wp-content\\\/uploads\\\/2023\\\/02\\\/993159311.jpg\",\"datePublished\":\"2023-02-27T22:45:42+00:00\",\"dateModified\":\"2026-05-02T19:16:31+00:00\",\"breadcrumb\":{\"@id\":\"https:\\\/\\\/shop.bantam.ch\\\/de\\\/produkt\\\/einhebelmischer-keramik-kama-mit-handbrause-duett-chrom\\\/#breadcrumb\"},\"inLanguage\":\"de\",\"potentialAction\":[{\"@type\":\"ReadAction\",\"target\":[\"https:\\\/\\\/shop.bantam.ch\\\/de\\\/produkt\\\/einhebelmischer-keramik-kama-mit-handbrause-duett-chrom\\\/\"]}]},{\"@type\":\"ImageObject\",\"inLanguage\":\"de\",\"@id\":\"https:\\\/\\\/shop.bantam.ch\\\/de\\\/produkt\\\/einhebelmischer-keramik-kama-mit-handbrause-duett-chrom\\\/#primaryimage\",\"url\":\"https:\\\/\\\/shop.bantam.ch\\\/wp-content\\\/uploads\\\/2023\\\/02\\\/993159311.jpg\",\"contentUrl\":\"https:\\\/\\\/shop.bantam.ch\\\/wp-content\\\/uploads\\\/2023\\\/02\\\/993159311.jpg\",\"width\":1000,\"height\":672},{\"@type\":\"BreadcrumbList\",\"@id\":\"https:\\\/\\\/shop.bantam.ch\\\/de\\\/produkt\\\/einhebelmischer-keramik-kama-mit-handbrause-duett-chrom\\\/#breadcrumb\",\"itemListElement\":[{\"@type\":\"ListItem\",\"position\":1,\"name\":\"Accueil\",\"item\":\"https:\\\/\\\/shop.bantam.ch\\\/de\\\/\"},{\"@type\":\"ListItem\",\"position\":2,\"name\":\"Shop\",\"item\":\"https:\\\/\\\/shop.bantam.ch\\\/de\\\/shop\\\/\"},{\"@type\":\"ListItem\",\"position\":3,\"name\":\"Einhebelmischer Reich F5 Keramik Kama mit Handbrause Duett Farbe chrom\"}]},{\"@type\":\"WebSite\",\"@id\":\"https:\\\/\\\/shop.bantam.ch\\\/de\\\/#website\",\"url\":\"https:\\\/\\\/shop.bantam.ch\\\/de\\\/\",\"name\":\"Bantam\",\"description\":\"\",\"publisher\":{\"@id\":\"https:\\\/\\\/shop.bantam.ch\\\/de\\\/#organization\"},\"inLanguage\":\"de\"},{\"@type\":\"Organization\",\"@id\":\"https:\\\/\\\/shop.bantam.ch\\\/de\\\/#organization\",\"name\":\"Bantam\",\"url\":\"https:\\\/\\\/shop.bantam.ch\\\/de\\\/\",\"logo\":{\"@type\":\"ImageObject\",\"inLanguage\":\"de\",\"@id\":\"https:\\\/\\\/shop.bantam.ch\\\/de\\\/#\\\/schema\\\/logo\\\/image\\\/\",\"url\":\"https:\\\/\\\/shop.bantam.ch\\\/wp-content\\\/uploads\\\/2022\\\/12\\\/bantam-logo.png\",\"contentUrl\":\"https:\\\/\\\/shop.bantam.ch\\\/wp-content\\\/uploads\\\/2022\\\/12\\\/bantam-logo.png\",\"width\":320,\"height\":71,\"caption\":\"Bantam\"},\"image\":{\"@id\":\"https:\\\/\\\/shop.bantam.ch\\\/de\\\/#\\\/schema\\\/logo\\\/image\\\/\"}}]}<\/script>\n<!-- \/ Yoast SEO plugin. -->","yoast_head_json":{"title":"Einhebelmischer Reich F5 Keramik Kama mit Handbrause Duett Farbe chrom - Bantam","robots":{"index":"index","follow":"follow","max-snippet":"max-snippet:-1","max-image-preview":"max-image-preview:large","max-video-preview":"max-video-preview:-1"},"canonical":"https:\/\/shop.bantam.ch\/de\/produkt\/einhebelmischer-keramik-kama-mit-handbrause-duett-chrom\/","og_locale":"de_DE","og_type":"article","og_title":"Einhebelmischer Reich F5 Keramik Kama mit Handbrause Duett Farbe chrom - Bantam","og_description":"Der Einhebelmischer Duett ist aufgebaut wie eine Haushaltsarmatur. Die erprobte Keramikkartusche b\u00fcrgt f\u00fcr best\u00e4ndigte Qualit\u00e4t. Durch die Feinregulierung der Temperatur und Durchflussmenge \u00e4u\u00dferst sparsam im Wasserverbrauch! Der Auslauf ist um 90\u00b0 drehbar. Die Keramikkartusche und der wasserdichte Mikroschalter sind ohne Ausbau der Armatur von oben zu wechseln. Der Wasserstrahl ist umstellbar von &#8222;Normal\u20ac\u009d auf &#8222;Duschen\u20ac\u009d. [&hellip;]","og_url":"https:\/\/shop.bantam.ch\/de\/produkt\/einhebelmischer-keramik-kama-mit-handbrause-duett-chrom\/","og_site_name":"Bantam","article_modified_time":"2026-05-02T19:16:31+00:00","og_image":[{"width":1000,"height":672,"url":"https:\/\/shop.bantam.ch\/wp-content\/uploads\/2023\/02\/993159311.jpg","type":"image\/jpeg"}],"twitter_card":"summary_large_image","schema":{"@context":"https:\/\/schema.org","@graph":[{"@type":"WebPage","@id":"https:\/\/shop.bantam.ch\/de\/produkt\/einhebelmischer-keramik-kama-mit-handbrause-duett-chrom\/","url":"https:\/\/shop.bantam.ch\/de\/produkt\/einhebelmischer-keramik-kama-mit-handbrause-duett-chrom\/","name":"Einhebelmischer Reich F5 Keramik Kama mit Handbrause Duett Farbe chrom - Bantam","isPartOf":{"@id":"https:\/\/shop.bantam.ch\/de\/#website"},"primaryImageOfPage":{"@id":"https:\/\/shop.bantam.ch\/de\/produkt\/einhebelmischer-keramik-kama-mit-handbrause-duett-chrom\/#primaryimage"},"image":{"@id":"https:\/\/shop.bantam.ch\/de\/produkt\/einhebelmischer-keramik-kama-mit-handbrause-duett-chrom\/#primaryimage"},"thumbnailUrl":"https:\/\/shop.bantam.ch\/wp-content\/uploads\/2023\/02\/993159311.jpg","datePublished":"2023-02-27T22:45:42+00:00","dateModified":"2026-05-02T19:16:31+00:00","breadcrumb":{"@id":"https:\/\/shop.bantam.ch\/de\/produkt\/einhebelmischer-keramik-kama-mit-handbrause-duett-chrom\/#breadcrumb"},"inLanguage":"de","potentialAction":[{"@type":"ReadAction","target":["https:\/\/shop.bantam.ch\/de\/produkt\/einhebelmischer-keramik-kama-mit-handbrause-duett-chrom\/"]}]},{"@type":"ImageObject","inLanguage":"de","@id":"https:\/\/shop.bantam.ch\/de\/produkt\/einhebelmischer-keramik-kama-mit-handbrause-duett-chrom\/#primaryimage","url":"https:\/\/shop.bantam.ch\/wp-content\/uploads\/2023\/02\/993159311.jpg","contentUrl":"https:\/\/shop.bantam.ch\/wp-content\/uploads\/2023\/02\/993159311.jpg","width":1000,"height":672},{"@type":"BreadcrumbList","@id":"https:\/\/shop.bantam.ch\/de\/produkt\/einhebelmischer-keramik-kama-mit-handbrause-duett-chrom\/#breadcrumb","itemListElement":[{"@type":"ListItem","position":1,"name":"Accueil","item":"https:\/\/shop.bantam.ch\/de\/"},{"@type":"ListItem","position":2,"name":"Shop","item":"https:\/\/shop.bantam.ch\/de\/shop\/"},{"@type":"ListItem","position":3,"name":"Einhebelmischer Reich F5 Keramik Kama mit Handbrause Duett Farbe chrom"}]},{"@type":"WebSite","@id":"https:\/\/shop.bantam.ch\/de\/#website","url":"https:\/\/shop.bantam.ch\/de\/","name":"Bantam","description":"","publisher":{"@id":"https:\/\/shop.bantam.ch\/de\/#organization"},"inLanguage":"de"},{"@type":"Organization","@id":"https:\/\/shop.bantam.ch\/de\/#organization","name":"Bantam","url":"https:\/\/shop.bantam.ch\/de\/","logo":{"@type":"ImageObject","inLanguage":"de","@id":"https:\/\/shop.bantam.ch\/de\/#\/schema\/logo\/image\/","url":"https:\/\/shop.bantam.ch\/wp-content\/uploads\/2022\/12\/bantam-logo.png","contentUrl":"https:\/\/shop.bantam.ch\/wp-content\/uploads\/2022\/12\/bantam-logo.png","width":320,"height":71,"caption":"Bantam"},"image":{"@id":"https:\/\/shop.bantam.ch\/de\/#\/schema\/logo\/image\/"}}]}},"_links":{"self":[{"href":"https:\/\/shop.bantam.ch\/de\/wp-json\/wp\/v2\/product\/73394","targetHints":{"allow":["GET"]}}],"collection":[{"href":"https:\/\/shop.bantam.ch\/de\/wp-json\/wp\/v2\/product"}],"about":[{"href":"https:\/\/shop.bantam.ch\/de\/wp-json\/wp\/v2\/types\/product"}],"wp:featuredmedia":[{"embeddable":true,"href":"https:\/\/shop.bantam.ch\/de\/wp-json\/wp\/v2\/media\/73388"}],"wp:attachment":[{"href":"https:\/\/shop.bantam.ch\/de\/wp-json\/wp\/v2\/media?parent=73394"}],"wp:term":[{"taxonomy":"product_featured_cat","embeddable":true,"href":"https:\/\/shop.bantam.ch\/de\/wp-json\/wp\/v2\/product_featured_cat?post=73394"},{"taxonomy":"product_brand","embeddable":true,"href":"https:\/\/shop.bantam.ch\/de\/wp-json\/wp\/v2\/product_brand?post=73394"},{"taxonomy":"product_cat","embeddable":true,"href":"https:\/\/shop.bantam.ch\/de\/wp-json\/wp\/v2\/product_cat?post=73394"},{"taxonomy":"product_tag","embeddable":true,"href":"https:\/\/shop.bantam.ch\/de\/wp-json\/wp\/v2\/product_tag?post=73394"}],"curies":[{"name":"wp","href":"https:\/\/api.w.org\/{rel}","templated":true}]}}