{"id":72540,"date":"2023-02-27T23:36:29","date_gmt":"2023-02-27T22:36:29","guid":{"rendered":"http:\/\/shop.bantam.ch\/produit\/cassettentoilette-c-403-l-links-ohne-tuere-weiss\/"},"modified":"2026-04-20T21:16:38","modified_gmt":"2026-04-20T19:16:38","slug":"cassettentoilette-c-403-l-links-ohne-tuere-weiss","status":"publish","type":"product","link":"https:\/\/shop.bantam.ch\/de\/produkt\/cassettentoilette-c-403-l-links-ohne-tuere-weiss\/","title":{"rendered":"Cassettentoilette Thetford C 403 L links ohne T\u00fcre Farbe wei\u00df"},"content":{"rendered":"<p>Diese Baureihe hat verschiedene einzigartige Eigenschaften, einschlie\u00dflich einem F\u00e4kalientank mit R\u00e4dern und einem einklappbaren Handgriff, was die Handhabung vereinfacht. Au\u00dferdem ist der Funktionsmechanismus im F\u00e4kalientank herausnehmbar. Dadurch kann der Tank von innen leicht gereinigt und gepflegt werden, weil eine durchdachte F\u00fcllstandanzeige den F\u00fcllstand im F\u00e4kalientank bzw. im Sp\u00fclwassertank zeigt.<\/p>\n<p>Vorteile<\/p>\n<ul>\n<li>Optimale Platzausnutzung<\/li>\n<li>Leichter, hochwertiger Kunststoff<\/li>\n<li>Langlebig, Benutzer- und Wartungsfreundlich<\/li>\n<li>Leistungsstarkes Sp\u00fclsystem<\/li>\n<\/ul>\n<ul>\n<li>Ausrichtung: links ohne T\u00fcre<\/li>\n<li>Sp\u00fclsystem: Elektrisch<\/li>\n<li>Sitzh\u00f6he: 47,3 cm<\/li>\n<li>Kapazit\u00e4t F\u00e4kalientank: 19,3 l<\/li>\n<li>Kapazit\u00e4t Sp\u00fclwassertank: &#8211;<\/li>\n<\/ul>\n","protected":false},"excerpt":{"rendered":"<p>Diese Baureihe hat verschiedene einzigartige Eigenschaften, einschlie\u00dflich einem F\u00e4kalientank mit R\u00e4dern und einem einklappbaren Handgriff, was die Handhabung vereinfacht. Au\u00dferdem ist der Funktionsmechanismus im F\u00e4kalientank herausnehmbar. Dadurch kann der Tank von innen leicht gereinigt und gepflegt werden, weil eine durchdachte F\u00fcllstandanzeige den F\u00fcllstand im F\u00e4kalientank bzw. im Sp\u00fclwassertank zeigt. Vorteile Optimale Platzausnutzung Leichter, hochwertiger Kunststoff [&hellip;]<\/p>\n","protected":false},"featured_media":72536,"template":"","meta":{"_acf_changed":false},"product_featured_cat":[],"product_brand":[3067],"product_cat":[4596],"product_tag":[],"class_list":{"0":"post-72540","1":"product","2":"type-product","3":"status-publish","4":"has-post-thumbnail","6":"product_brand-thetford-de","7":"product_cat-einbautoiletten","9":"first","10":"instock","11":"taxable","12":"shipping-taxable","13":"purchasable","14":"product-type-simple"},"acf":[],"yoast_head":"<!-- This site is optimized with the Yoast SEO plugin v27.4 - https:\/\/yoast.com\/product\/yoast-seo-wordpress\/ -->\n<title>Cassettentoilette Thetford C 403 L links ohne T\u00fcre Farbe wei\u00df - Bantam Camping AG<\/title>\n<meta name=\"robots\" content=\"index, follow, max-snippet:-1, max-image-preview:large, max-video-preview:-1\" \/>\n<link rel=\"canonical\" href=\"https:\/\/shop.bantam.ch\/de\/produkt\/cassettentoilette-c-403-l-links-ohne-tuere-weiss\/\" \/>\n<meta property=\"og:locale\" content=\"de_DE\" \/>\n<meta property=\"og:type\" content=\"article\" \/>\n<meta property=\"og:title\" content=\"Cassettentoilette Thetford C 403 L links ohne T\u00fcre Farbe wei\u00df - Bantam Camping AG\" \/>\n<meta property=\"og:description\" content=\"Diese Baureihe hat verschiedene einzigartige Eigenschaften, einschlie\u00dflich einem F\u00e4kalientank mit R\u00e4dern und einem einklappbaren Handgriff, was die Handhabung vereinfacht. Au\u00dferdem ist der Funktionsmechanismus im F\u00e4kalientank herausnehmbar. Dadurch kann der Tank von innen leicht gereinigt und gepflegt werden, weil eine durchdachte F\u00fcllstandanzeige den F\u00fcllstand im F\u00e4kalientank bzw. im Sp\u00fclwassertank zeigt. Vorteile Optimale Platzausnutzung Leichter, hochwertiger Kunststoff [&hellip;]\" \/>\n<meta property=\"og:url\" content=\"https:\/\/shop.bantam.ch\/de\/produkt\/cassettentoilette-c-403-l-links-ohne-tuere-weiss\/\" \/>\n<meta property=\"og:site_name\" content=\"Bantam Camping AG\" \/>\n<meta property=\"article:modified_time\" content=\"2026-04-20T19:16:38+00:00\" \/>\n<meta property=\"og:image\" content=\"https:\/\/shop.bantam.ch\/wp-content\/uploads\/2023\/02\/993156911.jpg\" \/>\n\t<meta property=\"og:image:width\" content=\"1000\" \/>\n\t<meta property=\"og:image:height\" content=\"1000\" \/>\n\t<meta property=\"og:image:type\" content=\"image\/jpeg\" \/>\n<meta name=\"twitter:card\" content=\"summary_large_image\" \/>\n<script type=\"application\/ld+json\" class=\"yoast-schema-graph\">{\"@context\":\"https:\\\/\\\/schema.org\",\"@graph\":[{\"@type\":\"WebPage\",\"@id\":\"https:\\\/\\\/shop.bantam.ch\\\/de\\\/produkt\\\/cassettentoilette-c-403-l-links-ohne-tuere-weiss\\\/\",\"url\":\"https:\\\/\\\/shop.bantam.ch\\\/de\\\/produkt\\\/cassettentoilette-c-403-l-links-ohne-tuere-weiss\\\/\",\"name\":\"Cassettentoilette Thetford C 403 L links ohne T\u00fcre Farbe wei\u00df - Bantam Camping AG\",\"isPartOf\":{\"@id\":\"https:\\\/\\\/shop.bantam.ch\\\/de\\\/#website\"},\"primaryImageOfPage\":{\"@id\":\"https:\\\/\\\/shop.bantam.ch\\\/de\\\/produkt\\\/cassettentoilette-c-403-l-links-ohne-tuere-weiss\\\/#primaryimage\"},\"image\":{\"@id\":\"https:\\\/\\\/shop.bantam.ch\\\/de\\\/produkt\\\/cassettentoilette-c-403-l-links-ohne-tuere-weiss\\\/#primaryimage\"},\"thumbnailUrl\":\"https:\\\/\\\/shop.bantam.ch\\\/wp-content\\\/uploads\\\/2023\\\/02\\\/993156911.jpg\",\"datePublished\":\"2023-02-27T22:36:29+00:00\",\"dateModified\":\"2026-04-20T19:16:38+00:00\",\"breadcrumb\":{\"@id\":\"https:\\\/\\\/shop.bantam.ch\\\/de\\\/produkt\\\/cassettentoilette-c-403-l-links-ohne-tuere-weiss\\\/#breadcrumb\"},\"inLanguage\":\"de\",\"potentialAction\":[{\"@type\":\"ReadAction\",\"target\":[\"https:\\\/\\\/shop.bantam.ch\\\/de\\\/produkt\\\/cassettentoilette-c-403-l-links-ohne-tuere-weiss\\\/\"]}]},{\"@type\":\"ImageObject\",\"inLanguage\":\"de\",\"@id\":\"https:\\\/\\\/shop.bantam.ch\\\/de\\\/produkt\\\/cassettentoilette-c-403-l-links-ohne-tuere-weiss\\\/#primaryimage\",\"url\":\"https:\\\/\\\/shop.bantam.ch\\\/wp-content\\\/uploads\\\/2023\\\/02\\\/993156911.jpg\",\"contentUrl\":\"https:\\\/\\\/shop.bantam.ch\\\/wp-content\\\/uploads\\\/2023\\\/02\\\/993156911.jpg\",\"width\":1000,\"height\":1000},{\"@type\":\"BreadcrumbList\",\"@id\":\"https:\\\/\\\/shop.bantam.ch\\\/de\\\/produkt\\\/cassettentoilette-c-403-l-links-ohne-tuere-weiss\\\/#breadcrumb\",\"itemListElement\":[{\"@type\":\"ListItem\",\"position\":1,\"name\":\"Accueil\",\"item\":\"https:\\\/\\\/shop.bantam.ch\\\/de\\\/\"},{\"@type\":\"ListItem\",\"position\":2,\"name\":\"Shop\",\"item\":\"https:\\\/\\\/shop.bantam.ch\\\/de\\\/shop\\\/\"},{\"@type\":\"ListItem\",\"position\":3,\"name\":\"Cassettentoilette Thetford C 403 L links ohne T\u00fcre Farbe wei\u00df\"}]},{\"@type\":\"WebSite\",\"@id\":\"https:\\\/\\\/shop.bantam.ch\\\/de\\\/#website\",\"url\":\"https:\\\/\\\/shop.bantam.ch\\\/de\\\/\",\"name\":\"Bantam Camping AG\",\"description\":\"\",\"publisher\":{\"@id\":\"https:\\\/\\\/shop.bantam.ch\\\/de\\\/#organization\"},\"inLanguage\":\"de\"},{\"@type\":\"Organization\",\"@id\":\"https:\\\/\\\/shop.bantam.ch\\\/de\\\/#organization\",\"name\":\"Bantam Camping AG\",\"url\":\"https:\\\/\\\/shop.bantam.ch\\\/de\\\/\",\"logo\":{\"@type\":\"ImageObject\",\"inLanguage\":\"de\",\"@id\":\"https:\\\/\\\/shop.bantam.ch\\\/de\\\/#\\\/schema\\\/logo\\\/image\\\/\",\"url\":\"https:\\\/\\\/shop.bantam.ch\\\/wp-content\\\/uploads\\\/2022\\\/12\\\/bantam-logo.png\",\"contentUrl\":\"https:\\\/\\\/shop.bantam.ch\\\/wp-content\\\/uploads\\\/2022\\\/12\\\/bantam-logo.png\",\"width\":320,\"height\":71,\"caption\":\"Bantam Camping AG\"},\"image\":{\"@id\":\"https:\\\/\\\/shop.bantam.ch\\\/de\\\/#\\\/schema\\\/logo\\\/image\\\/\"}}]}<\/script>\n<!-- \/ Yoast SEO plugin. -->","yoast_head_json":{"title":"Cassettentoilette Thetford C 403 L links ohne T\u00fcre Farbe wei\u00df - Bantam Camping AG","robots":{"index":"index","follow":"follow","max-snippet":"max-snippet:-1","max-image-preview":"max-image-preview:large","max-video-preview":"max-video-preview:-1"},"canonical":"https:\/\/shop.bantam.ch\/de\/produkt\/cassettentoilette-c-403-l-links-ohne-tuere-weiss\/","og_locale":"de_DE","og_type":"article","og_title":"Cassettentoilette Thetford C 403 L links ohne T\u00fcre Farbe wei\u00df - Bantam Camping AG","og_description":"Diese Baureihe hat verschiedene einzigartige Eigenschaften, einschlie\u00dflich einem F\u00e4kalientank mit R\u00e4dern und einem einklappbaren Handgriff, was die Handhabung vereinfacht. Au\u00dferdem ist der Funktionsmechanismus im F\u00e4kalientank herausnehmbar. Dadurch kann der Tank von innen leicht gereinigt und gepflegt werden, weil eine durchdachte F\u00fcllstandanzeige den F\u00fcllstand im F\u00e4kalientank bzw. im Sp\u00fclwassertank zeigt. Vorteile Optimale Platzausnutzung Leichter, hochwertiger Kunststoff [&hellip;]","og_url":"https:\/\/shop.bantam.ch\/de\/produkt\/cassettentoilette-c-403-l-links-ohne-tuere-weiss\/","og_site_name":"Bantam Camping AG","article_modified_time":"2026-04-20T19:16:38+00:00","og_image":[{"width":1000,"height":1000,"url":"https:\/\/shop.bantam.ch\/wp-content\/uploads\/2023\/02\/993156911.jpg","type":"image\/jpeg"}],"twitter_card":"summary_large_image","schema":{"@context":"https:\/\/schema.org","@graph":[{"@type":"WebPage","@id":"https:\/\/shop.bantam.ch\/de\/produkt\/cassettentoilette-c-403-l-links-ohne-tuere-weiss\/","url":"https:\/\/shop.bantam.ch\/de\/produkt\/cassettentoilette-c-403-l-links-ohne-tuere-weiss\/","name":"Cassettentoilette Thetford C 403 L links ohne T\u00fcre Farbe wei\u00df - Bantam Camping AG","isPartOf":{"@id":"https:\/\/shop.bantam.ch\/de\/#website"},"primaryImageOfPage":{"@id":"https:\/\/shop.bantam.ch\/de\/produkt\/cassettentoilette-c-403-l-links-ohne-tuere-weiss\/#primaryimage"},"image":{"@id":"https:\/\/shop.bantam.ch\/de\/produkt\/cassettentoilette-c-403-l-links-ohne-tuere-weiss\/#primaryimage"},"thumbnailUrl":"https:\/\/shop.bantam.ch\/wp-content\/uploads\/2023\/02\/993156911.jpg","datePublished":"2023-02-27T22:36:29+00:00","dateModified":"2026-04-20T19:16:38+00:00","breadcrumb":{"@id":"https:\/\/shop.bantam.ch\/de\/produkt\/cassettentoilette-c-403-l-links-ohne-tuere-weiss\/#breadcrumb"},"inLanguage":"de","potentialAction":[{"@type":"ReadAction","target":["https:\/\/shop.bantam.ch\/de\/produkt\/cassettentoilette-c-403-l-links-ohne-tuere-weiss\/"]}]},{"@type":"ImageObject","inLanguage":"de","@id":"https:\/\/shop.bantam.ch\/de\/produkt\/cassettentoilette-c-403-l-links-ohne-tuere-weiss\/#primaryimage","url":"https:\/\/shop.bantam.ch\/wp-content\/uploads\/2023\/02\/993156911.jpg","contentUrl":"https:\/\/shop.bantam.ch\/wp-content\/uploads\/2023\/02\/993156911.jpg","width":1000,"height":1000},{"@type":"BreadcrumbList","@id":"https:\/\/shop.bantam.ch\/de\/produkt\/cassettentoilette-c-403-l-links-ohne-tuere-weiss\/#breadcrumb","itemListElement":[{"@type":"ListItem","position":1,"name":"Accueil","item":"https:\/\/shop.bantam.ch\/de\/"},{"@type":"ListItem","position":2,"name":"Shop","item":"https:\/\/shop.bantam.ch\/de\/shop\/"},{"@type":"ListItem","position":3,"name":"Cassettentoilette Thetford C 403 L links ohne T\u00fcre Farbe wei\u00df"}]},{"@type":"WebSite","@id":"https:\/\/shop.bantam.ch\/de\/#website","url":"https:\/\/shop.bantam.ch\/de\/","name":"Bantam Camping AG","description":"","publisher":{"@id":"https:\/\/shop.bantam.ch\/de\/#organization"},"inLanguage":"de"},{"@type":"Organization","@id":"https:\/\/shop.bantam.ch\/de\/#organization","name":"Bantam Camping AG","url":"https:\/\/shop.bantam.ch\/de\/","logo":{"@type":"ImageObject","inLanguage":"de","@id":"https:\/\/shop.bantam.ch\/de\/#\/schema\/logo\/image\/","url":"https:\/\/shop.bantam.ch\/wp-content\/uploads\/2022\/12\/bantam-logo.png","contentUrl":"https:\/\/shop.bantam.ch\/wp-content\/uploads\/2022\/12\/bantam-logo.png","width":320,"height":71,"caption":"Bantam Camping AG"},"image":{"@id":"https:\/\/shop.bantam.ch\/de\/#\/schema\/logo\/image\/"}}]}},"_links":{"self":[{"href":"https:\/\/shop.bantam.ch\/de\/wp-json\/wp\/v2\/product\/72540","targetHints":{"allow":["GET"]}}],"collection":[{"href":"https:\/\/shop.bantam.ch\/de\/wp-json\/wp\/v2\/product"}],"about":[{"href":"https:\/\/shop.bantam.ch\/de\/wp-json\/wp\/v2\/types\/product"}],"wp:featuredmedia":[{"embeddable":true,"href":"https:\/\/shop.bantam.ch\/de\/wp-json\/wp\/v2\/media\/72536"}],"wp:attachment":[{"href":"https:\/\/shop.bantam.ch\/de\/wp-json\/wp\/v2\/media?parent=72540"}],"wp:term":[{"taxonomy":"product_featured_cat","embeddable":true,"href":"https:\/\/shop.bantam.ch\/de\/wp-json\/wp\/v2\/product_featured_cat?post=72540"},{"taxonomy":"product_brand","embeddable":true,"href":"https:\/\/shop.bantam.ch\/de\/wp-json\/wp\/v2\/product_brand?post=72540"},{"taxonomy":"product_cat","embeddable":true,"href":"https:\/\/shop.bantam.ch\/de\/wp-json\/wp\/v2\/product_cat?post=72540"},{"taxonomy":"product_tag","embeddable":true,"href":"https:\/\/shop.bantam.ch\/de\/wp-json\/wp\/v2\/product_tag?post=72540"}],"curies":[{"name":"wp","href":"https:\/\/api.w.org\/{rel}","templated":true}]}}