{"id":72358,"date":"2023-02-27T23:33:08","date_gmt":"2023-02-27T22:33:08","guid":{"rendered":"http:\/\/shop.bantam.ch\/produit\/markisentuch-halter-fixgo-antiflap\/"},"modified":"2026-04-21T21:16:46","modified_gmt":"2026-04-21T19:16:46","slug":"markisentuch-halter-fixgo-antiflap","status":"publish","type":"product","link":"https:\/\/shop.bantam.ch\/de\/produkt\/markisentuch-halter-fixgo-antiflap\/","title":{"rendered":"Markisentuch-Halter Peggy Peg Fix&amp;Go AntiFlap Inhalt 2 St\u00fcck"},"content":{"rendered":"<p>Fix&amp;Go AntiFlap Markisenklemme reduziert das nervige \u20ac\u0161Flapperger\u00e4usch&#8216; fast g\u00e4nzlich. Einfach die Klemmvorrichtung seitlich auf das Tuch schieben, an vorhandenen, beidseitig angebrachten Raftern bzw. Federstangen des Markisenherstellers anlegen, den Exenterhebel andrehen und durch Umlegen verschlie\u00dfen. Die Klemmkissen halten das Tuch fest ohne es zu besch\u00e4digen. Anschlie\u00dfend werden Silikontapes um die Stange gespannt und in die, je nach Stangenumfang, entsprechende Rasterlochung eingehakt. Wer mehr Sicherheit haben will, der schiebt unseren optional erh\u00e4ltlichen TieStrap in den eingebauten Keder. Dieser wird beim Spannen durch den Exenterhebel in der Kederschiene festgeklemmt, so dass der T-Connector des TieStrap sich nicht herausarbeiten kann. Weit ausladende Markisen lassen sich nat\u00fcrlich durch mehrere AntiFlap&#8217;s pro Seite noch besser abspannen.<br \/>Fix&amp;Go AntiFlap ist mit fast allen Markisensystemen kompatibel, egal ob mit runden, ovalen oder eckigen Rafterstangen. <\/p>\n<p>Ben\u00f6tigt: <br \/>2 Rafter des Markisenherstellers, optional TieStrap Peggy Peg<\/p>\n<p>Inhalt:<br \/>2 St\u00fcck<\/p>\n","protected":false},"excerpt":{"rendered":"<p>Fix&amp;Go AntiFlap Markisenklemme reduziert das nervige \u20ac\u0161Flapperger\u00e4usch&#8216; fast g\u00e4nzlich. Einfach die Klemmvorrichtung seitlich auf das Tuch schieben, an vorhandenen, beidseitig angebrachten Raftern bzw. Federstangen des Markisenherstellers anlegen, den Exenterhebel andrehen und durch Umlegen verschlie\u00dfen. Die Klemmkissen halten das Tuch fest ohne es zu besch\u00e4digen. Anschlie\u00dfend werden Silikontapes um die Stange gespannt und in die, je [&hellip;]<\/p>\n","protected":false},"featured_media":72348,"template":"","meta":{"_acf_changed":false},"product_featured_cat":[],"product_brand":[3117],"product_cat":[4228],"product_tag":[],"class_list":{"0":"post-72358","1":"product","2":"type-product","3":"status-publish","4":"has-post-thumbnail","6":"product_brand-peggy-peg-de","7":"product_cat-markisen-befestigung","9":"first","10":"instock","11":"taxable","12":"shipping-taxable","13":"purchasable","14":"product-type-simple"},"acf":[],"yoast_head":"<!-- This site is optimized with the Yoast SEO plugin v27.4 - https:\/\/yoast.com\/product\/yoast-seo-wordpress\/ -->\n<title>Markisentuch-Halter Peggy Peg Fix&amp;Go AntiFlap Inhalt 2 St\u00fcck - Bantam Camping AG<\/title>\n<meta name=\"robots\" content=\"index, follow, max-snippet:-1, max-image-preview:large, max-video-preview:-1\" \/>\n<link rel=\"canonical\" href=\"https:\/\/shop.bantam.ch\/de\/produkt\/markisentuch-halter-fixgo-antiflap\/\" \/>\n<meta property=\"og:locale\" content=\"de_DE\" \/>\n<meta property=\"og:type\" content=\"article\" \/>\n<meta property=\"og:title\" content=\"Markisentuch-Halter Peggy Peg Fix&amp;Go AntiFlap Inhalt 2 St\u00fcck - Bantam Camping AG\" \/>\n<meta property=\"og:description\" content=\"Fix&amp;Go AntiFlap Markisenklemme reduziert das nervige \u20ac\u0161Flapperger\u00e4usch&#8216; fast g\u00e4nzlich. Einfach die Klemmvorrichtung seitlich auf das Tuch schieben, an vorhandenen, beidseitig angebrachten Raftern bzw. Federstangen des Markisenherstellers anlegen, den Exenterhebel andrehen und durch Umlegen verschlie\u00dfen. Die Klemmkissen halten das Tuch fest ohne es zu besch\u00e4digen. Anschlie\u00dfend werden Silikontapes um die Stange gespannt und in die, je [&hellip;]\" \/>\n<meta property=\"og:url\" content=\"https:\/\/shop.bantam.ch\/de\/produkt\/markisentuch-halter-fixgo-antiflap\/\" \/>\n<meta property=\"og:site_name\" content=\"Bantam Camping AG\" \/>\n<meta property=\"article:modified_time\" content=\"2026-04-21T19:16:46+00:00\" \/>\n<meta property=\"og:image\" content=\"https:\/\/shop.bantam.ch\/wp-content\/uploads\/2023\/02\/994148111.jpg\" \/>\n\t<meta property=\"og:image:width\" content=\"1000\" \/>\n\t<meta property=\"og:image:height\" content=\"750\" \/>\n\t<meta property=\"og:image:type\" content=\"image\/jpeg\" \/>\n<meta name=\"twitter:card\" content=\"summary_large_image\" \/>\n<meta name=\"twitter:label1\" content=\"Gesch\u00e4tzte Lesezeit\" \/>\n\t<meta name=\"twitter:data1\" content=\"1\u00a0Minute\" \/>\n<script type=\"application\/ld+json\" class=\"yoast-schema-graph\">{\"@context\":\"https:\\\/\\\/schema.org\",\"@graph\":[{\"@type\":\"WebPage\",\"@id\":\"https:\\\/\\\/shop.bantam.ch\\\/de\\\/produkt\\\/markisentuch-halter-fixgo-antiflap\\\/\",\"url\":\"https:\\\/\\\/shop.bantam.ch\\\/de\\\/produkt\\\/markisentuch-halter-fixgo-antiflap\\\/\",\"name\":\"Markisentuch-Halter Peggy Peg Fix&amp;Go AntiFlap Inhalt 2 St\u00fcck - Bantam Camping AG\",\"isPartOf\":{\"@id\":\"https:\\\/\\\/shop.bantam.ch\\\/de\\\/#website\"},\"primaryImageOfPage\":{\"@id\":\"https:\\\/\\\/shop.bantam.ch\\\/de\\\/produkt\\\/markisentuch-halter-fixgo-antiflap\\\/#primaryimage\"},\"image\":{\"@id\":\"https:\\\/\\\/shop.bantam.ch\\\/de\\\/produkt\\\/markisentuch-halter-fixgo-antiflap\\\/#primaryimage\"},\"thumbnailUrl\":\"https:\\\/\\\/shop.bantam.ch\\\/wp-content\\\/uploads\\\/2023\\\/02\\\/994148111.jpg\",\"datePublished\":\"2023-02-27T22:33:08+00:00\",\"dateModified\":\"2026-04-21T19:16:46+00:00\",\"breadcrumb\":{\"@id\":\"https:\\\/\\\/shop.bantam.ch\\\/de\\\/produkt\\\/markisentuch-halter-fixgo-antiflap\\\/#breadcrumb\"},\"inLanguage\":\"de\",\"potentialAction\":[{\"@type\":\"ReadAction\",\"target\":[\"https:\\\/\\\/shop.bantam.ch\\\/de\\\/produkt\\\/markisentuch-halter-fixgo-antiflap\\\/\"]}]},{\"@type\":\"ImageObject\",\"inLanguage\":\"de\",\"@id\":\"https:\\\/\\\/shop.bantam.ch\\\/de\\\/produkt\\\/markisentuch-halter-fixgo-antiflap\\\/#primaryimage\",\"url\":\"https:\\\/\\\/shop.bantam.ch\\\/wp-content\\\/uploads\\\/2023\\\/02\\\/994148111.jpg\",\"contentUrl\":\"https:\\\/\\\/shop.bantam.ch\\\/wp-content\\\/uploads\\\/2023\\\/02\\\/994148111.jpg\",\"width\":1000,\"height\":750},{\"@type\":\"BreadcrumbList\",\"@id\":\"https:\\\/\\\/shop.bantam.ch\\\/de\\\/produkt\\\/markisentuch-halter-fixgo-antiflap\\\/#breadcrumb\",\"itemListElement\":[{\"@type\":\"ListItem\",\"position\":1,\"name\":\"Accueil\",\"item\":\"https:\\\/\\\/shop.bantam.ch\\\/de\\\/\"},{\"@type\":\"ListItem\",\"position\":2,\"name\":\"Shop\",\"item\":\"https:\\\/\\\/shop.bantam.ch\\\/de\\\/shop\\\/\"},{\"@type\":\"ListItem\",\"position\":3,\"name\":\"Markisentuch-Halter Peggy Peg Fix&amp;Go AntiFlap Inhalt 2 St\u00fcck\"}]},{\"@type\":\"WebSite\",\"@id\":\"https:\\\/\\\/shop.bantam.ch\\\/de\\\/#website\",\"url\":\"https:\\\/\\\/shop.bantam.ch\\\/de\\\/\",\"name\":\"Bantam Camping AG\",\"description\":\"\",\"publisher\":{\"@id\":\"https:\\\/\\\/shop.bantam.ch\\\/de\\\/#organization\"},\"inLanguage\":\"de\"},{\"@type\":\"Organization\",\"@id\":\"https:\\\/\\\/shop.bantam.ch\\\/de\\\/#organization\",\"name\":\"Bantam Camping AG\",\"url\":\"https:\\\/\\\/shop.bantam.ch\\\/de\\\/\",\"logo\":{\"@type\":\"ImageObject\",\"inLanguage\":\"de\",\"@id\":\"https:\\\/\\\/shop.bantam.ch\\\/de\\\/#\\\/schema\\\/logo\\\/image\\\/\",\"url\":\"https:\\\/\\\/shop.bantam.ch\\\/wp-content\\\/uploads\\\/2022\\\/12\\\/bantam-logo.png\",\"contentUrl\":\"https:\\\/\\\/shop.bantam.ch\\\/wp-content\\\/uploads\\\/2022\\\/12\\\/bantam-logo.png\",\"width\":320,\"height\":71,\"caption\":\"Bantam Camping AG\"},\"image\":{\"@id\":\"https:\\\/\\\/shop.bantam.ch\\\/de\\\/#\\\/schema\\\/logo\\\/image\\\/\"}}]}<\/script>\n<!-- \/ Yoast SEO plugin. -->","yoast_head_json":{"title":"Markisentuch-Halter Peggy Peg Fix&amp;Go AntiFlap Inhalt 2 St\u00fcck - Bantam Camping AG","robots":{"index":"index","follow":"follow","max-snippet":"max-snippet:-1","max-image-preview":"max-image-preview:large","max-video-preview":"max-video-preview:-1"},"canonical":"https:\/\/shop.bantam.ch\/de\/produkt\/markisentuch-halter-fixgo-antiflap\/","og_locale":"de_DE","og_type":"article","og_title":"Markisentuch-Halter Peggy Peg Fix&amp;Go AntiFlap Inhalt 2 St\u00fcck - Bantam Camping AG","og_description":"Fix&amp;Go AntiFlap Markisenklemme reduziert das nervige \u20ac\u0161Flapperger\u00e4usch&#8216; fast g\u00e4nzlich. Einfach die Klemmvorrichtung seitlich auf das Tuch schieben, an vorhandenen, beidseitig angebrachten Raftern bzw. Federstangen des Markisenherstellers anlegen, den Exenterhebel andrehen und durch Umlegen verschlie\u00dfen. Die Klemmkissen halten das Tuch fest ohne es zu besch\u00e4digen. Anschlie\u00dfend werden Silikontapes um die Stange gespannt und in die, je [&hellip;]","og_url":"https:\/\/shop.bantam.ch\/de\/produkt\/markisentuch-halter-fixgo-antiflap\/","og_site_name":"Bantam Camping AG","article_modified_time":"2026-04-21T19:16:46+00:00","og_image":[{"width":1000,"height":750,"url":"https:\/\/shop.bantam.ch\/wp-content\/uploads\/2023\/02\/994148111.jpg","type":"image\/jpeg"}],"twitter_card":"summary_large_image","twitter_misc":{"Gesch\u00e4tzte Lesezeit":"1\u00a0Minute"},"schema":{"@context":"https:\/\/schema.org","@graph":[{"@type":"WebPage","@id":"https:\/\/shop.bantam.ch\/de\/produkt\/markisentuch-halter-fixgo-antiflap\/","url":"https:\/\/shop.bantam.ch\/de\/produkt\/markisentuch-halter-fixgo-antiflap\/","name":"Markisentuch-Halter Peggy Peg Fix&amp;Go AntiFlap Inhalt 2 St\u00fcck - Bantam Camping AG","isPartOf":{"@id":"https:\/\/shop.bantam.ch\/de\/#website"},"primaryImageOfPage":{"@id":"https:\/\/shop.bantam.ch\/de\/produkt\/markisentuch-halter-fixgo-antiflap\/#primaryimage"},"image":{"@id":"https:\/\/shop.bantam.ch\/de\/produkt\/markisentuch-halter-fixgo-antiflap\/#primaryimage"},"thumbnailUrl":"https:\/\/shop.bantam.ch\/wp-content\/uploads\/2023\/02\/994148111.jpg","datePublished":"2023-02-27T22:33:08+00:00","dateModified":"2026-04-21T19:16:46+00:00","breadcrumb":{"@id":"https:\/\/shop.bantam.ch\/de\/produkt\/markisentuch-halter-fixgo-antiflap\/#breadcrumb"},"inLanguage":"de","potentialAction":[{"@type":"ReadAction","target":["https:\/\/shop.bantam.ch\/de\/produkt\/markisentuch-halter-fixgo-antiflap\/"]}]},{"@type":"ImageObject","inLanguage":"de","@id":"https:\/\/shop.bantam.ch\/de\/produkt\/markisentuch-halter-fixgo-antiflap\/#primaryimage","url":"https:\/\/shop.bantam.ch\/wp-content\/uploads\/2023\/02\/994148111.jpg","contentUrl":"https:\/\/shop.bantam.ch\/wp-content\/uploads\/2023\/02\/994148111.jpg","width":1000,"height":750},{"@type":"BreadcrumbList","@id":"https:\/\/shop.bantam.ch\/de\/produkt\/markisentuch-halter-fixgo-antiflap\/#breadcrumb","itemListElement":[{"@type":"ListItem","position":1,"name":"Accueil","item":"https:\/\/shop.bantam.ch\/de\/"},{"@type":"ListItem","position":2,"name":"Shop","item":"https:\/\/shop.bantam.ch\/de\/shop\/"},{"@type":"ListItem","position":3,"name":"Markisentuch-Halter Peggy Peg Fix&amp;Go AntiFlap Inhalt 2 St\u00fcck"}]},{"@type":"WebSite","@id":"https:\/\/shop.bantam.ch\/de\/#website","url":"https:\/\/shop.bantam.ch\/de\/","name":"Bantam Camping AG","description":"","publisher":{"@id":"https:\/\/shop.bantam.ch\/de\/#organization"},"inLanguage":"de"},{"@type":"Organization","@id":"https:\/\/shop.bantam.ch\/de\/#organization","name":"Bantam Camping AG","url":"https:\/\/shop.bantam.ch\/de\/","logo":{"@type":"ImageObject","inLanguage":"de","@id":"https:\/\/shop.bantam.ch\/de\/#\/schema\/logo\/image\/","url":"https:\/\/shop.bantam.ch\/wp-content\/uploads\/2022\/12\/bantam-logo.png","contentUrl":"https:\/\/shop.bantam.ch\/wp-content\/uploads\/2022\/12\/bantam-logo.png","width":320,"height":71,"caption":"Bantam Camping AG"},"image":{"@id":"https:\/\/shop.bantam.ch\/de\/#\/schema\/logo\/image\/"}}]}},"_links":{"self":[{"href":"https:\/\/shop.bantam.ch\/de\/wp-json\/wp\/v2\/product\/72358","targetHints":{"allow":["GET"]}}],"collection":[{"href":"https:\/\/shop.bantam.ch\/de\/wp-json\/wp\/v2\/product"}],"about":[{"href":"https:\/\/shop.bantam.ch\/de\/wp-json\/wp\/v2\/types\/product"}],"wp:featuredmedia":[{"embeddable":true,"href":"https:\/\/shop.bantam.ch\/de\/wp-json\/wp\/v2\/media\/72348"}],"wp:attachment":[{"href":"https:\/\/shop.bantam.ch\/de\/wp-json\/wp\/v2\/media?parent=72358"}],"wp:term":[{"taxonomy":"product_featured_cat","embeddable":true,"href":"https:\/\/shop.bantam.ch\/de\/wp-json\/wp\/v2\/product_featured_cat?post=72358"},{"taxonomy":"product_brand","embeddable":true,"href":"https:\/\/shop.bantam.ch\/de\/wp-json\/wp\/v2\/product_brand?post=72358"},{"taxonomy":"product_cat","embeddable":true,"href":"https:\/\/shop.bantam.ch\/de\/wp-json\/wp\/v2\/product_cat?post=72358"},{"taxonomy":"product_tag","embeddable":true,"href":"https:\/\/shop.bantam.ch\/de\/wp-json\/wp\/v2\/product_tag?post=72358"}],"curies":[{"name":"wp","href":"https:\/\/api.w.org\/{rel}","templated":true}]}}