{"id":72322,"date":"2023-02-27T23:32:32","date_gmt":"2023-02-27T22:32:32","guid":{"rendered":"http:\/\/shop.bantam.ch\/produit\/satanlage-remora\/"},"modified":"2026-04-20T21:16:15","modified_gmt":"2026-04-20T19:16:15","slug":"satanlage-remora","status":"publish","type":"product","link":"https:\/\/shop.bantam.ch\/de\/produkt\/satanlage-remora\/","title":{"rendered":"Satanlage manuell Maxview Remora"},"content":{"rendered":"<p>Die Maxview Remora Sat-Antenne ist ideal zur einfachen und schnellen Befestigung am Fahrzeug. Die Hochleistungs-Saugn\u00e4pfe garantieren einen hervorragenden Halt auf glatten Oberfl\u00e4chen. Dadurch kann die Maxview Remora flexibel am Caravan angebracht werden. Durch einige innovative Leistungsmerkmal kann die Antenne einfach und kinderleicht eingestellt werden. Die ideale Antenne f\u00fcr g\u00fcnstiges hervorragendes TV-Erlebnis. Auf Grund der kleinen Abmessung ist die Antenne einfach zu Verstauen.<\/p>\n<ul>\n<li>Einfache und intuitive Handhabung<\/li>\n<li>Diebstahlsicherung durch Schl\u00f6sser (optional)<\/li>\n<li>Inklusive Satelliten Kompass<\/li>\n<li>Einfache Elevationseinstellung \u00fcber Einstellschraube<\/li>\n<li>Witterungsbest\u00e4ndig<\/li>\n<li>Qualitativ hochwertige Konstruktion<\/li>\n<li>Hergestellt in der EU<\/li>\n<li>2 Jahre Garantie<\/li>\n<\/ul>\n<p>Lieferumfang:<br \/>Remora Satelliten-Spiegel<br \/>5 m flexibles Koaxial-Kabel<br \/>Satelliten-Kompass<br \/>Elevationskarte<br \/>Anleitung<\/p>\n<ul>\n<li>Anwendungsbereich: Portable Sat-Antenne f\u00fcr den Au\u00dfenbereich<\/li>\n<li>Kompatibilit\u00e4t: f\u00fcr alle Receiver und TV-Ger\u00e4te geeignet<\/li>\n<li>Sat-Antenne-Typ: manuell<\/li>\n<li>Montage: Hochleistungs-Saugn\u00e4pfe f\u00fcr senkrechte glatte Fl\u00e4chen<\/li>\n<li>Spannung: Stromversorgung vom Receiver via Koaxial-Kabel<\/li>\n<li>Kabell\u00e4nge: 5 m<\/li>\n<li>Spiegelgr\u00f6\u00dfe: 40 cm<\/li>\n<li>Antennengewinn: 30 dB<\/li>\n<li>Elevationsbereich: 10\u00b0 &#8211; 50\u00b0<\/li>\n<li>Skeweinstellung: manuell -30\u00b0 to +30\u00b0<\/li>\n<li>Azimuthbereich: 160\u00b0<\/li>\n<\/ul>\n","protected":false},"excerpt":{"rendered":"<p>Die Maxview Remora Sat-Antenne ist ideal zur einfachen und schnellen Befestigung am Fahrzeug. Die Hochleistungs-Saugn\u00e4pfe garantieren einen hervorragenden Halt auf glatten Oberfl\u00e4chen. Dadurch kann die Maxview Remora flexibel am Caravan angebracht werden. Durch einige innovative Leistungsmerkmal kann die Antenne einfach und kinderleicht eingestellt werden. Die ideale Antenne f\u00fcr g\u00fcnstiges hervorragendes TV-Erlebnis. Auf Grund der kleinen [&hellip;]<\/p>\n","protected":false},"featured_media":72312,"template":"","meta":{"_acf_changed":false},"product_featured_cat":[],"product_brand":[3083],"product_cat":[4524],"product_tag":[],"class_list":{"0":"post-72322","1":"product","2":"type-product","3":"status-publish","4":"has-post-thumbnail","6":"product_brand-maxview-de","7":"product_cat-sat-anlagen","9":"first","10":"instock","11":"taxable","12":"shipping-taxable","13":"purchasable","14":"product-type-simple"},"acf":[],"yoast_head":"<!-- This site is optimized with the Yoast SEO plugin v27.4 - https:\/\/yoast.com\/product\/yoast-seo-wordpress\/ -->\n<title>Satanlage manuell Maxview Remora - Bantam Camping AG<\/title>\n<meta name=\"robots\" content=\"index, follow, max-snippet:-1, max-image-preview:large, max-video-preview:-1\" \/>\n<link rel=\"canonical\" href=\"https:\/\/shop.bantam.ch\/de\/produkt\/satanlage-remora\/\" \/>\n<meta property=\"og:locale\" content=\"de_DE\" \/>\n<meta property=\"og:type\" content=\"article\" \/>\n<meta property=\"og:title\" content=\"Satanlage manuell Maxview Remora - Bantam Camping AG\" \/>\n<meta property=\"og:description\" content=\"Die Maxview Remora Sat-Antenne ist ideal zur einfachen und schnellen Befestigung am Fahrzeug. Die Hochleistungs-Saugn\u00e4pfe garantieren einen hervorragenden Halt auf glatten Oberfl\u00e4chen. Dadurch kann die Maxview Remora flexibel am Caravan angebracht werden. Durch einige innovative Leistungsmerkmal kann die Antenne einfach und kinderleicht eingestellt werden. Die ideale Antenne f\u00fcr g\u00fcnstiges hervorragendes TV-Erlebnis. Auf Grund der kleinen [&hellip;]\" \/>\n<meta property=\"og:url\" content=\"https:\/\/shop.bantam.ch\/de\/produkt\/satanlage-remora\/\" \/>\n<meta property=\"og:site_name\" content=\"Bantam Camping AG\" \/>\n<meta property=\"article:modified_time\" content=\"2026-04-20T19:16:15+00:00\" \/>\n<meta property=\"og:image\" content=\"https:\/\/shop.bantam.ch\/wp-content\/uploads\/2023\/02\/995364011.jpg\" \/>\n\t<meta property=\"og:image:width\" content=\"941\" \/>\n\t<meta property=\"og:image:height\" content=\"1000\" \/>\n\t<meta property=\"og:image:type\" content=\"image\/jpeg\" \/>\n<meta name=\"twitter:card\" content=\"summary_large_image\" \/>\n<meta name=\"twitter:label1\" content=\"Gesch\u00e4tzte Lesezeit\" \/>\n\t<meta name=\"twitter:data1\" content=\"1\u00a0Minute\" \/>\n<script type=\"application\/ld+json\" class=\"yoast-schema-graph\">{\"@context\":\"https:\\\/\\\/schema.org\",\"@graph\":[{\"@type\":\"WebPage\",\"@id\":\"https:\\\/\\\/shop.bantam.ch\\\/de\\\/produkt\\\/satanlage-remora\\\/\",\"url\":\"https:\\\/\\\/shop.bantam.ch\\\/de\\\/produkt\\\/satanlage-remora\\\/\",\"name\":\"Satanlage manuell Maxview Remora - Bantam Camping AG\",\"isPartOf\":{\"@id\":\"https:\\\/\\\/shop.bantam.ch\\\/de\\\/#website\"},\"primaryImageOfPage\":{\"@id\":\"https:\\\/\\\/shop.bantam.ch\\\/de\\\/produkt\\\/satanlage-remora\\\/#primaryimage\"},\"image\":{\"@id\":\"https:\\\/\\\/shop.bantam.ch\\\/de\\\/produkt\\\/satanlage-remora\\\/#primaryimage\"},\"thumbnailUrl\":\"https:\\\/\\\/shop.bantam.ch\\\/wp-content\\\/uploads\\\/2023\\\/02\\\/995364011.jpg\",\"datePublished\":\"2023-02-27T22:32:32+00:00\",\"dateModified\":\"2026-04-20T19:16:15+00:00\",\"breadcrumb\":{\"@id\":\"https:\\\/\\\/shop.bantam.ch\\\/de\\\/produkt\\\/satanlage-remora\\\/#breadcrumb\"},\"inLanguage\":\"de\",\"potentialAction\":[{\"@type\":\"ReadAction\",\"target\":[\"https:\\\/\\\/shop.bantam.ch\\\/de\\\/produkt\\\/satanlage-remora\\\/\"]}]},{\"@type\":\"ImageObject\",\"inLanguage\":\"de\",\"@id\":\"https:\\\/\\\/shop.bantam.ch\\\/de\\\/produkt\\\/satanlage-remora\\\/#primaryimage\",\"url\":\"https:\\\/\\\/shop.bantam.ch\\\/wp-content\\\/uploads\\\/2023\\\/02\\\/995364011.jpg\",\"contentUrl\":\"https:\\\/\\\/shop.bantam.ch\\\/wp-content\\\/uploads\\\/2023\\\/02\\\/995364011.jpg\",\"width\":941,\"height\":1000},{\"@type\":\"BreadcrumbList\",\"@id\":\"https:\\\/\\\/shop.bantam.ch\\\/de\\\/produkt\\\/satanlage-remora\\\/#breadcrumb\",\"itemListElement\":[{\"@type\":\"ListItem\",\"position\":1,\"name\":\"Accueil\",\"item\":\"https:\\\/\\\/shop.bantam.ch\\\/de\\\/\"},{\"@type\":\"ListItem\",\"position\":2,\"name\":\"Shop\",\"item\":\"https:\\\/\\\/shop.bantam.ch\\\/de\\\/shop\\\/\"},{\"@type\":\"ListItem\",\"position\":3,\"name\":\"Satanlage manuell Maxview Remora\"}]},{\"@type\":\"WebSite\",\"@id\":\"https:\\\/\\\/shop.bantam.ch\\\/de\\\/#website\",\"url\":\"https:\\\/\\\/shop.bantam.ch\\\/de\\\/\",\"name\":\"Bantam Camping AG\",\"description\":\"\",\"publisher\":{\"@id\":\"https:\\\/\\\/shop.bantam.ch\\\/de\\\/#organization\"},\"inLanguage\":\"de\"},{\"@type\":\"Organization\",\"@id\":\"https:\\\/\\\/shop.bantam.ch\\\/de\\\/#organization\",\"name\":\"Bantam Camping AG\",\"url\":\"https:\\\/\\\/shop.bantam.ch\\\/de\\\/\",\"logo\":{\"@type\":\"ImageObject\",\"inLanguage\":\"de\",\"@id\":\"https:\\\/\\\/shop.bantam.ch\\\/de\\\/#\\\/schema\\\/logo\\\/image\\\/\",\"url\":\"https:\\\/\\\/shop.bantam.ch\\\/wp-content\\\/uploads\\\/2022\\\/12\\\/bantam-logo.png\",\"contentUrl\":\"https:\\\/\\\/shop.bantam.ch\\\/wp-content\\\/uploads\\\/2022\\\/12\\\/bantam-logo.png\",\"width\":320,\"height\":71,\"caption\":\"Bantam Camping AG\"},\"image\":{\"@id\":\"https:\\\/\\\/shop.bantam.ch\\\/de\\\/#\\\/schema\\\/logo\\\/image\\\/\"}}]}<\/script>\n<!-- \/ Yoast SEO plugin. -->","yoast_head_json":{"title":"Satanlage manuell Maxview Remora - Bantam Camping AG","robots":{"index":"index","follow":"follow","max-snippet":"max-snippet:-1","max-image-preview":"max-image-preview:large","max-video-preview":"max-video-preview:-1"},"canonical":"https:\/\/shop.bantam.ch\/de\/produkt\/satanlage-remora\/","og_locale":"de_DE","og_type":"article","og_title":"Satanlage manuell Maxview Remora - Bantam Camping AG","og_description":"Die Maxview Remora Sat-Antenne ist ideal zur einfachen und schnellen Befestigung am Fahrzeug. Die Hochleistungs-Saugn\u00e4pfe garantieren einen hervorragenden Halt auf glatten Oberfl\u00e4chen. Dadurch kann die Maxview Remora flexibel am Caravan angebracht werden. Durch einige innovative Leistungsmerkmal kann die Antenne einfach und kinderleicht eingestellt werden. Die ideale Antenne f\u00fcr g\u00fcnstiges hervorragendes TV-Erlebnis. Auf Grund der kleinen [&hellip;]","og_url":"https:\/\/shop.bantam.ch\/de\/produkt\/satanlage-remora\/","og_site_name":"Bantam Camping AG","article_modified_time":"2026-04-20T19:16:15+00:00","og_image":[{"width":941,"height":1000,"url":"https:\/\/shop.bantam.ch\/wp-content\/uploads\/2023\/02\/995364011.jpg","type":"image\/jpeg"}],"twitter_card":"summary_large_image","twitter_misc":{"Gesch\u00e4tzte Lesezeit":"1\u00a0Minute"},"schema":{"@context":"https:\/\/schema.org","@graph":[{"@type":"WebPage","@id":"https:\/\/shop.bantam.ch\/de\/produkt\/satanlage-remora\/","url":"https:\/\/shop.bantam.ch\/de\/produkt\/satanlage-remora\/","name":"Satanlage manuell Maxview Remora - Bantam Camping AG","isPartOf":{"@id":"https:\/\/shop.bantam.ch\/de\/#website"},"primaryImageOfPage":{"@id":"https:\/\/shop.bantam.ch\/de\/produkt\/satanlage-remora\/#primaryimage"},"image":{"@id":"https:\/\/shop.bantam.ch\/de\/produkt\/satanlage-remora\/#primaryimage"},"thumbnailUrl":"https:\/\/shop.bantam.ch\/wp-content\/uploads\/2023\/02\/995364011.jpg","datePublished":"2023-02-27T22:32:32+00:00","dateModified":"2026-04-20T19:16:15+00:00","breadcrumb":{"@id":"https:\/\/shop.bantam.ch\/de\/produkt\/satanlage-remora\/#breadcrumb"},"inLanguage":"de","potentialAction":[{"@type":"ReadAction","target":["https:\/\/shop.bantam.ch\/de\/produkt\/satanlage-remora\/"]}]},{"@type":"ImageObject","inLanguage":"de","@id":"https:\/\/shop.bantam.ch\/de\/produkt\/satanlage-remora\/#primaryimage","url":"https:\/\/shop.bantam.ch\/wp-content\/uploads\/2023\/02\/995364011.jpg","contentUrl":"https:\/\/shop.bantam.ch\/wp-content\/uploads\/2023\/02\/995364011.jpg","width":941,"height":1000},{"@type":"BreadcrumbList","@id":"https:\/\/shop.bantam.ch\/de\/produkt\/satanlage-remora\/#breadcrumb","itemListElement":[{"@type":"ListItem","position":1,"name":"Accueil","item":"https:\/\/shop.bantam.ch\/de\/"},{"@type":"ListItem","position":2,"name":"Shop","item":"https:\/\/shop.bantam.ch\/de\/shop\/"},{"@type":"ListItem","position":3,"name":"Satanlage manuell Maxview Remora"}]},{"@type":"WebSite","@id":"https:\/\/shop.bantam.ch\/de\/#website","url":"https:\/\/shop.bantam.ch\/de\/","name":"Bantam Camping AG","description":"","publisher":{"@id":"https:\/\/shop.bantam.ch\/de\/#organization"},"inLanguage":"de"},{"@type":"Organization","@id":"https:\/\/shop.bantam.ch\/de\/#organization","name":"Bantam Camping AG","url":"https:\/\/shop.bantam.ch\/de\/","logo":{"@type":"ImageObject","inLanguage":"de","@id":"https:\/\/shop.bantam.ch\/de\/#\/schema\/logo\/image\/","url":"https:\/\/shop.bantam.ch\/wp-content\/uploads\/2022\/12\/bantam-logo.png","contentUrl":"https:\/\/shop.bantam.ch\/wp-content\/uploads\/2022\/12\/bantam-logo.png","width":320,"height":71,"caption":"Bantam Camping AG"},"image":{"@id":"https:\/\/shop.bantam.ch\/de\/#\/schema\/logo\/image\/"}}]}},"_links":{"self":[{"href":"https:\/\/shop.bantam.ch\/de\/wp-json\/wp\/v2\/product\/72322","targetHints":{"allow":["GET"]}}],"collection":[{"href":"https:\/\/shop.bantam.ch\/de\/wp-json\/wp\/v2\/product"}],"about":[{"href":"https:\/\/shop.bantam.ch\/de\/wp-json\/wp\/v2\/types\/product"}],"wp:featuredmedia":[{"embeddable":true,"href":"https:\/\/shop.bantam.ch\/de\/wp-json\/wp\/v2\/media\/72312"}],"wp:attachment":[{"href":"https:\/\/shop.bantam.ch\/de\/wp-json\/wp\/v2\/media?parent=72322"}],"wp:term":[{"taxonomy":"product_featured_cat","embeddable":true,"href":"https:\/\/shop.bantam.ch\/de\/wp-json\/wp\/v2\/product_featured_cat?post=72322"},{"taxonomy":"product_brand","embeddable":true,"href":"https:\/\/shop.bantam.ch\/de\/wp-json\/wp\/v2\/product_brand?post=72322"},{"taxonomy":"product_cat","embeddable":true,"href":"https:\/\/shop.bantam.ch\/de\/wp-json\/wp\/v2\/product_cat?post=72322"},{"taxonomy":"product_tag","embeddable":true,"href":"https:\/\/shop.bantam.ch\/de\/wp-json\/wp\/v2\/product_tag?post=72322"}],"curies":[{"name":"wp","href":"https:\/\/api.w.org\/{rel}","templated":true}]}}