{"id":72060,"date":"2023-02-27T23:28:22","date_gmt":"2023-02-27T22:28:22","guid":{"rendered":"http:\/\/shop.bantam.ch\/produit\/aussenisoliermatte-mit-abklappbarer-front\/"},"modified":"2026-04-18T22:12:34","modified_gmt":"2026-04-18T20:12:34","slug":"aussenisoliermatte-mit-abklappbarer-front","status":"publish","type":"product","link":"https:\/\/shop.bantam.ch\/de\/produkt\/aussenisoliermatte-mit-abklappbarer-front\/","title":{"rendered":"Au\u00dfenisoliermatte mit abklappbarer Front"},"content":{"rendered":"<p>Die Au\u00dfenisoliermatte dient zum passgenauen Abdecken der Fahrerhausscheiben-Region der angegebenen Modelle und sch\u00fctzt vor unerw\u00fcnschtem Einblick, zu starker Erw\u00e4rmung oder Ausk\u00fchlung des Fahrerhauses bei l\u00e4ngerer Standzeit ebenso, wie vor dem Vereisen der Scheiben im Winter. Zus\u00e4tzlich kann die Front ge\u00f6ffnet werden, damit Tageslicht ins Fahrzeug dringt. Durch das spezielle Material unter der Au\u00dfenisolierung bleibt die Matte auch im ge\u00f6ffneten Zustand selbst bei starkem Wind formstabil und man kann nach au\u00dfen schauen, ist aber vor neugierigen Blicken sowie Sonneneinstrahlung gesch\u00fctzt.<\/p>\n<p>\u00a0<\/p>\n<ul>\n<li>Mit abklappbarer Front<\/li>\n<\/ul>\n","protected":false},"excerpt":{"rendered":"<p>Die Au\u00dfenisoliermatte dient zum passgenauen Abdecken der Fahrerhausscheiben-Region der angegebenen Modelle und sch\u00fctzt vor unerw\u00fcnschtem Einblick, zu starker Erw\u00e4rmung oder Ausk\u00fchlung des Fahrerhauses bei l\u00e4ngerer Standzeit ebenso, wie vor dem Vereisen der Scheiben im Winter. Zus\u00e4tzlich kann die Front ge\u00f6ffnet werden, damit Tageslicht ins Fahrzeug dringt. Durch das spezielle Material unter der Au\u00dfenisolierung bleibt die [&hellip;]<\/p>\n","protected":false},"featured_media":72044,"template":"","meta":{"_acf_changed":false},"product_featured_cat":[],"product_brand":[3031],"product_cat":[4642],"product_tag":[],"class_list":{"0":"post-72060","1":"product","2":"type-product","3":"status-publish","4":"has-post-thumbnail","6":"product_brand-tecon-covercraft-de","7":"product_cat-thermomatten-vorhaenge","9":"first","10":"instock","11":"taxable","12":"shipping-taxable","13":"purchasable","14":"product-type-variable"},"acf":[],"yoast_head":"<!-- This site is optimized with the Yoast SEO plugin v27.4 - https:\/\/yoast.com\/product\/yoast-seo-wordpress\/ -->\n<title>Au\u00dfenisoliermatte mit abklappbarer Front - Bantam Camping AG<\/title>\n<meta name=\"robots\" content=\"index, follow, max-snippet:-1, max-image-preview:large, max-video-preview:-1\" \/>\n<link rel=\"canonical\" href=\"https:\/\/shop.bantam.ch\/de\/produkt\/aussenisoliermatte-mit-abklappbarer-front\/\" \/>\n<meta property=\"og:locale\" content=\"de_DE\" \/>\n<meta property=\"og:type\" content=\"article\" \/>\n<meta property=\"og:title\" content=\"Au\u00dfenisoliermatte mit abklappbarer Front - Bantam Camping AG\" \/>\n<meta property=\"og:description\" content=\"Die Au\u00dfenisoliermatte dient zum passgenauen Abdecken der Fahrerhausscheiben-Region der angegebenen Modelle und sch\u00fctzt vor unerw\u00fcnschtem Einblick, zu starker Erw\u00e4rmung oder Ausk\u00fchlung des Fahrerhauses bei l\u00e4ngerer Standzeit ebenso, wie vor dem Vereisen der Scheiben im Winter. Zus\u00e4tzlich kann die Front ge\u00f6ffnet werden, damit Tageslicht ins Fahrzeug dringt. Durch das spezielle Material unter der Au\u00dfenisolierung bleibt die [&hellip;]\" \/>\n<meta property=\"og:url\" content=\"https:\/\/shop.bantam.ch\/de\/produkt\/aussenisoliermatte-mit-abklappbarer-front\/\" \/>\n<meta property=\"og:site_name\" content=\"Bantam Camping AG\" \/>\n<meta property=\"article:modified_time\" content=\"2026-04-18T20:12:34+00:00\" \/>\n<meta property=\"og:image\" content=\"https:\/\/shop.bantam.ch\/wp-content\/uploads\/2023\/02\/994142211.jpg\" \/>\n\t<meta property=\"og:image:width\" content=\"1000\" \/>\n\t<meta property=\"og:image:height\" content=\"750\" \/>\n\t<meta property=\"og:image:type\" content=\"image\/jpeg\" \/>\n<meta name=\"twitter:card\" content=\"summary_large_image\" \/>\n<script type=\"application\/ld+json\" class=\"yoast-schema-graph\">{\"@context\":\"https:\\\/\\\/schema.org\",\"@graph\":[{\"@type\":\"WebPage\",\"@id\":\"https:\\\/\\\/shop.bantam.ch\\\/de\\\/produkt\\\/aussenisoliermatte-mit-abklappbarer-front\\\/\",\"url\":\"https:\\\/\\\/shop.bantam.ch\\\/de\\\/produkt\\\/aussenisoliermatte-mit-abklappbarer-front\\\/\",\"name\":\"Au\u00dfenisoliermatte mit abklappbarer Front - Bantam Camping AG\",\"isPartOf\":{\"@id\":\"https:\\\/\\\/shop.bantam.ch\\\/de\\\/#website\"},\"primaryImageOfPage\":{\"@id\":\"https:\\\/\\\/shop.bantam.ch\\\/de\\\/produkt\\\/aussenisoliermatte-mit-abklappbarer-front\\\/#primaryimage\"},\"image\":{\"@id\":\"https:\\\/\\\/shop.bantam.ch\\\/de\\\/produkt\\\/aussenisoliermatte-mit-abklappbarer-front\\\/#primaryimage\"},\"thumbnailUrl\":\"https:\\\/\\\/shop.bantam.ch\\\/wp-content\\\/uploads\\\/2023\\\/02\\\/994142211.jpg\",\"datePublished\":\"2023-02-27T22:28:22+00:00\",\"dateModified\":\"2026-04-18T20:12:34+00:00\",\"breadcrumb\":{\"@id\":\"https:\\\/\\\/shop.bantam.ch\\\/de\\\/produkt\\\/aussenisoliermatte-mit-abklappbarer-front\\\/#breadcrumb\"},\"inLanguage\":\"de\",\"potentialAction\":[{\"@type\":\"ReadAction\",\"target\":[\"https:\\\/\\\/shop.bantam.ch\\\/de\\\/produkt\\\/aussenisoliermatte-mit-abklappbarer-front\\\/\"]}]},{\"@type\":\"ImageObject\",\"inLanguage\":\"de\",\"@id\":\"https:\\\/\\\/shop.bantam.ch\\\/de\\\/produkt\\\/aussenisoliermatte-mit-abklappbarer-front\\\/#primaryimage\",\"url\":\"https:\\\/\\\/shop.bantam.ch\\\/wp-content\\\/uploads\\\/2023\\\/02\\\/994142211.jpg\",\"contentUrl\":\"https:\\\/\\\/shop.bantam.ch\\\/wp-content\\\/uploads\\\/2023\\\/02\\\/994142211.jpg\",\"width\":1000,\"height\":750},{\"@type\":\"BreadcrumbList\",\"@id\":\"https:\\\/\\\/shop.bantam.ch\\\/de\\\/produkt\\\/aussenisoliermatte-mit-abklappbarer-front\\\/#breadcrumb\",\"itemListElement\":[{\"@type\":\"ListItem\",\"position\":1,\"name\":\"Accueil\",\"item\":\"https:\\\/\\\/shop.bantam.ch\\\/de\\\/\"},{\"@type\":\"ListItem\",\"position\":2,\"name\":\"Shop\",\"item\":\"https:\\\/\\\/shop.bantam.ch\\\/de\\\/shop\\\/\"},{\"@type\":\"ListItem\",\"position\":3,\"name\":\"Au\u00dfenisoliermatte mit abklappbarer Front\"}]},{\"@type\":\"WebSite\",\"@id\":\"https:\\\/\\\/shop.bantam.ch\\\/de\\\/#website\",\"url\":\"https:\\\/\\\/shop.bantam.ch\\\/de\\\/\",\"name\":\"Bantam Camping AG\",\"description\":\"\",\"publisher\":{\"@id\":\"https:\\\/\\\/shop.bantam.ch\\\/de\\\/#organization\"},\"inLanguage\":\"de\"},{\"@type\":\"Organization\",\"@id\":\"https:\\\/\\\/shop.bantam.ch\\\/de\\\/#organization\",\"name\":\"Bantam Camping AG\",\"url\":\"https:\\\/\\\/shop.bantam.ch\\\/de\\\/\",\"logo\":{\"@type\":\"ImageObject\",\"inLanguage\":\"de\",\"@id\":\"https:\\\/\\\/shop.bantam.ch\\\/de\\\/#\\\/schema\\\/logo\\\/image\\\/\",\"url\":\"https:\\\/\\\/shop.bantam.ch\\\/wp-content\\\/uploads\\\/2022\\\/12\\\/bantam-logo.png\",\"contentUrl\":\"https:\\\/\\\/shop.bantam.ch\\\/wp-content\\\/uploads\\\/2022\\\/12\\\/bantam-logo.png\",\"width\":320,\"height\":71,\"caption\":\"Bantam Camping AG\"},\"image\":{\"@id\":\"https:\\\/\\\/shop.bantam.ch\\\/de\\\/#\\\/schema\\\/logo\\\/image\\\/\"}}]}<\/script>\n<!-- \/ Yoast SEO plugin. -->","yoast_head_json":{"title":"Au\u00dfenisoliermatte mit abklappbarer Front - Bantam Camping AG","robots":{"index":"index","follow":"follow","max-snippet":"max-snippet:-1","max-image-preview":"max-image-preview:large","max-video-preview":"max-video-preview:-1"},"canonical":"https:\/\/shop.bantam.ch\/de\/produkt\/aussenisoliermatte-mit-abklappbarer-front\/","og_locale":"de_DE","og_type":"article","og_title":"Au\u00dfenisoliermatte mit abklappbarer Front - Bantam Camping AG","og_description":"Die Au\u00dfenisoliermatte dient zum passgenauen Abdecken der Fahrerhausscheiben-Region der angegebenen Modelle und sch\u00fctzt vor unerw\u00fcnschtem Einblick, zu starker Erw\u00e4rmung oder Ausk\u00fchlung des Fahrerhauses bei l\u00e4ngerer Standzeit ebenso, wie vor dem Vereisen der Scheiben im Winter. Zus\u00e4tzlich kann die Front ge\u00f6ffnet werden, damit Tageslicht ins Fahrzeug dringt. Durch das spezielle Material unter der Au\u00dfenisolierung bleibt die [&hellip;]","og_url":"https:\/\/shop.bantam.ch\/de\/produkt\/aussenisoliermatte-mit-abklappbarer-front\/","og_site_name":"Bantam Camping AG","article_modified_time":"2026-04-18T20:12:34+00:00","og_image":[{"width":1000,"height":750,"url":"https:\/\/shop.bantam.ch\/wp-content\/uploads\/2023\/02\/994142211.jpg","type":"image\/jpeg"}],"twitter_card":"summary_large_image","schema":{"@context":"https:\/\/schema.org","@graph":[{"@type":"WebPage","@id":"https:\/\/shop.bantam.ch\/de\/produkt\/aussenisoliermatte-mit-abklappbarer-front\/","url":"https:\/\/shop.bantam.ch\/de\/produkt\/aussenisoliermatte-mit-abklappbarer-front\/","name":"Au\u00dfenisoliermatte mit abklappbarer Front - Bantam Camping AG","isPartOf":{"@id":"https:\/\/shop.bantam.ch\/de\/#website"},"primaryImageOfPage":{"@id":"https:\/\/shop.bantam.ch\/de\/produkt\/aussenisoliermatte-mit-abklappbarer-front\/#primaryimage"},"image":{"@id":"https:\/\/shop.bantam.ch\/de\/produkt\/aussenisoliermatte-mit-abklappbarer-front\/#primaryimage"},"thumbnailUrl":"https:\/\/shop.bantam.ch\/wp-content\/uploads\/2023\/02\/994142211.jpg","datePublished":"2023-02-27T22:28:22+00:00","dateModified":"2026-04-18T20:12:34+00:00","breadcrumb":{"@id":"https:\/\/shop.bantam.ch\/de\/produkt\/aussenisoliermatte-mit-abklappbarer-front\/#breadcrumb"},"inLanguage":"de","potentialAction":[{"@type":"ReadAction","target":["https:\/\/shop.bantam.ch\/de\/produkt\/aussenisoliermatte-mit-abklappbarer-front\/"]}]},{"@type":"ImageObject","inLanguage":"de","@id":"https:\/\/shop.bantam.ch\/de\/produkt\/aussenisoliermatte-mit-abklappbarer-front\/#primaryimage","url":"https:\/\/shop.bantam.ch\/wp-content\/uploads\/2023\/02\/994142211.jpg","contentUrl":"https:\/\/shop.bantam.ch\/wp-content\/uploads\/2023\/02\/994142211.jpg","width":1000,"height":750},{"@type":"BreadcrumbList","@id":"https:\/\/shop.bantam.ch\/de\/produkt\/aussenisoliermatte-mit-abklappbarer-front\/#breadcrumb","itemListElement":[{"@type":"ListItem","position":1,"name":"Accueil","item":"https:\/\/shop.bantam.ch\/de\/"},{"@type":"ListItem","position":2,"name":"Shop","item":"https:\/\/shop.bantam.ch\/de\/shop\/"},{"@type":"ListItem","position":3,"name":"Au\u00dfenisoliermatte mit abklappbarer Front"}]},{"@type":"WebSite","@id":"https:\/\/shop.bantam.ch\/de\/#website","url":"https:\/\/shop.bantam.ch\/de\/","name":"Bantam Camping AG","description":"","publisher":{"@id":"https:\/\/shop.bantam.ch\/de\/#organization"},"inLanguage":"de"},{"@type":"Organization","@id":"https:\/\/shop.bantam.ch\/de\/#organization","name":"Bantam Camping AG","url":"https:\/\/shop.bantam.ch\/de\/","logo":{"@type":"ImageObject","inLanguage":"de","@id":"https:\/\/shop.bantam.ch\/de\/#\/schema\/logo\/image\/","url":"https:\/\/shop.bantam.ch\/wp-content\/uploads\/2022\/12\/bantam-logo.png","contentUrl":"https:\/\/shop.bantam.ch\/wp-content\/uploads\/2022\/12\/bantam-logo.png","width":320,"height":71,"caption":"Bantam Camping AG"},"image":{"@id":"https:\/\/shop.bantam.ch\/de\/#\/schema\/logo\/image\/"}}]}},"_links":{"self":[{"href":"https:\/\/shop.bantam.ch\/de\/wp-json\/wp\/v2\/product\/72060","targetHints":{"allow":["GET"]}}],"collection":[{"href":"https:\/\/shop.bantam.ch\/de\/wp-json\/wp\/v2\/product"}],"about":[{"href":"https:\/\/shop.bantam.ch\/de\/wp-json\/wp\/v2\/types\/product"}],"wp:featuredmedia":[{"embeddable":true,"href":"https:\/\/shop.bantam.ch\/de\/wp-json\/wp\/v2\/media\/72044"}],"wp:attachment":[{"href":"https:\/\/shop.bantam.ch\/de\/wp-json\/wp\/v2\/media?parent=72060"}],"wp:term":[{"taxonomy":"product_featured_cat","embeddable":true,"href":"https:\/\/shop.bantam.ch\/de\/wp-json\/wp\/v2\/product_featured_cat?post=72060"},{"taxonomy":"product_brand","embeddable":true,"href":"https:\/\/shop.bantam.ch\/de\/wp-json\/wp\/v2\/product_brand?post=72060"},{"taxonomy":"product_cat","embeddable":true,"href":"https:\/\/shop.bantam.ch\/de\/wp-json\/wp\/v2\/product_cat?post=72060"},{"taxonomy":"product_tag","embeddable":true,"href":"https:\/\/shop.bantam.ch\/de\/wp-json\/wp\/v2\/product_tag?post=72060"}],"curies":[{"name":"wp","href":"https:\/\/api.w.org\/{rel}","templated":true}]}}