{"id":71736,"date":"2023-02-27T23:24:02","date_gmt":"2023-02-27T22:24:02","guid":{"rendered":"http:\/\/shop.bantam.ch\/produit\/rueckfahrvideosystem-sv-448\/"},"modified":"2026-04-17T21:15:32","modified_gmt":"2026-04-17T19:15:32","slug":"rueckfahrvideosystem-sv-448","status":"publish","type":"product","link":"https:\/\/shop.bantam.ch\/de\/produkt\/rueckfahrvideosystem-sv-448\/","title":{"rendered":"R\u00fcckfahrvideosystem Camos SV-448"},"content":{"rendered":"<p>SV-448: R\u00fcckfahrvideosystem Komplett-Set mit Monitor CM-430 und Kamera CM-48.<br \/>CM-430: Kompakt und kontrastreich zeigt sich der kleinster Monitor im Camos Programm. Der CM-430 hat ein 4,3&#8243; gro\u00dfes Display mit hervorragender Bildqualit\u00e4t. Das digitale Display \u00fcberzeugt mit hoher Aufl\u00f6sung und ansprechendem Design.<br \/>CM-48: Die solide Farbkamera CM-48 ist in ihrer Bauweise \u00e4hnlich der CM-49 und ebenfalls mit Infrarot LEDs, Mikrofon und integrierter Heizung ausgestattet. Der Blickwinkel von 160\u00b0 macht das Rangieren und R\u00fcckw\u00e4rtsfahren zum Kinderspiel.<\/p>\n<p>CM-430 digitales 4,3&#8243; TFT LCD Display<\/p>\n<ul>\n<li>Hohe Aufl\u00f6sung 480 x 272<\/li>\n<li>Alle Funktionen im Display (OSD)<\/li>\n<li>5 Sprachen ausw\u00e4hlbar (DE, EN, FR, IT, ES)<\/li>\n<li>Ma\u00dfe: 8,3 x 14 x 2 cm (B x H x T)<\/li>\n<li>16:9 Bildformat \/ Kontrast 612:1<\/li>\n<li>Helligkeit 400ccd \/ 1 Video Eingang<\/li>\n<\/ul>\n<p>\u00a0<\/p>\n<p>CM-48 Farbkamera<\/p>\n<ul>\n<li>700 TV-Linien<\/li>\n<li>Weiter Blickwinkel 160\u00b0<\/li>\n<li>IR-LEDs, Heizung, Mikrofon<\/li>\n<li>CCD Technik<\/li>\n<li>Ma\u00dfe: 5,5 x 8,4 x 5,14 cm (B x H x T)<\/li>\n<li>Rostfreie Edelstahl-Sonnenblende<\/li>\n<\/ul>\n<p>\u00a0<\/p>\n","protected":false},"excerpt":{"rendered":"<p>SV-448: R\u00fcckfahrvideosystem Komplett-Set mit Monitor CM-430 und Kamera CM-48.CM-430: Kompakt und kontrastreich zeigt sich der kleinster Monitor im Camos Programm. Der CM-430 hat ein 4,3&#8243; gro\u00dfes Display mit hervorragender Bildqualit\u00e4t. Das digitale Display \u00fcberzeugt mit hoher Aufl\u00f6sung und ansprechendem Design.CM-48: Die solide Farbkamera CM-48 ist in ihrer Bauweise \u00e4hnlich der CM-49 und ebenfalls mit Infrarot [&hellip;]<\/p>\n","protected":false},"featured_media":71732,"template":"","meta":{"_acf_changed":false},"product_featured_cat":[],"product_brand":[3207],"product_cat":[5154],"product_tag":[],"class_list":{"0":"post-71736","1":"product","2":"type-product","3":"status-publish","4":"has-post-thumbnail","6":"product_brand-camos-de","7":"product_cat-rueckfahrvideosystem-sets","9":"first","10":"instock","11":"taxable","12":"shipping-taxable","13":"purchasable","14":"product-type-simple"},"acf":[],"yoast_head":"<!-- This site is optimized with the Yoast SEO plugin v27.4 - https:\/\/yoast.com\/product\/yoast-seo-wordpress\/ -->\n<title>R\u00fcckfahrvideosystem Camos SV-448 - Bantam Camping AG<\/title>\n<meta name=\"robots\" content=\"index, follow, max-snippet:-1, max-image-preview:large, max-video-preview:-1\" \/>\n<link rel=\"canonical\" href=\"https:\/\/shop.bantam.ch\/de\/produkt\/rueckfahrvideosystem-sv-448\/\" \/>\n<meta property=\"og:locale\" content=\"de_DE\" \/>\n<meta property=\"og:type\" content=\"article\" \/>\n<meta property=\"og:title\" content=\"R\u00fcckfahrvideosystem Camos SV-448 - Bantam Camping AG\" \/>\n<meta property=\"og:description\" content=\"SV-448: R\u00fcckfahrvideosystem Komplett-Set mit Monitor CM-430 und Kamera CM-48.CM-430: Kompakt und kontrastreich zeigt sich der kleinster Monitor im Camos Programm. Der CM-430 hat ein 4,3&#8243; gro\u00dfes Display mit hervorragender Bildqualit\u00e4t. Das digitale Display \u00fcberzeugt mit hoher Aufl\u00f6sung und ansprechendem Design.CM-48: Die solide Farbkamera CM-48 ist in ihrer Bauweise \u00e4hnlich der CM-49 und ebenfalls mit Infrarot [&hellip;]\" \/>\n<meta property=\"og:url\" content=\"https:\/\/shop.bantam.ch\/de\/produkt\/rueckfahrvideosystem-sv-448\/\" \/>\n<meta property=\"og:site_name\" content=\"Bantam Camping AG\" \/>\n<meta property=\"article:modified_time\" content=\"2026-04-17T19:15:32+00:00\" \/>\n<meta property=\"og:image\" content=\"https:\/\/shop.bantam.ch\/wp-content\/uploads\/2023\/02\/9953525117baqRLbTqsHkS.jpg\" \/>\n\t<meta property=\"og:image:width\" content=\"597\" \/>\n\t<meta property=\"og:image:height\" content=\"408\" \/>\n\t<meta property=\"og:image:type\" content=\"image\/jpeg\" \/>\n<meta name=\"twitter:card\" content=\"summary_large_image\" \/>\n<meta name=\"twitter:label1\" content=\"Gesch\u00e4tzte Lesezeit\" \/>\n\t<meta name=\"twitter:data1\" content=\"1\u00a0Minute\" \/>\n<script type=\"application\/ld+json\" class=\"yoast-schema-graph\">{\"@context\":\"https:\\\/\\\/schema.org\",\"@graph\":[{\"@type\":\"WebPage\",\"@id\":\"https:\\\/\\\/shop.bantam.ch\\\/de\\\/produkt\\\/rueckfahrvideosystem-sv-448\\\/\",\"url\":\"https:\\\/\\\/shop.bantam.ch\\\/de\\\/produkt\\\/rueckfahrvideosystem-sv-448\\\/\",\"name\":\"R\u00fcckfahrvideosystem Camos SV-448 - Bantam Camping AG\",\"isPartOf\":{\"@id\":\"https:\\\/\\\/shop.bantam.ch\\\/de\\\/#website\"},\"primaryImageOfPage\":{\"@id\":\"https:\\\/\\\/shop.bantam.ch\\\/de\\\/produkt\\\/rueckfahrvideosystem-sv-448\\\/#primaryimage\"},\"image\":{\"@id\":\"https:\\\/\\\/shop.bantam.ch\\\/de\\\/produkt\\\/rueckfahrvideosystem-sv-448\\\/#primaryimage\"},\"thumbnailUrl\":\"https:\\\/\\\/shop.bantam.ch\\\/wp-content\\\/uploads\\\/2023\\\/02\\\/9953525117baqRLbTqsHkS.jpg\",\"datePublished\":\"2023-02-27T22:24:02+00:00\",\"dateModified\":\"2026-04-17T19:15:32+00:00\",\"breadcrumb\":{\"@id\":\"https:\\\/\\\/shop.bantam.ch\\\/de\\\/produkt\\\/rueckfahrvideosystem-sv-448\\\/#breadcrumb\"},\"inLanguage\":\"de\",\"potentialAction\":[{\"@type\":\"ReadAction\",\"target\":[\"https:\\\/\\\/shop.bantam.ch\\\/de\\\/produkt\\\/rueckfahrvideosystem-sv-448\\\/\"]}]},{\"@type\":\"ImageObject\",\"inLanguage\":\"de\",\"@id\":\"https:\\\/\\\/shop.bantam.ch\\\/de\\\/produkt\\\/rueckfahrvideosystem-sv-448\\\/#primaryimage\",\"url\":\"https:\\\/\\\/shop.bantam.ch\\\/wp-content\\\/uploads\\\/2023\\\/02\\\/9953525117baqRLbTqsHkS.jpg\",\"contentUrl\":\"https:\\\/\\\/shop.bantam.ch\\\/wp-content\\\/uploads\\\/2023\\\/02\\\/9953525117baqRLbTqsHkS.jpg\",\"width\":597,\"height\":408},{\"@type\":\"BreadcrumbList\",\"@id\":\"https:\\\/\\\/shop.bantam.ch\\\/de\\\/produkt\\\/rueckfahrvideosystem-sv-448\\\/#breadcrumb\",\"itemListElement\":[{\"@type\":\"ListItem\",\"position\":1,\"name\":\"Accueil\",\"item\":\"https:\\\/\\\/shop.bantam.ch\\\/de\\\/\"},{\"@type\":\"ListItem\",\"position\":2,\"name\":\"Shop\",\"item\":\"https:\\\/\\\/shop.bantam.ch\\\/de\\\/shop\\\/\"},{\"@type\":\"ListItem\",\"position\":3,\"name\":\"R\u00fcckfahrvideosystem Camos SV-448\"}]},{\"@type\":\"WebSite\",\"@id\":\"https:\\\/\\\/shop.bantam.ch\\\/de\\\/#website\",\"url\":\"https:\\\/\\\/shop.bantam.ch\\\/de\\\/\",\"name\":\"Bantam Camping AG\",\"description\":\"\",\"publisher\":{\"@id\":\"https:\\\/\\\/shop.bantam.ch\\\/de\\\/#organization\"},\"inLanguage\":\"de\"},{\"@type\":\"Organization\",\"@id\":\"https:\\\/\\\/shop.bantam.ch\\\/de\\\/#organization\",\"name\":\"Bantam Camping AG\",\"url\":\"https:\\\/\\\/shop.bantam.ch\\\/de\\\/\",\"logo\":{\"@type\":\"ImageObject\",\"inLanguage\":\"de\",\"@id\":\"https:\\\/\\\/shop.bantam.ch\\\/de\\\/#\\\/schema\\\/logo\\\/image\\\/\",\"url\":\"https:\\\/\\\/shop.bantam.ch\\\/wp-content\\\/uploads\\\/2022\\\/12\\\/bantam-logo.png\",\"contentUrl\":\"https:\\\/\\\/shop.bantam.ch\\\/wp-content\\\/uploads\\\/2022\\\/12\\\/bantam-logo.png\",\"width\":320,\"height\":71,\"caption\":\"Bantam Camping AG\"},\"image\":{\"@id\":\"https:\\\/\\\/shop.bantam.ch\\\/de\\\/#\\\/schema\\\/logo\\\/image\\\/\"}}]}<\/script>\n<!-- \/ Yoast SEO plugin. -->","yoast_head_json":{"title":"R\u00fcckfahrvideosystem Camos SV-448 - Bantam Camping AG","robots":{"index":"index","follow":"follow","max-snippet":"max-snippet:-1","max-image-preview":"max-image-preview:large","max-video-preview":"max-video-preview:-1"},"canonical":"https:\/\/shop.bantam.ch\/de\/produkt\/rueckfahrvideosystem-sv-448\/","og_locale":"de_DE","og_type":"article","og_title":"R\u00fcckfahrvideosystem Camos SV-448 - Bantam Camping AG","og_description":"SV-448: R\u00fcckfahrvideosystem Komplett-Set mit Monitor CM-430 und Kamera CM-48.CM-430: Kompakt und kontrastreich zeigt sich der kleinster Monitor im Camos Programm. Der CM-430 hat ein 4,3&#8243; gro\u00dfes Display mit hervorragender Bildqualit\u00e4t. Das digitale Display \u00fcberzeugt mit hoher Aufl\u00f6sung und ansprechendem Design.CM-48: Die solide Farbkamera CM-48 ist in ihrer Bauweise \u00e4hnlich der CM-49 und ebenfalls mit Infrarot [&hellip;]","og_url":"https:\/\/shop.bantam.ch\/de\/produkt\/rueckfahrvideosystem-sv-448\/","og_site_name":"Bantam Camping AG","article_modified_time":"2026-04-17T19:15:32+00:00","og_image":[{"width":597,"height":408,"url":"https:\/\/shop.bantam.ch\/wp-content\/uploads\/2023\/02\/9953525117baqRLbTqsHkS.jpg","type":"image\/jpeg"}],"twitter_card":"summary_large_image","twitter_misc":{"Gesch\u00e4tzte Lesezeit":"1\u00a0Minute"},"schema":{"@context":"https:\/\/schema.org","@graph":[{"@type":"WebPage","@id":"https:\/\/shop.bantam.ch\/de\/produkt\/rueckfahrvideosystem-sv-448\/","url":"https:\/\/shop.bantam.ch\/de\/produkt\/rueckfahrvideosystem-sv-448\/","name":"R\u00fcckfahrvideosystem Camos SV-448 - Bantam Camping AG","isPartOf":{"@id":"https:\/\/shop.bantam.ch\/de\/#website"},"primaryImageOfPage":{"@id":"https:\/\/shop.bantam.ch\/de\/produkt\/rueckfahrvideosystem-sv-448\/#primaryimage"},"image":{"@id":"https:\/\/shop.bantam.ch\/de\/produkt\/rueckfahrvideosystem-sv-448\/#primaryimage"},"thumbnailUrl":"https:\/\/shop.bantam.ch\/wp-content\/uploads\/2023\/02\/9953525117baqRLbTqsHkS.jpg","datePublished":"2023-02-27T22:24:02+00:00","dateModified":"2026-04-17T19:15:32+00:00","breadcrumb":{"@id":"https:\/\/shop.bantam.ch\/de\/produkt\/rueckfahrvideosystem-sv-448\/#breadcrumb"},"inLanguage":"de","potentialAction":[{"@type":"ReadAction","target":["https:\/\/shop.bantam.ch\/de\/produkt\/rueckfahrvideosystem-sv-448\/"]}]},{"@type":"ImageObject","inLanguage":"de","@id":"https:\/\/shop.bantam.ch\/de\/produkt\/rueckfahrvideosystem-sv-448\/#primaryimage","url":"https:\/\/shop.bantam.ch\/wp-content\/uploads\/2023\/02\/9953525117baqRLbTqsHkS.jpg","contentUrl":"https:\/\/shop.bantam.ch\/wp-content\/uploads\/2023\/02\/9953525117baqRLbTqsHkS.jpg","width":597,"height":408},{"@type":"BreadcrumbList","@id":"https:\/\/shop.bantam.ch\/de\/produkt\/rueckfahrvideosystem-sv-448\/#breadcrumb","itemListElement":[{"@type":"ListItem","position":1,"name":"Accueil","item":"https:\/\/shop.bantam.ch\/de\/"},{"@type":"ListItem","position":2,"name":"Shop","item":"https:\/\/shop.bantam.ch\/de\/shop\/"},{"@type":"ListItem","position":3,"name":"R\u00fcckfahrvideosystem Camos SV-448"}]},{"@type":"WebSite","@id":"https:\/\/shop.bantam.ch\/de\/#website","url":"https:\/\/shop.bantam.ch\/de\/","name":"Bantam Camping AG","description":"","publisher":{"@id":"https:\/\/shop.bantam.ch\/de\/#organization"},"inLanguage":"de"},{"@type":"Organization","@id":"https:\/\/shop.bantam.ch\/de\/#organization","name":"Bantam Camping AG","url":"https:\/\/shop.bantam.ch\/de\/","logo":{"@type":"ImageObject","inLanguage":"de","@id":"https:\/\/shop.bantam.ch\/de\/#\/schema\/logo\/image\/","url":"https:\/\/shop.bantam.ch\/wp-content\/uploads\/2022\/12\/bantam-logo.png","contentUrl":"https:\/\/shop.bantam.ch\/wp-content\/uploads\/2022\/12\/bantam-logo.png","width":320,"height":71,"caption":"Bantam Camping AG"},"image":{"@id":"https:\/\/shop.bantam.ch\/de\/#\/schema\/logo\/image\/"}}]}},"_links":{"self":[{"href":"https:\/\/shop.bantam.ch\/de\/wp-json\/wp\/v2\/product\/71736","targetHints":{"allow":["GET"]}}],"collection":[{"href":"https:\/\/shop.bantam.ch\/de\/wp-json\/wp\/v2\/product"}],"about":[{"href":"https:\/\/shop.bantam.ch\/de\/wp-json\/wp\/v2\/types\/product"}],"wp:featuredmedia":[{"embeddable":true,"href":"https:\/\/shop.bantam.ch\/de\/wp-json\/wp\/v2\/media\/71732"}],"wp:attachment":[{"href":"https:\/\/shop.bantam.ch\/de\/wp-json\/wp\/v2\/media?parent=71736"}],"wp:term":[{"taxonomy":"product_featured_cat","embeddable":true,"href":"https:\/\/shop.bantam.ch\/de\/wp-json\/wp\/v2\/product_featured_cat?post=71736"},{"taxonomy":"product_brand","embeddable":true,"href":"https:\/\/shop.bantam.ch\/de\/wp-json\/wp\/v2\/product_brand?post=71736"},{"taxonomy":"product_cat","embeddable":true,"href":"https:\/\/shop.bantam.ch\/de\/wp-json\/wp\/v2\/product_cat?post=71736"},{"taxonomy":"product_tag","embeddable":true,"href":"https:\/\/shop.bantam.ch\/de\/wp-json\/wp\/v2\/product_tag?post=71736"}],"curies":[{"name":"wp","href":"https:\/\/api.w.org\/{rel}","templated":true}]}}