{"id":71726,"date":"2023-02-27T23:23:50","date_gmt":"2023-02-27T22:23:50","guid":{"rendered":"http:\/\/shop.bantam.ch\/produit\/receiver-hd-stick-310-v2\/"},"modified":"2026-04-19T21:16:54","modified_gmt":"2026-04-19T19:16:54","slug":"receiver-hd-stick-310-v2","status":"publish","type":"product","link":"https:\/\/shop.bantam.ch\/de\/produkt\/receiver-hd-stick-310-v2\/","title":{"rendered":"Receiver Megasat HD Stick 310 V3"},"content":{"rendered":"<p>Der Megasat HD Stick 310 ist das ideale Ger\u00e4t, wenn wenig Platz vorhanden ist. Der Receiver kann durch seine kompakten Abma\u00dfe direkt hinter dem Fernseher angebracht werden. Das im Lieferumfang enthaltene Klettklebeband l\u00e4sst sich einfach anbringen und gew\u00e4hrleistet eine schnelle Montage. Mit der beiliegenden Wandhalterung kann der Receiver auch an eine Schrankwand oder an ein Regal angebracht werden. Um die Fernbedienungssignale auch bei versteckter Montage st\u00f6rungsfrei zu senden, liegt der Lieferung ein Infrarotsensor bei. Der Infrarotsensor bietet zus\u00e4tzlich das integrierte Display um jederzeit den aktuellen Programmplatz im Auge zu haben. Der integrierte USB Anschluss erm\u00f6glicht eine einfache Wiedergabe von Bild- und Musikdateien \u00fcber externe Speichermedien wie z.B. USB Stick oder externe Festplatte. So k\u00f6nnen Sie bequem ihre Urlaubsbilder oder MP3-Sammlung \u00fcber den Fernseher wiedergeben. Auch zuk\u00fcnftige Firmwareupdates lassen sich \u00fcber die Schnittstelle problemlos aufspielen.<\/p>\n<ul>\n<li>Gestochen scharfe TV-Bilder von frei empfangbaren HDTV Programmen mit einer Aufl\u00f6sung von bis zu 1080p<\/li>\n<li>Versteckte Montage hinter dem Fernseher<\/li>\n<li>Infrarotsensor inkl. 4-stelligem Display f\u00fcr einen optimalen Empfang der Fernbedienungssignale, auch wenn der Receiver hinter dem Fernseher montiert wird<\/li>\n<li>Zwei USB Anschl\u00fcsse zur Medienwiedergabe. Spielen Sie Ihre Musik-, Video- und Bilder-Sammlung direkt vom Receiver ab<\/li>\n<li>Energiesparer im Betrieb und Standby<\/li>\n<\/ul>\n<ul>\n<li>Stromverbrauch: 12 W<\/li>\n<\/ul>\n","protected":false},"excerpt":{"rendered":"<p>Der Megasat HD Stick 310 ist das ideale Ger\u00e4t, wenn wenig Platz vorhanden ist. Der Receiver kann durch seine kompakten Abma\u00dfe direkt hinter dem Fernseher angebracht werden. Das im Lieferumfang enthaltene Klettklebeband l\u00e4sst sich einfach anbringen und gew\u00e4hrleistet eine schnelle Montage. Mit der beiliegenden Wandhalterung kann der Receiver auch an eine Schrankwand oder an ein [&hellip;]<\/p>\n","protected":false},"featured_media":71716,"template":"","meta":{"_acf_changed":false},"product_featured_cat":[],"product_brand":[3201],"product_cat":[4988],"product_tag":[],"class_list":{"0":"post-71726","1":"product","2":"type-product","3":"status-publish","4":"has-post-thumbnail","6":"product_brand-megasat-de","7":"product_cat-receiver","9":"first","10":"instock","11":"taxable","12":"shipping-taxable","13":"purchasable","14":"product-type-simple"},"acf":[],"yoast_head":"<!-- This site is optimized with the Yoast SEO plugin v27.4 - https:\/\/yoast.com\/product\/yoast-seo-wordpress\/ -->\n<title>Receiver Megasat HD Stick 310 V3 - Bantam Camping AG<\/title>\n<meta name=\"robots\" content=\"index, follow, max-snippet:-1, max-image-preview:large, max-video-preview:-1\" \/>\n<link rel=\"canonical\" href=\"https:\/\/shop.bantam.ch\/de\/produkt\/receiver-hd-stick-310-v2\/\" \/>\n<meta property=\"og:locale\" content=\"de_DE\" \/>\n<meta property=\"og:type\" content=\"article\" \/>\n<meta property=\"og:title\" content=\"Receiver Megasat HD Stick 310 V3 - Bantam Camping AG\" \/>\n<meta property=\"og:description\" content=\"Der Megasat HD Stick 310 ist das ideale Ger\u00e4t, wenn wenig Platz vorhanden ist. Der Receiver kann durch seine kompakten Abma\u00dfe direkt hinter dem Fernseher angebracht werden. Das im Lieferumfang enthaltene Klettklebeband l\u00e4sst sich einfach anbringen und gew\u00e4hrleistet eine schnelle Montage. Mit der beiliegenden Wandhalterung kann der Receiver auch an eine Schrankwand oder an ein [&hellip;]\" \/>\n<meta property=\"og:url\" content=\"https:\/\/shop.bantam.ch\/de\/produkt\/receiver-hd-stick-310-v2\/\" \/>\n<meta property=\"og:site_name\" content=\"Bantam Camping AG\" \/>\n<meta property=\"article:modified_time\" content=\"2026-04-19T19:16:54+00:00\" \/>\n<meta property=\"og:image\" content=\"https:\/\/shop.bantam.ch\/wp-content\/uploads\/2023\/02\/995352311.jpg\" \/>\n\t<meta property=\"og:image:width\" content=\"690\" \/>\n\t<meta property=\"og:image:height\" content=\"1000\" \/>\n\t<meta property=\"og:image:type\" content=\"image\/jpeg\" \/>\n<meta name=\"twitter:card\" content=\"summary_large_image\" \/>\n<meta name=\"twitter:label1\" content=\"Gesch\u00e4tzte Lesezeit\" \/>\n\t<meta name=\"twitter:data1\" content=\"1\u00a0Minute\" \/>\n<script type=\"application\/ld+json\" class=\"yoast-schema-graph\">{\"@context\":\"https:\\\/\\\/schema.org\",\"@graph\":[{\"@type\":\"WebPage\",\"@id\":\"https:\\\/\\\/shop.bantam.ch\\\/de\\\/produkt\\\/receiver-hd-stick-310-v2\\\/\",\"url\":\"https:\\\/\\\/shop.bantam.ch\\\/de\\\/produkt\\\/receiver-hd-stick-310-v2\\\/\",\"name\":\"Receiver Megasat HD Stick 310 V3 - Bantam Camping AG\",\"isPartOf\":{\"@id\":\"https:\\\/\\\/shop.bantam.ch\\\/de\\\/#website\"},\"primaryImageOfPage\":{\"@id\":\"https:\\\/\\\/shop.bantam.ch\\\/de\\\/produkt\\\/receiver-hd-stick-310-v2\\\/#primaryimage\"},\"image\":{\"@id\":\"https:\\\/\\\/shop.bantam.ch\\\/de\\\/produkt\\\/receiver-hd-stick-310-v2\\\/#primaryimage\"},\"thumbnailUrl\":\"https:\\\/\\\/shop.bantam.ch\\\/wp-content\\\/uploads\\\/2023\\\/02\\\/995352311.jpg\",\"datePublished\":\"2023-02-27T22:23:50+00:00\",\"dateModified\":\"2026-04-19T19:16:54+00:00\",\"breadcrumb\":{\"@id\":\"https:\\\/\\\/shop.bantam.ch\\\/de\\\/produkt\\\/receiver-hd-stick-310-v2\\\/#breadcrumb\"},\"inLanguage\":\"de\",\"potentialAction\":[{\"@type\":\"ReadAction\",\"target\":[\"https:\\\/\\\/shop.bantam.ch\\\/de\\\/produkt\\\/receiver-hd-stick-310-v2\\\/\"]}]},{\"@type\":\"ImageObject\",\"inLanguage\":\"de\",\"@id\":\"https:\\\/\\\/shop.bantam.ch\\\/de\\\/produkt\\\/receiver-hd-stick-310-v2\\\/#primaryimage\",\"url\":\"https:\\\/\\\/shop.bantam.ch\\\/wp-content\\\/uploads\\\/2023\\\/02\\\/995352311.jpg\",\"contentUrl\":\"https:\\\/\\\/shop.bantam.ch\\\/wp-content\\\/uploads\\\/2023\\\/02\\\/995352311.jpg\",\"width\":690,\"height\":1000},{\"@type\":\"BreadcrumbList\",\"@id\":\"https:\\\/\\\/shop.bantam.ch\\\/de\\\/produkt\\\/receiver-hd-stick-310-v2\\\/#breadcrumb\",\"itemListElement\":[{\"@type\":\"ListItem\",\"position\":1,\"name\":\"Accueil\",\"item\":\"https:\\\/\\\/shop.bantam.ch\\\/de\\\/\"},{\"@type\":\"ListItem\",\"position\":2,\"name\":\"Shop\",\"item\":\"https:\\\/\\\/shop.bantam.ch\\\/de\\\/shop\\\/\"},{\"@type\":\"ListItem\",\"position\":3,\"name\":\"Receiver Megasat HD Stick 310 V3\"}]},{\"@type\":\"WebSite\",\"@id\":\"https:\\\/\\\/shop.bantam.ch\\\/de\\\/#website\",\"url\":\"https:\\\/\\\/shop.bantam.ch\\\/de\\\/\",\"name\":\"Bantam Camping AG\",\"description\":\"\",\"publisher\":{\"@id\":\"https:\\\/\\\/shop.bantam.ch\\\/de\\\/#organization\"},\"inLanguage\":\"de\"},{\"@type\":\"Organization\",\"@id\":\"https:\\\/\\\/shop.bantam.ch\\\/de\\\/#organization\",\"name\":\"Bantam Camping AG\",\"url\":\"https:\\\/\\\/shop.bantam.ch\\\/de\\\/\",\"logo\":{\"@type\":\"ImageObject\",\"inLanguage\":\"de\",\"@id\":\"https:\\\/\\\/shop.bantam.ch\\\/de\\\/#\\\/schema\\\/logo\\\/image\\\/\",\"url\":\"https:\\\/\\\/shop.bantam.ch\\\/wp-content\\\/uploads\\\/2022\\\/12\\\/bantam-logo.png\",\"contentUrl\":\"https:\\\/\\\/shop.bantam.ch\\\/wp-content\\\/uploads\\\/2022\\\/12\\\/bantam-logo.png\",\"width\":320,\"height\":71,\"caption\":\"Bantam Camping AG\"},\"image\":{\"@id\":\"https:\\\/\\\/shop.bantam.ch\\\/de\\\/#\\\/schema\\\/logo\\\/image\\\/\"}}]}<\/script>\n<!-- \/ Yoast SEO plugin. -->","yoast_head_json":{"title":"Receiver Megasat HD Stick 310 V3 - Bantam Camping AG","robots":{"index":"index","follow":"follow","max-snippet":"max-snippet:-1","max-image-preview":"max-image-preview:large","max-video-preview":"max-video-preview:-1"},"canonical":"https:\/\/shop.bantam.ch\/de\/produkt\/receiver-hd-stick-310-v2\/","og_locale":"de_DE","og_type":"article","og_title":"Receiver Megasat HD Stick 310 V3 - Bantam Camping AG","og_description":"Der Megasat HD Stick 310 ist das ideale Ger\u00e4t, wenn wenig Platz vorhanden ist. Der Receiver kann durch seine kompakten Abma\u00dfe direkt hinter dem Fernseher angebracht werden. Das im Lieferumfang enthaltene Klettklebeband l\u00e4sst sich einfach anbringen und gew\u00e4hrleistet eine schnelle Montage. Mit der beiliegenden Wandhalterung kann der Receiver auch an eine Schrankwand oder an ein [&hellip;]","og_url":"https:\/\/shop.bantam.ch\/de\/produkt\/receiver-hd-stick-310-v2\/","og_site_name":"Bantam Camping AG","article_modified_time":"2026-04-19T19:16:54+00:00","og_image":[{"width":690,"height":1000,"url":"https:\/\/shop.bantam.ch\/wp-content\/uploads\/2023\/02\/995352311.jpg","type":"image\/jpeg"}],"twitter_card":"summary_large_image","twitter_misc":{"Gesch\u00e4tzte Lesezeit":"1\u00a0Minute"},"schema":{"@context":"https:\/\/schema.org","@graph":[{"@type":"WebPage","@id":"https:\/\/shop.bantam.ch\/de\/produkt\/receiver-hd-stick-310-v2\/","url":"https:\/\/shop.bantam.ch\/de\/produkt\/receiver-hd-stick-310-v2\/","name":"Receiver Megasat HD Stick 310 V3 - Bantam Camping AG","isPartOf":{"@id":"https:\/\/shop.bantam.ch\/de\/#website"},"primaryImageOfPage":{"@id":"https:\/\/shop.bantam.ch\/de\/produkt\/receiver-hd-stick-310-v2\/#primaryimage"},"image":{"@id":"https:\/\/shop.bantam.ch\/de\/produkt\/receiver-hd-stick-310-v2\/#primaryimage"},"thumbnailUrl":"https:\/\/shop.bantam.ch\/wp-content\/uploads\/2023\/02\/995352311.jpg","datePublished":"2023-02-27T22:23:50+00:00","dateModified":"2026-04-19T19:16:54+00:00","breadcrumb":{"@id":"https:\/\/shop.bantam.ch\/de\/produkt\/receiver-hd-stick-310-v2\/#breadcrumb"},"inLanguage":"de","potentialAction":[{"@type":"ReadAction","target":["https:\/\/shop.bantam.ch\/de\/produkt\/receiver-hd-stick-310-v2\/"]}]},{"@type":"ImageObject","inLanguage":"de","@id":"https:\/\/shop.bantam.ch\/de\/produkt\/receiver-hd-stick-310-v2\/#primaryimage","url":"https:\/\/shop.bantam.ch\/wp-content\/uploads\/2023\/02\/995352311.jpg","contentUrl":"https:\/\/shop.bantam.ch\/wp-content\/uploads\/2023\/02\/995352311.jpg","width":690,"height":1000},{"@type":"BreadcrumbList","@id":"https:\/\/shop.bantam.ch\/de\/produkt\/receiver-hd-stick-310-v2\/#breadcrumb","itemListElement":[{"@type":"ListItem","position":1,"name":"Accueil","item":"https:\/\/shop.bantam.ch\/de\/"},{"@type":"ListItem","position":2,"name":"Shop","item":"https:\/\/shop.bantam.ch\/de\/shop\/"},{"@type":"ListItem","position":3,"name":"Receiver Megasat HD Stick 310 V3"}]},{"@type":"WebSite","@id":"https:\/\/shop.bantam.ch\/de\/#website","url":"https:\/\/shop.bantam.ch\/de\/","name":"Bantam Camping AG","description":"","publisher":{"@id":"https:\/\/shop.bantam.ch\/de\/#organization"},"inLanguage":"de"},{"@type":"Organization","@id":"https:\/\/shop.bantam.ch\/de\/#organization","name":"Bantam Camping AG","url":"https:\/\/shop.bantam.ch\/de\/","logo":{"@type":"ImageObject","inLanguage":"de","@id":"https:\/\/shop.bantam.ch\/de\/#\/schema\/logo\/image\/","url":"https:\/\/shop.bantam.ch\/wp-content\/uploads\/2022\/12\/bantam-logo.png","contentUrl":"https:\/\/shop.bantam.ch\/wp-content\/uploads\/2022\/12\/bantam-logo.png","width":320,"height":71,"caption":"Bantam Camping AG"},"image":{"@id":"https:\/\/shop.bantam.ch\/de\/#\/schema\/logo\/image\/"}}]}},"_links":{"self":[{"href":"https:\/\/shop.bantam.ch\/de\/wp-json\/wp\/v2\/product\/71726","targetHints":{"allow":["GET"]}}],"collection":[{"href":"https:\/\/shop.bantam.ch\/de\/wp-json\/wp\/v2\/product"}],"about":[{"href":"https:\/\/shop.bantam.ch\/de\/wp-json\/wp\/v2\/types\/product"}],"wp:featuredmedia":[{"embeddable":true,"href":"https:\/\/shop.bantam.ch\/de\/wp-json\/wp\/v2\/media\/71716"}],"wp:attachment":[{"href":"https:\/\/shop.bantam.ch\/de\/wp-json\/wp\/v2\/media?parent=71726"}],"wp:term":[{"taxonomy":"product_featured_cat","embeddable":true,"href":"https:\/\/shop.bantam.ch\/de\/wp-json\/wp\/v2\/product_featured_cat?post=71726"},{"taxonomy":"product_brand","embeddable":true,"href":"https:\/\/shop.bantam.ch\/de\/wp-json\/wp\/v2\/product_brand?post=71726"},{"taxonomy":"product_cat","embeddable":true,"href":"https:\/\/shop.bantam.ch\/de\/wp-json\/wp\/v2\/product_cat?post=71726"},{"taxonomy":"product_tag","embeddable":true,"href":"https:\/\/shop.bantam.ch\/de\/wp-json\/wp\/v2\/product_tag?post=71726"}],"curies":[{"name":"wp","href":"https:\/\/api.w.org\/{rel}","templated":true}]}}