{"id":71714,"date":"2023-02-27T23:23:44","date_gmt":"2023-02-27T22:23:44","guid":{"rendered":"http:\/\/shop.bantam.ch\/produit\/fahrradtraeger-strada-sport-e-bike-ml\/"},"modified":"2026-05-02T21:15:04","modified_gmt":"2026-05-02T19:15:04","slug":"fahrradtraeger-strada-sport-e-bike-ml","status":"publish","type":"product","link":"https:\/\/shop.bantam.ch\/de\/produkt\/fahrradtraeger-strada-sport-e-bike-ml\/","title":{"rendered":"Heckfahrradtr\u00e4ger Atera Strada Sport E-Bike XL 2 R\u00e4der Traglast 59,2 kg"},"content":{"rendered":"<p>Kraftvoller, extrabreiter E-Bike Tr\u00e4ger (120cm). Gro\u00dfer Abstand von Bike zu Bike (23cm) und von Laufrad zu Laufrad.<\/p>\n<ul>\n<li>F\u00fcr 2 E-Bikes oder 2 Fahrr\u00e4der<\/li>\n<li>Erweiterbar auf 3 R\u00e4der <\/li>\n<li>Alle Fahrrad-\/Reifengr\u00f6\u00dfen<\/li>\n<li>Basisrahmen Stahl<\/li>\n<li>Rahmenst\u00e4rke 25 &#8211; 80 m<\/li>\n<li>2 matte eloxierte Aluminium Fahrradschienen<\/li>\n<li>Fahrradschienenabstand 23 cm<\/li>\n<li>2 abschlie\u00dfbare Abstandshalter<\/li>\n<li>Auszieh- u. Ausklappbar<\/li>\n<\/ul>\n<ul>\n<li>Traglast pro Schiene (kg): &lt; 30<\/li>\n<li>Rahmendurchmesser (mm): 25-80<\/li>\n<li>Abstand Radschienen (cm): 23<\/li>\n<li>Fahrr\u00e4der Grundtr\u00e4ger: 2<\/li>\n<li>E-Bike zertifiziert: ja<\/li>\n<li>E-Bikes max.: 2<\/li>\n<li>Mechanismus: Klappmechanik<\/li>\n<\/ul>\n","protected":false},"excerpt":{"rendered":"<p>Kraftvoller, extrabreiter E-Bike Tr\u00e4ger (120cm). Gro\u00dfer Abstand von Bike zu Bike (23cm) und von Laufrad zu Laufrad. F\u00fcr 2 E-Bikes oder 2 Fahrr\u00e4der Erweiterbar auf 3 R\u00e4der Alle Fahrrad-\/Reifengr\u00f6\u00dfen Basisrahmen Stahl Rahmenst\u00e4rke 25 &#8211; 80 m 2 matte eloxierte Aluminium Fahrradschienen Fahrradschienenabstand 23 cm 2 abschlie\u00dfbare Abstandshalter Auszieh- u. Ausklappbar Traglast pro Schiene (kg): &lt; [&hellip;]<\/p>\n","protected":false},"featured_media":71712,"template":"","meta":{"_acf_changed":false},"product_featured_cat":[],"product_brand":[3345],"product_cat":[4694],"product_tag":[],"class_list":{"0":"post-71714","1":"product","2":"type-product","3":"status-publish","4":"has-post-thumbnail","6":"product_brand-atera-de","7":"product_cat-kupplungs-fahrradtraeger","9":"first","10":"instock","11":"taxable","12":"shipping-taxable","13":"purchasable","14":"product-type-simple"},"acf":[],"yoast_head":"<!-- This site is optimized with the Yoast SEO plugin v27.5 - https:\/\/yoast.com\/product\/yoast-seo-wordpress\/ -->\n<title>Heckfahrradtr\u00e4ger Atera Strada Sport E-Bike XL 2 R\u00e4der Traglast 59,2 kg - Bantam<\/title>\n<meta name=\"robots\" content=\"index, follow, max-snippet:-1, max-image-preview:large, max-video-preview:-1\" \/>\n<link rel=\"canonical\" href=\"https:\/\/shop.bantam.ch\/de\/produkt\/fahrradtraeger-strada-sport-e-bike-ml\/\" \/>\n<meta property=\"og:locale\" content=\"de_DE\" \/>\n<meta property=\"og:type\" content=\"article\" \/>\n<meta property=\"og:title\" content=\"Heckfahrradtr\u00e4ger Atera Strada Sport E-Bike XL 2 R\u00e4der Traglast 59,2 kg - Bantam\" \/>\n<meta property=\"og:description\" content=\"Kraftvoller, extrabreiter E-Bike Tr\u00e4ger (120cm). Gro\u00dfer Abstand von Bike zu Bike (23cm) und von Laufrad zu Laufrad. F\u00fcr 2 E-Bikes oder 2 Fahrr\u00e4der Erweiterbar auf 3 R\u00e4der Alle Fahrrad-\/Reifengr\u00f6\u00dfen Basisrahmen Stahl Rahmenst\u00e4rke 25 &#8211; 80 m 2 matte eloxierte Aluminium Fahrradschienen Fahrradschienenabstand 23 cm 2 abschlie\u00dfbare Abstandshalter Auszieh- u. Ausklappbar Traglast pro Schiene (kg): &lt; [&hellip;]\" \/>\n<meta property=\"og:url\" content=\"https:\/\/shop.bantam.ch\/de\/produkt\/fahrradtraeger-strada-sport-e-bike-ml\/\" \/>\n<meta property=\"og:site_name\" content=\"Bantam\" \/>\n<meta property=\"article:modified_time\" content=\"2026-05-02T19:15:04+00:00\" \/>\n<meta property=\"og:image\" content=\"https:\/\/shop.bantam.ch\/wp-content\/uploads\/2023\/02\/9926174100.jpg\" \/>\n\t<meta property=\"og:image:width\" content=\"1000\" \/>\n\t<meta property=\"og:image:height\" content=\"590\" \/>\n\t<meta property=\"og:image:type\" content=\"image\/jpeg\" \/>\n<meta name=\"twitter:card\" content=\"summary_large_image\" \/>\n<script type=\"application\/ld+json\" class=\"yoast-schema-graph\">{\"@context\":\"https:\\\/\\\/schema.org\",\"@graph\":[{\"@type\":\"WebPage\",\"@id\":\"https:\\\/\\\/shop.bantam.ch\\\/de\\\/produkt\\\/fahrradtraeger-strada-sport-e-bike-ml\\\/\",\"url\":\"https:\\\/\\\/shop.bantam.ch\\\/de\\\/produkt\\\/fahrradtraeger-strada-sport-e-bike-ml\\\/\",\"name\":\"Heckfahrradtr\u00e4ger Atera Strada Sport E-Bike XL 2 R\u00e4der Traglast 59,2 kg - Bantam\",\"isPartOf\":{\"@id\":\"https:\\\/\\\/shop.bantam.ch\\\/de\\\/#website\"},\"primaryImageOfPage\":{\"@id\":\"https:\\\/\\\/shop.bantam.ch\\\/de\\\/produkt\\\/fahrradtraeger-strada-sport-e-bike-ml\\\/#primaryimage\"},\"image\":{\"@id\":\"https:\\\/\\\/shop.bantam.ch\\\/de\\\/produkt\\\/fahrradtraeger-strada-sport-e-bike-ml\\\/#primaryimage\"},\"thumbnailUrl\":\"https:\\\/\\\/shop.bantam.ch\\\/wp-content\\\/uploads\\\/2023\\\/02\\\/9926174100.jpg\",\"datePublished\":\"2023-02-27T22:23:44+00:00\",\"dateModified\":\"2026-05-02T19:15:04+00:00\",\"breadcrumb\":{\"@id\":\"https:\\\/\\\/shop.bantam.ch\\\/de\\\/produkt\\\/fahrradtraeger-strada-sport-e-bike-ml\\\/#breadcrumb\"},\"inLanguage\":\"de\",\"potentialAction\":[{\"@type\":\"ReadAction\",\"target\":[\"https:\\\/\\\/shop.bantam.ch\\\/de\\\/produkt\\\/fahrradtraeger-strada-sport-e-bike-ml\\\/\"]}]},{\"@type\":\"ImageObject\",\"inLanguage\":\"de\",\"@id\":\"https:\\\/\\\/shop.bantam.ch\\\/de\\\/produkt\\\/fahrradtraeger-strada-sport-e-bike-ml\\\/#primaryimage\",\"url\":\"https:\\\/\\\/shop.bantam.ch\\\/wp-content\\\/uploads\\\/2023\\\/02\\\/9926174100.jpg\",\"contentUrl\":\"https:\\\/\\\/shop.bantam.ch\\\/wp-content\\\/uploads\\\/2023\\\/02\\\/9926174100.jpg\",\"width\":1000,\"height\":590},{\"@type\":\"BreadcrumbList\",\"@id\":\"https:\\\/\\\/shop.bantam.ch\\\/de\\\/produkt\\\/fahrradtraeger-strada-sport-e-bike-ml\\\/#breadcrumb\",\"itemListElement\":[{\"@type\":\"ListItem\",\"position\":1,\"name\":\"Accueil\",\"item\":\"https:\\\/\\\/shop.bantam.ch\\\/de\\\/\"},{\"@type\":\"ListItem\",\"position\":2,\"name\":\"Shop\",\"item\":\"https:\\\/\\\/shop.bantam.ch\\\/de\\\/shop\\\/\"},{\"@type\":\"ListItem\",\"position\":3,\"name\":\"Heckfahrradtr\u00e4ger Atera Strada Sport E-Bike XL 2 R\u00e4der Traglast 59,2 kg\"}]},{\"@type\":\"WebSite\",\"@id\":\"https:\\\/\\\/shop.bantam.ch\\\/de\\\/#website\",\"url\":\"https:\\\/\\\/shop.bantam.ch\\\/de\\\/\",\"name\":\"Bantam\",\"description\":\"\",\"publisher\":{\"@id\":\"https:\\\/\\\/shop.bantam.ch\\\/de\\\/#organization\"},\"inLanguage\":\"de\"},{\"@type\":\"Organization\",\"@id\":\"https:\\\/\\\/shop.bantam.ch\\\/de\\\/#organization\",\"name\":\"Bantam\",\"url\":\"https:\\\/\\\/shop.bantam.ch\\\/de\\\/\",\"logo\":{\"@type\":\"ImageObject\",\"inLanguage\":\"de\",\"@id\":\"https:\\\/\\\/shop.bantam.ch\\\/de\\\/#\\\/schema\\\/logo\\\/image\\\/\",\"url\":\"https:\\\/\\\/shop.bantam.ch\\\/wp-content\\\/uploads\\\/2022\\\/12\\\/bantam-logo.png\",\"contentUrl\":\"https:\\\/\\\/shop.bantam.ch\\\/wp-content\\\/uploads\\\/2022\\\/12\\\/bantam-logo.png\",\"width\":320,\"height\":71,\"caption\":\"Bantam\"},\"image\":{\"@id\":\"https:\\\/\\\/shop.bantam.ch\\\/de\\\/#\\\/schema\\\/logo\\\/image\\\/\"}}]}<\/script>\n<!-- \/ Yoast SEO plugin. -->","yoast_head_json":{"title":"Heckfahrradtr\u00e4ger Atera Strada Sport E-Bike XL 2 R\u00e4der Traglast 59,2 kg - Bantam","robots":{"index":"index","follow":"follow","max-snippet":"max-snippet:-1","max-image-preview":"max-image-preview:large","max-video-preview":"max-video-preview:-1"},"canonical":"https:\/\/shop.bantam.ch\/de\/produkt\/fahrradtraeger-strada-sport-e-bike-ml\/","og_locale":"de_DE","og_type":"article","og_title":"Heckfahrradtr\u00e4ger Atera Strada Sport E-Bike XL 2 R\u00e4der Traglast 59,2 kg - Bantam","og_description":"Kraftvoller, extrabreiter E-Bike Tr\u00e4ger (120cm). Gro\u00dfer Abstand von Bike zu Bike (23cm) und von Laufrad zu Laufrad. F\u00fcr 2 E-Bikes oder 2 Fahrr\u00e4der Erweiterbar auf 3 R\u00e4der Alle Fahrrad-\/Reifengr\u00f6\u00dfen Basisrahmen Stahl Rahmenst\u00e4rke 25 &#8211; 80 m 2 matte eloxierte Aluminium Fahrradschienen Fahrradschienenabstand 23 cm 2 abschlie\u00dfbare Abstandshalter Auszieh- u. Ausklappbar Traglast pro Schiene (kg): &lt; [&hellip;]","og_url":"https:\/\/shop.bantam.ch\/de\/produkt\/fahrradtraeger-strada-sport-e-bike-ml\/","og_site_name":"Bantam","article_modified_time":"2026-05-02T19:15:04+00:00","og_image":[{"width":1000,"height":590,"url":"https:\/\/shop.bantam.ch\/wp-content\/uploads\/2023\/02\/9926174100.jpg","type":"image\/jpeg"}],"twitter_card":"summary_large_image","schema":{"@context":"https:\/\/schema.org","@graph":[{"@type":"WebPage","@id":"https:\/\/shop.bantam.ch\/de\/produkt\/fahrradtraeger-strada-sport-e-bike-ml\/","url":"https:\/\/shop.bantam.ch\/de\/produkt\/fahrradtraeger-strada-sport-e-bike-ml\/","name":"Heckfahrradtr\u00e4ger Atera Strada Sport E-Bike XL 2 R\u00e4der Traglast 59,2 kg - Bantam","isPartOf":{"@id":"https:\/\/shop.bantam.ch\/de\/#website"},"primaryImageOfPage":{"@id":"https:\/\/shop.bantam.ch\/de\/produkt\/fahrradtraeger-strada-sport-e-bike-ml\/#primaryimage"},"image":{"@id":"https:\/\/shop.bantam.ch\/de\/produkt\/fahrradtraeger-strada-sport-e-bike-ml\/#primaryimage"},"thumbnailUrl":"https:\/\/shop.bantam.ch\/wp-content\/uploads\/2023\/02\/9926174100.jpg","datePublished":"2023-02-27T22:23:44+00:00","dateModified":"2026-05-02T19:15:04+00:00","breadcrumb":{"@id":"https:\/\/shop.bantam.ch\/de\/produkt\/fahrradtraeger-strada-sport-e-bike-ml\/#breadcrumb"},"inLanguage":"de","potentialAction":[{"@type":"ReadAction","target":["https:\/\/shop.bantam.ch\/de\/produkt\/fahrradtraeger-strada-sport-e-bike-ml\/"]}]},{"@type":"ImageObject","inLanguage":"de","@id":"https:\/\/shop.bantam.ch\/de\/produkt\/fahrradtraeger-strada-sport-e-bike-ml\/#primaryimage","url":"https:\/\/shop.bantam.ch\/wp-content\/uploads\/2023\/02\/9926174100.jpg","contentUrl":"https:\/\/shop.bantam.ch\/wp-content\/uploads\/2023\/02\/9926174100.jpg","width":1000,"height":590},{"@type":"BreadcrumbList","@id":"https:\/\/shop.bantam.ch\/de\/produkt\/fahrradtraeger-strada-sport-e-bike-ml\/#breadcrumb","itemListElement":[{"@type":"ListItem","position":1,"name":"Accueil","item":"https:\/\/shop.bantam.ch\/de\/"},{"@type":"ListItem","position":2,"name":"Shop","item":"https:\/\/shop.bantam.ch\/de\/shop\/"},{"@type":"ListItem","position":3,"name":"Heckfahrradtr\u00e4ger Atera Strada Sport E-Bike XL 2 R\u00e4der Traglast 59,2 kg"}]},{"@type":"WebSite","@id":"https:\/\/shop.bantam.ch\/de\/#website","url":"https:\/\/shop.bantam.ch\/de\/","name":"Bantam","description":"","publisher":{"@id":"https:\/\/shop.bantam.ch\/de\/#organization"},"inLanguage":"de"},{"@type":"Organization","@id":"https:\/\/shop.bantam.ch\/de\/#organization","name":"Bantam","url":"https:\/\/shop.bantam.ch\/de\/","logo":{"@type":"ImageObject","inLanguage":"de","@id":"https:\/\/shop.bantam.ch\/de\/#\/schema\/logo\/image\/","url":"https:\/\/shop.bantam.ch\/wp-content\/uploads\/2022\/12\/bantam-logo.png","contentUrl":"https:\/\/shop.bantam.ch\/wp-content\/uploads\/2022\/12\/bantam-logo.png","width":320,"height":71,"caption":"Bantam"},"image":{"@id":"https:\/\/shop.bantam.ch\/de\/#\/schema\/logo\/image\/"}}]}},"_links":{"self":[{"href":"https:\/\/shop.bantam.ch\/de\/wp-json\/wp\/v2\/product\/71714","targetHints":{"allow":["GET"]}}],"collection":[{"href":"https:\/\/shop.bantam.ch\/de\/wp-json\/wp\/v2\/product"}],"about":[{"href":"https:\/\/shop.bantam.ch\/de\/wp-json\/wp\/v2\/types\/product"}],"wp:featuredmedia":[{"embeddable":true,"href":"https:\/\/shop.bantam.ch\/de\/wp-json\/wp\/v2\/media\/71712"}],"wp:attachment":[{"href":"https:\/\/shop.bantam.ch\/de\/wp-json\/wp\/v2\/media?parent=71714"}],"wp:term":[{"taxonomy":"product_featured_cat","embeddable":true,"href":"https:\/\/shop.bantam.ch\/de\/wp-json\/wp\/v2\/product_featured_cat?post=71714"},{"taxonomy":"product_brand","embeddable":true,"href":"https:\/\/shop.bantam.ch\/de\/wp-json\/wp\/v2\/product_brand?post=71714"},{"taxonomy":"product_cat","embeddable":true,"href":"https:\/\/shop.bantam.ch\/de\/wp-json\/wp\/v2\/product_cat?post=71714"},{"taxonomy":"product_tag","embeddable":true,"href":"https:\/\/shop.bantam.ch\/de\/wp-json\/wp\/v2\/product_tag?post=71714"}],"curies":[{"name":"wp","href":"https:\/\/api.w.org\/{rel}","templated":true}]}}