{"id":71686,"date":"2023-02-27T23:23:15","date_gmt":"2023-02-27T22:23:15","guid":{"rendered":"http:\/\/shop.bantam.ch\/produit\/dachluefter-fantastic-vent-7350-weiss\/"},"modified":"2026-04-18T21:15:57","modified_gmt":"2026-04-18T19:15:57","slug":"dachluefter-fantastic-vent-7350-weiss","status":"publish","type":"product","link":"https:\/\/shop.bantam.ch\/de\/produkt\/dachluefter-fantastic-vent-7350-weiss\/","title":{"rendered":"Dachl\u00fcfter Fantastic Vent 7350 40 x 40 cm Haube wei\u00df mit Infrarotbedienung"},"content":{"rendered":"<p>Technologischer Fortschritt, unsere \u00fcber 21 j\u00e4hrige Erfahrung in der Herstellung in Verbindung mit den Bed\u00fcrfnissen der Konsumenten sind die Basis f\u00fcr unseren neuesten Dachl\u00fcfter 7350. F\u00fcr jeden Kunden bietet dieses patentierte System einen schnellen und einfachen Luftaustausch, ganz einfach per Funkfernbedienung vom Sessel aus. <\/p>\n<p>Mit dieser Funkfernbedienung kann der L\u00fcfter reguliert und die \u00d6ffnungsh\u00f6he der Dachhaube eingestellt werden. Im Automatikmodus wird das System ein- oder ausgeschaltet, sowie die L\u00fcftergeschwindigkeit reguliert, ganz einfach auf Basis der eingegebenen Wunschtemperatur im Fahrzeug. Im manuellen Modus k\u00f6nnen Sie zwischen 14 L\u00fcftergeschwindigkeiten w\u00e4hlen.<\/p>\n<p>Der Dachl\u00fcfter bietet eine Zu- und Abluftfunktion. Diese Funktion bringt frische Luft von au\u00dfen nach innen oder kann die Innenraumluft nach Umschaltung der Drehrichtung nach au\u00dfen leiten. Beide Drehrichtungen k\u00f6nnen automatisch \u00fcber Thermostat oder manuell benutzt werden. Der eingebaute Regensensor schlie\u00dft bei Regen automatisch die Haube und stoppt den Ventilator. Nat\u00fcrlich kann die Funktion des Regensensors auch \u00fcberbr\u00fcckt oder deaktiviert werden.<br \/> Fernbedienung:<\/p>\n<ul>\n<li>Funkfernbedienung (2AA Batterien im Lieferumfang enthalten)<\/li>\n<li>Wandhalterung zur Montage im Fahrzeug<\/li>\n<li>Automatische Drehzahlregelung \u00fcber Thermostat<\/li>\n<li>Manuelle Geschwindigkeitsregelung des L\u00fcfters in 14 Stufen<\/li>\n<\/ul>\n<p>L\u00fcfter:<\/p>\n<ul>\n<li>Ma\u00dfe 40 x 40 cm (B x T)<\/li>\n<li>Robuste und bew\u00e4hrte Technik<\/li>\n<li>Leiser 12-Volt-Ventilator mit variabler Geschwindigkeit<\/li>\n<li>Abnehmbares Moskitonetz innen f\u00fcr einfache Reinigung<\/li>\n<li>Zu- und Abluftfunktion<\/li>\n<li>Niedriger Stromverbrauch (0,2 &#8211; 1,9 A)<\/li>\n<li>Hoher Luftumsatz, bis zu 1500 cbm je Stunde<\/li>\n<li>Regensensor schlie\u00dft die Haube bei N\u00e4sse<\/li>\n<li>12 V Betrieb<\/li>\n<\/ul>\n<ul>\n<li>Aufbauh\u00f6he: 12,5 cm<\/li>\n<li>Au\u00dfenma\u00df: 47 x 47 cm<\/li>\n<li>Dachausschnitt: 35 x 35 &#8211; 40 x 40 cm<\/li>\n<\/ul>\n","protected":false},"excerpt":{"rendered":"<p>Technologischer Fortschritt, unsere \u00fcber 21 j\u00e4hrige Erfahrung in der Herstellung in Verbindung mit den Bed\u00fcrfnissen der Konsumenten sind die Basis f\u00fcr unseren neuesten Dachl\u00fcfter 7350. F\u00fcr jeden Kunden bietet dieses patentierte System einen schnellen und einfachen Luftaustausch, ganz einfach per Funkfernbedienung vom Sessel aus. Mit dieser Funkfernbedienung kann der L\u00fcfter reguliert und die \u00d6ffnungsh\u00f6he der [&hellip;]<\/p>\n","protected":false},"featured_media":71680,"template":"","meta":{"_acf_changed":false},"product_featured_cat":[],"product_brand":[3029],"product_cat":[5038],"product_tag":[],"class_list":{"0":"post-71686","1":"product","2":"type-product","3":"status-publish","4":"has-post-thumbnail","6":"product_brand-dometic-de","7":"product_cat-dachluefter-mit-motor","9":"first","10":"instock","11":"taxable","12":"shipping-taxable","13":"purchasable","14":"product-type-simple"},"acf":[],"yoast_head":"<!-- This site is optimized with the Yoast SEO plugin v27.4 - https:\/\/yoast.com\/product\/yoast-seo-wordpress\/ -->\n<title>Dachl\u00fcfter Fantastic Vent 7350 40 x 40 cm Haube wei\u00df mit Infrarotbedienung - Bantam Camping AG<\/title>\n<meta name=\"robots\" content=\"index, follow, max-snippet:-1, max-image-preview:large, max-video-preview:-1\" \/>\n<link rel=\"canonical\" href=\"https:\/\/shop.bantam.ch\/de\/produkt\/dachluefter-fantastic-vent-7350-weiss\/\" \/>\n<meta property=\"og:locale\" content=\"de_DE\" \/>\n<meta property=\"og:type\" content=\"article\" \/>\n<meta property=\"og:title\" content=\"Dachl\u00fcfter Fantastic Vent 7350 40 x 40 cm Haube wei\u00df mit Infrarotbedienung - Bantam Camping AG\" \/>\n<meta property=\"og:description\" content=\"Technologischer Fortschritt, unsere \u00fcber 21 j\u00e4hrige Erfahrung in der Herstellung in Verbindung mit den Bed\u00fcrfnissen der Konsumenten sind die Basis f\u00fcr unseren neuesten Dachl\u00fcfter 7350. F\u00fcr jeden Kunden bietet dieses patentierte System einen schnellen und einfachen Luftaustausch, ganz einfach per Funkfernbedienung vom Sessel aus. Mit dieser Funkfernbedienung kann der L\u00fcfter reguliert und die \u00d6ffnungsh\u00f6he der [&hellip;]\" \/>\n<meta property=\"og:url\" content=\"https:\/\/shop.bantam.ch\/de\/produkt\/dachluefter-fantastic-vent-7350-weiss\/\" \/>\n<meta property=\"og:site_name\" content=\"Bantam Camping AG\" \/>\n<meta property=\"article:modified_time\" content=\"2026-04-18T19:15:57+00:00\" \/>\n<meta property=\"og:image\" content=\"https:\/\/shop.bantam.ch\/wp-content\/uploads\/2023\/02\/992617011.jpg\" \/>\n\t<meta property=\"og:image:width\" content=\"1000\" \/>\n\t<meta property=\"og:image:height\" content=\"1000\" \/>\n\t<meta property=\"og:image:type\" content=\"image\/jpeg\" \/>\n<meta name=\"twitter:card\" content=\"summary_large_image\" \/>\n<meta name=\"twitter:label1\" content=\"Gesch\u00e4tzte Lesezeit\" \/>\n\t<meta name=\"twitter:data1\" content=\"1\u00a0Minute\" \/>\n<script type=\"application\/ld+json\" class=\"yoast-schema-graph\">{\"@context\":\"https:\\\/\\\/schema.org\",\"@graph\":[{\"@type\":\"WebPage\",\"@id\":\"https:\\\/\\\/shop.bantam.ch\\\/de\\\/produkt\\\/dachluefter-fantastic-vent-7350-weiss\\\/\",\"url\":\"https:\\\/\\\/shop.bantam.ch\\\/de\\\/produkt\\\/dachluefter-fantastic-vent-7350-weiss\\\/\",\"name\":\"Dachl\u00fcfter Fantastic Vent 7350 40 x 40 cm Haube wei\u00df mit Infrarotbedienung - Bantam Camping AG\",\"isPartOf\":{\"@id\":\"https:\\\/\\\/shop.bantam.ch\\\/de\\\/#website\"},\"primaryImageOfPage\":{\"@id\":\"https:\\\/\\\/shop.bantam.ch\\\/de\\\/produkt\\\/dachluefter-fantastic-vent-7350-weiss\\\/#primaryimage\"},\"image\":{\"@id\":\"https:\\\/\\\/shop.bantam.ch\\\/de\\\/produkt\\\/dachluefter-fantastic-vent-7350-weiss\\\/#primaryimage\"},\"thumbnailUrl\":\"https:\\\/\\\/shop.bantam.ch\\\/wp-content\\\/uploads\\\/2023\\\/02\\\/992617011.jpg\",\"datePublished\":\"2023-02-27T22:23:15+00:00\",\"dateModified\":\"2026-04-18T19:15:57+00:00\",\"breadcrumb\":{\"@id\":\"https:\\\/\\\/shop.bantam.ch\\\/de\\\/produkt\\\/dachluefter-fantastic-vent-7350-weiss\\\/#breadcrumb\"},\"inLanguage\":\"de\",\"potentialAction\":[{\"@type\":\"ReadAction\",\"target\":[\"https:\\\/\\\/shop.bantam.ch\\\/de\\\/produkt\\\/dachluefter-fantastic-vent-7350-weiss\\\/\"]}]},{\"@type\":\"ImageObject\",\"inLanguage\":\"de\",\"@id\":\"https:\\\/\\\/shop.bantam.ch\\\/de\\\/produkt\\\/dachluefter-fantastic-vent-7350-weiss\\\/#primaryimage\",\"url\":\"https:\\\/\\\/shop.bantam.ch\\\/wp-content\\\/uploads\\\/2023\\\/02\\\/992617011.jpg\",\"contentUrl\":\"https:\\\/\\\/shop.bantam.ch\\\/wp-content\\\/uploads\\\/2023\\\/02\\\/992617011.jpg\",\"width\":1000,\"height\":1000},{\"@type\":\"BreadcrumbList\",\"@id\":\"https:\\\/\\\/shop.bantam.ch\\\/de\\\/produkt\\\/dachluefter-fantastic-vent-7350-weiss\\\/#breadcrumb\",\"itemListElement\":[{\"@type\":\"ListItem\",\"position\":1,\"name\":\"Accueil\",\"item\":\"https:\\\/\\\/shop.bantam.ch\\\/de\\\/\"},{\"@type\":\"ListItem\",\"position\":2,\"name\":\"Shop\",\"item\":\"https:\\\/\\\/shop.bantam.ch\\\/de\\\/shop\\\/\"},{\"@type\":\"ListItem\",\"position\":3,\"name\":\"Dachl\u00fcfter Fantastic Vent 7350 40 x 40 cm Haube wei\u00df mit Infrarotbedienung\"}]},{\"@type\":\"WebSite\",\"@id\":\"https:\\\/\\\/shop.bantam.ch\\\/de\\\/#website\",\"url\":\"https:\\\/\\\/shop.bantam.ch\\\/de\\\/\",\"name\":\"Bantam Camping AG\",\"description\":\"\",\"publisher\":{\"@id\":\"https:\\\/\\\/shop.bantam.ch\\\/de\\\/#organization\"},\"inLanguage\":\"de\"},{\"@type\":\"Organization\",\"@id\":\"https:\\\/\\\/shop.bantam.ch\\\/de\\\/#organization\",\"name\":\"Bantam Camping AG\",\"url\":\"https:\\\/\\\/shop.bantam.ch\\\/de\\\/\",\"logo\":{\"@type\":\"ImageObject\",\"inLanguage\":\"de\",\"@id\":\"https:\\\/\\\/shop.bantam.ch\\\/de\\\/#\\\/schema\\\/logo\\\/image\\\/\",\"url\":\"https:\\\/\\\/shop.bantam.ch\\\/wp-content\\\/uploads\\\/2022\\\/12\\\/bantam-logo.png\",\"contentUrl\":\"https:\\\/\\\/shop.bantam.ch\\\/wp-content\\\/uploads\\\/2022\\\/12\\\/bantam-logo.png\",\"width\":320,\"height\":71,\"caption\":\"Bantam Camping AG\"},\"image\":{\"@id\":\"https:\\\/\\\/shop.bantam.ch\\\/de\\\/#\\\/schema\\\/logo\\\/image\\\/\"}}]}<\/script>\n<!-- \/ Yoast SEO plugin. -->","yoast_head_json":{"title":"Dachl\u00fcfter Fantastic Vent 7350 40 x 40 cm Haube wei\u00df mit Infrarotbedienung - Bantam Camping AG","robots":{"index":"index","follow":"follow","max-snippet":"max-snippet:-1","max-image-preview":"max-image-preview:large","max-video-preview":"max-video-preview:-1"},"canonical":"https:\/\/shop.bantam.ch\/de\/produkt\/dachluefter-fantastic-vent-7350-weiss\/","og_locale":"de_DE","og_type":"article","og_title":"Dachl\u00fcfter Fantastic Vent 7350 40 x 40 cm Haube wei\u00df mit Infrarotbedienung - Bantam Camping AG","og_description":"Technologischer Fortschritt, unsere \u00fcber 21 j\u00e4hrige Erfahrung in der Herstellung in Verbindung mit den Bed\u00fcrfnissen der Konsumenten sind die Basis f\u00fcr unseren neuesten Dachl\u00fcfter 7350. F\u00fcr jeden Kunden bietet dieses patentierte System einen schnellen und einfachen Luftaustausch, ganz einfach per Funkfernbedienung vom Sessel aus. Mit dieser Funkfernbedienung kann der L\u00fcfter reguliert und die \u00d6ffnungsh\u00f6he der [&hellip;]","og_url":"https:\/\/shop.bantam.ch\/de\/produkt\/dachluefter-fantastic-vent-7350-weiss\/","og_site_name":"Bantam Camping AG","article_modified_time":"2026-04-18T19:15:57+00:00","og_image":[{"width":1000,"height":1000,"url":"https:\/\/shop.bantam.ch\/wp-content\/uploads\/2023\/02\/992617011.jpg","type":"image\/jpeg"}],"twitter_card":"summary_large_image","twitter_misc":{"Gesch\u00e4tzte Lesezeit":"1\u00a0Minute"},"schema":{"@context":"https:\/\/schema.org","@graph":[{"@type":"WebPage","@id":"https:\/\/shop.bantam.ch\/de\/produkt\/dachluefter-fantastic-vent-7350-weiss\/","url":"https:\/\/shop.bantam.ch\/de\/produkt\/dachluefter-fantastic-vent-7350-weiss\/","name":"Dachl\u00fcfter Fantastic Vent 7350 40 x 40 cm Haube wei\u00df mit Infrarotbedienung - Bantam Camping AG","isPartOf":{"@id":"https:\/\/shop.bantam.ch\/de\/#website"},"primaryImageOfPage":{"@id":"https:\/\/shop.bantam.ch\/de\/produkt\/dachluefter-fantastic-vent-7350-weiss\/#primaryimage"},"image":{"@id":"https:\/\/shop.bantam.ch\/de\/produkt\/dachluefter-fantastic-vent-7350-weiss\/#primaryimage"},"thumbnailUrl":"https:\/\/shop.bantam.ch\/wp-content\/uploads\/2023\/02\/992617011.jpg","datePublished":"2023-02-27T22:23:15+00:00","dateModified":"2026-04-18T19:15:57+00:00","breadcrumb":{"@id":"https:\/\/shop.bantam.ch\/de\/produkt\/dachluefter-fantastic-vent-7350-weiss\/#breadcrumb"},"inLanguage":"de","potentialAction":[{"@type":"ReadAction","target":["https:\/\/shop.bantam.ch\/de\/produkt\/dachluefter-fantastic-vent-7350-weiss\/"]}]},{"@type":"ImageObject","inLanguage":"de","@id":"https:\/\/shop.bantam.ch\/de\/produkt\/dachluefter-fantastic-vent-7350-weiss\/#primaryimage","url":"https:\/\/shop.bantam.ch\/wp-content\/uploads\/2023\/02\/992617011.jpg","contentUrl":"https:\/\/shop.bantam.ch\/wp-content\/uploads\/2023\/02\/992617011.jpg","width":1000,"height":1000},{"@type":"BreadcrumbList","@id":"https:\/\/shop.bantam.ch\/de\/produkt\/dachluefter-fantastic-vent-7350-weiss\/#breadcrumb","itemListElement":[{"@type":"ListItem","position":1,"name":"Accueil","item":"https:\/\/shop.bantam.ch\/de\/"},{"@type":"ListItem","position":2,"name":"Shop","item":"https:\/\/shop.bantam.ch\/de\/shop\/"},{"@type":"ListItem","position":3,"name":"Dachl\u00fcfter Fantastic Vent 7350 40 x 40 cm Haube wei\u00df mit Infrarotbedienung"}]},{"@type":"WebSite","@id":"https:\/\/shop.bantam.ch\/de\/#website","url":"https:\/\/shop.bantam.ch\/de\/","name":"Bantam Camping AG","description":"","publisher":{"@id":"https:\/\/shop.bantam.ch\/de\/#organization"},"inLanguage":"de"},{"@type":"Organization","@id":"https:\/\/shop.bantam.ch\/de\/#organization","name":"Bantam Camping AG","url":"https:\/\/shop.bantam.ch\/de\/","logo":{"@type":"ImageObject","inLanguage":"de","@id":"https:\/\/shop.bantam.ch\/de\/#\/schema\/logo\/image\/","url":"https:\/\/shop.bantam.ch\/wp-content\/uploads\/2022\/12\/bantam-logo.png","contentUrl":"https:\/\/shop.bantam.ch\/wp-content\/uploads\/2022\/12\/bantam-logo.png","width":320,"height":71,"caption":"Bantam Camping AG"},"image":{"@id":"https:\/\/shop.bantam.ch\/de\/#\/schema\/logo\/image\/"}}]}},"_links":{"self":[{"href":"https:\/\/shop.bantam.ch\/de\/wp-json\/wp\/v2\/product\/71686","targetHints":{"allow":["GET"]}}],"collection":[{"href":"https:\/\/shop.bantam.ch\/de\/wp-json\/wp\/v2\/product"}],"about":[{"href":"https:\/\/shop.bantam.ch\/de\/wp-json\/wp\/v2\/types\/product"}],"wp:featuredmedia":[{"embeddable":true,"href":"https:\/\/shop.bantam.ch\/de\/wp-json\/wp\/v2\/media\/71680"}],"wp:attachment":[{"href":"https:\/\/shop.bantam.ch\/de\/wp-json\/wp\/v2\/media?parent=71686"}],"wp:term":[{"taxonomy":"product_featured_cat","embeddable":true,"href":"https:\/\/shop.bantam.ch\/de\/wp-json\/wp\/v2\/product_featured_cat?post=71686"},{"taxonomy":"product_brand","embeddable":true,"href":"https:\/\/shop.bantam.ch\/de\/wp-json\/wp\/v2\/product_brand?post=71686"},{"taxonomy":"product_cat","embeddable":true,"href":"https:\/\/shop.bantam.ch\/de\/wp-json\/wp\/v2\/product_cat?post=71686"},{"taxonomy":"product_tag","embeddable":true,"href":"https:\/\/shop.bantam.ch\/de\/wp-json\/wp\/v2\/product_tag?post=71686"}],"curies":[{"name":"wp","href":"https:\/\/api.w.org\/{rel}","templated":true}]}}