{"id":71228,"date":"2023-02-27T23:15:32","date_gmt":"2023-02-27T22:15:32","guid":{"rendered":"http:\/\/shop.bantam.ch\/produit\/verbandskasten-first-aid-kit-basic\/"},"modified":"2026-05-01T21:15:11","modified_gmt":"2026-05-01T19:15:11","slug":"verbandskasten-first-aid-kit-basic","status":"publish","type":"product","link":"https:\/\/shop.bantam.ch\/de\/produkt\/verbandskasten-first-aid-kit-basic\/","title":{"rendered":"Verbandskasten Care Plus First Aid Kit Basic"},"content":{"rendered":"<p>Das Erste-Hilfe-Set Basic ist f\u00fcr 1 bis 2 Personen geeignet, enth\u00e4lt 30 St\u00fcck und wiegt nur 150 Gramm. Der Inhalt ist auf die h\u00e4ufigsten Verletzungen bei Tagesausfl\u00fcgen abgestimmt. Benutzen Sie das Klettband, um das Set an ihrem G\u00fcrtel oder an der Lenkstange zu befestigen.<\/p>\n<ul>\n<li>Das Set kann mit Klettband befestigt werden<\/li>\n<li>Geeignet f\u00fcr zu Hause und auf kurzen Ausfl\u00fcgen<\/li>\n<li>Leicht in Tasche oder Rucksack unterzubringen<\/li>\n<\/ul>\n<p>\u00a0<\/p>\n<p>Lieferumfang:<\/p>\n<ul>\n<li>5 x Gazekompressen 5 x 5 cm<\/li>\n<li>1 x Hydrofyl Wickel 5 cm x 4 m<\/li>\n<li>5 x Pflaster 19 x 38 mm<\/li>\n<li>5 x Pflaster 25 x 72 mm<\/li>\n<li>2 x Pflaster 60 x 110 mm<\/li>\n<li>1 x Schnellverband 12 x 12 cm<\/li>\n<li>1 x Selbstklebendes Pflaster, Rolle, 1.25 cm x 1 m<\/li>\n<li>1 x Paar Vinylhandschuhe<\/li>\n<li>4 x Alcoholt\u00fccher<\/li>\n<li>1 x Verbandschere<\/li>\n<li>1 x Pinzette<\/li>\n<li>6 x Sicherheitsnadeln, sortiert<\/li>\n<\/ul>\n","protected":false},"excerpt":{"rendered":"<p>Das Erste-Hilfe-Set Basic ist f\u00fcr 1 bis 2 Personen geeignet, enth\u00e4lt 30 St\u00fcck und wiegt nur 150 Gramm. Der Inhalt ist auf die h\u00e4ufigsten Verletzungen bei Tagesausfl\u00fcgen abgestimmt. Benutzen Sie das Klettband, um das Set an ihrem G\u00fcrtel oder an der Lenkstange zu befestigen. Das Set kann mit Klettband befestigt werden Geeignet f\u00fcr zu Hause [&hellip;]<\/p>\n","protected":false},"featured_media":71224,"template":"","meta":{"_acf_changed":false},"product_featured_cat":[],"product_brand":[3465],"product_cat":[4428],"product_tag":[],"class_list":{"0":"post-71228","1":"product","2":"type-product","3":"status-publish","4":"has-post-thumbnail","6":"product_brand-care-plus-de","7":"product_cat-erste-hilfe","9":"first","10":"instock","11":"taxable","12":"shipping-taxable","13":"purchasable","14":"product-type-simple"},"acf":[],"yoast_head":"<!-- This site is optimized with the Yoast SEO plugin v27.5 - https:\/\/yoast.com\/product\/yoast-seo-wordpress\/ -->\n<title>Verbandskasten Care Plus First Aid Kit Basic - Bantam<\/title>\n<meta name=\"robots\" content=\"index, follow, max-snippet:-1, max-image-preview:large, max-video-preview:-1\" \/>\n<link rel=\"canonical\" href=\"https:\/\/shop.bantam.ch\/de\/produkt\/verbandskasten-first-aid-kit-basic\/\" \/>\n<meta property=\"og:locale\" content=\"de_DE\" \/>\n<meta property=\"og:type\" content=\"article\" \/>\n<meta property=\"og:title\" content=\"Verbandskasten Care Plus First Aid Kit Basic - Bantam\" \/>\n<meta property=\"og:description\" content=\"Das Erste-Hilfe-Set Basic ist f\u00fcr 1 bis 2 Personen geeignet, enth\u00e4lt 30 St\u00fcck und wiegt nur 150 Gramm. Der Inhalt ist auf die h\u00e4ufigsten Verletzungen bei Tagesausfl\u00fcgen abgestimmt. Benutzen Sie das Klettband, um das Set an ihrem G\u00fcrtel oder an der Lenkstange zu befestigen. Das Set kann mit Klettband befestigt werden Geeignet f\u00fcr zu Hause [&hellip;]\" \/>\n<meta property=\"og:url\" content=\"https:\/\/shop.bantam.ch\/de\/produkt\/verbandskasten-first-aid-kit-basic\/\" \/>\n<meta property=\"og:site_name\" content=\"Bantam\" \/>\n<meta property=\"article:modified_time\" content=\"2026-05-01T19:15:11+00:00\" \/>\n<meta property=\"og:image\" content=\"https:\/\/shop.bantam.ch\/wp-content\/uploads\/2023\/02\/993132711.jpg\" \/>\n\t<meta property=\"og:image:width\" content=\"754\" \/>\n\t<meta property=\"og:image:height\" content=\"1000\" \/>\n\t<meta property=\"og:image:type\" content=\"image\/jpeg\" \/>\n<meta name=\"twitter:card\" content=\"summary_large_image\" \/>\n<meta name=\"twitter:label1\" content=\"Gesch\u00e4tzte Lesezeit\" \/>\n\t<meta name=\"twitter:data1\" content=\"1\u00a0Minute\" \/>\n<script type=\"application\/ld+json\" class=\"yoast-schema-graph\">{\"@context\":\"https:\\\/\\\/schema.org\",\"@graph\":[{\"@type\":\"WebPage\",\"@id\":\"https:\\\/\\\/shop.bantam.ch\\\/de\\\/produkt\\\/verbandskasten-first-aid-kit-basic\\\/\",\"url\":\"https:\\\/\\\/shop.bantam.ch\\\/de\\\/produkt\\\/verbandskasten-first-aid-kit-basic\\\/\",\"name\":\"Verbandskasten Care Plus First Aid Kit Basic - Bantam\",\"isPartOf\":{\"@id\":\"https:\\\/\\\/shop.bantam.ch\\\/de\\\/#website\"},\"primaryImageOfPage\":{\"@id\":\"https:\\\/\\\/shop.bantam.ch\\\/de\\\/produkt\\\/verbandskasten-first-aid-kit-basic\\\/#primaryimage\"},\"image\":{\"@id\":\"https:\\\/\\\/shop.bantam.ch\\\/de\\\/produkt\\\/verbandskasten-first-aid-kit-basic\\\/#primaryimage\"},\"thumbnailUrl\":\"https:\\\/\\\/shop.bantam.ch\\\/wp-content\\\/uploads\\\/2023\\\/02\\\/993132711.jpg\",\"datePublished\":\"2023-02-27T22:15:32+00:00\",\"dateModified\":\"2026-05-01T19:15:11+00:00\",\"breadcrumb\":{\"@id\":\"https:\\\/\\\/shop.bantam.ch\\\/de\\\/produkt\\\/verbandskasten-first-aid-kit-basic\\\/#breadcrumb\"},\"inLanguage\":\"de\",\"potentialAction\":[{\"@type\":\"ReadAction\",\"target\":[\"https:\\\/\\\/shop.bantam.ch\\\/de\\\/produkt\\\/verbandskasten-first-aid-kit-basic\\\/\"]}]},{\"@type\":\"ImageObject\",\"inLanguage\":\"de\",\"@id\":\"https:\\\/\\\/shop.bantam.ch\\\/de\\\/produkt\\\/verbandskasten-first-aid-kit-basic\\\/#primaryimage\",\"url\":\"https:\\\/\\\/shop.bantam.ch\\\/wp-content\\\/uploads\\\/2023\\\/02\\\/993132711.jpg\",\"contentUrl\":\"https:\\\/\\\/shop.bantam.ch\\\/wp-content\\\/uploads\\\/2023\\\/02\\\/993132711.jpg\",\"width\":754,\"height\":1000},{\"@type\":\"BreadcrumbList\",\"@id\":\"https:\\\/\\\/shop.bantam.ch\\\/de\\\/produkt\\\/verbandskasten-first-aid-kit-basic\\\/#breadcrumb\",\"itemListElement\":[{\"@type\":\"ListItem\",\"position\":1,\"name\":\"Accueil\",\"item\":\"https:\\\/\\\/shop.bantam.ch\\\/de\\\/\"},{\"@type\":\"ListItem\",\"position\":2,\"name\":\"Shop\",\"item\":\"https:\\\/\\\/shop.bantam.ch\\\/de\\\/shop\\\/\"},{\"@type\":\"ListItem\",\"position\":3,\"name\":\"Verbandskasten Care Plus First Aid Kit Basic\"}]},{\"@type\":\"WebSite\",\"@id\":\"https:\\\/\\\/shop.bantam.ch\\\/de\\\/#website\",\"url\":\"https:\\\/\\\/shop.bantam.ch\\\/de\\\/\",\"name\":\"Bantam\",\"description\":\"\",\"publisher\":{\"@id\":\"https:\\\/\\\/shop.bantam.ch\\\/de\\\/#organization\"},\"inLanguage\":\"de\"},{\"@type\":\"Organization\",\"@id\":\"https:\\\/\\\/shop.bantam.ch\\\/de\\\/#organization\",\"name\":\"Bantam\",\"url\":\"https:\\\/\\\/shop.bantam.ch\\\/de\\\/\",\"logo\":{\"@type\":\"ImageObject\",\"inLanguage\":\"de\",\"@id\":\"https:\\\/\\\/shop.bantam.ch\\\/de\\\/#\\\/schema\\\/logo\\\/image\\\/\",\"url\":\"https:\\\/\\\/shop.bantam.ch\\\/wp-content\\\/uploads\\\/2022\\\/12\\\/bantam-logo.png\",\"contentUrl\":\"https:\\\/\\\/shop.bantam.ch\\\/wp-content\\\/uploads\\\/2022\\\/12\\\/bantam-logo.png\",\"width\":320,\"height\":71,\"caption\":\"Bantam\"},\"image\":{\"@id\":\"https:\\\/\\\/shop.bantam.ch\\\/de\\\/#\\\/schema\\\/logo\\\/image\\\/\"}}]}<\/script>\n<!-- \/ Yoast SEO plugin. -->","yoast_head_json":{"title":"Verbandskasten Care Plus First Aid Kit Basic - Bantam","robots":{"index":"index","follow":"follow","max-snippet":"max-snippet:-1","max-image-preview":"max-image-preview:large","max-video-preview":"max-video-preview:-1"},"canonical":"https:\/\/shop.bantam.ch\/de\/produkt\/verbandskasten-first-aid-kit-basic\/","og_locale":"de_DE","og_type":"article","og_title":"Verbandskasten Care Plus First Aid Kit Basic - Bantam","og_description":"Das Erste-Hilfe-Set Basic ist f\u00fcr 1 bis 2 Personen geeignet, enth\u00e4lt 30 St\u00fcck und wiegt nur 150 Gramm. Der Inhalt ist auf die h\u00e4ufigsten Verletzungen bei Tagesausfl\u00fcgen abgestimmt. Benutzen Sie das Klettband, um das Set an ihrem G\u00fcrtel oder an der Lenkstange zu befestigen. Das Set kann mit Klettband befestigt werden Geeignet f\u00fcr zu Hause [&hellip;]","og_url":"https:\/\/shop.bantam.ch\/de\/produkt\/verbandskasten-first-aid-kit-basic\/","og_site_name":"Bantam","article_modified_time":"2026-05-01T19:15:11+00:00","og_image":[{"width":754,"height":1000,"url":"https:\/\/shop.bantam.ch\/wp-content\/uploads\/2023\/02\/993132711.jpg","type":"image\/jpeg"}],"twitter_card":"summary_large_image","twitter_misc":{"Gesch\u00e4tzte Lesezeit":"1\u00a0Minute"},"schema":{"@context":"https:\/\/schema.org","@graph":[{"@type":"WebPage","@id":"https:\/\/shop.bantam.ch\/de\/produkt\/verbandskasten-first-aid-kit-basic\/","url":"https:\/\/shop.bantam.ch\/de\/produkt\/verbandskasten-first-aid-kit-basic\/","name":"Verbandskasten Care Plus First Aid Kit Basic - Bantam","isPartOf":{"@id":"https:\/\/shop.bantam.ch\/de\/#website"},"primaryImageOfPage":{"@id":"https:\/\/shop.bantam.ch\/de\/produkt\/verbandskasten-first-aid-kit-basic\/#primaryimage"},"image":{"@id":"https:\/\/shop.bantam.ch\/de\/produkt\/verbandskasten-first-aid-kit-basic\/#primaryimage"},"thumbnailUrl":"https:\/\/shop.bantam.ch\/wp-content\/uploads\/2023\/02\/993132711.jpg","datePublished":"2023-02-27T22:15:32+00:00","dateModified":"2026-05-01T19:15:11+00:00","breadcrumb":{"@id":"https:\/\/shop.bantam.ch\/de\/produkt\/verbandskasten-first-aid-kit-basic\/#breadcrumb"},"inLanguage":"de","potentialAction":[{"@type":"ReadAction","target":["https:\/\/shop.bantam.ch\/de\/produkt\/verbandskasten-first-aid-kit-basic\/"]}]},{"@type":"ImageObject","inLanguage":"de","@id":"https:\/\/shop.bantam.ch\/de\/produkt\/verbandskasten-first-aid-kit-basic\/#primaryimage","url":"https:\/\/shop.bantam.ch\/wp-content\/uploads\/2023\/02\/993132711.jpg","contentUrl":"https:\/\/shop.bantam.ch\/wp-content\/uploads\/2023\/02\/993132711.jpg","width":754,"height":1000},{"@type":"BreadcrumbList","@id":"https:\/\/shop.bantam.ch\/de\/produkt\/verbandskasten-first-aid-kit-basic\/#breadcrumb","itemListElement":[{"@type":"ListItem","position":1,"name":"Accueil","item":"https:\/\/shop.bantam.ch\/de\/"},{"@type":"ListItem","position":2,"name":"Shop","item":"https:\/\/shop.bantam.ch\/de\/shop\/"},{"@type":"ListItem","position":3,"name":"Verbandskasten Care Plus First Aid Kit Basic"}]},{"@type":"WebSite","@id":"https:\/\/shop.bantam.ch\/de\/#website","url":"https:\/\/shop.bantam.ch\/de\/","name":"Bantam","description":"","publisher":{"@id":"https:\/\/shop.bantam.ch\/de\/#organization"},"inLanguage":"de"},{"@type":"Organization","@id":"https:\/\/shop.bantam.ch\/de\/#organization","name":"Bantam","url":"https:\/\/shop.bantam.ch\/de\/","logo":{"@type":"ImageObject","inLanguage":"de","@id":"https:\/\/shop.bantam.ch\/de\/#\/schema\/logo\/image\/","url":"https:\/\/shop.bantam.ch\/wp-content\/uploads\/2022\/12\/bantam-logo.png","contentUrl":"https:\/\/shop.bantam.ch\/wp-content\/uploads\/2022\/12\/bantam-logo.png","width":320,"height":71,"caption":"Bantam"},"image":{"@id":"https:\/\/shop.bantam.ch\/de\/#\/schema\/logo\/image\/"}}]}},"_links":{"self":[{"href":"https:\/\/shop.bantam.ch\/de\/wp-json\/wp\/v2\/product\/71228","targetHints":{"allow":["GET"]}}],"collection":[{"href":"https:\/\/shop.bantam.ch\/de\/wp-json\/wp\/v2\/product"}],"about":[{"href":"https:\/\/shop.bantam.ch\/de\/wp-json\/wp\/v2\/types\/product"}],"wp:featuredmedia":[{"embeddable":true,"href":"https:\/\/shop.bantam.ch\/de\/wp-json\/wp\/v2\/media\/71224"}],"wp:attachment":[{"href":"https:\/\/shop.bantam.ch\/de\/wp-json\/wp\/v2\/media?parent=71228"}],"wp:term":[{"taxonomy":"product_featured_cat","embeddable":true,"href":"https:\/\/shop.bantam.ch\/de\/wp-json\/wp\/v2\/product_featured_cat?post=71228"},{"taxonomy":"product_brand","embeddable":true,"href":"https:\/\/shop.bantam.ch\/de\/wp-json\/wp\/v2\/product_brand?post=71228"},{"taxonomy":"product_cat","embeddable":true,"href":"https:\/\/shop.bantam.ch\/de\/wp-json\/wp\/v2\/product_cat?post=71228"},{"taxonomy":"product_tag","embeddable":true,"href":"https:\/\/shop.bantam.ch\/de\/wp-json\/wp\/v2\/product_tag?post=71228"}],"curies":[{"name":"wp","href":"https:\/\/api.w.org\/{rel}","templated":true}]}}