{"id":71032,"date":"2023-02-27T23:12:14","date_gmt":"2023-02-27T22:12:14","guid":{"rendered":"http:\/\/shop.bantam.ch\/produit\/stuhl-performance-advancer-xl\/"},"modified":"2026-04-18T22:11:25","modified_gmt":"2026-04-18T20:11:25","slug":"stuhl-performance-advancer-xl","status":"publish","type":"product","link":"https:\/\/shop.bantam.ch\/de\/produkt\/stuhl-performance-advancer-xl\/","title":{"rendered":"Stuhl Performance Advancer XL"},"content":{"rendered":"<p>Der gr\u00f6\u00dfte und mit einer Traglast von 200 kg kr\u00e4ftigste Stuhl in der Westfield Serie. \u00e0\u201eu\u00dferst stabil und robust, durchgef\u00fchrt. Hergestellt mit verst\u00e4rkten DuraLite Rahmen, Aluminium Scharnieren und metallverst\u00e4rkten Armlehnen. Der R\u00fccken und Sitz sind ausgestattet mit DuraDore 3D- Material und Ergo-Shell-Technologie. Das macht den Stuhl nicht nur stabil und robust, sondern auch sehr komfortabel. Die R\u00fcckenlehne ist 5-fach verstellbar.<\/p>\n<p>\u00a0<\/p>\n","protected":false},"excerpt":{"rendered":"<p>Der gr\u00f6\u00dfte und mit einer Traglast von 200 kg kr\u00e4ftigste Stuhl in der Westfield Serie. \u00e0\u201eu\u00dferst stabil und robust, durchgef\u00fchrt. Hergestellt mit verst\u00e4rkten DuraLite Rahmen, Aluminium Scharnieren und metallverst\u00e4rkten Armlehnen. Der R\u00fccken und Sitz sind ausgestattet mit DuraDore 3D- Material und Ergo-Shell-Technologie. Das macht den Stuhl nicht nur stabil und robust, sondern auch sehr komfortabel. [&hellip;]<\/p>\n","protected":false},"featured_media":71022,"template":"","meta":{"_acf_changed":false},"product_featured_cat":[],"product_brand":[3093],"product_cat":[4972],"product_tag":[],"class_list":{"0":"post-71032","1":"product","2":"type-product","3":"status-publish","4":"has-post-thumbnail","6":"product_brand-westfield-outdoors-de","7":"product_cat-campingstuehle","9":"first","10":"instock","11":"taxable","12":"shipping-taxable","13":"purchasable","14":"product-type-variable"},"acf":[],"yoast_head":"<!-- This site is optimized with the Yoast SEO plugin v27.4 - https:\/\/yoast.com\/product\/yoast-seo-wordpress\/ -->\n<title>Stuhl Performance Advancer XL - Bantam Camping AG<\/title>\n<meta name=\"robots\" content=\"index, follow, max-snippet:-1, max-image-preview:large, max-video-preview:-1\" \/>\n<link rel=\"canonical\" href=\"https:\/\/shop.bantam.ch\/de\/produkt\/stuhl-performance-advancer-xl\/\" \/>\n<meta property=\"og:locale\" content=\"de_DE\" \/>\n<meta property=\"og:type\" content=\"article\" \/>\n<meta property=\"og:title\" content=\"Stuhl Performance Advancer XL - Bantam Camping AG\" \/>\n<meta property=\"og:description\" content=\"Der gr\u00f6\u00dfte und mit einer Traglast von 200 kg kr\u00e4ftigste Stuhl in der Westfield Serie. \u00e0\u201eu\u00dferst stabil und robust, durchgef\u00fchrt. Hergestellt mit verst\u00e4rkten DuraLite Rahmen, Aluminium Scharnieren und metallverst\u00e4rkten Armlehnen. Der R\u00fccken und Sitz sind ausgestattet mit DuraDore 3D- Material und Ergo-Shell-Technologie. Das macht den Stuhl nicht nur stabil und robust, sondern auch sehr komfortabel. [&hellip;]\" \/>\n<meta property=\"og:url\" content=\"https:\/\/shop.bantam.ch\/de\/produkt\/stuhl-performance-advancer-xl\/\" \/>\n<meta property=\"og:site_name\" content=\"Bantam Camping AG\" \/>\n<meta property=\"article:modified_time\" content=\"2026-04-18T20:11:25+00:00\" \/>\n<meta property=\"og:image\" content=\"https:\/\/shop.bantam.ch\/wp-content\/uploads\/2023\/02\/993129611.jpg\" \/>\n\t<meta property=\"og:image:width\" content=\"682\" \/>\n\t<meta property=\"og:image:height\" content=\"1000\" \/>\n\t<meta property=\"og:image:type\" content=\"image\/jpeg\" \/>\n<meta name=\"twitter:card\" content=\"summary_large_image\" \/>\n<script type=\"application\/ld+json\" class=\"yoast-schema-graph\">{\"@context\":\"https:\\\/\\\/schema.org\",\"@graph\":[{\"@type\":\"WebPage\",\"@id\":\"https:\\\/\\\/shop.bantam.ch\\\/de\\\/produkt\\\/stuhl-performance-advancer-xl\\\/\",\"url\":\"https:\\\/\\\/shop.bantam.ch\\\/de\\\/produkt\\\/stuhl-performance-advancer-xl\\\/\",\"name\":\"Stuhl Performance Advancer XL - Bantam Camping AG\",\"isPartOf\":{\"@id\":\"https:\\\/\\\/shop.bantam.ch\\\/de\\\/#website\"},\"primaryImageOfPage\":{\"@id\":\"https:\\\/\\\/shop.bantam.ch\\\/de\\\/produkt\\\/stuhl-performance-advancer-xl\\\/#primaryimage\"},\"image\":{\"@id\":\"https:\\\/\\\/shop.bantam.ch\\\/de\\\/produkt\\\/stuhl-performance-advancer-xl\\\/#primaryimage\"},\"thumbnailUrl\":\"https:\\\/\\\/shop.bantam.ch\\\/wp-content\\\/uploads\\\/2023\\\/02\\\/993129611.jpg\",\"datePublished\":\"2023-02-27T22:12:14+00:00\",\"dateModified\":\"2026-04-18T20:11:25+00:00\",\"breadcrumb\":{\"@id\":\"https:\\\/\\\/shop.bantam.ch\\\/de\\\/produkt\\\/stuhl-performance-advancer-xl\\\/#breadcrumb\"},\"inLanguage\":\"de\",\"potentialAction\":[{\"@type\":\"ReadAction\",\"target\":[\"https:\\\/\\\/shop.bantam.ch\\\/de\\\/produkt\\\/stuhl-performance-advancer-xl\\\/\"]}]},{\"@type\":\"ImageObject\",\"inLanguage\":\"de\",\"@id\":\"https:\\\/\\\/shop.bantam.ch\\\/de\\\/produkt\\\/stuhl-performance-advancer-xl\\\/#primaryimage\",\"url\":\"https:\\\/\\\/shop.bantam.ch\\\/wp-content\\\/uploads\\\/2023\\\/02\\\/993129611.jpg\",\"contentUrl\":\"https:\\\/\\\/shop.bantam.ch\\\/wp-content\\\/uploads\\\/2023\\\/02\\\/993129611.jpg\",\"width\":682,\"height\":1000},{\"@type\":\"BreadcrumbList\",\"@id\":\"https:\\\/\\\/shop.bantam.ch\\\/de\\\/produkt\\\/stuhl-performance-advancer-xl\\\/#breadcrumb\",\"itemListElement\":[{\"@type\":\"ListItem\",\"position\":1,\"name\":\"Accueil\",\"item\":\"https:\\\/\\\/shop.bantam.ch\\\/de\\\/\"},{\"@type\":\"ListItem\",\"position\":2,\"name\":\"Shop\",\"item\":\"https:\\\/\\\/shop.bantam.ch\\\/de\\\/shop\\\/\"},{\"@type\":\"ListItem\",\"position\":3,\"name\":\"Stuhl Performance Advancer XL\"}]},{\"@type\":\"WebSite\",\"@id\":\"https:\\\/\\\/shop.bantam.ch\\\/de\\\/#website\",\"url\":\"https:\\\/\\\/shop.bantam.ch\\\/de\\\/\",\"name\":\"Bantam Camping AG\",\"description\":\"\",\"publisher\":{\"@id\":\"https:\\\/\\\/shop.bantam.ch\\\/de\\\/#organization\"},\"inLanguage\":\"de\"},{\"@type\":\"Organization\",\"@id\":\"https:\\\/\\\/shop.bantam.ch\\\/de\\\/#organization\",\"name\":\"Bantam Camping AG\",\"url\":\"https:\\\/\\\/shop.bantam.ch\\\/de\\\/\",\"logo\":{\"@type\":\"ImageObject\",\"inLanguage\":\"de\",\"@id\":\"https:\\\/\\\/shop.bantam.ch\\\/de\\\/#\\\/schema\\\/logo\\\/image\\\/\",\"url\":\"https:\\\/\\\/shop.bantam.ch\\\/wp-content\\\/uploads\\\/2022\\\/12\\\/bantam-logo.png\",\"contentUrl\":\"https:\\\/\\\/shop.bantam.ch\\\/wp-content\\\/uploads\\\/2022\\\/12\\\/bantam-logo.png\",\"width\":320,\"height\":71,\"caption\":\"Bantam Camping AG\"},\"image\":{\"@id\":\"https:\\\/\\\/shop.bantam.ch\\\/de\\\/#\\\/schema\\\/logo\\\/image\\\/\"}}]}<\/script>\n<!-- \/ Yoast SEO plugin. -->","yoast_head_json":{"title":"Stuhl Performance Advancer XL - Bantam Camping AG","robots":{"index":"index","follow":"follow","max-snippet":"max-snippet:-1","max-image-preview":"max-image-preview:large","max-video-preview":"max-video-preview:-1"},"canonical":"https:\/\/shop.bantam.ch\/de\/produkt\/stuhl-performance-advancer-xl\/","og_locale":"de_DE","og_type":"article","og_title":"Stuhl Performance Advancer XL - Bantam Camping AG","og_description":"Der gr\u00f6\u00dfte und mit einer Traglast von 200 kg kr\u00e4ftigste Stuhl in der Westfield Serie. \u00e0\u201eu\u00dferst stabil und robust, durchgef\u00fchrt. Hergestellt mit verst\u00e4rkten DuraLite Rahmen, Aluminium Scharnieren und metallverst\u00e4rkten Armlehnen. Der R\u00fccken und Sitz sind ausgestattet mit DuraDore 3D- Material und Ergo-Shell-Technologie. Das macht den Stuhl nicht nur stabil und robust, sondern auch sehr komfortabel. [&hellip;]","og_url":"https:\/\/shop.bantam.ch\/de\/produkt\/stuhl-performance-advancer-xl\/","og_site_name":"Bantam Camping AG","article_modified_time":"2026-04-18T20:11:25+00:00","og_image":[{"width":682,"height":1000,"url":"https:\/\/shop.bantam.ch\/wp-content\/uploads\/2023\/02\/993129611.jpg","type":"image\/jpeg"}],"twitter_card":"summary_large_image","schema":{"@context":"https:\/\/schema.org","@graph":[{"@type":"WebPage","@id":"https:\/\/shop.bantam.ch\/de\/produkt\/stuhl-performance-advancer-xl\/","url":"https:\/\/shop.bantam.ch\/de\/produkt\/stuhl-performance-advancer-xl\/","name":"Stuhl Performance Advancer XL - Bantam Camping AG","isPartOf":{"@id":"https:\/\/shop.bantam.ch\/de\/#website"},"primaryImageOfPage":{"@id":"https:\/\/shop.bantam.ch\/de\/produkt\/stuhl-performance-advancer-xl\/#primaryimage"},"image":{"@id":"https:\/\/shop.bantam.ch\/de\/produkt\/stuhl-performance-advancer-xl\/#primaryimage"},"thumbnailUrl":"https:\/\/shop.bantam.ch\/wp-content\/uploads\/2023\/02\/993129611.jpg","datePublished":"2023-02-27T22:12:14+00:00","dateModified":"2026-04-18T20:11:25+00:00","breadcrumb":{"@id":"https:\/\/shop.bantam.ch\/de\/produkt\/stuhl-performance-advancer-xl\/#breadcrumb"},"inLanguage":"de","potentialAction":[{"@type":"ReadAction","target":["https:\/\/shop.bantam.ch\/de\/produkt\/stuhl-performance-advancer-xl\/"]}]},{"@type":"ImageObject","inLanguage":"de","@id":"https:\/\/shop.bantam.ch\/de\/produkt\/stuhl-performance-advancer-xl\/#primaryimage","url":"https:\/\/shop.bantam.ch\/wp-content\/uploads\/2023\/02\/993129611.jpg","contentUrl":"https:\/\/shop.bantam.ch\/wp-content\/uploads\/2023\/02\/993129611.jpg","width":682,"height":1000},{"@type":"BreadcrumbList","@id":"https:\/\/shop.bantam.ch\/de\/produkt\/stuhl-performance-advancer-xl\/#breadcrumb","itemListElement":[{"@type":"ListItem","position":1,"name":"Accueil","item":"https:\/\/shop.bantam.ch\/de\/"},{"@type":"ListItem","position":2,"name":"Shop","item":"https:\/\/shop.bantam.ch\/de\/shop\/"},{"@type":"ListItem","position":3,"name":"Stuhl Performance Advancer XL"}]},{"@type":"WebSite","@id":"https:\/\/shop.bantam.ch\/de\/#website","url":"https:\/\/shop.bantam.ch\/de\/","name":"Bantam Camping AG","description":"","publisher":{"@id":"https:\/\/shop.bantam.ch\/de\/#organization"},"inLanguage":"de"},{"@type":"Organization","@id":"https:\/\/shop.bantam.ch\/de\/#organization","name":"Bantam Camping AG","url":"https:\/\/shop.bantam.ch\/de\/","logo":{"@type":"ImageObject","inLanguage":"de","@id":"https:\/\/shop.bantam.ch\/de\/#\/schema\/logo\/image\/","url":"https:\/\/shop.bantam.ch\/wp-content\/uploads\/2022\/12\/bantam-logo.png","contentUrl":"https:\/\/shop.bantam.ch\/wp-content\/uploads\/2022\/12\/bantam-logo.png","width":320,"height":71,"caption":"Bantam Camping AG"},"image":{"@id":"https:\/\/shop.bantam.ch\/de\/#\/schema\/logo\/image\/"}}]}},"_links":{"self":[{"href":"https:\/\/shop.bantam.ch\/de\/wp-json\/wp\/v2\/product\/71032","targetHints":{"allow":["GET"]}}],"collection":[{"href":"https:\/\/shop.bantam.ch\/de\/wp-json\/wp\/v2\/product"}],"about":[{"href":"https:\/\/shop.bantam.ch\/de\/wp-json\/wp\/v2\/types\/product"}],"wp:featuredmedia":[{"embeddable":true,"href":"https:\/\/shop.bantam.ch\/de\/wp-json\/wp\/v2\/media\/71022"}],"wp:attachment":[{"href":"https:\/\/shop.bantam.ch\/de\/wp-json\/wp\/v2\/media?parent=71032"}],"wp:term":[{"taxonomy":"product_featured_cat","embeddable":true,"href":"https:\/\/shop.bantam.ch\/de\/wp-json\/wp\/v2\/product_featured_cat?post=71032"},{"taxonomy":"product_brand","embeddable":true,"href":"https:\/\/shop.bantam.ch\/de\/wp-json\/wp\/v2\/product_brand?post=71032"},{"taxonomy":"product_cat","embeddable":true,"href":"https:\/\/shop.bantam.ch\/de\/wp-json\/wp\/v2\/product_cat?post=71032"},{"taxonomy":"product_tag","embeddable":true,"href":"https:\/\/shop.bantam.ch\/de\/wp-json\/wp\/v2\/product_tag?post=71032"}],"curies":[{"name":"wp","href":"https:\/\/api.w.org\/{rel}","templated":true}]}}