{"id":70962,"date":"2023-02-27T23:10:44","date_gmt":"2023-02-27T22:10:44","guid":{"rendered":"http:\/\/shop.bantam.ch\/produit\/relaxsessel-performance-aeronaut\/"},"modified":"2026-04-18T22:10:52","modified_gmt":"2026-04-18T20:10:52","slug":"relaxsessel-performance-aeronaut","status":"publish","type":"product","link":"https:\/\/shop.bantam.ch\/de\/produkt\/relaxsessel-performance-aeronaut\/","title":{"rendered":"Relaxsessel Performance Aeronaut"},"content":{"rendered":"<p>Der Relaxsessel aus DuraDore (3D-Materialien), der Komfort und Luxus mit zeitlosem Design verbindet. Die R\u00fcckenlehne mit integrierten Lendenwirbelst\u00fctzkissen optimieren Ihren Komfort. Durch den praktischen Verstellmechanismus l\u00e4sst sich die Aeronaut einfach \u00e4ndern, um einen bequemen Stuhl in eine Liege zur Entspannung zu verwandeln. Der Stuhl bietet optimalen Komfort und M\u00f6glichkeiten, entweder Sitzen oder bequem in jeder Position liegend. Erfahren Sie den Komfort von &#8222;schwerelos&#8220; relaxen. Er l\u00e4sst sich sehr flach zusammenfalten, ist leicht zu transportieren und leicht zu verstauen.<\/p>\n<p>Material:<br \/>Bezug: 100% Polyester<br \/>Gestell: Aluminium<\/p>\n","protected":false},"excerpt":{"rendered":"<p>Der Relaxsessel aus DuraDore (3D-Materialien), der Komfort und Luxus mit zeitlosem Design verbindet. Die R\u00fcckenlehne mit integrierten Lendenwirbelst\u00fctzkissen optimieren Ihren Komfort. Durch den praktischen Verstellmechanismus l\u00e4sst sich die Aeronaut einfach \u00e4ndern, um einen bequemen Stuhl in eine Liege zur Entspannung zu verwandeln. Der Stuhl bietet optimalen Komfort und M\u00f6glichkeiten, entweder Sitzen oder bequem in jeder [&hellip;]<\/p>\n","protected":false},"featured_media":70942,"template":"","meta":{"_acf_changed":false},"product_featured_cat":[5301,5302],"product_brand":[3093],"product_cat":[4972],"product_tag":[],"class_list":{"0":"post-70962","1":"product","2":"type-product","3":"status-publish","4":"has-post-thumbnail","6":"product_featured_cat-promotions-etagnieres-fr","7":"product_featured_cat-sonderangebote-hindelbank-urdorf","8":"product_brand-westfield-outdoors-de","9":"product_cat-campingstuehle","11":"first","12":"instock","13":"sale","14":"taxable","15":"shipping-taxable","16":"purchasable","17":"product-type-variable"},"acf":[],"yoast_head":"<!-- This site is optimized with the Yoast SEO plugin v27.4 - https:\/\/yoast.com\/product\/yoast-seo-wordpress\/ -->\n<title>Relaxsessel Performance Aeronaut - Bantam Camping AG<\/title>\n<meta name=\"robots\" content=\"index, follow, max-snippet:-1, max-image-preview:large, max-video-preview:-1\" \/>\n<link rel=\"canonical\" href=\"https:\/\/shop.bantam.ch\/de\/produkt\/relaxsessel-performance-aeronaut\/\" \/>\n<meta property=\"og:locale\" content=\"de_DE\" \/>\n<meta property=\"og:type\" content=\"article\" \/>\n<meta property=\"og:title\" content=\"Relaxsessel Performance Aeronaut - Bantam Camping AG\" \/>\n<meta property=\"og:description\" content=\"Der Relaxsessel aus DuraDore (3D-Materialien), der Komfort und Luxus mit zeitlosem Design verbindet. Die R\u00fcckenlehne mit integrierten Lendenwirbelst\u00fctzkissen optimieren Ihren Komfort. Durch den praktischen Verstellmechanismus l\u00e4sst sich die Aeronaut einfach \u00e4ndern, um einen bequemen Stuhl in eine Liege zur Entspannung zu verwandeln. Der Stuhl bietet optimalen Komfort und M\u00f6glichkeiten, entweder Sitzen oder bequem in jeder [&hellip;]\" \/>\n<meta property=\"og:url\" content=\"https:\/\/shop.bantam.ch\/de\/produkt\/relaxsessel-performance-aeronaut\/\" \/>\n<meta property=\"og:site_name\" content=\"Bantam Camping AG\" \/>\n<meta property=\"article:modified_time\" content=\"2026-04-18T20:10:52+00:00\" \/>\n<meta property=\"og:image\" content=\"https:\/\/shop.bantam.ch\/wp-content\/uploads\/2023\/02\/993128211.jpg\" \/>\n\t<meta property=\"og:image:width\" content=\"667\" \/>\n\t<meta property=\"og:image:height\" content=\"1000\" \/>\n\t<meta property=\"og:image:type\" content=\"image\/jpeg\" \/>\n<meta name=\"twitter:card\" content=\"summary_large_image\" \/>\n<script type=\"application\/ld+json\" class=\"yoast-schema-graph\">{\"@context\":\"https:\\\/\\\/schema.org\",\"@graph\":[{\"@type\":\"WebPage\",\"@id\":\"https:\\\/\\\/shop.bantam.ch\\\/de\\\/produkt\\\/relaxsessel-performance-aeronaut\\\/\",\"url\":\"https:\\\/\\\/shop.bantam.ch\\\/de\\\/produkt\\\/relaxsessel-performance-aeronaut\\\/\",\"name\":\"Relaxsessel Performance Aeronaut - Bantam Camping AG\",\"isPartOf\":{\"@id\":\"https:\\\/\\\/shop.bantam.ch\\\/de\\\/#website\"},\"primaryImageOfPage\":{\"@id\":\"https:\\\/\\\/shop.bantam.ch\\\/de\\\/produkt\\\/relaxsessel-performance-aeronaut\\\/#primaryimage\"},\"image\":{\"@id\":\"https:\\\/\\\/shop.bantam.ch\\\/de\\\/produkt\\\/relaxsessel-performance-aeronaut\\\/#primaryimage\"},\"thumbnailUrl\":\"https:\\\/\\\/shop.bantam.ch\\\/wp-content\\\/uploads\\\/2023\\\/02\\\/993128211.jpg\",\"datePublished\":\"2023-02-27T22:10:44+00:00\",\"dateModified\":\"2026-04-18T20:10:52+00:00\",\"breadcrumb\":{\"@id\":\"https:\\\/\\\/shop.bantam.ch\\\/de\\\/produkt\\\/relaxsessel-performance-aeronaut\\\/#breadcrumb\"},\"inLanguage\":\"de\",\"potentialAction\":[{\"@type\":\"ReadAction\",\"target\":[\"https:\\\/\\\/shop.bantam.ch\\\/de\\\/produkt\\\/relaxsessel-performance-aeronaut\\\/\"]}]},{\"@type\":\"ImageObject\",\"inLanguage\":\"de\",\"@id\":\"https:\\\/\\\/shop.bantam.ch\\\/de\\\/produkt\\\/relaxsessel-performance-aeronaut\\\/#primaryimage\",\"url\":\"https:\\\/\\\/shop.bantam.ch\\\/wp-content\\\/uploads\\\/2023\\\/02\\\/993128211.jpg\",\"contentUrl\":\"https:\\\/\\\/shop.bantam.ch\\\/wp-content\\\/uploads\\\/2023\\\/02\\\/993128211.jpg\",\"width\":667,\"height\":1000},{\"@type\":\"BreadcrumbList\",\"@id\":\"https:\\\/\\\/shop.bantam.ch\\\/de\\\/produkt\\\/relaxsessel-performance-aeronaut\\\/#breadcrumb\",\"itemListElement\":[{\"@type\":\"ListItem\",\"position\":1,\"name\":\"Accueil\",\"item\":\"https:\\\/\\\/shop.bantam.ch\\\/de\\\/\"},{\"@type\":\"ListItem\",\"position\":2,\"name\":\"Shop\",\"item\":\"https:\\\/\\\/shop.bantam.ch\\\/de\\\/shop\\\/\"},{\"@type\":\"ListItem\",\"position\":3,\"name\":\"Relaxsessel Performance Aeronaut\"}]},{\"@type\":\"WebSite\",\"@id\":\"https:\\\/\\\/shop.bantam.ch\\\/de\\\/#website\",\"url\":\"https:\\\/\\\/shop.bantam.ch\\\/de\\\/\",\"name\":\"Bantam Camping AG\",\"description\":\"\",\"publisher\":{\"@id\":\"https:\\\/\\\/shop.bantam.ch\\\/de\\\/#organization\"},\"inLanguage\":\"de\"},{\"@type\":\"Organization\",\"@id\":\"https:\\\/\\\/shop.bantam.ch\\\/de\\\/#organization\",\"name\":\"Bantam Camping AG\",\"url\":\"https:\\\/\\\/shop.bantam.ch\\\/de\\\/\",\"logo\":{\"@type\":\"ImageObject\",\"inLanguage\":\"de\",\"@id\":\"https:\\\/\\\/shop.bantam.ch\\\/de\\\/#\\\/schema\\\/logo\\\/image\\\/\",\"url\":\"https:\\\/\\\/shop.bantam.ch\\\/wp-content\\\/uploads\\\/2022\\\/12\\\/bantam-logo.png\",\"contentUrl\":\"https:\\\/\\\/shop.bantam.ch\\\/wp-content\\\/uploads\\\/2022\\\/12\\\/bantam-logo.png\",\"width\":320,\"height\":71,\"caption\":\"Bantam Camping AG\"},\"image\":{\"@id\":\"https:\\\/\\\/shop.bantam.ch\\\/de\\\/#\\\/schema\\\/logo\\\/image\\\/\"}}]}<\/script>\n<!-- \/ Yoast SEO plugin. -->","yoast_head_json":{"title":"Relaxsessel Performance Aeronaut - Bantam Camping AG","robots":{"index":"index","follow":"follow","max-snippet":"max-snippet:-1","max-image-preview":"max-image-preview:large","max-video-preview":"max-video-preview:-1"},"canonical":"https:\/\/shop.bantam.ch\/de\/produkt\/relaxsessel-performance-aeronaut\/","og_locale":"de_DE","og_type":"article","og_title":"Relaxsessel Performance Aeronaut - Bantam Camping AG","og_description":"Der Relaxsessel aus DuraDore (3D-Materialien), der Komfort und Luxus mit zeitlosem Design verbindet. Die R\u00fcckenlehne mit integrierten Lendenwirbelst\u00fctzkissen optimieren Ihren Komfort. Durch den praktischen Verstellmechanismus l\u00e4sst sich die Aeronaut einfach \u00e4ndern, um einen bequemen Stuhl in eine Liege zur Entspannung zu verwandeln. Der Stuhl bietet optimalen Komfort und M\u00f6glichkeiten, entweder Sitzen oder bequem in jeder [&hellip;]","og_url":"https:\/\/shop.bantam.ch\/de\/produkt\/relaxsessel-performance-aeronaut\/","og_site_name":"Bantam Camping AG","article_modified_time":"2026-04-18T20:10:52+00:00","og_image":[{"width":667,"height":1000,"url":"https:\/\/shop.bantam.ch\/wp-content\/uploads\/2023\/02\/993128211.jpg","type":"image\/jpeg"}],"twitter_card":"summary_large_image","schema":{"@context":"https:\/\/schema.org","@graph":[{"@type":"WebPage","@id":"https:\/\/shop.bantam.ch\/de\/produkt\/relaxsessel-performance-aeronaut\/","url":"https:\/\/shop.bantam.ch\/de\/produkt\/relaxsessel-performance-aeronaut\/","name":"Relaxsessel Performance Aeronaut - Bantam Camping AG","isPartOf":{"@id":"https:\/\/shop.bantam.ch\/de\/#website"},"primaryImageOfPage":{"@id":"https:\/\/shop.bantam.ch\/de\/produkt\/relaxsessel-performance-aeronaut\/#primaryimage"},"image":{"@id":"https:\/\/shop.bantam.ch\/de\/produkt\/relaxsessel-performance-aeronaut\/#primaryimage"},"thumbnailUrl":"https:\/\/shop.bantam.ch\/wp-content\/uploads\/2023\/02\/993128211.jpg","datePublished":"2023-02-27T22:10:44+00:00","dateModified":"2026-04-18T20:10:52+00:00","breadcrumb":{"@id":"https:\/\/shop.bantam.ch\/de\/produkt\/relaxsessel-performance-aeronaut\/#breadcrumb"},"inLanguage":"de","potentialAction":[{"@type":"ReadAction","target":["https:\/\/shop.bantam.ch\/de\/produkt\/relaxsessel-performance-aeronaut\/"]}]},{"@type":"ImageObject","inLanguage":"de","@id":"https:\/\/shop.bantam.ch\/de\/produkt\/relaxsessel-performance-aeronaut\/#primaryimage","url":"https:\/\/shop.bantam.ch\/wp-content\/uploads\/2023\/02\/993128211.jpg","contentUrl":"https:\/\/shop.bantam.ch\/wp-content\/uploads\/2023\/02\/993128211.jpg","width":667,"height":1000},{"@type":"BreadcrumbList","@id":"https:\/\/shop.bantam.ch\/de\/produkt\/relaxsessel-performance-aeronaut\/#breadcrumb","itemListElement":[{"@type":"ListItem","position":1,"name":"Accueil","item":"https:\/\/shop.bantam.ch\/de\/"},{"@type":"ListItem","position":2,"name":"Shop","item":"https:\/\/shop.bantam.ch\/de\/shop\/"},{"@type":"ListItem","position":3,"name":"Relaxsessel Performance Aeronaut"}]},{"@type":"WebSite","@id":"https:\/\/shop.bantam.ch\/de\/#website","url":"https:\/\/shop.bantam.ch\/de\/","name":"Bantam Camping AG","description":"","publisher":{"@id":"https:\/\/shop.bantam.ch\/de\/#organization"},"inLanguage":"de"},{"@type":"Organization","@id":"https:\/\/shop.bantam.ch\/de\/#organization","name":"Bantam Camping AG","url":"https:\/\/shop.bantam.ch\/de\/","logo":{"@type":"ImageObject","inLanguage":"de","@id":"https:\/\/shop.bantam.ch\/de\/#\/schema\/logo\/image\/","url":"https:\/\/shop.bantam.ch\/wp-content\/uploads\/2022\/12\/bantam-logo.png","contentUrl":"https:\/\/shop.bantam.ch\/wp-content\/uploads\/2022\/12\/bantam-logo.png","width":320,"height":71,"caption":"Bantam Camping AG"},"image":{"@id":"https:\/\/shop.bantam.ch\/de\/#\/schema\/logo\/image\/"}}]}},"_links":{"self":[{"href":"https:\/\/shop.bantam.ch\/de\/wp-json\/wp\/v2\/product\/70962","targetHints":{"allow":["GET"]}}],"collection":[{"href":"https:\/\/shop.bantam.ch\/de\/wp-json\/wp\/v2\/product"}],"about":[{"href":"https:\/\/shop.bantam.ch\/de\/wp-json\/wp\/v2\/types\/product"}],"wp:featuredmedia":[{"embeddable":true,"href":"https:\/\/shop.bantam.ch\/de\/wp-json\/wp\/v2\/media\/70942"}],"wp:attachment":[{"href":"https:\/\/shop.bantam.ch\/de\/wp-json\/wp\/v2\/media?parent=70962"}],"wp:term":[{"taxonomy":"product_featured_cat","embeddable":true,"href":"https:\/\/shop.bantam.ch\/de\/wp-json\/wp\/v2\/product_featured_cat?post=70962"},{"taxonomy":"product_brand","embeddable":true,"href":"https:\/\/shop.bantam.ch\/de\/wp-json\/wp\/v2\/product_brand?post=70962"},{"taxonomy":"product_cat","embeddable":true,"href":"https:\/\/shop.bantam.ch\/de\/wp-json\/wp\/v2\/product_cat?post=70962"},{"taxonomy":"product_tag","embeddable":true,"href":"https:\/\/shop.bantam.ch\/de\/wp-json\/wp\/v2\/product_tag?post=70962"}],"curies":[{"name":"wp","href":"https:\/\/api.w.org\/{rel}","templated":true}]}}