{"id":70704,"date":"2023-02-27T20:56:10","date_gmt":"2023-02-27T19:56:10","guid":{"rendered":"http:\/\/shop.bantam.ch\/produit\/rueckenkissen-air-schwarz\/"},"modified":"2026-05-10T21:15:38","modified_gmt":"2026-05-10T19:15:38","slug":"rueckenkissen-air-schwarz","status":"publish","type":"product","link":"https:\/\/shop.bantam.ch\/de\/produkt\/rueckenkissen-air-schwarz\/","title":{"rendered":"R\u00fcckenkissen Sitback Air Farbe schwarz"},"content":{"rendered":"<p>SITBACK &#8211; &#8222;Air&#8220; &#8211; Das bequeme aufpumpbare R\u00fcckenkissen, damit Sie im Auto besser und ges\u00fcnder sitzen.<\/p>\n<ul>\n<li>R\u00fcckenkissen bzw. Lordosenkissen f\u00fcr nahezu alle Autositze <\/li>\n<li>f\u00f6rdert ergonomische Sitzhaltung <\/li>\n<li>Optimale Wiederaufrichtungseigenschaften des eingesetzten hochwertigen Schaumstoffes <\/li>\n<li>Tiefenverstellung durch eingebautes aufpumpbares PU &#8211; Luftkissen mit Handpumpe <\/li>\n<li>Einfache Montage an Vordersitzen <\/li>\n<li>Auch auf alle R\u00fccksitze montierbar<\/li>\n<li>Die Befestigung ist individuell h\u00f6henverstellbar und bleibt in der angebrachten Position <\/li>\n<li>Leichte Handhabung <\/li>\n<li>nicht waschbar \/ nur reinigen wie Polsterm\u00f6bel, mit Schaumreinigung <\/li>\n<li>Sch\u00f6nes Design, integriert sich hervorragende in Ihren Autositz<\/li>\n<\/ul>\n<p>Material: <br \/>Bezug 83% Polyester, 17% Baumwolle<\/p>\n","protected":false},"excerpt":{"rendered":"<p>SITBACK &#8211; &#8222;Air&#8220; &#8211; Das bequeme aufpumpbare R\u00fcckenkissen, damit Sie im Auto besser und ges\u00fcnder sitzen. R\u00fcckenkissen bzw. Lordosenkissen f\u00fcr nahezu alle Autositze f\u00f6rdert ergonomische Sitzhaltung Optimale Wiederaufrichtungseigenschaften des eingesetzten hochwertigen Schaumstoffes Tiefenverstellung durch eingebautes aufpumpbares PU &#8211; Luftkissen mit Handpumpe Einfache Montage an Vordersitzen Auch auf alle R\u00fccksitze montierbar Die Befestigung ist individuell h\u00f6henverstellbar [&hellip;]<\/p>\n","protected":false},"featured_media":70696,"template":"","meta":{"_acf_changed":false},"product_featured_cat":[],"product_brand":[3459],"product_cat":[4950],"product_tag":[],"class_list":{"0":"post-70704","1":"product","2":"type-product","3":"status-publish","4":"has-post-thumbnail","6":"product_brand-sitback-de","7":"product_cat-decken-und-kissen","9":"first","10":"instock","11":"taxable","12":"shipping-taxable","13":"purchasable","14":"product-type-simple"},"acf":[],"yoast_head":"<!-- This site is optimized with the Yoast SEO plugin v27.5 - https:\/\/yoast.com\/product\/yoast-seo-wordpress\/ -->\n<title>R\u00fcckenkissen Sitback Air Farbe schwarz - Bantam<\/title>\n<meta name=\"robots\" content=\"index, follow, max-snippet:-1, max-image-preview:large, max-video-preview:-1\" \/>\n<link rel=\"canonical\" href=\"https:\/\/shop.bantam.ch\/de\/produkt\/rueckenkissen-air-schwarz\/\" \/>\n<meta property=\"og:locale\" content=\"de_DE\" \/>\n<meta property=\"og:type\" content=\"article\" \/>\n<meta property=\"og:title\" content=\"R\u00fcckenkissen Sitback Air Farbe schwarz - Bantam\" \/>\n<meta property=\"og:description\" content=\"SITBACK &#8211; &#8222;Air&#8220; &#8211; Das bequeme aufpumpbare R\u00fcckenkissen, damit Sie im Auto besser und ges\u00fcnder sitzen. R\u00fcckenkissen bzw. Lordosenkissen f\u00fcr nahezu alle Autositze f\u00f6rdert ergonomische Sitzhaltung Optimale Wiederaufrichtungseigenschaften des eingesetzten hochwertigen Schaumstoffes Tiefenverstellung durch eingebautes aufpumpbares PU &#8211; Luftkissen mit Handpumpe Einfache Montage an Vordersitzen Auch auf alle R\u00fccksitze montierbar Die Befestigung ist individuell h\u00f6henverstellbar [&hellip;]\" \/>\n<meta property=\"og:url\" content=\"https:\/\/shop.bantam.ch\/de\/produkt\/rueckenkissen-air-schwarz\/\" \/>\n<meta property=\"og:site_name\" content=\"Bantam\" \/>\n<meta property=\"article:modified_time\" content=\"2026-05-10T19:15:38+00:00\" \/>\n<meta property=\"og:image\" content=\"https:\/\/shop.bantam.ch\/wp-content\/uploads\/2023\/02\/994133911.jpg\" \/>\n\t<meta property=\"og:image:width\" content=\"1000\" \/>\n\t<meta property=\"og:image:height\" content=\"881\" \/>\n\t<meta property=\"og:image:type\" content=\"image\/jpeg\" \/>\n<meta name=\"twitter:card\" content=\"summary_large_image\" \/>\n<script type=\"application\/ld+json\" class=\"yoast-schema-graph\">{\"@context\":\"https:\\\/\\\/schema.org\",\"@graph\":[{\"@type\":\"WebPage\",\"@id\":\"https:\\\/\\\/shop.bantam.ch\\\/de\\\/produkt\\\/rueckenkissen-air-schwarz\\\/\",\"url\":\"https:\\\/\\\/shop.bantam.ch\\\/de\\\/produkt\\\/rueckenkissen-air-schwarz\\\/\",\"name\":\"R\u00fcckenkissen Sitback Air Farbe schwarz - Bantam\",\"isPartOf\":{\"@id\":\"https:\\\/\\\/shop.bantam.ch\\\/de\\\/#website\"},\"primaryImageOfPage\":{\"@id\":\"https:\\\/\\\/shop.bantam.ch\\\/de\\\/produkt\\\/rueckenkissen-air-schwarz\\\/#primaryimage\"},\"image\":{\"@id\":\"https:\\\/\\\/shop.bantam.ch\\\/de\\\/produkt\\\/rueckenkissen-air-schwarz\\\/#primaryimage\"},\"thumbnailUrl\":\"https:\\\/\\\/shop.bantam.ch\\\/wp-content\\\/uploads\\\/2023\\\/02\\\/994133911.jpg\",\"datePublished\":\"2023-02-27T19:56:10+00:00\",\"dateModified\":\"2026-05-10T19:15:38+00:00\",\"breadcrumb\":{\"@id\":\"https:\\\/\\\/shop.bantam.ch\\\/de\\\/produkt\\\/rueckenkissen-air-schwarz\\\/#breadcrumb\"},\"inLanguage\":\"de\",\"potentialAction\":[{\"@type\":\"ReadAction\",\"target\":[\"https:\\\/\\\/shop.bantam.ch\\\/de\\\/produkt\\\/rueckenkissen-air-schwarz\\\/\"]}]},{\"@type\":\"ImageObject\",\"inLanguage\":\"de\",\"@id\":\"https:\\\/\\\/shop.bantam.ch\\\/de\\\/produkt\\\/rueckenkissen-air-schwarz\\\/#primaryimage\",\"url\":\"https:\\\/\\\/shop.bantam.ch\\\/wp-content\\\/uploads\\\/2023\\\/02\\\/994133911.jpg\",\"contentUrl\":\"https:\\\/\\\/shop.bantam.ch\\\/wp-content\\\/uploads\\\/2023\\\/02\\\/994133911.jpg\",\"width\":1000,\"height\":881},{\"@type\":\"BreadcrumbList\",\"@id\":\"https:\\\/\\\/shop.bantam.ch\\\/de\\\/produkt\\\/rueckenkissen-air-schwarz\\\/#breadcrumb\",\"itemListElement\":[{\"@type\":\"ListItem\",\"position\":1,\"name\":\"Accueil\",\"item\":\"https:\\\/\\\/shop.bantam.ch\\\/de\\\/\"},{\"@type\":\"ListItem\",\"position\":2,\"name\":\"Shop\",\"item\":\"https:\\\/\\\/shop.bantam.ch\\\/de\\\/shop\\\/\"},{\"@type\":\"ListItem\",\"position\":3,\"name\":\"R\u00fcckenkissen Sitback Air Farbe schwarz\"}]},{\"@type\":\"WebSite\",\"@id\":\"https:\\\/\\\/shop.bantam.ch\\\/de\\\/#website\",\"url\":\"https:\\\/\\\/shop.bantam.ch\\\/de\\\/\",\"name\":\"Bantam\",\"description\":\"\",\"publisher\":{\"@id\":\"https:\\\/\\\/shop.bantam.ch\\\/de\\\/#organization\"},\"inLanguage\":\"de\"},{\"@type\":\"Organization\",\"@id\":\"https:\\\/\\\/shop.bantam.ch\\\/de\\\/#organization\",\"name\":\"Bantam\",\"url\":\"https:\\\/\\\/shop.bantam.ch\\\/de\\\/\",\"logo\":{\"@type\":\"ImageObject\",\"inLanguage\":\"de\",\"@id\":\"https:\\\/\\\/shop.bantam.ch\\\/de\\\/#\\\/schema\\\/logo\\\/image\\\/\",\"url\":\"https:\\\/\\\/shop.bantam.ch\\\/wp-content\\\/uploads\\\/2022\\\/12\\\/bantam-logo.png\",\"contentUrl\":\"https:\\\/\\\/shop.bantam.ch\\\/wp-content\\\/uploads\\\/2022\\\/12\\\/bantam-logo.png\",\"width\":320,\"height\":71,\"caption\":\"Bantam\"},\"image\":{\"@id\":\"https:\\\/\\\/shop.bantam.ch\\\/de\\\/#\\\/schema\\\/logo\\\/image\\\/\"}}]}<\/script>\n<!-- \/ Yoast SEO plugin. -->","yoast_head_json":{"title":"R\u00fcckenkissen Sitback Air Farbe schwarz - Bantam","robots":{"index":"index","follow":"follow","max-snippet":"max-snippet:-1","max-image-preview":"max-image-preview:large","max-video-preview":"max-video-preview:-1"},"canonical":"https:\/\/shop.bantam.ch\/de\/produkt\/rueckenkissen-air-schwarz\/","og_locale":"de_DE","og_type":"article","og_title":"R\u00fcckenkissen Sitback Air Farbe schwarz - Bantam","og_description":"SITBACK &#8211; &#8222;Air&#8220; &#8211; Das bequeme aufpumpbare R\u00fcckenkissen, damit Sie im Auto besser und ges\u00fcnder sitzen. R\u00fcckenkissen bzw. Lordosenkissen f\u00fcr nahezu alle Autositze f\u00f6rdert ergonomische Sitzhaltung Optimale Wiederaufrichtungseigenschaften des eingesetzten hochwertigen Schaumstoffes Tiefenverstellung durch eingebautes aufpumpbares PU &#8211; Luftkissen mit Handpumpe Einfache Montage an Vordersitzen Auch auf alle R\u00fccksitze montierbar Die Befestigung ist individuell h\u00f6henverstellbar [&hellip;]","og_url":"https:\/\/shop.bantam.ch\/de\/produkt\/rueckenkissen-air-schwarz\/","og_site_name":"Bantam","article_modified_time":"2026-05-10T19:15:38+00:00","og_image":[{"width":1000,"height":881,"url":"https:\/\/shop.bantam.ch\/wp-content\/uploads\/2023\/02\/994133911.jpg","type":"image\/jpeg"}],"twitter_card":"summary_large_image","schema":{"@context":"https:\/\/schema.org","@graph":[{"@type":"WebPage","@id":"https:\/\/shop.bantam.ch\/de\/produkt\/rueckenkissen-air-schwarz\/","url":"https:\/\/shop.bantam.ch\/de\/produkt\/rueckenkissen-air-schwarz\/","name":"R\u00fcckenkissen Sitback Air Farbe schwarz - Bantam","isPartOf":{"@id":"https:\/\/shop.bantam.ch\/de\/#website"},"primaryImageOfPage":{"@id":"https:\/\/shop.bantam.ch\/de\/produkt\/rueckenkissen-air-schwarz\/#primaryimage"},"image":{"@id":"https:\/\/shop.bantam.ch\/de\/produkt\/rueckenkissen-air-schwarz\/#primaryimage"},"thumbnailUrl":"https:\/\/shop.bantam.ch\/wp-content\/uploads\/2023\/02\/994133911.jpg","datePublished":"2023-02-27T19:56:10+00:00","dateModified":"2026-05-10T19:15:38+00:00","breadcrumb":{"@id":"https:\/\/shop.bantam.ch\/de\/produkt\/rueckenkissen-air-schwarz\/#breadcrumb"},"inLanguage":"de","potentialAction":[{"@type":"ReadAction","target":["https:\/\/shop.bantam.ch\/de\/produkt\/rueckenkissen-air-schwarz\/"]}]},{"@type":"ImageObject","inLanguage":"de","@id":"https:\/\/shop.bantam.ch\/de\/produkt\/rueckenkissen-air-schwarz\/#primaryimage","url":"https:\/\/shop.bantam.ch\/wp-content\/uploads\/2023\/02\/994133911.jpg","contentUrl":"https:\/\/shop.bantam.ch\/wp-content\/uploads\/2023\/02\/994133911.jpg","width":1000,"height":881},{"@type":"BreadcrumbList","@id":"https:\/\/shop.bantam.ch\/de\/produkt\/rueckenkissen-air-schwarz\/#breadcrumb","itemListElement":[{"@type":"ListItem","position":1,"name":"Accueil","item":"https:\/\/shop.bantam.ch\/de\/"},{"@type":"ListItem","position":2,"name":"Shop","item":"https:\/\/shop.bantam.ch\/de\/shop\/"},{"@type":"ListItem","position":3,"name":"R\u00fcckenkissen Sitback Air Farbe schwarz"}]},{"@type":"WebSite","@id":"https:\/\/shop.bantam.ch\/de\/#website","url":"https:\/\/shop.bantam.ch\/de\/","name":"Bantam","description":"","publisher":{"@id":"https:\/\/shop.bantam.ch\/de\/#organization"},"inLanguage":"de"},{"@type":"Organization","@id":"https:\/\/shop.bantam.ch\/de\/#organization","name":"Bantam","url":"https:\/\/shop.bantam.ch\/de\/","logo":{"@type":"ImageObject","inLanguage":"de","@id":"https:\/\/shop.bantam.ch\/de\/#\/schema\/logo\/image\/","url":"https:\/\/shop.bantam.ch\/wp-content\/uploads\/2022\/12\/bantam-logo.png","contentUrl":"https:\/\/shop.bantam.ch\/wp-content\/uploads\/2022\/12\/bantam-logo.png","width":320,"height":71,"caption":"Bantam"},"image":{"@id":"https:\/\/shop.bantam.ch\/de\/#\/schema\/logo\/image\/"}}]}},"_links":{"self":[{"href":"https:\/\/shop.bantam.ch\/de\/wp-json\/wp\/v2\/product\/70704","targetHints":{"allow":["GET"]}}],"collection":[{"href":"https:\/\/shop.bantam.ch\/de\/wp-json\/wp\/v2\/product"}],"about":[{"href":"https:\/\/shop.bantam.ch\/de\/wp-json\/wp\/v2\/types\/product"}],"wp:featuredmedia":[{"embeddable":true,"href":"https:\/\/shop.bantam.ch\/de\/wp-json\/wp\/v2\/media\/70696"}],"wp:attachment":[{"href":"https:\/\/shop.bantam.ch\/de\/wp-json\/wp\/v2\/media?parent=70704"}],"wp:term":[{"taxonomy":"product_featured_cat","embeddable":true,"href":"https:\/\/shop.bantam.ch\/de\/wp-json\/wp\/v2\/product_featured_cat?post=70704"},{"taxonomy":"product_brand","embeddable":true,"href":"https:\/\/shop.bantam.ch\/de\/wp-json\/wp\/v2\/product_brand?post=70704"},{"taxonomy":"product_cat","embeddable":true,"href":"https:\/\/shop.bantam.ch\/de\/wp-json\/wp\/v2\/product_cat?post=70704"},{"taxonomy":"product_tag","embeddable":true,"href":"https:\/\/shop.bantam.ch\/de\/wp-json\/wp\/v2\/product_tag?post=70704"}],"curies":[{"name":"wp","href":"https:\/\/api.w.org\/{rel}","templated":true}]}}