{"id":70672,"date":"2023-02-27T20:55:35","date_gmt":"2023-02-27T19:55:35","guid":{"rendered":"http:\/\/shop.bantam.ch\/produit\/kinetic-kernmantelseil-30-mm-laenge-8-m\/"},"modified":"2026-04-17T21:14:39","modified_gmt":"2026-04-17T19:14:39","slug":"kinetic-kernmantelseil-30-mm-laenge-8-m","status":"publish","type":"product","link":"https:\/\/shop.bantam.ch\/de\/produkt\/kinetic-kernmantelseil-30-mm-laenge-8-m\/","title":{"rendered":"Kinetic Kernmantelseil 30 mm L\u00e4nge 8 m"},"content":{"rendered":"<p>Ein f\u00fcr Profis entwickeltes hochwertiges Schlepp- und Bergeseil f\u00fcr extrem hohe Kraftaufnahmen. Diese Kinetic Seil wird f\u00fcr die schonende Bergung von festgefahrenen Gel\u00e4ndewagen eingesetzt. Mit extra starkem Schutzmantel und zus\u00e4tzlichem Gurtprotektor in den Schlaufen zu Verschlei\u00dfminderung.<\/p>\n<ul>\n<li>Seildehnung &gt;25% dadurch sehr schonende Fahrzeugbergung<\/li>\n<li>Seil ist maschinenwaschbar (Schonw\u00e4sche)<\/li>\n<li>Sehr flexibel, l\u00e4sst sich dadurch hervorragend verstauen<\/li>\n<li>Bruchlast: 10.000 kg<\/li>\n<\/ul>\n","protected":false},"excerpt":{"rendered":"<p>Ein f\u00fcr Profis entwickeltes hochwertiges Schlepp- und Bergeseil f\u00fcr extrem hohe Kraftaufnahmen. Diese Kinetic Seil wird f\u00fcr die schonende Bergung von festgefahrenen Gel\u00e4ndewagen eingesetzt. Mit extra starkem Schutzmantel und zus\u00e4tzlichem Gurtprotektor in den Schlaufen zu Verschlei\u00dfminderung. Seildehnung &gt;25% dadurch sehr schonende Fahrzeugbergung Seil ist maschinenwaschbar (Schonw\u00e4sche) Sehr flexibel, l\u00e4sst sich dadurch hervorragend verstauen Bruchlast: 10.000 [&hellip;]<\/p>\n","protected":false},"featured_media":70670,"template":"","meta":{"_acf_changed":false},"product_featured_cat":[],"product_brand":[3457],"product_cat":[4658],"product_tag":[],"class_list":{"0":"post-70672","1":"product","2":"type-product","3":"status-publish","4":"has-post-thumbnail","6":"product_brand-seilflechter-de","7":"product_cat-pannenhelfer","9":"first","10":"instock","11":"taxable","12":"shipping-taxable","13":"purchasable","14":"product-type-simple"},"acf":[],"yoast_head":"<!-- This site is optimized with the Yoast SEO plugin v27.4 - https:\/\/yoast.com\/product\/yoast-seo-wordpress\/ -->\n<title>Kinetic Kernmantelseil 30 mm L\u00e4nge 8 m - Bantam Camping AG<\/title>\n<meta name=\"robots\" content=\"index, follow, max-snippet:-1, max-image-preview:large, max-video-preview:-1\" \/>\n<link rel=\"canonical\" href=\"https:\/\/shop.bantam.ch\/de\/produkt\/kinetic-kernmantelseil-30-mm-laenge-8-m\/\" \/>\n<meta property=\"og:locale\" content=\"de_DE\" \/>\n<meta property=\"og:type\" content=\"article\" \/>\n<meta property=\"og:title\" content=\"Kinetic Kernmantelseil 30 mm L\u00e4nge 8 m - Bantam Camping AG\" \/>\n<meta property=\"og:description\" content=\"Ein f\u00fcr Profis entwickeltes hochwertiges Schlepp- und Bergeseil f\u00fcr extrem hohe Kraftaufnahmen. Diese Kinetic Seil wird f\u00fcr die schonende Bergung von festgefahrenen Gel\u00e4ndewagen eingesetzt. Mit extra starkem Schutzmantel und zus\u00e4tzlichem Gurtprotektor in den Schlaufen zu Verschlei\u00dfminderung. Seildehnung &gt;25% dadurch sehr schonende Fahrzeugbergung Seil ist maschinenwaschbar (Schonw\u00e4sche) Sehr flexibel, l\u00e4sst sich dadurch hervorragend verstauen Bruchlast: 10.000 [&hellip;]\" \/>\n<meta property=\"og:url\" content=\"https:\/\/shop.bantam.ch\/de\/produkt\/kinetic-kernmantelseil-30-mm-laenge-8-m\/\" \/>\n<meta property=\"og:site_name\" content=\"Bantam Camping AG\" \/>\n<meta property=\"article:modified_time\" content=\"2026-04-17T19:14:39+00:00\" \/>\n<meta property=\"og:image\" content=\"https:\/\/shop.bantam.ch\/wp-content\/uploads\/2023\/02\/994133311.jpg\" \/>\n\t<meta property=\"og:image:width\" content=\"1000\" \/>\n\t<meta property=\"og:image:height\" content=\"899\" \/>\n\t<meta property=\"og:image:type\" content=\"image\/jpeg\" \/>\n<meta name=\"twitter:card\" content=\"summary_large_image\" \/>\n<script type=\"application\/ld+json\" class=\"yoast-schema-graph\">{\"@context\":\"https:\\\/\\\/schema.org\",\"@graph\":[{\"@type\":\"WebPage\",\"@id\":\"https:\\\/\\\/shop.bantam.ch\\\/de\\\/produkt\\\/kinetic-kernmantelseil-30-mm-laenge-8-m\\\/\",\"url\":\"https:\\\/\\\/shop.bantam.ch\\\/de\\\/produkt\\\/kinetic-kernmantelseil-30-mm-laenge-8-m\\\/\",\"name\":\"Kinetic Kernmantelseil 30 mm L\u00e4nge 8 m - Bantam Camping AG\",\"isPartOf\":{\"@id\":\"https:\\\/\\\/shop.bantam.ch\\\/de\\\/#website\"},\"primaryImageOfPage\":{\"@id\":\"https:\\\/\\\/shop.bantam.ch\\\/de\\\/produkt\\\/kinetic-kernmantelseil-30-mm-laenge-8-m\\\/#primaryimage\"},\"image\":{\"@id\":\"https:\\\/\\\/shop.bantam.ch\\\/de\\\/produkt\\\/kinetic-kernmantelseil-30-mm-laenge-8-m\\\/#primaryimage\"},\"thumbnailUrl\":\"https:\\\/\\\/shop.bantam.ch\\\/wp-content\\\/uploads\\\/2023\\\/02\\\/994133311.jpg\",\"datePublished\":\"2023-02-27T19:55:35+00:00\",\"dateModified\":\"2026-04-17T19:14:39+00:00\",\"breadcrumb\":{\"@id\":\"https:\\\/\\\/shop.bantam.ch\\\/de\\\/produkt\\\/kinetic-kernmantelseil-30-mm-laenge-8-m\\\/#breadcrumb\"},\"inLanguage\":\"de\",\"potentialAction\":[{\"@type\":\"ReadAction\",\"target\":[\"https:\\\/\\\/shop.bantam.ch\\\/de\\\/produkt\\\/kinetic-kernmantelseil-30-mm-laenge-8-m\\\/\"]}]},{\"@type\":\"ImageObject\",\"inLanguage\":\"de\",\"@id\":\"https:\\\/\\\/shop.bantam.ch\\\/de\\\/produkt\\\/kinetic-kernmantelseil-30-mm-laenge-8-m\\\/#primaryimage\",\"url\":\"https:\\\/\\\/shop.bantam.ch\\\/wp-content\\\/uploads\\\/2023\\\/02\\\/994133311.jpg\",\"contentUrl\":\"https:\\\/\\\/shop.bantam.ch\\\/wp-content\\\/uploads\\\/2023\\\/02\\\/994133311.jpg\",\"width\":1000,\"height\":899},{\"@type\":\"BreadcrumbList\",\"@id\":\"https:\\\/\\\/shop.bantam.ch\\\/de\\\/produkt\\\/kinetic-kernmantelseil-30-mm-laenge-8-m\\\/#breadcrumb\",\"itemListElement\":[{\"@type\":\"ListItem\",\"position\":1,\"name\":\"Accueil\",\"item\":\"https:\\\/\\\/shop.bantam.ch\\\/de\\\/\"},{\"@type\":\"ListItem\",\"position\":2,\"name\":\"Shop\",\"item\":\"https:\\\/\\\/shop.bantam.ch\\\/de\\\/shop\\\/\"},{\"@type\":\"ListItem\",\"position\":3,\"name\":\"Kinetic Kernmantelseil 30 mm L\u00e4nge 8 m\"}]},{\"@type\":\"WebSite\",\"@id\":\"https:\\\/\\\/shop.bantam.ch\\\/de\\\/#website\",\"url\":\"https:\\\/\\\/shop.bantam.ch\\\/de\\\/\",\"name\":\"Bantam Camping AG\",\"description\":\"\",\"publisher\":{\"@id\":\"https:\\\/\\\/shop.bantam.ch\\\/de\\\/#organization\"},\"inLanguage\":\"de\"},{\"@type\":\"Organization\",\"@id\":\"https:\\\/\\\/shop.bantam.ch\\\/de\\\/#organization\",\"name\":\"Bantam Camping AG\",\"url\":\"https:\\\/\\\/shop.bantam.ch\\\/de\\\/\",\"logo\":{\"@type\":\"ImageObject\",\"inLanguage\":\"de\",\"@id\":\"https:\\\/\\\/shop.bantam.ch\\\/de\\\/#\\\/schema\\\/logo\\\/image\\\/\",\"url\":\"https:\\\/\\\/shop.bantam.ch\\\/wp-content\\\/uploads\\\/2022\\\/12\\\/bantam-logo.png\",\"contentUrl\":\"https:\\\/\\\/shop.bantam.ch\\\/wp-content\\\/uploads\\\/2022\\\/12\\\/bantam-logo.png\",\"width\":320,\"height\":71,\"caption\":\"Bantam Camping AG\"},\"image\":{\"@id\":\"https:\\\/\\\/shop.bantam.ch\\\/de\\\/#\\\/schema\\\/logo\\\/image\\\/\"}}]}<\/script>\n<!-- \/ Yoast SEO plugin. -->","yoast_head_json":{"title":"Kinetic Kernmantelseil 30 mm L\u00e4nge 8 m - Bantam Camping AG","robots":{"index":"index","follow":"follow","max-snippet":"max-snippet:-1","max-image-preview":"max-image-preview:large","max-video-preview":"max-video-preview:-1"},"canonical":"https:\/\/shop.bantam.ch\/de\/produkt\/kinetic-kernmantelseil-30-mm-laenge-8-m\/","og_locale":"de_DE","og_type":"article","og_title":"Kinetic Kernmantelseil 30 mm L\u00e4nge 8 m - Bantam Camping AG","og_description":"Ein f\u00fcr Profis entwickeltes hochwertiges Schlepp- und Bergeseil f\u00fcr extrem hohe Kraftaufnahmen. Diese Kinetic Seil wird f\u00fcr die schonende Bergung von festgefahrenen Gel\u00e4ndewagen eingesetzt. Mit extra starkem Schutzmantel und zus\u00e4tzlichem Gurtprotektor in den Schlaufen zu Verschlei\u00dfminderung. Seildehnung &gt;25% dadurch sehr schonende Fahrzeugbergung Seil ist maschinenwaschbar (Schonw\u00e4sche) Sehr flexibel, l\u00e4sst sich dadurch hervorragend verstauen Bruchlast: 10.000 [&hellip;]","og_url":"https:\/\/shop.bantam.ch\/de\/produkt\/kinetic-kernmantelseil-30-mm-laenge-8-m\/","og_site_name":"Bantam Camping AG","article_modified_time":"2026-04-17T19:14:39+00:00","og_image":[{"width":1000,"height":899,"url":"https:\/\/shop.bantam.ch\/wp-content\/uploads\/2023\/02\/994133311.jpg","type":"image\/jpeg"}],"twitter_card":"summary_large_image","schema":{"@context":"https:\/\/schema.org","@graph":[{"@type":"WebPage","@id":"https:\/\/shop.bantam.ch\/de\/produkt\/kinetic-kernmantelseil-30-mm-laenge-8-m\/","url":"https:\/\/shop.bantam.ch\/de\/produkt\/kinetic-kernmantelseil-30-mm-laenge-8-m\/","name":"Kinetic Kernmantelseil 30 mm L\u00e4nge 8 m - Bantam Camping AG","isPartOf":{"@id":"https:\/\/shop.bantam.ch\/de\/#website"},"primaryImageOfPage":{"@id":"https:\/\/shop.bantam.ch\/de\/produkt\/kinetic-kernmantelseil-30-mm-laenge-8-m\/#primaryimage"},"image":{"@id":"https:\/\/shop.bantam.ch\/de\/produkt\/kinetic-kernmantelseil-30-mm-laenge-8-m\/#primaryimage"},"thumbnailUrl":"https:\/\/shop.bantam.ch\/wp-content\/uploads\/2023\/02\/994133311.jpg","datePublished":"2023-02-27T19:55:35+00:00","dateModified":"2026-04-17T19:14:39+00:00","breadcrumb":{"@id":"https:\/\/shop.bantam.ch\/de\/produkt\/kinetic-kernmantelseil-30-mm-laenge-8-m\/#breadcrumb"},"inLanguage":"de","potentialAction":[{"@type":"ReadAction","target":["https:\/\/shop.bantam.ch\/de\/produkt\/kinetic-kernmantelseil-30-mm-laenge-8-m\/"]}]},{"@type":"ImageObject","inLanguage":"de","@id":"https:\/\/shop.bantam.ch\/de\/produkt\/kinetic-kernmantelseil-30-mm-laenge-8-m\/#primaryimage","url":"https:\/\/shop.bantam.ch\/wp-content\/uploads\/2023\/02\/994133311.jpg","contentUrl":"https:\/\/shop.bantam.ch\/wp-content\/uploads\/2023\/02\/994133311.jpg","width":1000,"height":899},{"@type":"BreadcrumbList","@id":"https:\/\/shop.bantam.ch\/de\/produkt\/kinetic-kernmantelseil-30-mm-laenge-8-m\/#breadcrumb","itemListElement":[{"@type":"ListItem","position":1,"name":"Accueil","item":"https:\/\/shop.bantam.ch\/de\/"},{"@type":"ListItem","position":2,"name":"Shop","item":"https:\/\/shop.bantam.ch\/de\/shop\/"},{"@type":"ListItem","position":3,"name":"Kinetic Kernmantelseil 30 mm L\u00e4nge 8 m"}]},{"@type":"WebSite","@id":"https:\/\/shop.bantam.ch\/de\/#website","url":"https:\/\/shop.bantam.ch\/de\/","name":"Bantam Camping AG","description":"","publisher":{"@id":"https:\/\/shop.bantam.ch\/de\/#organization"},"inLanguage":"de"},{"@type":"Organization","@id":"https:\/\/shop.bantam.ch\/de\/#organization","name":"Bantam Camping AG","url":"https:\/\/shop.bantam.ch\/de\/","logo":{"@type":"ImageObject","inLanguage":"de","@id":"https:\/\/shop.bantam.ch\/de\/#\/schema\/logo\/image\/","url":"https:\/\/shop.bantam.ch\/wp-content\/uploads\/2022\/12\/bantam-logo.png","contentUrl":"https:\/\/shop.bantam.ch\/wp-content\/uploads\/2022\/12\/bantam-logo.png","width":320,"height":71,"caption":"Bantam Camping AG"},"image":{"@id":"https:\/\/shop.bantam.ch\/de\/#\/schema\/logo\/image\/"}}]}},"_links":{"self":[{"href":"https:\/\/shop.bantam.ch\/de\/wp-json\/wp\/v2\/product\/70672","targetHints":{"allow":["GET"]}}],"collection":[{"href":"https:\/\/shop.bantam.ch\/de\/wp-json\/wp\/v2\/product"}],"about":[{"href":"https:\/\/shop.bantam.ch\/de\/wp-json\/wp\/v2\/types\/product"}],"wp:featuredmedia":[{"embeddable":true,"href":"https:\/\/shop.bantam.ch\/de\/wp-json\/wp\/v2\/media\/70670"}],"wp:attachment":[{"href":"https:\/\/shop.bantam.ch\/de\/wp-json\/wp\/v2\/media?parent=70672"}],"wp:term":[{"taxonomy":"product_featured_cat","embeddable":true,"href":"https:\/\/shop.bantam.ch\/de\/wp-json\/wp\/v2\/product_featured_cat?post=70672"},{"taxonomy":"product_brand","embeddable":true,"href":"https:\/\/shop.bantam.ch\/de\/wp-json\/wp\/v2\/product_brand?post=70672"},{"taxonomy":"product_cat","embeddable":true,"href":"https:\/\/shop.bantam.ch\/de\/wp-json\/wp\/v2\/product_cat?post=70672"},{"taxonomy":"product_tag","embeddable":true,"href":"https:\/\/shop.bantam.ch\/de\/wp-json\/wp\/v2\/product_tag?post=70672"}],"curies":[{"name":"wp","href":"https:\/\/api.w.org\/{rel}","templated":true}]}}