{"id":70664,"date":"2023-02-27T20:55:24","date_gmt":"2023-02-27T19:55:24","guid":{"rendered":"http:\/\/shop.bantam.ch\/produit\/tornado-clip-mit-gummieinbinder-schwarz\/"},"modified":"2026-04-17T21:14:39","modified_gmt":"2026-04-17T19:14:39","slug":"tornado-clip-mit-gummieinbinder-schwarz","status":"publish","type":"product","link":"https:\/\/shop.bantam.ch\/de\/produkt\/tornado-clip-mit-gummieinbinder-schwarz\/","title":{"rendered":"Tornado Clip mit Gummi- einbinder Inhalt 4 St\u00fcck Farbe schwarz"},"content":{"rendered":"<p>F\u00fcr diese \u00d6se ben\u00f6tigen Sie keinerlei Werkzeuge. Schnell eingesetzt und problemlos wieder zu l\u00f6sen. Der Clip besteht aus zwei Teilen. Je h\u00f6her der Zug um so fester sitzt der Clip auf dem Material.<\/p>\n<p>Optimal um T\u00fccher, Planen, Banner und Gurte etc. schnell und ohne Konfektion zu befestigen. Durch die \u00d6se wird einfach ein Gummieinbinder gestroppt.<\/p>\n<p>Lieferumfang:<br \/>4 Tornado-Clips<br \/>4 Gummieinbinder<\/p>\n","protected":false},"excerpt":{"rendered":"<p>F\u00fcr diese \u00d6se ben\u00f6tigen Sie keinerlei Werkzeuge. Schnell eingesetzt und problemlos wieder zu l\u00f6sen. Der Clip besteht aus zwei Teilen. Je h\u00f6her der Zug um so fester sitzt der Clip auf dem Material. Optimal um T\u00fccher, Planen, Banner und Gurte etc. schnell und ohne Konfektion zu befestigen. Durch die \u00d6se wird einfach ein Gummieinbinder gestroppt. [&hellip;]<\/p>\n","protected":false},"featured_media":70662,"template":"","meta":{"_acf_changed":false},"product_featured_cat":[],"product_brand":[3457],"product_cat":[4260],"product_tag":[],"class_list":{"0":"post-70664","1":"product","2":"type-product","3":"status-publish","4":"has-post-thumbnail","6":"product_brand-seilflechter-de","7":"product_cat-kleinteile","9":"first","10":"instock","11":"taxable","12":"shipping-taxable","13":"purchasable","14":"product-type-simple"},"acf":[],"yoast_head":"<!-- This site is optimized with the Yoast SEO plugin v27.4 - https:\/\/yoast.com\/product\/yoast-seo-wordpress\/ -->\n<title>Tornado Clip mit Gummi- einbinder Inhalt 4 St\u00fcck Farbe schwarz - Bantam Camping AG<\/title>\n<meta name=\"robots\" content=\"index, follow, max-snippet:-1, max-image-preview:large, max-video-preview:-1\" \/>\n<link rel=\"canonical\" href=\"https:\/\/shop.bantam.ch\/de\/produkt\/tornado-clip-mit-gummieinbinder-schwarz\/\" \/>\n<meta property=\"og:locale\" content=\"de_DE\" \/>\n<meta property=\"og:type\" content=\"article\" \/>\n<meta property=\"og:title\" content=\"Tornado Clip mit Gummi- einbinder Inhalt 4 St\u00fcck Farbe schwarz - Bantam Camping AG\" \/>\n<meta property=\"og:description\" content=\"F\u00fcr diese \u00d6se ben\u00f6tigen Sie keinerlei Werkzeuge. Schnell eingesetzt und problemlos wieder zu l\u00f6sen. Der Clip besteht aus zwei Teilen. Je h\u00f6her der Zug um so fester sitzt der Clip auf dem Material. Optimal um T\u00fccher, Planen, Banner und Gurte etc. schnell und ohne Konfektion zu befestigen. Durch die \u00d6se wird einfach ein Gummieinbinder gestroppt. [&hellip;]\" \/>\n<meta property=\"og:url\" content=\"https:\/\/shop.bantam.ch\/de\/produkt\/tornado-clip-mit-gummieinbinder-schwarz\/\" \/>\n<meta property=\"og:site_name\" content=\"Bantam Camping AG\" \/>\n<meta property=\"article:modified_time\" content=\"2026-04-17T19:14:39+00:00\" \/>\n<meta property=\"og:image\" content=\"https:\/\/shop.bantam.ch\/wp-content\/uploads\/2023\/02\/994133111.jpg\" \/>\n\t<meta property=\"og:image:width\" content=\"1000\" \/>\n\t<meta property=\"og:image:height\" content=\"672\" \/>\n\t<meta property=\"og:image:type\" content=\"image\/jpeg\" \/>\n<meta name=\"twitter:card\" content=\"summary_large_image\" \/>\n<script type=\"application\/ld+json\" class=\"yoast-schema-graph\">{\"@context\":\"https:\\\/\\\/schema.org\",\"@graph\":[{\"@type\":\"WebPage\",\"@id\":\"https:\\\/\\\/shop.bantam.ch\\\/de\\\/produkt\\\/tornado-clip-mit-gummieinbinder-schwarz\\\/\",\"url\":\"https:\\\/\\\/shop.bantam.ch\\\/de\\\/produkt\\\/tornado-clip-mit-gummieinbinder-schwarz\\\/\",\"name\":\"Tornado Clip mit Gummi- einbinder Inhalt 4 St\u00fcck Farbe schwarz - Bantam Camping AG\",\"isPartOf\":{\"@id\":\"https:\\\/\\\/shop.bantam.ch\\\/de\\\/#website\"},\"primaryImageOfPage\":{\"@id\":\"https:\\\/\\\/shop.bantam.ch\\\/de\\\/produkt\\\/tornado-clip-mit-gummieinbinder-schwarz\\\/#primaryimage\"},\"image\":{\"@id\":\"https:\\\/\\\/shop.bantam.ch\\\/de\\\/produkt\\\/tornado-clip-mit-gummieinbinder-schwarz\\\/#primaryimage\"},\"thumbnailUrl\":\"https:\\\/\\\/shop.bantam.ch\\\/wp-content\\\/uploads\\\/2023\\\/02\\\/994133111.jpg\",\"datePublished\":\"2023-02-27T19:55:24+00:00\",\"dateModified\":\"2026-04-17T19:14:39+00:00\",\"breadcrumb\":{\"@id\":\"https:\\\/\\\/shop.bantam.ch\\\/de\\\/produkt\\\/tornado-clip-mit-gummieinbinder-schwarz\\\/#breadcrumb\"},\"inLanguage\":\"de\",\"potentialAction\":[{\"@type\":\"ReadAction\",\"target\":[\"https:\\\/\\\/shop.bantam.ch\\\/de\\\/produkt\\\/tornado-clip-mit-gummieinbinder-schwarz\\\/\"]}]},{\"@type\":\"ImageObject\",\"inLanguage\":\"de\",\"@id\":\"https:\\\/\\\/shop.bantam.ch\\\/de\\\/produkt\\\/tornado-clip-mit-gummieinbinder-schwarz\\\/#primaryimage\",\"url\":\"https:\\\/\\\/shop.bantam.ch\\\/wp-content\\\/uploads\\\/2023\\\/02\\\/994133111.jpg\",\"contentUrl\":\"https:\\\/\\\/shop.bantam.ch\\\/wp-content\\\/uploads\\\/2023\\\/02\\\/994133111.jpg\",\"width\":1000,\"height\":672},{\"@type\":\"BreadcrumbList\",\"@id\":\"https:\\\/\\\/shop.bantam.ch\\\/de\\\/produkt\\\/tornado-clip-mit-gummieinbinder-schwarz\\\/#breadcrumb\",\"itemListElement\":[{\"@type\":\"ListItem\",\"position\":1,\"name\":\"Accueil\",\"item\":\"https:\\\/\\\/shop.bantam.ch\\\/de\\\/\"},{\"@type\":\"ListItem\",\"position\":2,\"name\":\"Shop\",\"item\":\"https:\\\/\\\/shop.bantam.ch\\\/de\\\/shop\\\/\"},{\"@type\":\"ListItem\",\"position\":3,\"name\":\"Tornado Clip mit Gummi- einbinder Inhalt 4 St\u00fcck Farbe schwarz\"}]},{\"@type\":\"WebSite\",\"@id\":\"https:\\\/\\\/shop.bantam.ch\\\/de\\\/#website\",\"url\":\"https:\\\/\\\/shop.bantam.ch\\\/de\\\/\",\"name\":\"Bantam Camping AG\",\"description\":\"\",\"publisher\":{\"@id\":\"https:\\\/\\\/shop.bantam.ch\\\/de\\\/#organization\"},\"inLanguage\":\"de\"},{\"@type\":\"Organization\",\"@id\":\"https:\\\/\\\/shop.bantam.ch\\\/de\\\/#organization\",\"name\":\"Bantam Camping AG\",\"url\":\"https:\\\/\\\/shop.bantam.ch\\\/de\\\/\",\"logo\":{\"@type\":\"ImageObject\",\"inLanguage\":\"de\",\"@id\":\"https:\\\/\\\/shop.bantam.ch\\\/de\\\/#\\\/schema\\\/logo\\\/image\\\/\",\"url\":\"https:\\\/\\\/shop.bantam.ch\\\/wp-content\\\/uploads\\\/2022\\\/12\\\/bantam-logo.png\",\"contentUrl\":\"https:\\\/\\\/shop.bantam.ch\\\/wp-content\\\/uploads\\\/2022\\\/12\\\/bantam-logo.png\",\"width\":320,\"height\":71,\"caption\":\"Bantam Camping AG\"},\"image\":{\"@id\":\"https:\\\/\\\/shop.bantam.ch\\\/de\\\/#\\\/schema\\\/logo\\\/image\\\/\"}}]}<\/script>\n<!-- \/ Yoast SEO plugin. -->","yoast_head_json":{"title":"Tornado Clip mit Gummi- einbinder Inhalt 4 St\u00fcck Farbe schwarz - Bantam Camping AG","robots":{"index":"index","follow":"follow","max-snippet":"max-snippet:-1","max-image-preview":"max-image-preview:large","max-video-preview":"max-video-preview:-1"},"canonical":"https:\/\/shop.bantam.ch\/de\/produkt\/tornado-clip-mit-gummieinbinder-schwarz\/","og_locale":"de_DE","og_type":"article","og_title":"Tornado Clip mit Gummi- einbinder Inhalt 4 St\u00fcck Farbe schwarz - Bantam Camping AG","og_description":"F\u00fcr diese \u00d6se ben\u00f6tigen Sie keinerlei Werkzeuge. Schnell eingesetzt und problemlos wieder zu l\u00f6sen. Der Clip besteht aus zwei Teilen. Je h\u00f6her der Zug um so fester sitzt der Clip auf dem Material. Optimal um T\u00fccher, Planen, Banner und Gurte etc. schnell und ohne Konfektion zu befestigen. Durch die \u00d6se wird einfach ein Gummieinbinder gestroppt. [&hellip;]","og_url":"https:\/\/shop.bantam.ch\/de\/produkt\/tornado-clip-mit-gummieinbinder-schwarz\/","og_site_name":"Bantam Camping AG","article_modified_time":"2026-04-17T19:14:39+00:00","og_image":[{"width":1000,"height":672,"url":"https:\/\/shop.bantam.ch\/wp-content\/uploads\/2023\/02\/994133111.jpg","type":"image\/jpeg"}],"twitter_card":"summary_large_image","schema":{"@context":"https:\/\/schema.org","@graph":[{"@type":"WebPage","@id":"https:\/\/shop.bantam.ch\/de\/produkt\/tornado-clip-mit-gummieinbinder-schwarz\/","url":"https:\/\/shop.bantam.ch\/de\/produkt\/tornado-clip-mit-gummieinbinder-schwarz\/","name":"Tornado Clip mit Gummi- einbinder Inhalt 4 St\u00fcck Farbe schwarz - Bantam Camping AG","isPartOf":{"@id":"https:\/\/shop.bantam.ch\/de\/#website"},"primaryImageOfPage":{"@id":"https:\/\/shop.bantam.ch\/de\/produkt\/tornado-clip-mit-gummieinbinder-schwarz\/#primaryimage"},"image":{"@id":"https:\/\/shop.bantam.ch\/de\/produkt\/tornado-clip-mit-gummieinbinder-schwarz\/#primaryimage"},"thumbnailUrl":"https:\/\/shop.bantam.ch\/wp-content\/uploads\/2023\/02\/994133111.jpg","datePublished":"2023-02-27T19:55:24+00:00","dateModified":"2026-04-17T19:14:39+00:00","breadcrumb":{"@id":"https:\/\/shop.bantam.ch\/de\/produkt\/tornado-clip-mit-gummieinbinder-schwarz\/#breadcrumb"},"inLanguage":"de","potentialAction":[{"@type":"ReadAction","target":["https:\/\/shop.bantam.ch\/de\/produkt\/tornado-clip-mit-gummieinbinder-schwarz\/"]}]},{"@type":"ImageObject","inLanguage":"de","@id":"https:\/\/shop.bantam.ch\/de\/produkt\/tornado-clip-mit-gummieinbinder-schwarz\/#primaryimage","url":"https:\/\/shop.bantam.ch\/wp-content\/uploads\/2023\/02\/994133111.jpg","contentUrl":"https:\/\/shop.bantam.ch\/wp-content\/uploads\/2023\/02\/994133111.jpg","width":1000,"height":672},{"@type":"BreadcrumbList","@id":"https:\/\/shop.bantam.ch\/de\/produkt\/tornado-clip-mit-gummieinbinder-schwarz\/#breadcrumb","itemListElement":[{"@type":"ListItem","position":1,"name":"Accueil","item":"https:\/\/shop.bantam.ch\/de\/"},{"@type":"ListItem","position":2,"name":"Shop","item":"https:\/\/shop.bantam.ch\/de\/shop\/"},{"@type":"ListItem","position":3,"name":"Tornado Clip mit Gummi- einbinder Inhalt 4 St\u00fcck Farbe schwarz"}]},{"@type":"WebSite","@id":"https:\/\/shop.bantam.ch\/de\/#website","url":"https:\/\/shop.bantam.ch\/de\/","name":"Bantam Camping AG","description":"","publisher":{"@id":"https:\/\/shop.bantam.ch\/de\/#organization"},"inLanguage":"de"},{"@type":"Organization","@id":"https:\/\/shop.bantam.ch\/de\/#organization","name":"Bantam Camping AG","url":"https:\/\/shop.bantam.ch\/de\/","logo":{"@type":"ImageObject","inLanguage":"de","@id":"https:\/\/shop.bantam.ch\/de\/#\/schema\/logo\/image\/","url":"https:\/\/shop.bantam.ch\/wp-content\/uploads\/2022\/12\/bantam-logo.png","contentUrl":"https:\/\/shop.bantam.ch\/wp-content\/uploads\/2022\/12\/bantam-logo.png","width":320,"height":71,"caption":"Bantam Camping AG"},"image":{"@id":"https:\/\/shop.bantam.ch\/de\/#\/schema\/logo\/image\/"}}]}},"_links":{"self":[{"href":"https:\/\/shop.bantam.ch\/de\/wp-json\/wp\/v2\/product\/70664","targetHints":{"allow":["GET"]}}],"collection":[{"href":"https:\/\/shop.bantam.ch\/de\/wp-json\/wp\/v2\/product"}],"about":[{"href":"https:\/\/shop.bantam.ch\/de\/wp-json\/wp\/v2\/types\/product"}],"wp:featuredmedia":[{"embeddable":true,"href":"https:\/\/shop.bantam.ch\/de\/wp-json\/wp\/v2\/media\/70662"}],"wp:attachment":[{"href":"https:\/\/shop.bantam.ch\/de\/wp-json\/wp\/v2\/media?parent=70664"}],"wp:term":[{"taxonomy":"product_featured_cat","embeddable":true,"href":"https:\/\/shop.bantam.ch\/de\/wp-json\/wp\/v2\/product_featured_cat?post=70664"},{"taxonomy":"product_brand","embeddable":true,"href":"https:\/\/shop.bantam.ch\/de\/wp-json\/wp\/v2\/product_brand?post=70664"},{"taxonomy":"product_cat","embeddable":true,"href":"https:\/\/shop.bantam.ch\/de\/wp-json\/wp\/v2\/product_cat?post=70664"},{"taxonomy":"product_tag","embeddable":true,"href":"https:\/\/shop.bantam.ch\/de\/wp-json\/wp\/v2\/product_tag?post=70664"}],"curies":[{"name":"wp","href":"https:\/\/api.w.org\/{rel}","templated":true}]}}