{"id":70142,"date":"2023-02-27T20:45:27","date_gmt":"2023-02-27T19:45:27","guid":{"rendered":"http:\/\/shop.bantam.ch\/produit\/leicht-reiseschlafsack-220-x-90-cm-khaki-aegyptische-baumwolle\/"},"modified":"2026-04-18T21:14:39","modified_gmt":"2026-04-18T19:14:39","slug":"leicht-reiseschlafsack-220-x-90-cm-khaki-aegyptische-baumwolle","status":"publish","type":"product","link":"https:\/\/shop.bantam.ch\/de\/produkt\/leicht-reiseschlafsack-220-x-90-cm-khaki-aegyptische-baumwolle\/","title":{"rendered":"Leicht-Reiseschlafsack Cocoon \u00e4gyptische Baumwolle 220 x 90 cm Farbe khaki"},"content":{"rendered":"<p>Extrem leichter und ger\u00e4umiger Leicht-Reiseschlafsack oder Innenschlafsack zur Verwendung in Hotels, Jugendherbergen, auf Bergh\u00fctten und Booten.<br \/>Die \u00e4gyptische Baumwolle ist eine seltene, besonders langfasrige Baumwolle, die sich zu extrem feinem Garn verspinnen l\u00e4sst. Der von uns daraus gewebte Stoff ist weicher und wesentlich leichter als normale Baumwolle und sehr strapazierf\u00e4hig.<\/p>\n<p>Ausstattung und Funktionen:<\/p>\n<ul>\n<li>Seiteneinstieg mit Klettverschluss<\/li>\n<li>Einschubtasche f\u00fcr Kissen<\/li>\n<li>Spezielle Verst\u00e4rkungen und Doppeln\u00e4hte<\/li>\n<li>Max. K\u00f6rperl\u00e4nge: 2 m<\/li>\n<\/ul>\n","protected":false},"excerpt":{"rendered":"<p>Extrem leichter und ger\u00e4umiger Leicht-Reiseschlafsack oder Innenschlafsack zur Verwendung in Hotels, Jugendherbergen, auf Bergh\u00fctten und Booten.Die \u00e4gyptische Baumwolle ist eine seltene, besonders langfasrige Baumwolle, die sich zu extrem feinem Garn verspinnen l\u00e4sst. Der von uns daraus gewebte Stoff ist weicher und wesentlich leichter als normale Baumwolle und sehr strapazierf\u00e4hig. Ausstattung und Funktionen: Seiteneinstieg mit Klettverschluss [&hellip;]<\/p>\n","protected":false},"featured_media":70140,"template":"","meta":{"_acf_changed":false},"product_featured_cat":[],"product_brand":[3445],"product_cat":[4454],"product_tag":[],"class_list":{"0":"post-70142","1":"product","2":"type-product","3":"status-publish","4":"has-post-thumbnail","6":"product_brand-cocoon-de","7":"product_cat-deckenschlafsaecke","9":"first","10":"instock","11":"taxable","12":"shipping-taxable","13":"purchasable","14":"product-type-simple"},"acf":[],"yoast_head":"<!-- This site is optimized with the Yoast SEO plugin v27.4 - https:\/\/yoast.com\/product\/yoast-seo-wordpress\/ -->\n<title>Leicht-Reiseschlafsack Cocoon \u00e4gyptische Baumwolle 220 x 90 cm Farbe khaki - Bantam Camping AG<\/title>\n<meta name=\"robots\" content=\"index, follow, max-snippet:-1, max-image-preview:large, max-video-preview:-1\" \/>\n<link rel=\"canonical\" href=\"https:\/\/shop.bantam.ch\/de\/produkt\/leicht-reiseschlafsack-220-x-90-cm-khaki-aegyptische-baumwolle\/\" \/>\n<meta property=\"og:locale\" content=\"de_DE\" \/>\n<meta property=\"og:type\" content=\"article\" \/>\n<meta property=\"og:title\" content=\"Leicht-Reiseschlafsack Cocoon \u00e4gyptische Baumwolle 220 x 90 cm Farbe khaki - Bantam Camping AG\" \/>\n<meta property=\"og:description\" content=\"Extrem leichter und ger\u00e4umiger Leicht-Reiseschlafsack oder Innenschlafsack zur Verwendung in Hotels, Jugendherbergen, auf Bergh\u00fctten und Booten.Die \u00e4gyptische Baumwolle ist eine seltene, besonders langfasrige Baumwolle, die sich zu extrem feinem Garn verspinnen l\u00e4sst. Der von uns daraus gewebte Stoff ist weicher und wesentlich leichter als normale Baumwolle und sehr strapazierf\u00e4hig. Ausstattung und Funktionen: Seiteneinstieg mit Klettverschluss [&hellip;]\" \/>\n<meta property=\"og:url\" content=\"https:\/\/shop.bantam.ch\/de\/produkt\/leicht-reiseschlafsack-220-x-90-cm-khaki-aegyptische-baumwolle\/\" \/>\n<meta property=\"og:site_name\" content=\"Bantam Camping AG\" \/>\n<meta property=\"article:modified_time\" content=\"2026-04-18T19:14:39+00:00\" \/>\n<meta property=\"og:image\" content=\"https:\/\/shop.bantam.ch\/wp-content\/uploads\/2023\/02\/995317211.jpg\" \/>\n\t<meta property=\"og:image:width\" content=\"445\" \/>\n\t<meta property=\"og:image:height\" content=\"1000\" \/>\n\t<meta property=\"og:image:type\" content=\"image\/jpeg\" \/>\n<meta name=\"twitter:card\" content=\"summary_large_image\" \/>\n<script type=\"application\/ld+json\" class=\"yoast-schema-graph\">{\"@context\":\"https:\\\/\\\/schema.org\",\"@graph\":[{\"@type\":\"WebPage\",\"@id\":\"https:\\\/\\\/shop.bantam.ch\\\/de\\\/produkt\\\/leicht-reiseschlafsack-220-x-90-cm-khaki-aegyptische-baumwolle\\\/\",\"url\":\"https:\\\/\\\/shop.bantam.ch\\\/de\\\/produkt\\\/leicht-reiseschlafsack-220-x-90-cm-khaki-aegyptische-baumwolle\\\/\",\"name\":\"Leicht-Reiseschlafsack Cocoon \u00e4gyptische Baumwolle 220 x 90 cm Farbe khaki - Bantam Camping AG\",\"isPartOf\":{\"@id\":\"https:\\\/\\\/shop.bantam.ch\\\/de\\\/#website\"},\"primaryImageOfPage\":{\"@id\":\"https:\\\/\\\/shop.bantam.ch\\\/de\\\/produkt\\\/leicht-reiseschlafsack-220-x-90-cm-khaki-aegyptische-baumwolle\\\/#primaryimage\"},\"image\":{\"@id\":\"https:\\\/\\\/shop.bantam.ch\\\/de\\\/produkt\\\/leicht-reiseschlafsack-220-x-90-cm-khaki-aegyptische-baumwolle\\\/#primaryimage\"},\"thumbnailUrl\":\"https:\\\/\\\/shop.bantam.ch\\\/wp-content\\\/uploads\\\/2023\\\/02\\\/995317211.jpg\",\"datePublished\":\"2023-02-27T19:45:27+00:00\",\"dateModified\":\"2026-04-18T19:14:39+00:00\",\"breadcrumb\":{\"@id\":\"https:\\\/\\\/shop.bantam.ch\\\/de\\\/produkt\\\/leicht-reiseschlafsack-220-x-90-cm-khaki-aegyptische-baumwolle\\\/#breadcrumb\"},\"inLanguage\":\"de\",\"potentialAction\":[{\"@type\":\"ReadAction\",\"target\":[\"https:\\\/\\\/shop.bantam.ch\\\/de\\\/produkt\\\/leicht-reiseschlafsack-220-x-90-cm-khaki-aegyptische-baumwolle\\\/\"]}]},{\"@type\":\"ImageObject\",\"inLanguage\":\"de\",\"@id\":\"https:\\\/\\\/shop.bantam.ch\\\/de\\\/produkt\\\/leicht-reiseschlafsack-220-x-90-cm-khaki-aegyptische-baumwolle\\\/#primaryimage\",\"url\":\"https:\\\/\\\/shop.bantam.ch\\\/wp-content\\\/uploads\\\/2023\\\/02\\\/995317211.jpg\",\"contentUrl\":\"https:\\\/\\\/shop.bantam.ch\\\/wp-content\\\/uploads\\\/2023\\\/02\\\/995317211.jpg\",\"width\":445,\"height\":1000},{\"@type\":\"BreadcrumbList\",\"@id\":\"https:\\\/\\\/shop.bantam.ch\\\/de\\\/produkt\\\/leicht-reiseschlafsack-220-x-90-cm-khaki-aegyptische-baumwolle\\\/#breadcrumb\",\"itemListElement\":[{\"@type\":\"ListItem\",\"position\":1,\"name\":\"Accueil\",\"item\":\"https:\\\/\\\/shop.bantam.ch\\\/de\\\/\"},{\"@type\":\"ListItem\",\"position\":2,\"name\":\"Shop\",\"item\":\"https:\\\/\\\/shop.bantam.ch\\\/de\\\/shop\\\/\"},{\"@type\":\"ListItem\",\"position\":3,\"name\":\"Leicht-Reiseschlafsack Cocoon \u00e4gyptische Baumwolle 220 x 90 cm Farbe khaki\"}]},{\"@type\":\"WebSite\",\"@id\":\"https:\\\/\\\/shop.bantam.ch\\\/de\\\/#website\",\"url\":\"https:\\\/\\\/shop.bantam.ch\\\/de\\\/\",\"name\":\"Bantam Camping AG\",\"description\":\"\",\"publisher\":{\"@id\":\"https:\\\/\\\/shop.bantam.ch\\\/de\\\/#organization\"},\"inLanguage\":\"de\"},{\"@type\":\"Organization\",\"@id\":\"https:\\\/\\\/shop.bantam.ch\\\/de\\\/#organization\",\"name\":\"Bantam Camping AG\",\"url\":\"https:\\\/\\\/shop.bantam.ch\\\/de\\\/\",\"logo\":{\"@type\":\"ImageObject\",\"inLanguage\":\"de\",\"@id\":\"https:\\\/\\\/shop.bantam.ch\\\/de\\\/#\\\/schema\\\/logo\\\/image\\\/\",\"url\":\"https:\\\/\\\/shop.bantam.ch\\\/wp-content\\\/uploads\\\/2022\\\/12\\\/bantam-logo.png\",\"contentUrl\":\"https:\\\/\\\/shop.bantam.ch\\\/wp-content\\\/uploads\\\/2022\\\/12\\\/bantam-logo.png\",\"width\":320,\"height\":71,\"caption\":\"Bantam Camping AG\"},\"image\":{\"@id\":\"https:\\\/\\\/shop.bantam.ch\\\/de\\\/#\\\/schema\\\/logo\\\/image\\\/\"}}]}<\/script>\n<!-- \/ Yoast SEO plugin. -->","yoast_head_json":{"title":"Leicht-Reiseschlafsack Cocoon \u00e4gyptische Baumwolle 220 x 90 cm Farbe khaki - Bantam Camping AG","robots":{"index":"index","follow":"follow","max-snippet":"max-snippet:-1","max-image-preview":"max-image-preview:large","max-video-preview":"max-video-preview:-1"},"canonical":"https:\/\/shop.bantam.ch\/de\/produkt\/leicht-reiseschlafsack-220-x-90-cm-khaki-aegyptische-baumwolle\/","og_locale":"de_DE","og_type":"article","og_title":"Leicht-Reiseschlafsack Cocoon \u00e4gyptische Baumwolle 220 x 90 cm Farbe khaki - Bantam Camping AG","og_description":"Extrem leichter und ger\u00e4umiger Leicht-Reiseschlafsack oder Innenschlafsack zur Verwendung in Hotels, Jugendherbergen, auf Bergh\u00fctten und Booten.Die \u00e4gyptische Baumwolle ist eine seltene, besonders langfasrige Baumwolle, die sich zu extrem feinem Garn verspinnen l\u00e4sst. Der von uns daraus gewebte Stoff ist weicher und wesentlich leichter als normale Baumwolle und sehr strapazierf\u00e4hig. Ausstattung und Funktionen: Seiteneinstieg mit Klettverschluss [&hellip;]","og_url":"https:\/\/shop.bantam.ch\/de\/produkt\/leicht-reiseschlafsack-220-x-90-cm-khaki-aegyptische-baumwolle\/","og_site_name":"Bantam Camping AG","article_modified_time":"2026-04-18T19:14:39+00:00","og_image":[{"width":445,"height":1000,"url":"https:\/\/shop.bantam.ch\/wp-content\/uploads\/2023\/02\/995317211.jpg","type":"image\/jpeg"}],"twitter_card":"summary_large_image","schema":{"@context":"https:\/\/schema.org","@graph":[{"@type":"WebPage","@id":"https:\/\/shop.bantam.ch\/de\/produkt\/leicht-reiseschlafsack-220-x-90-cm-khaki-aegyptische-baumwolle\/","url":"https:\/\/shop.bantam.ch\/de\/produkt\/leicht-reiseschlafsack-220-x-90-cm-khaki-aegyptische-baumwolle\/","name":"Leicht-Reiseschlafsack Cocoon \u00e4gyptische Baumwolle 220 x 90 cm Farbe khaki - Bantam Camping AG","isPartOf":{"@id":"https:\/\/shop.bantam.ch\/de\/#website"},"primaryImageOfPage":{"@id":"https:\/\/shop.bantam.ch\/de\/produkt\/leicht-reiseschlafsack-220-x-90-cm-khaki-aegyptische-baumwolle\/#primaryimage"},"image":{"@id":"https:\/\/shop.bantam.ch\/de\/produkt\/leicht-reiseschlafsack-220-x-90-cm-khaki-aegyptische-baumwolle\/#primaryimage"},"thumbnailUrl":"https:\/\/shop.bantam.ch\/wp-content\/uploads\/2023\/02\/995317211.jpg","datePublished":"2023-02-27T19:45:27+00:00","dateModified":"2026-04-18T19:14:39+00:00","breadcrumb":{"@id":"https:\/\/shop.bantam.ch\/de\/produkt\/leicht-reiseschlafsack-220-x-90-cm-khaki-aegyptische-baumwolle\/#breadcrumb"},"inLanguage":"de","potentialAction":[{"@type":"ReadAction","target":["https:\/\/shop.bantam.ch\/de\/produkt\/leicht-reiseschlafsack-220-x-90-cm-khaki-aegyptische-baumwolle\/"]}]},{"@type":"ImageObject","inLanguage":"de","@id":"https:\/\/shop.bantam.ch\/de\/produkt\/leicht-reiseschlafsack-220-x-90-cm-khaki-aegyptische-baumwolle\/#primaryimage","url":"https:\/\/shop.bantam.ch\/wp-content\/uploads\/2023\/02\/995317211.jpg","contentUrl":"https:\/\/shop.bantam.ch\/wp-content\/uploads\/2023\/02\/995317211.jpg","width":445,"height":1000},{"@type":"BreadcrumbList","@id":"https:\/\/shop.bantam.ch\/de\/produkt\/leicht-reiseschlafsack-220-x-90-cm-khaki-aegyptische-baumwolle\/#breadcrumb","itemListElement":[{"@type":"ListItem","position":1,"name":"Accueil","item":"https:\/\/shop.bantam.ch\/de\/"},{"@type":"ListItem","position":2,"name":"Shop","item":"https:\/\/shop.bantam.ch\/de\/shop\/"},{"@type":"ListItem","position":3,"name":"Leicht-Reiseschlafsack Cocoon \u00e4gyptische Baumwolle 220 x 90 cm Farbe khaki"}]},{"@type":"WebSite","@id":"https:\/\/shop.bantam.ch\/de\/#website","url":"https:\/\/shop.bantam.ch\/de\/","name":"Bantam Camping AG","description":"","publisher":{"@id":"https:\/\/shop.bantam.ch\/de\/#organization"},"inLanguage":"de"},{"@type":"Organization","@id":"https:\/\/shop.bantam.ch\/de\/#organization","name":"Bantam Camping AG","url":"https:\/\/shop.bantam.ch\/de\/","logo":{"@type":"ImageObject","inLanguage":"de","@id":"https:\/\/shop.bantam.ch\/de\/#\/schema\/logo\/image\/","url":"https:\/\/shop.bantam.ch\/wp-content\/uploads\/2022\/12\/bantam-logo.png","contentUrl":"https:\/\/shop.bantam.ch\/wp-content\/uploads\/2022\/12\/bantam-logo.png","width":320,"height":71,"caption":"Bantam Camping AG"},"image":{"@id":"https:\/\/shop.bantam.ch\/de\/#\/schema\/logo\/image\/"}}]}},"_links":{"self":[{"href":"https:\/\/shop.bantam.ch\/de\/wp-json\/wp\/v2\/product\/70142","targetHints":{"allow":["GET"]}}],"collection":[{"href":"https:\/\/shop.bantam.ch\/de\/wp-json\/wp\/v2\/product"}],"about":[{"href":"https:\/\/shop.bantam.ch\/de\/wp-json\/wp\/v2\/types\/product"}],"wp:featuredmedia":[{"embeddable":true,"href":"https:\/\/shop.bantam.ch\/de\/wp-json\/wp\/v2\/media\/70140"}],"wp:attachment":[{"href":"https:\/\/shop.bantam.ch\/de\/wp-json\/wp\/v2\/media?parent=70142"}],"wp:term":[{"taxonomy":"product_featured_cat","embeddable":true,"href":"https:\/\/shop.bantam.ch\/de\/wp-json\/wp\/v2\/product_featured_cat?post=70142"},{"taxonomy":"product_brand","embeddable":true,"href":"https:\/\/shop.bantam.ch\/de\/wp-json\/wp\/v2\/product_brand?post=70142"},{"taxonomy":"product_cat","embeddable":true,"href":"https:\/\/shop.bantam.ch\/de\/wp-json\/wp\/v2\/product_cat?post=70142"},{"taxonomy":"product_tag","embeddable":true,"href":"https:\/\/shop.bantam.ch\/de\/wp-json\/wp\/v2\/product_tag?post=70142"}],"curies":[{"name":"wp","href":"https:\/\/api.w.org\/{rel}","templated":true}]}}