{"id":70138,"date":"2023-02-27T20:45:22","date_gmt":"2023-02-27T19:45:22","guid":{"rendered":"http:\/\/shop.bantam.ch\/produit\/spiel-8-reise-spiele-magnetisch\/"},"modified":"2026-04-22T21:14:36","modified_gmt":"2026-04-22T19:14:36","slug":"spiel-8-reise-spiele-magnetisch","status":"publish","type":"product","link":"https:\/\/shop.bantam.ch\/de\/produkt\/spiel-8-reise-spiele-magnetisch\/","title":{"rendered":"Spiel Schmidt 8 Reise &#8211; Spiele magnetisch"},"content":{"rendered":"<p>Ganz sch\u00f6n anziehend: F\u00fcr unterwegs gibt&#8217;s die magnetische Spielesammlung mit auswechselbaren Spielpl\u00e4nen. Das bringt gleich achtfachen Spa\u00df &#8211; egal ob M\u00fchle, Dame, Schach, Halma, G\u00e4nsespiel, Solitaire, F\u00fcnf in einer Reihe oder das beliebte Mensch \u00e0\u201ergere dich nicht. Das klappbare Spielbrett bietet Platz f\u00fcrs Spielmaterial und h\u00e4lt alles gut zusammen.<\/p>\n","protected":false},"excerpt":{"rendered":"<p>Ganz sch\u00f6n anziehend: F\u00fcr unterwegs gibt&#8217;s die magnetische Spielesammlung mit auswechselbaren Spielpl\u00e4nen. Das bringt gleich achtfachen Spa\u00df &#8211; egal ob M\u00fchle, Dame, Schach, Halma, G\u00e4nsespiel, Solitaire, F\u00fcnf in einer Reihe oder das beliebte Mensch \u00e0\u201ergere dich nicht. Das klappbare Spielbrett bietet Platz f\u00fcrs Spielmaterial und h\u00e4lt alles gut zusammen.<\/p>\n","protected":false},"featured_media":70134,"template":"","meta":{"_acf_changed":false},"product_featured_cat":[],"product_brand":[3263],"product_cat":[4456],"product_tag":[],"class_list":{"0":"post-70138","1":"product","2":"type-product","3":"status-publish","4":"has-post-thumbnail","6":"product_brand-schmidt-de","7":"product_cat-gesellschaftsspiele","9":"first","10":"instock","11":"taxable","12":"shipping-taxable","13":"purchasable","14":"product-type-simple"},"acf":[],"yoast_head":"<!-- This site is optimized with the Yoast SEO plugin v27.4 - https:\/\/yoast.com\/product\/yoast-seo-wordpress\/ -->\n<title>Spiel Schmidt 8 Reise - Spiele magnetisch - Bantam Camping AG<\/title>\n<meta name=\"robots\" content=\"index, follow, max-snippet:-1, max-image-preview:large, max-video-preview:-1\" \/>\n<link rel=\"canonical\" href=\"https:\/\/shop.bantam.ch\/de\/produkt\/spiel-8-reise-spiele-magnetisch\/\" \/>\n<meta property=\"og:locale\" content=\"de_DE\" \/>\n<meta property=\"og:type\" content=\"article\" \/>\n<meta property=\"og:title\" content=\"Spiel Schmidt 8 Reise - Spiele magnetisch - Bantam Camping AG\" \/>\n<meta property=\"og:description\" content=\"Ganz sch\u00f6n anziehend: F\u00fcr unterwegs gibt&#8217;s die magnetische Spielesammlung mit auswechselbaren Spielpl\u00e4nen. Das bringt gleich achtfachen Spa\u00df &#8211; egal ob M\u00fchle, Dame, Schach, Halma, G\u00e4nsespiel, Solitaire, F\u00fcnf in einer Reihe oder das beliebte Mensch \u00e0\u201ergere dich nicht. Das klappbare Spielbrett bietet Platz f\u00fcrs Spielmaterial und h\u00e4lt alles gut zusammen.\" \/>\n<meta property=\"og:url\" content=\"https:\/\/shop.bantam.ch\/de\/produkt\/spiel-8-reise-spiele-magnetisch\/\" \/>\n<meta property=\"og:site_name\" content=\"Bantam Camping AG\" \/>\n<meta property=\"article:modified_time\" content=\"2026-04-22T19:14:36+00:00\" \/>\n<meta property=\"og:image\" content=\"https:\/\/shop.bantam.ch\/wp-content\/uploads\/2023\/02\/993124411.jpg\" \/>\n\t<meta property=\"og:image:width\" content=\"595\" \/>\n\t<meta property=\"og:image:height\" content=\"1000\" \/>\n\t<meta property=\"og:image:type\" content=\"image\/jpeg\" \/>\n<meta name=\"twitter:card\" content=\"summary_large_image\" \/>\n<script type=\"application\/ld+json\" class=\"yoast-schema-graph\">{\"@context\":\"https:\\\/\\\/schema.org\",\"@graph\":[{\"@type\":\"WebPage\",\"@id\":\"https:\\\/\\\/shop.bantam.ch\\\/de\\\/produkt\\\/spiel-8-reise-spiele-magnetisch\\\/\",\"url\":\"https:\\\/\\\/shop.bantam.ch\\\/de\\\/produkt\\\/spiel-8-reise-spiele-magnetisch\\\/\",\"name\":\"Spiel Schmidt 8 Reise - Spiele magnetisch - Bantam Camping AG\",\"isPartOf\":{\"@id\":\"https:\\\/\\\/shop.bantam.ch\\\/de\\\/#website\"},\"primaryImageOfPage\":{\"@id\":\"https:\\\/\\\/shop.bantam.ch\\\/de\\\/produkt\\\/spiel-8-reise-spiele-magnetisch\\\/#primaryimage\"},\"image\":{\"@id\":\"https:\\\/\\\/shop.bantam.ch\\\/de\\\/produkt\\\/spiel-8-reise-spiele-magnetisch\\\/#primaryimage\"},\"thumbnailUrl\":\"https:\\\/\\\/shop.bantam.ch\\\/wp-content\\\/uploads\\\/2023\\\/02\\\/993124411.jpg\",\"datePublished\":\"2023-02-27T19:45:22+00:00\",\"dateModified\":\"2026-04-22T19:14:36+00:00\",\"breadcrumb\":{\"@id\":\"https:\\\/\\\/shop.bantam.ch\\\/de\\\/produkt\\\/spiel-8-reise-spiele-magnetisch\\\/#breadcrumb\"},\"inLanguage\":\"de\",\"potentialAction\":[{\"@type\":\"ReadAction\",\"target\":[\"https:\\\/\\\/shop.bantam.ch\\\/de\\\/produkt\\\/spiel-8-reise-spiele-magnetisch\\\/\"]}]},{\"@type\":\"ImageObject\",\"inLanguage\":\"de\",\"@id\":\"https:\\\/\\\/shop.bantam.ch\\\/de\\\/produkt\\\/spiel-8-reise-spiele-magnetisch\\\/#primaryimage\",\"url\":\"https:\\\/\\\/shop.bantam.ch\\\/wp-content\\\/uploads\\\/2023\\\/02\\\/993124411.jpg\",\"contentUrl\":\"https:\\\/\\\/shop.bantam.ch\\\/wp-content\\\/uploads\\\/2023\\\/02\\\/993124411.jpg\",\"width\":595,\"height\":1000},{\"@type\":\"BreadcrumbList\",\"@id\":\"https:\\\/\\\/shop.bantam.ch\\\/de\\\/produkt\\\/spiel-8-reise-spiele-magnetisch\\\/#breadcrumb\",\"itemListElement\":[{\"@type\":\"ListItem\",\"position\":1,\"name\":\"Accueil\",\"item\":\"https:\\\/\\\/shop.bantam.ch\\\/de\\\/\"},{\"@type\":\"ListItem\",\"position\":2,\"name\":\"Shop\",\"item\":\"https:\\\/\\\/shop.bantam.ch\\\/de\\\/shop\\\/\"},{\"@type\":\"ListItem\",\"position\":3,\"name\":\"Spiel Schmidt 8 Reise &#8211; Spiele magnetisch\"}]},{\"@type\":\"WebSite\",\"@id\":\"https:\\\/\\\/shop.bantam.ch\\\/de\\\/#website\",\"url\":\"https:\\\/\\\/shop.bantam.ch\\\/de\\\/\",\"name\":\"Bantam Camping AG\",\"description\":\"\",\"publisher\":{\"@id\":\"https:\\\/\\\/shop.bantam.ch\\\/de\\\/#organization\"},\"inLanguage\":\"de\"},{\"@type\":\"Organization\",\"@id\":\"https:\\\/\\\/shop.bantam.ch\\\/de\\\/#organization\",\"name\":\"Bantam Camping AG\",\"url\":\"https:\\\/\\\/shop.bantam.ch\\\/de\\\/\",\"logo\":{\"@type\":\"ImageObject\",\"inLanguage\":\"de\",\"@id\":\"https:\\\/\\\/shop.bantam.ch\\\/de\\\/#\\\/schema\\\/logo\\\/image\\\/\",\"url\":\"https:\\\/\\\/shop.bantam.ch\\\/wp-content\\\/uploads\\\/2022\\\/12\\\/bantam-logo.png\",\"contentUrl\":\"https:\\\/\\\/shop.bantam.ch\\\/wp-content\\\/uploads\\\/2022\\\/12\\\/bantam-logo.png\",\"width\":320,\"height\":71,\"caption\":\"Bantam Camping AG\"},\"image\":{\"@id\":\"https:\\\/\\\/shop.bantam.ch\\\/de\\\/#\\\/schema\\\/logo\\\/image\\\/\"}}]}<\/script>\n<!-- \/ Yoast SEO plugin. -->","yoast_head_json":{"title":"Spiel Schmidt 8 Reise - Spiele magnetisch - Bantam Camping AG","robots":{"index":"index","follow":"follow","max-snippet":"max-snippet:-1","max-image-preview":"max-image-preview:large","max-video-preview":"max-video-preview:-1"},"canonical":"https:\/\/shop.bantam.ch\/de\/produkt\/spiel-8-reise-spiele-magnetisch\/","og_locale":"de_DE","og_type":"article","og_title":"Spiel Schmidt 8 Reise - Spiele magnetisch - Bantam Camping AG","og_description":"Ganz sch\u00f6n anziehend: F\u00fcr unterwegs gibt&#8217;s die magnetische Spielesammlung mit auswechselbaren Spielpl\u00e4nen. Das bringt gleich achtfachen Spa\u00df &#8211; egal ob M\u00fchle, Dame, Schach, Halma, G\u00e4nsespiel, Solitaire, F\u00fcnf in einer Reihe oder das beliebte Mensch \u00e0\u201ergere dich nicht. Das klappbare Spielbrett bietet Platz f\u00fcrs Spielmaterial und h\u00e4lt alles gut zusammen.","og_url":"https:\/\/shop.bantam.ch\/de\/produkt\/spiel-8-reise-spiele-magnetisch\/","og_site_name":"Bantam Camping AG","article_modified_time":"2026-04-22T19:14:36+00:00","og_image":[{"width":595,"height":1000,"url":"https:\/\/shop.bantam.ch\/wp-content\/uploads\/2023\/02\/993124411.jpg","type":"image\/jpeg"}],"twitter_card":"summary_large_image","schema":{"@context":"https:\/\/schema.org","@graph":[{"@type":"WebPage","@id":"https:\/\/shop.bantam.ch\/de\/produkt\/spiel-8-reise-spiele-magnetisch\/","url":"https:\/\/shop.bantam.ch\/de\/produkt\/spiel-8-reise-spiele-magnetisch\/","name":"Spiel Schmidt 8 Reise - Spiele magnetisch - Bantam Camping AG","isPartOf":{"@id":"https:\/\/shop.bantam.ch\/de\/#website"},"primaryImageOfPage":{"@id":"https:\/\/shop.bantam.ch\/de\/produkt\/spiel-8-reise-spiele-magnetisch\/#primaryimage"},"image":{"@id":"https:\/\/shop.bantam.ch\/de\/produkt\/spiel-8-reise-spiele-magnetisch\/#primaryimage"},"thumbnailUrl":"https:\/\/shop.bantam.ch\/wp-content\/uploads\/2023\/02\/993124411.jpg","datePublished":"2023-02-27T19:45:22+00:00","dateModified":"2026-04-22T19:14:36+00:00","breadcrumb":{"@id":"https:\/\/shop.bantam.ch\/de\/produkt\/spiel-8-reise-spiele-magnetisch\/#breadcrumb"},"inLanguage":"de","potentialAction":[{"@type":"ReadAction","target":["https:\/\/shop.bantam.ch\/de\/produkt\/spiel-8-reise-spiele-magnetisch\/"]}]},{"@type":"ImageObject","inLanguage":"de","@id":"https:\/\/shop.bantam.ch\/de\/produkt\/spiel-8-reise-spiele-magnetisch\/#primaryimage","url":"https:\/\/shop.bantam.ch\/wp-content\/uploads\/2023\/02\/993124411.jpg","contentUrl":"https:\/\/shop.bantam.ch\/wp-content\/uploads\/2023\/02\/993124411.jpg","width":595,"height":1000},{"@type":"BreadcrumbList","@id":"https:\/\/shop.bantam.ch\/de\/produkt\/spiel-8-reise-spiele-magnetisch\/#breadcrumb","itemListElement":[{"@type":"ListItem","position":1,"name":"Accueil","item":"https:\/\/shop.bantam.ch\/de\/"},{"@type":"ListItem","position":2,"name":"Shop","item":"https:\/\/shop.bantam.ch\/de\/shop\/"},{"@type":"ListItem","position":3,"name":"Spiel Schmidt 8 Reise &#8211; Spiele magnetisch"}]},{"@type":"WebSite","@id":"https:\/\/shop.bantam.ch\/de\/#website","url":"https:\/\/shop.bantam.ch\/de\/","name":"Bantam Camping AG","description":"","publisher":{"@id":"https:\/\/shop.bantam.ch\/de\/#organization"},"inLanguage":"de"},{"@type":"Organization","@id":"https:\/\/shop.bantam.ch\/de\/#organization","name":"Bantam Camping AG","url":"https:\/\/shop.bantam.ch\/de\/","logo":{"@type":"ImageObject","inLanguage":"de","@id":"https:\/\/shop.bantam.ch\/de\/#\/schema\/logo\/image\/","url":"https:\/\/shop.bantam.ch\/wp-content\/uploads\/2022\/12\/bantam-logo.png","contentUrl":"https:\/\/shop.bantam.ch\/wp-content\/uploads\/2022\/12\/bantam-logo.png","width":320,"height":71,"caption":"Bantam Camping AG"},"image":{"@id":"https:\/\/shop.bantam.ch\/de\/#\/schema\/logo\/image\/"}}]}},"_links":{"self":[{"href":"https:\/\/shop.bantam.ch\/de\/wp-json\/wp\/v2\/product\/70138","targetHints":{"allow":["GET"]}}],"collection":[{"href":"https:\/\/shop.bantam.ch\/de\/wp-json\/wp\/v2\/product"}],"about":[{"href":"https:\/\/shop.bantam.ch\/de\/wp-json\/wp\/v2\/types\/product"}],"wp:featuredmedia":[{"embeddable":true,"href":"https:\/\/shop.bantam.ch\/de\/wp-json\/wp\/v2\/media\/70134"}],"wp:attachment":[{"href":"https:\/\/shop.bantam.ch\/de\/wp-json\/wp\/v2\/media?parent=70138"}],"wp:term":[{"taxonomy":"product_featured_cat","embeddable":true,"href":"https:\/\/shop.bantam.ch\/de\/wp-json\/wp\/v2\/product_featured_cat?post=70138"},{"taxonomy":"product_brand","embeddable":true,"href":"https:\/\/shop.bantam.ch\/de\/wp-json\/wp\/v2\/product_brand?post=70138"},{"taxonomy":"product_cat","embeddable":true,"href":"https:\/\/shop.bantam.ch\/de\/wp-json\/wp\/v2\/product_cat?post=70138"},{"taxonomy":"product_tag","embeddable":true,"href":"https:\/\/shop.bantam.ch\/de\/wp-json\/wp\/v2\/product_tag?post=70138"}],"curies":[{"name":"wp","href":"https:\/\/api.w.org\/{rel}","templated":true}]}}