{"id":70068,"date":"2023-02-27T20:44:15","date_gmt":"2023-02-27T19:44:15","guid":{"rendered":"http:\/\/shop.bantam.ch\/produit\/brotkorb-brunch-eckig-schwarz\/"},"modified":"2026-04-23T21:13:38","modified_gmt":"2026-04-23T19:13:38","slug":"brotkorb-brunch-eckig-schwarz","status":"publish","type":"product","link":"https:\/\/shop.bantam.ch\/de\/produkt\/brotkorb-brunch-eckig-schwarz\/","title":{"rendered":"Brotkorb Gefu Brunch eckig Fb. schwarz"},"content":{"rendered":"<p>In einem stylish-schlichten Edelstahl-Gestell bietet der schwarze Baumwoll-Einsatz den schicken Rahmen, um Brot und Br\u00f6tchen appetitlich zu servieren. Ob bei Fr\u00fchst\u00fcck, Brunch oder abendlicher Brotzeit. Das Auge isst mit!<\/p>\n<ul>\n<li>Zum appetitlichen Servieren von Brot und Br\u00f6tchen<\/li>\n<li>Gestell sp\u00fclmaschinengeeignet<\/li>\n<li>Stoff-Einsatz waschbar bis 30 \u00b0C<\/li>\n<\/ul>\n<p>\u00a0<\/p>\n<p>Material:<br \/>Hochwertiger Edelstahl<br \/>100 % Baumwolle<\/p>\n","protected":false},"excerpt":{"rendered":"<p>In einem stylish-schlichten Edelstahl-Gestell bietet der schwarze Baumwoll-Einsatz den schicken Rahmen, um Brot und Br\u00f6tchen appetitlich zu servieren. Ob bei Fr\u00fchst\u00fcck, Brunch oder abendlicher Brotzeit. Das Auge isst mit! Zum appetitlichen Servieren von Brot und Br\u00f6tchen Gestell sp\u00fclmaschinengeeignet Stoff-Einsatz waschbar bis 30 \u00b0C \u00a0 Material:Hochwertiger Edelstahl100 % Baumwolle<\/p>\n","protected":false},"featured_media":70066,"template":"","meta":{"_acf_changed":false},"product_featured_cat":[],"product_brand":[3343],"product_cat":[4286],"product_tag":[],"class_list":{"0":"post-70068","1":"product","2":"type-product","3":"status-publish","4":"has-post-thumbnail","6":"product_brand-gefu-de","7":"product_cat-kuechenhelfer","9":"first","10":"instock","11":"taxable","12":"shipping-taxable","13":"purchasable","14":"product-type-simple"},"acf":[],"yoast_head":"<!-- This site is optimized with the Yoast SEO plugin v27.4 - https:\/\/yoast.com\/product\/yoast-seo-wordpress\/ -->\n<title>Brotkorb Gefu Brunch eckig Fb. schwarz - Bantam Camping AG<\/title>\n<meta name=\"robots\" content=\"index, follow, max-snippet:-1, max-image-preview:large, max-video-preview:-1\" \/>\n<link rel=\"canonical\" href=\"https:\/\/shop.bantam.ch\/de\/produkt\/brotkorb-brunch-eckig-schwarz\/\" \/>\n<meta property=\"og:locale\" content=\"de_DE\" \/>\n<meta property=\"og:type\" content=\"article\" \/>\n<meta property=\"og:title\" content=\"Brotkorb Gefu Brunch eckig Fb. schwarz - Bantam Camping AG\" \/>\n<meta property=\"og:description\" content=\"In einem stylish-schlichten Edelstahl-Gestell bietet der schwarze Baumwoll-Einsatz den schicken Rahmen, um Brot und Br\u00f6tchen appetitlich zu servieren. Ob bei Fr\u00fchst\u00fcck, Brunch oder abendlicher Brotzeit. Das Auge isst mit! Zum appetitlichen Servieren von Brot und Br\u00f6tchen Gestell sp\u00fclmaschinengeeignet Stoff-Einsatz waschbar bis 30 \u00b0C \u00a0 Material:Hochwertiger Edelstahl100 % Baumwolle\" \/>\n<meta property=\"og:url\" content=\"https:\/\/shop.bantam.ch\/de\/produkt\/brotkorb-brunch-eckig-schwarz\/\" \/>\n<meta property=\"og:site_name\" content=\"Bantam Camping AG\" \/>\n<meta property=\"article:modified_time\" content=\"2026-04-23T19:13:38+00:00\" \/>\n<meta property=\"og:image\" content=\"https:\/\/shop.bantam.ch\/wp-content\/uploads\/2023\/02\/994124211.jpg\" \/>\n\t<meta property=\"og:image:width\" content=\"1000\" \/>\n\t<meta property=\"og:image:height\" content=\"1000\" \/>\n\t<meta property=\"og:image:type\" content=\"image\/jpeg\" \/>\n<meta name=\"twitter:card\" content=\"summary_large_image\" \/>\n<script type=\"application\/ld+json\" class=\"yoast-schema-graph\">{\"@context\":\"https:\\\/\\\/schema.org\",\"@graph\":[{\"@type\":\"WebPage\",\"@id\":\"https:\\\/\\\/shop.bantam.ch\\\/de\\\/produkt\\\/brotkorb-brunch-eckig-schwarz\\\/\",\"url\":\"https:\\\/\\\/shop.bantam.ch\\\/de\\\/produkt\\\/brotkorb-brunch-eckig-schwarz\\\/\",\"name\":\"Brotkorb Gefu Brunch eckig Fb. schwarz - Bantam Camping AG\",\"isPartOf\":{\"@id\":\"https:\\\/\\\/shop.bantam.ch\\\/de\\\/#website\"},\"primaryImageOfPage\":{\"@id\":\"https:\\\/\\\/shop.bantam.ch\\\/de\\\/produkt\\\/brotkorb-brunch-eckig-schwarz\\\/#primaryimage\"},\"image\":{\"@id\":\"https:\\\/\\\/shop.bantam.ch\\\/de\\\/produkt\\\/brotkorb-brunch-eckig-schwarz\\\/#primaryimage\"},\"thumbnailUrl\":\"https:\\\/\\\/shop.bantam.ch\\\/wp-content\\\/uploads\\\/2023\\\/02\\\/994124211.jpg\",\"datePublished\":\"2023-02-27T19:44:15+00:00\",\"dateModified\":\"2026-04-23T19:13:38+00:00\",\"breadcrumb\":{\"@id\":\"https:\\\/\\\/shop.bantam.ch\\\/de\\\/produkt\\\/brotkorb-brunch-eckig-schwarz\\\/#breadcrumb\"},\"inLanguage\":\"de\",\"potentialAction\":[{\"@type\":\"ReadAction\",\"target\":[\"https:\\\/\\\/shop.bantam.ch\\\/de\\\/produkt\\\/brotkorb-brunch-eckig-schwarz\\\/\"]}]},{\"@type\":\"ImageObject\",\"inLanguage\":\"de\",\"@id\":\"https:\\\/\\\/shop.bantam.ch\\\/de\\\/produkt\\\/brotkorb-brunch-eckig-schwarz\\\/#primaryimage\",\"url\":\"https:\\\/\\\/shop.bantam.ch\\\/wp-content\\\/uploads\\\/2023\\\/02\\\/994124211.jpg\",\"contentUrl\":\"https:\\\/\\\/shop.bantam.ch\\\/wp-content\\\/uploads\\\/2023\\\/02\\\/994124211.jpg\",\"width\":1000,\"height\":1000},{\"@type\":\"BreadcrumbList\",\"@id\":\"https:\\\/\\\/shop.bantam.ch\\\/de\\\/produkt\\\/brotkorb-brunch-eckig-schwarz\\\/#breadcrumb\",\"itemListElement\":[{\"@type\":\"ListItem\",\"position\":1,\"name\":\"Accueil\",\"item\":\"https:\\\/\\\/shop.bantam.ch\\\/de\\\/\"},{\"@type\":\"ListItem\",\"position\":2,\"name\":\"Shop\",\"item\":\"https:\\\/\\\/shop.bantam.ch\\\/de\\\/shop\\\/\"},{\"@type\":\"ListItem\",\"position\":3,\"name\":\"Brotkorb Gefu Brunch eckig Fb. schwarz\"}]},{\"@type\":\"WebSite\",\"@id\":\"https:\\\/\\\/shop.bantam.ch\\\/de\\\/#website\",\"url\":\"https:\\\/\\\/shop.bantam.ch\\\/de\\\/\",\"name\":\"Bantam Camping AG\",\"description\":\"\",\"publisher\":{\"@id\":\"https:\\\/\\\/shop.bantam.ch\\\/de\\\/#organization\"},\"inLanguage\":\"de\"},{\"@type\":\"Organization\",\"@id\":\"https:\\\/\\\/shop.bantam.ch\\\/de\\\/#organization\",\"name\":\"Bantam Camping AG\",\"url\":\"https:\\\/\\\/shop.bantam.ch\\\/de\\\/\",\"logo\":{\"@type\":\"ImageObject\",\"inLanguage\":\"de\",\"@id\":\"https:\\\/\\\/shop.bantam.ch\\\/de\\\/#\\\/schema\\\/logo\\\/image\\\/\",\"url\":\"https:\\\/\\\/shop.bantam.ch\\\/wp-content\\\/uploads\\\/2022\\\/12\\\/bantam-logo.png\",\"contentUrl\":\"https:\\\/\\\/shop.bantam.ch\\\/wp-content\\\/uploads\\\/2022\\\/12\\\/bantam-logo.png\",\"width\":320,\"height\":71,\"caption\":\"Bantam Camping AG\"},\"image\":{\"@id\":\"https:\\\/\\\/shop.bantam.ch\\\/de\\\/#\\\/schema\\\/logo\\\/image\\\/\"}}]}<\/script>\n<!-- \/ Yoast SEO plugin. -->","yoast_head_json":{"title":"Brotkorb Gefu Brunch eckig Fb. schwarz - Bantam Camping AG","robots":{"index":"index","follow":"follow","max-snippet":"max-snippet:-1","max-image-preview":"max-image-preview:large","max-video-preview":"max-video-preview:-1"},"canonical":"https:\/\/shop.bantam.ch\/de\/produkt\/brotkorb-brunch-eckig-schwarz\/","og_locale":"de_DE","og_type":"article","og_title":"Brotkorb Gefu Brunch eckig Fb. schwarz - Bantam Camping AG","og_description":"In einem stylish-schlichten Edelstahl-Gestell bietet der schwarze Baumwoll-Einsatz den schicken Rahmen, um Brot und Br\u00f6tchen appetitlich zu servieren. Ob bei Fr\u00fchst\u00fcck, Brunch oder abendlicher Brotzeit. Das Auge isst mit! Zum appetitlichen Servieren von Brot und Br\u00f6tchen Gestell sp\u00fclmaschinengeeignet Stoff-Einsatz waschbar bis 30 \u00b0C \u00a0 Material:Hochwertiger Edelstahl100 % Baumwolle","og_url":"https:\/\/shop.bantam.ch\/de\/produkt\/brotkorb-brunch-eckig-schwarz\/","og_site_name":"Bantam Camping AG","article_modified_time":"2026-04-23T19:13:38+00:00","og_image":[{"width":1000,"height":1000,"url":"https:\/\/shop.bantam.ch\/wp-content\/uploads\/2023\/02\/994124211.jpg","type":"image\/jpeg"}],"twitter_card":"summary_large_image","schema":{"@context":"https:\/\/schema.org","@graph":[{"@type":"WebPage","@id":"https:\/\/shop.bantam.ch\/de\/produkt\/brotkorb-brunch-eckig-schwarz\/","url":"https:\/\/shop.bantam.ch\/de\/produkt\/brotkorb-brunch-eckig-schwarz\/","name":"Brotkorb Gefu Brunch eckig Fb. schwarz - Bantam Camping AG","isPartOf":{"@id":"https:\/\/shop.bantam.ch\/de\/#website"},"primaryImageOfPage":{"@id":"https:\/\/shop.bantam.ch\/de\/produkt\/brotkorb-brunch-eckig-schwarz\/#primaryimage"},"image":{"@id":"https:\/\/shop.bantam.ch\/de\/produkt\/brotkorb-brunch-eckig-schwarz\/#primaryimage"},"thumbnailUrl":"https:\/\/shop.bantam.ch\/wp-content\/uploads\/2023\/02\/994124211.jpg","datePublished":"2023-02-27T19:44:15+00:00","dateModified":"2026-04-23T19:13:38+00:00","breadcrumb":{"@id":"https:\/\/shop.bantam.ch\/de\/produkt\/brotkorb-brunch-eckig-schwarz\/#breadcrumb"},"inLanguage":"de","potentialAction":[{"@type":"ReadAction","target":["https:\/\/shop.bantam.ch\/de\/produkt\/brotkorb-brunch-eckig-schwarz\/"]}]},{"@type":"ImageObject","inLanguage":"de","@id":"https:\/\/shop.bantam.ch\/de\/produkt\/brotkorb-brunch-eckig-schwarz\/#primaryimage","url":"https:\/\/shop.bantam.ch\/wp-content\/uploads\/2023\/02\/994124211.jpg","contentUrl":"https:\/\/shop.bantam.ch\/wp-content\/uploads\/2023\/02\/994124211.jpg","width":1000,"height":1000},{"@type":"BreadcrumbList","@id":"https:\/\/shop.bantam.ch\/de\/produkt\/brotkorb-brunch-eckig-schwarz\/#breadcrumb","itemListElement":[{"@type":"ListItem","position":1,"name":"Accueil","item":"https:\/\/shop.bantam.ch\/de\/"},{"@type":"ListItem","position":2,"name":"Shop","item":"https:\/\/shop.bantam.ch\/de\/shop\/"},{"@type":"ListItem","position":3,"name":"Brotkorb Gefu Brunch eckig Fb. schwarz"}]},{"@type":"WebSite","@id":"https:\/\/shop.bantam.ch\/de\/#website","url":"https:\/\/shop.bantam.ch\/de\/","name":"Bantam Camping AG","description":"","publisher":{"@id":"https:\/\/shop.bantam.ch\/de\/#organization"},"inLanguage":"de"},{"@type":"Organization","@id":"https:\/\/shop.bantam.ch\/de\/#organization","name":"Bantam Camping AG","url":"https:\/\/shop.bantam.ch\/de\/","logo":{"@type":"ImageObject","inLanguage":"de","@id":"https:\/\/shop.bantam.ch\/de\/#\/schema\/logo\/image\/","url":"https:\/\/shop.bantam.ch\/wp-content\/uploads\/2022\/12\/bantam-logo.png","contentUrl":"https:\/\/shop.bantam.ch\/wp-content\/uploads\/2022\/12\/bantam-logo.png","width":320,"height":71,"caption":"Bantam Camping AG"},"image":{"@id":"https:\/\/shop.bantam.ch\/de\/#\/schema\/logo\/image\/"}}]}},"_links":{"self":[{"href":"https:\/\/shop.bantam.ch\/de\/wp-json\/wp\/v2\/product\/70068","targetHints":{"allow":["GET"]}}],"collection":[{"href":"https:\/\/shop.bantam.ch\/de\/wp-json\/wp\/v2\/product"}],"about":[{"href":"https:\/\/shop.bantam.ch\/de\/wp-json\/wp\/v2\/types\/product"}],"wp:featuredmedia":[{"embeddable":true,"href":"https:\/\/shop.bantam.ch\/de\/wp-json\/wp\/v2\/media\/70066"}],"wp:attachment":[{"href":"https:\/\/shop.bantam.ch\/de\/wp-json\/wp\/v2\/media?parent=70068"}],"wp:term":[{"taxonomy":"product_featured_cat","embeddable":true,"href":"https:\/\/shop.bantam.ch\/de\/wp-json\/wp\/v2\/product_featured_cat?post=70068"},{"taxonomy":"product_brand","embeddable":true,"href":"https:\/\/shop.bantam.ch\/de\/wp-json\/wp\/v2\/product_brand?post=70068"},{"taxonomy":"product_cat","embeddable":true,"href":"https:\/\/shop.bantam.ch\/de\/wp-json\/wp\/v2\/product_cat?post=70068"},{"taxonomy":"product_tag","embeddable":true,"href":"https:\/\/shop.bantam.ch\/de\/wp-json\/wp\/v2\/product_tag?post=70068"}],"curies":[{"name":"wp","href":"https:\/\/api.w.org\/{rel}","templated":true}]}}